{"id":30577,"date":"2025-05-02T17:45:30","date_gmt":"2025-05-02T13:45:30","guid":{"rendered":"https:\/\/airsystems.ge\/shop\/product\/soiling-measurement\/"},"modified":"2025-05-02T17:58:44","modified_gmt":"2025-05-02T13:58:44","slug":"soiling-measurement","status":"publish","type":"product","link":"https:\/\/geoclimate.ge\/az\/product\/soiling-measurement\/","title":{"rendered":"\u00c7irkl\u0259nm\u0259nin \u00f6l\u00e7\u00fclm\u0259si"},"content":{"rendered":"<p>Buna g\u00f6r\u0259 d\u0259, \u00e7irkl\u0259nm\u0259 d\u0259r\u0259c\u0259si il\u0259 ba\u011fl\u0131 sah\u0259y\u0259 aid m\u0259lumatlar toplanmal\u0131d\u0131r. \u018fld\u0259 edil\u0259n m\u0259lumatlarla ed\u0259 bil\u0259rsiniz<\/p>\n<ul>\n<li>\u00c7irkl\u0259nm\u0259 itkil\u0259rini t\u0259hlil edin<br \/>\n\u00c7irkl\u0259nm\u0259 itkil\u0259rin\u0259 n\u0259zar\u0259t edin v\u0259 onlar\u0131n dig\u0259r sistem s\u0259viyy\u0259li m\u0259s\u0259l\u0259l\u0259r\u0259 t\u0259sirini a\u015fkar edin<br \/>\nYuma c\u0259dv\u0259ll\u0259rinin optimalla\u015fd\u0131r\u0131lmas\u0131<br \/>\nProqnoz modell\u0259ri \u00fc\u00e7\u00fcn tipik \u00e7irkl\u0259nm\u0259 d\u0259r\u0259c\u0259l\u0259rini proqnozla\u015fd\u0131r\u0131n<\/li>\n<\/ul>\n<p>G\u00fcn\u0259\u015f elektrik stansiyas\u0131n\u0131z\u0131n \u00e7irkl\u0259nm\u0259sini izl\u0259m\u0259kd\u0259 maraql\u0131s\u0131n\u0131z? Z\u0259hm\u0259t olmasa biziml\u0259 \u0259laq\u0259 saxlay\u0131n.<\/p>\n<h3>\u00c7irkl\u0259nm\u0259 \u00f6l\u00e7m\u0259 sisteml\u0259rimizin komponentl\u0259ri<\/h3>\n<ul>\n<li><a href=\"https:\/\/www.ammonit.com\/en\/products\/solar-sensors\/soiling-sensors\/\">\u00c7irkl\u0259nm\u0259 d\u0259sti<\/a><\/li>\n<li><a href=\"https:\/\/www.ammonit.com\/en\/products\/data-loggers\/\">\u00d6l\u00e7m\u0259 m\u0259lumatlar\u0131n\u0131<\/a> qeyd etm\u0259k v\u0259 hesablamaq \u00fc\u00e7\u00fcn m\u0259lumat kaydedicil\u0259ri<\/li>\n<\/ul>\n","protected":false},"excerpt":{"rendered":"<h1>\u00c7irkl\u0259nm\u0259nin \u00f6l\u00e7\u00fclm\u0259si<\/h1>\n<p>G\u00fcn\u0259\u015f modullar\u0131n\u0131n \u00e7irkl\u0259nm\u0259sin\u0259 \u00e7irkl\u0259nm\u0259 deyilir. Bu, g\u00fcn\u0259\u015f park\u0131n\u0131n enerji istehsal\u0131na \u0259h\u0259miyy\u0259tli d\u0259r\u0259c\u0259d\u0259 t\u0259sir g\u00f6st\u0259r\u0259 bil\u0259r. Ya\u011f\u0131\u015f leysanlar\u0131 yoxdursa v\u0259 ya m\u00fcnt\u0259z\u0259m t\u0259mizlik i\u015fl\u0259ri apar\u0131lm\u0131rsa, g\u00fcn\u0259\u015f modullar\u0131nda bir kir filmi elektrik stansiyas\u0131n\u0131n istehsal\u0131n\u0131 \u0259h\u0259miyy\u0259tli d\u0259r\u0259c\u0259d\u0259 azald\u0131r.<\/p>\n","protected":false},"featured_media":30572,"template":"","meta":[],"product_brand":[],"product_cat":[1385],"product_tag":[],"class_list":{"0":"post-30577","1":"product","2":"type-product","3":"status-publish","4":"has-post-thumbnail","6":"product_cat-cirklnmnin-olculmsi","8":"first","9":"instock","10":"shipping-taxable","11":"product-type-simple"},"yoast_head":"<!-- This site is optimized with the Yoast SEO plugin v27.1.1 - https:\/\/yoast.com\/product\/yoast-seo-wordpress\/ -->\n<title>\u00c7irkl\u0259nm\u0259nin \u00f6l\u00e7\u00fclm\u0259si - GeoClimate.ge<\/title>\n<meta name=\"robots\" content=\"index, follow, max-snippet:-1, max-image-preview:large, max-video-preview:-1\" \/>\n<link rel=\"canonical\" href=\"https:\/\/geoclimate.ge\/az\/product\/soiling-measurement\/\" \/>\n<meta property=\"og:locale\" content=\"az_AZ\" \/>\n<meta property=\"og:type\" content=\"article\" \/>\n<meta property=\"og:title\" content=\"\u00c7irkl\u0259nm\u0259nin \u00f6l\u00e7\u00fclm\u0259si - GeoClimate.ge\" \/>\n<meta property=\"og:description\" content=\"\u00c7irkl\u0259nm\u0259nin \u00f6l\u00e7\u00fclm\u0259si G\u00fcn\u0259\u015f modullar\u0131n\u0131n \u00e7irkl\u0259nm\u0259sin\u0259 \u00e7irkl\u0259nm\u0259 deyilir. Bu, g\u00fcn\u0259\u015f park\u0131n\u0131n enerji istehsal\u0131na \u0259h\u0259miyy\u0259tli d\u0259r\u0259c\u0259d\u0259 t\u0259sir g\u00f6st\u0259r\u0259 bil\u0259r. Ya\u011f\u0131\u015f leysanlar\u0131 yoxdursa v\u0259 ya m\u00fcnt\u0259z\u0259m t\u0259mizlik i\u015fl\u0259ri apar\u0131lm\u0131rsa, g\u00fcn\u0259\u015f modullar\u0131nda bir kir filmi elektrik stansiyas\u0131n\u0131n istehsal\u0131n\u0131 \u0259h\u0259miyy\u0259tli d\u0259r\u0259c\u0259d\u0259 azald\u0131r.\" \/>\n<meta property=\"og:url\" content=\"https:\/\/geoclimate.ge\/az\/product\/soiling-measurement\/\" \/>\n<meta property=\"og:site_name\" content=\"GeoClimate.ge\" \/>\n<meta property=\"article:modified_time\" content=\"2025-05-02T13:58:44+00:00\" \/>\n<meta property=\"og:image\" content=\"https:\/\/geoclimate.ge\/wp-content\/uploads\/2025\/05\/ammonit-soiling-measurement.jpg__1500x500_q85_subsampling-2.jpg\" \/>\n\t<meta property=\"og:image:width\" content=\"1500\" \/>\n\t<meta property=\"og:image:height\" content=\"500\" \/>\n\t<meta property=\"og:image:type\" content=\"image\/jpeg\" \/>\n<meta name=\"twitter:card\" content=\"summary_large_image\" \/>\n<meta name=\"twitter:label1\" content=\"Est. reading time\" \/>\n\t<meta name=\"twitter:data1\" content=\"1 minute\" \/>\n<script type=\"application\/ld+json\" class=\"yoast-schema-graph\">{\"@context\":\"https:\/\/schema.org\",\"@graph\":[{\"@type\":\"WebPage\",\"@id\":\"https:\/\/geoclimate.ge\/az\/product\/soiling-measurement\/\",\"url\":\"https:\/\/geoclimate.ge\/az\/product\/soiling-measurement\/\",\"name\":\"\u00c7irkl\u0259nm\u0259nin \u00f6l\u00e7\u00fclm\u0259si - GeoClimate.ge\",\"isPartOf\":{\"@id\":\"https:\/\/geoclimate.ge\/#website\"},\"primaryImageOfPage\":{\"@id\":\"https:\/\/geoclimate.ge\/az\/product\/soiling-measurement\/#primaryimage\"},\"image\":{\"@id\":\"https:\/\/geoclimate.ge\/az\/product\/soiling-measurement\/#primaryimage\"},\"thumbnailUrl\":\"https:\/\/geoclimate.ge\/wp-content\/uploads\/2025\/05\/ammonit-soiling-measurement.jpg__1500x500_q85_subsampling-2.jpg\",\"datePublished\":\"2025-05-02T13:45:30+00:00\",\"dateModified\":\"2025-05-02T13:58:44+00:00\",\"breadcrumb\":{\"@id\":\"https:\/\/geoclimate.ge\/az\/product\/soiling-measurement\/#breadcrumb\"},\"inLanguage\":\"az\",\"potentialAction\":[{\"@type\":\"ReadAction\",\"target\":[\"https:\/\/geoclimate.ge\/az\/product\/soiling-measurement\/\"]}]},{\"@type\":\"ImageObject\",\"inLanguage\":\"az\",\"@id\":\"https:\/\/geoclimate.ge\/az\/product\/soiling-measurement\/#primaryimage\",\"url\":\"https:\/\/geoclimate.ge\/wp-content\/uploads\/2025\/05\/ammonit-soiling-measurement.jpg__1500x500_q85_subsampling-2.jpg\",\"contentUrl\":\"https:\/\/geoclimate.ge\/wp-content\/uploads\/2025\/05\/ammonit-soiling-measurement.jpg__1500x500_q85_subsampling-2.jpg\",\"width\":1500,\"height\":500},{\"@type\":\"BreadcrumbList\",\"@id\":\"https:\/\/geoclimate.ge\/az\/product\/soiling-measurement\/#breadcrumb\",\"itemListElement\":[{\"@type\":\"ListItem\",\"position\":1,\"name\":\"Home\",\"item\":\"https:\/\/geoclimate.ge\/az\/\"},{\"@type\":\"ListItem\",\"position\":2,\"name\":\"M\u0259hsullar\",\"item\":\"https:\/\/geoclimate.ge\/az\/products\/\"},{\"@type\":\"ListItem\",\"position\":3,\"name\":\"\u00c7irkl\u0259nm\u0259nin \u00f6l\u00e7\u00fclm\u0259si\"}]},{\"@type\":\"WebSite\",\"@id\":\"https:\/\/geoclimate.ge\/#website\",\"url\":\"https:\/\/geoclimate.ge\/\",\"name\":\"GeoClimate\",\"description\":\"\",\"publisher\":{\"@id\":\"https:\/\/geoclimate.ge\/#organization\"},\"potentialAction\":[{\"@type\":\"SearchAction\",\"target\":{\"@type\":\"EntryPoint\",\"urlTemplate\":\"https:\/\/geoclimate.ge\/?s={search_term_string}\"},\"query-input\":{\"@type\":\"PropertyValueSpecification\",\"valueRequired\":true,\"valueName\":\"search_term_string\"}}],\"inLanguage\":\"az\"},{\"@type\":\"Organization\",\"@id\":\"https:\/\/geoclimate.ge\/#organization\",\"name\":\"GeoClimate\",\"url\":\"https:\/\/geoclimate.ge\/\",\"logo\":{\"@type\":\"ImageObject\",\"inLanguage\":\"az\",\"@id\":\"https:\/\/geoclimate.ge\/#\/schema\/logo\/image\/\",\"url\":\"https:\/\/geoclimate.ge\/wp-content\/uploads\/2026\/03\/geoclimate-SEO.png\",\"contentUrl\":\"https:\/\/geoclimate.ge\/wp-content\/uploads\/2026\/03\/geoclimate-SEO.png\",\"width\":1536,\"height\":1024,\"caption\":\"GeoClimate\"},\"image\":{\"@id\":\"https:\/\/geoclimate.ge\/#\/schema\/logo\/image\/\"}}]}<\/script>\n<!-- \/ Yoast SEO plugin. -->","yoast_head_json":{"title":"\u00c7irkl\u0259nm\u0259nin \u00f6l\u00e7\u00fclm\u0259si - GeoClimate.ge","robots":{"index":"index","follow":"follow","max-snippet":"max-snippet:-1","max-image-preview":"max-image-preview:large","max-video-preview":"max-video-preview:-1"},"canonical":"https:\/\/geoclimate.ge\/az\/product\/soiling-measurement\/","og_locale":"az_AZ","og_type":"article","og_title":"\u00c7irkl\u0259nm\u0259nin \u00f6l\u00e7\u00fclm\u0259si - GeoClimate.ge","og_description":"\u00c7irkl\u0259nm\u0259nin \u00f6l\u00e7\u00fclm\u0259si G\u00fcn\u0259\u015f modullar\u0131n\u0131n \u00e7irkl\u0259nm\u0259sin\u0259 \u00e7irkl\u0259nm\u0259 deyilir. Bu, g\u00fcn\u0259\u015f park\u0131n\u0131n enerji istehsal\u0131na \u0259h\u0259miyy\u0259tli d\u0259r\u0259c\u0259d\u0259 t\u0259sir g\u00f6st\u0259r\u0259 bil\u0259r. Ya\u011f\u0131\u015f leysanlar\u0131 yoxdursa v\u0259 ya m\u00fcnt\u0259z\u0259m t\u0259mizlik i\u015fl\u0259ri apar\u0131lm\u0131rsa, g\u00fcn\u0259\u015f modullar\u0131nda bir kir filmi elektrik stansiyas\u0131n\u0131n istehsal\u0131n\u0131 \u0259h\u0259miyy\u0259tli d\u0259r\u0259c\u0259d\u0259 azald\u0131r.","og_url":"https:\/\/geoclimate.ge\/az\/product\/soiling-measurement\/","og_site_name":"GeoClimate.ge","article_modified_time":"2025-05-02T13:58:44+00:00","og_image":[{"width":1500,"height":500,"url":"https:\/\/geoclimate.ge\/wp-content\/uploads\/2025\/05\/ammonit-soiling-measurement.jpg__1500x500_q85_subsampling-2.jpg","type":"image\/jpeg"}],"twitter_card":"summary_large_image","twitter_misc":{"Est. reading time":"1 minute"},"schema":{"@context":"https:\/\/schema.org","@graph":[{"@type":"WebPage","@id":"https:\/\/geoclimate.ge\/az\/product\/soiling-measurement\/","url":"https:\/\/geoclimate.ge\/az\/product\/soiling-measurement\/","name":"\u00c7irkl\u0259nm\u0259nin \u00f6l\u00e7\u00fclm\u0259si - GeoClimate.ge","isPartOf":{"@id":"https:\/\/geoclimate.ge\/#website"},"primaryImageOfPage":{"@id":"https:\/\/geoclimate.ge\/az\/product\/soiling-measurement\/#primaryimage"},"image":{"@id":"https:\/\/geoclimate.ge\/az\/product\/soiling-measurement\/#primaryimage"},"thumbnailUrl":"https:\/\/geoclimate.ge\/wp-content\/uploads\/2025\/05\/ammonit-soiling-measurement.jpg__1500x500_q85_subsampling-2.jpg","datePublished":"2025-05-02T13:45:30+00:00","dateModified":"2025-05-02T13:58:44+00:00","breadcrumb":{"@id":"https:\/\/geoclimate.ge\/az\/product\/soiling-measurement\/#breadcrumb"},"inLanguage":"az","potentialAction":[{"@type":"ReadAction","target":["https:\/\/geoclimate.ge\/az\/product\/soiling-measurement\/"]}]},{"@type":"ImageObject","inLanguage":"az","@id":"https:\/\/geoclimate.ge\/az\/product\/soiling-measurement\/#primaryimage","url":"https:\/\/geoclimate.ge\/wp-content\/uploads\/2025\/05\/ammonit-soiling-measurement.jpg__1500x500_q85_subsampling-2.jpg","contentUrl":"https:\/\/geoclimate.ge\/wp-content\/uploads\/2025\/05\/ammonit-soiling-measurement.jpg__1500x500_q85_subsampling-2.jpg","width":1500,"height":500},{"@type":"BreadcrumbList","@id":"https:\/\/geoclimate.ge\/az\/product\/soiling-measurement\/#breadcrumb","itemListElement":[{"@type":"ListItem","position":1,"name":"Home","item":"https:\/\/geoclimate.ge\/az\/"},{"@type":"ListItem","position":2,"name":"M\u0259hsullar","item":"https:\/\/geoclimate.ge\/az\/products\/"},{"@type":"ListItem","position":3,"name":"\u00c7irkl\u0259nm\u0259nin \u00f6l\u00e7\u00fclm\u0259si"}]},{"@type":"WebSite","@id":"https:\/\/geoclimate.ge\/#website","url":"https:\/\/geoclimate.ge\/","name":"GeoClimate","description":"","publisher":{"@id":"https:\/\/geoclimate.ge\/#organization"},"potentialAction":[{"@type":"SearchAction","target":{"@type":"EntryPoint","urlTemplate":"https:\/\/geoclimate.ge\/?s={search_term_string}"},"query-input":{"@type":"PropertyValueSpecification","valueRequired":true,"valueName":"search_term_string"}}],"inLanguage":"az"},{"@type":"Organization","@id":"https:\/\/geoclimate.ge\/#organization","name":"GeoClimate","url":"https:\/\/geoclimate.ge\/","logo":{"@type":"ImageObject","inLanguage":"az","@id":"https:\/\/geoclimate.ge\/#\/schema\/logo\/image\/","url":"https:\/\/geoclimate.ge\/wp-content\/uploads\/2026\/03\/geoclimate-SEO.png","contentUrl":"https:\/\/geoclimate.ge\/wp-content\/uploads\/2026\/03\/geoclimate-SEO.png","width":1536,"height":1024,"caption":"GeoClimate"},"image":{"@id":"https:\/\/geoclimate.ge\/#\/schema\/logo\/image\/"}}]}},"_links":{"self":[{"href":"https:\/\/geoclimate.ge\/az\/wp-json\/wp\/v2\/product\/30577","targetHints":{"allow":["GET"]}}],"collection":[{"href":"https:\/\/geoclimate.ge\/az\/wp-json\/wp\/v2\/product"}],"about":[{"href":"https:\/\/geoclimate.ge\/az\/wp-json\/wp\/v2\/types\/product"}],"wp:featuredmedia":[{"embeddable":true,"href":"https:\/\/geoclimate.ge\/az\/wp-json\/wp\/v2\/media\/30572"}],"wp:attachment":[{"href":"https:\/\/geoclimate.ge\/az\/wp-json\/wp\/v2\/media?parent=30577"}],"wp:term":[{"taxonomy":"product_brand","embeddable":true,"href":"https:\/\/geoclimate.ge\/az\/wp-json\/wp\/v2\/product_brand?post=30577"},{"taxonomy":"product_cat","embeddable":true,"href":"https:\/\/geoclimate.ge\/az\/wp-json\/wp\/v2\/product_cat?post=30577"},{"taxonomy":"product_tag","embeddable":true,"href":"https:\/\/geoclimate.ge\/az\/wp-json\/wp\/v2\/product_tag?post=30577"}],"curies":[{"name":"wp","href":"https:\/\/api.w.org\/{rel}","templated":true}]}}