{"id":30595,"date":"2025-05-02T18:05:29","date_gmt":"2025-05-02T14:05:29","guid":{"rendered":"https:\/\/airsystems.ge\/shop\/product\/solar-park-monitoring-scada\/"},"modified":"2025-05-02T18:22:50","modified_gmt":"2025-05-02T14:22:50","slug":"solar-park-monitoring-scada","status":"publish","type":"product","link":"https:\/\/geoclimate.ge\/az\/product\/solar-park-monitoring-scada\/","title":{"rendered":"G\u00fcn\u0259\u015f sisteminin monitorinqi \/ SCADA"},"content":{"rendered":"","protected":false},"excerpt":{"rendered":"<h1>G\u00fcn\u0259\u015f sisteminin monitorinqi \/ SCADA<\/h1>\n<p>Tikintid\u0259n sonra g\u00fcn\u0259\u015f layih\u0259l\u0259ri avtomatla\u015fd\u0131r\u0131lm\u0131\u015f monitorinq sisteml\u0259rind\u0259n b\u00f6y\u00fck fayda g\u0259tirir. Zavodun maliyy\u0259 g\u00f6st\u0259ricil\u0259ri g\u00f6zl\u0259nil\u0259n enerji m\u0259hsuldarl\u0131\u011f\u0131n\u0131 faktiki istehsalla m\u00fcqayis\u0259 etm\u0259kl\u0259 m\u00fc\u0259yy\u0259n edil\u0259 bil\u0259r. A\u015fa\u011f\u0131 performansl\u0131 saytlar v\u0259 ya h\u0259tta qur\u011fular proqramlar\u0131 t\u0259mizl\u0259m\u0259k v\u0259 ya sensorlar\u0131 d\u0259yi\u015fdirm\u0259k \u00fc\u00e7\u00fcn operatorlar\u0131 v\u0259 texniki qulluq\u00e7ular\u0131 x\u0259b\u0259rdar ed\u0259 bil\u0259r.<\/p>\n<p>G\u00fcn\u0259\u015f park\u0131n\u0131n <a href=\"https:\/\/www.ammonit.com\/en\/application\/solar-energy\/solar-resource-assessment\/\">monitorinqi<\/a> \u00fc\u00e7\u00fcn komponentl\u0259r g\u00fcn\u0259\u015f \u00f6l\u00e7m\u0259 sisteml\u0259rimizl\u0259 eynidir. Bel\u0259likl\u0259, istismar zaman\u0131 g\u00fcn\u0259\u015f park\u0131n\u0131z\u0131 izl\u0259m\u0259k \u00fc\u00e7\u00fcn ba\u015fqa \u00f6l\u00e7\u00fc avadanl\u0131\u011f\u0131 alma\u011fa ehtiyac yoxdur.<\/p>\n","protected":false},"featured_media":30590,"template":"","meta":[],"product_brand":[],"product_cat":[1391],"product_tag":[],"class_list":{"0":"post-30595","1":"product","2":"type-product","3":"status-publish","4":"has-post-thumbnail","6":"product_cat-guns-parkinin-monitorinqi-scada","8":"first","9":"instock","10":"shipping-taxable","11":"product-type-simple"},"yoast_head":"<!-- This site is optimized with the Yoast SEO plugin v27.1.1 - https:\/\/yoast.com\/product\/yoast-seo-wordpress\/ -->\n<title>G\u00fcn\u0259\u015f sisteminin monitorinqi \/ SCADA - GeoClimate.ge<\/title>\n<meta name=\"robots\" content=\"index, follow, max-snippet:-1, max-image-preview:large, max-video-preview:-1\" \/>\n<link rel=\"canonical\" href=\"https:\/\/geoclimate.ge\/az\/product\/solar-park-monitoring-scada\/\" \/>\n<meta property=\"og:locale\" content=\"az_AZ\" \/>\n<meta property=\"og:type\" content=\"article\" \/>\n<meta property=\"og:title\" content=\"G\u00fcn\u0259\u015f sisteminin monitorinqi \/ SCADA - GeoClimate.ge\" \/>\n<meta property=\"og:description\" content=\"G\u00fcn\u0259\u015f sisteminin monitorinqi \/ SCADA Tikintid\u0259n sonra g\u00fcn\u0259\u015f layih\u0259l\u0259ri avtomatla\u015fd\u0131r\u0131lm\u0131\u015f monitorinq sisteml\u0259rind\u0259n b\u00f6y\u00fck fayda g\u0259tirir. Zavodun maliyy\u0259 g\u00f6st\u0259ricil\u0259ri g\u00f6zl\u0259nil\u0259n enerji m\u0259hsuldarl\u0131\u011f\u0131n\u0131 faktiki istehsalla m\u00fcqayis\u0259 etm\u0259kl\u0259 m\u00fc\u0259yy\u0259n edil\u0259 bil\u0259r. A\u015fa\u011f\u0131 performansl\u0131 saytlar v\u0259 ya h\u0259tta qur\u011fular proqramlar\u0131 t\u0259mizl\u0259m\u0259k v\u0259 ya sensorlar\u0131 d\u0259yi\u015fdirm\u0259k \u00fc\u00e7\u00fcn operatorlar\u0131 v\u0259 texniki qulluq\u00e7ular\u0131 x\u0259b\u0259rdar ed\u0259 bil\u0259r.  G\u00fcn\u0259\u015f park\u0131n\u0131n monitorinqi \u00fc\u00e7\u00fcn komponentl\u0259r g\u00fcn\u0259\u015f \u00f6l\u00e7m\u0259 sisteml\u0259rimizl\u0259 eynidir. Bel\u0259likl\u0259, istismar zaman\u0131 g\u00fcn\u0259\u015f park\u0131n\u0131z\u0131 izl\u0259m\u0259k \u00fc\u00e7\u00fcn ba\u015fqa \u00f6l\u00e7\u00fc avadanl\u0131\u011f\u0131 alma\u011fa ehtiyac yoxdur.\" \/>\n<meta property=\"og:url\" content=\"https:\/\/geoclimate.ge\/az\/product\/solar-park-monitoring-scada\/\" \/>\n<meta property=\"og:site_name\" content=\"GeoClimate.ge\" \/>\n<meta property=\"article:modified_time\" content=\"2025-05-02T14:22:50+00:00\" \/>\n<meta property=\"og:image\" content=\"https:\/\/geoclimate.ge\/wp-content\/uploads\/2025\/05\/ammonit-solar-park-monitoring.jpg__940x250_q85_subsampling-2.jpg\" \/>\n\t<meta property=\"og:image:width\" content=\"940\" \/>\n\t<meta property=\"og:image:height\" content=\"250\" \/>\n\t<meta property=\"og:image:type\" content=\"image\/jpeg\" \/>\n<meta name=\"twitter:card\" content=\"summary_large_image\" \/>\n<script type=\"application\/ld+json\" class=\"yoast-schema-graph\">{\"@context\":\"https:\/\/schema.org\",\"@graph\":[{\"@type\":\"WebPage\",\"@id\":\"https:\/\/geoclimate.ge\/az\/product\/solar-park-monitoring-scada\/\",\"url\":\"https:\/\/geoclimate.ge\/az\/product\/solar-park-monitoring-scada\/\",\"name\":\"G\u00fcn\u0259\u015f sisteminin monitorinqi \/ SCADA - GeoClimate.ge\",\"isPartOf\":{\"@id\":\"https:\/\/geoclimate.ge\/#website\"},\"primaryImageOfPage\":{\"@id\":\"https:\/\/geoclimate.ge\/az\/product\/solar-park-monitoring-scada\/#primaryimage\"},\"image\":{\"@id\":\"https:\/\/geoclimate.ge\/az\/product\/solar-park-monitoring-scada\/#primaryimage\"},\"thumbnailUrl\":\"https:\/\/geoclimate.ge\/wp-content\/uploads\/2025\/05\/ammonit-solar-park-monitoring.jpg__940x250_q85_subsampling-2.jpg\",\"datePublished\":\"2025-05-02T14:05:29+00:00\",\"dateModified\":\"2025-05-02T14:22:50+00:00\",\"breadcrumb\":{\"@id\":\"https:\/\/geoclimate.ge\/az\/product\/solar-park-monitoring-scada\/#breadcrumb\"},\"inLanguage\":\"az\",\"potentialAction\":[{\"@type\":\"ReadAction\",\"target\":[\"https:\/\/geoclimate.ge\/az\/product\/solar-park-monitoring-scada\/\"]}]},{\"@type\":\"ImageObject\",\"inLanguage\":\"az\",\"@id\":\"https:\/\/geoclimate.ge\/az\/product\/solar-park-monitoring-scada\/#primaryimage\",\"url\":\"https:\/\/geoclimate.ge\/wp-content\/uploads\/2025\/05\/ammonit-solar-park-monitoring.jpg__940x250_q85_subsampling-2.jpg\",\"contentUrl\":\"https:\/\/geoclimate.ge\/wp-content\/uploads\/2025\/05\/ammonit-solar-park-monitoring.jpg__940x250_q85_subsampling-2.jpg\",\"width\":940,\"height\":250},{\"@type\":\"BreadcrumbList\",\"@id\":\"https:\/\/geoclimate.ge\/az\/product\/solar-park-monitoring-scada\/#breadcrumb\",\"itemListElement\":[{\"@type\":\"ListItem\",\"position\":1,\"name\":\"Home\",\"item\":\"https:\/\/geoclimate.ge\/az\/\"},{\"@type\":\"ListItem\",\"position\":2,\"name\":\"M\u0259hsullar\",\"item\":\"https:\/\/geoclimate.ge\/az\/products\/\"},{\"@type\":\"ListItem\",\"position\":3,\"name\":\"G\u00fcn\u0259\u015f sisteminin monitorinqi \/ SCADA\"}]},{\"@type\":\"WebSite\",\"@id\":\"https:\/\/geoclimate.ge\/#website\",\"url\":\"https:\/\/geoclimate.ge\/\",\"name\":\"GeoClimate\",\"description\":\"\",\"publisher\":{\"@id\":\"https:\/\/geoclimate.ge\/#organization\"},\"potentialAction\":[{\"@type\":\"SearchAction\",\"target\":{\"@type\":\"EntryPoint\",\"urlTemplate\":\"https:\/\/geoclimate.ge\/?s={search_term_string}\"},\"query-input\":{\"@type\":\"PropertyValueSpecification\",\"valueRequired\":true,\"valueName\":\"search_term_string\"}}],\"inLanguage\":\"az\"},{\"@type\":\"Organization\",\"@id\":\"https:\/\/geoclimate.ge\/#organization\",\"name\":\"GeoClimate\",\"url\":\"https:\/\/geoclimate.ge\/\",\"logo\":{\"@type\":\"ImageObject\",\"inLanguage\":\"az\",\"@id\":\"https:\/\/geoclimate.ge\/#\/schema\/logo\/image\/\",\"url\":\"https:\/\/geoclimate.ge\/wp-content\/uploads\/2026\/03\/geoclimate-SEO.png\",\"contentUrl\":\"https:\/\/geoclimate.ge\/wp-content\/uploads\/2026\/03\/geoclimate-SEO.png\",\"width\":1536,\"height\":1024,\"caption\":\"GeoClimate\"},\"image\":{\"@id\":\"https:\/\/geoclimate.ge\/#\/schema\/logo\/image\/\"}}]}<\/script>\n<!-- \/ Yoast SEO plugin. -->","yoast_head_json":{"title":"G\u00fcn\u0259\u015f sisteminin monitorinqi \/ SCADA - GeoClimate.ge","robots":{"index":"index","follow":"follow","max-snippet":"max-snippet:-1","max-image-preview":"max-image-preview:large","max-video-preview":"max-video-preview:-1"},"canonical":"https:\/\/geoclimate.ge\/az\/product\/solar-park-monitoring-scada\/","og_locale":"az_AZ","og_type":"article","og_title":"G\u00fcn\u0259\u015f sisteminin monitorinqi \/ SCADA - GeoClimate.ge","og_description":"G\u00fcn\u0259\u015f sisteminin monitorinqi \/ SCADA Tikintid\u0259n sonra g\u00fcn\u0259\u015f layih\u0259l\u0259ri avtomatla\u015fd\u0131r\u0131lm\u0131\u015f monitorinq sisteml\u0259rind\u0259n b\u00f6y\u00fck fayda g\u0259tirir. Zavodun maliyy\u0259 g\u00f6st\u0259ricil\u0259ri g\u00f6zl\u0259nil\u0259n enerji m\u0259hsuldarl\u0131\u011f\u0131n\u0131 faktiki istehsalla m\u00fcqayis\u0259 etm\u0259kl\u0259 m\u00fc\u0259yy\u0259n edil\u0259 bil\u0259r. A\u015fa\u011f\u0131 performansl\u0131 saytlar v\u0259 ya h\u0259tta qur\u011fular proqramlar\u0131 t\u0259mizl\u0259m\u0259k v\u0259 ya sensorlar\u0131 d\u0259yi\u015fdirm\u0259k \u00fc\u00e7\u00fcn operatorlar\u0131 v\u0259 texniki qulluq\u00e7ular\u0131 x\u0259b\u0259rdar ed\u0259 bil\u0259r.  G\u00fcn\u0259\u015f park\u0131n\u0131n monitorinqi \u00fc\u00e7\u00fcn komponentl\u0259r g\u00fcn\u0259\u015f \u00f6l\u00e7m\u0259 sisteml\u0259rimizl\u0259 eynidir. Bel\u0259likl\u0259, istismar zaman\u0131 g\u00fcn\u0259\u015f park\u0131n\u0131z\u0131 izl\u0259m\u0259k \u00fc\u00e7\u00fcn ba\u015fqa \u00f6l\u00e7\u00fc avadanl\u0131\u011f\u0131 alma\u011fa ehtiyac yoxdur.","og_url":"https:\/\/geoclimate.ge\/az\/product\/solar-park-monitoring-scada\/","og_site_name":"GeoClimate.ge","article_modified_time":"2025-05-02T14:22:50+00:00","og_image":[{"width":940,"height":250,"url":"https:\/\/geoclimate.ge\/wp-content\/uploads\/2025\/05\/ammonit-solar-park-monitoring.jpg__940x250_q85_subsampling-2.jpg","type":"image\/jpeg"}],"twitter_card":"summary_large_image","schema":{"@context":"https:\/\/schema.org","@graph":[{"@type":"WebPage","@id":"https:\/\/geoclimate.ge\/az\/product\/solar-park-monitoring-scada\/","url":"https:\/\/geoclimate.ge\/az\/product\/solar-park-monitoring-scada\/","name":"G\u00fcn\u0259\u015f sisteminin monitorinqi \/ SCADA - GeoClimate.ge","isPartOf":{"@id":"https:\/\/geoclimate.ge\/#website"},"primaryImageOfPage":{"@id":"https:\/\/geoclimate.ge\/az\/product\/solar-park-monitoring-scada\/#primaryimage"},"image":{"@id":"https:\/\/geoclimate.ge\/az\/product\/solar-park-monitoring-scada\/#primaryimage"},"thumbnailUrl":"https:\/\/geoclimate.ge\/wp-content\/uploads\/2025\/05\/ammonit-solar-park-monitoring.jpg__940x250_q85_subsampling-2.jpg","datePublished":"2025-05-02T14:05:29+00:00","dateModified":"2025-05-02T14:22:50+00:00","breadcrumb":{"@id":"https:\/\/geoclimate.ge\/az\/product\/solar-park-monitoring-scada\/#breadcrumb"},"inLanguage":"az","potentialAction":[{"@type":"ReadAction","target":["https:\/\/geoclimate.ge\/az\/product\/solar-park-monitoring-scada\/"]}]},{"@type":"ImageObject","inLanguage":"az","@id":"https:\/\/geoclimate.ge\/az\/product\/solar-park-monitoring-scada\/#primaryimage","url":"https:\/\/geoclimate.ge\/wp-content\/uploads\/2025\/05\/ammonit-solar-park-monitoring.jpg__940x250_q85_subsampling-2.jpg","contentUrl":"https:\/\/geoclimate.ge\/wp-content\/uploads\/2025\/05\/ammonit-solar-park-monitoring.jpg__940x250_q85_subsampling-2.jpg","width":940,"height":250},{"@type":"BreadcrumbList","@id":"https:\/\/geoclimate.ge\/az\/product\/solar-park-monitoring-scada\/#breadcrumb","itemListElement":[{"@type":"ListItem","position":1,"name":"Home","item":"https:\/\/geoclimate.ge\/az\/"},{"@type":"ListItem","position":2,"name":"M\u0259hsullar","item":"https:\/\/geoclimate.ge\/az\/products\/"},{"@type":"ListItem","position":3,"name":"G\u00fcn\u0259\u015f sisteminin monitorinqi \/ SCADA"}]},{"@type":"WebSite","@id":"https:\/\/geoclimate.ge\/#website","url":"https:\/\/geoclimate.ge\/","name":"GeoClimate","description":"","publisher":{"@id":"https:\/\/geoclimate.ge\/#organization"},"potentialAction":[{"@type":"SearchAction","target":{"@type":"EntryPoint","urlTemplate":"https:\/\/geoclimate.ge\/?s={search_term_string}"},"query-input":{"@type":"PropertyValueSpecification","valueRequired":true,"valueName":"search_term_string"}}],"inLanguage":"az"},{"@type":"Organization","@id":"https:\/\/geoclimate.ge\/#organization","name":"GeoClimate","url":"https:\/\/geoclimate.ge\/","logo":{"@type":"ImageObject","inLanguage":"az","@id":"https:\/\/geoclimate.ge\/#\/schema\/logo\/image\/","url":"https:\/\/geoclimate.ge\/wp-content\/uploads\/2026\/03\/geoclimate-SEO.png","contentUrl":"https:\/\/geoclimate.ge\/wp-content\/uploads\/2026\/03\/geoclimate-SEO.png","width":1536,"height":1024,"caption":"GeoClimate"},"image":{"@id":"https:\/\/geoclimate.ge\/#\/schema\/logo\/image\/"}}]}},"_links":{"self":[{"href":"https:\/\/geoclimate.ge\/az\/wp-json\/wp\/v2\/product\/30595","targetHints":{"allow":["GET"]}}],"collection":[{"href":"https:\/\/geoclimate.ge\/az\/wp-json\/wp\/v2\/product"}],"about":[{"href":"https:\/\/geoclimate.ge\/az\/wp-json\/wp\/v2\/types\/product"}],"wp:featuredmedia":[{"embeddable":true,"href":"https:\/\/geoclimate.ge\/az\/wp-json\/wp\/v2\/media\/30590"}],"wp:attachment":[{"href":"https:\/\/geoclimate.ge\/az\/wp-json\/wp\/v2\/media?parent=30595"}],"wp:term":[{"taxonomy":"product_brand","embeddable":true,"href":"https:\/\/geoclimate.ge\/az\/wp-json\/wp\/v2\/product_brand?post=30595"},{"taxonomy":"product_cat","embeddable":true,"href":"https:\/\/geoclimate.ge\/az\/wp-json\/wp\/v2\/product_cat?post=30595"},{"taxonomy":"product_tag","embeddable":true,"href":"https:\/\/geoclimate.ge\/az\/wp-json\/wp\/v2\/product_tag?post=30595"}],"curies":[{"name":"wp","href":"https:\/\/api.w.org\/{rel}","templated":true}]}}