{"id":30852,"date":"2025-05-10T22:02:37","date_gmt":"2025-05-10T18:02:37","guid":{"rendered":"https:\/\/airsystems.ge\/shop\/product\/anemometer-thies-first-class-advanced-ii\/"},"modified":"2025-05-10T22:21:50","modified_gmt":"2025-05-10T18:21:50","slug":"anemometer-thies-first-class-advanced-ii","status":"publish","type":"product","link":"https:\/\/geoclimate.ge\/az\/product\/anemometer-thies-first-class-advanced-ii\/","title":{"rendered":"Anemometr Thies First Class Advanced II"},"content":{"rendered":"<h3>T\u0259snifat uy\u011fun olaraq. IEC 61400-12-1 N\u0259\u015fr 2.0-a (2017-03)<\/h3>\n<h4>Class A and B<\/h4>\n<table border=\"1\" width=\"606\" cellspacing=\"1\" cellpadding=\"1\">\n<tbody>\n<tr>\n<td><\/td>\n<td>Class A*<\/td>\n<td>Class B**<\/td>\n<\/tr>\n<tr>\n<td>\u0130stilik ON<br \/>\nv\u0259 ya temperatur diapazonu: 15 &#8230; 40\u00b0 C<\/td>\n<td>1.8<\/td>\n<td>2.0<\/td>\n<\/tr>\n<tr>\n<td>Heating OFF<\/td>\n<td>2.3<\/td>\n<td>2.7<\/td>\n<\/tr>\n<\/tbody>\n<\/table>\n<p>*A sinfi: sad\u0259 relyef (-3 &#8230; 3\u00b0 meyl) (a\u015fa\u011f\u0131 turbulentlikl\u0259r) (0\u00b0 &#8230; 40\u00b0C)<br \/>\n**B sinfi: m\u00fcr\u0259kk\u0259b relyef (-15 &#8230; +15\u00b0 meyl) (y\u00fcks\u0259k turbulentlikl\u0259r) (-10\u00b0 &#8230; 40\u00b0C)<br \/>\nM\u0259nb\u0259: T\u0259snifat hesabat\u0131 A v\u0259 B sinfi<\/p>\n<h4>M\u00fcxt\u0259lif hava temperaturlar\u0131 \u00fc\u00e7\u00fcn S sinfi<\/h4>\n<table border=\"1\" width=\"611\" cellspacing=\"1\" cellpadding=\"1\">\n<tbody>\n<tr>\n<td><\/td>\n<td>-10\u00b0C<\/td>\n<td>-5\u00b0C<\/td>\n<td>0\u00b0C<\/td>\n<td>5\u00b0C<\/td>\n<td>10\u00b0C<\/td>\n<td>15\u00b0C<\/td>\n<td>20\u00b0C<\/td>\n<td>25\u00b0C<\/td>\n<td>30\u00b0C<\/td>\n<\/tr>\n<tr>\n<td>Class &#8216;S&#8217;<\/td>\n<td>2.8<\/td>\n<td>2.6<\/td>\n<td>2.3<\/td>\n<td>2.1<\/td>\n<td>1.9<\/td>\n<td>1.8<\/td>\n<td>1.8<\/td>\n<td>1.8<\/td>\n<td>1.8<\/td>\n<\/tr>\n<\/tbody>\n<\/table>\n<p>S sinfi temperatur istisna olmaqla, A sinfi il\u0259 eyni t\u0259snifat parametrl\u0259rind\u0259n istifad\u0259 etm\u0259kl\u0259 \u0259ld\u0259 edilir.<\/p>\n<p>M\u0259nb\u0259: T\u0259snifat hesabat\u0131 Sinif S temperaturu<\/p>\n<h4>\u018fm\u0259liyyat standart qeyri-m\u00fc\u0259yy\u0259nlik acc. IEC 1400-12-1<\/h4>\n<p>\u018fm\u0259liyyat standart qeyri-m\u00fc\u0259yy\u0259nliyi real k\u00fcl\u0259yin s\u00fcr\u0259ti il\u0259 m\u00fcqayis\u0259d\u0259 anemometr t\u0259r\u0259find\u0259n \u00f6l\u00e7\u00fcl\u0259n k\u00fcl\u0259yin s\u00fcr\u0259tinin maksimum sapmas\u0131n\u0131 t\u0259svir edir. C\u0259dv\u0259l 10 m\/s-d\u0259 \u0259m\u0259liyyat standart qeyri-m\u00fc\u0259yy\u0259nliyini g\u00f6st\u0259rir:<\/p>\n<table border=\"1\" width=\"606\" cellspacing=\"1\" cellpadding=\"1\">\n<tbody>\n<tr>\n<td><\/td>\n<td>Class A*<\/td>\n<td>Class B**<\/td>\n<\/tr>\n<tr>\n<td>\u0130stilik ON<br \/>\nv\u0259 ya temperatur diapazonu: 15 &#8230; 40\u00b0 C<\/td>\n<td>0.10 m\/s<\/td>\n<td>0.12 m\/s<\/td>\n<\/tr>\n<tr>\n<td>Heating OFF<\/td>\n<td>0.13 m\/s<\/td>\n<td>0.16 m\/s<\/td>\n<\/tr>\n<\/tbody>\n<\/table>\n<h3><\/h3>\n<h3>Optik olaraq skan edilmi\u015f kubok anemometri<\/h3>\n<p>Thies First Class Advanced \u0259la performans verir. Sensor uy\u011fun olaraq t\u0259snif edilmi\u015fdir. IEC 61400-12-1 Burax\u0131l\u0131\u015f 2.0. A\u015fa\u011f\u0131dak\u0131 x\u00fcsusiyy\u0259tl\u0259rl\u0259 optimal dinamik performans verir:<\/p>\n<p>Y\u00fcks\u0259k d\u0259qiqlik<br \/>\nKosinus x\u0259ttind\u0259n minimal sapma<br \/>\nTurbulentlikl\u0259r\u0259 qar\u015f\u0131 \u0259la davran\u0131\u015f<br \/>\nMinimum h\u0259ddind\u0259n art\u0131q s\u00fcr\u0259t Ki\u00e7ik m\u0259saf\u0259 sabiti<br \/>\nA\u015fa\u011f\u0131 ba\u015flan\u011f\u0131c d\u0259y\u0259ri<br \/>\nA\u015fa\u011f\u0131 enerji istehlak\u0131<br \/>\nR\u0259q\u0259msal \u00e7\u0131x\u0131\u015f<\/p>\n<p>Sensor meteorologiya, iqlim t\u0259dqiqatlar\u0131, \u0259razinin qiym\u0259tl\u0259ndirilm\u0259si v\u0259 k\u00fcl\u0259k enerjisi sisteml\u0259rinin tutum x\u00fcsusiyy\u0259tl\u0259rinin \u00f6l\u00e7\u00fclm\u0259si (g\u00fcc \u0259yril\u0259ri) sah\u0259sind\u0259 \u00fcf\u00fcqi k\u00fcl\u0259yin s\u00fcr\u0259tini \u00f6l\u00e7m\u0259k \u00fc\u00e7\u00fcn n\u0259z\u0259rd\u0259 tutulmu\u015fdur. Patentli dizayn k\u00fcl\u0259k tunelind\u0259 uzun s\u0131naqlar\u0131n n\u0259tic\u0259sidir. Sensor y\u00fcks\u0259k turbulentlik intensivliyi, minimal h\u0259dd\u0259n art\u0131q s\u00fcr\u0259t v\u0259 a\u015fa\u011f\u0131 ba\u015flan\u011f\u0131c d\u0259y\u0259rl\u0259rind\u0259 d\u0259 dinamik davran\u0131\u015f x\u00fcsusiyy\u0259tl\u0259rin\u0259 malikdir. O, a\u015fa\u011f\u0131 \u0259tal\u0259tli v\u0259 top da\u015f\u0131yan kubok ulduzu say\u0259sind\u0259 yaln\u0131z az texniki xidm\u0259t t\u0259l\u0259b edir. Anemometr bilyal\u0131 pod\u015fipnikl\u0259rin d\u00fczg\u00fcn i\u015fl\u0259m\u0259sini t\u0259min etm\u0259k v\u0259 q\u0131\u015f istismar\u0131 zaman\u0131 \u015faft\u0131n v\u0259 yuvan\u0131n buzlanmas\u0131n\u0131n qar\u015f\u0131s\u0131n\u0131 almaq \u00fc\u00e7\u00fcn elektron t\u0259nziml\u0259n\u0259n q\u0131zd\u0131r\u0131c\u0131 il\u0259 t\u0259chiz edilmi\u015fdir.<\/p>\n<p>&nbsp;<\/p>\n<p><img decoding=\"async\" src=\"https:\/\/www.ammonit.com\/media\/filer_public_thumbnails\/filer_public\/0f\/1d\/0f1d320c-19a9-4090-b113-a1034259c9ff\/anemometer_thiesfirstclassadvanced_ii_s11101-h_dimensional_drawing.png__311x437_q85_subsampling-2.png\" \/><\/p>\n<table id=\"table005\" width=\"637\">\n<thead>\n<tr>\n<th colspan=\"2\" scope=\"col\"><span style=\"font-weight: 400;\">Characteristics<\/span><\/th>\n<\/tr>\n<\/thead>\n<tbody>\n<tr>\n<td>Physical functionality<\/td>\n<td>Optically-scanned cup anemometer<\/td>\n<\/tr>\n<tr>\n<td>Delivered signal<\/td>\n<td>Frequency output (pulse)<\/td>\n<\/tr>\n<tr>\n<td>Accuracy<\/td>\n<td>0.3 &#8230; 50 m\/s\u00a0\u00a0\u00a0\u00a0\u00a0 1% of meas. value or &lt; 0.2 m\/s<\/td>\n<\/tr>\n<tr>\n<td>Linearity<\/td>\n<td>Correlation factor r between frequency f and wind speed y<br \/>\ny = 0.0462 \u00d7 f + 0.21 typical<br \/>\nr &gt; 0.999 99\u00a0\u00a0\u00a0\u00a0\u00a0 (4 &#8230; 20 m\/s)<\/td>\n<\/tr>\n<tr>\n<td>Starting velocity<\/td>\n<td>&lt; 0.3 m\/s<\/td>\n<\/tr>\n<tr>\n<td>Resolution<\/td>\n<td>0.05 m wind run<\/td>\n<\/tr>\n<tr>\n<td>Distance constant<\/td>\n<td>&lt; 3 m (acc. to ASTM D 5096 &#8211; 96)\u00a0\u00a0\u00a0\u00a0 3 m acc. to ISO 17713-1<\/td>\n<\/tr>\n<tr>\n<td>Turbulent flow<\/td>\n<td>Deviation \u0394v\u00a0 turbulent compared with stationary horizontal flow<br \/>\n-0.5 % &lt; \u0394v &lt; +2 %<br \/>\nFrequency &lt; 2 Hz<\/td>\n<\/tr>\n<tr>\n<td>Inclined flow<br \/>\n&#8211; mean deviation from cosinus line<br \/>\n&#8211; Turbulence effect<\/td>\n<td>&lt; 0.1 % (in range of \u00b120\u00b0)<br \/>\n&lt; 1 % (in the range up to 30% turbulence intensity)<\/td>\n<\/tr>\n<tr>\n<td>Wind load<\/td>\n<td>Approx. 100 N @ 75 m\/s<\/td>\n<\/tr>\n<tr>\n<td colspan=\"2\">Operating range<\/td>\n<\/tr>\n<tr>\n<td>Measuring range<\/td>\n<td>0.3 &#8230; 75 m\/s<\/td>\n<\/tr>\n<tr>\n<td>Survival speed<\/td>\n<td>80 m\/s (mind. 30 min)<\/td>\n<\/tr>\n<tr>\n<td>Permissible ambient conditions<\/td>\n<td>-50 &#8230; +80 \u00b0C, all occuring situations of relative humidity<\/td>\n<\/tr>\n<tr>\n<td colspan=\"2\">Electrical data<\/td>\n<\/tr>\n<tr>\n<td>Output signal<\/td>\n<td>Form rectangle, 1082 Hz @ 50 m\/s, supply voltage max. 15 V<\/td>\n<\/tr>\n<tr>\n<td>Electrical supply for optoelec. scanning<\/td>\n<td>Voltage: 3.3 &#8230; 48 VDC (galvanic isolation from housing)<br \/>\nCurrent: 0.3 mA @ 3.3 V (w\/o external load)<br \/>\n&lt; 0.5 mA @ 5 V (w\/o external load)<\/td>\n<\/tr>\n<tr>\n<td>Electrical supply for heating<\/td>\n<td>Voltage:\u00a0 24 V AC\/DC (galvanic isolation from housing)<br \/>\nIdling voltage: max. 30 V AC, max. 48 VDC<br \/>\nPower consumption:\u00a0\u00a0 25 W<\/td>\n<\/tr>\n<tr>\n<td colspan=\"2\">General<\/td>\n<\/tr>\n<tr>\n<td>Connection<\/td>\n<td>8-pole plug-connection for shielded cable in the shaft<\/td>\n<\/tr>\n<tr>\n<td>Mounting<\/td>\n<td>on mast tube R1\u201d<\/td>\n<\/tr>\n<tr>\n<td>Dimensions<\/td>\n<td>290 x 240 mm<\/td>\n<\/tr>\n<tr>\n<td>Fixing boring<\/td>\n<td>35 x 25 mm<\/td>\n<\/tr>\n<tr>\n<td>Weight<\/td>\n<td>approx. 0.5 kg<\/td>\n<\/tr>\n<tr>\n<td>Material Housing<\/p>\n<p>Cup star<\/td>\n<td>Anodised aluminiun<\/p>\n<p>Carbon-fibre-reinforced plastic<\/td>\n<\/tr>\n<tr>\n<td>Type of bearings<\/td>\n<td>Metallic ball bearings<\/td>\n<\/tr>\n<tr>\n<td>Protection<\/td>\n<td>IP 55 (DIN 40050)<\/td>\n<\/tr>\n<tr>\n<td>Patent<\/td>\n<td>EP 1 398 637<br \/>\nDE 103 27 632<br \/>\nEP 1 489 427<\/td>\n<\/tr>\n<tr>\n<td>EMC<\/td>\n<td>EN 61000-6-2:2001 (immunity)<br \/>\nEN 55022:2001, Class B (interfering transmission)<\/td>\n<\/tr>\n<tr>\n<td>Manufacturer<\/td>\n<td>Thies<\/td>\n<\/tr>\n<\/tbody>\n<\/table>\n","protected":false},"excerpt":{"rendered":"<h3>Sifari\u015f n\u00f6mr\u0259si<\/h3>\n<p>S11101 \/ S11101H<\/p>\n","protected":false},"featured_media":30847,"template":"","meta":[],"product_brand":[],"product_cat":[1422,1336,1416],"product_tag":[],"class_list":{"0":"post-30852","1":"product","2":"type-product","3":"status-publish","4":"has-post-thumbnail","6":"product_cat-anemometr","7":"product_cat-brpa-olunan-enerji-kulk-v-guns-enerjisi-olcusu-az","8":"product_cat-kulk-sensoru","10":"first","11":"instock","12":"shipping-taxable","13":"product-type-simple"},"yoast_head":"<!-- This site is optimized with the Yoast SEO plugin v27.1.1 - https:\/\/yoast.com\/product\/yoast-seo-wordpress\/ -->\n<title>Anemometr Thies First Class Advanced II - GeoClimate.ge<\/title>\n<meta name=\"robots\" content=\"index, follow, max-snippet:-1, max-image-preview:large, max-video-preview:-1\" \/>\n<link rel=\"canonical\" href=\"https:\/\/geoclimate.ge\/az\/product\/anemometer-thies-first-class-advanced-ii\/\" \/>\n<meta property=\"og:locale\" content=\"az_AZ\" \/>\n<meta property=\"og:type\" content=\"article\" \/>\n<meta property=\"og:title\" content=\"Anemometr Thies First Class Advanced II - GeoClimate.ge\" \/>\n<meta property=\"og:description\" content=\"Sifari\u015f n\u00f6mr\u0259si S11101 \/ S11101H\" \/>\n<meta property=\"og:url\" content=\"https:\/\/geoclimate.ge\/az\/product\/anemometer-thies-first-class-advanced-ii\/\" \/>\n<meta property=\"og:site_name\" content=\"GeoClimate.ge\" \/>\n<meta property=\"article:modified_time\" content=\"2025-05-10T18:21:50+00:00\" \/>\n<meta property=\"og:image\" content=\"https:\/\/geoclimate.ge\/wp-content\/uploads\/2025\/05\/anemometer-thies-firstclassadvanced.png__490x490_q85_crop_subsampling-2_upscale.png\" \/>\n\t<meta property=\"og:image:width\" content=\"490\" \/>\n\t<meta property=\"og:image:height\" content=\"490\" \/>\n\t<meta property=\"og:image:type\" content=\"image\/png\" \/>\n<meta name=\"twitter:card\" content=\"summary_large_image\" \/>\n<meta name=\"twitter:label1\" content=\"Est. reading time\" \/>\n\t<meta name=\"twitter:data1\" content=\"3 minutes\" \/>\n<script type=\"application\/ld+json\" class=\"yoast-schema-graph\">{\"@context\":\"https:\/\/schema.org\",\"@graph\":[{\"@type\":\"WebPage\",\"@id\":\"https:\/\/geoclimate.ge\/az\/product\/anemometer-thies-first-class-advanced-ii\/\",\"url\":\"https:\/\/geoclimate.ge\/az\/product\/anemometer-thies-first-class-advanced-ii\/\",\"name\":\"Anemometr Thies First Class Advanced II - GeoClimate.ge\",\"isPartOf\":{\"@id\":\"https:\/\/geoclimate.ge\/#website\"},\"primaryImageOfPage\":{\"@id\":\"https:\/\/geoclimate.ge\/az\/product\/anemometer-thies-first-class-advanced-ii\/#primaryimage\"},\"image\":{\"@id\":\"https:\/\/geoclimate.ge\/az\/product\/anemometer-thies-first-class-advanced-ii\/#primaryimage\"},\"thumbnailUrl\":\"https:\/\/geoclimate.ge\/wp-content\/uploads\/2025\/05\/anemometer-thies-firstclassadvanced.png__490x490_q85_crop_subsampling-2_upscale.png\",\"datePublished\":\"2025-05-10T18:02:37+00:00\",\"dateModified\":\"2025-05-10T18:21:50+00:00\",\"breadcrumb\":{\"@id\":\"https:\/\/geoclimate.ge\/az\/product\/anemometer-thies-first-class-advanced-ii\/#breadcrumb\"},\"inLanguage\":\"az\",\"potentialAction\":[{\"@type\":\"ReadAction\",\"target\":[\"https:\/\/geoclimate.ge\/az\/product\/anemometer-thies-first-class-advanced-ii\/\"]}]},{\"@type\":\"ImageObject\",\"inLanguage\":\"az\",\"@id\":\"https:\/\/geoclimate.ge\/az\/product\/anemometer-thies-first-class-advanced-ii\/#primaryimage\",\"url\":\"https:\/\/geoclimate.ge\/wp-content\/uploads\/2025\/05\/anemometer-thies-firstclassadvanced.png__490x490_q85_crop_subsampling-2_upscale.png\",\"contentUrl\":\"https:\/\/geoclimate.ge\/wp-content\/uploads\/2025\/05\/anemometer-thies-firstclassadvanced.png__490x490_q85_crop_subsampling-2_upscale.png\",\"width\":490,\"height\":490},{\"@type\":\"BreadcrumbList\",\"@id\":\"https:\/\/geoclimate.ge\/az\/product\/anemometer-thies-first-class-advanced-ii\/#breadcrumb\",\"itemListElement\":[{\"@type\":\"ListItem\",\"position\":1,\"name\":\"Home\",\"item\":\"https:\/\/geoclimate.ge\/az\/\"},{\"@type\":\"ListItem\",\"position\":2,\"name\":\"M\u0259hsullar\",\"item\":\"https:\/\/geoclimate.ge\/az\/products\/\"},{\"@type\":\"ListItem\",\"position\":3,\"name\":\"Anemometr Thies First Class Advanced II\"}]},{\"@type\":\"WebSite\",\"@id\":\"https:\/\/geoclimate.ge\/#website\",\"url\":\"https:\/\/geoclimate.ge\/\",\"name\":\"GeoClimate\",\"description\":\"\",\"publisher\":{\"@id\":\"https:\/\/geoclimate.ge\/#organization\"},\"potentialAction\":[{\"@type\":\"SearchAction\",\"target\":{\"@type\":\"EntryPoint\",\"urlTemplate\":\"https:\/\/geoclimate.ge\/?s={search_term_string}\"},\"query-input\":{\"@type\":\"PropertyValueSpecification\",\"valueRequired\":true,\"valueName\":\"search_term_string\"}}],\"inLanguage\":\"az\"},{\"@type\":\"Organization\",\"@id\":\"https:\/\/geoclimate.ge\/#organization\",\"name\":\"GeoClimate\",\"url\":\"https:\/\/geoclimate.ge\/\",\"logo\":{\"@type\":\"ImageObject\",\"inLanguage\":\"az\",\"@id\":\"https:\/\/geoclimate.ge\/#\/schema\/logo\/image\/\",\"url\":\"https:\/\/geoclimate.ge\/wp-content\/uploads\/2026\/03\/geoclimate-SEO.png\",\"contentUrl\":\"https:\/\/geoclimate.ge\/wp-content\/uploads\/2026\/03\/geoclimate-SEO.png\",\"width\":1536,\"height\":1024,\"caption\":\"GeoClimate\"},\"image\":{\"@id\":\"https:\/\/geoclimate.ge\/#\/schema\/logo\/image\/\"}}]}<\/script>\n<!-- \/ Yoast SEO plugin. -->","yoast_head_json":{"title":"Anemometr Thies First Class Advanced II - GeoClimate.ge","robots":{"index":"index","follow":"follow","max-snippet":"max-snippet:-1","max-image-preview":"max-image-preview:large","max-video-preview":"max-video-preview:-1"},"canonical":"https:\/\/geoclimate.ge\/az\/product\/anemometer-thies-first-class-advanced-ii\/","og_locale":"az_AZ","og_type":"article","og_title":"Anemometr Thies First Class Advanced II - GeoClimate.ge","og_description":"Sifari\u015f n\u00f6mr\u0259si S11101 \/ S11101H","og_url":"https:\/\/geoclimate.ge\/az\/product\/anemometer-thies-first-class-advanced-ii\/","og_site_name":"GeoClimate.ge","article_modified_time":"2025-05-10T18:21:50+00:00","og_image":[{"width":490,"height":490,"url":"https:\/\/geoclimate.ge\/wp-content\/uploads\/2025\/05\/anemometer-thies-firstclassadvanced.png__490x490_q85_crop_subsampling-2_upscale.png","type":"image\/png"}],"twitter_card":"summary_large_image","twitter_misc":{"Est. reading time":"3 minutes"},"schema":{"@context":"https:\/\/schema.org","@graph":[{"@type":"WebPage","@id":"https:\/\/geoclimate.ge\/az\/product\/anemometer-thies-first-class-advanced-ii\/","url":"https:\/\/geoclimate.ge\/az\/product\/anemometer-thies-first-class-advanced-ii\/","name":"Anemometr Thies First Class Advanced II - GeoClimate.ge","isPartOf":{"@id":"https:\/\/geoclimate.ge\/#website"},"primaryImageOfPage":{"@id":"https:\/\/geoclimate.ge\/az\/product\/anemometer-thies-first-class-advanced-ii\/#primaryimage"},"image":{"@id":"https:\/\/geoclimate.ge\/az\/product\/anemometer-thies-first-class-advanced-ii\/#primaryimage"},"thumbnailUrl":"https:\/\/geoclimate.ge\/wp-content\/uploads\/2025\/05\/anemometer-thies-firstclassadvanced.png__490x490_q85_crop_subsampling-2_upscale.png","datePublished":"2025-05-10T18:02:37+00:00","dateModified":"2025-05-10T18:21:50+00:00","breadcrumb":{"@id":"https:\/\/geoclimate.ge\/az\/product\/anemometer-thies-first-class-advanced-ii\/#breadcrumb"},"inLanguage":"az","potentialAction":[{"@type":"ReadAction","target":["https:\/\/geoclimate.ge\/az\/product\/anemometer-thies-first-class-advanced-ii\/"]}]},{"@type":"ImageObject","inLanguage":"az","@id":"https:\/\/geoclimate.ge\/az\/product\/anemometer-thies-first-class-advanced-ii\/#primaryimage","url":"https:\/\/geoclimate.ge\/wp-content\/uploads\/2025\/05\/anemometer-thies-firstclassadvanced.png__490x490_q85_crop_subsampling-2_upscale.png","contentUrl":"https:\/\/geoclimate.ge\/wp-content\/uploads\/2025\/05\/anemometer-thies-firstclassadvanced.png__490x490_q85_crop_subsampling-2_upscale.png","width":490,"height":490},{"@type":"BreadcrumbList","@id":"https:\/\/geoclimate.ge\/az\/product\/anemometer-thies-first-class-advanced-ii\/#breadcrumb","itemListElement":[{"@type":"ListItem","position":1,"name":"Home","item":"https:\/\/geoclimate.ge\/az\/"},{"@type":"ListItem","position":2,"name":"M\u0259hsullar","item":"https:\/\/geoclimate.ge\/az\/products\/"},{"@type":"ListItem","position":3,"name":"Anemometr Thies First Class Advanced II"}]},{"@type":"WebSite","@id":"https:\/\/geoclimate.ge\/#website","url":"https:\/\/geoclimate.ge\/","name":"GeoClimate","description":"","publisher":{"@id":"https:\/\/geoclimate.ge\/#organization"},"potentialAction":[{"@type":"SearchAction","target":{"@type":"EntryPoint","urlTemplate":"https:\/\/geoclimate.ge\/?s={search_term_string}"},"query-input":{"@type":"PropertyValueSpecification","valueRequired":true,"valueName":"search_term_string"}}],"inLanguage":"az"},{"@type":"Organization","@id":"https:\/\/geoclimate.ge\/#organization","name":"GeoClimate","url":"https:\/\/geoclimate.ge\/","logo":{"@type":"ImageObject","inLanguage":"az","@id":"https:\/\/geoclimate.ge\/#\/schema\/logo\/image\/","url":"https:\/\/geoclimate.ge\/wp-content\/uploads\/2026\/03\/geoclimate-SEO.png","contentUrl":"https:\/\/geoclimate.ge\/wp-content\/uploads\/2026\/03\/geoclimate-SEO.png","width":1536,"height":1024,"caption":"GeoClimate"},"image":{"@id":"https:\/\/geoclimate.ge\/#\/schema\/logo\/image\/"}}]}},"_links":{"self":[{"href":"https:\/\/geoclimate.ge\/az\/wp-json\/wp\/v2\/product\/30852","targetHints":{"allow":["GET"]}}],"collection":[{"href":"https:\/\/geoclimate.ge\/az\/wp-json\/wp\/v2\/product"}],"about":[{"href":"https:\/\/geoclimate.ge\/az\/wp-json\/wp\/v2\/types\/product"}],"wp:featuredmedia":[{"embeddable":true,"href":"https:\/\/geoclimate.ge\/az\/wp-json\/wp\/v2\/media\/30847"}],"wp:attachment":[{"href":"https:\/\/geoclimate.ge\/az\/wp-json\/wp\/v2\/media?parent=30852"}],"wp:term":[{"taxonomy":"product_brand","embeddable":true,"href":"https:\/\/geoclimate.ge\/az\/wp-json\/wp\/v2\/product_brand?post=30852"},{"taxonomy":"product_cat","embeddable":true,"href":"https:\/\/geoclimate.ge\/az\/wp-json\/wp\/v2\/product_cat?post=30852"},{"taxonomy":"product_tag","embeddable":true,"href":"https:\/\/geoclimate.ge\/az\/wp-json\/wp\/v2\/product_tag?post=30852"}],"curies":[{"name":"wp","href":"https:\/\/api.w.org\/{rel}","templated":true}]}}