{"id":30925,"date":"2025-05-10T23:17:08","date_gmt":"2025-05-10T19:17:08","guid":{"rendered":"https:\/\/airsystems.ge\/shop\/product\/wind-vane-thies-first-class-pot-heatable\/"},"modified":"2025-05-10T23:23:10","modified_gmt":"2025-05-10T19:23:10","slug":"wind-vane-thies-first-class-pot-heatable","status":"publish","type":"product","link":"https:\/\/geoclimate.ge\/az\/product\/wind-vane-thies-first-class-pot-heatable\/","title":{"rendered":"K\u00fcl\u0259k qanadl\u0131 Thies First Class POT q\u0131zd\u0131r\u0131l\u0131r"},"content":{"rendered":"<ul>\n<li>Birinci d\u0259r\u0259c\u0259li k\u00fcl\u0259k qanad\u0131n\u0131n t\u0259kmill\u0259\u015fdirilmi\u015f versiyas\u0131<br \/>\n\u018fn y\u00fcks\u0259k t\u0259l\u0259bl\u0259r \u00fc\u00e7\u00fcn m\u00f6hk\u0259m k\u00fcl\u0259k qanadlar\u0131<br \/>\nMexanik g\u0259rginlik s\u0259b\u0259bind\u0259n potensiometrin a\u015f\u0131nmas\u0131 yoxdur<\/p>\n<p><strong>\u00d6l\u00e7m\u0259 prinsipi<\/strong><\/p>\n<p>Elektron mexaniki potensiometrin davran\u0131\u015f\u0131n\u0131 t\u0259qlid edir, lakin mexaniki cihazlar\u0131n a\u015f\u0131nmas\u0131 v\u0259 qocalmas\u0131n\u0131n qar\u015f\u0131s\u0131n\u0131 al\u0131r.<\/p>\n<p>Ammonit Meteo-40 m\u0259lumat kaydedicisi istifad\u0259 edildikd\u0259 potensiometrik k\u00fcl\u0259k p\u0259rd\u0259sinin y\u00fcks\u0259k d\u0259qiqlikli \u00f6l\u00e7m\u0259 b\u00fcrc\u00fcn\u00fc saxlamaq \u00fc\u00e7\u00fcn naqill\u0259r klassik potensiometr k\u00fcl\u0259k qanad\u0131na uy\u011fundur.<\/p>\n<p>Rulmanlar rulmanlardan buzun qar\u015f\u0131s\u0131n\u0131 almaq \u00fc\u00e7\u00fcn elektron t\u0259nziml\u0259n\u0259n istilik sistemi il\u0259 t\u0259chiz edilmi\u015fdir. Bu istilikd\u0259n istifad\u0259 etm\u0259k \u00fc\u00e7\u00fcn qo\u015fulma kabelind\u0259 \u0259lav\u0259 n\u00fcv\u0259l\u0259r olmal\u0131d\u0131r v\u0259 kifay\u0259t q\u0259d\u0259r enerji t\u0259chizat\u0131 t\u0259min edilm\u0259lidir (\u015f\u0259b\u0259k\u0259 ba\u011flant\u0131s\u0131).<\/p>\n<p><strong>\u0130stilik<\/strong><\/p>\n<p>Korpus boyun s\u0259thinin temperaturu 20 m\/s-\u0259 q\u0259d\u0259r &gt;0 \u00b0C-dir<br \/>\n-10 \u00b0C hava istiliyi. 10 m\/s-d\u0259n -20 \u00b0C-\u0259 q\u0259d\u0259r temperaturda g\u00f6vd\u0259 boynunda Thies buzlanma standart\u0131 012002 t\u0259tbiq olunur. \u0130stilik bir temperatur sensoru il\u0259 t\u0259nziml\u0259nir.<\/li>\n<\/ul>\n","protected":false},"excerpt":{"rendered":"<h3>Sifari\u015f n\u00f6mr\u0259si<\/h3>\n<p>S21230H<\/p>\n","protected":false},"featured_media":30919,"template":"","meta":[],"product_brand":[],"product_cat":[1336,1428,1416],"product_tag":[],"class_list":{"0":"post-30925","1":"product","2":"type-product","3":"status-publish","4":"has-post-thumbnail","6":"product_cat-brpa-olunan-enerji-kulk-v-guns-enerjisi-olcusu-az","7":"product_cat-kulk-kulklri","8":"product_cat-kulk-sensoru","10":"first","11":"instock","12":"shipping-taxable","13":"product-type-simple"},"yoast_head":"<!-- This site is optimized with the Yoast SEO plugin v27.1.1 - https:\/\/yoast.com\/product\/yoast-seo-wordpress\/ -->\n<title>K\u00fcl\u0259k qanadl\u0131 Thies First Class POT q\u0131zd\u0131r\u0131l\u0131r - GeoClimate.ge<\/title>\n<meta name=\"robots\" content=\"index, follow, max-snippet:-1, max-image-preview:large, max-video-preview:-1\" \/>\n<link rel=\"canonical\" href=\"https:\/\/geoclimate.ge\/az\/product\/wind-vane-thies-first-class-pot-heatable\/\" \/>\n<meta property=\"og:locale\" content=\"az_AZ\" \/>\n<meta property=\"og:type\" content=\"article\" \/>\n<meta property=\"og:title\" content=\"K\u00fcl\u0259k qanadl\u0131 Thies First Class POT q\u0131zd\u0131r\u0131l\u0131r - GeoClimate.ge\" \/>\n<meta property=\"og:description\" content=\"Sifari\u015f n\u00f6mr\u0259si S21230H\" \/>\n<meta property=\"og:url\" content=\"https:\/\/geoclimate.ge\/az\/product\/wind-vane-thies-first-class-pot-heatable\/\" \/>\n<meta property=\"og:site_name\" content=\"GeoClimate.ge\" \/>\n<meta property=\"article:modified_time\" content=\"2025-05-10T19:23:10+00:00\" \/>\n<meta property=\"og:image\" content=\"https:\/\/geoclimate.ge\/wp-content\/uploads\/2025\/05\/windvane-thies-firstclass.png__490x490_q85_crop_subsampling-2_upscale.png\" \/>\n\t<meta property=\"og:image:width\" content=\"490\" \/>\n\t<meta property=\"og:image:height\" content=\"490\" \/>\n\t<meta property=\"og:image:type\" content=\"image\/png\" \/>\n<meta name=\"twitter:card\" content=\"summary_large_image\" \/>\n<meta name=\"twitter:label1\" content=\"Est. reading time\" \/>\n\t<meta name=\"twitter:data1\" content=\"1 minute\" \/>\n<script type=\"application\/ld+json\" class=\"yoast-schema-graph\">{\"@context\":\"https:\/\/schema.org\",\"@graph\":[{\"@type\":\"WebPage\",\"@id\":\"https:\/\/geoclimate.ge\/az\/product\/wind-vane-thies-first-class-pot-heatable\/\",\"url\":\"https:\/\/geoclimate.ge\/az\/product\/wind-vane-thies-first-class-pot-heatable\/\",\"name\":\"K\u00fcl\u0259k qanadl\u0131 Thies First Class POT q\u0131zd\u0131r\u0131l\u0131r - GeoClimate.ge\",\"isPartOf\":{\"@id\":\"https:\/\/geoclimate.ge\/#website\"},\"primaryImageOfPage\":{\"@id\":\"https:\/\/geoclimate.ge\/az\/product\/wind-vane-thies-first-class-pot-heatable\/#primaryimage\"},\"image\":{\"@id\":\"https:\/\/geoclimate.ge\/az\/product\/wind-vane-thies-first-class-pot-heatable\/#primaryimage\"},\"thumbnailUrl\":\"https:\/\/geoclimate.ge\/wp-content\/uploads\/2025\/05\/windvane-thies-firstclass.png__490x490_q85_crop_subsampling-2_upscale.png\",\"datePublished\":\"2025-05-10T19:17:08+00:00\",\"dateModified\":\"2025-05-10T19:23:10+00:00\",\"breadcrumb\":{\"@id\":\"https:\/\/geoclimate.ge\/az\/product\/wind-vane-thies-first-class-pot-heatable\/#breadcrumb\"},\"inLanguage\":\"az\",\"potentialAction\":[{\"@type\":\"ReadAction\",\"target\":[\"https:\/\/geoclimate.ge\/az\/product\/wind-vane-thies-first-class-pot-heatable\/\"]}]},{\"@type\":\"ImageObject\",\"inLanguage\":\"az\",\"@id\":\"https:\/\/geoclimate.ge\/az\/product\/wind-vane-thies-first-class-pot-heatable\/#primaryimage\",\"url\":\"https:\/\/geoclimate.ge\/wp-content\/uploads\/2025\/05\/windvane-thies-firstclass.png__490x490_q85_crop_subsampling-2_upscale.png\",\"contentUrl\":\"https:\/\/geoclimate.ge\/wp-content\/uploads\/2025\/05\/windvane-thies-firstclass.png__490x490_q85_crop_subsampling-2_upscale.png\",\"width\":490,\"height\":490},{\"@type\":\"BreadcrumbList\",\"@id\":\"https:\/\/geoclimate.ge\/az\/product\/wind-vane-thies-first-class-pot-heatable\/#breadcrumb\",\"itemListElement\":[{\"@type\":\"ListItem\",\"position\":1,\"name\":\"Home\",\"item\":\"https:\/\/geoclimate.ge\/az\/\"},{\"@type\":\"ListItem\",\"position\":2,\"name\":\"M\u0259hsullar\",\"item\":\"https:\/\/geoclimate.ge\/az\/products\/\"},{\"@type\":\"ListItem\",\"position\":3,\"name\":\"K\u00fcl\u0259k qanadl\u0131 Thies First Class POT q\u0131zd\u0131r\u0131l\u0131r\"}]},{\"@type\":\"WebSite\",\"@id\":\"https:\/\/geoclimate.ge\/#website\",\"url\":\"https:\/\/geoclimate.ge\/\",\"name\":\"GeoClimate\",\"description\":\"\",\"publisher\":{\"@id\":\"https:\/\/geoclimate.ge\/#organization\"},\"potentialAction\":[{\"@type\":\"SearchAction\",\"target\":{\"@type\":\"EntryPoint\",\"urlTemplate\":\"https:\/\/geoclimate.ge\/?s={search_term_string}\"},\"query-input\":{\"@type\":\"PropertyValueSpecification\",\"valueRequired\":true,\"valueName\":\"search_term_string\"}}],\"inLanguage\":\"az\"},{\"@type\":\"Organization\",\"@id\":\"https:\/\/geoclimate.ge\/#organization\",\"name\":\"GeoClimate\",\"url\":\"https:\/\/geoclimate.ge\/\",\"logo\":{\"@type\":\"ImageObject\",\"inLanguage\":\"az\",\"@id\":\"https:\/\/geoclimate.ge\/#\/schema\/logo\/image\/\",\"url\":\"https:\/\/geoclimate.ge\/wp-content\/uploads\/2026\/03\/geoclimate-SEO.png\",\"contentUrl\":\"https:\/\/geoclimate.ge\/wp-content\/uploads\/2026\/03\/geoclimate-SEO.png\",\"width\":1536,\"height\":1024,\"caption\":\"GeoClimate\"},\"image\":{\"@id\":\"https:\/\/geoclimate.ge\/#\/schema\/logo\/image\/\"}}]}<\/script>\n<!-- \/ Yoast SEO plugin. -->","yoast_head_json":{"title":"K\u00fcl\u0259k qanadl\u0131 Thies First Class POT q\u0131zd\u0131r\u0131l\u0131r - GeoClimate.ge","robots":{"index":"index","follow":"follow","max-snippet":"max-snippet:-1","max-image-preview":"max-image-preview:large","max-video-preview":"max-video-preview:-1"},"canonical":"https:\/\/geoclimate.ge\/az\/product\/wind-vane-thies-first-class-pot-heatable\/","og_locale":"az_AZ","og_type":"article","og_title":"K\u00fcl\u0259k qanadl\u0131 Thies First Class POT q\u0131zd\u0131r\u0131l\u0131r - GeoClimate.ge","og_description":"Sifari\u015f n\u00f6mr\u0259si S21230H","og_url":"https:\/\/geoclimate.ge\/az\/product\/wind-vane-thies-first-class-pot-heatable\/","og_site_name":"GeoClimate.ge","article_modified_time":"2025-05-10T19:23:10+00:00","og_image":[{"width":490,"height":490,"url":"https:\/\/geoclimate.ge\/wp-content\/uploads\/2025\/05\/windvane-thies-firstclass.png__490x490_q85_crop_subsampling-2_upscale.png","type":"image\/png"}],"twitter_card":"summary_large_image","twitter_misc":{"Est. reading time":"1 minute"},"schema":{"@context":"https:\/\/schema.org","@graph":[{"@type":"WebPage","@id":"https:\/\/geoclimate.ge\/az\/product\/wind-vane-thies-first-class-pot-heatable\/","url":"https:\/\/geoclimate.ge\/az\/product\/wind-vane-thies-first-class-pot-heatable\/","name":"K\u00fcl\u0259k qanadl\u0131 Thies First Class POT q\u0131zd\u0131r\u0131l\u0131r - GeoClimate.ge","isPartOf":{"@id":"https:\/\/geoclimate.ge\/#website"},"primaryImageOfPage":{"@id":"https:\/\/geoclimate.ge\/az\/product\/wind-vane-thies-first-class-pot-heatable\/#primaryimage"},"image":{"@id":"https:\/\/geoclimate.ge\/az\/product\/wind-vane-thies-first-class-pot-heatable\/#primaryimage"},"thumbnailUrl":"https:\/\/geoclimate.ge\/wp-content\/uploads\/2025\/05\/windvane-thies-firstclass.png__490x490_q85_crop_subsampling-2_upscale.png","datePublished":"2025-05-10T19:17:08+00:00","dateModified":"2025-05-10T19:23:10+00:00","breadcrumb":{"@id":"https:\/\/geoclimate.ge\/az\/product\/wind-vane-thies-first-class-pot-heatable\/#breadcrumb"},"inLanguage":"az","potentialAction":[{"@type":"ReadAction","target":["https:\/\/geoclimate.ge\/az\/product\/wind-vane-thies-first-class-pot-heatable\/"]}]},{"@type":"ImageObject","inLanguage":"az","@id":"https:\/\/geoclimate.ge\/az\/product\/wind-vane-thies-first-class-pot-heatable\/#primaryimage","url":"https:\/\/geoclimate.ge\/wp-content\/uploads\/2025\/05\/windvane-thies-firstclass.png__490x490_q85_crop_subsampling-2_upscale.png","contentUrl":"https:\/\/geoclimate.ge\/wp-content\/uploads\/2025\/05\/windvane-thies-firstclass.png__490x490_q85_crop_subsampling-2_upscale.png","width":490,"height":490},{"@type":"BreadcrumbList","@id":"https:\/\/geoclimate.ge\/az\/product\/wind-vane-thies-first-class-pot-heatable\/#breadcrumb","itemListElement":[{"@type":"ListItem","position":1,"name":"Home","item":"https:\/\/geoclimate.ge\/az\/"},{"@type":"ListItem","position":2,"name":"M\u0259hsullar","item":"https:\/\/geoclimate.ge\/az\/products\/"},{"@type":"ListItem","position":3,"name":"K\u00fcl\u0259k qanadl\u0131 Thies First Class POT q\u0131zd\u0131r\u0131l\u0131r"}]},{"@type":"WebSite","@id":"https:\/\/geoclimate.ge\/#website","url":"https:\/\/geoclimate.ge\/","name":"GeoClimate","description":"","publisher":{"@id":"https:\/\/geoclimate.ge\/#organization"},"potentialAction":[{"@type":"SearchAction","target":{"@type":"EntryPoint","urlTemplate":"https:\/\/geoclimate.ge\/?s={search_term_string}"},"query-input":{"@type":"PropertyValueSpecification","valueRequired":true,"valueName":"search_term_string"}}],"inLanguage":"az"},{"@type":"Organization","@id":"https:\/\/geoclimate.ge\/#organization","name":"GeoClimate","url":"https:\/\/geoclimate.ge\/","logo":{"@type":"ImageObject","inLanguage":"az","@id":"https:\/\/geoclimate.ge\/#\/schema\/logo\/image\/","url":"https:\/\/geoclimate.ge\/wp-content\/uploads\/2026\/03\/geoclimate-SEO.png","contentUrl":"https:\/\/geoclimate.ge\/wp-content\/uploads\/2026\/03\/geoclimate-SEO.png","width":1536,"height":1024,"caption":"GeoClimate"},"image":{"@id":"https:\/\/geoclimate.ge\/#\/schema\/logo\/image\/"}}]}},"_links":{"self":[{"href":"https:\/\/geoclimate.ge\/az\/wp-json\/wp\/v2\/product\/30925","targetHints":{"allow":["GET"]}}],"collection":[{"href":"https:\/\/geoclimate.ge\/az\/wp-json\/wp\/v2\/product"}],"about":[{"href":"https:\/\/geoclimate.ge\/az\/wp-json\/wp\/v2\/types\/product"}],"wp:featuredmedia":[{"embeddable":true,"href":"https:\/\/geoclimate.ge\/az\/wp-json\/wp\/v2\/media\/30919"}],"wp:attachment":[{"href":"https:\/\/geoclimate.ge\/az\/wp-json\/wp\/v2\/media?parent=30925"}],"wp:term":[{"taxonomy":"product_brand","embeddable":true,"href":"https:\/\/geoclimate.ge\/az\/wp-json\/wp\/v2\/product_brand?post=30925"},{"taxonomy":"product_cat","embeddable":true,"href":"https:\/\/geoclimate.ge\/az\/wp-json\/wp\/v2\/product_cat?post=30925"},{"taxonomy":"product_tag","embeddable":true,"href":"https:\/\/geoclimate.ge\/az\/wp-json\/wp\/v2\/product_tag?post=30925"}],"curies":[{"name":"wp","href":"https:\/\/api.w.org\/{rel}","templated":true}]}}