{"id":30951,"date":"2025-05-10T23:32:40","date_gmt":"2025-05-10T19:32:40","guid":{"rendered":"https:\/\/airsystems.ge\/shop\/product\/wind-vane-thies-first-class-tmr\/"},"modified":"2025-05-10T23:36:02","modified_gmt":"2025-05-10T19:36:02","slug":"wind-vane-thies-first-class-tmr","status":"publish","type":"product","link":"https:\/\/geoclimate.ge\/az\/product\/wind-vane-thies-first-class-tmr\/","title":{"rendered":"K\u00fcl\u0259k G\u00fcl\u00fc Thies Kompakt POT"},"content":{"rendered":"<p>Potensiometrik k\u00fcl\u0259yin istiqam\u0259ti \u00f6t\u00fcr\u00fcc\u00fc<br \/>\nTam diapazon 0 &#8230; 360\u00b0<br \/>\nY\u00fcks\u0259k keyfiyy\u0259tli potensiometr 0 &#8230; 2 k\u03a9<\/p>\n<p>\u00d6l\u00e7m\u0259 prinsipi<\/p>\n<p>Potensiometrin k\u00f6m\u0259yi il\u0259 fiziki x\u00fcsusiyy\u0259t analoq rezistor \u00e7\u0131x\u0131\u015f siqnal\u0131na \u00e7evrilir. S\u0131f\u0131rda \u00e7evirici s\u0131f\u0131r v\u0259 2 k\u03a9 s\u0259rh\u0259dl\u0259ri aras\u0131nda \u201c\u015fimal ke\u00e7idini\u201d ke\u00e7m\u0259lidir.<\/p>\n<p>B\u00fct\u00fcn Ammonit m\u0259lumat toplama sisteml\u0259rind\u0259 k\u00fcl\u0259yin istiqam\u0259ti siqnal\u0131n\u0131n kondisioneri v\u0259 m\u0259lumatlar\u0131n i\u015fl\u0259nm\u0259si bu ixtisasa diqq\u0259tl\u0259 diqq\u0259t yetirir.<\/p>\n<p>Rulmanlarda buzlanman\u0131n qar\u015f\u0131s\u0131n\u0131 almaq \u00fc\u00e7\u00fcn k\u00fcl\u0259k p\u0259rd\u0259si elektron t\u0259nziml\u0259n\u0259n istilik sistemi il\u0259 t\u0259chiz oluna bil\u0259r. Bu istilikd\u0259n istifad\u0259 etm\u0259k \u00fc\u00e7\u00fcn qo\u015fulma kabelind\u0259 \u0259lav\u0259 n\u00fcv\u0259l\u0259r olmal\u0131d\u0131r v\u0259 kifay\u0259t q\u0259d\u0259r enerji t\u0259chizat\u0131 t\u0259min edilm\u0259lidir (\u015f\u0259b\u0259k\u0259 ba\u011flant\u0131s\u0131).<\/p>\n<table border=\"1\" width=\"662\" cellspacing=\"1\" cellpadding=\"1\">\n<thead>\n<tr>\n<th scope=\"col\"><span style=\"font-weight: 400;\">Characteristic<\/span><\/th>\n<th scope=\"col\"><span style=\"font-weight: 400;\">Description \/ Value<\/span><\/th>\n<\/tr>\n<\/thead>\n<tbody>\n<tr>\n<td>Measurement principle<\/td>\n<td>Magnetic<\/td>\n<\/tr>\n<tr>\n<td>Measurement range<\/td>\n<td>0 &#8230; 360\u00b0<\/td>\n<\/tr>\n<tr>\n<td>Accuracy<\/td>\n<td>\u00b1 0.75\u00b0<\/td>\n<\/tr>\n<tr>\n<td>Resolution<\/td>\n<td>0.35\u00b0<\/td>\n<\/tr>\n<tr>\n<td>Survival speed<\/td>\n<td>max. 85 m\/s, 30 min<\/td>\n<\/tr>\n<tr>\n<td>Starting threshold<\/td>\n<td>&lt; 0.5 m\/s at 10\u00b0 amplitude (acc. to ASTM D 5366-96)<br \/>\n&lt; 0.2 m\/s at 90\u00b0 amplitude (acc. to VDI 3786 Part 2)<\/td>\n<\/tr>\n<tr>\n<td>Delay distance<\/td>\n<td>&lt; 1.8 m (acc. to ASTM D 5366-96)<\/td>\n<\/tr>\n<tr>\n<td>Damping ratio<\/td>\n<td>D &gt; 0.3 (acc. to ASTM D 5366-96)<\/td>\n<\/tr>\n<tr>\n<td>Quality factor<\/td>\n<td>K &gt; 1<\/td>\n<\/tr>\n<tr>\n<td>Output<\/td>\n<td>10-bit serial-synchronous (compatible with Ammonit Meteo-40 data loggers)<\/td>\n<\/tr>\n<tr>\n<td>Operating voltage<\/td>\n<td>3.3 &#8230; 42 VDC<\/td>\n<\/tr>\n<tr>\n<td>Operating voltage heating<\/td>\n<td>24 V DC\/AC, 45 &#8230; 65 Hz (galvanically isolated from housing), max. 25 W<\/td>\n<\/tr>\n<tr>\n<td>Current Consumption @ 12 V DC<\/td>\n<td>2.5 mA (without heating)<\/td>\n<\/tr>\n<tr>\n<td>Ambient temperature<\/td>\n<td>-50 &#8230; +80 \u00b0C<\/td>\n<\/tr>\n<tr>\n<td>Connection<\/td>\n<td>8-pole plug connection for shielded cable in the shaft<\/td>\n<\/tr>\n<tr>\n<td>Mounting<\/td>\n<td>Mounting on mast 1\u201d (DIN EN 10255; 1\u201d= \u00d8 33.4 mm)<br \/>\n1 \u00bd\u201d with separate adapter (optional)<\/td>\n<\/tr>\n<tr>\n<td>Material<\/td>\n<td>Aluminum<\/td>\n<\/tr>\n<tr>\n<td>Type of ball bearings<\/td>\n<td>Metallic ball bearings<\/td>\n<\/tr>\n<tr>\n<td>Weight<\/td>\n<td>approx. 0.7 kg<\/td>\n<\/tr>\n<tr>\n<td>Protection<\/td>\n<td>IP 55<\/td>\n<\/tr>\n<tr>\n<td>Manufacturer<\/td>\n<td>Thies<\/td>\n<\/tr>\n<\/tbody>\n<\/table>\n","protected":false},"excerpt":{"rendered":"<h3>Sifari\u015f n\u00f6mr\u0259si<\/h3>\n<p>S21110H<\/p>\n","protected":false},"featured_media":30946,"template":"","meta":[],"product_brand":[],"product_cat":[1336,1428,1416],"product_tag":[],"class_list":{"0":"post-30951","1":"product","2":"type-product","3":"status-publish","4":"has-post-thumbnail","6":"product_cat-brpa-olunan-enerji-kulk-v-guns-enerjisi-olcusu-az","7":"product_cat-kulk-kulklri","8":"product_cat-kulk-sensoru","10":"first","11":"instock","12":"shipping-taxable","13":"product-type-simple"},"yoast_head":"<!-- This site is optimized with the Yoast SEO plugin v27.1.1 - https:\/\/yoast.com\/product\/yoast-seo-wordpress\/ -->\n<title>K\u00fcl\u0259k G\u00fcl\u00fc Thies Kompakt POT - GeoClimate.ge<\/title>\n<meta name=\"robots\" content=\"index, follow, max-snippet:-1, max-image-preview:large, max-video-preview:-1\" \/>\n<link rel=\"canonical\" href=\"https:\/\/geoclimate.ge\/az\/product\/wind-vane-thies-first-class-tmr\/\" \/>\n<meta property=\"og:locale\" content=\"az_AZ\" \/>\n<meta property=\"og:type\" content=\"article\" \/>\n<meta property=\"og:title\" content=\"K\u00fcl\u0259k G\u00fcl\u00fc Thies Kompakt POT - GeoClimate.ge\" \/>\n<meta property=\"og:description\" content=\"Sifari\u015f n\u00f6mr\u0259si S21110H\" \/>\n<meta property=\"og:url\" content=\"https:\/\/geoclimate.ge\/az\/product\/wind-vane-thies-first-class-tmr\/\" \/>\n<meta property=\"og:site_name\" content=\"GeoClimate.ge\" \/>\n<meta property=\"article:modified_time\" content=\"2025-05-10T19:36:02+00:00\" \/>\n<meta property=\"og:image\" content=\"https:\/\/geoclimate.ge\/wp-content\/uploads\/2025\/05\/windvane-thies-firstclass-1.png__490x490_q85_crop_subsampling-2_upscale-1.png\" \/>\n\t<meta property=\"og:image:width\" content=\"490\" \/>\n\t<meta property=\"og:image:height\" content=\"490\" \/>\n\t<meta property=\"og:image:type\" content=\"image\/png\" \/>\n<meta name=\"twitter:card\" content=\"summary_large_image\" \/>\n<meta name=\"twitter:label1\" content=\"Est. reading time\" \/>\n\t<meta name=\"twitter:data1\" content=\"1 minute\" \/>\n<script type=\"application\/ld+json\" class=\"yoast-schema-graph\">{\"@context\":\"https:\/\/schema.org\",\"@graph\":[{\"@type\":\"WebPage\",\"@id\":\"https:\/\/geoclimate.ge\/az\/product\/wind-vane-thies-first-class-tmr\/\",\"url\":\"https:\/\/geoclimate.ge\/az\/product\/wind-vane-thies-first-class-tmr\/\",\"name\":\"K\u00fcl\u0259k G\u00fcl\u00fc Thies Kompakt POT - GeoClimate.ge\",\"isPartOf\":{\"@id\":\"https:\/\/geoclimate.ge\/#website\"},\"primaryImageOfPage\":{\"@id\":\"https:\/\/geoclimate.ge\/az\/product\/wind-vane-thies-first-class-tmr\/#primaryimage\"},\"image\":{\"@id\":\"https:\/\/geoclimate.ge\/az\/product\/wind-vane-thies-first-class-tmr\/#primaryimage\"},\"thumbnailUrl\":\"https:\/\/geoclimate.ge\/wp-content\/uploads\/2025\/05\/windvane-thies-firstclass-1.png__490x490_q85_crop_subsampling-2_upscale-1.png\",\"datePublished\":\"2025-05-10T19:32:40+00:00\",\"dateModified\":\"2025-05-10T19:36:02+00:00\",\"breadcrumb\":{\"@id\":\"https:\/\/geoclimate.ge\/az\/product\/wind-vane-thies-first-class-tmr\/#breadcrumb\"},\"inLanguage\":\"az\",\"potentialAction\":[{\"@type\":\"ReadAction\",\"target\":[\"https:\/\/geoclimate.ge\/az\/product\/wind-vane-thies-first-class-tmr\/\"]}]},{\"@type\":\"ImageObject\",\"inLanguage\":\"az\",\"@id\":\"https:\/\/geoclimate.ge\/az\/product\/wind-vane-thies-first-class-tmr\/#primaryimage\",\"url\":\"https:\/\/geoclimate.ge\/wp-content\/uploads\/2025\/05\/windvane-thies-firstclass-1.png__490x490_q85_crop_subsampling-2_upscale-1.png\",\"contentUrl\":\"https:\/\/geoclimate.ge\/wp-content\/uploads\/2025\/05\/windvane-thies-firstclass-1.png__490x490_q85_crop_subsampling-2_upscale-1.png\",\"width\":490,\"height\":490},{\"@type\":\"BreadcrumbList\",\"@id\":\"https:\/\/geoclimate.ge\/az\/product\/wind-vane-thies-first-class-tmr\/#breadcrumb\",\"itemListElement\":[{\"@type\":\"ListItem\",\"position\":1,\"name\":\"Home\",\"item\":\"https:\/\/geoclimate.ge\/az\/\"},{\"@type\":\"ListItem\",\"position\":2,\"name\":\"M\u0259hsullar\",\"item\":\"https:\/\/geoclimate.ge\/az\/products\/\"},{\"@type\":\"ListItem\",\"position\":3,\"name\":\"K\u00fcl\u0259k G\u00fcl\u00fc Thies Kompakt POT\"}]},{\"@type\":\"WebSite\",\"@id\":\"https:\/\/geoclimate.ge\/#website\",\"url\":\"https:\/\/geoclimate.ge\/\",\"name\":\"GeoClimate\",\"description\":\"\",\"publisher\":{\"@id\":\"https:\/\/geoclimate.ge\/#organization\"},\"potentialAction\":[{\"@type\":\"SearchAction\",\"target\":{\"@type\":\"EntryPoint\",\"urlTemplate\":\"https:\/\/geoclimate.ge\/?s={search_term_string}\"},\"query-input\":{\"@type\":\"PropertyValueSpecification\",\"valueRequired\":true,\"valueName\":\"search_term_string\"}}],\"inLanguage\":\"az\"},{\"@type\":\"Organization\",\"@id\":\"https:\/\/geoclimate.ge\/#organization\",\"name\":\"GeoClimate\",\"url\":\"https:\/\/geoclimate.ge\/\",\"logo\":{\"@type\":\"ImageObject\",\"inLanguage\":\"az\",\"@id\":\"https:\/\/geoclimate.ge\/#\/schema\/logo\/image\/\",\"url\":\"https:\/\/geoclimate.ge\/wp-content\/uploads\/2026\/03\/geoclimate-SEO.png\",\"contentUrl\":\"https:\/\/geoclimate.ge\/wp-content\/uploads\/2026\/03\/geoclimate-SEO.png\",\"width\":1536,\"height\":1024,\"caption\":\"GeoClimate\"},\"image\":{\"@id\":\"https:\/\/geoclimate.ge\/#\/schema\/logo\/image\/\"}}]}<\/script>\n<!-- \/ Yoast SEO plugin. -->","yoast_head_json":{"title":"K\u00fcl\u0259k G\u00fcl\u00fc Thies Kompakt POT - GeoClimate.ge","robots":{"index":"index","follow":"follow","max-snippet":"max-snippet:-1","max-image-preview":"max-image-preview:large","max-video-preview":"max-video-preview:-1"},"canonical":"https:\/\/geoclimate.ge\/az\/product\/wind-vane-thies-first-class-tmr\/","og_locale":"az_AZ","og_type":"article","og_title":"K\u00fcl\u0259k G\u00fcl\u00fc Thies Kompakt POT - GeoClimate.ge","og_description":"Sifari\u015f n\u00f6mr\u0259si S21110H","og_url":"https:\/\/geoclimate.ge\/az\/product\/wind-vane-thies-first-class-tmr\/","og_site_name":"GeoClimate.ge","article_modified_time":"2025-05-10T19:36:02+00:00","og_image":[{"width":490,"height":490,"url":"https:\/\/geoclimate.ge\/wp-content\/uploads\/2025\/05\/windvane-thies-firstclass-1.png__490x490_q85_crop_subsampling-2_upscale-1.png","type":"image\/png"}],"twitter_card":"summary_large_image","twitter_misc":{"Est. reading time":"1 minute"},"schema":{"@context":"https:\/\/schema.org","@graph":[{"@type":"WebPage","@id":"https:\/\/geoclimate.ge\/az\/product\/wind-vane-thies-first-class-tmr\/","url":"https:\/\/geoclimate.ge\/az\/product\/wind-vane-thies-first-class-tmr\/","name":"K\u00fcl\u0259k G\u00fcl\u00fc Thies Kompakt POT - GeoClimate.ge","isPartOf":{"@id":"https:\/\/geoclimate.ge\/#website"},"primaryImageOfPage":{"@id":"https:\/\/geoclimate.ge\/az\/product\/wind-vane-thies-first-class-tmr\/#primaryimage"},"image":{"@id":"https:\/\/geoclimate.ge\/az\/product\/wind-vane-thies-first-class-tmr\/#primaryimage"},"thumbnailUrl":"https:\/\/geoclimate.ge\/wp-content\/uploads\/2025\/05\/windvane-thies-firstclass-1.png__490x490_q85_crop_subsampling-2_upscale-1.png","datePublished":"2025-05-10T19:32:40+00:00","dateModified":"2025-05-10T19:36:02+00:00","breadcrumb":{"@id":"https:\/\/geoclimate.ge\/az\/product\/wind-vane-thies-first-class-tmr\/#breadcrumb"},"inLanguage":"az","potentialAction":[{"@type":"ReadAction","target":["https:\/\/geoclimate.ge\/az\/product\/wind-vane-thies-first-class-tmr\/"]}]},{"@type":"ImageObject","inLanguage":"az","@id":"https:\/\/geoclimate.ge\/az\/product\/wind-vane-thies-first-class-tmr\/#primaryimage","url":"https:\/\/geoclimate.ge\/wp-content\/uploads\/2025\/05\/windvane-thies-firstclass-1.png__490x490_q85_crop_subsampling-2_upscale-1.png","contentUrl":"https:\/\/geoclimate.ge\/wp-content\/uploads\/2025\/05\/windvane-thies-firstclass-1.png__490x490_q85_crop_subsampling-2_upscale-1.png","width":490,"height":490},{"@type":"BreadcrumbList","@id":"https:\/\/geoclimate.ge\/az\/product\/wind-vane-thies-first-class-tmr\/#breadcrumb","itemListElement":[{"@type":"ListItem","position":1,"name":"Home","item":"https:\/\/geoclimate.ge\/az\/"},{"@type":"ListItem","position":2,"name":"M\u0259hsullar","item":"https:\/\/geoclimate.ge\/az\/products\/"},{"@type":"ListItem","position":3,"name":"K\u00fcl\u0259k G\u00fcl\u00fc Thies Kompakt POT"}]},{"@type":"WebSite","@id":"https:\/\/geoclimate.ge\/#website","url":"https:\/\/geoclimate.ge\/","name":"GeoClimate","description":"","publisher":{"@id":"https:\/\/geoclimate.ge\/#organization"},"potentialAction":[{"@type":"SearchAction","target":{"@type":"EntryPoint","urlTemplate":"https:\/\/geoclimate.ge\/?s={search_term_string}"},"query-input":{"@type":"PropertyValueSpecification","valueRequired":true,"valueName":"search_term_string"}}],"inLanguage":"az"},{"@type":"Organization","@id":"https:\/\/geoclimate.ge\/#organization","name":"GeoClimate","url":"https:\/\/geoclimate.ge\/","logo":{"@type":"ImageObject","inLanguage":"az","@id":"https:\/\/geoclimate.ge\/#\/schema\/logo\/image\/","url":"https:\/\/geoclimate.ge\/wp-content\/uploads\/2026\/03\/geoclimate-SEO.png","contentUrl":"https:\/\/geoclimate.ge\/wp-content\/uploads\/2026\/03\/geoclimate-SEO.png","width":1536,"height":1024,"caption":"GeoClimate"},"image":{"@id":"https:\/\/geoclimate.ge\/#\/schema\/logo\/image\/"}}]}},"_links":{"self":[{"href":"https:\/\/geoclimate.ge\/az\/wp-json\/wp\/v2\/product\/30951","targetHints":{"allow":["GET"]}}],"collection":[{"href":"https:\/\/geoclimate.ge\/az\/wp-json\/wp\/v2\/product"}],"about":[{"href":"https:\/\/geoclimate.ge\/az\/wp-json\/wp\/v2\/types\/product"}],"wp:featuredmedia":[{"embeddable":true,"href":"https:\/\/geoclimate.ge\/az\/wp-json\/wp\/v2\/media\/30946"}],"wp:attachment":[{"href":"https:\/\/geoclimate.ge\/az\/wp-json\/wp\/v2\/media?parent=30951"}],"wp:term":[{"taxonomy":"product_brand","embeddable":true,"href":"https:\/\/geoclimate.ge\/az\/wp-json\/wp\/v2\/product_brand?post=30951"},{"taxonomy":"product_cat","embeddable":true,"href":"https:\/\/geoclimate.ge\/az\/wp-json\/wp\/v2\/product_cat?post=30951"},{"taxonomy":"product_tag","embeddable":true,"href":"https:\/\/geoclimate.ge\/az\/wp-json\/wp\/v2\/product_tag?post=30951"}],"curies":[{"name":"wp","href":"https:\/\/api.w.org\/{rel}","templated":true}]}}