{"id":31004,"date":"2025-05-11T11:22:24","date_gmt":"2025-05-11T07:22:24","guid":{"rendered":"https:\/\/airsystems.ge\/shop\/product\/weather-and-radiation-shield-for-air-temperature-humidity-sensor\/"},"modified":"2025-05-11T11:27:09","modified_gmt":"2025-05-11T07:27:09","slug":"weather-and-radiation-shield-for-air-temperature-humidity-sensor","status":"publish","type":"product","link":"https:\/\/geoclimate.ge\/az\/product\/weather-and-radiation-shield-for-air-temperature-humidity-sensor\/","title":{"rendered":"Hava Temperatur \/ R\u00fctub\u0259t Sensoru \u00fc\u00e7\u00fcn Hava v\u0259 Radiasiya Qalxan\u0131"},"content":{"rendered":"<ul>\n<li>G\u00fcn\u0259\u015f radiasiya ax\u0131n\u0131n\u0131 azaltmaq \u00fc\u00e7\u00fcn mat qara alt hiss\u0259l\u0259r<br \/>\nKan\u0131tlanm\u0131\u015f m\u00f6hk\u0259mlik, UV dayan\u0131ql\u0131\u011f\u0131 v\u0259 duz spreyin\u0259 qar\u015f\u0131 m\u00fcqavim\u0259t<br \/>\nAsanl\u0131qla s\u00f6k\u00fcl\u0259 bil\u0259r; \u0259lav\u0259 kabel mar\u015frutu<\/li>\n<\/ul>\n","protected":false},"excerpt":{"rendered":"<h3>Sifari\u015f n\u00f6mr\u0259si<\/h3>\n<p>S50050<\/p>\n","protected":false},"featured_media":30993,"template":"","meta":[],"product_brand":[],"product_cat":[1336,1416,1435],"product_tag":[],"class_list":{"0":"post-31004","1":"product","2":"type-product","3":"status-publish","4":"has-post-thumbnail","6":"product_cat-brpa-olunan-enerji-kulk-v-guns-enerjisi-olcusu-az","7":"product_cat-kulk-sensoru","8":"product_cat-temperatur-rutubt-sensoru","10":"first","11":"instock","12":"shipping-taxable","13":"product-type-simple"},"yoast_head":"<!-- This site is optimized with the Yoast SEO plugin v27.1.1 - https:\/\/yoast.com\/product\/yoast-seo-wordpress\/ -->\n<title>Hava Temperatur \/ R\u00fctub\u0259t Sensoru \u00fc\u00e7\u00fcn Hava v\u0259 Radiasiya Qalxan\u0131 - GeoClimate.ge<\/title>\n<meta name=\"robots\" content=\"index, follow, max-snippet:-1, max-image-preview:large, max-video-preview:-1\" \/>\n<link rel=\"canonical\" href=\"https:\/\/geoclimate.ge\/az\/product\/weather-and-radiation-shield-for-air-temperature-humidity-sensor\/\" \/>\n<meta property=\"og:locale\" content=\"az_AZ\" \/>\n<meta property=\"og:type\" content=\"article\" \/>\n<meta property=\"og:title\" content=\"Hava Temperatur \/ R\u00fctub\u0259t Sensoru \u00fc\u00e7\u00fcn Hava v\u0259 Radiasiya Qalxan\u0131 - GeoClimate.ge\" \/>\n<meta property=\"og:description\" content=\"Sifari\u015f n\u00f6mr\u0259si S50050\" \/>\n<meta property=\"og:url\" content=\"https:\/\/geoclimate.ge\/az\/product\/weather-and-radiation-shield-for-air-temperature-humidity-sensor\/\" \/>\n<meta property=\"og:site_name\" content=\"GeoClimate.ge\" \/>\n<meta property=\"article:modified_time\" content=\"2025-05-11T07:27:09+00:00\" \/>\n<meta property=\"og:image\" content=\"https:\/\/geoclimate.ge\/wp-content\/uploads\/2025\/05\/weatherradiationshield.png__490x490_q85_crop_subsampling-2_upscale.png\" \/>\n\t<meta property=\"og:image:width\" content=\"490\" \/>\n\t<meta property=\"og:image:height\" content=\"490\" \/>\n\t<meta property=\"og:image:type\" content=\"image\/png\" \/>\n<meta name=\"twitter:card\" content=\"summary_large_image\" \/>\n<script type=\"application\/ld+json\" class=\"yoast-schema-graph\">{\"@context\":\"https:\/\/schema.org\",\"@graph\":[{\"@type\":\"WebPage\",\"@id\":\"https:\/\/geoclimate.ge\/az\/product\/weather-and-radiation-shield-for-air-temperature-humidity-sensor\/\",\"url\":\"https:\/\/geoclimate.ge\/az\/product\/weather-and-radiation-shield-for-air-temperature-humidity-sensor\/\",\"name\":\"Hava Temperatur \/ R\u00fctub\u0259t Sensoru \u00fc\u00e7\u00fcn Hava v\u0259 Radiasiya Qalxan\u0131 - GeoClimate.ge\",\"isPartOf\":{\"@id\":\"https:\/\/geoclimate.ge\/#website\"},\"primaryImageOfPage\":{\"@id\":\"https:\/\/geoclimate.ge\/az\/product\/weather-and-radiation-shield-for-air-temperature-humidity-sensor\/#primaryimage\"},\"image\":{\"@id\":\"https:\/\/geoclimate.ge\/az\/product\/weather-and-radiation-shield-for-air-temperature-humidity-sensor\/#primaryimage\"},\"thumbnailUrl\":\"https:\/\/geoclimate.ge\/wp-content\/uploads\/2025\/05\/weatherradiationshield.png__490x490_q85_crop_subsampling-2_upscale.png\",\"datePublished\":\"2025-05-11T07:22:24+00:00\",\"dateModified\":\"2025-05-11T07:27:09+00:00\",\"breadcrumb\":{\"@id\":\"https:\/\/geoclimate.ge\/az\/product\/weather-and-radiation-shield-for-air-temperature-humidity-sensor\/#breadcrumb\"},\"inLanguage\":\"az\",\"potentialAction\":[{\"@type\":\"ReadAction\",\"target\":[\"https:\/\/geoclimate.ge\/az\/product\/weather-and-radiation-shield-for-air-temperature-humidity-sensor\/\"]}]},{\"@type\":\"ImageObject\",\"inLanguage\":\"az\",\"@id\":\"https:\/\/geoclimate.ge\/az\/product\/weather-and-radiation-shield-for-air-temperature-humidity-sensor\/#primaryimage\",\"url\":\"https:\/\/geoclimate.ge\/wp-content\/uploads\/2025\/05\/weatherradiationshield.png__490x490_q85_crop_subsampling-2_upscale.png\",\"contentUrl\":\"https:\/\/geoclimate.ge\/wp-content\/uploads\/2025\/05\/weatherradiationshield.png__490x490_q85_crop_subsampling-2_upscale.png\",\"width\":490,\"height\":490},{\"@type\":\"BreadcrumbList\",\"@id\":\"https:\/\/geoclimate.ge\/az\/product\/weather-and-radiation-shield-for-air-temperature-humidity-sensor\/#breadcrumb\",\"itemListElement\":[{\"@type\":\"ListItem\",\"position\":1,\"name\":\"Home\",\"item\":\"https:\/\/geoclimate.ge\/az\/\"},{\"@type\":\"ListItem\",\"position\":2,\"name\":\"M\u0259hsullar\",\"item\":\"https:\/\/geoclimate.ge\/az\/products\/\"},{\"@type\":\"ListItem\",\"position\":3,\"name\":\"Hava Temperatur \/ R\u00fctub\u0259t Sensoru \u00fc\u00e7\u00fcn Hava v\u0259 Radiasiya Qalxan\u0131\"}]},{\"@type\":\"WebSite\",\"@id\":\"https:\/\/geoclimate.ge\/#website\",\"url\":\"https:\/\/geoclimate.ge\/\",\"name\":\"GeoClimate\",\"description\":\"\",\"publisher\":{\"@id\":\"https:\/\/geoclimate.ge\/#organization\"},\"potentialAction\":[{\"@type\":\"SearchAction\",\"target\":{\"@type\":\"EntryPoint\",\"urlTemplate\":\"https:\/\/geoclimate.ge\/?s={search_term_string}\"},\"query-input\":{\"@type\":\"PropertyValueSpecification\",\"valueRequired\":true,\"valueName\":\"search_term_string\"}}],\"inLanguage\":\"az\"},{\"@type\":\"Organization\",\"@id\":\"https:\/\/geoclimate.ge\/#organization\",\"name\":\"GeoClimate\",\"url\":\"https:\/\/geoclimate.ge\/\",\"logo\":{\"@type\":\"ImageObject\",\"inLanguage\":\"az\",\"@id\":\"https:\/\/geoclimate.ge\/#\/schema\/logo\/image\/\",\"url\":\"https:\/\/geoclimate.ge\/wp-content\/uploads\/2026\/03\/geoclimate-SEO.png\",\"contentUrl\":\"https:\/\/geoclimate.ge\/wp-content\/uploads\/2026\/03\/geoclimate-SEO.png\",\"width\":1536,\"height\":1024,\"caption\":\"GeoClimate\"},\"image\":{\"@id\":\"https:\/\/geoclimate.ge\/#\/schema\/logo\/image\/\"}}]}<\/script>\n<!-- \/ Yoast SEO plugin. -->","yoast_head_json":{"title":"Hava Temperatur \/ R\u00fctub\u0259t Sensoru \u00fc\u00e7\u00fcn Hava v\u0259 Radiasiya Qalxan\u0131 - GeoClimate.ge","robots":{"index":"index","follow":"follow","max-snippet":"max-snippet:-1","max-image-preview":"max-image-preview:large","max-video-preview":"max-video-preview:-1"},"canonical":"https:\/\/geoclimate.ge\/az\/product\/weather-and-radiation-shield-for-air-temperature-humidity-sensor\/","og_locale":"az_AZ","og_type":"article","og_title":"Hava Temperatur \/ R\u00fctub\u0259t Sensoru \u00fc\u00e7\u00fcn Hava v\u0259 Radiasiya Qalxan\u0131 - GeoClimate.ge","og_description":"Sifari\u015f n\u00f6mr\u0259si S50050","og_url":"https:\/\/geoclimate.ge\/az\/product\/weather-and-radiation-shield-for-air-temperature-humidity-sensor\/","og_site_name":"GeoClimate.ge","article_modified_time":"2025-05-11T07:27:09+00:00","og_image":[{"width":490,"height":490,"url":"https:\/\/geoclimate.ge\/wp-content\/uploads\/2025\/05\/weatherradiationshield.png__490x490_q85_crop_subsampling-2_upscale.png","type":"image\/png"}],"twitter_card":"summary_large_image","schema":{"@context":"https:\/\/schema.org","@graph":[{"@type":"WebPage","@id":"https:\/\/geoclimate.ge\/az\/product\/weather-and-radiation-shield-for-air-temperature-humidity-sensor\/","url":"https:\/\/geoclimate.ge\/az\/product\/weather-and-radiation-shield-for-air-temperature-humidity-sensor\/","name":"Hava Temperatur \/ R\u00fctub\u0259t Sensoru \u00fc\u00e7\u00fcn Hava v\u0259 Radiasiya Qalxan\u0131 - GeoClimate.ge","isPartOf":{"@id":"https:\/\/geoclimate.ge\/#website"},"primaryImageOfPage":{"@id":"https:\/\/geoclimate.ge\/az\/product\/weather-and-radiation-shield-for-air-temperature-humidity-sensor\/#primaryimage"},"image":{"@id":"https:\/\/geoclimate.ge\/az\/product\/weather-and-radiation-shield-for-air-temperature-humidity-sensor\/#primaryimage"},"thumbnailUrl":"https:\/\/geoclimate.ge\/wp-content\/uploads\/2025\/05\/weatherradiationshield.png__490x490_q85_crop_subsampling-2_upscale.png","datePublished":"2025-05-11T07:22:24+00:00","dateModified":"2025-05-11T07:27:09+00:00","breadcrumb":{"@id":"https:\/\/geoclimate.ge\/az\/product\/weather-and-radiation-shield-for-air-temperature-humidity-sensor\/#breadcrumb"},"inLanguage":"az","potentialAction":[{"@type":"ReadAction","target":["https:\/\/geoclimate.ge\/az\/product\/weather-and-radiation-shield-for-air-temperature-humidity-sensor\/"]}]},{"@type":"ImageObject","inLanguage":"az","@id":"https:\/\/geoclimate.ge\/az\/product\/weather-and-radiation-shield-for-air-temperature-humidity-sensor\/#primaryimage","url":"https:\/\/geoclimate.ge\/wp-content\/uploads\/2025\/05\/weatherradiationshield.png__490x490_q85_crop_subsampling-2_upscale.png","contentUrl":"https:\/\/geoclimate.ge\/wp-content\/uploads\/2025\/05\/weatherradiationshield.png__490x490_q85_crop_subsampling-2_upscale.png","width":490,"height":490},{"@type":"BreadcrumbList","@id":"https:\/\/geoclimate.ge\/az\/product\/weather-and-radiation-shield-for-air-temperature-humidity-sensor\/#breadcrumb","itemListElement":[{"@type":"ListItem","position":1,"name":"Home","item":"https:\/\/geoclimate.ge\/az\/"},{"@type":"ListItem","position":2,"name":"M\u0259hsullar","item":"https:\/\/geoclimate.ge\/az\/products\/"},{"@type":"ListItem","position":3,"name":"Hava Temperatur \/ R\u00fctub\u0259t Sensoru \u00fc\u00e7\u00fcn Hava v\u0259 Radiasiya Qalxan\u0131"}]},{"@type":"WebSite","@id":"https:\/\/geoclimate.ge\/#website","url":"https:\/\/geoclimate.ge\/","name":"GeoClimate","description":"","publisher":{"@id":"https:\/\/geoclimate.ge\/#organization"},"potentialAction":[{"@type":"SearchAction","target":{"@type":"EntryPoint","urlTemplate":"https:\/\/geoclimate.ge\/?s={search_term_string}"},"query-input":{"@type":"PropertyValueSpecification","valueRequired":true,"valueName":"search_term_string"}}],"inLanguage":"az"},{"@type":"Organization","@id":"https:\/\/geoclimate.ge\/#organization","name":"GeoClimate","url":"https:\/\/geoclimate.ge\/","logo":{"@type":"ImageObject","inLanguage":"az","@id":"https:\/\/geoclimate.ge\/#\/schema\/logo\/image\/","url":"https:\/\/geoclimate.ge\/wp-content\/uploads\/2026\/03\/geoclimate-SEO.png","contentUrl":"https:\/\/geoclimate.ge\/wp-content\/uploads\/2026\/03\/geoclimate-SEO.png","width":1536,"height":1024,"caption":"GeoClimate"},"image":{"@id":"https:\/\/geoclimate.ge\/#\/schema\/logo\/image\/"}}]}},"_links":{"self":[{"href":"https:\/\/geoclimate.ge\/az\/wp-json\/wp\/v2\/product\/31004","targetHints":{"allow":["GET"]}}],"collection":[{"href":"https:\/\/geoclimate.ge\/az\/wp-json\/wp\/v2\/product"}],"about":[{"href":"https:\/\/geoclimate.ge\/az\/wp-json\/wp\/v2\/types\/product"}],"wp:featuredmedia":[{"embeddable":true,"href":"https:\/\/geoclimate.ge\/az\/wp-json\/wp\/v2\/media\/30993"}],"wp:attachment":[{"href":"https:\/\/geoclimate.ge\/az\/wp-json\/wp\/v2\/media?parent=31004"}],"wp:term":[{"taxonomy":"product_brand","embeddable":true,"href":"https:\/\/geoclimate.ge\/az\/wp-json\/wp\/v2\/product_brand?post=31004"},{"taxonomy":"product_cat","embeddable":true,"href":"https:\/\/geoclimate.ge\/az\/wp-json\/wp\/v2\/product_cat?post=31004"},{"taxonomy":"product_tag","embeddable":true,"href":"https:\/\/geoclimate.ge\/az\/wp-json\/wp\/v2\/product_tag?post=31004"}],"curies":[{"name":"wp","href":"https:\/\/api.w.org\/{rel}","templated":true}]}}