{"id":31136,"date":"2025-05-11T12:48:09","date_gmt":"2025-05-11T08:48:09","guid":{"rendered":"https:\/\/airsystems.ge\/shop\/product\/precipitation-sensor-young\/"},"modified":"2025-05-11T12:51:16","modified_gmt":"2025-05-11T08:51:16","slug":"precipitation-sensor-young","status":"publish","type":"product","link":"https:\/\/geoclimate.ge\/az\/product\/precipitation-sensor-young\/","title":{"rendered":"Ya\u011f\u0131\u015f Sensoru G\u0259nc"},"content":{"rendered":"<p><strong>\u00dcmumd\u00fcnya Meteorologiya T\u0259\u015fkilat\u0131n\u0131n (WMO) spesifikasiyalar\u0131na cavab verir<\/strong><\/p>\n<p>200 sm\u00b2 su toplama sah\u0259si v\u0259 0,1 mm \u00f6l\u00e7m\u0259 d\u0259qiqliyi \u00dcMT-nin t\u00f6vsiy\u0259l\u0259rin\u0259 cavab verir.<\/p>\n<p>Dizaynda ya\u011f\u0131\u015f\u0131n sad\u0259 v\u0259 effektiv \u00f6l\u00e7\u00fclm\u0259si \u00fc\u00e7\u00fcn s\u00fcbut edilmi\u015f s\u00fcr\u00fc\u015fm\u0259 vedr\u0259 mexanizmind\u0259n istifad\u0259 edilir. Kovan\u0131n h\u0259nd\u0259s\u0259si v\u0259 material\u0131 maksimum su buraxmaq \u00fc\u00e7\u00fcn x\u00fcsusi olaraq se\u00e7ilir v\u0259 bununla da \u00e7irkl\u0259nm\u0259 v\u0259 s\u0259hvl\u0259r azal\u0131r.<\/p>\n<p>Sah\u0259d\u0259 asan v\u0259 d\u0259qiq t\u0259nziml\u0259m\u0259 \u00fc\u00e7\u00fcn d\u00fcz\u0259ldici vintl\u0259r v\u0259 \u00f6k\u00fcz s\u0259viyy\u0259si qura\u015fd\u0131r\u0131lm\u0131\u015fd\u0131r. \u00d6l\u00e7\u00fclm\u00fc\u015f ya\u011f\u0131nt\u0131 \u00fcmumi ya\u011f\u0131nt\u0131n\u0131n yoxlan\u0131lmas\u0131 \u00fc\u00e7\u00fcn toplama borusu vasit\u0259sil\u0259 ax\u0131d\u0131l\u0131r.<\/p>\n<p>Model S73100H soyuq temperaturda i\u015fl\u0259m\u0259k \u00fc\u00e7\u00fcn q\u0131zd\u0131r\u0131l\u0131r. S73100 isidilm\u0259mi\u015f versiya m\u00fclayim iqliml\u0259rd\u0259 istifad\u0259 \u00fc\u00e7\u00fcn m\u00f6vcuddur. Qu\u015flar\u0131n huninin k\u0259nar\u0131na oturmas\u0131na mane olmaq \u00fc\u00e7\u00fcn \u00f6l\u00e7\u00fc cihaz\u0131na \u0259lav\u0259 qu\u015f m\u0259ftill\u0259ri birl\u0259\u015fdiril\u0259 bil\u0259r.<\/p>\n<p><strong>Ya\u011f\u0131\u015f \u00f6l\u00e7m\u0259 cihaz\u0131n\u0131n yeri<\/strong><\/p>\n<p>Ya\u011f\u0131\u015f\u0131n \u00f6l\u00e7\u00fclm\u0259sin\u0259 ya\u011f\u0131\u015f \u00f6l\u00e7m\u0259 cihaz\u0131n\u0131n yeri \u00e7ox t\u0259sir edir. T\u0259bii olaraq k\u00fcl\u0259kl\u0259rd\u0259n v\u0259 \u00e7arpaz k\u00fcl\u0259kl\u0259rd\u0259n qorunan bir yer se\u00e7in. D\u00fc\u015f\u0259n yarpaqlar, kir v\u0259 s.<\/p>\n<table border=\"1\" width=\"662\" cellspacing=\"1\" cellpadding=\"1\">\n<thead>\n<tr>\n<th colspan=\"2\" scope=\"col\"><span style=\"font-weight: 400;\">Characteristic<\/span><\/th>\n<\/tr>\n<\/thead>\n<tbody>\n<tr>\n<td>Collector surface<\/td>\n<td>200 cm\u00b2<\/td>\n<\/tr>\n<tr>\n<td>Resolution<\/td>\n<td>0.1 mm per tipping-bucket pulse<\/td>\n<\/tr>\n<tr>\n<td>Accuracy<\/td>\n<td>2 % up to 25 mm\/hr<\/td>\n<\/tr>\n<tr>\n<td>Measuring range<\/td>\n<td>max. 11 mm\/min.<\/td>\n<\/tr>\n<tr>\n<td>Measuring principle<\/td>\n<td>tipping-bucket<\/td>\n<\/tr>\n<tr>\n<td>Electrical output<\/td>\n<td>Magnetic reed switch (N.O.), rating 24 VAC\/DC, 500 mA<\/td>\n<\/tr>\n<tr>\n<td>Ambient temperature<\/td>\n<td>-20 &#8230; +50 \u00b0C (with heating)<\/td>\n<\/tr>\n<tr>\n<td>Heating<\/td>\n<td>18 W, 24 VAC<\/td>\n<\/tr>\n<tr>\n<td>Mounting<\/td>\n<td>Clamp for 1\u201d iron pipe (o.d. 1.24\u201d) or 3 bolts on 160\u00a0 mm dia. circle<\/td>\n<\/tr>\n<tr>\n<td>Dimensions<\/td>\n<td>\u00d8 180 x 300 mm (390 mm with mounting base)<\/td>\n<\/tr>\n<tr>\n<td>Manufacturer<\/td>\n<td>Young<\/td>\n<\/tr>\n<tr>\n<td>Accessories<\/td>\n<td>Module M83200 or M83570<\/td>\n<\/tr>\n<\/tbody>\n<\/table>\n","protected":false},"excerpt":{"rendered":"<h3>Sifari\u015f n\u00f6mr\u0259si<\/h3>\n<p>S73100\/S73100H<\/p>\n","protected":false},"featured_media":31125,"template":"","meta":[],"product_brand":[],"product_cat":[1336,1416,1447],"product_tag":[],"class_list":{"0":"post-31136","1":"product","2":"type-product","3":"status-publish","4":"has-post-thumbnail","6":"product_cat-brpa-olunan-enerji-kulk-v-guns-enerjisi-olcusu-az","7":"product_cat-kulk-sensoru","8":"product_cat-yagis-sensoru","10":"first","11":"instock","12":"shipping-taxable","13":"product-type-simple"},"yoast_head":"<!-- This site is optimized with the Yoast SEO plugin v27.1.1 - https:\/\/yoast.com\/product\/yoast-seo-wordpress\/ -->\n<title>Ya\u011f\u0131\u015f Sensoru G\u0259nc - GeoClimate.ge<\/title>\n<meta name=\"robots\" content=\"index, follow, max-snippet:-1, max-image-preview:large, max-video-preview:-1\" \/>\n<link rel=\"canonical\" href=\"https:\/\/geoclimate.ge\/az\/product\/precipitation-sensor-young\/\" \/>\n<meta property=\"og:locale\" content=\"az_AZ\" \/>\n<meta property=\"og:type\" content=\"article\" \/>\n<meta property=\"og:title\" content=\"Ya\u011f\u0131\u015f Sensoru G\u0259nc - GeoClimate.ge\" \/>\n<meta property=\"og:description\" content=\"Sifari\u015f n\u00f6mr\u0259si S73100\/S73100H\" \/>\n<meta property=\"og:url\" content=\"https:\/\/geoclimate.ge\/az\/product\/precipitation-sensor-young\/\" \/>\n<meta property=\"og:site_name\" content=\"GeoClimate.ge\" \/>\n<meta property=\"article:modified_time\" content=\"2025-05-11T08:51:16+00:00\" \/>\n<meta property=\"og:image\" content=\"https:\/\/geoclimate.ge\/wp-content\/uploads\/2025\/05\/precipitation-young-raingaugea-1.png__490x490_q85_crop_subsampling-2_upscale-1.png\" \/>\n\t<meta property=\"og:image:width\" content=\"490\" \/>\n\t<meta property=\"og:image:height\" content=\"490\" \/>\n\t<meta property=\"og:image:type\" content=\"image\/png\" \/>\n<meta name=\"twitter:card\" content=\"summary_large_image\" \/>\n<meta name=\"twitter:label1\" content=\"Est. reading time\" \/>\n\t<meta name=\"twitter:data1\" content=\"1 minute\" \/>\n<script type=\"application\/ld+json\" class=\"yoast-schema-graph\">{\"@context\":\"https:\/\/schema.org\",\"@graph\":[{\"@type\":\"WebPage\",\"@id\":\"https:\/\/geoclimate.ge\/az\/product\/precipitation-sensor-young\/\",\"url\":\"https:\/\/geoclimate.ge\/az\/product\/precipitation-sensor-young\/\",\"name\":\"Ya\u011f\u0131\u015f Sensoru G\u0259nc - GeoClimate.ge\",\"isPartOf\":{\"@id\":\"https:\/\/geoclimate.ge\/#website\"},\"primaryImageOfPage\":{\"@id\":\"https:\/\/geoclimate.ge\/az\/product\/precipitation-sensor-young\/#primaryimage\"},\"image\":{\"@id\":\"https:\/\/geoclimate.ge\/az\/product\/precipitation-sensor-young\/#primaryimage\"},\"thumbnailUrl\":\"https:\/\/geoclimate.ge\/wp-content\/uploads\/2025\/05\/precipitation-young-raingaugea-1.png__490x490_q85_crop_subsampling-2_upscale-1.png\",\"datePublished\":\"2025-05-11T08:48:09+00:00\",\"dateModified\":\"2025-05-11T08:51:16+00:00\",\"breadcrumb\":{\"@id\":\"https:\/\/geoclimate.ge\/az\/product\/precipitation-sensor-young\/#breadcrumb\"},\"inLanguage\":\"az\",\"potentialAction\":[{\"@type\":\"ReadAction\",\"target\":[\"https:\/\/geoclimate.ge\/az\/product\/precipitation-sensor-young\/\"]}]},{\"@type\":\"ImageObject\",\"inLanguage\":\"az\",\"@id\":\"https:\/\/geoclimate.ge\/az\/product\/precipitation-sensor-young\/#primaryimage\",\"url\":\"https:\/\/geoclimate.ge\/wp-content\/uploads\/2025\/05\/precipitation-young-raingaugea-1.png__490x490_q85_crop_subsampling-2_upscale-1.png\",\"contentUrl\":\"https:\/\/geoclimate.ge\/wp-content\/uploads\/2025\/05\/precipitation-young-raingaugea-1.png__490x490_q85_crop_subsampling-2_upscale-1.png\",\"width\":490,\"height\":490},{\"@type\":\"BreadcrumbList\",\"@id\":\"https:\/\/geoclimate.ge\/az\/product\/precipitation-sensor-young\/#breadcrumb\",\"itemListElement\":[{\"@type\":\"ListItem\",\"position\":1,\"name\":\"Home\",\"item\":\"https:\/\/geoclimate.ge\/az\/\"},{\"@type\":\"ListItem\",\"position\":2,\"name\":\"M\u0259hsullar\",\"item\":\"https:\/\/geoclimate.ge\/az\/products\/\"},{\"@type\":\"ListItem\",\"position\":3,\"name\":\"Ya\u011f\u0131\u015f Sensoru G\u0259nc\"}]},{\"@type\":\"WebSite\",\"@id\":\"https:\/\/geoclimate.ge\/#website\",\"url\":\"https:\/\/geoclimate.ge\/\",\"name\":\"GeoClimate\",\"description\":\"\",\"publisher\":{\"@id\":\"https:\/\/geoclimate.ge\/#organization\"},\"potentialAction\":[{\"@type\":\"SearchAction\",\"target\":{\"@type\":\"EntryPoint\",\"urlTemplate\":\"https:\/\/geoclimate.ge\/?s={search_term_string}\"},\"query-input\":{\"@type\":\"PropertyValueSpecification\",\"valueRequired\":true,\"valueName\":\"search_term_string\"}}],\"inLanguage\":\"az\"},{\"@type\":\"Organization\",\"@id\":\"https:\/\/geoclimate.ge\/#organization\",\"name\":\"GeoClimate\",\"url\":\"https:\/\/geoclimate.ge\/\",\"logo\":{\"@type\":\"ImageObject\",\"inLanguage\":\"az\",\"@id\":\"https:\/\/geoclimate.ge\/#\/schema\/logo\/image\/\",\"url\":\"https:\/\/geoclimate.ge\/wp-content\/uploads\/2026\/03\/geoclimate-SEO.png\",\"contentUrl\":\"https:\/\/geoclimate.ge\/wp-content\/uploads\/2026\/03\/geoclimate-SEO.png\",\"width\":1536,\"height\":1024,\"caption\":\"GeoClimate\"},\"image\":{\"@id\":\"https:\/\/geoclimate.ge\/#\/schema\/logo\/image\/\"}}]}<\/script>\n<!-- \/ Yoast SEO plugin. -->","yoast_head_json":{"title":"Ya\u011f\u0131\u015f Sensoru G\u0259nc - GeoClimate.ge","robots":{"index":"index","follow":"follow","max-snippet":"max-snippet:-1","max-image-preview":"max-image-preview:large","max-video-preview":"max-video-preview:-1"},"canonical":"https:\/\/geoclimate.ge\/az\/product\/precipitation-sensor-young\/","og_locale":"az_AZ","og_type":"article","og_title":"Ya\u011f\u0131\u015f Sensoru G\u0259nc - GeoClimate.ge","og_description":"Sifari\u015f n\u00f6mr\u0259si S73100\/S73100H","og_url":"https:\/\/geoclimate.ge\/az\/product\/precipitation-sensor-young\/","og_site_name":"GeoClimate.ge","article_modified_time":"2025-05-11T08:51:16+00:00","og_image":[{"width":490,"height":490,"url":"https:\/\/geoclimate.ge\/wp-content\/uploads\/2025\/05\/precipitation-young-raingaugea-1.png__490x490_q85_crop_subsampling-2_upscale-1.png","type":"image\/png"}],"twitter_card":"summary_large_image","twitter_misc":{"Est. reading time":"1 minute"},"schema":{"@context":"https:\/\/schema.org","@graph":[{"@type":"WebPage","@id":"https:\/\/geoclimate.ge\/az\/product\/precipitation-sensor-young\/","url":"https:\/\/geoclimate.ge\/az\/product\/precipitation-sensor-young\/","name":"Ya\u011f\u0131\u015f Sensoru G\u0259nc - GeoClimate.ge","isPartOf":{"@id":"https:\/\/geoclimate.ge\/#website"},"primaryImageOfPage":{"@id":"https:\/\/geoclimate.ge\/az\/product\/precipitation-sensor-young\/#primaryimage"},"image":{"@id":"https:\/\/geoclimate.ge\/az\/product\/precipitation-sensor-young\/#primaryimage"},"thumbnailUrl":"https:\/\/geoclimate.ge\/wp-content\/uploads\/2025\/05\/precipitation-young-raingaugea-1.png__490x490_q85_crop_subsampling-2_upscale-1.png","datePublished":"2025-05-11T08:48:09+00:00","dateModified":"2025-05-11T08:51:16+00:00","breadcrumb":{"@id":"https:\/\/geoclimate.ge\/az\/product\/precipitation-sensor-young\/#breadcrumb"},"inLanguage":"az","potentialAction":[{"@type":"ReadAction","target":["https:\/\/geoclimate.ge\/az\/product\/precipitation-sensor-young\/"]}]},{"@type":"ImageObject","inLanguage":"az","@id":"https:\/\/geoclimate.ge\/az\/product\/precipitation-sensor-young\/#primaryimage","url":"https:\/\/geoclimate.ge\/wp-content\/uploads\/2025\/05\/precipitation-young-raingaugea-1.png__490x490_q85_crop_subsampling-2_upscale-1.png","contentUrl":"https:\/\/geoclimate.ge\/wp-content\/uploads\/2025\/05\/precipitation-young-raingaugea-1.png__490x490_q85_crop_subsampling-2_upscale-1.png","width":490,"height":490},{"@type":"BreadcrumbList","@id":"https:\/\/geoclimate.ge\/az\/product\/precipitation-sensor-young\/#breadcrumb","itemListElement":[{"@type":"ListItem","position":1,"name":"Home","item":"https:\/\/geoclimate.ge\/az\/"},{"@type":"ListItem","position":2,"name":"M\u0259hsullar","item":"https:\/\/geoclimate.ge\/az\/products\/"},{"@type":"ListItem","position":3,"name":"Ya\u011f\u0131\u015f Sensoru G\u0259nc"}]},{"@type":"WebSite","@id":"https:\/\/geoclimate.ge\/#website","url":"https:\/\/geoclimate.ge\/","name":"GeoClimate","description":"","publisher":{"@id":"https:\/\/geoclimate.ge\/#organization"},"potentialAction":[{"@type":"SearchAction","target":{"@type":"EntryPoint","urlTemplate":"https:\/\/geoclimate.ge\/?s={search_term_string}"},"query-input":{"@type":"PropertyValueSpecification","valueRequired":true,"valueName":"search_term_string"}}],"inLanguage":"az"},{"@type":"Organization","@id":"https:\/\/geoclimate.ge\/#organization","name":"GeoClimate","url":"https:\/\/geoclimate.ge\/","logo":{"@type":"ImageObject","inLanguage":"az","@id":"https:\/\/geoclimate.ge\/#\/schema\/logo\/image\/","url":"https:\/\/geoclimate.ge\/wp-content\/uploads\/2026\/03\/geoclimate-SEO.png","contentUrl":"https:\/\/geoclimate.ge\/wp-content\/uploads\/2026\/03\/geoclimate-SEO.png","width":1536,"height":1024,"caption":"GeoClimate"},"image":{"@id":"https:\/\/geoclimate.ge\/#\/schema\/logo\/image\/"}}]}},"_links":{"self":[{"href":"https:\/\/geoclimate.ge\/az\/wp-json\/wp\/v2\/product\/31136","targetHints":{"allow":["GET"]}}],"collection":[{"href":"https:\/\/geoclimate.ge\/az\/wp-json\/wp\/v2\/product"}],"about":[{"href":"https:\/\/geoclimate.ge\/az\/wp-json\/wp\/v2\/types\/product"}],"wp:featuredmedia":[{"embeddable":true,"href":"https:\/\/geoclimate.ge\/az\/wp-json\/wp\/v2\/media\/31125"}],"wp:attachment":[{"href":"https:\/\/geoclimate.ge\/az\/wp-json\/wp\/v2\/media?parent=31136"}],"wp:term":[{"taxonomy":"product_brand","embeddable":true,"href":"https:\/\/geoclimate.ge\/az\/wp-json\/wp\/v2\/product_brand?post=31136"},{"taxonomy":"product_cat","embeddable":true,"href":"https:\/\/geoclimate.ge\/az\/wp-json\/wp\/v2\/product_cat?post=31136"},{"taxonomy":"product_tag","embeddable":true,"href":"https:\/\/geoclimate.ge\/az\/wp-json\/wp\/v2\/product_tag?post=31136"}],"curies":[{"name":"wp","href":"https:\/\/api.w.org\/{rel}","templated":true}]}}