{"id":31261,"date":"2025-05-11T16:31:30","date_gmt":"2025-05-11T12:31:30","guid":{"rendered":"https:\/\/airsystems.ge\/shop\/product\/ultrasonic-anemometer-thies-2d-heating-for-extreme-icing-conditions\/"},"modified":"2025-05-11T16:38:53","modified_gmt":"2025-05-11T12:38:53","slug":"ultrasonic-anemometer-thies-2d-heating-for-extreme-icing-conditions","status":"publish","type":"product","link":"https:\/\/geoclimate.ge\/az\/product\/ultrasonic-anemometer-thies-2d-heating-for-extreme-icing-conditions\/","title":{"rendered":"Ultrasonik Anemometr Thies 2D &#8211; H\u0259ddind\u0259n art\u0131q buzlanma \u015f\u0259raiti \u00fc\u00e7\u00fcn q\u0131zd\u0131r\u0131c\u0131"},"content":{"rendered":"<p>Ultrasonik Anemometr 2D k\u00fcl\u0259yin s\u00fcr\u0259tinin v\u0259 k\u00fcl\u0259yin istiqam\u0259tinin \u00fcf\u00fcqi komponentl\u0259rini, el\u0259c\u0259 d\u0259 iki \u00f6l\u00e7\u00fcd\u0259 virtual temperaturu \u0259ld\u0259 etm\u0259k \u00fc\u00e7\u00fcn n\u0259z\u0259rd\u0259 tutulmu\u015fdur. \u00d6l\u00e7m\u0259 prinsipin\u0259 g\u00f6r\u0259 cihaz k\u00fcl\u0259yin v\u0259 pik d\u0259y\u0259rl\u0259rin \u0259tal\u0259tsiz \u00f6l\u00e7\u00fclm\u0259si \u00fc\u00e7\u00fcn ideald\u0131r.<\/p>\n<p>K\u00fcl\u0259yin s\u00fcr\u0259ti v\u0259 istiqam\u0259ti<br \/>\nSakit havada s\u0259sin yay\u0131lma s\u00fcr\u0259ti k\u00fcl\u0259k istiqam\u0259tind\u0259 hava ax\u0131n\u0131n\u0131n s\u00fcr\u0259t komponentl\u0259ri il\u0259 \u00fcst-\u00fcst\u0259 d\u00fc\u015f\u00fcr. S\u0259sin yay\u0131lma istiqam\u0259tind\u0259 k\u00fcl\u0259yin s\u00fcr\u0259ti komponenti yay\u0131lma s\u00fcr\u0259tini d\u0259st\u0259kl\u0259yir; y\u0259ni yay\u0131lma istiqam\u0259tin\u0259 qar\u015f\u0131 k\u00fcl\u0259yin s\u00fcr\u0259ti komponenti yay\u0131lma s\u00fcr\u0259tini azaldark\u0259n art\u0131r.<\/p>\n<p>Superpozisiya n\u0259tic\u0259sind\u0259 yaranan yay\u0131lma s\u00fcr\u0259ti sabit \u00f6l\u00e7m\u0259 yolu \u00fcz\u0259rind\u0259 m\u00fcxt\u0259lif k\u00fcl\u0259k s\u00fcr\u0259tl\u0259rind\u0259 v\u0259 istiqam\u0259tl\u0259rind\u0259 s\u0259sin m\u00fcxt\u0259lif yay\u0131lma vaxtlar\u0131na s\u0259b\u0259b olur. S\u0259sin s\u00fcr\u0259ti \u00e7ox d\u0259r\u0259c\u0259d\u0259 havan\u0131n temperaturundan as\u0131l\u0131 oldu\u011fundan, s\u0259sin yay\u0131lma m\u00fcdd\u0259ti h\u0259r iki istiqam\u0259td\u0259 iki \u00f6l\u00e7m\u0259 yolunun h\u0259r birind\u0259 \u00f6l\u00e7\u00fcl\u00fcr. Bu, temperaturun \u00f6l\u00e7m\u0259 n\u0259tic\u0259l\u0259rin\u0259 t\u0259sirini istisna edir. Bir-birin\u0259 d\u00fcz bucaq alt\u0131nda olan iki \u00f6l\u00e7m\u0259 yolunu birl\u0259\u015fdir\u0259r\u0259k, k\u00fcl\u0259yin s\u00fcr\u0259ti vektorunun c\u0259minin v\u0259 buca\u011f\u0131n\u0131n \u00f6l\u00e7m\u0259 n\u0259tic\u0259l\u0259ri d\u00fczbucaql\u0131 komponentl\u0259r \u015f\u0259klind\u0259 al\u0131n\u0131r. D\u00fczbucaql\u0131 s\u00fcr\u0259t komponentl\u0259ri \u00f6l\u00e7\u00fcld\u00fckd\u0259n sonra onlar anemometrin r\u0259q\u0259msal siqnal prosessoru t\u0259r\u0259find\u0259n q\u00fctb koordinatlar\u0131na \u00e7evrilir v\u0259 k\u00fcl\u0259yin s\u00fcr\u0259tinin c\u0259mi v\u0259 buca\u011f\u0131 kimi \u00e7\u0131xar\u0131l\u0131r.<\/p>\n<p>Akustik virtual temperatur<br \/>\nS\u0259sin yay\u0131lma s\u00fcr\u0259ti il\u0259 havan\u0131n m\u00fctl\u0259q temperaturu aras\u0131nda termodinamik qar\u015f\u0131l\u0131ql\u0131 \u0259laq\u0259 k\u00f6k funksiyas\u0131 il\u0259 m\u00fc\u0259yy\u0259n edilir. Kimy\u0259vi t\u0259rkibi m\u0259lum v\u0259 sabit oldu\u011fu m\u00fcdd\u0259td\u0259 havan\u0131n temperaturu \u00f6l\u00e7\u00fcld\u00fckd\u0259 s\u0259s s\u00fcr\u0259ti il\u0259 temperaturun fiziki qar\u015f\u0131l\u0131ql\u0131 \u0259laq\u0259si ideald\u0131r.<\/p>\n<p>\u0130stilik<br \/>\nUltrasonik, +5\u00b0C-d\u0259n yuxar\u0131 temperaturda buz \u0259m\u0259l\u0259 g\u0259lm\u0259si zaman\u0131 m\u0259lumatlar\u0131n toplanmas\u0131na mane ola bil\u0259c\u0259k b\u00fct\u00fcn xarici s\u0259thl\u0259ri s\u0259m\u0259r\u0259li \u015f\u0259kild\u0259 saxlayan m\u00fcr\u0259kk\u0259b istilik sistemi il\u0259 t\u0259chiz edilmi\u015fdir. Qollar\u0131 da\u015f\u0131yan \u00e7eviricil\u0259r q\u0131zd\u0131r\u0131lan xarici s\u0259thl\u0259r\u0259, el\u0259c\u0259 d\u0259 modeld\u0259n as\u0131l\u0131 olaraq ultras\u0259s \u00e7eviricil\u0259rinin \u00f6z\u00fcn\u0259 v\u0259 korpusa aiddir.<\/p>\n<p>Ultrasonik -40 \u00b0C-d\u0259n a\u015fa\u011f\u0131 olan temperaturda q\u0131zd\u0131r\u0131lmam\u0131\u015f v\u0259ziyy\u0259td\u0259 bel\u0259 y\u00fcks\u0259k d\u0259qiqlikl\u0259 \u00f6l\u00e7m\u0259 m\u0259lumatlar\u0131n\u0131 \u0259ld\u0259 ed\u0259 bilir. \u00d6l\u00e7m\u0259 m\u0259lumatlar\u0131n\u0131n temperaturdan as\u0131l\u0131 keyfiyy\u0259ti yoxdur. \u0130stilik yaln\u0131z al\u0259tin konstruksiyas\u0131nda buz \u0259m\u0259l\u0259 g\u0259lm\u0259sinin qar\u015f\u0131s\u0131n\u0131 almaq v\u0259 i\u015f vaxt\u0131 m\u0259lumatlar\u0131n\u0131n \u0259ld\u0259 edilm\u0259si il\u0259 \u0259laq\u0259dar blokadan\u0131n qar\u015f\u0131s\u0131n\u0131 almaq \u00fc\u00e7\u00fcn laz\u0131md\u0131r.<\/p>\n<table border=\"1\" width=\"662\" cellspacing=\"1\" cellpadding=\"1\">\n<thead>\n<tr>\n<th colspan=\"2\" scope=\"col\"><span style=\"font-weight: 400;\">Wind Speed<\/span><\/th>\n<\/tr>\n<\/thead>\n<tbody>\n<tr>\n<td>Measuring range<\/td>\n<td>0 &#8230; 75\u00a0 m\/s, scaling of the analog output is free selectable (Starting threshold: 0.01 m\/s)<\/td>\n<\/tr>\n<tr>\n<td>Accuracy<\/td>\n<td>\u00b1 0.1 m\/s @ \u2264 5 m\/s<br \/>\n\u00b1 2% of meas. value @ &gt; 5 m\/s<\/td>\n<\/tr>\n<tr>\n<td>Resolution<\/td>\n<td>0.1 m\/s (standard)<br \/>\n&lt; 0.01 m\/s (user-defined)<\/td>\n<\/tr>\n<tr>\n<th colspan=\"2\"><span style=\"font-weight: 400;\">Wind Direction<\/span><\/th>\n<\/tr>\n<tr>\n<td>Measuring range<\/td>\n<td>0 &#8230; 360\u00b0<\/td>\n<\/tr>\n<tr>\n<td>Accuracy<\/td>\n<td>\u00b1 1\u00b0<\/td>\n<\/tr>\n<tr>\n<td>Resolution<\/td>\n<td>1\u00b0 (standard), &lt; 1\u00b0(user-defined)<\/td>\n<\/tr>\n<tr>\n<th colspan=\"2\"><span style=\"font-weight: 400;\">Virtual Temperature<\/span><\/th>\n<\/tr>\n<tr>\n<td>Measuring range<\/td>\n<td>-50 &#8230; +70\u00b0C<\/td>\n<\/tr>\n<tr>\n<td>Accuracy<\/td>\n<td>\u00b1 0.5 K to 35 m\/s<\/td>\n<\/tr>\n<tr>\n<td>Resolution<\/td>\n<td>0.1 K (standard)<\/td>\n<\/tr>\n<tr>\n<th colspan=\"2\"><span style=\"font-weight: 400;\">Data Output Digital<\/span><\/th>\n<\/tr>\n<tr>\n<td>Interface<\/td>\n<td>RS485 \/ RS422<\/td>\n<\/tr>\n<tr>\n<td>Baud rate<\/td>\n<td>1200 to 230400 selectable<\/td>\n<\/tr>\n<tr>\n<td>Output<\/td>\n<td>Instantaneous values, wind speed \/ direction and acoustic-virtual temp.<br \/>\nSliding mean values 0.5 sec to 100 min freely selectable<\/td>\n<\/tr>\n<tr>\n<td>Output rate<\/td>\n<td>1 per 1 msec to 1 per 60 sec., adjustable<\/td>\n<\/tr>\n<tr>\n<td>Status identification<\/td>\n<td>Heating, measurement path failure, \u0394T path temperatures<\/td>\n<\/tr>\n<tr>\n<th colspan=\"2\"><span style=\"font-weight: 400;\">Data Output Analog<\/span><\/th>\n<\/tr>\n<tr>\n<td>Electr. output<\/td>\n<td>0 &#8230; 20 mA \/ 0 &#8230; 10 V or 4 &#8230; 20 mA \/ 2 &#8230; 10 V, wind velocity &amp; direction, virtual temp.<\/td>\n<\/tr>\n<tr>\n<td>Output<\/td>\n<td>Instantaneous values, sliding mean values 0.5 sec to 100 min freely selectable<\/td>\n<\/tr>\n<tr>\n<td>Output rate<\/td>\n<td>Updating rate 1 to 100 msec<\/td>\n<\/tr>\n<tr>\n<td>Resolution<\/td>\n<td>16 bit<\/td>\n<\/tr>\n<tr>\n<th colspan=\"2\"><span style=\"font-weight: 400;\">Analog Inputs<\/span><\/th>\n<\/tr>\n<tr>\n<td>Input number<\/td>\n<td>Up to 3 analog inputs possible. (3x standard, 2x add. configurable acc. to manu.)<\/td>\n<\/tr>\n<tr>\n<td>Input resolution<\/td>\n<td>16 bit<\/td>\n<\/tr>\n<tr>\n<td>Sampling rate<\/td>\n<td>0.1 &#8230; 100 Hz per channel<\/td>\n<\/tr>\n<tr>\n<td>Input range<\/td>\n<td>0 &#8230; 10 V<\/td>\n<\/tr>\n<tr>\n<td>Data processing<\/td>\n<td>Output of measured values in user-specific telegram<\/td>\n<\/tr>\n<tr>\n<td>Accuracy<\/td>\n<td>\u00b1 1%\u00a0 of meas. value in the range -40 &#8230; +70\u00b0C<\/td>\n<\/tr>\n<tr>\n<td>Linearity, integral<\/td>\n<td>INL: type &lt; 6LSB<\/td>\n<\/tr>\n<tr>\n<td>Effective low-noise bits<\/td>\n<td>Type 14 bit (at DC-supply for avoiding of dynamic cross-talk in the connection line)<\/td>\n<\/tr>\n<tr>\n<th colspan=\"2\"><span style=\"font-weight: 400;\">General<\/span><\/th>\n<\/tr>\n<tr>\n<td>Temperature range<\/td>\n<td>Oper. temperature: -50 &#8230; +80\u00b0C (heated), -30 &#8230; +80 \u00b0C (unheated)<br \/>\nStorage: -50 &#8230; +80\u00b0C<br \/>\n(Measuring operation possible with heating down to -75\u00b0C)<\/td>\n<\/tr>\n<tr>\n<td>Internal measuring rate<\/td>\n<td>Up to 400 measurements per second at 20\u00b0C<\/td>\n<\/tr>\n<tr>\n<td>Operating voltage<br \/>\nS82100H<br \/>\nS82200H<br \/>\nS82300H<br \/>\nS82800H<\/td>\n<td>Power supply electronics: 8 &#8230; 78 V DC, 1.5 VA, max. 2.5 VA<br \/>\nPower supply electronics + heating: 24 V AC\/DC \u00b1 15%: typ. 80 VA, max. 90 VA @ 24V<br \/>\nPower supply electronics + heating: 24 V AC\/DC \u00b1 15%: typ. 85 VA, max. 90 VA @ 24V<br \/>\nPower supply electronics + heating: 48 V AC\/DC \u00b1 15%: typ. 280 VA, max. 310 VA @ 48V<br \/>\nPower supply electronics + heating: 24 V AC\/DC \u00b1 15%: typ. 85 VA, max. 90 VA @ 24V<\/td>\n<\/tr>\n<tr>\n<td>Electr. connection<\/td>\n<td>8-pole plug<\/td>\n<\/tr>\n<tr>\n<td>Mounting<\/td>\n<td>Mast tube 1 \u00bd\u201d, e.g., DIN 2441<\/td>\n<\/tr>\n<tr>\n<td>Protection<\/td>\n<td>IP 67<\/td>\n<\/tr>\n<tr>\n<td>Weight<\/td>\n<td>2.5 kg<\/td>\n<\/tr>\n<tr>\n<td>Manufacturer<\/td>\n<td>Thies<\/td>\n<\/tr>\n<\/tbody>\n<\/table>\n","protected":false},"excerpt":{"rendered":"<p><strong>Sifari\u015f n\u00f6mr\u0259si<\/strong><br \/>\nS82300H<\/p>\n<p>T\u0259snifat acc. IEC 61400-12-1:2017 standart\u0131na uy\u011fun olaraq<br \/>\nK\u00fcl\u0259yin istiqam\u0259ti, k\u00fcl\u0259yin s\u00fcr\u0259ti v\u0259 virtual temperaturun \u00f6l\u00e7\u00fclm\u0259si<br \/>\n\u018fn y\u00fcks\u0259k d\u0259qiqlik, texniki xidm\u0259t t\u0259l\u0259b olunmayan, m\u00fcxt\u0259lif isitm\u0259 variantlar\u0131<br \/>\nR\u0259q\u0259msal v\u0259 Analoq \u00e7\u0131x\u0131\u015flar<\/p>\n","protected":false},"featured_media":31244,"template":"","meta":[],"product_brand":[],"product_cat":[1336,1416,1453],"product_tag":[],"class_list":{"0":"post-31261","1":"product","2":"type-product","3":"status-publish","4":"has-post-thumbnail","6":"product_cat-brpa-olunan-enerji-kulk-v-guns-enerjisi-olcusu-az","7":"product_cat-kulk-sensoru","8":"product_cat-ultrasonik-anemometr","10":"first","11":"instock","12":"shipping-taxable","13":"product-type-simple"},"yoast_head":"<!-- This site is optimized with the Yoast SEO plugin v27.1.1 - https:\/\/yoast.com\/product\/yoast-seo-wordpress\/ -->\n<title>Ultrasonik Anemometr Thies 2D - H\u0259ddind\u0259n art\u0131q buzlanma \u015f\u0259raiti \u00fc\u00e7\u00fcn q\u0131zd\u0131r\u0131c\u0131 - GeoClimate.ge<\/title>\n<meta name=\"robots\" content=\"index, follow, max-snippet:-1, max-image-preview:large, max-video-preview:-1\" \/>\n<link rel=\"canonical\" href=\"https:\/\/geoclimate.ge\/az\/product\/ultrasonic-anemometer-thies-2d-heating-for-extreme-icing-conditions\/\" \/>\n<meta property=\"og:locale\" content=\"az_AZ\" \/>\n<meta property=\"og:type\" content=\"article\" \/>\n<meta property=\"og:title\" content=\"Ultrasonik Anemometr Thies 2D - H\u0259ddind\u0259n art\u0131q buzlanma \u015f\u0259raiti \u00fc\u00e7\u00fcn q\u0131zd\u0131r\u0131c\u0131 - GeoClimate.ge\" \/>\n<meta property=\"og:description\" content=\"Sifari\u015f n\u00f6mr\u0259si S82300H  T\u0259snifat acc. IEC 61400-12-1:2017 standart\u0131na uy\u011fun olaraq K\u00fcl\u0259yin istiqam\u0259ti, k\u00fcl\u0259yin s\u00fcr\u0259ti v\u0259 virtual temperaturun \u00f6l\u00e7\u00fclm\u0259si \u018fn y\u00fcks\u0259k d\u0259qiqlik, texniki xidm\u0259t t\u0259l\u0259b olunmayan, m\u00fcxt\u0259lif isitm\u0259 variantlar\u0131 R\u0259q\u0259msal v\u0259 Analoq \u00e7\u0131x\u0131\u015flar\" \/>\n<meta property=\"og:url\" content=\"https:\/\/geoclimate.ge\/az\/product\/ultrasonic-anemometer-thies-2d-heating-for-extreme-icing-conditions\/\" \/>\n<meta property=\"og:site_name\" content=\"GeoClimate.ge\" \/>\n<meta property=\"article:modified_time\" content=\"2025-05-11T12:38:53+00:00\" \/>\n<meta property=\"og:image\" content=\"https:\/\/geoclimate.ge\/wp-content\/uploads\/2025\/05\/ultrasonic-thies-2d.png__490x490_q85_crop_subsampling-2_upscale-1.png\" \/>\n\t<meta property=\"og:image:width\" content=\"490\" \/>\n\t<meta property=\"og:image:height\" content=\"490\" \/>\n\t<meta property=\"og:image:type\" content=\"image\/png\" \/>\n<meta name=\"twitter:card\" content=\"summary_large_image\" \/>\n<meta name=\"twitter:label1\" content=\"Est. reading time\" \/>\n\t<meta name=\"twitter:data1\" content=\"4 minutes\" \/>\n<script type=\"application\/ld+json\" class=\"yoast-schema-graph\">{\"@context\":\"https:\/\/schema.org\",\"@graph\":[{\"@type\":\"WebPage\",\"@id\":\"https:\/\/geoclimate.ge\/az\/product\/ultrasonic-anemometer-thies-2d-heating-for-extreme-icing-conditions\/\",\"url\":\"https:\/\/geoclimate.ge\/az\/product\/ultrasonic-anemometer-thies-2d-heating-for-extreme-icing-conditions\/\",\"name\":\"Ultrasonik Anemometr Thies 2D - H\u0259ddind\u0259n art\u0131q buzlanma \u015f\u0259raiti \u00fc\u00e7\u00fcn q\u0131zd\u0131r\u0131c\u0131 - GeoClimate.ge\",\"isPartOf\":{\"@id\":\"https:\/\/geoclimate.ge\/#website\"},\"primaryImageOfPage\":{\"@id\":\"https:\/\/geoclimate.ge\/az\/product\/ultrasonic-anemometer-thies-2d-heating-for-extreme-icing-conditions\/#primaryimage\"},\"image\":{\"@id\":\"https:\/\/geoclimate.ge\/az\/product\/ultrasonic-anemometer-thies-2d-heating-for-extreme-icing-conditions\/#primaryimage\"},\"thumbnailUrl\":\"https:\/\/geoclimate.ge\/wp-content\/uploads\/2025\/05\/ultrasonic-thies-2d.png__490x490_q85_crop_subsampling-2_upscale-1.png\",\"datePublished\":\"2025-05-11T12:31:30+00:00\",\"dateModified\":\"2025-05-11T12:38:53+00:00\",\"breadcrumb\":{\"@id\":\"https:\/\/geoclimate.ge\/az\/product\/ultrasonic-anemometer-thies-2d-heating-for-extreme-icing-conditions\/#breadcrumb\"},\"inLanguage\":\"az\",\"potentialAction\":[{\"@type\":\"ReadAction\",\"target\":[\"https:\/\/geoclimate.ge\/az\/product\/ultrasonic-anemometer-thies-2d-heating-for-extreme-icing-conditions\/\"]}]},{\"@type\":\"ImageObject\",\"inLanguage\":\"az\",\"@id\":\"https:\/\/geoclimate.ge\/az\/product\/ultrasonic-anemometer-thies-2d-heating-for-extreme-icing-conditions\/#primaryimage\",\"url\":\"https:\/\/geoclimate.ge\/wp-content\/uploads\/2025\/05\/ultrasonic-thies-2d.png__490x490_q85_crop_subsampling-2_upscale-1.png\",\"contentUrl\":\"https:\/\/geoclimate.ge\/wp-content\/uploads\/2025\/05\/ultrasonic-thies-2d.png__490x490_q85_crop_subsampling-2_upscale-1.png\",\"width\":490,\"height\":490},{\"@type\":\"BreadcrumbList\",\"@id\":\"https:\/\/geoclimate.ge\/az\/product\/ultrasonic-anemometer-thies-2d-heating-for-extreme-icing-conditions\/#breadcrumb\",\"itemListElement\":[{\"@type\":\"ListItem\",\"position\":1,\"name\":\"Home\",\"item\":\"https:\/\/geoclimate.ge\/az\/\"},{\"@type\":\"ListItem\",\"position\":2,\"name\":\"M\u0259hsullar\",\"item\":\"https:\/\/geoclimate.ge\/az\/products\/\"},{\"@type\":\"ListItem\",\"position\":3,\"name\":\"Ultrasonik Anemometr Thies 2D &#8211; H\u0259ddind\u0259n art\u0131q buzlanma \u015f\u0259raiti \u00fc\u00e7\u00fcn q\u0131zd\u0131r\u0131c\u0131\"}]},{\"@type\":\"WebSite\",\"@id\":\"https:\/\/geoclimate.ge\/#website\",\"url\":\"https:\/\/geoclimate.ge\/\",\"name\":\"GeoClimate\",\"description\":\"\",\"publisher\":{\"@id\":\"https:\/\/geoclimate.ge\/#organization\"},\"potentialAction\":[{\"@type\":\"SearchAction\",\"target\":{\"@type\":\"EntryPoint\",\"urlTemplate\":\"https:\/\/geoclimate.ge\/?s={search_term_string}\"},\"query-input\":{\"@type\":\"PropertyValueSpecification\",\"valueRequired\":true,\"valueName\":\"search_term_string\"}}],\"inLanguage\":\"az\"},{\"@type\":\"Organization\",\"@id\":\"https:\/\/geoclimate.ge\/#organization\",\"name\":\"GeoClimate\",\"url\":\"https:\/\/geoclimate.ge\/\",\"logo\":{\"@type\":\"ImageObject\",\"inLanguage\":\"az\",\"@id\":\"https:\/\/geoclimate.ge\/#\/schema\/logo\/image\/\",\"url\":\"https:\/\/geoclimate.ge\/wp-content\/uploads\/2026\/03\/geoclimate-SEO.png\",\"contentUrl\":\"https:\/\/geoclimate.ge\/wp-content\/uploads\/2026\/03\/geoclimate-SEO.png\",\"width\":1536,\"height\":1024,\"caption\":\"GeoClimate\"},\"image\":{\"@id\":\"https:\/\/geoclimate.ge\/#\/schema\/logo\/image\/\"}}]}<\/script>\n<!-- \/ Yoast SEO plugin. -->","yoast_head_json":{"title":"Ultrasonik Anemometr Thies 2D - H\u0259ddind\u0259n art\u0131q buzlanma \u015f\u0259raiti \u00fc\u00e7\u00fcn q\u0131zd\u0131r\u0131c\u0131 - GeoClimate.ge","robots":{"index":"index","follow":"follow","max-snippet":"max-snippet:-1","max-image-preview":"max-image-preview:large","max-video-preview":"max-video-preview:-1"},"canonical":"https:\/\/geoclimate.ge\/az\/product\/ultrasonic-anemometer-thies-2d-heating-for-extreme-icing-conditions\/","og_locale":"az_AZ","og_type":"article","og_title":"Ultrasonik Anemometr Thies 2D - H\u0259ddind\u0259n art\u0131q buzlanma \u015f\u0259raiti \u00fc\u00e7\u00fcn q\u0131zd\u0131r\u0131c\u0131 - GeoClimate.ge","og_description":"Sifari\u015f n\u00f6mr\u0259si S82300H  T\u0259snifat acc. IEC 61400-12-1:2017 standart\u0131na uy\u011fun olaraq K\u00fcl\u0259yin istiqam\u0259ti, k\u00fcl\u0259yin s\u00fcr\u0259ti v\u0259 virtual temperaturun \u00f6l\u00e7\u00fclm\u0259si \u018fn y\u00fcks\u0259k d\u0259qiqlik, texniki xidm\u0259t t\u0259l\u0259b olunmayan, m\u00fcxt\u0259lif isitm\u0259 variantlar\u0131 R\u0259q\u0259msal v\u0259 Analoq \u00e7\u0131x\u0131\u015flar","og_url":"https:\/\/geoclimate.ge\/az\/product\/ultrasonic-anemometer-thies-2d-heating-for-extreme-icing-conditions\/","og_site_name":"GeoClimate.ge","article_modified_time":"2025-05-11T12:38:53+00:00","og_image":[{"width":490,"height":490,"url":"https:\/\/geoclimate.ge\/wp-content\/uploads\/2025\/05\/ultrasonic-thies-2d.png__490x490_q85_crop_subsampling-2_upscale-1.png","type":"image\/png"}],"twitter_card":"summary_large_image","twitter_misc":{"Est. reading time":"4 minutes"},"schema":{"@context":"https:\/\/schema.org","@graph":[{"@type":"WebPage","@id":"https:\/\/geoclimate.ge\/az\/product\/ultrasonic-anemometer-thies-2d-heating-for-extreme-icing-conditions\/","url":"https:\/\/geoclimate.ge\/az\/product\/ultrasonic-anemometer-thies-2d-heating-for-extreme-icing-conditions\/","name":"Ultrasonik Anemometr Thies 2D - H\u0259ddind\u0259n art\u0131q buzlanma \u015f\u0259raiti \u00fc\u00e7\u00fcn q\u0131zd\u0131r\u0131c\u0131 - GeoClimate.ge","isPartOf":{"@id":"https:\/\/geoclimate.ge\/#website"},"primaryImageOfPage":{"@id":"https:\/\/geoclimate.ge\/az\/product\/ultrasonic-anemometer-thies-2d-heating-for-extreme-icing-conditions\/#primaryimage"},"image":{"@id":"https:\/\/geoclimate.ge\/az\/product\/ultrasonic-anemometer-thies-2d-heating-for-extreme-icing-conditions\/#primaryimage"},"thumbnailUrl":"https:\/\/geoclimate.ge\/wp-content\/uploads\/2025\/05\/ultrasonic-thies-2d.png__490x490_q85_crop_subsampling-2_upscale-1.png","datePublished":"2025-05-11T12:31:30+00:00","dateModified":"2025-05-11T12:38:53+00:00","breadcrumb":{"@id":"https:\/\/geoclimate.ge\/az\/product\/ultrasonic-anemometer-thies-2d-heating-for-extreme-icing-conditions\/#breadcrumb"},"inLanguage":"az","potentialAction":[{"@type":"ReadAction","target":["https:\/\/geoclimate.ge\/az\/product\/ultrasonic-anemometer-thies-2d-heating-for-extreme-icing-conditions\/"]}]},{"@type":"ImageObject","inLanguage":"az","@id":"https:\/\/geoclimate.ge\/az\/product\/ultrasonic-anemometer-thies-2d-heating-for-extreme-icing-conditions\/#primaryimage","url":"https:\/\/geoclimate.ge\/wp-content\/uploads\/2025\/05\/ultrasonic-thies-2d.png__490x490_q85_crop_subsampling-2_upscale-1.png","contentUrl":"https:\/\/geoclimate.ge\/wp-content\/uploads\/2025\/05\/ultrasonic-thies-2d.png__490x490_q85_crop_subsampling-2_upscale-1.png","width":490,"height":490},{"@type":"BreadcrumbList","@id":"https:\/\/geoclimate.ge\/az\/product\/ultrasonic-anemometer-thies-2d-heating-for-extreme-icing-conditions\/#breadcrumb","itemListElement":[{"@type":"ListItem","position":1,"name":"Home","item":"https:\/\/geoclimate.ge\/az\/"},{"@type":"ListItem","position":2,"name":"M\u0259hsullar","item":"https:\/\/geoclimate.ge\/az\/products\/"},{"@type":"ListItem","position":3,"name":"Ultrasonik Anemometr Thies 2D &#8211; H\u0259ddind\u0259n art\u0131q buzlanma \u015f\u0259raiti \u00fc\u00e7\u00fcn q\u0131zd\u0131r\u0131c\u0131"}]},{"@type":"WebSite","@id":"https:\/\/geoclimate.ge\/#website","url":"https:\/\/geoclimate.ge\/","name":"GeoClimate","description":"","publisher":{"@id":"https:\/\/geoclimate.ge\/#organization"},"potentialAction":[{"@type":"SearchAction","target":{"@type":"EntryPoint","urlTemplate":"https:\/\/geoclimate.ge\/?s={search_term_string}"},"query-input":{"@type":"PropertyValueSpecification","valueRequired":true,"valueName":"search_term_string"}}],"inLanguage":"az"},{"@type":"Organization","@id":"https:\/\/geoclimate.ge\/#organization","name":"GeoClimate","url":"https:\/\/geoclimate.ge\/","logo":{"@type":"ImageObject","inLanguage":"az","@id":"https:\/\/geoclimate.ge\/#\/schema\/logo\/image\/","url":"https:\/\/geoclimate.ge\/wp-content\/uploads\/2026\/03\/geoclimate-SEO.png","contentUrl":"https:\/\/geoclimate.ge\/wp-content\/uploads\/2026\/03\/geoclimate-SEO.png","width":1536,"height":1024,"caption":"GeoClimate"},"image":{"@id":"https:\/\/geoclimate.ge\/#\/schema\/logo\/image\/"}}]}},"_links":{"self":[{"href":"https:\/\/geoclimate.ge\/az\/wp-json\/wp\/v2\/product\/31261","targetHints":{"allow":["GET"]}}],"collection":[{"href":"https:\/\/geoclimate.ge\/az\/wp-json\/wp\/v2\/product"}],"about":[{"href":"https:\/\/geoclimate.ge\/az\/wp-json\/wp\/v2\/types\/product"}],"wp:featuredmedia":[{"embeddable":true,"href":"https:\/\/geoclimate.ge\/az\/wp-json\/wp\/v2\/media\/31244"}],"wp:attachment":[{"href":"https:\/\/geoclimate.ge\/az\/wp-json\/wp\/v2\/media?parent=31261"}],"wp:term":[{"taxonomy":"product_brand","embeddable":true,"href":"https:\/\/geoclimate.ge\/az\/wp-json\/wp\/v2\/product_brand?post=31261"},{"taxonomy":"product_cat","embeddable":true,"href":"https:\/\/geoclimate.ge\/az\/wp-json\/wp\/v2\/product_cat?post=31261"},{"taxonomy":"product_tag","embeddable":true,"href":"https:\/\/geoclimate.ge\/az\/wp-json\/wp\/v2\/product_tag?post=31261"}],"curies":[{"name":"wp","href":"https:\/\/api.w.org\/{rel}","templated":true}]}}