{"id":31391,"date":"2025-05-11T17:31:09","date_gmt":"2025-05-11T13:31:09","guid":{"rendered":"https:\/\/airsystems.ge\/shop\/product\/compact-weather-station-lufft-ws300-umb\/"},"modified":"2025-05-11T17:34:18","modified_gmt":"2025-05-11T13:34:18","slug":"compact-weather-station-lufft-ws300-umb","status":"publish","type":"product","link":"https:\/\/geoclimate.ge\/az\/product\/compact-weather-station-lufft-ws300-umb\/","title":{"rendered":"Kompakt Hava Stansiyas\u0131 Lufft WS300-UMB"},"content":{"rendered":"<p>Universal Measurement Bus (UMB) il\u0259 Lufft kompakt meteoroloji stansiyalar\u0131 \u0259traf m\u00fchit m\u0259lumatlar\u0131n\u0131 qeyd etm\u0259k \u00fc\u00e7\u00fcn n\u0259z\u0259rd\u0259 tutulmu\u015fdur. WS seriyas\u0131 k\u00fcl\u0259yin s\u00fcr\u0259tini v\u0259 k\u00fcl\u0259yin istiqam\u0259tini, el\u0259c\u0259 d\u0259 hava t\u0259zyiqini, temperaturu, nisbi r\u00fctub\u0259ti v\u0259 ya\u011f\u0131nt\u0131lar\u0131 qeyd etm\u0259k \u00fc\u00e7\u00fcn h\u0259rt\u0259r\u0259fli \u0259traf m\u00fchit sensorlar\u0131 t\u0259qdim edir. X\u00fcsusil\u0259 kompakt meteoroloji stansiyalar rakipsiz qiym\u0259t-performans nisb\u0259tin\u0259 g\u00f6r\u0259 \u0259lad\u0131r. \u018fn y\u00fcks\u0259k s\u0259viyy\u0259li model WS600-UMB, temperatur, r\u00fctub\u0259t, ya\u011f\u0131nt\u0131, hava t\u0259zyiqi, k\u00fcl\u0259yin istiqam\u0259ti v\u0259 k\u00fcl\u0259yin s\u00fcr\u0259ti \u00fc\u00e7\u00fcn sensorlar\u0131 \u00f6z\u00fcnd\u0259 birl\u0259\u015fdirir.<\/p>\n<p>K\u00fcl\u0259k m\u0259lumatlar\u0131 2D ultras\u0259s il\u0259 \u00f6l\u00e7\u00fcl\u00fcr. Temperaturun \u00f6l\u00e7\u00fclm\u0259si prinsipi NTC-dir, hava t\u0259zyiqi v\u0259 nisbi r\u00fctub\u0259t tutumlu \u00f6l\u00e7\u00fcl\u00fcr.<\/p>\n<p>B\u00fct\u00fcn UMB kompakt meteoroloji stansiyalar \u00fc\u00e7\u00fcn elektrik ba\u011flant\u0131s\u0131 standart fi\u015f birl\u0259\u015fdirici sistemi vasit\u0259sil\u0259 h\u0259yata ke\u00e7irilir. Bu qura\u015fd\u0131rma v\u0259 xidm\u0259t x\u0259rcl\u0259rini minimuma endirir. B\u00fct\u00fcn UMB kompakt meteoroloji stansiyalar\u0131 standart protokol vasit\u0259sil\u0259 sor\u011fulana bil\u0259r. Bir sensor \u00fc\u00e7\u00fcn m\u0259lumat sor\u011fusu daxil edildikd\u0259n sonra, m\u0259lumat sor\u011fu sisteminin asan parametrl\u0259\u015fdirilm\u0259si il\u0259 \u0259lav\u0259 sensorlar \u0259lav\u0259 edil\u0259 bil\u0259r.<\/p>\n<p>Kanal y\u00f6n\u00fcml\u00fc sensor m\u0259lumat sor\u011fusu metrik v\u0259 AB\u015e format\u0131nda \u00e7oxlu sayda hesablanm\u0131\u015f d\u0259yi\u015f\u0259nl\u0259ri t\u0259qdim edir, buna g\u00f6r\u0259 d\u0259 istifad\u0259\u00e7i t\u0259r\u0259find\u0259n \u00e7evrilm\u0259y\u0259 ehtiyac yoxdur. Pulsuz konfiqurasiya proqram\u0131 (UMBConfig-Tool) il\u0259 sensorlar konfiqurasiya edil\u0259, avadanl\u0131q s\u0131naqdan ke\u00e7iril\u0259 v\u0259 proqram t\u0259minat\u0131 yenil\u0259n\u0259 bil\u0259r.<\/p>\n<table border=\"1\" width=\"662\" cellspacing=\"1\" cellpadding=\"1\">\n<thead>\n<tr>\n<th colspan=\"2\" scope=\"col\"><span style=\"font-weight: 400;\">Air pressure<\/span><\/th>\n<\/tr>\n<\/thead>\n<tbody>\n<tr>\n<td>Measuring range<\/td>\n<td>300 .. 1200 hPa<\/td>\n<\/tr>\n<tr>\n<td>Accuracy<\/td>\n<td>\u00b10.5h Pa (0 &#8230; 40\u00b0C)<\/td>\n<\/tr>\n<tr>\n<th colspan=\"2\"><span style=\"font-weight: 400;\">Temperature<\/span><\/th>\n<\/tr>\n<tr>\n<td>Measuring range<\/td>\n<td>-50 &#8230; 60\u00b0C<\/td>\n<\/tr>\n<tr>\n<td>Accuracy<\/td>\n<td>\u00b10.2\u00b0C (-20 &#8230; 50\u00b0C), otherwise \u00b10.5\u00b0C<\/td>\n<\/tr>\n<tr>\n<th colspan=\"2\"><span style=\"font-weight: 400;\">Rel. humidity<\/span><\/th>\n<\/tr>\n<tr>\n<td>Measuring range<\/td>\n<td>0 &#8230; 100% RH<\/td>\n<\/tr>\n<tr>\n<td>Accuracy<\/td>\n<td>\u00b12% RH<\/td>\n<\/tr>\n<tr>\n<th colspan=\"2\"><span style=\"font-weight: 400;\">General<\/span><\/th>\n<\/tr>\n<tr>\n<td>Power supply<\/td>\n<td>12-24 V DC \u00b110%<\/td>\n<\/tr>\n<tr>\n<td>Heating<\/td>\n<td>20 VA @ 24 V DC<\/td>\n<\/tr>\n<tr>\n<td>Interface<\/td>\n<td>RS485, 2-wire, half-duplex (MODBUS communication protocol)<\/td>\n<\/tr>\n<tr>\n<td>Connection<\/td>\n<td>8-pole screw connector<\/td>\n<\/tr>\n<tr>\n<td>Operating temperature range<\/td>\n<td>-50 &#8230; 60\u00b0C<\/td>\n<\/tr>\n<tr>\n<td>Operating humidity range<\/td>\n<td>0 &#8230; 100% RH<\/td>\n<\/tr>\n<tr>\n<td>Dimension \/ Weight<\/td>\n<td>\u00d8 150 mm, height: 223 mm \/ 1.0 kg<\/td>\n<\/tr>\n<tr>\n<td>Protection type housing<\/td>\n<td>IP66<\/td>\n<\/tr>\n<tr>\n<td>Cable length<\/td>\n<td>10 m\u00a0 (contact us for other cable length)<\/td>\n<\/tr>\n<tr>\n<td>Accessories<\/td>\n<td>RS485 module for data logger Meteo-40 (Order-No: M83551)<\/td>\n<\/tr>\n<tr>\n<td>Manufacturer<\/td>\n<td>G. Lufft Mess- und Regeltechnik GmbH<\/td>\n<\/tr>\n<\/tbody>\n<\/table>\n","protected":false},"excerpt":{"rendered":"<p><strong>Sifari\u015f n\u00f6mr\u0259si<\/strong><br \/>\nS55300<\/p>\n<p>K\u00fcl\u0259yin s\u00fcr\u0259tinin v\u0259 k\u00fcl\u0259yin istiqam\u0259tinin (2D ultras\u0259s) v\u0259 ya hava t\u0259zyiqinin, temperaturun v\u0259 nisbi r\u00fctub\u0259tin \u00f6l\u00e7\u00fclm\u0259si \u00fc\u00e7\u00fcn kompakt hava stansiyas\u0131<br \/>\nRS485 interfeysi<br \/>\nMODBUS rabit\u0259 protokolu<\/p>\n","protected":false},"featured_media":31374,"template":"","meta":[],"product_brand":[],"product_cat":[1336,1459,1416],"product_tag":[],"class_list":{"0":"post-31391","1":"product","2":"type-product","3":"status-publish","4":"has-post-thumbnail","6":"product_cat-brpa-olunan-enerji-kulk-v-guns-enerjisi-olcusu-az","7":"product_cat-hava-stansiyasi","8":"product_cat-kulk-sensoru","10":"first","11":"instock","12":"shipping-taxable","13":"product-type-simple"},"yoast_head":"<!-- This site is optimized with the Yoast SEO plugin v27.1.1 - https:\/\/yoast.com\/product\/yoast-seo-wordpress\/ -->\n<title>Kompakt Hava Stansiyas\u0131 Lufft WS300-UMB - GeoClimate.ge<\/title>\n<meta name=\"robots\" content=\"index, follow, max-snippet:-1, max-image-preview:large, max-video-preview:-1\" \/>\n<link rel=\"canonical\" href=\"https:\/\/geoclimate.ge\/az\/product\/compact-weather-station-lufft-ws300-umb\/\" \/>\n<meta property=\"og:locale\" content=\"az_AZ\" \/>\n<meta property=\"og:type\" content=\"article\" \/>\n<meta property=\"og:title\" content=\"Kompakt Hava Stansiyas\u0131 Lufft WS300-UMB - GeoClimate.ge\" \/>\n<meta property=\"og:description\" content=\"Sifari\u015f n\u00f6mr\u0259si S55300  K\u00fcl\u0259yin s\u00fcr\u0259tinin v\u0259 k\u00fcl\u0259yin istiqam\u0259tinin (2D ultras\u0259s) v\u0259 ya hava t\u0259zyiqinin, temperaturun v\u0259 nisbi r\u00fctub\u0259tin \u00f6l\u00e7\u00fclm\u0259si \u00fc\u00e7\u00fcn kompakt hava stansiyas\u0131 RS485 interfeysi MODBUS rabit\u0259 protokolu\" \/>\n<meta property=\"og:url\" content=\"https:\/\/geoclimate.ge\/az\/product\/compact-weather-station-lufft-ws300-umb\/\" \/>\n<meta property=\"og:site_name\" content=\"GeoClimate.ge\" \/>\n<meta property=\"article:modified_time\" content=\"2025-05-11T13:34:18+00:00\" \/>\n<meta property=\"og:image\" content=\"https:\/\/geoclimate.ge\/wp-content\/uploads\/2025\/05\/weatherstation-lufft-ws300.png__490x490_q85_crop_subsampling-2_upscale.png\" \/>\n\t<meta property=\"og:image:width\" content=\"490\" \/>\n\t<meta property=\"og:image:height\" content=\"490\" \/>\n\t<meta property=\"og:image:type\" content=\"image\/png\" \/>\n<meta name=\"twitter:card\" content=\"summary_large_image\" \/>\n<meta name=\"twitter:label1\" content=\"Est. reading time\" \/>\n\t<meta name=\"twitter:data1\" content=\"2 minutes\" \/>\n<script type=\"application\/ld+json\" class=\"yoast-schema-graph\">{\"@context\":\"https:\/\/schema.org\",\"@graph\":[{\"@type\":\"WebPage\",\"@id\":\"https:\/\/geoclimate.ge\/az\/product\/compact-weather-station-lufft-ws300-umb\/\",\"url\":\"https:\/\/geoclimate.ge\/az\/product\/compact-weather-station-lufft-ws300-umb\/\",\"name\":\"Kompakt Hava Stansiyas\u0131 Lufft WS300-UMB - GeoClimate.ge\",\"isPartOf\":{\"@id\":\"https:\/\/geoclimate.ge\/#website\"},\"primaryImageOfPage\":{\"@id\":\"https:\/\/geoclimate.ge\/az\/product\/compact-weather-station-lufft-ws300-umb\/#primaryimage\"},\"image\":{\"@id\":\"https:\/\/geoclimate.ge\/az\/product\/compact-weather-station-lufft-ws300-umb\/#primaryimage\"},\"thumbnailUrl\":\"https:\/\/geoclimate.ge\/wp-content\/uploads\/2025\/05\/weatherstation-lufft-ws300.png__490x490_q85_crop_subsampling-2_upscale.png\",\"datePublished\":\"2025-05-11T13:31:09+00:00\",\"dateModified\":\"2025-05-11T13:34:18+00:00\",\"breadcrumb\":{\"@id\":\"https:\/\/geoclimate.ge\/az\/product\/compact-weather-station-lufft-ws300-umb\/#breadcrumb\"},\"inLanguage\":\"az\",\"potentialAction\":[{\"@type\":\"ReadAction\",\"target\":[\"https:\/\/geoclimate.ge\/az\/product\/compact-weather-station-lufft-ws300-umb\/\"]}]},{\"@type\":\"ImageObject\",\"inLanguage\":\"az\",\"@id\":\"https:\/\/geoclimate.ge\/az\/product\/compact-weather-station-lufft-ws300-umb\/#primaryimage\",\"url\":\"https:\/\/geoclimate.ge\/wp-content\/uploads\/2025\/05\/weatherstation-lufft-ws300.png__490x490_q85_crop_subsampling-2_upscale.png\",\"contentUrl\":\"https:\/\/geoclimate.ge\/wp-content\/uploads\/2025\/05\/weatherstation-lufft-ws300.png__490x490_q85_crop_subsampling-2_upscale.png\",\"width\":490,\"height\":490},{\"@type\":\"BreadcrumbList\",\"@id\":\"https:\/\/geoclimate.ge\/az\/product\/compact-weather-station-lufft-ws300-umb\/#breadcrumb\",\"itemListElement\":[{\"@type\":\"ListItem\",\"position\":1,\"name\":\"Home\",\"item\":\"https:\/\/geoclimate.ge\/az\/\"},{\"@type\":\"ListItem\",\"position\":2,\"name\":\"M\u0259hsullar\",\"item\":\"https:\/\/geoclimate.ge\/az\/products\/\"},{\"@type\":\"ListItem\",\"position\":3,\"name\":\"Kompakt Hava Stansiyas\u0131 Lufft WS300-UMB\"}]},{\"@type\":\"WebSite\",\"@id\":\"https:\/\/geoclimate.ge\/#website\",\"url\":\"https:\/\/geoclimate.ge\/\",\"name\":\"GeoClimate\",\"description\":\"\",\"publisher\":{\"@id\":\"https:\/\/geoclimate.ge\/#organization\"},\"potentialAction\":[{\"@type\":\"SearchAction\",\"target\":{\"@type\":\"EntryPoint\",\"urlTemplate\":\"https:\/\/geoclimate.ge\/?s={search_term_string}\"},\"query-input\":{\"@type\":\"PropertyValueSpecification\",\"valueRequired\":true,\"valueName\":\"search_term_string\"}}],\"inLanguage\":\"az\"},{\"@type\":\"Organization\",\"@id\":\"https:\/\/geoclimate.ge\/#organization\",\"name\":\"GeoClimate\",\"url\":\"https:\/\/geoclimate.ge\/\",\"logo\":{\"@type\":\"ImageObject\",\"inLanguage\":\"az\",\"@id\":\"https:\/\/geoclimate.ge\/#\/schema\/logo\/image\/\",\"url\":\"https:\/\/geoclimate.ge\/wp-content\/uploads\/2026\/03\/geoclimate-SEO.png\",\"contentUrl\":\"https:\/\/geoclimate.ge\/wp-content\/uploads\/2026\/03\/geoclimate-SEO.png\",\"width\":1536,\"height\":1024,\"caption\":\"GeoClimate\"},\"image\":{\"@id\":\"https:\/\/geoclimate.ge\/#\/schema\/logo\/image\/\"}}]}<\/script>\n<!-- \/ Yoast SEO plugin. -->","yoast_head_json":{"title":"Kompakt Hava Stansiyas\u0131 Lufft WS300-UMB - GeoClimate.ge","robots":{"index":"index","follow":"follow","max-snippet":"max-snippet:-1","max-image-preview":"max-image-preview:large","max-video-preview":"max-video-preview:-1"},"canonical":"https:\/\/geoclimate.ge\/az\/product\/compact-weather-station-lufft-ws300-umb\/","og_locale":"az_AZ","og_type":"article","og_title":"Kompakt Hava Stansiyas\u0131 Lufft WS300-UMB - GeoClimate.ge","og_description":"Sifari\u015f n\u00f6mr\u0259si S55300  K\u00fcl\u0259yin s\u00fcr\u0259tinin v\u0259 k\u00fcl\u0259yin istiqam\u0259tinin (2D ultras\u0259s) v\u0259 ya hava t\u0259zyiqinin, temperaturun v\u0259 nisbi r\u00fctub\u0259tin \u00f6l\u00e7\u00fclm\u0259si \u00fc\u00e7\u00fcn kompakt hava stansiyas\u0131 RS485 interfeysi MODBUS rabit\u0259 protokolu","og_url":"https:\/\/geoclimate.ge\/az\/product\/compact-weather-station-lufft-ws300-umb\/","og_site_name":"GeoClimate.ge","article_modified_time":"2025-05-11T13:34:18+00:00","og_image":[{"width":490,"height":490,"url":"https:\/\/geoclimate.ge\/wp-content\/uploads\/2025\/05\/weatherstation-lufft-ws300.png__490x490_q85_crop_subsampling-2_upscale.png","type":"image\/png"}],"twitter_card":"summary_large_image","twitter_misc":{"Est. reading time":"2 minutes"},"schema":{"@context":"https:\/\/schema.org","@graph":[{"@type":"WebPage","@id":"https:\/\/geoclimate.ge\/az\/product\/compact-weather-station-lufft-ws300-umb\/","url":"https:\/\/geoclimate.ge\/az\/product\/compact-weather-station-lufft-ws300-umb\/","name":"Kompakt Hava Stansiyas\u0131 Lufft WS300-UMB - GeoClimate.ge","isPartOf":{"@id":"https:\/\/geoclimate.ge\/#website"},"primaryImageOfPage":{"@id":"https:\/\/geoclimate.ge\/az\/product\/compact-weather-station-lufft-ws300-umb\/#primaryimage"},"image":{"@id":"https:\/\/geoclimate.ge\/az\/product\/compact-weather-station-lufft-ws300-umb\/#primaryimage"},"thumbnailUrl":"https:\/\/geoclimate.ge\/wp-content\/uploads\/2025\/05\/weatherstation-lufft-ws300.png__490x490_q85_crop_subsampling-2_upscale.png","datePublished":"2025-05-11T13:31:09+00:00","dateModified":"2025-05-11T13:34:18+00:00","breadcrumb":{"@id":"https:\/\/geoclimate.ge\/az\/product\/compact-weather-station-lufft-ws300-umb\/#breadcrumb"},"inLanguage":"az","potentialAction":[{"@type":"ReadAction","target":["https:\/\/geoclimate.ge\/az\/product\/compact-weather-station-lufft-ws300-umb\/"]}]},{"@type":"ImageObject","inLanguage":"az","@id":"https:\/\/geoclimate.ge\/az\/product\/compact-weather-station-lufft-ws300-umb\/#primaryimage","url":"https:\/\/geoclimate.ge\/wp-content\/uploads\/2025\/05\/weatherstation-lufft-ws300.png__490x490_q85_crop_subsampling-2_upscale.png","contentUrl":"https:\/\/geoclimate.ge\/wp-content\/uploads\/2025\/05\/weatherstation-lufft-ws300.png__490x490_q85_crop_subsampling-2_upscale.png","width":490,"height":490},{"@type":"BreadcrumbList","@id":"https:\/\/geoclimate.ge\/az\/product\/compact-weather-station-lufft-ws300-umb\/#breadcrumb","itemListElement":[{"@type":"ListItem","position":1,"name":"Home","item":"https:\/\/geoclimate.ge\/az\/"},{"@type":"ListItem","position":2,"name":"M\u0259hsullar","item":"https:\/\/geoclimate.ge\/az\/products\/"},{"@type":"ListItem","position":3,"name":"Kompakt Hava Stansiyas\u0131 Lufft WS300-UMB"}]},{"@type":"WebSite","@id":"https:\/\/geoclimate.ge\/#website","url":"https:\/\/geoclimate.ge\/","name":"GeoClimate","description":"","publisher":{"@id":"https:\/\/geoclimate.ge\/#organization"},"potentialAction":[{"@type":"SearchAction","target":{"@type":"EntryPoint","urlTemplate":"https:\/\/geoclimate.ge\/?s={search_term_string}"},"query-input":{"@type":"PropertyValueSpecification","valueRequired":true,"valueName":"search_term_string"}}],"inLanguage":"az"},{"@type":"Organization","@id":"https:\/\/geoclimate.ge\/#organization","name":"GeoClimate","url":"https:\/\/geoclimate.ge\/","logo":{"@type":"ImageObject","inLanguage":"az","@id":"https:\/\/geoclimate.ge\/#\/schema\/logo\/image\/","url":"https:\/\/geoclimate.ge\/wp-content\/uploads\/2026\/03\/geoclimate-SEO.png","contentUrl":"https:\/\/geoclimate.ge\/wp-content\/uploads\/2026\/03\/geoclimate-SEO.png","width":1536,"height":1024,"caption":"GeoClimate"},"image":{"@id":"https:\/\/geoclimate.ge\/#\/schema\/logo\/image\/"}}]}},"_links":{"self":[{"href":"https:\/\/geoclimate.ge\/az\/wp-json\/wp\/v2\/product\/31391","targetHints":{"allow":["GET"]}}],"collection":[{"href":"https:\/\/geoclimate.ge\/az\/wp-json\/wp\/v2\/product"}],"about":[{"href":"https:\/\/geoclimate.ge\/az\/wp-json\/wp\/v2\/types\/product"}],"wp:featuredmedia":[{"embeddable":true,"href":"https:\/\/geoclimate.ge\/az\/wp-json\/wp\/v2\/media\/31374"}],"wp:attachment":[{"href":"https:\/\/geoclimate.ge\/az\/wp-json\/wp\/v2\/media?parent=31391"}],"wp:term":[{"taxonomy":"product_brand","embeddable":true,"href":"https:\/\/geoclimate.ge\/az\/wp-json\/wp\/v2\/product_brand?post=31391"},{"taxonomy":"product_cat","embeddable":true,"href":"https:\/\/geoclimate.ge\/az\/wp-json\/wp\/v2\/product_cat?post=31391"},{"taxonomy":"product_tag","embeddable":true,"href":"https:\/\/geoclimate.ge\/az\/wp-json\/wp\/v2\/product_tag?post=31391"}],"curies":[{"name":"wp","href":"https:\/\/api.w.org\/{rel}","templated":true}]}}