{"id":31418,"date":"2025-05-11T17:39:52","date_gmt":"2025-05-11T13:39:52","guid":{"rendered":"https:\/\/airsystems.ge\/shop\/product\/weather-station-thies-clima-sensor-us\/"},"modified":"2025-05-11T17:43:23","modified_gmt":"2025-05-11T13:43:23","slug":"weather-station-thies-clima-sensor-us","status":"publish","type":"product","link":"https:\/\/geoclimate.ge\/az\/product\/weather-station-thies-clima-sensor-us\/","title":{"rendered":"Hava Stansiyas\u0131 Thies Clima Sensor US"},"content":{"rendered":"<p>Kompakt dizayn, sad\u0259 qura\u015fd\u0131rma v\u0259 m\u0259lumat \u00e7\u0131x\u0131\u015f\u0131 \u00fc\u00e7\u00fcn m\u00fcxt\u0259lif variantlar \u00e7oxsayl\u0131 proqramlarla i\u015fl\u0259m\u0259y\u0259 imkan verir.<\/p>\n<p>K\u00fcl\u0259yin s\u00fcr\u0259ti v\u0259 k\u00fcl\u0259yin istiqam\u0259ti bir-birin\u0259 nisb\u0259t\u0259n d\u00fczg\u00fcn bucaq alt\u0131nda yerl\u0259\u015f\u0259n ultras\u0259s \u00f6l\u00e7m\u0259 yollar\u0131n\u0131n 2 \u00f6l\u00e7\u00fcl\u00fc \u00fcf\u00fcqi komponentl\u0259rini \u0259ld\u0259 etm\u0259kl\u0259 m\u00fc\u0259yy\u0259n edilir. S\u0259sin s\u00fcr\u0259ti akustik virtual temperaturu hesablamaq v\u0259 \u00e7\u0131xarmaq \u00fc\u00e7\u00fcn \u0259lav\u0259 olaraq istifad\u0259 edil\u0259 bil\u0259r. Ultras\u0259s \u00f6l\u00e7m\u0259 prinsipi k\u00fcl\u0259yin v\u0259 pik d\u0259y\u0259rl\u0259rin \u0259tal\u0259tsiz \u00f6l\u00e7\u00fclm\u0259sin\u0259 imkan verir.<\/p>\n<p>Havan\u0131n temperaturu v\u0259 nisbi r\u00fctub\u0259t hava v\u0259 radiasiya qoruyucusu il\u0259 t\u0259chiz edilmi\u015f daxili d\u0259qiq kombinasiya sensoru vasit\u0259sil\u0259 \u00f6l\u00e7\u00fcl\u00fcr. Barometrik hava t\u0259zyiqi piezorezistiv texnologiyaya \u0259saslanan MEM (mikroelektro-mexaniki sistem) sensoru il\u0259 \u00f6l\u00e7\u00fcl\u00fcr.<\/p>\n<p>Ya\u011f\u0131nt\u0131n\u0131n intensivliyinin \u00f6l\u00e7\u00fclm\u0259si Doppler radar\u0131 il\u0259 \u0259ks olunan siqnaldan istifad\u0259 etm\u0259kl\u0259 t\u0259mass\u0131zd\u0131r. Hesablama zaman\u0131 son d\u0259qiq\u0259 \u00fc\u00e7\u00fcn \u00e7\u0259kil\u0259n intensivlik bir saatl\u0131q \u00e7\u0131x\u0131\u015fa ekstrapolyasiya edilir. Ya\u011f\u0131nt\u0131n\u0131n n\u00f6v\u00fc t\u0259qrib\u0259n ya\u011f\u0131\u015f\u0131n s\u00fcr\u0259ti, intensivliyi, temperaturu v\u0259 r\u00fctub\u0259tinin \u00f6l\u00e7\u00fcl\u0259n d\u0259y\u0259rl\u0259rind\u0259n m\u00fc\u0259yy\u0259n edil\u0259 bil\u0259r.<\/p>\n<p>Parlaql\u0131q spektral h\u0259ssasl\u0131q \u0259yrisi olan 4 foto sensor t\u0259r\u0259find\u0259n tutulur. \u0130\u015f\u0131q m\u0259nb\u0259yinin istiqam\u0259ti \u00fcst\u00fcnl\u00fck t\u0259\u015fkil ed\u0259n intensivlik \u015f\u0259rtl\u0259rind\u0259n istifad\u0259 etm\u0259kl\u0259 hesablan\u0131r. Fotosensorlar\u0131n loqarifmik intensivlik xarakteristikas\u0131 i\u015f\u0131\u011f\u0131n intensivliyini \u00f6l\u00e7m\u0259y\u0259 v\u0259 1-150.000 l\u00fcks aras\u0131nda geni\u015f diapazonda \u00e7\u0131x\u0131\u015f etm\u0259y\u0259 imkan verir.<\/p>\n<p>GPS q\u0259buledicisi m\u00f6vqenin m\u00fc\u0259yy\u0259n edilm\u0259si v\u0259 real vaxt m\u0259nb\u0259yi kimi istifad\u0259 olunur. Bundan \u0259lav\u0259, g\u00fcn\u0259\u015fin cari v\u0259ziyy\u0259tini hesablamaq \u00fc\u00e7\u00fcn istifad\u0259 olunur. G\u00fcn\u0259\u015fin yeri, vaxt\u0131 v\u0259 m\u00f6vqeyi RS485 \/ RS422 interfeysl\u0259ri vasit\u0259sil\u0259 t\u0259min edilir.<\/p>\n<p>Serial \u0259laq\u0259 \u00fc\u00e7\u00fcn RS485\/422 interfeysi m\u00f6vcuddur. Tam v\u0259 ya yar\u0131m dupleks rejimind\u0259 i\u015fl\u0259dil\u0259 bil\u0259r. \u00d6l\u00e7\u00fclm\u00fc\u015f d\u0259y\u0259rl\u0259ri \u00e7\u0131xarmaq \u00fc\u00e7\u00fcn \u0259vv\u0259lc\u0259d\u0259n t\u0259yin edilmi\u015f m\u0259lumat teleqramlar\u0131 m\u00f6vcuddur (m\u0259s\u0259l\u0259n, VD, VDT, NMEA v\u0259 s.). Geni\u015fl\u0259ndirilmi\u015f standart rabit\u0259 \u00fc\u00e7\u00fcn \u0259lav\u0259 olaraq Modbus RTU protokolu h\u0259yata ke\u00e7irilir. Cihaz m\u00fcvafiq \u0259mrl\u0259 Modbus RTU rejimin\u0259 ke\u00e7iril\u0259 bil\u0259r.<\/p>\n<p>CLIMA SENSOR US daxili istilik sistemi il\u0259 t\u0259chiz edilmi\u015fdir.<\/p>\n<p>&nbsp;<\/p>\n","protected":false},"excerpt":{"rendered":"<p><strong>Sifari\u015f n\u00f6mr\u0259si<\/strong><br \/>\nS81950<\/p>\n<p>\u018fn vacib meteoroloji parametrl\u0259ri \u00f6l\u00e7m\u0259k \u00fc\u00e7\u00fcn kompakt meteoroloji stansiya<br \/>\nT\u0259tbiq olunan GPS q\u0259buledicisi<br \/>\nRS485<br \/>\nModbus protokolu<\/p>\n<p>CLIMA SENSOR US \u0259n vacib meteoroloji parametrl\u0259ri \u0259ld\u0259 etm\u0259k \u00fc\u00e7\u00fcn istifad\u0259 olunur. \u0130nki\u015faf s\u0259viyy\u0259sind\u0259n as\u0131l\u0131 olaraq cihaz \u00f6l\u00e7\u00fclm\u00fc\u015f m\u0259lumatlar\u0131 t\u0259min edir:<\/p>\n<p>k\u00fcl\u0259yin s\u00fcr\u0259ti v\u0259 istiqam\u0259ti, orta hesabla. WMO t\u00f6vsiy\u0259l\u0259rin\u0259<br \/>\nhava istiliyi<br \/>\nnisbi r\u00fctub\u0259t<br \/>\nbarometrik hava t\u0259zyiqi<br \/>\nya\u011f\u0131nt\u0131<br \/>\nparlaql\u0131q<\/p>\n","protected":false},"featured_media":31401,"template":"","meta":[],"product_brand":[],"product_cat":[1336,1459,1416],"product_tag":[],"class_list":{"0":"post-31418","1":"product","2":"type-product","3":"status-publish","4":"has-post-thumbnail","6":"product_cat-brpa-olunan-enerji-kulk-v-guns-enerjisi-olcusu-az","7":"product_cat-hava-stansiyasi","8":"product_cat-kulk-sensoru","10":"first","11":"instock","12":"shipping-taxable","13":"product-type-simple"},"yoast_head":"<!-- This site is optimized with the Yoast SEO plugin v27.1.1 - https:\/\/yoast.com\/product\/yoast-seo-wordpress\/ -->\n<title>Hava Stansiyas\u0131 Thies Clima Sensor US - GeoClimate.ge<\/title>\n<meta name=\"robots\" content=\"index, follow, max-snippet:-1, max-image-preview:large, max-video-preview:-1\" \/>\n<link rel=\"canonical\" href=\"https:\/\/geoclimate.ge\/az\/product\/weather-station-thies-clima-sensor-us\/\" \/>\n<meta property=\"og:locale\" content=\"az_AZ\" \/>\n<meta property=\"og:type\" content=\"article\" \/>\n<meta property=\"og:title\" content=\"Hava Stansiyas\u0131 Thies Clima Sensor US - GeoClimate.ge\" \/>\n<meta property=\"og:description\" content=\"Sifari\u015f n\u00f6mr\u0259si S81950  \u018fn vacib meteoroloji parametrl\u0259ri \u00f6l\u00e7m\u0259k \u00fc\u00e7\u00fcn kompakt meteoroloji stansiya T\u0259tbiq olunan GPS q\u0259buledicisi RS485 Modbus protokolu  CLIMA SENSOR US \u0259n vacib meteoroloji parametrl\u0259ri \u0259ld\u0259 etm\u0259k \u00fc\u00e7\u00fcn istifad\u0259 olunur. \u0130nki\u015faf s\u0259viyy\u0259sind\u0259n as\u0131l\u0131 olaraq cihaz \u00f6l\u00e7\u00fclm\u00fc\u015f m\u0259lumatlar\u0131 t\u0259min edir:  k\u00fcl\u0259yin s\u00fcr\u0259ti v\u0259 istiqam\u0259ti, orta hesabla. WMO t\u00f6vsiy\u0259l\u0259rin\u0259 hava istiliyi nisbi r\u00fctub\u0259t barometrik hava t\u0259zyiqi ya\u011f\u0131nt\u0131 parlaql\u0131q\" \/>\n<meta property=\"og:url\" content=\"https:\/\/geoclimate.ge\/az\/product\/weather-station-thies-clima-sensor-us\/\" \/>\n<meta property=\"og:site_name\" content=\"GeoClimate.ge\" \/>\n<meta property=\"article:modified_time\" content=\"2025-05-11T13:43:23+00:00\" \/>\n<meta property=\"og:image\" content=\"https:\/\/geoclimate.ge\/wp-content\/uploads\/2025\/05\/weatherstation-thies-climasensorus.png__490x490_q85_crop_subsampling-2_upscale.png\" \/>\n\t<meta property=\"og:image:width\" content=\"490\" \/>\n\t<meta property=\"og:image:height\" content=\"490\" \/>\n\t<meta property=\"og:image:type\" content=\"image\/png\" \/>\n<meta name=\"twitter:card\" content=\"summary_large_image\" \/>\n<meta name=\"twitter:label1\" content=\"Est. reading time\" \/>\n\t<meta name=\"twitter:data1\" content=\"2 minutes\" \/>\n<script type=\"application\/ld+json\" class=\"yoast-schema-graph\">{\"@context\":\"https:\/\/schema.org\",\"@graph\":[{\"@type\":\"WebPage\",\"@id\":\"https:\/\/geoclimate.ge\/az\/product\/weather-station-thies-clima-sensor-us\/\",\"url\":\"https:\/\/geoclimate.ge\/az\/product\/weather-station-thies-clima-sensor-us\/\",\"name\":\"Hava Stansiyas\u0131 Thies Clima Sensor US - GeoClimate.ge\",\"isPartOf\":{\"@id\":\"https:\/\/geoclimate.ge\/#website\"},\"primaryImageOfPage\":{\"@id\":\"https:\/\/geoclimate.ge\/az\/product\/weather-station-thies-clima-sensor-us\/#primaryimage\"},\"image\":{\"@id\":\"https:\/\/geoclimate.ge\/az\/product\/weather-station-thies-clima-sensor-us\/#primaryimage\"},\"thumbnailUrl\":\"https:\/\/geoclimate.ge\/wp-content\/uploads\/2025\/05\/weatherstation-thies-climasensorus.png__490x490_q85_crop_subsampling-2_upscale.png\",\"datePublished\":\"2025-05-11T13:39:52+00:00\",\"dateModified\":\"2025-05-11T13:43:23+00:00\",\"breadcrumb\":{\"@id\":\"https:\/\/geoclimate.ge\/az\/product\/weather-station-thies-clima-sensor-us\/#breadcrumb\"},\"inLanguage\":\"az\",\"potentialAction\":[{\"@type\":\"ReadAction\",\"target\":[\"https:\/\/geoclimate.ge\/az\/product\/weather-station-thies-clima-sensor-us\/\"]}]},{\"@type\":\"ImageObject\",\"inLanguage\":\"az\",\"@id\":\"https:\/\/geoclimate.ge\/az\/product\/weather-station-thies-clima-sensor-us\/#primaryimage\",\"url\":\"https:\/\/geoclimate.ge\/wp-content\/uploads\/2025\/05\/weatherstation-thies-climasensorus.png__490x490_q85_crop_subsampling-2_upscale.png\",\"contentUrl\":\"https:\/\/geoclimate.ge\/wp-content\/uploads\/2025\/05\/weatherstation-thies-climasensorus.png__490x490_q85_crop_subsampling-2_upscale.png\",\"width\":490,\"height\":490},{\"@type\":\"BreadcrumbList\",\"@id\":\"https:\/\/geoclimate.ge\/az\/product\/weather-station-thies-clima-sensor-us\/#breadcrumb\",\"itemListElement\":[{\"@type\":\"ListItem\",\"position\":1,\"name\":\"Home\",\"item\":\"https:\/\/geoclimate.ge\/az\/\"},{\"@type\":\"ListItem\",\"position\":2,\"name\":\"M\u0259hsullar\",\"item\":\"https:\/\/geoclimate.ge\/az\/products\/\"},{\"@type\":\"ListItem\",\"position\":3,\"name\":\"Hava Stansiyas\u0131 Thies Clima Sensor US\"}]},{\"@type\":\"WebSite\",\"@id\":\"https:\/\/geoclimate.ge\/#website\",\"url\":\"https:\/\/geoclimate.ge\/\",\"name\":\"GeoClimate\",\"description\":\"\",\"publisher\":{\"@id\":\"https:\/\/geoclimate.ge\/#organization\"},\"potentialAction\":[{\"@type\":\"SearchAction\",\"target\":{\"@type\":\"EntryPoint\",\"urlTemplate\":\"https:\/\/geoclimate.ge\/?s={search_term_string}\"},\"query-input\":{\"@type\":\"PropertyValueSpecification\",\"valueRequired\":true,\"valueName\":\"search_term_string\"}}],\"inLanguage\":\"az\"},{\"@type\":\"Organization\",\"@id\":\"https:\/\/geoclimate.ge\/#organization\",\"name\":\"GeoClimate\",\"url\":\"https:\/\/geoclimate.ge\/\",\"logo\":{\"@type\":\"ImageObject\",\"inLanguage\":\"az\",\"@id\":\"https:\/\/geoclimate.ge\/#\/schema\/logo\/image\/\",\"url\":\"https:\/\/geoclimate.ge\/wp-content\/uploads\/2026\/03\/geoclimate-SEO.png\",\"contentUrl\":\"https:\/\/geoclimate.ge\/wp-content\/uploads\/2026\/03\/geoclimate-SEO.png\",\"width\":1536,\"height\":1024,\"caption\":\"GeoClimate\"},\"image\":{\"@id\":\"https:\/\/geoclimate.ge\/#\/schema\/logo\/image\/\"}}]}<\/script>\n<!-- \/ Yoast SEO plugin. -->","yoast_head_json":{"title":"Hava Stansiyas\u0131 Thies Clima Sensor US - GeoClimate.ge","robots":{"index":"index","follow":"follow","max-snippet":"max-snippet:-1","max-image-preview":"max-image-preview:large","max-video-preview":"max-video-preview:-1"},"canonical":"https:\/\/geoclimate.ge\/az\/product\/weather-station-thies-clima-sensor-us\/","og_locale":"az_AZ","og_type":"article","og_title":"Hava Stansiyas\u0131 Thies Clima Sensor US - GeoClimate.ge","og_description":"Sifari\u015f n\u00f6mr\u0259si S81950  \u018fn vacib meteoroloji parametrl\u0259ri \u00f6l\u00e7m\u0259k \u00fc\u00e7\u00fcn kompakt meteoroloji stansiya T\u0259tbiq olunan GPS q\u0259buledicisi RS485 Modbus protokolu  CLIMA SENSOR US \u0259n vacib meteoroloji parametrl\u0259ri \u0259ld\u0259 etm\u0259k \u00fc\u00e7\u00fcn istifad\u0259 olunur. \u0130nki\u015faf s\u0259viyy\u0259sind\u0259n as\u0131l\u0131 olaraq cihaz \u00f6l\u00e7\u00fclm\u00fc\u015f m\u0259lumatlar\u0131 t\u0259min edir:  k\u00fcl\u0259yin s\u00fcr\u0259ti v\u0259 istiqam\u0259ti, orta hesabla. WMO t\u00f6vsiy\u0259l\u0259rin\u0259 hava istiliyi nisbi r\u00fctub\u0259t barometrik hava t\u0259zyiqi ya\u011f\u0131nt\u0131 parlaql\u0131q","og_url":"https:\/\/geoclimate.ge\/az\/product\/weather-station-thies-clima-sensor-us\/","og_site_name":"GeoClimate.ge","article_modified_time":"2025-05-11T13:43:23+00:00","og_image":[{"width":490,"height":490,"url":"https:\/\/geoclimate.ge\/wp-content\/uploads\/2025\/05\/weatherstation-thies-climasensorus.png__490x490_q85_crop_subsampling-2_upscale.png","type":"image\/png"}],"twitter_card":"summary_large_image","twitter_misc":{"Est. reading time":"2 minutes"},"schema":{"@context":"https:\/\/schema.org","@graph":[{"@type":"WebPage","@id":"https:\/\/geoclimate.ge\/az\/product\/weather-station-thies-clima-sensor-us\/","url":"https:\/\/geoclimate.ge\/az\/product\/weather-station-thies-clima-sensor-us\/","name":"Hava Stansiyas\u0131 Thies Clima Sensor US - GeoClimate.ge","isPartOf":{"@id":"https:\/\/geoclimate.ge\/#website"},"primaryImageOfPage":{"@id":"https:\/\/geoclimate.ge\/az\/product\/weather-station-thies-clima-sensor-us\/#primaryimage"},"image":{"@id":"https:\/\/geoclimate.ge\/az\/product\/weather-station-thies-clima-sensor-us\/#primaryimage"},"thumbnailUrl":"https:\/\/geoclimate.ge\/wp-content\/uploads\/2025\/05\/weatherstation-thies-climasensorus.png__490x490_q85_crop_subsampling-2_upscale.png","datePublished":"2025-05-11T13:39:52+00:00","dateModified":"2025-05-11T13:43:23+00:00","breadcrumb":{"@id":"https:\/\/geoclimate.ge\/az\/product\/weather-station-thies-clima-sensor-us\/#breadcrumb"},"inLanguage":"az","potentialAction":[{"@type":"ReadAction","target":["https:\/\/geoclimate.ge\/az\/product\/weather-station-thies-clima-sensor-us\/"]}]},{"@type":"ImageObject","inLanguage":"az","@id":"https:\/\/geoclimate.ge\/az\/product\/weather-station-thies-clima-sensor-us\/#primaryimage","url":"https:\/\/geoclimate.ge\/wp-content\/uploads\/2025\/05\/weatherstation-thies-climasensorus.png__490x490_q85_crop_subsampling-2_upscale.png","contentUrl":"https:\/\/geoclimate.ge\/wp-content\/uploads\/2025\/05\/weatherstation-thies-climasensorus.png__490x490_q85_crop_subsampling-2_upscale.png","width":490,"height":490},{"@type":"BreadcrumbList","@id":"https:\/\/geoclimate.ge\/az\/product\/weather-station-thies-clima-sensor-us\/#breadcrumb","itemListElement":[{"@type":"ListItem","position":1,"name":"Home","item":"https:\/\/geoclimate.ge\/az\/"},{"@type":"ListItem","position":2,"name":"M\u0259hsullar","item":"https:\/\/geoclimate.ge\/az\/products\/"},{"@type":"ListItem","position":3,"name":"Hava Stansiyas\u0131 Thies Clima Sensor US"}]},{"@type":"WebSite","@id":"https:\/\/geoclimate.ge\/#website","url":"https:\/\/geoclimate.ge\/","name":"GeoClimate","description":"","publisher":{"@id":"https:\/\/geoclimate.ge\/#organization"},"potentialAction":[{"@type":"SearchAction","target":{"@type":"EntryPoint","urlTemplate":"https:\/\/geoclimate.ge\/?s={search_term_string}"},"query-input":{"@type":"PropertyValueSpecification","valueRequired":true,"valueName":"search_term_string"}}],"inLanguage":"az"},{"@type":"Organization","@id":"https:\/\/geoclimate.ge\/#organization","name":"GeoClimate","url":"https:\/\/geoclimate.ge\/","logo":{"@type":"ImageObject","inLanguage":"az","@id":"https:\/\/geoclimate.ge\/#\/schema\/logo\/image\/","url":"https:\/\/geoclimate.ge\/wp-content\/uploads\/2026\/03\/geoclimate-SEO.png","contentUrl":"https:\/\/geoclimate.ge\/wp-content\/uploads\/2026\/03\/geoclimate-SEO.png","width":1536,"height":1024,"caption":"GeoClimate"},"image":{"@id":"https:\/\/geoclimate.ge\/#\/schema\/logo\/image\/"}}]}},"_links":{"self":[{"href":"https:\/\/geoclimate.ge\/az\/wp-json\/wp\/v2\/product\/31418","targetHints":{"allow":["GET"]}}],"collection":[{"href":"https:\/\/geoclimate.ge\/az\/wp-json\/wp\/v2\/product"}],"about":[{"href":"https:\/\/geoclimate.ge\/az\/wp-json\/wp\/v2\/types\/product"}],"wp:featuredmedia":[{"embeddable":true,"href":"https:\/\/geoclimate.ge\/az\/wp-json\/wp\/v2\/media\/31401"}],"wp:attachment":[{"href":"https:\/\/geoclimate.ge\/az\/wp-json\/wp\/v2\/media?parent=31418"}],"wp:term":[{"taxonomy":"product_brand","embeddable":true,"href":"https:\/\/geoclimate.ge\/az\/wp-json\/wp\/v2\/product_brand?post=31418"},{"taxonomy":"product_cat","embeddable":true,"href":"https:\/\/geoclimate.ge\/az\/wp-json\/wp\/v2\/product_cat?post=31418"},{"taxonomy":"product_tag","embeddable":true,"href":"https:\/\/geoclimate.ge\/az\/wp-json\/wp\/v2\/product_tag?post=31418"}],"curies":[{"name":"wp","href":"https:\/\/api.w.org\/{rel}","templated":true}]}}