{"id":31481,"date":"2025-05-14T22:19:29","date_gmt":"2025-05-14T18:19:29","guid":{"rendered":"https:\/\/airsystems.ge\/shop\/product\/dustiq-soiling-sensor\/"},"modified":"2025-05-14T22:36:50","modified_gmt":"2025-05-14T18:36:50","slug":"dustiq-soiling-sensor","status":"publish","type":"product","link":"https:\/\/geoclimate.ge\/az\/product\/dustiq-soiling-sensor\/","title":{"rendered":"DustIQ \u00c7irkl\u0259nm\u0259 Sensoru"},"content":{"rendered":"<p>PV modul \u015f\u00fc\u015f\u0259sinin \u00e7irkl\u0259nm\u0259si g\u00fcn\u0259\u015f elektrik stansiyalar\u0131nda s\u0259m\u0259r\u0259liliyin itirilm\u0259si v\u0259 performans nisb\u0259tl\u0259rinin azalmas\u0131 il\u0259 \u0259laq\u0259li \u0259sas probleml\u0259rd\u0259n biridir. DustIQ sensoru \u00e7irkl\u0259nm\u0259nin \u00f6l\u00e7\u00fclm\u0259si \u00fc\u00e7\u00fcn sad\u0259 v\u0259 s\u0259rf\u0259li \u00fcsuldur. Optik \u00e7irkl\u0259nm\u0259nin \u00f6l\u00e7\u00fclm\u0259si (OSM) texnologiyas\u0131na \u0259saslanaraq, sensor asanl\u0131qla g\u00fcn\u0259\u015f elektrik stansiyas\u0131n\u0131n monitorinq sisteml\u0259rin\u0259 inteqrasiya oluna bil\u0259r.<\/p>\n<p>B\u00f6lm\u0259 PV modulunun \u00e7\u0259r\u00e7iv\u0259sin\u0259 qura\u015fd\u0131r\u0131l\u0131b v\u0259 i\u015fl\u0259m\u0259k \u00fc\u00e7\u00fcn g\u00fcn\u0259\u015f i\u015f\u0131\u011f\u0131na ehtiyac yoxdur. O, davaml\u0131 olaraq \u015f\u00fc\u015f\u0259 vasit\u0259sil\u0259 \u00e7irkl\u0259nm\u0259 n\u0259tic\u0259sind\u0259 yaranan \u00f6t\u00fcr\u00fclm\u0259 itkisini \u00f6l\u00e7\u00fcr ki, g\u00fcn\u0259\u015f batareyalar\u0131na \u00e7atan i\u015f\u0131\u011f\u0131n azalmas\u0131 hesablana bilsin.<\/p>\n<p><strong>N\u0259 vaxt v\u0259 harada t\u0259mizl\u0259n\u0259c\u0259yini d\u0259qiq bilm\u0259k<\/strong><\/p>\n<p>DustIQ real vaxt rejimind\u0259 enerji itkisin\u0259 \u00e7evril\u0259 bil\u0259n \u00e7irkl\u0259nm\u0259 nisb\u0259tini \u00f6l\u00e7\u00fcr. Bu, zavodun istismar\u0131 v\u0259 texniki qulluq hey\u0259tin\u0259 kritik \u00e7irkl\u0259nm\u0259 s\u0259viyy\u0259sin\u0259 \u00e7atd\u0131qda v\u0259 t\u0259mizl\u0259m\u0259 prosedurlar\u0131na ba\u015flamaq z\u0259rur\u0259ti yarand\u0131qda bilm\u0259k imkan\u0131 verir.<\/p>\n<p>DustIQ texniki qulluq t\u0259l\u0259b etmir. \u018ftraf\u0131ndak\u0131 PV modullar\u0131 il\u0259 eyni \u015f\u0259kild\u0259 v\u0259 eyni zamanda t\u0259mizl\u0259nir. B\u00f6y\u00fck g\u00fcn\u0259\u015f elektrik stansiyalar\u0131 \u0259razi \u00fczr\u0259 m\u00fcxt\u0259lif \u00e7irkl\u0259nm\u0259 d\u0259r\u0259c\u0259l\u0259rin\u0259 malikdir, buna g\u00f6r\u0259 d\u0259 IEC 61724-1 \u00e7oxlu \u00f6l\u00e7m\u0259 n\u00f6qt\u0259l\u0259rini t\u0259l\u0259b edir.<\/p>\n<table border=\"1\" width=\"658\" cellspacing=\"1\" cellpadding=\"1\">\n<thead>\n<tr>\n<th scope=\"col\">Characteristic<\/th>\n<th scope=\"col\">Description<\/th>\n<\/tr>\n<\/thead>\n<tbody>\n<tr>\n<td>Soiling ratio\u2019s<\/td>\n<td>2 sensor values 50 &#8230; 100%<\/td>\n<\/tr>\n<tr>\n<td>Soiling ratio measurement accuracy<br \/>\n90 &#8230; 100%<br \/>\n80 &#8230; 90%<br \/>\n50 &#8230; 80%<\/td>\n<td>\n\u00b1 1%<br \/>\n\u00b1 2%<br \/>\n\u00b1 5%<br \/>\nAfter post processing<\/td>\n<\/tr>\n<tr>\n<td>Stability<\/td>\n<td>Auto calibrating, better than \u00b1 1% of full scale per year<\/td>\n<\/tr>\n<tr>\n<td>Connections<\/td>\n<td>1 &#8211; RS485 Modbus<br \/>\n2 &#8211; Daisy chain to next device or PV module temperature sensor<\/td>\n<\/tr>\n<tr>\n<td>Voltage range<\/td>\n<td>10 &#8230; 30 VDC<\/td>\n<\/tr>\n<tr>\n<td>Current range<\/td>\n<td>70 &#8230; 200 mA<\/td>\n<\/tr>\n<tr>\n<td>Power consumption max.<\/td>\n<td>&lt; 2 W<\/td>\n<\/tr>\n<tr>\n<td>Ambient operating temperature range<\/td>\n<td>-20 &#8230; 60 \u00b0C<\/td>\n<\/tr>\n<tr>\n<td>Glass type<\/td>\n<td>Standard PV module glass with all coatings and laminates<\/td>\n<\/tr>\n<tr>\n<td>Dimension<\/td>\n<td>990 x 160 x 40 mm<\/td>\n<\/tr>\n<tr>\n<td>Weight<\/td>\n<td>4 kg<\/td>\n<\/tr>\n<tr>\n<td>Manufacturer<\/td>\n<td>Kipp &amp; Zonen<\/td>\n<\/tr>\n<\/tbody>\n<\/table>\n","protected":false},"excerpt":{"rendered":"<p><strong>Sifari\u015f n\u00f6mr\u0259si<\/strong><br \/>\nSD3100<\/p>\n<p>Optik \u00e7irkl\u0259nm\u0259nin \u00f6l\u00e7\u00fclm\u0259si (OSM) texnologiyas\u0131<br \/>\n100%-d\u0259n 50%-\u0259 q\u0259d\u0259r \u00e7irkl\u0259nm\u0259 nisb\u0259tinin \u00f6l\u00e7\u00fclm\u0259si<br \/>\nBax\u0131ms\u0131z<\/p>\n","protected":false},"featured_media":31470,"template":"","meta":[],"product_brand":[],"product_cat":[1336,1477,1471],"product_tag":[],"class_list":{"0":"post-31481","1":"product","2":"type-product","3":"status-publish","4":"has-post-thumbnail","6":"product_cat-brpa-olunan-enerji-kulk-v-guns-enerjisi-olcusu-az","7":"product_cat-cirklnm-sensoru","8":"product_cat-guns-sensoru","10":"first","11":"instock","12":"shipping-taxable","13":"product-type-simple"},"yoast_head":"<!-- This site is optimized with the Yoast SEO plugin v27.1.1 - https:\/\/yoast.com\/product\/yoast-seo-wordpress\/ -->\n<title>DustIQ \u00c7irkl\u0259nm\u0259 Sensoru - GeoClimate.ge<\/title>\n<meta name=\"robots\" content=\"index, follow, max-snippet:-1, max-image-preview:large, max-video-preview:-1\" \/>\n<link rel=\"canonical\" href=\"https:\/\/geoclimate.ge\/az\/product\/dustiq-soiling-sensor\/\" \/>\n<meta property=\"og:locale\" content=\"az_AZ\" \/>\n<meta property=\"og:type\" content=\"article\" \/>\n<meta property=\"og:title\" content=\"DustIQ \u00c7irkl\u0259nm\u0259 Sensoru - GeoClimate.ge\" \/>\n<meta property=\"og:description\" content=\"Sifari\u015f n\u00f6mr\u0259si SD3100  Optik \u00e7irkl\u0259nm\u0259nin \u00f6l\u00e7\u00fclm\u0259si (OSM) texnologiyas\u0131 100%-d\u0259n 50%-\u0259 q\u0259d\u0259r \u00e7irkl\u0259nm\u0259 nisb\u0259tinin \u00f6l\u00e7\u00fclm\u0259si Bax\u0131ms\u0131z\" \/>\n<meta property=\"og:url\" content=\"https:\/\/geoclimate.ge\/az\/product\/dustiq-soiling-sensor\/\" \/>\n<meta property=\"og:site_name\" content=\"GeoClimate.ge\" \/>\n<meta property=\"article:modified_time\" content=\"2025-05-14T18:36:50+00:00\" \/>\n<meta property=\"og:image\" content=\"https:\/\/geoclimate.ge\/wp-content\/uploads\/2025\/05\/dustiq.jpg__490x490_q85_crop_subsampling-2_upscale.jpg\" \/>\n\t<meta property=\"og:image:width\" content=\"490\" \/>\n\t<meta property=\"og:image:height\" content=\"490\" \/>\n\t<meta property=\"og:image:type\" content=\"image\/jpeg\" \/>\n<meta name=\"twitter:card\" content=\"summary_large_image\" \/>\n<meta name=\"twitter:label1\" content=\"Est. reading time\" \/>\n\t<meta name=\"twitter:data1\" content=\"2 minutes\" \/>\n<script type=\"application\/ld+json\" class=\"yoast-schema-graph\">{\"@context\":\"https:\/\/schema.org\",\"@graph\":[{\"@type\":\"WebPage\",\"@id\":\"https:\/\/geoclimate.ge\/az\/product\/dustiq-soiling-sensor\/\",\"url\":\"https:\/\/geoclimate.ge\/az\/product\/dustiq-soiling-sensor\/\",\"name\":\"DustIQ \u00c7irkl\u0259nm\u0259 Sensoru - GeoClimate.ge\",\"isPartOf\":{\"@id\":\"https:\/\/geoclimate.ge\/#website\"},\"primaryImageOfPage\":{\"@id\":\"https:\/\/geoclimate.ge\/az\/product\/dustiq-soiling-sensor\/#primaryimage\"},\"image\":{\"@id\":\"https:\/\/geoclimate.ge\/az\/product\/dustiq-soiling-sensor\/#primaryimage\"},\"thumbnailUrl\":\"https:\/\/geoclimate.ge\/wp-content\/uploads\/2025\/05\/dustiq.jpg__490x490_q85_crop_subsampling-2_upscale.jpg\",\"datePublished\":\"2025-05-14T18:19:29+00:00\",\"dateModified\":\"2025-05-14T18:36:50+00:00\",\"breadcrumb\":{\"@id\":\"https:\/\/geoclimate.ge\/az\/product\/dustiq-soiling-sensor\/#breadcrumb\"},\"inLanguage\":\"az\",\"potentialAction\":[{\"@type\":\"ReadAction\",\"target\":[\"https:\/\/geoclimate.ge\/az\/product\/dustiq-soiling-sensor\/\"]}]},{\"@type\":\"ImageObject\",\"inLanguage\":\"az\",\"@id\":\"https:\/\/geoclimate.ge\/az\/product\/dustiq-soiling-sensor\/#primaryimage\",\"url\":\"https:\/\/geoclimate.ge\/wp-content\/uploads\/2025\/05\/dustiq.jpg__490x490_q85_crop_subsampling-2_upscale.jpg\",\"contentUrl\":\"https:\/\/geoclimate.ge\/wp-content\/uploads\/2025\/05\/dustiq.jpg__490x490_q85_crop_subsampling-2_upscale.jpg\",\"width\":490,\"height\":490},{\"@type\":\"BreadcrumbList\",\"@id\":\"https:\/\/geoclimate.ge\/az\/product\/dustiq-soiling-sensor\/#breadcrumb\",\"itemListElement\":[{\"@type\":\"ListItem\",\"position\":1,\"name\":\"Home\",\"item\":\"https:\/\/geoclimate.ge\/az\/\"},{\"@type\":\"ListItem\",\"position\":2,\"name\":\"M\u0259hsullar\",\"item\":\"https:\/\/geoclimate.ge\/az\/products\/\"},{\"@type\":\"ListItem\",\"position\":3,\"name\":\"DustIQ \u00c7irkl\u0259nm\u0259 Sensoru\"}]},{\"@type\":\"WebSite\",\"@id\":\"https:\/\/geoclimate.ge\/#website\",\"url\":\"https:\/\/geoclimate.ge\/\",\"name\":\"GeoClimate\",\"description\":\"\",\"publisher\":{\"@id\":\"https:\/\/geoclimate.ge\/#organization\"},\"potentialAction\":[{\"@type\":\"SearchAction\",\"target\":{\"@type\":\"EntryPoint\",\"urlTemplate\":\"https:\/\/geoclimate.ge\/?s={search_term_string}\"},\"query-input\":{\"@type\":\"PropertyValueSpecification\",\"valueRequired\":true,\"valueName\":\"search_term_string\"}}],\"inLanguage\":\"az\"},{\"@type\":\"Organization\",\"@id\":\"https:\/\/geoclimate.ge\/#organization\",\"name\":\"GeoClimate\",\"url\":\"https:\/\/geoclimate.ge\/\",\"logo\":{\"@type\":\"ImageObject\",\"inLanguage\":\"az\",\"@id\":\"https:\/\/geoclimate.ge\/#\/schema\/logo\/image\/\",\"url\":\"https:\/\/geoclimate.ge\/wp-content\/uploads\/2026\/03\/geoclimate-SEO.png\",\"contentUrl\":\"https:\/\/geoclimate.ge\/wp-content\/uploads\/2026\/03\/geoclimate-SEO.png\",\"width\":1536,\"height\":1024,\"caption\":\"GeoClimate\"},\"image\":{\"@id\":\"https:\/\/geoclimate.ge\/#\/schema\/logo\/image\/\"}}]}<\/script>\n<!-- \/ Yoast SEO plugin. -->","yoast_head_json":{"title":"DustIQ \u00c7irkl\u0259nm\u0259 Sensoru - GeoClimate.ge","robots":{"index":"index","follow":"follow","max-snippet":"max-snippet:-1","max-image-preview":"max-image-preview:large","max-video-preview":"max-video-preview:-1"},"canonical":"https:\/\/geoclimate.ge\/az\/product\/dustiq-soiling-sensor\/","og_locale":"az_AZ","og_type":"article","og_title":"DustIQ \u00c7irkl\u0259nm\u0259 Sensoru - GeoClimate.ge","og_description":"Sifari\u015f n\u00f6mr\u0259si SD3100  Optik \u00e7irkl\u0259nm\u0259nin \u00f6l\u00e7\u00fclm\u0259si (OSM) texnologiyas\u0131 100%-d\u0259n 50%-\u0259 q\u0259d\u0259r \u00e7irkl\u0259nm\u0259 nisb\u0259tinin \u00f6l\u00e7\u00fclm\u0259si Bax\u0131ms\u0131z","og_url":"https:\/\/geoclimate.ge\/az\/product\/dustiq-soiling-sensor\/","og_site_name":"GeoClimate.ge","article_modified_time":"2025-05-14T18:36:50+00:00","og_image":[{"width":490,"height":490,"url":"https:\/\/geoclimate.ge\/wp-content\/uploads\/2025\/05\/dustiq.jpg__490x490_q85_crop_subsampling-2_upscale.jpg","type":"image\/jpeg"}],"twitter_card":"summary_large_image","twitter_misc":{"Est. reading time":"2 minutes"},"schema":{"@context":"https:\/\/schema.org","@graph":[{"@type":"WebPage","@id":"https:\/\/geoclimate.ge\/az\/product\/dustiq-soiling-sensor\/","url":"https:\/\/geoclimate.ge\/az\/product\/dustiq-soiling-sensor\/","name":"DustIQ \u00c7irkl\u0259nm\u0259 Sensoru - GeoClimate.ge","isPartOf":{"@id":"https:\/\/geoclimate.ge\/#website"},"primaryImageOfPage":{"@id":"https:\/\/geoclimate.ge\/az\/product\/dustiq-soiling-sensor\/#primaryimage"},"image":{"@id":"https:\/\/geoclimate.ge\/az\/product\/dustiq-soiling-sensor\/#primaryimage"},"thumbnailUrl":"https:\/\/geoclimate.ge\/wp-content\/uploads\/2025\/05\/dustiq.jpg__490x490_q85_crop_subsampling-2_upscale.jpg","datePublished":"2025-05-14T18:19:29+00:00","dateModified":"2025-05-14T18:36:50+00:00","breadcrumb":{"@id":"https:\/\/geoclimate.ge\/az\/product\/dustiq-soiling-sensor\/#breadcrumb"},"inLanguage":"az","potentialAction":[{"@type":"ReadAction","target":["https:\/\/geoclimate.ge\/az\/product\/dustiq-soiling-sensor\/"]}]},{"@type":"ImageObject","inLanguage":"az","@id":"https:\/\/geoclimate.ge\/az\/product\/dustiq-soiling-sensor\/#primaryimage","url":"https:\/\/geoclimate.ge\/wp-content\/uploads\/2025\/05\/dustiq.jpg__490x490_q85_crop_subsampling-2_upscale.jpg","contentUrl":"https:\/\/geoclimate.ge\/wp-content\/uploads\/2025\/05\/dustiq.jpg__490x490_q85_crop_subsampling-2_upscale.jpg","width":490,"height":490},{"@type":"BreadcrumbList","@id":"https:\/\/geoclimate.ge\/az\/product\/dustiq-soiling-sensor\/#breadcrumb","itemListElement":[{"@type":"ListItem","position":1,"name":"Home","item":"https:\/\/geoclimate.ge\/az\/"},{"@type":"ListItem","position":2,"name":"M\u0259hsullar","item":"https:\/\/geoclimate.ge\/az\/products\/"},{"@type":"ListItem","position":3,"name":"DustIQ \u00c7irkl\u0259nm\u0259 Sensoru"}]},{"@type":"WebSite","@id":"https:\/\/geoclimate.ge\/#website","url":"https:\/\/geoclimate.ge\/","name":"GeoClimate","description":"","publisher":{"@id":"https:\/\/geoclimate.ge\/#organization"},"potentialAction":[{"@type":"SearchAction","target":{"@type":"EntryPoint","urlTemplate":"https:\/\/geoclimate.ge\/?s={search_term_string}"},"query-input":{"@type":"PropertyValueSpecification","valueRequired":true,"valueName":"search_term_string"}}],"inLanguage":"az"},{"@type":"Organization","@id":"https:\/\/geoclimate.ge\/#organization","name":"GeoClimate","url":"https:\/\/geoclimate.ge\/","logo":{"@type":"ImageObject","inLanguage":"az","@id":"https:\/\/geoclimate.ge\/#\/schema\/logo\/image\/","url":"https:\/\/geoclimate.ge\/wp-content\/uploads\/2026\/03\/geoclimate-SEO.png","contentUrl":"https:\/\/geoclimate.ge\/wp-content\/uploads\/2026\/03\/geoclimate-SEO.png","width":1536,"height":1024,"caption":"GeoClimate"},"image":{"@id":"https:\/\/geoclimate.ge\/#\/schema\/logo\/image\/"}}]}},"_links":{"self":[{"href":"https:\/\/geoclimate.ge\/az\/wp-json\/wp\/v2\/product\/31481","targetHints":{"allow":["GET"]}}],"collection":[{"href":"https:\/\/geoclimate.ge\/az\/wp-json\/wp\/v2\/product"}],"about":[{"href":"https:\/\/geoclimate.ge\/az\/wp-json\/wp\/v2\/types\/product"}],"wp:featuredmedia":[{"embeddable":true,"href":"https:\/\/geoclimate.ge\/az\/wp-json\/wp\/v2\/media\/31470"}],"wp:attachment":[{"href":"https:\/\/geoclimate.ge\/az\/wp-json\/wp\/v2\/media?parent=31481"}],"wp:term":[{"taxonomy":"product_brand","embeddable":true,"href":"https:\/\/geoclimate.ge\/az\/wp-json\/wp\/v2\/product_brand?post=31481"},{"taxonomy":"product_cat","embeddable":true,"href":"https:\/\/geoclimate.ge\/az\/wp-json\/wp\/v2\/product_cat?post=31481"},{"taxonomy":"product_tag","embeddable":true,"href":"https:\/\/geoclimate.ge\/az\/wp-json\/wp\/v2\/product_tag?post=31481"}],"curies":[{"name":"wp","href":"https:\/\/api.w.org\/{rel}","templated":true}]}}