{"id":31535,"date":"2025-05-14T23:15:24","date_gmt":"2025-05-14T19:15:24","guid":{"rendered":"https:\/\/airsystems.ge\/shop\/product\/solar-monitoring-station-eko-ms-90\/"},"modified":"2025-05-14T23:26:12","modified_gmt":"2025-05-14T19:26:12","slug":"solar-monitoring-station-eko-ms-90","status":"publish","type":"product","link":"https:\/\/geoclimate.ge\/az\/product\/solar-monitoring-station-eko-ms-90\/","title":{"rendered":"G\u00fcn\u0259\u015f Monitorinq Stansiyas\u0131 EKO MS-90+"},"content":{"rendered":"<p>G\u00fcn\u0259\u015f Monitorinq Stansiyas\u0131 EKO MS-90+ g\u00fcn\u0259\u015f izl\u0259yicisi olmadan DNI, GHI v\u0259 DHI m\u0259lumatlar\u0131 \u00fc\u00e7\u00fcn DNI Sensor EKO MS-90 v\u0259 Pyranometer EKO MS-80S-ni birl\u0259\u015fdir\u0259n s\u0259m\u0259r\u0259li sistemdir.<\/p>\n<p>Bu iki al\u0259t GPS q\u0259buledicisi v\u0259 emal qur\u011fusu il\u0259 EKO C-Box Modbus Processing interfeysi vasit\u0259sil\u0259 birl\u0259\u015fdirilir.<\/p>\n<p>Stansiya DNI v\u0259 GHI-ni d\u0259qiq \u00f6l\u00e7\u00fcr v\u0259 \u00f6l\u00e7m\u0259 m\u0259lumatlar\u0131ndan v\u0259 g\u00fcn\u0259\u015f m\u00f6vqeyind\u0259n diffuz \u015f\u00fcalanman\u0131 (DHI) hesablay\u0131r.<\/p>\n<p>EKO C-Box 10 m kabel il\u0259 verilir, sensorda C qutusuna qo\u015fulmaq \u00fc\u00e7\u00fcn 1,5 m kabel var.<\/p>\n<p>Stansiya r\u0259q\u0259msal \u00e7\u0131x\u0131\u015f siqnal\u0131n\u0131 (RS-485 Modbus RTU) t\u0259min edir v\u0259 g\u00fcn\u0259\u015f enerjisi layih\u0259l\u0259rind\u0259 v\u0259 meteoroloji stansiyalarda (dataloggerl\u0259r, invertorlar, SCADA v\u0259 s.) m\u00fcxt\u0259lif m\u0259lumat toplama sisteml\u0259rin\u0259 asanl\u0131qla qo\u015fula bil\u0259r. O, h\u0259m\u00e7inin PC-y\u0259 qo\u015fula bil\u0259r.<\/p>\n<p>DNI Sensor EKO MS-90 sensoru geni\u015f spektral reaksiyaya malikdir (300-2500 nm) v\u0259 a\u00e7\u0131q havada pirheliometer il\u0259 kalibrl\u0259nir.<\/p>\n<p><img decoding=\"async\" class=\"img-fluid\" src=\"https:\/\/www.ammonit.com\/media\/filer_public_thumbnails\/filer_public\/c8\/41\/c8417e66-d3b3-438e-b60a-af073db3f1fd\/solar_monitoring_station_eko_ms-90_s64190_overview.png__297x163_q85_subsampling-2.png\" alt=\"\" \/><\/p>\n<p>&nbsp;<\/p>\n<h2>C-Box Modbus Processing interfeysi EKO<\/h2>\n<p><img decoding=\"async\" class=\"img-fluid\" src=\"https:\/\/www.ammonit.com\/media\/filer_public_thumbnails\/filer_public\/1a\/8b\/1a8be5e8-fa90-4742-9aac-9cd41c1645cb\/c-box_modbus_processing_interface-front_-_kopie.png__133x95_q85_subsampling-2.png\" alt=\"\" \/><\/p>\n<p>C-Box Modbus Processing interfeysi sensorun idar\u0259 edilm\u0259si v\u0259 m\u00fcxt\u0259lif EKO sensorlar\u0131n\u0131n m\u0259lumatlar\u0131n emal\u0131 \u00fc\u00e7\u00fcn m\u00fcxt\u0259lif funksiyalar\u0131 t\u0259min edir.<\/p>\n<p>DNI sensoru EKO MS-90 il\u0259 birlikd\u0259 impulslu \u00e7\u0131x\u0131\u015f davaml\u0131 \u00e7\u0131x\u0131\u015f G\u0259rginliyin\u0259 v\u0259 ya RS-485 Modbus RTU siqnal\u0131na \u00e7evril\u0259 bil\u0259r. \u018flav\u0259 piranometr v\u0259 \u0259lav\u0259 GPS q\u0259buledicisi il\u0259 a\u00e7ar t\u0259slim sistemi Modbus \u00fcz\u0259rind\u0259n DNI, GHI v\u0259 DHI \u00f6l\u00e7m\u0259k \u00fc\u00e7\u00fcn konfiqurasiya edil\u0259 bil\u0259r.<\/p>\n<p>Bu cihazdan istifad\u0259 etm\u0259kl\u0259 DNI sensoru EKO MS-90 analoq g\u0259rginlik \u00e7\u0131x\u0131\u015f\u0131n\u0131n DNI-y\u0259 uy\u011fun pikl\u0259ri a\u015fkar edilir v\u0259 r\u0259q\u0259msal rejim\u0259 \u00e7evrilir. Daha sonra serial rabit\u0259 \u00fcsulu il\u0259 m\u0259lumatlar\u0131 \u00f6t\u00fcr\u00fcr v\u0259 q\u0259bul edir.<\/p>\n<p>RS-485 rabit\u0259si il\u0259 uy\u011fun oldu\u011fu \u00fc\u00e7\u00fcn bu rabit\u0259 funksiyas\u0131na malik olan PV monitorinq cihazlar\u0131 il\u0259 \u0259laq\u0259 qurmaq m\u00fcmk\u00fcnd\u00fcr. Siqnal \u00e7eviricisind\u0259 piranometrin h\u0259ssasl\u0131\u011f\u0131n\u0131 t\u0259yin etm\u0259kl\u0259, piranometrd\u0259n \u00e7\u0131xan g\u0259rginlik siqnal\u0131 g\u00fcn\u0259\u015f \u015f\u00fcalanmas\u0131na \u00e7evril\u0259 bil\u0259r.<\/p>\n<p>Siqnal \u00e7eviricisi a\u00e7\u0131q havada qura\u015fd\u0131rma \u00fc\u00e7\u00fcn IP65 korpusuna inteqrasiya olunub. \u00d6l\u00e7m\u0259 v\u0259 \u0259laq\u0259 parametrl\u0259ri qura\u015fd\u0131rma proqram\u0131ndan istifad\u0259 etm\u0259kl\u0259 d\u0259yi\u015fdiril\u0259 bil\u0259r.<\/p>\n<h2>DNI Sensor EKO MS-90<\/h2>\n<p><img decoding=\"async\" class=\"img-fluid\" src=\"https:\/\/www.ammonit.com\/media\/filer_public_thumbnails\/filer_public\/77\/1b\/771b5413-3e5f-4b2b-8e0b-b5526c43bc88\/eko-ms-90_-_kopie.jpg__80x80_q85_subsampling-2.jpg\" alt=\"\" \/><\/p>\n<p>DNI Sensor EKO MS-90 g\u00fcn\u0259\u015f izl\u0259yicisi olmadan Birba\u015fa Normal \u015e\u00fcalanman\u0131 (DNI) \u00f6l\u00e7\u00fcr.<\/p>\n<p>Onun f\u0131rlanan g\u00fczg\u00fc var, o, yaln\u0131z g\u00fcn\u0259\u015f \u015f\u00fcalar\u0131n\u0131 termal detektora \u0259ks etdirir.<\/p>\n<p>DNI Sensor EKO MS-90, DNI v\u0259 Qlobal Horizontal \u015e\u00fcalanman\u0131 (GHI) \u00f6l\u00e7m\u0259k \u00fc\u00e7\u00fcn ist\u0259nil\u0259n piranometrl\u0259 birlikd\u0259 istifad\u0259 edil\u0259 bil\u0259r. Bel\u0259likl\u0259, Diffuz Horizontal \u015e\u00fcalanma (DHI) hesablana bil\u0259r.<\/p>\n<h2>Solar Monitoring Station EKO MS-90+<\/h2>\n<table border=\"1\" width=\"631\" cellspacing=\"1\" cellpadding=\"1\">\n<thead>\n<tr>\n<th scope=\"col\">Characteristic<\/th>\n<th scope=\"col\">Description<\/th>\n<\/tr>\n<\/thead>\n<tbody>\n<tr>\n<td>Classification<\/td>\n<td>ISO 9060:2018<br \/>\nClass C (DNI) + Class A (GHI, DHI)<\/td>\n<\/tr>\n<tr>\n<td>Output<\/td>\n<td>DNI, GHI, DHI (RS-485 Modbus RTU)<\/td>\n<\/tr>\n<tr>\n<td>Temperature response<br \/>\n-20\u00b0C \u2026 +40\u00b0C<\/td>\n<td>\u00b1 5 %<\/td>\n<\/tr>\n<tr>\n<td>Non-linearity<\/td>\n<td>\u00b1 2.5 %<\/td>\n<\/tr>\n<tr>\n<td>Operating temperature range<\/td>\n<td>-20 \u2026 +50 \u00b0C<\/td>\n<\/tr>\n<tr>\n<td>Wavelength range<\/td>\n<td>300 &#8211; 2500 nm (50% points)<\/td>\n<\/tr>\n<tr>\n<td>Power supply<\/td>\n<td>10.5 &#8211; 12.5 VDC<\/td>\n<\/tr>\n<tr>\n<td>Dimensions mm<\/td>\n<td>350 (W) x 250 (L) x 200 (H) incl. optional base plate)<\/td>\n<\/tr>\n<tr>\n<td>Weight<\/td>\n<td>2.5 kg<\/td>\n<\/tr>\n<tr>\n<td>Ingress protection<\/td>\n<td>IP 67<\/td>\n<\/tr>\n<tr>\n<td>Cable length<\/td>\n<td>10 m<\/td>\n<\/tr>\n<tr>\n<td>Geographic application<\/td>\n<td>Lattitude (-58\u00ba \u2026 +58\u00ba ) \/ Longitude (0\u00ba &#8212; +360\u00ba)<\/td>\n<\/tr>\n<tr>\n<td>Power consumption<\/td>\n<td>&lt; 6 W<\/td>\n<\/tr>\n<tr>\n<td>Warranty<\/td>\n<td>5 years<\/td>\n<\/tr>\n<tr>\n<td>Manufacturer<\/td>\n<td>EKO Instruments<\/td>\n<\/tr>\n<\/tbody>\n<\/table>\n<h2>C-Box Modbus Processing interface EKO<\/h2>\n<table border=\"1\" width=\"614\" cellspacing=\"1\" cellpadding=\"1\">\n<thead>\n<tr>\n<th scope=\"col\">Characteristic<\/th>\n<th colspan=\"2\" scope=\"col\">Description<\/th>\n<\/tr>\n<tr>\n<td>Communication interface<\/td>\n<td colspan=\"2\">RS-485 Modbus RTU<\/td>\n<\/tr>\n<tr>\n<td>Channels<\/td>\n<td colspan=\"2\">2 units<\/td>\n<\/tr>\n<tr>\n<td>Functions<\/td>\n<td colspan=\"2\">DNI, GHI, DHI processing<\/td>\n<\/tr>\n<tr>\n<td>Operating temperature range<\/td>\n<td colspan=\"2\">-40 \u2026 +80 \u00b0C<\/td>\n<\/tr>\n<tr>\n<td>Voltage range<\/td>\n<td colspan=\"2\">12 V<\/td>\n<\/tr>\n<tr>\n<td>Power consumption<\/td>\n<td colspan=\"2\">&lt; 1 W<\/td>\n<\/tr>\n<tr>\n<td>Average Power Consumption<\/td>\n<td colspan=\"2\">0.5 W<\/td>\n<\/tr>\n<tr>\n<td>Power Supply<\/td>\n<td colspan=\"2\">12 VDC \u00b1 10%\u00a0 (Note: Supply voltage critical for MS-90)<\/td>\n<\/tr>\n<tr>\n<td>Protection<\/td>\n<td colspan=\"2\">IP 65<\/td>\n<\/tr>\n<tr>\n<td>Dimension (W x L x H)<\/td>\n<td colspan=\"2\">125 x 60 x 80 mm<\/td>\n<\/tr>\n<tr>\n<td>Weight (without cable)<\/td>\n<td colspan=\"2\">0.5 kg<\/td>\n<\/tr>\n<tr>\n<td rowspan=\"2\">Input Signals<\/td>\n<td>EKO MS-90 DNI sensor<\/td>\n<td>Analog pulse 0 .. 2 V<\/td>\n<\/tr>\n<tr>\n<td>EKO MS-80S pyranometer<\/td>\n<td>RS-485 Modbus RTU<\/td>\n<\/tr>\n<tr>\n<td>Warranty<\/td>\n<td colspan=\"2\">5 years<\/td>\n<\/tr>\n<tr>\n<td>Manufacturer<\/td>\n<td colspan=\"2\">EKO Instruments<\/td>\n<\/tr>\n<tr>\n<td>C-Box system Specification<\/td>\n<td colspan=\"2\"><\/td>\n<\/tr>\n<tr>\n<td rowspan=\"2\">Input parameters<\/td>\n<td>EKO MS-90 DNI sensor<\/td>\n<td>DNI<\/td>\n<\/tr>\n<tr>\n<td>EKO MS-80S pyranometer<\/td>\n<td>GHI<\/td>\n<\/tr>\n<tr>\n<td>Output parameters<\/td>\n<td colspan=\"2\">DNI \/ GHI \/ DHI<br \/>\n(Meta data T, RH, Tilt, Long \/ Lat position, Solar Position, Time)<\/td>\n<\/tr>\n<tr>\n<td>Sampling<\/td>\n<td colspan=\"2\">1 s (15 s DNI)<\/td>\n<\/tr>\n<tr>\n<td>Irradiance range DNI (Measured)<\/td>\n<td colspan=\"2\">120 \u2026 1600 W\/m\u00b2<\/td>\n<\/tr>\n<tr>\n<td>Irradiance range GHI (Measured)<\/td>\n<td colspan=\"2\">0 \u2026 1600 W\/m\u00b2<\/td>\n<\/tr>\n<tr>\n<td>Irradiance range DHI (Calculated)<\/td>\n<td colspan=\"2\">0 \u2026 500 W\/m\u00b2<br \/>\n(DHI = GHI when DNI &lt; 120 W\/m\u00b2)<\/td>\n<\/tr>\n<\/thead>\n<\/table>\n<h2>DNI Sensor EKO MS-90<\/h2>\n<table border=\"1\" width=\"609\" cellspacing=\"1\" cellpadding=\"1\">\n<thead>\n<tr>\n<th scope=\"col\"><span style=\"font-weight: 400;\">Characteristic<\/span><\/th>\n<th scope=\"col\"><span style=\"font-weight: 400;\">Description<\/span><\/th>\n<\/tr>\n<\/thead>\n<tbody>\n<tr>\n<td>Classification<\/td>\n<td>ISO 9060:2018<\/td>\n<\/tr>\n<tr>\n<td>Sensitivity<\/td>\n<td>1.785 \u00b5V\/W\/m\u00b2<\/td>\n<\/tr>\n<tr>\n<td>Spectral range<\/td>\n<td>300 \u2026 2700 nm<\/td>\n<\/tr>\n<tr>\n<td>Operating temperature<\/td>\n<td>-20 &#8230; +50 \u00b0C<\/td>\n<\/tr>\n<tr>\n<td>Power supply<\/td>\n<td>10.5 \u2026 12.5 V DC<\/td>\n<\/tr>\n<tr>\n<td>Output<\/td>\n<td>0 &#8211; 2V (Pulse)<\/td>\n<\/tr>\n<tr>\n<td>Non-linearity<\/td>\n<td>\u00b12.5 %<\/td>\n<\/tr>\n<tr>\n<td>Wavelength range<\/td>\n<td>300 &#8211; 2500 nm (50% points)<\/td>\n<\/tr>\n<tr>\n<td>Geographic application<\/td>\n<td>Lattitude (-58\u00ba to 58\u00ba ) \/ Longitude (0\u00ba to 360\u00ba)<\/td>\n<\/tr>\n<tr>\n<td>Power consumption<\/td>\n<td>&lt; 5 W<\/td>\n<\/tr>\n<tr>\n<td>Protection<\/td>\n<td>IP67<\/td>\n<\/tr>\n<tr>\n<td>Dimension (W x L x H)<\/td>\n<td>350 x 250 x 200 mm (incl. optional base plate)<\/td>\n<\/tr>\n<tr>\n<td>Weight (without cable)<\/td>\n<td>2.5 kg<\/td>\n<\/tr>\n<tr>\n<td>Cable length<\/td>\n<td>10 m<\/td>\n<\/tr>\n<tr>\n<td><\/td>\n<td><\/td>\n<\/tr>\n<tr>\n<td>Options<\/td>\n<td><\/td>\n<\/tr>\n<tr>\n<td>Cable length<\/td>\n<td>20 \/ 30 \/ 50 m<\/td>\n<\/tr>\n<tr>\n<td>Base plate<\/td>\n<td>350 x 250 \/ levelling feet mm<\/td>\n<\/tr>\n<tr>\n<td>Power supply<\/td>\n<td>100 to 240 VAC \/ 12VDC \/ 200 x 140 x 80 mm \/ 2.5 kg<\/td>\n<\/tr>\n<tr>\n<td><\/td>\n<td><\/td>\n<\/tr>\n<tr>\n<td>Warranty<\/td>\n<td>5 years<\/td>\n<\/tr>\n<tr>\n<td>Manufacturer<\/td>\n<td>EKO Instruments<\/td>\n<\/tr>\n<\/tbody>\n<\/table>\n","protected":false},"excerpt":{"rendered":"<p><strong>Sifari\u015f n\u00f6mr\u0259si<\/strong><br \/>\nS64190<\/p>\n","protected":false},"featured_media":31518,"template":"","meta":[],"product_brand":[],"product_cat":[1336,1483,1471],"product_tag":[],"class_list":{"0":"post-31535","1":"product","2":"type-product","3":"status-publish","4":"has-post-thumbnail","6":"product_cat-brpa-olunan-enerji-kulk-v-guns-enerjisi-olcusu-az","7":"product_cat-guns-izlm-sistemi","8":"product_cat-guns-sensoru","10":"first","11":"instock","12":"shipping-taxable","13":"product-type-simple"},"yoast_head":"<!-- This site is optimized with the Yoast SEO plugin v27.1.1 - https:\/\/yoast.com\/product\/yoast-seo-wordpress\/ -->\n<title>G\u00fcn\u0259\u015f Monitorinq Stansiyas\u0131 EKO MS-90+ - GeoClimate.ge<\/title>\n<meta name=\"robots\" content=\"index, follow, max-snippet:-1, max-image-preview:large, max-video-preview:-1\" \/>\n<link rel=\"canonical\" href=\"https:\/\/geoclimate.ge\/az\/product\/solar-monitoring-station-eko-ms-90\/\" \/>\n<meta property=\"og:locale\" content=\"az_AZ\" \/>\n<meta property=\"og:type\" content=\"article\" \/>\n<meta property=\"og:title\" content=\"G\u00fcn\u0259\u015f Monitorinq Stansiyas\u0131 EKO MS-90+ - GeoClimate.ge\" \/>\n<meta property=\"og:description\" content=\"Sifari\u015f n\u00f6mr\u0259si S64190\" \/>\n<meta property=\"og:url\" content=\"https:\/\/geoclimate.ge\/az\/product\/solar-monitoring-station-eko-ms-90\/\" \/>\n<meta property=\"og:site_name\" content=\"GeoClimate.ge\" \/>\n<meta property=\"article:modified_time\" content=\"2025-05-14T19:26:12+00:00\" \/>\n<meta property=\"og:image\" content=\"https:\/\/geoclimate.ge\/wp-content\/uploads\/2025\/05\/eko-ms90.png__490x490_q85_crop_subsampling-2_upscale.jpg\" \/>\n\t<meta property=\"og:image:width\" content=\"490\" \/>\n\t<meta property=\"og:image:height\" content=\"490\" \/>\n\t<meta property=\"og:image:type\" content=\"image\/jpeg\" \/>\n<meta name=\"twitter:card\" content=\"summary_large_image\" \/>\n<meta name=\"twitter:label1\" content=\"Est. reading time\" \/>\n\t<meta name=\"twitter:data1\" content=\"4 minutes\" \/>\n<script type=\"application\/ld+json\" class=\"yoast-schema-graph\">{\"@context\":\"https:\/\/schema.org\",\"@graph\":[{\"@type\":\"WebPage\",\"@id\":\"https:\/\/geoclimate.ge\/az\/product\/solar-monitoring-station-eko-ms-90\/\",\"url\":\"https:\/\/geoclimate.ge\/az\/product\/solar-monitoring-station-eko-ms-90\/\",\"name\":\"G\u00fcn\u0259\u015f Monitorinq Stansiyas\u0131 EKO MS-90+ - GeoClimate.ge\",\"isPartOf\":{\"@id\":\"https:\/\/geoclimate.ge\/#website\"},\"primaryImageOfPage\":{\"@id\":\"https:\/\/geoclimate.ge\/az\/product\/solar-monitoring-station-eko-ms-90\/#primaryimage\"},\"image\":{\"@id\":\"https:\/\/geoclimate.ge\/az\/product\/solar-monitoring-station-eko-ms-90\/#primaryimage\"},\"thumbnailUrl\":\"https:\/\/geoclimate.ge\/wp-content\/uploads\/2025\/05\/eko-ms90.png__490x490_q85_crop_subsampling-2_upscale.jpg\",\"datePublished\":\"2025-05-14T19:15:24+00:00\",\"dateModified\":\"2025-05-14T19:26:12+00:00\",\"breadcrumb\":{\"@id\":\"https:\/\/geoclimate.ge\/az\/product\/solar-monitoring-station-eko-ms-90\/#breadcrumb\"},\"inLanguage\":\"az\",\"potentialAction\":[{\"@type\":\"ReadAction\",\"target\":[\"https:\/\/geoclimate.ge\/az\/product\/solar-monitoring-station-eko-ms-90\/\"]}]},{\"@type\":\"ImageObject\",\"inLanguage\":\"az\",\"@id\":\"https:\/\/geoclimate.ge\/az\/product\/solar-monitoring-station-eko-ms-90\/#primaryimage\",\"url\":\"https:\/\/geoclimate.ge\/wp-content\/uploads\/2025\/05\/eko-ms90.png__490x490_q85_crop_subsampling-2_upscale.jpg\",\"contentUrl\":\"https:\/\/geoclimate.ge\/wp-content\/uploads\/2025\/05\/eko-ms90.png__490x490_q85_crop_subsampling-2_upscale.jpg\",\"width\":490,\"height\":490},{\"@type\":\"BreadcrumbList\",\"@id\":\"https:\/\/geoclimate.ge\/az\/product\/solar-monitoring-station-eko-ms-90\/#breadcrumb\",\"itemListElement\":[{\"@type\":\"ListItem\",\"position\":1,\"name\":\"Home\",\"item\":\"https:\/\/geoclimate.ge\/az\/\"},{\"@type\":\"ListItem\",\"position\":2,\"name\":\"M\u0259hsullar\",\"item\":\"https:\/\/geoclimate.ge\/az\/products\/\"},{\"@type\":\"ListItem\",\"position\":3,\"name\":\"G\u00fcn\u0259\u015f Monitorinq Stansiyas\u0131 EKO MS-90+\"}]},{\"@type\":\"WebSite\",\"@id\":\"https:\/\/geoclimate.ge\/#website\",\"url\":\"https:\/\/geoclimate.ge\/\",\"name\":\"GeoClimate\",\"description\":\"\",\"publisher\":{\"@id\":\"https:\/\/geoclimate.ge\/#organization\"},\"potentialAction\":[{\"@type\":\"SearchAction\",\"target\":{\"@type\":\"EntryPoint\",\"urlTemplate\":\"https:\/\/geoclimate.ge\/?s={search_term_string}\"},\"query-input\":{\"@type\":\"PropertyValueSpecification\",\"valueRequired\":true,\"valueName\":\"search_term_string\"}}],\"inLanguage\":\"az\"},{\"@type\":\"Organization\",\"@id\":\"https:\/\/geoclimate.ge\/#organization\",\"name\":\"GeoClimate\",\"url\":\"https:\/\/geoclimate.ge\/\",\"logo\":{\"@type\":\"ImageObject\",\"inLanguage\":\"az\",\"@id\":\"https:\/\/geoclimate.ge\/#\/schema\/logo\/image\/\",\"url\":\"https:\/\/geoclimate.ge\/wp-content\/uploads\/2026\/03\/geoclimate-SEO.png\",\"contentUrl\":\"https:\/\/geoclimate.ge\/wp-content\/uploads\/2026\/03\/geoclimate-SEO.png\",\"width\":1536,\"height\":1024,\"caption\":\"GeoClimate\"},\"image\":{\"@id\":\"https:\/\/geoclimate.ge\/#\/schema\/logo\/image\/\"}}]}<\/script>\n<!-- \/ Yoast SEO plugin. -->","yoast_head_json":{"title":"G\u00fcn\u0259\u015f Monitorinq Stansiyas\u0131 EKO MS-90+ - GeoClimate.ge","robots":{"index":"index","follow":"follow","max-snippet":"max-snippet:-1","max-image-preview":"max-image-preview:large","max-video-preview":"max-video-preview:-1"},"canonical":"https:\/\/geoclimate.ge\/az\/product\/solar-monitoring-station-eko-ms-90\/","og_locale":"az_AZ","og_type":"article","og_title":"G\u00fcn\u0259\u015f Monitorinq Stansiyas\u0131 EKO MS-90+ - GeoClimate.ge","og_description":"Sifari\u015f n\u00f6mr\u0259si S64190","og_url":"https:\/\/geoclimate.ge\/az\/product\/solar-monitoring-station-eko-ms-90\/","og_site_name":"GeoClimate.ge","article_modified_time":"2025-05-14T19:26:12+00:00","og_image":[{"width":490,"height":490,"url":"https:\/\/geoclimate.ge\/wp-content\/uploads\/2025\/05\/eko-ms90.png__490x490_q85_crop_subsampling-2_upscale.jpg","type":"image\/jpeg"}],"twitter_card":"summary_large_image","twitter_misc":{"Est. reading time":"4 minutes"},"schema":{"@context":"https:\/\/schema.org","@graph":[{"@type":"WebPage","@id":"https:\/\/geoclimate.ge\/az\/product\/solar-monitoring-station-eko-ms-90\/","url":"https:\/\/geoclimate.ge\/az\/product\/solar-monitoring-station-eko-ms-90\/","name":"G\u00fcn\u0259\u015f Monitorinq Stansiyas\u0131 EKO MS-90+ - GeoClimate.ge","isPartOf":{"@id":"https:\/\/geoclimate.ge\/#website"},"primaryImageOfPage":{"@id":"https:\/\/geoclimate.ge\/az\/product\/solar-monitoring-station-eko-ms-90\/#primaryimage"},"image":{"@id":"https:\/\/geoclimate.ge\/az\/product\/solar-monitoring-station-eko-ms-90\/#primaryimage"},"thumbnailUrl":"https:\/\/geoclimate.ge\/wp-content\/uploads\/2025\/05\/eko-ms90.png__490x490_q85_crop_subsampling-2_upscale.jpg","datePublished":"2025-05-14T19:15:24+00:00","dateModified":"2025-05-14T19:26:12+00:00","breadcrumb":{"@id":"https:\/\/geoclimate.ge\/az\/product\/solar-monitoring-station-eko-ms-90\/#breadcrumb"},"inLanguage":"az","potentialAction":[{"@type":"ReadAction","target":["https:\/\/geoclimate.ge\/az\/product\/solar-monitoring-station-eko-ms-90\/"]}]},{"@type":"ImageObject","inLanguage":"az","@id":"https:\/\/geoclimate.ge\/az\/product\/solar-monitoring-station-eko-ms-90\/#primaryimage","url":"https:\/\/geoclimate.ge\/wp-content\/uploads\/2025\/05\/eko-ms90.png__490x490_q85_crop_subsampling-2_upscale.jpg","contentUrl":"https:\/\/geoclimate.ge\/wp-content\/uploads\/2025\/05\/eko-ms90.png__490x490_q85_crop_subsampling-2_upscale.jpg","width":490,"height":490},{"@type":"BreadcrumbList","@id":"https:\/\/geoclimate.ge\/az\/product\/solar-monitoring-station-eko-ms-90\/#breadcrumb","itemListElement":[{"@type":"ListItem","position":1,"name":"Home","item":"https:\/\/geoclimate.ge\/az\/"},{"@type":"ListItem","position":2,"name":"M\u0259hsullar","item":"https:\/\/geoclimate.ge\/az\/products\/"},{"@type":"ListItem","position":3,"name":"G\u00fcn\u0259\u015f Monitorinq Stansiyas\u0131 EKO MS-90+"}]},{"@type":"WebSite","@id":"https:\/\/geoclimate.ge\/#website","url":"https:\/\/geoclimate.ge\/","name":"GeoClimate","description":"","publisher":{"@id":"https:\/\/geoclimate.ge\/#organization"},"potentialAction":[{"@type":"SearchAction","target":{"@type":"EntryPoint","urlTemplate":"https:\/\/geoclimate.ge\/?s={search_term_string}"},"query-input":{"@type":"PropertyValueSpecification","valueRequired":true,"valueName":"search_term_string"}}],"inLanguage":"az"},{"@type":"Organization","@id":"https:\/\/geoclimate.ge\/#organization","name":"GeoClimate","url":"https:\/\/geoclimate.ge\/","logo":{"@type":"ImageObject","inLanguage":"az","@id":"https:\/\/geoclimate.ge\/#\/schema\/logo\/image\/","url":"https:\/\/geoclimate.ge\/wp-content\/uploads\/2026\/03\/geoclimate-SEO.png","contentUrl":"https:\/\/geoclimate.ge\/wp-content\/uploads\/2026\/03\/geoclimate-SEO.png","width":1536,"height":1024,"caption":"GeoClimate"},"image":{"@id":"https:\/\/geoclimate.ge\/#\/schema\/logo\/image\/"}}]}},"_links":{"self":[{"href":"https:\/\/geoclimate.ge\/az\/wp-json\/wp\/v2\/product\/31535","targetHints":{"allow":["GET"]}}],"collection":[{"href":"https:\/\/geoclimate.ge\/az\/wp-json\/wp\/v2\/product"}],"about":[{"href":"https:\/\/geoclimate.ge\/az\/wp-json\/wp\/v2\/types\/product"}],"wp:featuredmedia":[{"embeddable":true,"href":"https:\/\/geoclimate.ge\/az\/wp-json\/wp\/v2\/media\/31518"}],"wp:attachment":[{"href":"https:\/\/geoclimate.ge\/az\/wp-json\/wp\/v2\/media?parent=31535"}],"wp:term":[{"taxonomy":"product_brand","embeddable":true,"href":"https:\/\/geoclimate.ge\/az\/wp-json\/wp\/v2\/product_brand?post=31535"},{"taxonomy":"product_cat","embeddable":true,"href":"https:\/\/geoclimate.ge\/az\/wp-json\/wp\/v2\/product_cat?post=31535"},{"taxonomy":"product_tag","embeddable":true,"href":"https:\/\/geoclimate.ge\/az\/wp-json\/wp\/v2\/product_tag?post=31535"}],"curies":[{"name":"wp","href":"https:\/\/api.w.org\/{rel}","templated":true}]}}