{"id":31552,"date":"2025-05-14T23:31:17","date_gmt":"2025-05-14T19:31:17","guid":{"rendered":"https:\/\/airsystems.ge\/shop\/product\/sun-tracking-system-dni-dhi-ghi\/"},"modified":"2025-05-14T23:37:06","modified_gmt":"2025-05-14T19:37:06","slug":"sun-tracking-system-dni-dhi-ghi","status":"publish","type":"product","link":"https:\/\/geoclimate.ge\/az\/product\/sun-tracking-system-dni-dhi-ghi\/","title":{"rendered":"G\u00fcn\u0259\u015f \u0130zl\u0259m\u0259 Sistemi DNI + DHI + GHI"},"content":{"rendered":"<ul>\n<li>EKO Instruments y\u00fcks\u0259k d\u0259qiqlikli g\u00fcn\u0259\u015f izl\u0259yicil\u0259ri qura\u015fd\u0131r\u0131lm\u0131\u015f GPS q\u0259buledicisi vasit\u0259sil\u0259 tam avtomatla\u015fd\u0131r\u0131lm\u0131\u015f qura\u015fd\u0131rma proseduru il\u0259 y\u00fcks\u0259k izl\u0259m\u0259 etibarl\u0131l\u0131\u011f\u0131, t\u0259kmill\u0259\u015fdirilmi\u015f funksionall\u0131q t\u0259min edir.<br \/>\nKompakt g\u00fcn\u0259\u015f izl\u0259yicil\u0259ri qlobal, diffuz v\u0259 birba\u015fa radiasiyan\u0131 \u00f6l\u00e7m\u0259k \u00fc\u00e7\u00fcn b\u00fct\u00fcn n\u00f6v \u00f6l\u00e7m\u0259 sensorlar\u0131n\u0131 d\u0259st\u0259kl\u0259m\u0259k \u00fc\u00e7\u00fcn m\u00fck\u0259mm\u0259l uy\u011fun g\u0259lir.<br \/>\nG\u00fcn\u0259\u015f izl\u0259yicil\u0259ri \u00f6l\u00e7m\u0259 avadanl\u0131\u011f\u0131 \u00fc\u00e7\u00fcn sabit s\u0259th v\u0259 inc\u0259 d\u00fcz\u00fclm\u0259 \u00fc\u00e7\u00fcn t\u0259nziml\u0259n\u0259n pirheliometer montaj\u0131 t\u0259klif ed\u0259n ki\u00e7ik \u015ftativ il\u0259 g\u0259lir.<\/li>\n<\/ul>\n<p>Kompakt EKO g\u00fcn\u0259\u015f izl\u0259yicisi g\u00fcn\u0259\u015fin \u00e7\u0131xmas\u0131ndan g\u00fcn\u0259\u015fin batmas\u0131na q\u0259d\u0259r g\u00fcn\u0259\u015fin d\u0259qiq izl\u0259nilm\u0259sini v\u0259 \u0259lav\u0259 edilmi\u015f g\u00fcn\u0259\u015f sensorlar\u0131n\u0131n i\u015far\u0259l\u0259nm\u0259sini t\u0259min edir. H\u0259r bir sistem birba\u015fa normal \u015f\u00fcalanman\u0131 \u00f6l\u00e7m\u0259k \u00fc\u00e7\u00fcn ISO 9060 Birinci Sinif MS-57 pireliometri il\u0259 t\u0259chiz edilmi\u015fdir. Diffuz \u00fcf\u00fcqi \u015f\u00fcalanman\u0131n \u00f6l\u00e7\u00fclm\u0259si \u00fc\u00e7\u00fcn sistem k\u00f6lg\u0259li ISO 9060 \u0130kincil Standart MS-80A piranometri il\u0259 t\u0259chiz edilmi\u015fdir. Tam t\u0259chiz olunmu\u015f sistem qlobal \u00fcf\u00fcqi \u015f\u00fcalanman\u0131n \u00f6l\u00e7\u00fclm\u0259si \u00fc\u00e7\u00fcn ikinci MS-80A piranometri il\u0259 t\u0259chiz edilmi\u015fdir. T\u0259l\u0259bl\u0259riniz\u0259 uy\u011fun olaraq g\u00fcn\u0259\u015f izl\u0259m\u0259 sistemi Ammonit Meteo-40 plus datalogger, el\u0259c\u0259 d\u0259 xarici enerji t\u0259chizat\u0131 v\u0259 rabit\u0259 sistemi il\u0259 tamamlana bil\u0259r.<\/p>\n<table border=\"1\" width=\"677\" cellspacing=\"1\" cellpadding=\"1\">\n<thead>\n<tr>\n<th scope=\"col\"><span style=\"font-weight: 400;\">System<\/span><\/th>\n<th scope=\"col\"><span style=\"font-weight: 400;\">DNI + DHI + GHI Measurement<\/span><\/th>\n<\/tr>\n<\/thead>\n<tbody>\n<tr>\n<td>Order No.<\/td>\n<td>S64931<\/td>\n<\/tr>\n<tr>\n<td>Description<\/td>\n<td>Sun tracking system for DNI and DHI and GHI<\/td>\n<\/tr>\n<tr>\n<td>Components<\/td>\n<td>Single arm tracker with GPS receiver, table tripod and shading disc<br \/>\nFirst Class\u00a0pyrheliometer MS-57\u00a0for DNI<br \/>\nSecondary Standard pyranometer MS-80A for DHI<br \/>\nSecondary Standard pyranometer MS-80A for GHI<\/td>\n<\/tr>\n<\/tbody>\n<\/table>\n","protected":false},"excerpt":{"rendered":"<p><strong>Sifari\u015f n\u00f6mr\u0259si<\/strong><\/p>\n<p>S64932<\/p>\n","protected":false},"featured_media":31547,"template":"","meta":[],"product_brand":[],"product_cat":[1336,1483,1471],"product_tag":[],"class_list":{"0":"post-31552","1":"product","2":"type-product","3":"status-publish","4":"has-post-thumbnail","6":"product_cat-brpa-olunan-enerji-kulk-v-guns-enerjisi-olcusu-az","7":"product_cat-guns-izlm-sistemi","8":"product_cat-guns-sensoru","10":"first","11":"instock","12":"shipping-taxable","13":"product-type-simple"},"yoast_head":"<!-- This site is optimized with the Yoast SEO plugin v27.1.1 - https:\/\/yoast.com\/product\/yoast-seo-wordpress\/ -->\n<title>G\u00fcn\u0259\u015f \u0130zl\u0259m\u0259 Sistemi DNI + DHI + GHI - GeoClimate.ge<\/title>\n<meta name=\"robots\" content=\"index, follow, max-snippet:-1, max-image-preview:large, max-video-preview:-1\" \/>\n<link rel=\"canonical\" href=\"https:\/\/geoclimate.ge\/az\/product\/sun-tracking-system-dni-dhi-ghi\/\" \/>\n<meta property=\"og:locale\" content=\"az_AZ\" \/>\n<meta property=\"og:type\" content=\"article\" \/>\n<meta property=\"og:title\" content=\"G\u00fcn\u0259\u015f \u0130zl\u0259m\u0259 Sistemi DNI + DHI + GHI - GeoClimate.ge\" \/>\n<meta property=\"og:description\" content=\"Sifari\u015f n\u00f6mr\u0259si  S64932\" \/>\n<meta property=\"og:url\" content=\"https:\/\/geoclimate.ge\/az\/product\/sun-tracking-system-dni-dhi-ghi\/\" \/>\n<meta property=\"og:site_name\" content=\"GeoClimate.ge\" \/>\n<meta property=\"article:modified_time\" content=\"2025-05-14T19:37:06+00:00\" \/>\n<meta property=\"og:image\" content=\"https:\/\/geoclimate.ge\/wp-content\/uploads\/2025\/05\/str-21g-s2.jpg__490x490_q85_crop_subsampling-2_upscale.jpg\" \/>\n\t<meta property=\"og:image:width\" content=\"490\" \/>\n\t<meta property=\"og:image:height\" content=\"490\" \/>\n\t<meta property=\"og:image:type\" content=\"image\/jpeg\" \/>\n<meta name=\"twitter:card\" content=\"summary_large_image\" \/>\n<meta name=\"twitter:label1\" content=\"Est. reading time\" \/>\n\t<meta name=\"twitter:data1\" content=\"2 minutes\" \/>\n<script type=\"application\/ld+json\" class=\"yoast-schema-graph\">{\"@context\":\"https:\/\/schema.org\",\"@graph\":[{\"@type\":\"WebPage\",\"@id\":\"https:\/\/geoclimate.ge\/az\/product\/sun-tracking-system-dni-dhi-ghi\/\",\"url\":\"https:\/\/geoclimate.ge\/az\/product\/sun-tracking-system-dni-dhi-ghi\/\",\"name\":\"G\u00fcn\u0259\u015f \u0130zl\u0259m\u0259 Sistemi DNI + DHI + GHI - GeoClimate.ge\",\"isPartOf\":{\"@id\":\"https:\/\/geoclimate.ge\/#website\"},\"primaryImageOfPage\":{\"@id\":\"https:\/\/geoclimate.ge\/az\/product\/sun-tracking-system-dni-dhi-ghi\/#primaryimage\"},\"image\":{\"@id\":\"https:\/\/geoclimate.ge\/az\/product\/sun-tracking-system-dni-dhi-ghi\/#primaryimage\"},\"thumbnailUrl\":\"https:\/\/geoclimate.ge\/wp-content\/uploads\/2025\/05\/str-21g-s2.jpg__490x490_q85_crop_subsampling-2_upscale.jpg\",\"datePublished\":\"2025-05-14T19:31:17+00:00\",\"dateModified\":\"2025-05-14T19:37:06+00:00\",\"breadcrumb\":{\"@id\":\"https:\/\/geoclimate.ge\/az\/product\/sun-tracking-system-dni-dhi-ghi\/#breadcrumb\"},\"inLanguage\":\"az\",\"potentialAction\":[{\"@type\":\"ReadAction\",\"target\":[\"https:\/\/geoclimate.ge\/az\/product\/sun-tracking-system-dni-dhi-ghi\/\"]}]},{\"@type\":\"ImageObject\",\"inLanguage\":\"az\",\"@id\":\"https:\/\/geoclimate.ge\/az\/product\/sun-tracking-system-dni-dhi-ghi\/#primaryimage\",\"url\":\"https:\/\/geoclimate.ge\/wp-content\/uploads\/2025\/05\/str-21g-s2.jpg__490x490_q85_crop_subsampling-2_upscale.jpg\",\"contentUrl\":\"https:\/\/geoclimate.ge\/wp-content\/uploads\/2025\/05\/str-21g-s2.jpg__490x490_q85_crop_subsampling-2_upscale.jpg\",\"width\":490,\"height\":490},{\"@type\":\"BreadcrumbList\",\"@id\":\"https:\/\/geoclimate.ge\/az\/product\/sun-tracking-system-dni-dhi-ghi\/#breadcrumb\",\"itemListElement\":[{\"@type\":\"ListItem\",\"position\":1,\"name\":\"Home\",\"item\":\"https:\/\/geoclimate.ge\/az\/\"},{\"@type\":\"ListItem\",\"position\":2,\"name\":\"M\u0259hsullar\",\"item\":\"https:\/\/geoclimate.ge\/az\/products\/\"},{\"@type\":\"ListItem\",\"position\":3,\"name\":\"G\u00fcn\u0259\u015f \u0130zl\u0259m\u0259 Sistemi DNI + DHI + GHI\"}]},{\"@type\":\"WebSite\",\"@id\":\"https:\/\/geoclimate.ge\/#website\",\"url\":\"https:\/\/geoclimate.ge\/\",\"name\":\"GeoClimate\",\"description\":\"\",\"publisher\":{\"@id\":\"https:\/\/geoclimate.ge\/#organization\"},\"potentialAction\":[{\"@type\":\"SearchAction\",\"target\":{\"@type\":\"EntryPoint\",\"urlTemplate\":\"https:\/\/geoclimate.ge\/?s={search_term_string}\"},\"query-input\":{\"@type\":\"PropertyValueSpecification\",\"valueRequired\":true,\"valueName\":\"search_term_string\"}}],\"inLanguage\":\"az\"},{\"@type\":\"Organization\",\"@id\":\"https:\/\/geoclimate.ge\/#organization\",\"name\":\"GeoClimate\",\"url\":\"https:\/\/geoclimate.ge\/\",\"logo\":{\"@type\":\"ImageObject\",\"inLanguage\":\"az\",\"@id\":\"https:\/\/geoclimate.ge\/#\/schema\/logo\/image\/\",\"url\":\"https:\/\/geoclimate.ge\/wp-content\/uploads\/2026\/03\/geoclimate-SEO.png\",\"contentUrl\":\"https:\/\/geoclimate.ge\/wp-content\/uploads\/2026\/03\/geoclimate-SEO.png\",\"width\":1536,\"height\":1024,\"caption\":\"GeoClimate\"},\"image\":{\"@id\":\"https:\/\/geoclimate.ge\/#\/schema\/logo\/image\/\"}}]}<\/script>\n<!-- \/ Yoast SEO plugin. -->","yoast_head_json":{"title":"G\u00fcn\u0259\u015f \u0130zl\u0259m\u0259 Sistemi DNI + DHI + GHI - GeoClimate.ge","robots":{"index":"index","follow":"follow","max-snippet":"max-snippet:-1","max-image-preview":"max-image-preview:large","max-video-preview":"max-video-preview:-1"},"canonical":"https:\/\/geoclimate.ge\/az\/product\/sun-tracking-system-dni-dhi-ghi\/","og_locale":"az_AZ","og_type":"article","og_title":"G\u00fcn\u0259\u015f \u0130zl\u0259m\u0259 Sistemi DNI + DHI + GHI - GeoClimate.ge","og_description":"Sifari\u015f n\u00f6mr\u0259si  S64932","og_url":"https:\/\/geoclimate.ge\/az\/product\/sun-tracking-system-dni-dhi-ghi\/","og_site_name":"GeoClimate.ge","article_modified_time":"2025-05-14T19:37:06+00:00","og_image":[{"width":490,"height":490,"url":"https:\/\/geoclimate.ge\/wp-content\/uploads\/2025\/05\/str-21g-s2.jpg__490x490_q85_crop_subsampling-2_upscale.jpg","type":"image\/jpeg"}],"twitter_card":"summary_large_image","twitter_misc":{"Est. reading time":"2 minutes"},"schema":{"@context":"https:\/\/schema.org","@graph":[{"@type":"WebPage","@id":"https:\/\/geoclimate.ge\/az\/product\/sun-tracking-system-dni-dhi-ghi\/","url":"https:\/\/geoclimate.ge\/az\/product\/sun-tracking-system-dni-dhi-ghi\/","name":"G\u00fcn\u0259\u015f \u0130zl\u0259m\u0259 Sistemi DNI + DHI + GHI - GeoClimate.ge","isPartOf":{"@id":"https:\/\/geoclimate.ge\/#website"},"primaryImageOfPage":{"@id":"https:\/\/geoclimate.ge\/az\/product\/sun-tracking-system-dni-dhi-ghi\/#primaryimage"},"image":{"@id":"https:\/\/geoclimate.ge\/az\/product\/sun-tracking-system-dni-dhi-ghi\/#primaryimage"},"thumbnailUrl":"https:\/\/geoclimate.ge\/wp-content\/uploads\/2025\/05\/str-21g-s2.jpg__490x490_q85_crop_subsampling-2_upscale.jpg","datePublished":"2025-05-14T19:31:17+00:00","dateModified":"2025-05-14T19:37:06+00:00","breadcrumb":{"@id":"https:\/\/geoclimate.ge\/az\/product\/sun-tracking-system-dni-dhi-ghi\/#breadcrumb"},"inLanguage":"az","potentialAction":[{"@type":"ReadAction","target":["https:\/\/geoclimate.ge\/az\/product\/sun-tracking-system-dni-dhi-ghi\/"]}]},{"@type":"ImageObject","inLanguage":"az","@id":"https:\/\/geoclimate.ge\/az\/product\/sun-tracking-system-dni-dhi-ghi\/#primaryimage","url":"https:\/\/geoclimate.ge\/wp-content\/uploads\/2025\/05\/str-21g-s2.jpg__490x490_q85_crop_subsampling-2_upscale.jpg","contentUrl":"https:\/\/geoclimate.ge\/wp-content\/uploads\/2025\/05\/str-21g-s2.jpg__490x490_q85_crop_subsampling-2_upscale.jpg","width":490,"height":490},{"@type":"BreadcrumbList","@id":"https:\/\/geoclimate.ge\/az\/product\/sun-tracking-system-dni-dhi-ghi\/#breadcrumb","itemListElement":[{"@type":"ListItem","position":1,"name":"Home","item":"https:\/\/geoclimate.ge\/az\/"},{"@type":"ListItem","position":2,"name":"M\u0259hsullar","item":"https:\/\/geoclimate.ge\/az\/products\/"},{"@type":"ListItem","position":3,"name":"G\u00fcn\u0259\u015f \u0130zl\u0259m\u0259 Sistemi DNI + DHI + GHI"}]},{"@type":"WebSite","@id":"https:\/\/geoclimate.ge\/#website","url":"https:\/\/geoclimate.ge\/","name":"GeoClimate","description":"","publisher":{"@id":"https:\/\/geoclimate.ge\/#organization"},"potentialAction":[{"@type":"SearchAction","target":{"@type":"EntryPoint","urlTemplate":"https:\/\/geoclimate.ge\/?s={search_term_string}"},"query-input":{"@type":"PropertyValueSpecification","valueRequired":true,"valueName":"search_term_string"}}],"inLanguage":"az"},{"@type":"Organization","@id":"https:\/\/geoclimate.ge\/#organization","name":"GeoClimate","url":"https:\/\/geoclimate.ge\/","logo":{"@type":"ImageObject","inLanguage":"az","@id":"https:\/\/geoclimate.ge\/#\/schema\/logo\/image\/","url":"https:\/\/geoclimate.ge\/wp-content\/uploads\/2026\/03\/geoclimate-SEO.png","contentUrl":"https:\/\/geoclimate.ge\/wp-content\/uploads\/2026\/03\/geoclimate-SEO.png","width":1536,"height":1024,"caption":"GeoClimate"},"image":{"@id":"https:\/\/geoclimate.ge\/#\/schema\/logo\/image\/"}}]}},"_links":{"self":[{"href":"https:\/\/geoclimate.ge\/az\/wp-json\/wp\/v2\/product\/31552","targetHints":{"allow":["GET"]}}],"collection":[{"href":"https:\/\/geoclimate.ge\/az\/wp-json\/wp\/v2\/product"}],"about":[{"href":"https:\/\/geoclimate.ge\/az\/wp-json\/wp\/v2\/types\/product"}],"wp:featuredmedia":[{"embeddable":true,"href":"https:\/\/geoclimate.ge\/az\/wp-json\/wp\/v2\/media\/31547"}],"wp:attachment":[{"href":"https:\/\/geoclimate.ge\/az\/wp-json\/wp\/v2\/media?parent=31552"}],"wp:term":[{"taxonomy":"product_brand","embeddable":true,"href":"https:\/\/geoclimate.ge\/az\/wp-json\/wp\/v2\/product_brand?post=31552"},{"taxonomy":"product_cat","embeddable":true,"href":"https:\/\/geoclimate.ge\/az\/wp-json\/wp\/v2\/product_cat?post=31552"},{"taxonomy":"product_tag","embeddable":true,"href":"https:\/\/geoclimate.ge\/az\/wp-json\/wp\/v2\/product_tag?post=31552"}],"curies":[{"name":"wp","href":"https:\/\/api.w.org\/{rel}","templated":true}]}}