{"id":31624,"date":"2025-05-15T00:17:57","date_gmt":"2025-05-14T20:17:57","guid":{"rendered":"https:\/\/airsystems.ge\/shop\/product\/pyrheliometer-eko-ms-57\/"},"modified":"2025-05-15T00:23:17","modified_gmt":"2025-05-14T20:23:17","slug":"pyrheliometer-eko-ms-57","status":"publish","type":"product","link":"https:\/\/geoclimate.ge\/az\/product\/pyrheliometer-eko-ms-57\/","title":{"rendered":"Pyrheliometer EKO MS-57"},"content":{"rendered":"<ul>\n<li>ISO 9060 Birinci Sinif Pirelometr<br \/>\nIEC 17025 \/ 9059 kalibrl\u0259nmi\u015f pireliometr<br \/>\n\u018fn a\u015fa\u011f\u0131 \u00f6l\u00e7\u00fc qeyri-m\u00fc\u0259yy\u0259nliyi<br \/>\nUltra s\u00fcr\u0259tli &lt; 0,2 s cavab m\u00fcdd\u0259ti<br \/>\n\u018fla istilik sabitliyi<br \/>\nD\u0259qiq temperatur kompensasiyas\u0131<br \/>\n\u00c7iyin v\u0259 \u015faxtan\u0131n qar\u015f\u0131s\u0131n\u0131 almaq \u00fc\u00e7\u00fcn p\u0259nc\u0259r\u0259 q\u0131zd\u0131r\u0131c\u0131s\u0131<\/li>\n<\/ul>\n<p>MS-57 pirheliometer MS-80 piranometrinin \u0259n son inki\u015faf\u0131ndan ilhamlanaraq, misli g\u00f6r\u00fcnm\u0259mi\u015f a\u015fa\u011f\u0131 istilik ofset davran\u0131\u015f\u0131nda v\u0259 s\u00fcr\u0259tli termopil reaksiyas\u0131nda (&lt; 0,2 s \/ 95%) bir ir\u0259lil\u0259yi\u015f \u0259ld\u0259 etm\u0259y\u0259 imkan verdi. MS-57 First Class birba\u015fa normal insident (DNI) g\u00fcn\u0259\u015f \u015f\u00fcalanma sensorudur. Pyrheliometer kimi d\u0259 tan\u0131n\u0131r, g\u00fcn\u0259\u015f izl\u0259yicisind\u0259 g\u00fcnd\u0259lik \u0259m\u0259liyyat \u00fc\u00e7\u00fcn istinad sensoru kimi istifad\u0259 olunur. B\u00fct\u00fcn hava \u015f\u0259raitin\u0259 uy\u011fun MS-57 200 &#8230; 4000 nm spektral diapazonda g\u00fcn\u0259\u015f \u015f\u00fcalanmas\u0131na cavab verir v\u0259 -40 &#8230; 80 \u00b0 C temperatur diapazonunda \u0259n ekstremal \u015f\u0259raitd\u0259 i\u015fl\u0259yir. \u0130nteqrasiya edilmi\u015f a\u015fa\u011f\u0131 enerjili p\u0259nc\u0259r\u0259 q\u0131zd\u0131r\u0131c\u0131s\u0131 xarici p\u0259nc\u0259r\u0259d\u0259 \u015feh \u00e7\u00f6km\u0259sinin v\u0259 ya \u015faxtan\u0131n qar\u015f\u0131s\u0131n\u0131 al\u0131r.<\/p>\n<p>H\u0259r bir MS-57 a\u00e7\u0131q havada kalibrl\u0259nir v\u0259 istehsal edildikd\u0259n sonra EKO-da WRR (D\u00fcnya Radiometrik \u0130stinad) il\u0259 tam izl\u0259nil\u0259 bil\u0259n EKO-nun istinad sensorlar\u0131na qar\u015f\u0131 s\u0131naqdan ke\u00e7irilir. T\u0259klif olunan yenid\u0259n kalibrl\u0259m\u0259 m\u00fcdd\u0259ti 5 il\u0259 q\u0259d\u0259r uzad\u0131la bil\u0259r ki, bu da bazardak\u0131 dig\u0259r sensor modell\u0259ri \u00fc\u00e7\u00fcn ad\u0259t\u0259n 2 ildir. Sensorun uzunm\u00fcdd\u0259tli sabitliyi 5 il \u0259rzind\u0259 0,5%-d\u0259n azd\u0131r ki, bu da onu unikal edir.<\/p>\n<p>MS-57 pirheliometrl\u0259ri ard\u0131c\u0131l \u015f\u0259kild\u0259 istehsal olunur, daha sonra ciddi keyfiyy\u0259t yoxlamas\u0131 v\u0259 performans\u0131n qiym\u0259tl\u0259ndirilm\u0259si apar\u0131l\u0131r. H\u0259r bir sensor \u00fc\u00e7\u00fcn temperaturdan as\u0131l\u0131l\u0131q sensorla birlikd\u0259 g\u0259l\u0259n \u00f6l\u00e7m\u0259 hesabat\u0131 vasit\u0259sil\u0259 \u00f6l\u00e7\u00fcl\u00fcr v\u0259 t\u0259sdiql\u0259nir. EKO ISO\/IEC17025\/9059 t\u0259r\u0259find\u0259n m\u00fc\u0259yy\u0259n edilmi\u015f beyn\u0259lxalq standartlara uy\u011fun unikal a\u00e7\u0131q havada kalibrl\u0259m\u0259 t\u0259min edir.<\/p>\n<table border=\"1\" width=\"514\" cellspacing=\"1\" cellpadding=\"1\">\n<thead>\n<tr>\n<th scope=\"col\">Characteristic<\/th>\n<th scope=\"col\">Description<\/th>\n<\/tr>\n<\/thead>\n<tbody>\n<tr>\n<td>Classification<\/td>\n<td>ISO 9060 First Class<\/td>\n<\/tr>\n<tr>\n<td>Sensitivity<\/td>\n<td>approx. 7 \u00b5V\/W\/m\u00b2 (see calibration protocol)<\/td>\n<\/tr>\n<tr>\n<td>Spectral range<\/td>\n<td>200 &#8230; 4000 nm<\/td>\n<\/tr>\n<tr>\n<td>Maximum irradiance<\/td>\n<td>4000 W\/m\u00b2<\/td>\n<\/tr>\n<tr>\n<td>Typical signal output for atmospheric applications<\/td>\n<td>0 &#8230; 10 mV<\/td>\n<\/tr>\n<tr>\n<td>Response time (95%)<\/td>\n<td>&lt; 0.2 s<\/td>\n<\/tr>\n<tr>\n<td>Zero offset &#8211; Thermal radiation (200 W\/m\u00b2)<\/td>\n<td>0 W\/m\u00b2<\/td>\n<\/tr>\n<tr>\n<td>Zero offset &#8211; Temperature change (5K\/hr)<\/td>\n<td>&lt; 1 W\/m\u00b2<\/td>\n<\/tr>\n<tr>\n<td>Non-stability (change\/1 year)<\/td>\n<td>&#8211;<\/td>\n<\/tr>\n<tr>\n<td>Non-stability (change\/5 year)<\/td>\n<td>&lt; 0.5 %<\/td>\n<\/tr>\n<tr>\n<td>Non-linearity @ 1000 W\/m\u00b2<\/td>\n<td>&lt; 0.2 %<\/td>\n<\/tr>\n<tr>\n<td>Temperature dependence of sensitivity<br \/>\n(-20 &#8230; +50\u00b0C \/ @ 20\u00b0C)<\/td>\n<td>&lt; \u00b10.5 %<\/td>\n<\/tr>\n<tr>\n<td>Temperature response (-20 &#8230; +50\u00b0C)<\/td>\n<td>&lt; 1 %<\/td>\n<\/tr>\n<tr>\n<td>Impedance (@25\u00b0C)<\/td>\n<td>~ 15 k\u2126<\/td>\n<\/tr>\n<tr>\n<td>Expected daily uncertainty<\/td>\n<td>&lt; \u00b11 %<\/td>\n<\/tr>\n<tr>\n<td>Full operating view angle<\/td>\n<td>5\u00b0<\/td>\n<\/tr>\n<tr>\n<td>Slope angle<\/td>\n<td>1\u00b0<\/td>\n<\/tr>\n<tr>\n<td>Pt100<\/td>\n<td>Class A, IEC 751 Compliance<\/td>\n<\/tr>\n<tr>\n<td>Operating temperature<\/td>\n<td>-40 &#8230; +80 \u00b0C<\/td>\n<\/tr>\n<tr>\n<td>Power supply for optional window heater<\/td>\n<td>12 V DC (0.5 W)<\/td>\n<\/tr>\n<tr>\n<td>Protection<\/td>\n<td>IP67<\/td>\n<\/tr>\n<tr>\n<td>Dimension \/ Weight (without cable)<\/td>\n<td>217 x 55 mm \/ 0.6 kg<\/td>\n<\/tr>\n<tr>\n<td>Cable length<\/td>\n<td>10 m<\/td>\n<\/tr>\n<tr>\n<td>Warranty<\/td>\n<td>5 years<\/td>\n<\/tr>\n<tr>\n<td>Manufacturer<\/td>\n<td>EKO Instruments<\/td>\n<\/tr>\n<tr>\n<td>Accessory<\/td>\n<td>Modules Ammonit M83572, EKO MC 11<\/td>\n<\/tr>\n<\/tbody>\n<\/table>\n<p>Fitted with 10K thermistor and Pt100 temperature sensor as standard (thermistor not connected with Meteo-40)<\/p>\n<p>Delivery includes IEC 17025 calibration certificate and temperature dependency test report.<\/p>\n","protected":false},"excerpt":{"rendered":"<p><strong>Sifari\u015f n\u00f6mr\u0259si<\/strong><br \/>\nS64211<\/p>\n","protected":false},"featured_media":31612,"template":"","meta":[],"product_brand":[],"product_cat":[1336,1471,1495],"product_tag":[],"class_list":{"0":"post-31624","1":"product","2":"type-product","3":"status-publish","4":"has-post-thumbnail","6":"product_cat-brpa-olunan-enerji-kulk-v-guns-enerjisi-olcusu-az","7":"product_cat-guns-sensoru","8":"product_cat-pireliometr","10":"first","11":"instock","12":"shipping-taxable","13":"product-type-simple"},"yoast_head":"<!-- This site is optimized with the Yoast SEO plugin v27.1.1 - https:\/\/yoast.com\/product\/yoast-seo-wordpress\/ -->\n<title>Pyrheliometer EKO MS-57 - GeoClimate.ge<\/title>\n<meta name=\"robots\" content=\"index, follow, max-snippet:-1, max-image-preview:large, max-video-preview:-1\" \/>\n<link rel=\"canonical\" href=\"https:\/\/geoclimate.ge\/az\/product\/pyrheliometer-eko-ms-57\/\" \/>\n<meta property=\"og:locale\" content=\"az_AZ\" \/>\n<meta property=\"og:type\" content=\"article\" \/>\n<meta property=\"og:title\" content=\"Pyrheliometer EKO MS-57 - GeoClimate.ge\" \/>\n<meta property=\"og:description\" content=\"Sifari\u015f n\u00f6mr\u0259si S64211\" \/>\n<meta property=\"og:url\" content=\"https:\/\/geoclimate.ge\/az\/product\/pyrheliometer-eko-ms-57\/\" \/>\n<meta property=\"og:site_name\" content=\"GeoClimate.ge\" \/>\n<meta property=\"article:modified_time\" content=\"2025-05-14T20:23:17+00:00\" \/>\n<meta property=\"og:image\" content=\"https:\/\/geoclimate.ge\/wp-content\/uploads\/2025\/05\/eko-ms-57.jpg__490x490_q85_crop_subsampling-2_upscale.jpg\" \/>\n\t<meta property=\"og:image:width\" content=\"490\" \/>\n\t<meta property=\"og:image:height\" content=\"490\" \/>\n\t<meta property=\"og:image:type\" content=\"image\/jpeg\" \/>\n<meta name=\"twitter:card\" content=\"summary_large_image\" \/>\n<meta name=\"twitter:label1\" content=\"Est. reading time\" \/>\n\t<meta name=\"twitter:data1\" content=\"2 minutes\" \/>\n<script type=\"application\/ld+json\" class=\"yoast-schema-graph\">{\"@context\":\"https:\/\/schema.org\",\"@graph\":[{\"@type\":\"WebPage\",\"@id\":\"https:\/\/geoclimate.ge\/az\/product\/pyrheliometer-eko-ms-57\/\",\"url\":\"https:\/\/geoclimate.ge\/az\/product\/pyrheliometer-eko-ms-57\/\",\"name\":\"Pyrheliometer EKO MS-57 - GeoClimate.ge\",\"isPartOf\":{\"@id\":\"https:\/\/geoclimate.ge\/#website\"},\"primaryImageOfPage\":{\"@id\":\"https:\/\/geoclimate.ge\/az\/product\/pyrheliometer-eko-ms-57\/#primaryimage\"},\"image\":{\"@id\":\"https:\/\/geoclimate.ge\/az\/product\/pyrheliometer-eko-ms-57\/#primaryimage\"},\"thumbnailUrl\":\"https:\/\/geoclimate.ge\/wp-content\/uploads\/2025\/05\/eko-ms-57.jpg__490x490_q85_crop_subsampling-2_upscale.jpg\",\"datePublished\":\"2025-05-14T20:17:57+00:00\",\"dateModified\":\"2025-05-14T20:23:17+00:00\",\"breadcrumb\":{\"@id\":\"https:\/\/geoclimate.ge\/az\/product\/pyrheliometer-eko-ms-57\/#breadcrumb\"},\"inLanguage\":\"az\",\"potentialAction\":[{\"@type\":\"ReadAction\",\"target\":[\"https:\/\/geoclimate.ge\/az\/product\/pyrheliometer-eko-ms-57\/\"]}]},{\"@type\":\"ImageObject\",\"inLanguage\":\"az\",\"@id\":\"https:\/\/geoclimate.ge\/az\/product\/pyrheliometer-eko-ms-57\/#primaryimage\",\"url\":\"https:\/\/geoclimate.ge\/wp-content\/uploads\/2025\/05\/eko-ms-57.jpg__490x490_q85_crop_subsampling-2_upscale.jpg\",\"contentUrl\":\"https:\/\/geoclimate.ge\/wp-content\/uploads\/2025\/05\/eko-ms-57.jpg__490x490_q85_crop_subsampling-2_upscale.jpg\",\"width\":490,\"height\":490},{\"@type\":\"BreadcrumbList\",\"@id\":\"https:\/\/geoclimate.ge\/az\/product\/pyrheliometer-eko-ms-57\/#breadcrumb\",\"itemListElement\":[{\"@type\":\"ListItem\",\"position\":1,\"name\":\"Home\",\"item\":\"https:\/\/geoclimate.ge\/az\/\"},{\"@type\":\"ListItem\",\"position\":2,\"name\":\"M\u0259hsullar\",\"item\":\"https:\/\/geoclimate.ge\/az\/products\/\"},{\"@type\":\"ListItem\",\"position\":3,\"name\":\"Pyrheliometer EKO MS-57\"}]},{\"@type\":\"WebSite\",\"@id\":\"https:\/\/geoclimate.ge\/#website\",\"url\":\"https:\/\/geoclimate.ge\/\",\"name\":\"GeoClimate\",\"description\":\"\",\"publisher\":{\"@id\":\"https:\/\/geoclimate.ge\/#organization\"},\"potentialAction\":[{\"@type\":\"SearchAction\",\"target\":{\"@type\":\"EntryPoint\",\"urlTemplate\":\"https:\/\/geoclimate.ge\/?s={search_term_string}\"},\"query-input\":{\"@type\":\"PropertyValueSpecification\",\"valueRequired\":true,\"valueName\":\"search_term_string\"}}],\"inLanguage\":\"az\"},{\"@type\":\"Organization\",\"@id\":\"https:\/\/geoclimate.ge\/#organization\",\"name\":\"GeoClimate\",\"url\":\"https:\/\/geoclimate.ge\/\",\"logo\":{\"@type\":\"ImageObject\",\"inLanguage\":\"az\",\"@id\":\"https:\/\/geoclimate.ge\/#\/schema\/logo\/image\/\",\"url\":\"https:\/\/geoclimate.ge\/wp-content\/uploads\/2026\/03\/geoclimate-SEO.png\",\"contentUrl\":\"https:\/\/geoclimate.ge\/wp-content\/uploads\/2026\/03\/geoclimate-SEO.png\",\"width\":1536,\"height\":1024,\"caption\":\"GeoClimate\"},\"image\":{\"@id\":\"https:\/\/geoclimate.ge\/#\/schema\/logo\/image\/\"}}]}<\/script>\n<!-- \/ Yoast SEO plugin. -->","yoast_head_json":{"title":"Pyrheliometer EKO MS-57 - GeoClimate.ge","robots":{"index":"index","follow":"follow","max-snippet":"max-snippet:-1","max-image-preview":"max-image-preview:large","max-video-preview":"max-video-preview:-1"},"canonical":"https:\/\/geoclimate.ge\/az\/product\/pyrheliometer-eko-ms-57\/","og_locale":"az_AZ","og_type":"article","og_title":"Pyrheliometer EKO MS-57 - GeoClimate.ge","og_description":"Sifari\u015f n\u00f6mr\u0259si S64211","og_url":"https:\/\/geoclimate.ge\/az\/product\/pyrheliometer-eko-ms-57\/","og_site_name":"GeoClimate.ge","article_modified_time":"2025-05-14T20:23:17+00:00","og_image":[{"width":490,"height":490,"url":"https:\/\/geoclimate.ge\/wp-content\/uploads\/2025\/05\/eko-ms-57.jpg__490x490_q85_crop_subsampling-2_upscale.jpg","type":"image\/jpeg"}],"twitter_card":"summary_large_image","twitter_misc":{"Est. reading time":"2 minutes"},"schema":{"@context":"https:\/\/schema.org","@graph":[{"@type":"WebPage","@id":"https:\/\/geoclimate.ge\/az\/product\/pyrheliometer-eko-ms-57\/","url":"https:\/\/geoclimate.ge\/az\/product\/pyrheliometer-eko-ms-57\/","name":"Pyrheliometer EKO MS-57 - GeoClimate.ge","isPartOf":{"@id":"https:\/\/geoclimate.ge\/#website"},"primaryImageOfPage":{"@id":"https:\/\/geoclimate.ge\/az\/product\/pyrheliometer-eko-ms-57\/#primaryimage"},"image":{"@id":"https:\/\/geoclimate.ge\/az\/product\/pyrheliometer-eko-ms-57\/#primaryimage"},"thumbnailUrl":"https:\/\/geoclimate.ge\/wp-content\/uploads\/2025\/05\/eko-ms-57.jpg__490x490_q85_crop_subsampling-2_upscale.jpg","datePublished":"2025-05-14T20:17:57+00:00","dateModified":"2025-05-14T20:23:17+00:00","breadcrumb":{"@id":"https:\/\/geoclimate.ge\/az\/product\/pyrheliometer-eko-ms-57\/#breadcrumb"},"inLanguage":"az","potentialAction":[{"@type":"ReadAction","target":["https:\/\/geoclimate.ge\/az\/product\/pyrheliometer-eko-ms-57\/"]}]},{"@type":"ImageObject","inLanguage":"az","@id":"https:\/\/geoclimate.ge\/az\/product\/pyrheliometer-eko-ms-57\/#primaryimage","url":"https:\/\/geoclimate.ge\/wp-content\/uploads\/2025\/05\/eko-ms-57.jpg__490x490_q85_crop_subsampling-2_upscale.jpg","contentUrl":"https:\/\/geoclimate.ge\/wp-content\/uploads\/2025\/05\/eko-ms-57.jpg__490x490_q85_crop_subsampling-2_upscale.jpg","width":490,"height":490},{"@type":"BreadcrumbList","@id":"https:\/\/geoclimate.ge\/az\/product\/pyrheliometer-eko-ms-57\/#breadcrumb","itemListElement":[{"@type":"ListItem","position":1,"name":"Home","item":"https:\/\/geoclimate.ge\/az\/"},{"@type":"ListItem","position":2,"name":"M\u0259hsullar","item":"https:\/\/geoclimate.ge\/az\/products\/"},{"@type":"ListItem","position":3,"name":"Pyrheliometer EKO MS-57"}]},{"@type":"WebSite","@id":"https:\/\/geoclimate.ge\/#website","url":"https:\/\/geoclimate.ge\/","name":"GeoClimate","description":"","publisher":{"@id":"https:\/\/geoclimate.ge\/#organization"},"potentialAction":[{"@type":"SearchAction","target":{"@type":"EntryPoint","urlTemplate":"https:\/\/geoclimate.ge\/?s={search_term_string}"},"query-input":{"@type":"PropertyValueSpecification","valueRequired":true,"valueName":"search_term_string"}}],"inLanguage":"az"},{"@type":"Organization","@id":"https:\/\/geoclimate.ge\/#organization","name":"GeoClimate","url":"https:\/\/geoclimate.ge\/","logo":{"@type":"ImageObject","inLanguage":"az","@id":"https:\/\/geoclimate.ge\/#\/schema\/logo\/image\/","url":"https:\/\/geoclimate.ge\/wp-content\/uploads\/2026\/03\/geoclimate-SEO.png","contentUrl":"https:\/\/geoclimate.ge\/wp-content\/uploads\/2026\/03\/geoclimate-SEO.png","width":1536,"height":1024,"caption":"GeoClimate"},"image":{"@id":"https:\/\/geoclimate.ge\/#\/schema\/logo\/image\/"}}]}},"_links":{"self":[{"href":"https:\/\/geoclimate.ge\/az\/wp-json\/wp\/v2\/product\/31624","targetHints":{"allow":["GET"]}}],"collection":[{"href":"https:\/\/geoclimate.ge\/az\/wp-json\/wp\/v2\/product"}],"about":[{"href":"https:\/\/geoclimate.ge\/az\/wp-json\/wp\/v2\/types\/product"}],"wp:featuredmedia":[{"embeddable":true,"href":"https:\/\/geoclimate.ge\/az\/wp-json\/wp\/v2\/media\/31612"}],"wp:attachment":[{"href":"https:\/\/geoclimate.ge\/az\/wp-json\/wp\/v2\/media?parent=31624"}],"wp:term":[{"taxonomy":"product_brand","embeddable":true,"href":"https:\/\/geoclimate.ge\/az\/wp-json\/wp\/v2\/product_brand?post=31624"},{"taxonomy":"product_cat","embeddable":true,"href":"https:\/\/geoclimate.ge\/az\/wp-json\/wp\/v2\/product_cat?post=31624"},{"taxonomy":"product_tag","embeddable":true,"href":"https:\/\/geoclimate.ge\/az\/wp-json\/wp\/v2\/product_tag?post=31624"}],"curies":[{"name":"wp","href":"https:\/\/api.w.org\/{rel}","templated":true}]}}