{"id":31658,"date":"2025-05-15T00:40:32","date_gmt":"2025-05-14T20:40:32","guid":{"rendered":"https:\/\/airsystems.ge\/shop\/product\/ventilator-mv-01-for-eko-ms-806040-pyranometer\/"},"modified":"2025-05-15T00:47:57","modified_gmt":"2025-05-14T20:47:57","slug":"ventilator-mv-01-for-eko-ms-806040-pyranometer","status":"publish","type":"product","link":"https:\/\/geoclimate.ge\/az\/product\/ventilator-mv-01-for-eko-ms-806040-pyranometer\/","title":{"rendered":"EKO MS-80\/60\/40 Piranometr \u00fc\u00e7\u00fcn MV-01 ventilyatoru"},"content":{"rendered":"<ul>\n<li>MV-01 ventilyatoru v\u0259 q\u0131zd\u0131r\u0131c\u0131s\u0131 MS-80\/60\/40 piranometrl\u0259ri il\u0259 birlikd\u0259 piranometr sensorunu \u015feh, buz v\u0259 qardan t\u0259mizl\u0259y\u0259c\u0259k.<br \/>\nVentilyator MS-80\/60\/40-\u0131n b\u00fct\u00fcn \u0259traf m\u00fchit \u015f\u0259raitind\u0259 m\u0259lumat m\u00f6vcudlu\u011funu t\u0259min edir.<br \/>\nMV-01 ventilyatoru il\u0259 birlikd\u0259 sensorunuz yeni IEC 61724-1 standart\u0131n\u0131n (Sinif A) t\u0259l\u0259bl\u0259rin\u0259 uy\u011fun olacaq.<\/li>\n<\/ul>\n<p>Standart tacho \u00e7\u0131x\u0131\u015f\u0131 il\u0259 fan\u0131n s\u00fcr\u0259tin\u0259 n\u0259zar\u0259t etm\u0259k olar. MV-01 a\u015fa\u011f\u0131 g\u00fcc\u0259 malik ventilyatora v\u0259 d\u0259yi\u015f\u0259n i\u015f \u015f\u0259raitind\u0259 ayr\u0131-ayr\u0131l\u0131qda yand\u0131r\u0131la\/s\u00f6n\u0259 bil\u0259n effektiv q\u0131zd\u0131r\u0131c\u0131ya malikdir. Piranometr g\u00fcn\u0259\u015f kreminin \u015faquli dizayn\u0131 say\u0259sind\u0259 hava \u00e7\u0131x\u0131\u015f\u0131 qar v\u0259 buzdan t\u0259miz qalacaq. Havaland\u0131rma qur\u011fusu temperaturun t\u0259hl\u00fck\u0259sizliyi a\u00e7ar\u0131 vasit\u0259sil\u0259 h\u0259ddind\u0259n art\u0131q istil\u0259\u015fm\u0259d\u0259n qorunur.<\/p>\n<p>MV-01 MS-80 \u0130kinci d\u0259r\u0259c\u0259li standart, MS-60 Birinci sinif v\u0259 MS-40 \u0130kinci d\u0259r\u0259c\u0259li piranometrl\u0259rl\u0259 uy\u011fun g\u0259lir.<\/p>\n","protected":false},"excerpt":{"rendered":"<p><strong>Sifari\u015f n\u00f6mr\u0259si<\/strong><br \/>\nS64060<\/p>\n","protected":false},"featured_media":31653,"template":"","meta":[],"product_brand":[],"product_cat":[1336,1471,1501],"product_tag":[],"class_list":{"0":"post-31658","1":"product","2":"type-product","3":"status-publish","4":"has-post-thumbnail","6":"product_cat-brpa-olunan-enerji-kulk-v-guns-enerjisi-olcusu-az","7":"product_cat-guns-sensoru","8":"product_cat-piranometr","10":"first","11":"instock","12":"shipping-taxable","13":"product-type-simple"},"yoast_head":"<!-- This site is optimized with the Yoast SEO plugin v27.1.1 - https:\/\/yoast.com\/product\/yoast-seo-wordpress\/ -->\n<title>EKO MS-80\/60\/40 Piranometr \u00fc\u00e7\u00fcn MV-01 ventilyatoru - GeoClimate.ge<\/title>\n<meta name=\"robots\" content=\"index, follow, max-snippet:-1, max-image-preview:large, max-video-preview:-1\" \/>\n<link rel=\"canonical\" href=\"https:\/\/geoclimate.ge\/az\/product\/ventilator-mv-01-for-eko-ms-806040-pyranometer\/\" \/>\n<meta property=\"og:locale\" content=\"az_AZ\" \/>\n<meta property=\"og:type\" content=\"article\" \/>\n<meta property=\"og:title\" content=\"EKO MS-80\/60\/40 Piranometr \u00fc\u00e7\u00fcn MV-01 ventilyatoru - GeoClimate.ge\" \/>\n<meta property=\"og:description\" content=\"Sifari\u015f n\u00f6mr\u0259si S64060\" \/>\n<meta property=\"og:url\" content=\"https:\/\/geoclimate.ge\/az\/product\/ventilator-mv-01-for-eko-ms-806040-pyranometer\/\" \/>\n<meta property=\"og:site_name\" content=\"GeoClimate.ge\" \/>\n<meta property=\"article:modified_time\" content=\"2025-05-14T20:47:57+00:00\" \/>\n<meta property=\"og:image\" content=\"https:\/\/geoclimate.ge\/wp-content\/uploads\/2025\/05\/ventilator-eko-mv-01.jpg__490x490_q85_crop_subsampling-2_upscale.jpg\" \/>\n\t<meta property=\"og:image:width\" content=\"490\" \/>\n\t<meta property=\"og:image:height\" content=\"490\" \/>\n\t<meta property=\"og:image:type\" content=\"image\/jpeg\" \/>\n<meta name=\"twitter:card\" content=\"summary_large_image\" \/>\n<meta name=\"twitter:label1\" content=\"Est. reading time\" \/>\n\t<meta name=\"twitter:data1\" content=\"1 minute\" \/>\n<script type=\"application\/ld+json\" class=\"yoast-schema-graph\">{\"@context\":\"https:\/\/schema.org\",\"@graph\":[{\"@type\":\"WebPage\",\"@id\":\"https:\/\/geoclimate.ge\/az\/product\/ventilator-mv-01-for-eko-ms-806040-pyranometer\/\",\"url\":\"https:\/\/geoclimate.ge\/az\/product\/ventilator-mv-01-for-eko-ms-806040-pyranometer\/\",\"name\":\"EKO MS-80\/60\/40 Piranometr \u00fc\u00e7\u00fcn MV-01 ventilyatoru - GeoClimate.ge\",\"isPartOf\":{\"@id\":\"https:\/\/geoclimate.ge\/#website\"},\"primaryImageOfPage\":{\"@id\":\"https:\/\/geoclimate.ge\/az\/product\/ventilator-mv-01-for-eko-ms-806040-pyranometer\/#primaryimage\"},\"image\":{\"@id\":\"https:\/\/geoclimate.ge\/az\/product\/ventilator-mv-01-for-eko-ms-806040-pyranometer\/#primaryimage\"},\"thumbnailUrl\":\"https:\/\/geoclimate.ge\/wp-content\/uploads\/2025\/05\/ventilator-eko-mv-01.jpg__490x490_q85_crop_subsampling-2_upscale.jpg\",\"datePublished\":\"2025-05-14T20:40:32+00:00\",\"dateModified\":\"2025-05-14T20:47:57+00:00\",\"breadcrumb\":{\"@id\":\"https:\/\/geoclimate.ge\/az\/product\/ventilator-mv-01-for-eko-ms-806040-pyranometer\/#breadcrumb\"},\"inLanguage\":\"az\",\"potentialAction\":[{\"@type\":\"ReadAction\",\"target\":[\"https:\/\/geoclimate.ge\/az\/product\/ventilator-mv-01-for-eko-ms-806040-pyranometer\/\"]}]},{\"@type\":\"ImageObject\",\"inLanguage\":\"az\",\"@id\":\"https:\/\/geoclimate.ge\/az\/product\/ventilator-mv-01-for-eko-ms-806040-pyranometer\/#primaryimage\",\"url\":\"https:\/\/geoclimate.ge\/wp-content\/uploads\/2025\/05\/ventilator-eko-mv-01.jpg__490x490_q85_crop_subsampling-2_upscale.jpg\",\"contentUrl\":\"https:\/\/geoclimate.ge\/wp-content\/uploads\/2025\/05\/ventilator-eko-mv-01.jpg__490x490_q85_crop_subsampling-2_upscale.jpg\",\"width\":490,\"height\":490},{\"@type\":\"BreadcrumbList\",\"@id\":\"https:\/\/geoclimate.ge\/az\/product\/ventilator-mv-01-for-eko-ms-806040-pyranometer\/#breadcrumb\",\"itemListElement\":[{\"@type\":\"ListItem\",\"position\":1,\"name\":\"Home\",\"item\":\"https:\/\/geoclimate.ge\/az\/\"},{\"@type\":\"ListItem\",\"position\":2,\"name\":\"M\u0259hsullar\",\"item\":\"https:\/\/geoclimate.ge\/az\/products\/\"},{\"@type\":\"ListItem\",\"position\":3,\"name\":\"EKO MS-80\/60\/40 Piranometr \u00fc\u00e7\u00fcn MV-01 ventilyatoru\"}]},{\"@type\":\"WebSite\",\"@id\":\"https:\/\/geoclimate.ge\/#website\",\"url\":\"https:\/\/geoclimate.ge\/\",\"name\":\"GeoClimate\",\"description\":\"\",\"publisher\":{\"@id\":\"https:\/\/geoclimate.ge\/#organization\"},\"potentialAction\":[{\"@type\":\"SearchAction\",\"target\":{\"@type\":\"EntryPoint\",\"urlTemplate\":\"https:\/\/geoclimate.ge\/?s={search_term_string}\"},\"query-input\":{\"@type\":\"PropertyValueSpecification\",\"valueRequired\":true,\"valueName\":\"search_term_string\"}}],\"inLanguage\":\"az\"},{\"@type\":\"Organization\",\"@id\":\"https:\/\/geoclimate.ge\/#organization\",\"name\":\"GeoClimate\",\"url\":\"https:\/\/geoclimate.ge\/\",\"logo\":{\"@type\":\"ImageObject\",\"inLanguage\":\"az\",\"@id\":\"https:\/\/geoclimate.ge\/#\/schema\/logo\/image\/\",\"url\":\"https:\/\/geoclimate.ge\/wp-content\/uploads\/2026\/03\/geoclimate-SEO.png\",\"contentUrl\":\"https:\/\/geoclimate.ge\/wp-content\/uploads\/2026\/03\/geoclimate-SEO.png\",\"width\":1536,\"height\":1024,\"caption\":\"GeoClimate\"},\"image\":{\"@id\":\"https:\/\/geoclimate.ge\/#\/schema\/logo\/image\/\"}}]}<\/script>\n<!-- \/ Yoast SEO plugin. -->","yoast_head_json":{"title":"EKO MS-80\/60\/40 Piranometr \u00fc\u00e7\u00fcn MV-01 ventilyatoru - GeoClimate.ge","robots":{"index":"index","follow":"follow","max-snippet":"max-snippet:-1","max-image-preview":"max-image-preview:large","max-video-preview":"max-video-preview:-1"},"canonical":"https:\/\/geoclimate.ge\/az\/product\/ventilator-mv-01-for-eko-ms-806040-pyranometer\/","og_locale":"az_AZ","og_type":"article","og_title":"EKO MS-80\/60\/40 Piranometr \u00fc\u00e7\u00fcn MV-01 ventilyatoru - GeoClimate.ge","og_description":"Sifari\u015f n\u00f6mr\u0259si S64060","og_url":"https:\/\/geoclimate.ge\/az\/product\/ventilator-mv-01-for-eko-ms-806040-pyranometer\/","og_site_name":"GeoClimate.ge","article_modified_time":"2025-05-14T20:47:57+00:00","og_image":[{"width":490,"height":490,"url":"https:\/\/geoclimate.ge\/wp-content\/uploads\/2025\/05\/ventilator-eko-mv-01.jpg__490x490_q85_crop_subsampling-2_upscale.jpg","type":"image\/jpeg"}],"twitter_card":"summary_large_image","twitter_misc":{"Est. reading time":"1 minute"},"schema":{"@context":"https:\/\/schema.org","@graph":[{"@type":"WebPage","@id":"https:\/\/geoclimate.ge\/az\/product\/ventilator-mv-01-for-eko-ms-806040-pyranometer\/","url":"https:\/\/geoclimate.ge\/az\/product\/ventilator-mv-01-for-eko-ms-806040-pyranometer\/","name":"EKO MS-80\/60\/40 Piranometr \u00fc\u00e7\u00fcn MV-01 ventilyatoru - GeoClimate.ge","isPartOf":{"@id":"https:\/\/geoclimate.ge\/#website"},"primaryImageOfPage":{"@id":"https:\/\/geoclimate.ge\/az\/product\/ventilator-mv-01-for-eko-ms-806040-pyranometer\/#primaryimage"},"image":{"@id":"https:\/\/geoclimate.ge\/az\/product\/ventilator-mv-01-for-eko-ms-806040-pyranometer\/#primaryimage"},"thumbnailUrl":"https:\/\/geoclimate.ge\/wp-content\/uploads\/2025\/05\/ventilator-eko-mv-01.jpg__490x490_q85_crop_subsampling-2_upscale.jpg","datePublished":"2025-05-14T20:40:32+00:00","dateModified":"2025-05-14T20:47:57+00:00","breadcrumb":{"@id":"https:\/\/geoclimate.ge\/az\/product\/ventilator-mv-01-for-eko-ms-806040-pyranometer\/#breadcrumb"},"inLanguage":"az","potentialAction":[{"@type":"ReadAction","target":["https:\/\/geoclimate.ge\/az\/product\/ventilator-mv-01-for-eko-ms-806040-pyranometer\/"]}]},{"@type":"ImageObject","inLanguage":"az","@id":"https:\/\/geoclimate.ge\/az\/product\/ventilator-mv-01-for-eko-ms-806040-pyranometer\/#primaryimage","url":"https:\/\/geoclimate.ge\/wp-content\/uploads\/2025\/05\/ventilator-eko-mv-01.jpg__490x490_q85_crop_subsampling-2_upscale.jpg","contentUrl":"https:\/\/geoclimate.ge\/wp-content\/uploads\/2025\/05\/ventilator-eko-mv-01.jpg__490x490_q85_crop_subsampling-2_upscale.jpg","width":490,"height":490},{"@type":"BreadcrumbList","@id":"https:\/\/geoclimate.ge\/az\/product\/ventilator-mv-01-for-eko-ms-806040-pyranometer\/#breadcrumb","itemListElement":[{"@type":"ListItem","position":1,"name":"Home","item":"https:\/\/geoclimate.ge\/az\/"},{"@type":"ListItem","position":2,"name":"M\u0259hsullar","item":"https:\/\/geoclimate.ge\/az\/products\/"},{"@type":"ListItem","position":3,"name":"EKO MS-80\/60\/40 Piranometr \u00fc\u00e7\u00fcn MV-01 ventilyatoru"}]},{"@type":"WebSite","@id":"https:\/\/geoclimate.ge\/#website","url":"https:\/\/geoclimate.ge\/","name":"GeoClimate","description":"","publisher":{"@id":"https:\/\/geoclimate.ge\/#organization"},"potentialAction":[{"@type":"SearchAction","target":{"@type":"EntryPoint","urlTemplate":"https:\/\/geoclimate.ge\/?s={search_term_string}"},"query-input":{"@type":"PropertyValueSpecification","valueRequired":true,"valueName":"search_term_string"}}],"inLanguage":"az"},{"@type":"Organization","@id":"https:\/\/geoclimate.ge\/#organization","name":"GeoClimate","url":"https:\/\/geoclimate.ge\/","logo":{"@type":"ImageObject","inLanguage":"az","@id":"https:\/\/geoclimate.ge\/#\/schema\/logo\/image\/","url":"https:\/\/geoclimate.ge\/wp-content\/uploads\/2026\/03\/geoclimate-SEO.png","contentUrl":"https:\/\/geoclimate.ge\/wp-content\/uploads\/2026\/03\/geoclimate-SEO.png","width":1536,"height":1024,"caption":"GeoClimate"},"image":{"@id":"https:\/\/geoclimate.ge\/#\/schema\/logo\/image\/"}}]}},"_links":{"self":[{"href":"https:\/\/geoclimate.ge\/az\/wp-json\/wp\/v2\/product\/31658","targetHints":{"allow":["GET"]}}],"collection":[{"href":"https:\/\/geoclimate.ge\/az\/wp-json\/wp\/v2\/product"}],"about":[{"href":"https:\/\/geoclimate.ge\/az\/wp-json\/wp\/v2\/types\/product"}],"wp:featuredmedia":[{"embeddable":true,"href":"https:\/\/geoclimate.ge\/az\/wp-json\/wp\/v2\/media\/31653"}],"wp:attachment":[{"href":"https:\/\/geoclimate.ge\/az\/wp-json\/wp\/v2\/media?parent=31658"}],"wp:term":[{"taxonomy":"product_brand","embeddable":true,"href":"https:\/\/geoclimate.ge\/az\/wp-json\/wp\/v2\/product_brand?post=31658"},{"taxonomy":"product_cat","embeddable":true,"href":"https:\/\/geoclimate.ge\/az\/wp-json\/wp\/v2\/product_cat?post=31658"},{"taxonomy":"product_tag","embeddable":true,"href":"https:\/\/geoclimate.ge\/az\/wp-json\/wp\/v2\/product_tag?post=31658"}],"curies":[{"name":"wp","href":"https:\/\/api.w.org\/{rel}","templated":true}]}}