{"id":31702,"date":"2025-05-17T14:24:45","date_gmt":"2025-05-17T10:24:45","guid":{"rendered":"https:\/\/airsystems.ge\/shop\/product\/solar-protection-for-meteolaser-lidar\/"},"modified":"2025-05-17T14:29:47","modified_gmt":"2025-05-17T10:29:47","slug":"solar-protection-for-meteolaser-lidar","status":"publish","type":"product","link":"https:\/\/geoclimate.ge\/az\/product\/solar-protection-for-meteolaser-lidar\/","title":{"rendered":"MeteoLaser LiDAR \u00fc\u00e7\u00fcn g\u00fcn\u0259\u015fd\u0259n qorunma"},"content":{"rendered":"<p><strong>MeteoLaser LiDAR \u00fc\u00e7\u00fcn g\u00fcn\u0259\u015f i\u015f\u0131\u011f\u0131ndan qorunma t\u0259min edir<\/strong><\/p>\n<ul>\n<li>MeteoLaser LiDAR-da g\u00fcn\u0259\u015f radiasiyas\u0131n\u0131n birba\u015fa t\u0259sirind\u0259n \u00e7\u0259kinin<br \/>\nH\u0259ddind\u0259n art\u0131q ma\u015f\u0131n temperaturundan \u00e7\u0259kinin<br \/>\nEnerji istehlak\u0131n\u0131 azaltmaq \u00fc\u00e7\u00fcn fan\u0131n i\u015f\u0259 sal\u0131nmas\u0131n\u0131 azald\u0131n<\/li>\n<\/ul>\n<table border=\"1\" cellspacing=\"1\" cellpadding=\"1\">\n<thead>\n<tr>\n<th scope=\"col\">Characteristic<\/th>\n<th scope=\"col\">Description<\/th>\n<\/tr>\n<\/thead>\n<tbody>\n<tr>\n<td>Weight<\/td>\n<td>4 kg<\/td>\n<\/tr>\n<tr>\n<td>Dimensions (LxWxH)<\/td>\n<td>54 x 45 x 44.1 cm<\/td>\n<\/tr>\n<tr>\n<td>Material<\/td>\n<td>Aluminium alloy<\/td>\n<\/tr>\n<\/tbody>\n<\/table>\n","protected":false},"excerpt":{"rendered":"<h3>Order number<\/h3>\n<p>S97030<\/p>\n","protected":false},"featured_media":31691,"template":"","meta":[],"product_brand":[],"product_cat":[1510,1504],"product_tag":[],"class_list":{"0":"post-31702","1":"product","2":"type-product","3":"status-publish","4":"has-post-thumbnail","6":"product_cat-lidar-az-2","7":"product_cat-lidar-uzaqdan-zondlama-mhsullari","9":"first","10":"instock","11":"shipping-taxable","12":"product-type-simple"},"yoast_head":"<!-- This site is optimized with the Yoast SEO plugin v27.1.1 - https:\/\/yoast.com\/product\/yoast-seo-wordpress\/ -->\n<title>MeteoLaser LiDAR \u00fc\u00e7\u00fcn g\u00fcn\u0259\u015fd\u0259n qorunma - GeoClimate.ge<\/title>\n<meta name=\"robots\" content=\"index, follow, max-snippet:-1, max-image-preview:large, max-video-preview:-1\" \/>\n<link rel=\"canonical\" href=\"https:\/\/geoclimate.ge\/az\/product\/solar-protection-for-meteolaser-lidar\/\" \/>\n<meta property=\"og:locale\" content=\"az_AZ\" \/>\n<meta property=\"og:type\" content=\"article\" \/>\n<meta property=\"og:title\" content=\"MeteoLaser LiDAR \u00fc\u00e7\u00fcn g\u00fcn\u0259\u015fd\u0259n qorunma - GeoClimate.ge\" \/>\n<meta property=\"og:description\" content=\"Order number S97030\" \/>\n<meta property=\"og:url\" content=\"https:\/\/geoclimate.ge\/az\/product\/solar-protection-for-meteolaser-lidar\/\" \/>\n<meta property=\"og:site_name\" content=\"GeoClimate.ge\" \/>\n<meta property=\"article:modified_time\" content=\"2025-05-17T10:29:47+00:00\" \/>\n<meta property=\"og:image\" content=\"https:\/\/geoclimate.ge\/wp-content\/uploads\/2025\/05\/solar_protection_for_lidar_web_5.png__490x490_q85_crop_subsampling-2_upscale.png\" \/>\n\t<meta property=\"og:image:width\" content=\"490\" \/>\n\t<meta property=\"og:image:height\" content=\"490\" \/>\n\t<meta property=\"og:image:type\" content=\"image\/png\" \/>\n<meta name=\"twitter:card\" content=\"summary_large_image\" \/>\n<script type=\"application\/ld+json\" class=\"yoast-schema-graph\">{\"@context\":\"https:\/\/schema.org\",\"@graph\":[{\"@type\":\"WebPage\",\"@id\":\"https:\/\/geoclimate.ge\/az\/product\/solar-protection-for-meteolaser-lidar\/\",\"url\":\"https:\/\/geoclimate.ge\/az\/product\/solar-protection-for-meteolaser-lidar\/\",\"name\":\"MeteoLaser LiDAR \u00fc\u00e7\u00fcn g\u00fcn\u0259\u015fd\u0259n qorunma - GeoClimate.ge\",\"isPartOf\":{\"@id\":\"https:\/\/geoclimate.ge\/#website\"},\"primaryImageOfPage\":{\"@id\":\"https:\/\/geoclimate.ge\/az\/product\/solar-protection-for-meteolaser-lidar\/#primaryimage\"},\"image\":{\"@id\":\"https:\/\/geoclimate.ge\/az\/product\/solar-protection-for-meteolaser-lidar\/#primaryimage\"},\"thumbnailUrl\":\"https:\/\/geoclimate.ge\/wp-content\/uploads\/2025\/05\/solar_protection_for_lidar_web_5.png__490x490_q85_crop_subsampling-2_upscale.png\",\"datePublished\":\"2025-05-17T10:24:45+00:00\",\"dateModified\":\"2025-05-17T10:29:47+00:00\",\"breadcrumb\":{\"@id\":\"https:\/\/geoclimate.ge\/az\/product\/solar-protection-for-meteolaser-lidar\/#breadcrumb\"},\"inLanguage\":\"az\",\"potentialAction\":[{\"@type\":\"ReadAction\",\"target\":[\"https:\/\/geoclimate.ge\/az\/product\/solar-protection-for-meteolaser-lidar\/\"]}]},{\"@type\":\"ImageObject\",\"inLanguage\":\"az\",\"@id\":\"https:\/\/geoclimate.ge\/az\/product\/solar-protection-for-meteolaser-lidar\/#primaryimage\",\"url\":\"https:\/\/geoclimate.ge\/wp-content\/uploads\/2025\/05\/solar_protection_for_lidar_web_5.png__490x490_q85_crop_subsampling-2_upscale.png\",\"contentUrl\":\"https:\/\/geoclimate.ge\/wp-content\/uploads\/2025\/05\/solar_protection_for_lidar_web_5.png__490x490_q85_crop_subsampling-2_upscale.png\",\"width\":490,\"height\":490},{\"@type\":\"BreadcrumbList\",\"@id\":\"https:\/\/geoclimate.ge\/az\/product\/solar-protection-for-meteolaser-lidar\/#breadcrumb\",\"itemListElement\":[{\"@type\":\"ListItem\",\"position\":1,\"name\":\"Home\",\"item\":\"https:\/\/geoclimate.ge\/az\/\"},{\"@type\":\"ListItem\",\"position\":2,\"name\":\"M\u0259hsullar\",\"item\":\"https:\/\/geoclimate.ge\/az\/products\/\"},{\"@type\":\"ListItem\",\"position\":3,\"name\":\"MeteoLaser LiDAR \u00fc\u00e7\u00fcn g\u00fcn\u0259\u015fd\u0259n qorunma\"}]},{\"@type\":\"WebSite\",\"@id\":\"https:\/\/geoclimate.ge\/#website\",\"url\":\"https:\/\/geoclimate.ge\/\",\"name\":\"GeoClimate\",\"description\":\"\",\"publisher\":{\"@id\":\"https:\/\/geoclimate.ge\/#organization\"},\"potentialAction\":[{\"@type\":\"SearchAction\",\"target\":{\"@type\":\"EntryPoint\",\"urlTemplate\":\"https:\/\/geoclimate.ge\/?s={search_term_string}\"},\"query-input\":{\"@type\":\"PropertyValueSpecification\",\"valueRequired\":true,\"valueName\":\"search_term_string\"}}],\"inLanguage\":\"az\"},{\"@type\":\"Organization\",\"@id\":\"https:\/\/geoclimate.ge\/#organization\",\"name\":\"GeoClimate\",\"url\":\"https:\/\/geoclimate.ge\/\",\"logo\":{\"@type\":\"ImageObject\",\"inLanguage\":\"az\",\"@id\":\"https:\/\/geoclimate.ge\/#\/schema\/logo\/image\/\",\"url\":\"https:\/\/geoclimate.ge\/wp-content\/uploads\/2026\/03\/geoclimate-SEO.png\",\"contentUrl\":\"https:\/\/geoclimate.ge\/wp-content\/uploads\/2026\/03\/geoclimate-SEO.png\",\"width\":1536,\"height\":1024,\"caption\":\"GeoClimate\"},\"image\":{\"@id\":\"https:\/\/geoclimate.ge\/#\/schema\/logo\/image\/\"}}]}<\/script>\n<!-- \/ Yoast SEO plugin. -->","yoast_head_json":{"title":"MeteoLaser LiDAR \u00fc\u00e7\u00fcn g\u00fcn\u0259\u015fd\u0259n qorunma - GeoClimate.ge","robots":{"index":"index","follow":"follow","max-snippet":"max-snippet:-1","max-image-preview":"max-image-preview:large","max-video-preview":"max-video-preview:-1"},"canonical":"https:\/\/geoclimate.ge\/az\/product\/solar-protection-for-meteolaser-lidar\/","og_locale":"az_AZ","og_type":"article","og_title":"MeteoLaser LiDAR \u00fc\u00e7\u00fcn g\u00fcn\u0259\u015fd\u0259n qorunma - GeoClimate.ge","og_description":"Order number S97030","og_url":"https:\/\/geoclimate.ge\/az\/product\/solar-protection-for-meteolaser-lidar\/","og_site_name":"GeoClimate.ge","article_modified_time":"2025-05-17T10:29:47+00:00","og_image":[{"width":490,"height":490,"url":"https:\/\/geoclimate.ge\/wp-content\/uploads\/2025\/05\/solar_protection_for_lidar_web_5.png__490x490_q85_crop_subsampling-2_upscale.png","type":"image\/png"}],"twitter_card":"summary_large_image","schema":{"@context":"https:\/\/schema.org","@graph":[{"@type":"WebPage","@id":"https:\/\/geoclimate.ge\/az\/product\/solar-protection-for-meteolaser-lidar\/","url":"https:\/\/geoclimate.ge\/az\/product\/solar-protection-for-meteolaser-lidar\/","name":"MeteoLaser LiDAR \u00fc\u00e7\u00fcn g\u00fcn\u0259\u015fd\u0259n qorunma - GeoClimate.ge","isPartOf":{"@id":"https:\/\/geoclimate.ge\/#website"},"primaryImageOfPage":{"@id":"https:\/\/geoclimate.ge\/az\/product\/solar-protection-for-meteolaser-lidar\/#primaryimage"},"image":{"@id":"https:\/\/geoclimate.ge\/az\/product\/solar-protection-for-meteolaser-lidar\/#primaryimage"},"thumbnailUrl":"https:\/\/geoclimate.ge\/wp-content\/uploads\/2025\/05\/solar_protection_for_lidar_web_5.png__490x490_q85_crop_subsampling-2_upscale.png","datePublished":"2025-05-17T10:24:45+00:00","dateModified":"2025-05-17T10:29:47+00:00","breadcrumb":{"@id":"https:\/\/geoclimate.ge\/az\/product\/solar-protection-for-meteolaser-lidar\/#breadcrumb"},"inLanguage":"az","potentialAction":[{"@type":"ReadAction","target":["https:\/\/geoclimate.ge\/az\/product\/solar-protection-for-meteolaser-lidar\/"]}]},{"@type":"ImageObject","inLanguage":"az","@id":"https:\/\/geoclimate.ge\/az\/product\/solar-protection-for-meteolaser-lidar\/#primaryimage","url":"https:\/\/geoclimate.ge\/wp-content\/uploads\/2025\/05\/solar_protection_for_lidar_web_5.png__490x490_q85_crop_subsampling-2_upscale.png","contentUrl":"https:\/\/geoclimate.ge\/wp-content\/uploads\/2025\/05\/solar_protection_for_lidar_web_5.png__490x490_q85_crop_subsampling-2_upscale.png","width":490,"height":490},{"@type":"BreadcrumbList","@id":"https:\/\/geoclimate.ge\/az\/product\/solar-protection-for-meteolaser-lidar\/#breadcrumb","itemListElement":[{"@type":"ListItem","position":1,"name":"Home","item":"https:\/\/geoclimate.ge\/az\/"},{"@type":"ListItem","position":2,"name":"M\u0259hsullar","item":"https:\/\/geoclimate.ge\/az\/products\/"},{"@type":"ListItem","position":3,"name":"MeteoLaser LiDAR \u00fc\u00e7\u00fcn g\u00fcn\u0259\u015fd\u0259n qorunma"}]},{"@type":"WebSite","@id":"https:\/\/geoclimate.ge\/#website","url":"https:\/\/geoclimate.ge\/","name":"GeoClimate","description":"","publisher":{"@id":"https:\/\/geoclimate.ge\/#organization"},"potentialAction":[{"@type":"SearchAction","target":{"@type":"EntryPoint","urlTemplate":"https:\/\/geoclimate.ge\/?s={search_term_string}"},"query-input":{"@type":"PropertyValueSpecification","valueRequired":true,"valueName":"search_term_string"}}],"inLanguage":"az"},{"@type":"Organization","@id":"https:\/\/geoclimate.ge\/#organization","name":"GeoClimate","url":"https:\/\/geoclimate.ge\/","logo":{"@type":"ImageObject","inLanguage":"az","@id":"https:\/\/geoclimate.ge\/#\/schema\/logo\/image\/","url":"https:\/\/geoclimate.ge\/wp-content\/uploads\/2026\/03\/geoclimate-SEO.png","contentUrl":"https:\/\/geoclimate.ge\/wp-content\/uploads\/2026\/03\/geoclimate-SEO.png","width":1536,"height":1024,"caption":"GeoClimate"},"image":{"@id":"https:\/\/geoclimate.ge\/#\/schema\/logo\/image\/"}}]}},"_links":{"self":[{"href":"https:\/\/geoclimate.ge\/az\/wp-json\/wp\/v2\/product\/31702","targetHints":{"allow":["GET"]}}],"collection":[{"href":"https:\/\/geoclimate.ge\/az\/wp-json\/wp\/v2\/product"}],"about":[{"href":"https:\/\/geoclimate.ge\/az\/wp-json\/wp\/v2\/types\/product"}],"wp:featuredmedia":[{"embeddable":true,"href":"https:\/\/geoclimate.ge\/az\/wp-json\/wp\/v2\/media\/31691"}],"wp:attachment":[{"href":"https:\/\/geoclimate.ge\/az\/wp-json\/wp\/v2\/media?parent=31702"}],"wp:term":[{"taxonomy":"product_brand","embeddable":true,"href":"https:\/\/geoclimate.ge\/az\/wp-json\/wp\/v2\/product_brand?post=31702"},{"taxonomy":"product_cat","embeddable":true,"href":"https:\/\/geoclimate.ge\/az\/wp-json\/wp\/v2\/product_cat?post=31702"},{"taxonomy":"product_tag","embeddable":true,"href":"https:\/\/geoclimate.ge\/az\/wp-json\/wp\/v2\/product_tag?post=31702"}],"curies":[{"name":"wp","href":"https:\/\/api.w.org\/{rel}","templated":true}]}}