{"id":31715,"date":"2025-05-17T17:08:12","date_gmt":"2025-05-17T13:08:12","guid":{"rendered":"https:\/\/airsystems.ge\/shop\/product\/solar-and-fuel-cell-power-supply-trailer\/"},"modified":"2025-05-17T17:19:23","modified_gmt":"2025-05-17T13:19:23","slug":"solar-and-fuel-cell-power-supply-trailer","status":"publish","type":"product","link":"https:\/\/geoclimate.ge\/az\/product\/solar-and-fuel-cell-power-supply-trailer\/","title":{"rendered":"G\u00fcn\u0259\u015f v\u0259 Yanacaq H\u00fcceyr\u0259sinin Enerji T\u0259chizat\u0131 Treyleri"},"content":{"rendered":"<ul>\n<li>Bir qo\u015fquda qura\u015fd\u0131r\u0131lm\u0131\u015f Lidar \u00fc\u00e7\u00fcn g\u00fcn\u0259\u015f v\u0259 yanacaq elementi enerji t\u0259chizat\u0131<br \/>\n125 Vt yanacaq elementi v\u0259 1050 Vt g\u00fcn\u0259\u015f modullar\u0131n\u0131 440 Ah 24 V g\u00fccl\u00fc batareyalarla birl\u0259\u015fdir\u0259n hibrid h\u0259ll<br \/>\nQo\u015fqunun i\u00e7\u0259risind\u0259 LiDAR cihaz\u0131 \u00fc\u00e7\u00fcn yer<\/li>\n<\/ul>\n<p>M\u00fcst\u0259qil enerji t\u0259chizat\u0131 sistemi x\u00fcsusil\u0259 LiDAR cihaz\u0131n\u0131 t\u0259chiz etm\u0259k v\u0259 yerl\u0259\u015fdirm\u0259k \u00fc\u00e7\u00fcn haz\u0131rlanm\u0131\u015fd\u0131r. Enerji t\u0259chizat\u0131 sistemi yaln\u0131z g\u00fcn\u0259\u015f i\u015f\u0131\u011f\u0131n\u0131n az oldu\u011fu artik \u015f\u0259rtl\u0259r istisna olmaqla, b\u00fct\u00fcn iqliml\u0259r \u00fc\u00e7\u00fcn t\u00f6vsiy\u0259 olunur. Sistem g\u00fccl\u00fc Metanol \u0259sasl\u0131 EFOY Pro yanacaq elementini v\u0259 \u00fc\u00e7 g\u00fcn\u0259\u015f modulunu birl\u0259\u015fdirir. Sistem iki 28 litrlik yanacaq h\u00fcceyr\u0259si patronu il\u0259 t\u0259chiz edilmi\u015fdir.<\/p>\n<p>EFOY Pro yanacaq elementini izl\u0259m\u0259k v\u0259 idar\u0259 etm\u0259k \u00fc\u00e7\u00fcn Netbiter modemi qura\u015fd\u0131r\u0131lm\u0131\u015fd\u0131r. Bel\u0259likl\u0259, modem cari sistem m\u0259lumatlar\u0131n\u0131 veb g\u00f6r\u00fcnt\u00fcl\u0259yiciy\u0259 g\u00f6nd\u0259rir. Tezlik veb g\u00f6r\u00fcnt\u00fcl\u0259yici vasit\u0259sil\u0259 konfiqurasiya edil\u0259 bil\u0259r. A\u015fa\u011f\u0131 yanacaq v\u0259 ya a\u015fa\u011f\u0131 batareya g\u0259rginliyi kimi h\u0259y\u0259can siqnallar\u0131 konfiqurasiya edil\u0259 bil\u0259r. Bel\u0259likl\u0259, h\u0259y\u0259can siqnallar\u0131 i\u015f\u0259 sal\u0131nd\u0131qda sistem avtomatik olaraq e-po\u00e7t v\u0259 ya SMS vasit\u0259sil\u0259 m\u0259lumat verir.<\/p>\n<p>Treyler LiDAR cihaz\u0131n\u0131 yerl\u0259\u015fdirm\u0259k \u00fc\u00e7\u00fcn n\u0259z\u0259rd\u0259 tutulub. MeteoLaser, ZX v\u0259 Windcube kimi bazarda \u0259ks\u0259r LiDAR il\u0259 i\u015fl\u0259yir. Onun yuxar\u0131 hiss\u0259sind\u0259 lazer \u015f\u00fcas\u0131 \u00fc\u00e7\u00fcn \u00e7\u0131xar\u0131la bil\u0259n lyuk var.<\/p>\n<p>\u00c7ox uzaq \u0259razil\u0259rd\u0259 qo\u015fqu qay\u0131\u015flar v\u0259 ya qald\u0131r\u0131c\u0131 m\u00f6t\u0259riz\u0259l\u0259rd\u0259n (iste\u011fe ba\u011fl\u0131) istifad\u0259 ed\u0259r\u0259k vertolyotla k\u00f6\u00e7\u00fcr\u00fcl\u0259 bil\u0259r.<\/p>\n<table border=\"1\" width=\"689\" cellspacing=\"1\" cellpadding=\"1\">\n<thead>\n<tr>\n<th scope=\"col\">Characteristic<\/th>\n<th scope=\"col\">Description<\/th>\n<\/tr>\n<\/thead>\n<tbody>\n<tr>\n<td>DC Power supply for LiDAR<\/td>\n<td>24 V DC power supply installed in flight case<\/td>\n<\/tr>\n<tr>\n<td>Power consumption range<\/td>\n<td>30 &#8211; 90 W<\/td>\n<\/tr>\n<tr>\n<td>Power supply for the LiDAR<\/td>\n<td>24 V DC with stabilized DC\/DC converter<\/td>\n<\/tr>\n<tr>\n<td>Battery bank<\/td>\n<td>440 Ah \/ 24 V\u00a0 (4 x 220 Ah 12 V AGN)<br \/>\nWeight: 280 kg<br \/>\nBattery guard<br \/>\nNote: Battery bank can easily be removed for transport by helicopter.<\/td>\n<\/tr>\n<tr>\n<td>Solar supply<\/td>\n<td>3 modules @ 350 W \/ 24 V (Total: 1050 W)<br \/>\nSolar panels wattage may deviate by \u00b110%.<br \/>\nBlue Solar MPPT 150\/35 solar charger<\/td>\n<\/tr>\n<tr>\n<td><\/td>\n<td>Switch for battery bank &amp; solar panels<\/td>\n<\/tr>\n<tr>\n<td>Remote control<\/td>\n<td>WEB based monitoring &amp; control system (Interface) from Netbiter via GSM-2-GPIO modem (quad-band) including antenna<\/td>\n<\/tr>\n<tr>\n<td><\/td>\n<td>Remote control of power supply (on &amp; off)<\/td>\n<\/tr>\n<tr>\n<td>Extra AC power supply (for Laptop) as an option<\/td>\n<td>24-375 W inverter<\/td>\n<\/tr>\n<\/tbody>\n<\/table>\n<p>&nbsp;<\/p>\n<table border=\"1\" width=\"689\" cellspacing=\"1\" cellpadding=\"1\">\n<thead>\n<tr>\n<th colspan=\"2\" scope=\"col\">Fuel cell<\/th>\n<\/tr>\n<tr>\n<td>Type<\/td>\n<td>EFOY Pro 2800 125 W<\/td>\n<\/tr>\n<tr>\n<td>Power output<\/td>\n<td>125 W<\/td>\n<\/tr>\n<tr>\n<td>Nominal voltage<\/td>\n<td>24 V<\/td>\n<\/tr>\n<tr>\n<td>Nominal Methanol consumption<\/td>\n<td>0.9 liters\/kWh<\/td>\n<\/tr>\n<tr>\n<td>Classification of Methanol<\/td>\n<td>Index: 603-00100-X;\u00a0 EINECS, ELINCS, NLP: 200-659-6; CAS 67-56-1<\/td>\n<\/tr>\n<tr>\n<td>Fuel cell cartridge<\/td>\n<td>2x 28 liters Methanol, M28 cartridge (2 x M28 adapter)<\/td>\n<\/tr>\n<tr>\n<td>Fuel cell cartridge capacity<\/td>\n<td>62.2 kWh @ 56 liters Methanol<\/td>\n<\/tr>\n<\/thead>\n<\/table>\n<p>&nbsp;<\/p>\n<table border=\"1\" width=\"689\" cellspacing=\"1\" cellpadding=\"1\">\n<thead>\n<tr>\n<th colspan=\"2\" scope=\"col\">Information on ingredients &#8211; Fuel cartridge M28<\/th>\n<\/tr>\n<tr>\n<td>Methanol<\/td>\n<td>Substance for which an EU exposure limit value applies<\/td>\n<\/tr>\n<tr>\n<td>Registration number (REACH)<\/td>\n<td>&#8212;<\/td>\n<\/tr>\n<tr>\n<td>Index<\/td>\n<td>603-001-00-X<\/td>\n<\/tr>\n<tr>\n<td>ENIECS, ELINCS, NLP<\/td>\n<td>200-659-6<\/td>\n<\/tr>\n<tr>\n<td>CAS<\/td>\n<td>67-56-1<\/td>\n<\/tr>\n<tr>\n<td>Classification acc. to Directive 67\/548\/EEC<\/td>\n<td>Highly flammable, F, R11<br \/>\nToxic, T, R23\/24\/25<br \/>\nToxic, T, R39\/23\/24\/25<\/td>\n<\/tr>\n<tr>\n<td>Classification acc. to Regulation (EC) 1272\/2008 (CLP)<\/td>\n<td>Flam. Liq. 2, H225<br \/>\nAcute Tox. 3, H331<br \/>\nAcute Tox. 3, H311<br \/>\nAcute Tox. 3, H301<br \/>\nSTOT SE 1, H370<\/td>\n<\/tr>\n<\/thead>\n<\/table>\n<p>&nbsp;<\/p>\n<table border=\"1\" width=\"689\" cellspacing=\"1\" cellpadding=\"1\">\n<thead>\n<tr>\n<th colspan=\"2\" scope=\"col\"><span style=\"font-weight: 400;\">Trailer adapted for the LiDAR<\/span><\/th>\n<\/tr>\n<tr>\n<td>Equipment<\/td>\n<td>Roof hatch<br \/>\nBracket for LiDAR<br \/>\nWater Drain<\/td>\n<\/tr>\n<tr>\n<td>Accessories<\/td>\n<td>4 x support legs with flanges<br \/>\nManual fire extinguisher<br \/>\nSpare wheel<br \/>\nManual &amp; documentation<\/td>\n<\/tr>\n<tr>\n<td>Operating temperature<\/td>\n<td>0 &#8230; 35 \u00b0C<\/td>\n<\/tr>\n<tr>\n<td>Total dimensions<\/td>\n<td>3.78 m x 1.81 m x 2.11 m (length x width x height)<\/td>\n<\/tr>\n<tr>\n<td>Total weight<\/td>\n<td>approx. 850 kg<\/td>\n<\/tr>\n<tr>\n<td>Manufacturer of Trailer<\/td>\n<td>Humbaur (Germany)<\/td>\n<\/tr>\n<\/thead>\n<\/table>\n","protected":false},"excerpt":{"rendered":"<h3>Sifari\u015f n\u00f6mr\u0259si<\/h3>\n<p>M58602<\/p>\n","protected":false},"featured_media":31710,"template":"","meta":[],"product_brand":[],"product_cat":[1336,1516,1504],"product_tag":[],"class_list":{"0":"post-31715","1":"product","2":"type-product","3":"status-publish","4":"has-post-thumbnail","6":"product_cat-brpa-olunan-enerji-kulk-v-guns-enerjisi-olcusu-az","7":"product_cat-guc-hllri","8":"product_cat-lidar-uzaqdan-zondlama-mhsullari","10":"first","11":"instock","12":"shipping-taxable","13":"product-type-simple"},"yoast_head":"<!-- This site is optimized with the Yoast SEO plugin v27.1.1 - https:\/\/yoast.com\/product\/yoast-seo-wordpress\/ -->\n<title>G\u00fcn\u0259\u015f v\u0259 Yanacaq H\u00fcceyr\u0259sinin Enerji T\u0259chizat\u0131 Treyleri - GeoClimate.ge<\/title>\n<meta name=\"robots\" content=\"index, follow, max-snippet:-1, max-image-preview:large, max-video-preview:-1\" \/>\n<link rel=\"canonical\" href=\"https:\/\/geoclimate.ge\/az\/product\/solar-and-fuel-cell-power-supply-trailer\/\" \/>\n<meta property=\"og:locale\" content=\"az_AZ\" \/>\n<meta property=\"og:type\" content=\"article\" \/>\n<meta property=\"og:title\" content=\"G\u00fcn\u0259\u015f v\u0259 Yanacaq H\u00fcceyr\u0259sinin Enerji T\u0259chizat\u0131 Treyleri - GeoClimate.ge\" \/>\n<meta property=\"og:description\" content=\"Sifari\u015f n\u00f6mr\u0259si M58602\" \/>\n<meta property=\"og:url\" content=\"https:\/\/geoclimate.ge\/az\/product\/solar-and-fuel-cell-power-supply-trailer\/\" \/>\n<meta property=\"og:site_name\" content=\"GeoClimate.ge\" \/>\n<meta property=\"article:modified_time\" content=\"2025-05-17T13:19:23+00:00\" \/>\n<meta property=\"og:image\" content=\"https:\/\/geoclimate.ge\/wp-content\/uploads\/2025\/05\/fuel_cell_power_supply_trailer_system_m58602.jpg__490x490_q85_crop_subsampling-2_upscale.jpg\" \/>\n\t<meta property=\"og:image:width\" content=\"490\" \/>\n\t<meta property=\"og:image:height\" content=\"490\" \/>\n\t<meta property=\"og:image:type\" content=\"image\/jpeg\" \/>\n<meta name=\"twitter:card\" content=\"summary_large_image\" \/>\n<meta name=\"twitter:label1\" content=\"Est. reading time\" \/>\n\t<meta name=\"twitter:data1\" content=\"3 minutes\" \/>\n<script type=\"application\/ld+json\" class=\"yoast-schema-graph\">{\"@context\":\"https:\/\/schema.org\",\"@graph\":[{\"@type\":\"WebPage\",\"@id\":\"https:\/\/geoclimate.ge\/az\/product\/solar-and-fuel-cell-power-supply-trailer\/\",\"url\":\"https:\/\/geoclimate.ge\/az\/product\/solar-and-fuel-cell-power-supply-trailer\/\",\"name\":\"G\u00fcn\u0259\u015f v\u0259 Yanacaq H\u00fcceyr\u0259sinin Enerji T\u0259chizat\u0131 Treyleri - GeoClimate.ge\",\"isPartOf\":{\"@id\":\"https:\/\/geoclimate.ge\/#website\"},\"primaryImageOfPage\":{\"@id\":\"https:\/\/geoclimate.ge\/az\/product\/solar-and-fuel-cell-power-supply-trailer\/#primaryimage\"},\"image\":{\"@id\":\"https:\/\/geoclimate.ge\/az\/product\/solar-and-fuel-cell-power-supply-trailer\/#primaryimage\"},\"thumbnailUrl\":\"https:\/\/geoclimate.ge\/wp-content\/uploads\/2025\/05\/fuel_cell_power_supply_trailer_system_m58602.jpg__490x490_q85_crop_subsampling-2_upscale.jpg\",\"datePublished\":\"2025-05-17T13:08:12+00:00\",\"dateModified\":\"2025-05-17T13:19:23+00:00\",\"breadcrumb\":{\"@id\":\"https:\/\/geoclimate.ge\/az\/product\/solar-and-fuel-cell-power-supply-trailer\/#breadcrumb\"},\"inLanguage\":\"az\",\"potentialAction\":[{\"@type\":\"ReadAction\",\"target\":[\"https:\/\/geoclimate.ge\/az\/product\/solar-and-fuel-cell-power-supply-trailer\/\"]}]},{\"@type\":\"ImageObject\",\"inLanguage\":\"az\",\"@id\":\"https:\/\/geoclimate.ge\/az\/product\/solar-and-fuel-cell-power-supply-trailer\/#primaryimage\",\"url\":\"https:\/\/geoclimate.ge\/wp-content\/uploads\/2025\/05\/fuel_cell_power_supply_trailer_system_m58602.jpg__490x490_q85_crop_subsampling-2_upscale.jpg\",\"contentUrl\":\"https:\/\/geoclimate.ge\/wp-content\/uploads\/2025\/05\/fuel_cell_power_supply_trailer_system_m58602.jpg__490x490_q85_crop_subsampling-2_upscale.jpg\",\"width\":490,\"height\":490},{\"@type\":\"BreadcrumbList\",\"@id\":\"https:\/\/geoclimate.ge\/az\/product\/solar-and-fuel-cell-power-supply-trailer\/#breadcrumb\",\"itemListElement\":[{\"@type\":\"ListItem\",\"position\":1,\"name\":\"Home\",\"item\":\"https:\/\/geoclimate.ge\/az\/\"},{\"@type\":\"ListItem\",\"position\":2,\"name\":\"M\u0259hsullar\",\"item\":\"https:\/\/geoclimate.ge\/az\/products\/\"},{\"@type\":\"ListItem\",\"position\":3,\"name\":\"G\u00fcn\u0259\u015f v\u0259 Yanacaq H\u00fcceyr\u0259sinin Enerji T\u0259chizat\u0131 Treyleri\"}]},{\"@type\":\"WebSite\",\"@id\":\"https:\/\/geoclimate.ge\/#website\",\"url\":\"https:\/\/geoclimate.ge\/\",\"name\":\"GeoClimate\",\"description\":\"\",\"publisher\":{\"@id\":\"https:\/\/geoclimate.ge\/#organization\"},\"potentialAction\":[{\"@type\":\"SearchAction\",\"target\":{\"@type\":\"EntryPoint\",\"urlTemplate\":\"https:\/\/geoclimate.ge\/?s={search_term_string}\"},\"query-input\":{\"@type\":\"PropertyValueSpecification\",\"valueRequired\":true,\"valueName\":\"search_term_string\"}}],\"inLanguage\":\"az\"},{\"@type\":\"Organization\",\"@id\":\"https:\/\/geoclimate.ge\/#organization\",\"name\":\"GeoClimate\",\"url\":\"https:\/\/geoclimate.ge\/\",\"logo\":{\"@type\":\"ImageObject\",\"inLanguage\":\"az\",\"@id\":\"https:\/\/geoclimate.ge\/#\/schema\/logo\/image\/\",\"url\":\"https:\/\/geoclimate.ge\/wp-content\/uploads\/2026\/03\/geoclimate-SEO.png\",\"contentUrl\":\"https:\/\/geoclimate.ge\/wp-content\/uploads\/2026\/03\/geoclimate-SEO.png\",\"width\":1536,\"height\":1024,\"caption\":\"GeoClimate\"},\"image\":{\"@id\":\"https:\/\/geoclimate.ge\/#\/schema\/logo\/image\/\"}}]}<\/script>\n<!-- \/ Yoast SEO plugin. -->","yoast_head_json":{"title":"G\u00fcn\u0259\u015f v\u0259 Yanacaq H\u00fcceyr\u0259sinin Enerji T\u0259chizat\u0131 Treyleri - GeoClimate.ge","robots":{"index":"index","follow":"follow","max-snippet":"max-snippet:-1","max-image-preview":"max-image-preview:large","max-video-preview":"max-video-preview:-1"},"canonical":"https:\/\/geoclimate.ge\/az\/product\/solar-and-fuel-cell-power-supply-trailer\/","og_locale":"az_AZ","og_type":"article","og_title":"G\u00fcn\u0259\u015f v\u0259 Yanacaq H\u00fcceyr\u0259sinin Enerji T\u0259chizat\u0131 Treyleri - GeoClimate.ge","og_description":"Sifari\u015f n\u00f6mr\u0259si M58602","og_url":"https:\/\/geoclimate.ge\/az\/product\/solar-and-fuel-cell-power-supply-trailer\/","og_site_name":"GeoClimate.ge","article_modified_time":"2025-05-17T13:19:23+00:00","og_image":[{"width":490,"height":490,"url":"https:\/\/geoclimate.ge\/wp-content\/uploads\/2025\/05\/fuel_cell_power_supply_trailer_system_m58602.jpg__490x490_q85_crop_subsampling-2_upscale.jpg","type":"image\/jpeg"}],"twitter_card":"summary_large_image","twitter_misc":{"Est. reading time":"3 minutes"},"schema":{"@context":"https:\/\/schema.org","@graph":[{"@type":"WebPage","@id":"https:\/\/geoclimate.ge\/az\/product\/solar-and-fuel-cell-power-supply-trailer\/","url":"https:\/\/geoclimate.ge\/az\/product\/solar-and-fuel-cell-power-supply-trailer\/","name":"G\u00fcn\u0259\u015f v\u0259 Yanacaq H\u00fcceyr\u0259sinin Enerji T\u0259chizat\u0131 Treyleri - GeoClimate.ge","isPartOf":{"@id":"https:\/\/geoclimate.ge\/#website"},"primaryImageOfPage":{"@id":"https:\/\/geoclimate.ge\/az\/product\/solar-and-fuel-cell-power-supply-trailer\/#primaryimage"},"image":{"@id":"https:\/\/geoclimate.ge\/az\/product\/solar-and-fuel-cell-power-supply-trailer\/#primaryimage"},"thumbnailUrl":"https:\/\/geoclimate.ge\/wp-content\/uploads\/2025\/05\/fuel_cell_power_supply_trailer_system_m58602.jpg__490x490_q85_crop_subsampling-2_upscale.jpg","datePublished":"2025-05-17T13:08:12+00:00","dateModified":"2025-05-17T13:19:23+00:00","breadcrumb":{"@id":"https:\/\/geoclimate.ge\/az\/product\/solar-and-fuel-cell-power-supply-trailer\/#breadcrumb"},"inLanguage":"az","potentialAction":[{"@type":"ReadAction","target":["https:\/\/geoclimate.ge\/az\/product\/solar-and-fuel-cell-power-supply-trailer\/"]}]},{"@type":"ImageObject","inLanguage":"az","@id":"https:\/\/geoclimate.ge\/az\/product\/solar-and-fuel-cell-power-supply-trailer\/#primaryimage","url":"https:\/\/geoclimate.ge\/wp-content\/uploads\/2025\/05\/fuel_cell_power_supply_trailer_system_m58602.jpg__490x490_q85_crop_subsampling-2_upscale.jpg","contentUrl":"https:\/\/geoclimate.ge\/wp-content\/uploads\/2025\/05\/fuel_cell_power_supply_trailer_system_m58602.jpg__490x490_q85_crop_subsampling-2_upscale.jpg","width":490,"height":490},{"@type":"BreadcrumbList","@id":"https:\/\/geoclimate.ge\/az\/product\/solar-and-fuel-cell-power-supply-trailer\/#breadcrumb","itemListElement":[{"@type":"ListItem","position":1,"name":"Home","item":"https:\/\/geoclimate.ge\/az\/"},{"@type":"ListItem","position":2,"name":"M\u0259hsullar","item":"https:\/\/geoclimate.ge\/az\/products\/"},{"@type":"ListItem","position":3,"name":"G\u00fcn\u0259\u015f v\u0259 Yanacaq H\u00fcceyr\u0259sinin Enerji T\u0259chizat\u0131 Treyleri"}]},{"@type":"WebSite","@id":"https:\/\/geoclimate.ge\/#website","url":"https:\/\/geoclimate.ge\/","name":"GeoClimate","description":"","publisher":{"@id":"https:\/\/geoclimate.ge\/#organization"},"potentialAction":[{"@type":"SearchAction","target":{"@type":"EntryPoint","urlTemplate":"https:\/\/geoclimate.ge\/?s={search_term_string}"},"query-input":{"@type":"PropertyValueSpecification","valueRequired":true,"valueName":"search_term_string"}}],"inLanguage":"az"},{"@type":"Organization","@id":"https:\/\/geoclimate.ge\/#organization","name":"GeoClimate","url":"https:\/\/geoclimate.ge\/","logo":{"@type":"ImageObject","inLanguage":"az","@id":"https:\/\/geoclimate.ge\/#\/schema\/logo\/image\/","url":"https:\/\/geoclimate.ge\/wp-content\/uploads\/2026\/03\/geoclimate-SEO.png","contentUrl":"https:\/\/geoclimate.ge\/wp-content\/uploads\/2026\/03\/geoclimate-SEO.png","width":1536,"height":1024,"caption":"GeoClimate"},"image":{"@id":"https:\/\/geoclimate.ge\/#\/schema\/logo\/image\/"}}]}},"_links":{"self":[{"href":"https:\/\/geoclimate.ge\/az\/wp-json\/wp\/v2\/product\/31715","targetHints":{"allow":["GET"]}}],"collection":[{"href":"https:\/\/geoclimate.ge\/az\/wp-json\/wp\/v2\/product"}],"about":[{"href":"https:\/\/geoclimate.ge\/az\/wp-json\/wp\/v2\/types\/product"}],"wp:featuredmedia":[{"embeddable":true,"href":"https:\/\/geoclimate.ge\/az\/wp-json\/wp\/v2\/media\/31710"}],"wp:attachment":[{"href":"https:\/\/geoclimate.ge\/az\/wp-json\/wp\/v2\/media?parent=31715"}],"wp:term":[{"taxonomy":"product_brand","embeddable":true,"href":"https:\/\/geoclimate.ge\/az\/wp-json\/wp\/v2\/product_brand?post=31715"},{"taxonomy":"product_cat","embeddable":true,"href":"https:\/\/geoclimate.ge\/az\/wp-json\/wp\/v2\/product_cat?post=31715"},{"taxonomy":"product_tag","embeddable":true,"href":"https:\/\/geoclimate.ge\/az\/wp-json\/wp\/v2\/product_tag?post=31715"}],"curies":[{"name":"wp","href":"https:\/\/api.w.org\/{rel}","templated":true}]}}