{"id":31733,"date":"2025-05-17T17:22:54","date_gmt":"2025-05-17T13:22:54","guid":{"rendered":"https:\/\/airsystems.ge\/shop\/product\/solar-and-fuel-cell-power-pack-for-lidar\/"},"modified":"2025-05-17T17:25:58","modified_gmt":"2025-05-17T13:25:58","slug":"solar-and-fuel-cell-power-pack-for-lidar","status":"publish","type":"product","link":"https:\/\/geoclimate.ge\/az\/product\/solar-and-fuel-cell-power-pack-for-lidar\/","title":{"rendered":"LIDAR \u00fc\u00e7\u00fcn G\u00fcn\u0259\u015f v\u0259 Yanacaq H\u00fcceyr\u0259sinin Enerji Paketi"},"content":{"rendered":"<p>LiDAR cihazlar\u0131 \u00fc\u00e7\u00fcn g\u00fcn\u0259\u015f v\u0259 metanol yanacaq h\u00fcceyr\u0259si \u0259sasl\u0131 enerji t\u0259chizat\u0131<br \/>\n3 Se\u00e7im:<br \/>\nG\u00fcn\u0259\u015f v\u0259 yanacaq elementi (standart)<br \/>\nYaln\u0131z g\u00fcn\u0259\u015f (40\u00b0 \u015e v\u0259 40\u00b0 C aras\u0131nda olan g\u00fcn\u0259\u015fli \u00f6lk\u0259l\u0259r \u00fc\u00e7\u00fcn)<br \/>\nYaln\u0131z yanacaq elementi (maksimum h\u0259r\u0259k\u0259tlilik \u00fc\u00e7\u00fcn)<br \/>\n\u0130st\u0259nil\u0259n LiDAR modelin\u0259 uy\u011fun g\u0259l\u0259n m\u0259hsul<\/p>\n<p>G\u00fcn\u0259\u015f v\u0259 metanol yanacaq elementin\u0259 \u0259saslanan enerji t\u0259chizat\u0131 x\u00fcsusil\u0259 LiDAR cihazlar\u0131 \u00fc\u00e7\u00fcn n\u0259z\u0259rd\u0259 tutulmu\u015fdur.<\/p>\n<p>Enerji t\u0259chizat\u0131 yaln\u0131z az saatlarla artik \u015f\u0259rtl\u0259r istisna olmaqla, b\u00fct\u00fcn iqliml\u0259r \u00fc\u00e7\u00fcn t\u00f6vsiy\u0259 olunur<br \/>\ng\u00fcn\u0259\u015f i\u015f\u0131\u011f\u0131.<\/p>\n<p>Sistem g\u00fccl\u00fc Metanol \u0259sasl\u0131 EFOY Pro yanacaq elementini v\u0259 2x 460 Vt g\u00fcn\u0259\u015f modullar\u0131n\u0131 (ist\u0259y\u0259 g\u00f6r\u0259 4x) birl\u0259\u015fdirir. Sistem iki 28 litrlik yanacaq h\u00fcceyr\u0259si patronu il\u0259 t\u0259chiz edilmi\u015fdir.<\/p>\n<p>EFOY Pro yanacaq elementi EFOY bulud veb monitorinq platformas\u0131 il\u0259 t\u0259chiz edilmi\u015fdir. A\u015fa\u011f\u0131 yanacaq v\u0259 ya a\u015fa\u011f\u0131 batareya g\u0259rginliyi kimi h\u0259y\u0259can siqnallar\u0131 konfiqurasiya edil\u0259 bil\u0259r. Bel\u0259likl\u0259, h\u0259y\u0259can siqnallar\u0131 i\u015f\u0259 sal\u0131nd\u0131qda sistem avtomatik olaraq e-po\u00e7t v\u0259 ya SMS vasit\u0259sil\u0259 m\u0259lumat verir.<\/p>\n<p>Bundan \u0259lav\u0259, biz enerji t\u0259chizat\u0131 \u00e7\u0131x\u0131\u015f\u0131n\u0131 Victron buludunda i\u015f\u0259 sal\u0131nan ON\/OFF relesi vasit\u0259sil\u0259 idar\u0259 edirik.<\/p>\n<table border=\"1\" width=\"689\" cellspacing=\"1\" cellpadding=\"1\">\n<thead>\n<tr>\n<th colspan=\"2\" scope=\"col\">Summary<\/th>\n<\/tr>\n<\/thead>\n<tbody>\n<tr>\n<td colspan=\"2\">Energy system enclosure, incl. assembly and wiring<\/td>\n<\/tr>\n<tr>\n<td colspan=\"2\">Hybrid Power Pack, including<br \/>\n\u2022 Flight case with 130 Ah 24V Battery,<br \/>\n\u2022 EFOY Pro2800 fuel cell with FM2 fuel manager<br \/>\n\u2022 2 x 460 W Solar Modules<br \/>\n\u2022 PV frame for 2 x 460 W system Unistrut steel framing with all accessories, cable extension, connectors<\/td>\n<\/tr>\n<tr>\n<td colspan=\"2\">Remote control through Victron cloud with load control to switch the power supply ON and OFF<\/td>\n<\/tr>\n<\/tbody>\n<\/table>\n<p>&nbsp;<\/p>\n<table border=\"1\" width=\"684\" cellspacing=\"1\" cellpadding=\"1\">\n<thead>\n<tr>\n<th scope=\"col\"><span style=\"font-weight: 400;\">Characteristic<\/span><\/th>\n<th scope=\"col\"><span style=\"font-weight: 400;\">Description<\/span><\/th>\n<\/tr>\n<\/thead>\n<tbody>\n<tr>\n<td>Total output peak power<\/td>\n<td>200 W<\/td>\n<\/tr>\n<tr>\n<td>Output voltage<\/td>\n<td>24 VDC<\/td>\n<\/tr>\n<tr>\n<td>Battery bank<\/td>\n<td>130 Ah \/ 24 V<br \/>\n(two Victron Lead GEL battery batteries 130 Ah\/12 V each)<br \/>\nVictron low voltage battery protector<\/td>\n<\/tr>\n<tr>\n<td colspan=\"2\">Solar supply<\/td>\n<\/tr>\n<tr>\n<td>Solar supply<\/td>\n<td>2 solar modules @ 460 &#8211; 490 W \/ 24 V<br \/>\n(Total: 920 &#8211; 980 W)<br \/>\nPV Solar array extension cable with MC4 connectors and splitters<br \/>\nPV frame for 2 x 460 W system Unistrut steel framing4 solar modules instead of 2 is possible as an option<br \/>\n(with a Unistrut framing for 4)<\/p>\n<p>Solar charger: Victron SmartSolar 150\/35 charging controller<\/td>\n<\/tr>\n<tr>\n<td colspan=\"2\">Fuel cell<\/td>\n<\/tr>\n<tr>\n<td>Fuel cell reference<\/td>\n<td>EFOY Pro2800 fuel cell with FM2 fuel manager<\/td>\n<\/tr>\n<tr>\n<td>Power output<\/td>\n<td>125 W<\/td>\n<\/tr>\n<tr>\n<td>Nominal voltage<\/td>\n<td>12\/24 V DC<\/td>\n<\/tr>\n<tr>\n<td>Fuel cell cartridge<\/td>\n<td>2 x 28 liters Methanol, M28 cartridge + FM2 adapter<br \/>\nFuel Sensor FS2<\/td>\n<\/tr>\n<tr>\n<td><\/td>\n<td>Operational panel to display status Modem 4G<br \/>\nprotection box<br \/>\nRemote monitoring set:<br \/>\nIndustrial router (no SIM card)<br \/>\nEFOY cloud monitoring WEB platform<\/td>\n<\/tr>\n<tr>\n<td><\/td>\n<td>https:\/\/www.efoy-pro.com\/en\/efoy\/efoy-efoypro\/<br \/>\n(Dimensions etc.)<\/td>\n<\/tr>\n<tr>\n<td>Nominal Methanol consumption<\/td>\n<td>0.9 liters\/kWh<\/td>\n<\/tr>\n<tr>\n<td>Classification of Methanol<\/td>\n<td>Index: 603-00100-X;\u00a0 EINECS, ELINCS, NLP: 200-659-6; CAS 67-56-1<\/td>\n<\/tr>\n<tr>\n<td colspan=\"2\"><\/td>\n<\/tr>\n<tr>\n<td>Operating temperature<\/td>\n<td>-20\u00b0C &#8230; +40\u00b0C<\/td>\n<\/tr>\n<tr>\n<td>Total dimensions<\/td>\n<td>Power Pack 120 x 80 x 51 cm (LxWxH)<br \/>\nSolar Module: 100 x 200 cm (LxWxH)<\/td>\n<\/tr>\n<tr>\n<td>Total weight<\/td>\n<td>Approx. 216 kg<\/td>\n<\/tr>\n<\/tbody>\n<\/table>\n","protected":false},"excerpt":{"rendered":"<h3>Sifari\u015f n\u00f6mr\u0259si<\/h3>\n<p>M58160<\/p>\n","protected":false},"featured_media":31728,"template":"","meta":[],"product_brand":[],"product_cat":[1336,1516,1504],"product_tag":[],"class_list":{"0":"post-31733","1":"product","2":"type-product","3":"status-publish","4":"has-post-thumbnail","6":"product_cat-brpa-olunan-enerji-kulk-v-guns-enerjisi-olcusu-az","7":"product_cat-guc-hllri","8":"product_cat-lidar-uzaqdan-zondlama-mhsullari","10":"first","11":"instock","12":"shipping-taxable","13":"product-type-simple"},"yoast_head":"<!-- This site is optimized with the Yoast SEO plugin v27.1.1 - https:\/\/yoast.com\/product\/yoast-seo-wordpress\/ -->\n<title>LIDAR \u00fc\u00e7\u00fcn G\u00fcn\u0259\u015f v\u0259 Yanacaq H\u00fcceyr\u0259sinin Enerji Paketi - GeoClimate.ge<\/title>\n<meta name=\"robots\" content=\"index, follow, max-snippet:-1, max-image-preview:large, max-video-preview:-1\" \/>\n<link rel=\"canonical\" href=\"https:\/\/geoclimate.ge\/az\/product\/solar-and-fuel-cell-power-pack-for-lidar\/\" \/>\n<meta property=\"og:locale\" content=\"az_AZ\" \/>\n<meta property=\"og:type\" content=\"article\" \/>\n<meta property=\"og:title\" content=\"LIDAR \u00fc\u00e7\u00fcn G\u00fcn\u0259\u015f v\u0259 Yanacaq H\u00fcceyr\u0259sinin Enerji Paketi - GeoClimate.ge\" \/>\n<meta property=\"og:description\" content=\"Sifari\u015f n\u00f6mr\u0259si M58160\" \/>\n<meta property=\"og:url\" content=\"https:\/\/geoclimate.ge\/az\/product\/solar-and-fuel-cell-power-pack-for-lidar\/\" \/>\n<meta property=\"og:site_name\" content=\"GeoClimate.ge\" \/>\n<meta property=\"article:modified_time\" content=\"2025-05-17T13:25:58+00:00\" \/>\n<meta property=\"og:image\" content=\"https:\/\/geoclimate.ge\/wp-content\/uploads\/2025\/05\/lidar_power_supply.png__490x490_q85_crop_subsampling-2_upscale.png\" \/>\n\t<meta property=\"og:image:width\" content=\"490\" \/>\n\t<meta property=\"og:image:height\" content=\"490\" \/>\n\t<meta property=\"og:image:type\" content=\"image\/png\" \/>\n<meta name=\"twitter:card\" content=\"summary_large_image\" \/>\n<meta name=\"twitter:label1\" content=\"Est. reading time\" \/>\n\t<meta name=\"twitter:data1\" content=\"2 minutes\" \/>\n<script type=\"application\/ld+json\" class=\"yoast-schema-graph\">{\"@context\":\"https:\/\/schema.org\",\"@graph\":[{\"@type\":\"WebPage\",\"@id\":\"https:\/\/geoclimate.ge\/az\/product\/solar-and-fuel-cell-power-pack-for-lidar\/\",\"url\":\"https:\/\/geoclimate.ge\/az\/product\/solar-and-fuel-cell-power-pack-for-lidar\/\",\"name\":\"LIDAR \u00fc\u00e7\u00fcn G\u00fcn\u0259\u015f v\u0259 Yanacaq H\u00fcceyr\u0259sinin Enerji Paketi - GeoClimate.ge\",\"isPartOf\":{\"@id\":\"https:\/\/geoclimate.ge\/#website\"},\"primaryImageOfPage\":{\"@id\":\"https:\/\/geoclimate.ge\/az\/product\/solar-and-fuel-cell-power-pack-for-lidar\/#primaryimage\"},\"image\":{\"@id\":\"https:\/\/geoclimate.ge\/az\/product\/solar-and-fuel-cell-power-pack-for-lidar\/#primaryimage\"},\"thumbnailUrl\":\"https:\/\/geoclimate.ge\/wp-content\/uploads\/2025\/05\/lidar_power_supply.png__490x490_q85_crop_subsampling-2_upscale.png\",\"datePublished\":\"2025-05-17T13:22:54+00:00\",\"dateModified\":\"2025-05-17T13:25:58+00:00\",\"breadcrumb\":{\"@id\":\"https:\/\/geoclimate.ge\/az\/product\/solar-and-fuel-cell-power-pack-for-lidar\/#breadcrumb\"},\"inLanguage\":\"az\",\"potentialAction\":[{\"@type\":\"ReadAction\",\"target\":[\"https:\/\/geoclimate.ge\/az\/product\/solar-and-fuel-cell-power-pack-for-lidar\/\"]}]},{\"@type\":\"ImageObject\",\"inLanguage\":\"az\",\"@id\":\"https:\/\/geoclimate.ge\/az\/product\/solar-and-fuel-cell-power-pack-for-lidar\/#primaryimage\",\"url\":\"https:\/\/geoclimate.ge\/wp-content\/uploads\/2025\/05\/lidar_power_supply.png__490x490_q85_crop_subsampling-2_upscale.png\",\"contentUrl\":\"https:\/\/geoclimate.ge\/wp-content\/uploads\/2025\/05\/lidar_power_supply.png__490x490_q85_crop_subsampling-2_upscale.png\",\"width\":490,\"height\":490},{\"@type\":\"BreadcrumbList\",\"@id\":\"https:\/\/geoclimate.ge\/az\/product\/solar-and-fuel-cell-power-pack-for-lidar\/#breadcrumb\",\"itemListElement\":[{\"@type\":\"ListItem\",\"position\":1,\"name\":\"Home\",\"item\":\"https:\/\/geoclimate.ge\/az\/\"},{\"@type\":\"ListItem\",\"position\":2,\"name\":\"M\u0259hsullar\",\"item\":\"https:\/\/geoclimate.ge\/az\/products\/\"},{\"@type\":\"ListItem\",\"position\":3,\"name\":\"LIDAR \u00fc\u00e7\u00fcn G\u00fcn\u0259\u015f v\u0259 Yanacaq H\u00fcceyr\u0259sinin Enerji Paketi\"}]},{\"@type\":\"WebSite\",\"@id\":\"https:\/\/geoclimate.ge\/#website\",\"url\":\"https:\/\/geoclimate.ge\/\",\"name\":\"GeoClimate\",\"description\":\"\",\"publisher\":{\"@id\":\"https:\/\/geoclimate.ge\/#organization\"},\"potentialAction\":[{\"@type\":\"SearchAction\",\"target\":{\"@type\":\"EntryPoint\",\"urlTemplate\":\"https:\/\/geoclimate.ge\/?s={search_term_string}\"},\"query-input\":{\"@type\":\"PropertyValueSpecification\",\"valueRequired\":true,\"valueName\":\"search_term_string\"}}],\"inLanguage\":\"az\"},{\"@type\":\"Organization\",\"@id\":\"https:\/\/geoclimate.ge\/#organization\",\"name\":\"GeoClimate\",\"url\":\"https:\/\/geoclimate.ge\/\",\"logo\":{\"@type\":\"ImageObject\",\"inLanguage\":\"az\",\"@id\":\"https:\/\/geoclimate.ge\/#\/schema\/logo\/image\/\",\"url\":\"https:\/\/geoclimate.ge\/wp-content\/uploads\/2026\/03\/geoclimate-SEO.png\",\"contentUrl\":\"https:\/\/geoclimate.ge\/wp-content\/uploads\/2026\/03\/geoclimate-SEO.png\",\"width\":1536,\"height\":1024,\"caption\":\"GeoClimate\"},\"image\":{\"@id\":\"https:\/\/geoclimate.ge\/#\/schema\/logo\/image\/\"}}]}<\/script>\n<!-- \/ Yoast SEO plugin. -->","yoast_head_json":{"title":"LIDAR \u00fc\u00e7\u00fcn G\u00fcn\u0259\u015f v\u0259 Yanacaq H\u00fcceyr\u0259sinin Enerji Paketi - GeoClimate.ge","robots":{"index":"index","follow":"follow","max-snippet":"max-snippet:-1","max-image-preview":"max-image-preview:large","max-video-preview":"max-video-preview:-1"},"canonical":"https:\/\/geoclimate.ge\/az\/product\/solar-and-fuel-cell-power-pack-for-lidar\/","og_locale":"az_AZ","og_type":"article","og_title":"LIDAR \u00fc\u00e7\u00fcn G\u00fcn\u0259\u015f v\u0259 Yanacaq H\u00fcceyr\u0259sinin Enerji Paketi - GeoClimate.ge","og_description":"Sifari\u015f n\u00f6mr\u0259si M58160","og_url":"https:\/\/geoclimate.ge\/az\/product\/solar-and-fuel-cell-power-pack-for-lidar\/","og_site_name":"GeoClimate.ge","article_modified_time":"2025-05-17T13:25:58+00:00","og_image":[{"width":490,"height":490,"url":"https:\/\/geoclimate.ge\/wp-content\/uploads\/2025\/05\/lidar_power_supply.png__490x490_q85_crop_subsampling-2_upscale.png","type":"image\/png"}],"twitter_card":"summary_large_image","twitter_misc":{"Est. reading time":"2 minutes"},"schema":{"@context":"https:\/\/schema.org","@graph":[{"@type":"WebPage","@id":"https:\/\/geoclimate.ge\/az\/product\/solar-and-fuel-cell-power-pack-for-lidar\/","url":"https:\/\/geoclimate.ge\/az\/product\/solar-and-fuel-cell-power-pack-for-lidar\/","name":"LIDAR \u00fc\u00e7\u00fcn G\u00fcn\u0259\u015f v\u0259 Yanacaq H\u00fcceyr\u0259sinin Enerji Paketi - GeoClimate.ge","isPartOf":{"@id":"https:\/\/geoclimate.ge\/#website"},"primaryImageOfPage":{"@id":"https:\/\/geoclimate.ge\/az\/product\/solar-and-fuel-cell-power-pack-for-lidar\/#primaryimage"},"image":{"@id":"https:\/\/geoclimate.ge\/az\/product\/solar-and-fuel-cell-power-pack-for-lidar\/#primaryimage"},"thumbnailUrl":"https:\/\/geoclimate.ge\/wp-content\/uploads\/2025\/05\/lidar_power_supply.png__490x490_q85_crop_subsampling-2_upscale.png","datePublished":"2025-05-17T13:22:54+00:00","dateModified":"2025-05-17T13:25:58+00:00","breadcrumb":{"@id":"https:\/\/geoclimate.ge\/az\/product\/solar-and-fuel-cell-power-pack-for-lidar\/#breadcrumb"},"inLanguage":"az","potentialAction":[{"@type":"ReadAction","target":["https:\/\/geoclimate.ge\/az\/product\/solar-and-fuel-cell-power-pack-for-lidar\/"]}]},{"@type":"ImageObject","inLanguage":"az","@id":"https:\/\/geoclimate.ge\/az\/product\/solar-and-fuel-cell-power-pack-for-lidar\/#primaryimage","url":"https:\/\/geoclimate.ge\/wp-content\/uploads\/2025\/05\/lidar_power_supply.png__490x490_q85_crop_subsampling-2_upscale.png","contentUrl":"https:\/\/geoclimate.ge\/wp-content\/uploads\/2025\/05\/lidar_power_supply.png__490x490_q85_crop_subsampling-2_upscale.png","width":490,"height":490},{"@type":"BreadcrumbList","@id":"https:\/\/geoclimate.ge\/az\/product\/solar-and-fuel-cell-power-pack-for-lidar\/#breadcrumb","itemListElement":[{"@type":"ListItem","position":1,"name":"Home","item":"https:\/\/geoclimate.ge\/az\/"},{"@type":"ListItem","position":2,"name":"M\u0259hsullar","item":"https:\/\/geoclimate.ge\/az\/products\/"},{"@type":"ListItem","position":3,"name":"LIDAR \u00fc\u00e7\u00fcn G\u00fcn\u0259\u015f v\u0259 Yanacaq H\u00fcceyr\u0259sinin Enerji Paketi"}]},{"@type":"WebSite","@id":"https:\/\/geoclimate.ge\/#website","url":"https:\/\/geoclimate.ge\/","name":"GeoClimate","description":"","publisher":{"@id":"https:\/\/geoclimate.ge\/#organization"},"potentialAction":[{"@type":"SearchAction","target":{"@type":"EntryPoint","urlTemplate":"https:\/\/geoclimate.ge\/?s={search_term_string}"},"query-input":{"@type":"PropertyValueSpecification","valueRequired":true,"valueName":"search_term_string"}}],"inLanguage":"az"},{"@type":"Organization","@id":"https:\/\/geoclimate.ge\/#organization","name":"GeoClimate","url":"https:\/\/geoclimate.ge\/","logo":{"@type":"ImageObject","inLanguage":"az","@id":"https:\/\/geoclimate.ge\/#\/schema\/logo\/image\/","url":"https:\/\/geoclimate.ge\/wp-content\/uploads\/2026\/03\/geoclimate-SEO.png","contentUrl":"https:\/\/geoclimate.ge\/wp-content\/uploads\/2026\/03\/geoclimate-SEO.png","width":1536,"height":1024,"caption":"GeoClimate"},"image":{"@id":"https:\/\/geoclimate.ge\/#\/schema\/logo\/image\/"}}]}},"_links":{"self":[{"href":"https:\/\/geoclimate.ge\/az\/wp-json\/wp\/v2\/product\/31733","targetHints":{"allow":["GET"]}}],"collection":[{"href":"https:\/\/geoclimate.ge\/az\/wp-json\/wp\/v2\/product"}],"about":[{"href":"https:\/\/geoclimate.ge\/az\/wp-json\/wp\/v2\/types\/product"}],"wp:featuredmedia":[{"embeddable":true,"href":"https:\/\/geoclimate.ge\/az\/wp-json\/wp\/v2\/media\/31728"}],"wp:attachment":[{"href":"https:\/\/geoclimate.ge\/az\/wp-json\/wp\/v2\/media?parent=31733"}],"wp:term":[{"taxonomy":"product_brand","embeddable":true,"href":"https:\/\/geoclimate.ge\/az\/wp-json\/wp\/v2\/product_brand?post=31733"},{"taxonomy":"product_cat","embeddable":true,"href":"https:\/\/geoclimate.ge\/az\/wp-json\/wp\/v2\/product_cat?post=31733"},{"taxonomy":"product_tag","embeddable":true,"href":"https:\/\/geoclimate.ge\/az\/wp-json\/wp\/v2\/product_tag?post=31733"}],"curies":[{"name":"wp","href":"https:\/\/api.w.org\/{rel}","templated":true}]}}