{"id":31830,"date":"2025-05-17T23:16:42","date_gmt":"2025-05-17T19:16:42","guid":{"rendered":"https:\/\/airsystems.ge\/shop\/product\/module-for-ac-converter\/"},"modified":"2025-05-17T23:20:49","modified_gmt":"2025-05-17T19:20:49","slug":"module-for-ac-converter","status":"publish","type":"product","link":"https:\/\/geoclimate.ge\/az\/product\/module-for-ac-converter\/","title":{"rendered":"AC \u00e7evirici \u00fc\u00e7\u00fcn modul"},"content":{"rendered":"<p>M83200 modulu AC siqnal giri\u015fl\u0259rini impuls \u00e7\u0131x\u0131\u015flar\u0131na \u00e7evirir v\u0259 konfiqurasiya edil\u0259 bil\u0259n 5 V \u00e7\u0131x\u0131\u015flar\u0131 t\u0259min edir.<\/p>\n<p>M83200 moduluna daxildir:<\/p>\n<p>4 m\u00fcst\u0259qil AC siqnal \u00e7eviricisi<br \/>\nM\u00fcxt\u0259lif sensorlar\u0131n a\u015fa\u011f\u0131 amplitudal\u0131 AC (m\u0259s\u0259l\u0259n, sinusoidal) siqnallar\u0131n\u0131 Meteo-40 plus m\u0259lumat kaydedicil\u0259rinin \u0259ks giri\u015fl\u0259rin\u0259 uy\u011funla\u015fd\u0131rmaq \u00fc\u00e7\u00fcn. Sinusoidal siqnal eyni tezlikli d\u00fczbucaql\u0131 impuls siqnal\u0131na \u00e7evrilir.<br \/>\nA\u015fa\u011f\u0131dak\u0131 konfiqurasiya se\u00e7iml\u0259ri il\u0259 2 ayr\u0131-ayr\u0131l\u0131qda konfiqurasiya edil\u0259 bil\u0259n port:<br \/>\n10 mA (470 \u03a9) \u00fc\u00e7\u00fcn c\u0259r\u0259yan limiti<br \/>\n\u00c7\u0259km\u0259 rezistoru 5.1 k\u03a9 c\u0259r\u0259yan limiti 1 mA il\u0259<br \/>\nAktiv c\u0259r\u0259yan limiti 110 mA olan stabill\u0259\u015fdirilmi\u015f v\u0259 dal\u011falanmayan 5 V \u00e7\u0131x\u0131\u015f<\/p>\n<table border=\"1\" width=\"562\" cellspacing=\"1\" cellpadding=\"1\">\n<thead>\n<tr>\n<th colspan=\"5\" scope=\"col\">Electrical characteristics (Default settings)<\/th>\n<\/tr>\n<\/thead>\n<tbody>\n<tr>\n<td>Parameter<\/td>\n<td>Pin \/ Ports<\/td>\n<td>Min<\/td>\n<td>Typical<\/td>\n<td>Max<\/td>\n<\/tr>\n<tr>\n<td>Supply voltage (DC)<br \/>\nQuiescent current<\/td>\n<td>13<\/td>\n<td>9 V<br \/>\n11 mA<\/td>\n<td><\/td>\n<td>32 V<br \/>\n16 mA<\/td>\n<\/tr>\n<tr>\n<td>Ground GND<\/td>\n<td>15<\/td>\n<td><\/td>\n<td><\/td>\n<td><\/td>\n<\/tr>\n<tr>\n<td colspan=\"5\">Configurable Outputs<\/td>\n<\/tr>\n<tr>\n<td>Output (5 V DC) (\u03d1 = 25\u00b0C)<\/td>\n<td>14, 16<\/td>\n<td>5.2 V<br \/>\n110 mA<\/td>\n<td><\/td>\n<td>5.8 V<br \/>\n130 mA<\/td>\n<\/tr>\n<tr>\n<td>Pull-up current limit 1 mA<br \/>\n(Low current configuration 5.1 k\u03a9)<\/td>\n<td>14, 16<\/td>\n<td>0.97 mA<\/td>\n<td><\/td>\n<td>1.05 mA<\/td>\n<\/tr>\n<tr>\n<td>Pull-up current limit 10 mA<br \/>\n(High current configuration)<\/td>\n<td>14, 16<\/td>\n<td>10.5 mA<\/td>\n<td><\/td>\n<td>11.4 mA<\/td>\n<\/tr>\n<tr>\n<td colspan=\"5\">AC Voltage Converters<\/td>\n<\/tr>\n<tr>\n<td>Input sensitivity of converter<\/td>\n<td>2, 3, 6, 7<\/td>\n<td>115 mV<\/td>\n<td><\/td>\n<td>120 mV<\/td>\n<\/tr>\n<tr>\n<td>Ground GND<\/td>\n<td>4, 8<\/td>\n<td><\/td>\n<td><\/td>\n<td><\/td>\n<\/tr>\n<tr>\n<td>Output level low<\/td>\n<td>9, 10, 11, 12<\/td>\n<td>0 V<\/td>\n<td><\/td>\n<td>0.01 V<\/td>\n<\/tr>\n<tr>\n<td>Output level high<\/td>\n<td>9, 10, 11, 12<\/td>\n<td>5 V<\/td>\n<td><\/td>\n<td>5.8 V<\/td>\n<\/tr>\n<tr>\n<td>Operating temperature<\/td>\n<td><\/td>\n<td>-40\u00b0C<\/td>\n<td><\/td>\n<td>+75\u00b0C<\/td>\n<\/tr>\n<tr>\n<td colspan=\"5\">Fuse T0.8A (time lag, slow-blow): 5 x 20 mm<\/td>\n<\/tr>\n<\/tbody>\n<\/table>\n<p>Housing dimension (width x height x depth): 22.5 x 110 x 115 mm<br \/>\nMounting on DIN-rail (35 x 7.5 mm)<br \/>\nTerminal: wire cross section from 0.25 to 1.5 mm\u00b2<br \/>\nTerminal Earth: recommended wire cross section 1.5 mm\u00b2<br \/>\n(Keep wire length as short as possible)<\/p>\n","protected":false},"excerpt":{"rendered":"<h3>Sifari\u015f n\u00f6mr\u0259si<\/h3>\n<p>M83200<\/p>\n","protected":false},"featured_media":31825,"template":"","meta":[],"product_brand":[],"product_cat":[1336,1543,1547],"product_tag":[],"class_list":{"0":"post-31830","1":"product","2":"type-product","3":"status-publish","4":"has-post-thumbnail","6":"product_cat-brpa-olunan-enerji-kulk-v-guns-enerjisi-olcusu-az","7":"product_cat-data-logger-aksesuarlari","8":"product_cat-modules-az-data-logger-aksesuarlari","10":"first","11":"instock","12":"shipping-taxable","13":"product-type-simple"},"yoast_head":"<!-- This site is optimized with the Yoast SEO plugin v27.1.1 - https:\/\/yoast.com\/product\/yoast-seo-wordpress\/ -->\n<title>AC \u00e7evirici \u00fc\u00e7\u00fcn modul - GeoClimate.ge<\/title>\n<meta name=\"robots\" content=\"index, follow, max-snippet:-1, max-image-preview:large, max-video-preview:-1\" \/>\n<link rel=\"canonical\" href=\"https:\/\/geoclimate.ge\/az\/product\/module-for-ac-converter\/\" \/>\n<meta property=\"og:locale\" content=\"az_AZ\" \/>\n<meta property=\"og:type\" content=\"article\" \/>\n<meta property=\"og:title\" content=\"AC \u00e7evirici \u00fc\u00e7\u00fcn modul - GeoClimate.ge\" \/>\n<meta property=\"og:description\" content=\"Sifari\u015f n\u00f6mr\u0259si M83200\" \/>\n<meta property=\"og:url\" content=\"https:\/\/geoclimate.ge\/az\/product\/module-for-ac-converter\/\" \/>\n<meta property=\"og:site_name\" content=\"GeoClimate.ge\" \/>\n<meta property=\"article:modified_time\" content=\"2025-05-17T19:20:49+00:00\" \/>\n<meta property=\"og:image\" content=\"https:\/\/geoclimate.ge\/wp-content\/uploads\/2025\/05\/Module-for-AC-Converter.jpg\" \/>\n\t<meta property=\"og:image:width\" content=\"490\" \/>\n\t<meta property=\"og:image:height\" content=\"490\" \/>\n\t<meta property=\"og:image:type\" content=\"image\/jpeg\" \/>\n<meta name=\"twitter:card\" content=\"summary_large_image\" \/>\n<meta name=\"twitter:label1\" content=\"Est. reading time\" \/>\n\t<meta name=\"twitter:data1\" content=\"1 minute\" \/>\n<script type=\"application\/ld+json\" class=\"yoast-schema-graph\">{\"@context\":\"https:\/\/schema.org\",\"@graph\":[{\"@type\":\"WebPage\",\"@id\":\"https:\/\/geoclimate.ge\/az\/product\/module-for-ac-converter\/\",\"url\":\"https:\/\/geoclimate.ge\/az\/product\/module-for-ac-converter\/\",\"name\":\"AC \u00e7evirici \u00fc\u00e7\u00fcn modul - GeoClimate.ge\",\"isPartOf\":{\"@id\":\"https:\/\/geoclimate.ge\/#website\"},\"primaryImageOfPage\":{\"@id\":\"https:\/\/geoclimate.ge\/az\/product\/module-for-ac-converter\/#primaryimage\"},\"image\":{\"@id\":\"https:\/\/geoclimate.ge\/az\/product\/module-for-ac-converter\/#primaryimage\"},\"thumbnailUrl\":\"https:\/\/geoclimate.ge\/wp-content\/uploads\/2025\/05\/Module-for-AC-Converter.jpg\",\"datePublished\":\"2025-05-17T19:16:42+00:00\",\"dateModified\":\"2025-05-17T19:20:49+00:00\",\"breadcrumb\":{\"@id\":\"https:\/\/geoclimate.ge\/az\/product\/module-for-ac-converter\/#breadcrumb\"},\"inLanguage\":\"az\",\"potentialAction\":[{\"@type\":\"ReadAction\",\"target\":[\"https:\/\/geoclimate.ge\/az\/product\/module-for-ac-converter\/\"]}]},{\"@type\":\"ImageObject\",\"inLanguage\":\"az\",\"@id\":\"https:\/\/geoclimate.ge\/az\/product\/module-for-ac-converter\/#primaryimage\",\"url\":\"https:\/\/geoclimate.ge\/wp-content\/uploads\/2025\/05\/Module-for-AC-Converter.jpg\",\"contentUrl\":\"https:\/\/geoclimate.ge\/wp-content\/uploads\/2025\/05\/Module-for-AC-Converter.jpg\",\"width\":490,\"height\":490},{\"@type\":\"BreadcrumbList\",\"@id\":\"https:\/\/geoclimate.ge\/az\/product\/module-for-ac-converter\/#breadcrumb\",\"itemListElement\":[{\"@type\":\"ListItem\",\"position\":1,\"name\":\"Home\",\"item\":\"https:\/\/geoclimate.ge\/az\/\"},{\"@type\":\"ListItem\",\"position\":2,\"name\":\"M\u0259hsullar\",\"item\":\"https:\/\/geoclimate.ge\/az\/products\/\"},{\"@type\":\"ListItem\",\"position\":3,\"name\":\"AC \u00e7evirici \u00fc\u00e7\u00fcn modul\"}]},{\"@type\":\"WebSite\",\"@id\":\"https:\/\/geoclimate.ge\/#website\",\"url\":\"https:\/\/geoclimate.ge\/\",\"name\":\"GeoClimate\",\"description\":\"\",\"publisher\":{\"@id\":\"https:\/\/geoclimate.ge\/#organization\"},\"potentialAction\":[{\"@type\":\"SearchAction\",\"target\":{\"@type\":\"EntryPoint\",\"urlTemplate\":\"https:\/\/geoclimate.ge\/?s={search_term_string}\"},\"query-input\":{\"@type\":\"PropertyValueSpecification\",\"valueRequired\":true,\"valueName\":\"search_term_string\"}}],\"inLanguage\":\"az\"},{\"@type\":\"Organization\",\"@id\":\"https:\/\/geoclimate.ge\/#organization\",\"name\":\"GeoClimate\",\"url\":\"https:\/\/geoclimate.ge\/\",\"logo\":{\"@type\":\"ImageObject\",\"inLanguage\":\"az\",\"@id\":\"https:\/\/geoclimate.ge\/#\/schema\/logo\/image\/\",\"url\":\"https:\/\/geoclimate.ge\/wp-content\/uploads\/2026\/03\/geoclimate-SEO.png\",\"contentUrl\":\"https:\/\/geoclimate.ge\/wp-content\/uploads\/2026\/03\/geoclimate-SEO.png\",\"width\":1536,\"height\":1024,\"caption\":\"GeoClimate\"},\"image\":{\"@id\":\"https:\/\/geoclimate.ge\/#\/schema\/logo\/image\/\"}}]}<\/script>\n<!-- \/ Yoast SEO plugin. -->","yoast_head_json":{"title":"AC \u00e7evirici \u00fc\u00e7\u00fcn modul - GeoClimate.ge","robots":{"index":"index","follow":"follow","max-snippet":"max-snippet:-1","max-image-preview":"max-image-preview:large","max-video-preview":"max-video-preview:-1"},"canonical":"https:\/\/geoclimate.ge\/az\/product\/module-for-ac-converter\/","og_locale":"az_AZ","og_type":"article","og_title":"AC \u00e7evirici \u00fc\u00e7\u00fcn modul - GeoClimate.ge","og_description":"Sifari\u015f n\u00f6mr\u0259si M83200","og_url":"https:\/\/geoclimate.ge\/az\/product\/module-for-ac-converter\/","og_site_name":"GeoClimate.ge","article_modified_time":"2025-05-17T19:20:49+00:00","og_image":[{"width":490,"height":490,"url":"https:\/\/geoclimate.ge\/wp-content\/uploads\/2025\/05\/Module-for-AC-Converter.jpg","type":"image\/jpeg"}],"twitter_card":"summary_large_image","twitter_misc":{"Est. reading time":"1 minute"},"schema":{"@context":"https:\/\/schema.org","@graph":[{"@type":"WebPage","@id":"https:\/\/geoclimate.ge\/az\/product\/module-for-ac-converter\/","url":"https:\/\/geoclimate.ge\/az\/product\/module-for-ac-converter\/","name":"AC \u00e7evirici \u00fc\u00e7\u00fcn modul - GeoClimate.ge","isPartOf":{"@id":"https:\/\/geoclimate.ge\/#website"},"primaryImageOfPage":{"@id":"https:\/\/geoclimate.ge\/az\/product\/module-for-ac-converter\/#primaryimage"},"image":{"@id":"https:\/\/geoclimate.ge\/az\/product\/module-for-ac-converter\/#primaryimage"},"thumbnailUrl":"https:\/\/geoclimate.ge\/wp-content\/uploads\/2025\/05\/Module-for-AC-Converter.jpg","datePublished":"2025-05-17T19:16:42+00:00","dateModified":"2025-05-17T19:20:49+00:00","breadcrumb":{"@id":"https:\/\/geoclimate.ge\/az\/product\/module-for-ac-converter\/#breadcrumb"},"inLanguage":"az","potentialAction":[{"@type":"ReadAction","target":["https:\/\/geoclimate.ge\/az\/product\/module-for-ac-converter\/"]}]},{"@type":"ImageObject","inLanguage":"az","@id":"https:\/\/geoclimate.ge\/az\/product\/module-for-ac-converter\/#primaryimage","url":"https:\/\/geoclimate.ge\/wp-content\/uploads\/2025\/05\/Module-for-AC-Converter.jpg","contentUrl":"https:\/\/geoclimate.ge\/wp-content\/uploads\/2025\/05\/Module-for-AC-Converter.jpg","width":490,"height":490},{"@type":"BreadcrumbList","@id":"https:\/\/geoclimate.ge\/az\/product\/module-for-ac-converter\/#breadcrumb","itemListElement":[{"@type":"ListItem","position":1,"name":"Home","item":"https:\/\/geoclimate.ge\/az\/"},{"@type":"ListItem","position":2,"name":"M\u0259hsullar","item":"https:\/\/geoclimate.ge\/az\/products\/"},{"@type":"ListItem","position":3,"name":"AC \u00e7evirici \u00fc\u00e7\u00fcn modul"}]},{"@type":"WebSite","@id":"https:\/\/geoclimate.ge\/#website","url":"https:\/\/geoclimate.ge\/","name":"GeoClimate","description":"","publisher":{"@id":"https:\/\/geoclimate.ge\/#organization"},"potentialAction":[{"@type":"SearchAction","target":{"@type":"EntryPoint","urlTemplate":"https:\/\/geoclimate.ge\/?s={search_term_string}"},"query-input":{"@type":"PropertyValueSpecification","valueRequired":true,"valueName":"search_term_string"}}],"inLanguage":"az"},{"@type":"Organization","@id":"https:\/\/geoclimate.ge\/#organization","name":"GeoClimate","url":"https:\/\/geoclimate.ge\/","logo":{"@type":"ImageObject","inLanguage":"az","@id":"https:\/\/geoclimate.ge\/#\/schema\/logo\/image\/","url":"https:\/\/geoclimate.ge\/wp-content\/uploads\/2026\/03\/geoclimate-SEO.png","contentUrl":"https:\/\/geoclimate.ge\/wp-content\/uploads\/2026\/03\/geoclimate-SEO.png","width":1536,"height":1024,"caption":"GeoClimate"},"image":{"@id":"https:\/\/geoclimate.ge\/#\/schema\/logo\/image\/"}}]}},"_links":{"self":[{"href":"https:\/\/geoclimate.ge\/az\/wp-json\/wp\/v2\/product\/31830","targetHints":{"allow":["GET"]}}],"collection":[{"href":"https:\/\/geoclimate.ge\/az\/wp-json\/wp\/v2\/product"}],"about":[{"href":"https:\/\/geoclimate.ge\/az\/wp-json\/wp\/v2\/types\/product"}],"wp:featuredmedia":[{"embeddable":true,"href":"https:\/\/geoclimate.ge\/az\/wp-json\/wp\/v2\/media\/31825"}],"wp:attachment":[{"href":"https:\/\/geoclimate.ge\/az\/wp-json\/wp\/v2\/media?parent=31830"}],"wp:term":[{"taxonomy":"product_brand","embeddable":true,"href":"https:\/\/geoclimate.ge\/az\/wp-json\/wp\/v2\/product_brand?post=31830"},{"taxonomy":"product_cat","embeddable":true,"href":"https:\/\/geoclimate.ge\/az\/wp-json\/wp\/v2\/product_cat?post=31830"},{"taxonomy":"product_tag","embeddable":true,"href":"https:\/\/geoclimate.ge\/az\/wp-json\/wp\/v2\/product_tag?post=31830"}],"curies":[{"name":"wp","href":"https:\/\/api.w.org\/{rel}","templated":true}]}}