{"id":31896,"date":"2025-04-22T21:21:10","date_gmt":"2025-04-22T17:21:10","guid":{"rendered":"https:\/\/airsystems.ge\/shop\/product\/mep-design\/"},"modified":"2025-05-20T12:15:17","modified_gmt":"2025-05-20T08:15:17","slug":"mep-design","status":"publish","type":"product","link":"https:\/\/geoclimate.ge\/az\/product\/mep-design\/","title":{"rendered":"Mexanik Dizayn &#8211; \u0130stilik, Havaland\u0131rma v\u0259 Kondisioner HVAC"},"content":{"rendered":"","protected":false},"excerpt":{"rendered":"<p><strong>\u0130stilik, havaland\u0131rma v\u0259 kondisioner\u00a0(HVAC)<\/strong> qapal\u0131 m\u0259kanda havan\u0131n temperaturu, r\u00fctub\u0259ti v\u0259 t\u0259mizliyin\u0259 n\u0259zar\u0259t etm\u0259k \u00fc\u00e7\u00fcn m\u00fcxt\u0259lif texnologiyalar\u0131n istifad\u0259sidir. Onun m\u0259qs\u0259di\u00a0termal rahatl\u0131q\u00a0v\u0259 m\u0259qbul\u00a0daxili hava keyfiyy\u0259tini t\u0259min etm\u0259kdir. HVAC sisteminin dizayn\u0131 termodinamika, maye mexanikas\u0131 v\u0259 istilik \u00f6t\u00fcr\u00fclm\u0259si prinsipl\u0259rin\u0259 \u0259saslanan ma\u015f\u0131nqay\u0131rman\u0131n alt sah\u0259sidir.<\/p>\n","protected":false},"featured_media":30429,"template":"","meta":[],"product_brand":[],"product_cat":[1320,1565],"product_tag":[],"class_list":{"0":"post-31896","1":"product","2":"type-product","3":"status-publish","4":"has-post-thumbnail","6":"product_cat-mep-dizayn-planlamasi","7":"product_cat-mexanik-dizayn-istilik-havalandirma-v-kondisioner-hvac","9":"first","10":"instock","11":"shipping-taxable","12":"product-type-simple"},"yoast_head":"<!-- This site is optimized with the Yoast SEO plugin v27.1.1 - https:\/\/yoast.com\/product\/yoast-seo-wordpress\/ -->\n<title>Mexanik Dizayn - \u0130stilik, Havaland\u0131rma v\u0259 Kondisioner HVAC - GeoClimate.ge<\/title>\n<meta name=\"robots\" content=\"index, follow, max-snippet:-1, max-image-preview:large, max-video-preview:-1\" \/>\n<link rel=\"canonical\" href=\"https:\/\/geoclimate.ge\/az\/product\/mep-design\/\" \/>\n<meta property=\"og:locale\" content=\"az_AZ\" \/>\n<meta property=\"og:type\" content=\"article\" \/>\n<meta property=\"og:title\" content=\"Mexanik Dizayn - \u0130stilik, Havaland\u0131rma v\u0259 Kondisioner HVAC - GeoClimate.ge\" \/>\n<meta property=\"og:description\" content=\"\u0130stilik, havaland\u0131rma v\u0259 kondisioner\u00a0(HVAC) qapal\u0131 m\u0259kanda havan\u0131n temperaturu, r\u00fctub\u0259ti v\u0259 t\u0259mizliyin\u0259 n\u0259zar\u0259t etm\u0259k \u00fc\u00e7\u00fcn m\u00fcxt\u0259lif texnologiyalar\u0131n istifad\u0259sidir. Onun m\u0259qs\u0259di\u00a0termal rahatl\u0131q\u00a0v\u0259 m\u0259qbul\u00a0daxili hava keyfiyy\u0259tini t\u0259min etm\u0259kdir. HVAC sisteminin dizayn\u0131 termodinamika, maye mexanikas\u0131 v\u0259 istilik \u00f6t\u00fcr\u00fclm\u0259si prinsipl\u0259rin\u0259 \u0259saslanan ma\u015f\u0131nqay\u0131rman\u0131n alt sah\u0259sidir.\" \/>\n<meta property=\"og:url\" content=\"https:\/\/geoclimate.ge\/az\/product\/mep-design\/\" \/>\n<meta property=\"og:site_name\" content=\"GeoClimate.ge\" \/>\n<meta property=\"article:modified_time\" content=\"2025-05-20T08:15:17+00:00\" \/>\n<meta property=\"og:image\" content=\"https:\/\/geoclimate.ge\/wp-content\/uploads\/2025\/04\/mehanicheskaya_ventilaicia4.gif\" \/>\n\t<meta property=\"og:image:width\" content=\"700\" \/>\n\t<meta property=\"og:image:height\" content=\"428\" \/>\n\t<meta property=\"og:image:type\" content=\"image\/gif\" \/>\n<meta name=\"twitter:card\" content=\"summary_large_image\" \/>\n<script type=\"application\/ld+json\" class=\"yoast-schema-graph\">{\"@context\":\"https:\/\/schema.org\",\"@graph\":[{\"@type\":\"WebPage\",\"@id\":\"https:\/\/geoclimate.ge\/az\/product\/mep-design\/\",\"url\":\"https:\/\/geoclimate.ge\/az\/product\/mep-design\/\",\"name\":\"Mexanik Dizayn - \u0130stilik, Havaland\u0131rma v\u0259 Kondisioner HVAC - GeoClimate.ge\",\"isPartOf\":{\"@id\":\"https:\/\/geoclimate.ge\/#website\"},\"primaryImageOfPage\":{\"@id\":\"https:\/\/geoclimate.ge\/az\/product\/mep-design\/#primaryimage\"},\"image\":{\"@id\":\"https:\/\/geoclimate.ge\/az\/product\/mep-design\/#primaryimage\"},\"thumbnailUrl\":\"https:\/\/geoclimate.ge\/wp-content\/uploads\/2025\/04\/mehanicheskaya_ventilaicia4.gif\",\"datePublished\":\"2025-04-22T17:21:10+00:00\",\"dateModified\":\"2025-05-20T08:15:17+00:00\",\"breadcrumb\":{\"@id\":\"https:\/\/geoclimate.ge\/az\/product\/mep-design\/#breadcrumb\"},\"inLanguage\":\"az\",\"potentialAction\":[{\"@type\":\"ReadAction\",\"target\":[\"https:\/\/geoclimate.ge\/az\/product\/mep-design\/\"]}]},{\"@type\":\"ImageObject\",\"inLanguage\":\"az\",\"@id\":\"https:\/\/geoclimate.ge\/az\/product\/mep-design\/#primaryimage\",\"url\":\"https:\/\/geoclimate.ge\/wp-content\/uploads\/2025\/04\/mehanicheskaya_ventilaicia4.gif\",\"contentUrl\":\"https:\/\/geoclimate.ge\/wp-content\/uploads\/2025\/04\/mehanicheskaya_ventilaicia4.gif\",\"width\":700,\"height\":428},{\"@type\":\"BreadcrumbList\",\"@id\":\"https:\/\/geoclimate.ge\/az\/product\/mep-design\/#breadcrumb\",\"itemListElement\":[{\"@type\":\"ListItem\",\"position\":1,\"name\":\"Home\",\"item\":\"https:\/\/geoclimate.ge\/az\/\"},{\"@type\":\"ListItem\",\"position\":2,\"name\":\"M\u0259hsullar\",\"item\":\"https:\/\/geoclimate.ge\/az\/products\/\"},{\"@type\":\"ListItem\",\"position\":3,\"name\":\"Mexanik Dizayn &#8211; \u0130stilik, Havaland\u0131rma v\u0259 Kondisioner HVAC\"}]},{\"@type\":\"WebSite\",\"@id\":\"https:\/\/geoclimate.ge\/#website\",\"url\":\"https:\/\/geoclimate.ge\/\",\"name\":\"GeoClimate\",\"description\":\"\",\"publisher\":{\"@id\":\"https:\/\/geoclimate.ge\/#organization\"},\"potentialAction\":[{\"@type\":\"SearchAction\",\"target\":{\"@type\":\"EntryPoint\",\"urlTemplate\":\"https:\/\/geoclimate.ge\/?s={search_term_string}\"},\"query-input\":{\"@type\":\"PropertyValueSpecification\",\"valueRequired\":true,\"valueName\":\"search_term_string\"}}],\"inLanguage\":\"az\"},{\"@type\":\"Organization\",\"@id\":\"https:\/\/geoclimate.ge\/#organization\",\"name\":\"GeoClimate\",\"url\":\"https:\/\/geoclimate.ge\/\",\"logo\":{\"@type\":\"ImageObject\",\"inLanguage\":\"az\",\"@id\":\"https:\/\/geoclimate.ge\/#\/schema\/logo\/image\/\",\"url\":\"https:\/\/geoclimate.ge\/wp-content\/uploads\/2026\/03\/geoclimate-SEO.png\",\"contentUrl\":\"https:\/\/geoclimate.ge\/wp-content\/uploads\/2026\/03\/geoclimate-SEO.png\",\"width\":1536,\"height\":1024,\"caption\":\"GeoClimate\"},\"image\":{\"@id\":\"https:\/\/geoclimate.ge\/#\/schema\/logo\/image\/\"}}]}<\/script>\n<!-- \/ Yoast SEO plugin. -->","yoast_head_json":{"title":"Mexanik Dizayn - \u0130stilik, Havaland\u0131rma v\u0259 Kondisioner HVAC - GeoClimate.ge","robots":{"index":"index","follow":"follow","max-snippet":"max-snippet:-1","max-image-preview":"max-image-preview:large","max-video-preview":"max-video-preview:-1"},"canonical":"https:\/\/geoclimate.ge\/az\/product\/mep-design\/","og_locale":"az_AZ","og_type":"article","og_title":"Mexanik Dizayn - \u0130stilik, Havaland\u0131rma v\u0259 Kondisioner HVAC - GeoClimate.ge","og_description":"\u0130stilik, havaland\u0131rma v\u0259 kondisioner\u00a0(HVAC) qapal\u0131 m\u0259kanda havan\u0131n temperaturu, r\u00fctub\u0259ti v\u0259 t\u0259mizliyin\u0259 n\u0259zar\u0259t etm\u0259k \u00fc\u00e7\u00fcn m\u00fcxt\u0259lif texnologiyalar\u0131n istifad\u0259sidir. Onun m\u0259qs\u0259di\u00a0termal rahatl\u0131q\u00a0v\u0259 m\u0259qbul\u00a0daxili hava keyfiyy\u0259tini t\u0259min etm\u0259kdir. HVAC sisteminin dizayn\u0131 termodinamika, maye mexanikas\u0131 v\u0259 istilik \u00f6t\u00fcr\u00fclm\u0259si prinsipl\u0259rin\u0259 \u0259saslanan ma\u015f\u0131nqay\u0131rman\u0131n alt sah\u0259sidir.","og_url":"https:\/\/geoclimate.ge\/az\/product\/mep-design\/","og_site_name":"GeoClimate.ge","article_modified_time":"2025-05-20T08:15:17+00:00","og_image":[{"width":700,"height":428,"url":"https:\/\/geoclimate.ge\/wp-content\/uploads\/2025\/04\/mehanicheskaya_ventilaicia4.gif","type":"image\/gif"}],"twitter_card":"summary_large_image","schema":{"@context":"https:\/\/schema.org","@graph":[{"@type":"WebPage","@id":"https:\/\/geoclimate.ge\/az\/product\/mep-design\/","url":"https:\/\/geoclimate.ge\/az\/product\/mep-design\/","name":"Mexanik Dizayn - \u0130stilik, Havaland\u0131rma v\u0259 Kondisioner HVAC - GeoClimate.ge","isPartOf":{"@id":"https:\/\/geoclimate.ge\/#website"},"primaryImageOfPage":{"@id":"https:\/\/geoclimate.ge\/az\/product\/mep-design\/#primaryimage"},"image":{"@id":"https:\/\/geoclimate.ge\/az\/product\/mep-design\/#primaryimage"},"thumbnailUrl":"https:\/\/geoclimate.ge\/wp-content\/uploads\/2025\/04\/mehanicheskaya_ventilaicia4.gif","datePublished":"2025-04-22T17:21:10+00:00","dateModified":"2025-05-20T08:15:17+00:00","breadcrumb":{"@id":"https:\/\/geoclimate.ge\/az\/product\/mep-design\/#breadcrumb"},"inLanguage":"az","potentialAction":[{"@type":"ReadAction","target":["https:\/\/geoclimate.ge\/az\/product\/mep-design\/"]}]},{"@type":"ImageObject","inLanguage":"az","@id":"https:\/\/geoclimate.ge\/az\/product\/mep-design\/#primaryimage","url":"https:\/\/geoclimate.ge\/wp-content\/uploads\/2025\/04\/mehanicheskaya_ventilaicia4.gif","contentUrl":"https:\/\/geoclimate.ge\/wp-content\/uploads\/2025\/04\/mehanicheskaya_ventilaicia4.gif","width":700,"height":428},{"@type":"BreadcrumbList","@id":"https:\/\/geoclimate.ge\/az\/product\/mep-design\/#breadcrumb","itemListElement":[{"@type":"ListItem","position":1,"name":"Home","item":"https:\/\/geoclimate.ge\/az\/"},{"@type":"ListItem","position":2,"name":"M\u0259hsullar","item":"https:\/\/geoclimate.ge\/az\/products\/"},{"@type":"ListItem","position":3,"name":"Mexanik Dizayn &#8211; \u0130stilik, Havaland\u0131rma v\u0259 Kondisioner HVAC"}]},{"@type":"WebSite","@id":"https:\/\/geoclimate.ge\/#website","url":"https:\/\/geoclimate.ge\/","name":"GeoClimate","description":"","publisher":{"@id":"https:\/\/geoclimate.ge\/#organization"},"potentialAction":[{"@type":"SearchAction","target":{"@type":"EntryPoint","urlTemplate":"https:\/\/geoclimate.ge\/?s={search_term_string}"},"query-input":{"@type":"PropertyValueSpecification","valueRequired":true,"valueName":"search_term_string"}}],"inLanguage":"az"},{"@type":"Organization","@id":"https:\/\/geoclimate.ge\/#organization","name":"GeoClimate","url":"https:\/\/geoclimate.ge\/","logo":{"@type":"ImageObject","inLanguage":"az","@id":"https:\/\/geoclimate.ge\/#\/schema\/logo\/image\/","url":"https:\/\/geoclimate.ge\/wp-content\/uploads\/2026\/03\/geoclimate-SEO.png","contentUrl":"https:\/\/geoclimate.ge\/wp-content\/uploads\/2026\/03\/geoclimate-SEO.png","width":1536,"height":1024,"caption":"GeoClimate"},"image":{"@id":"https:\/\/geoclimate.ge\/#\/schema\/logo\/image\/"}}]}},"_links":{"self":[{"href":"https:\/\/geoclimate.ge\/az\/wp-json\/wp\/v2\/product\/31896","targetHints":{"allow":["GET"]}}],"collection":[{"href":"https:\/\/geoclimate.ge\/az\/wp-json\/wp\/v2\/product"}],"about":[{"href":"https:\/\/geoclimate.ge\/az\/wp-json\/wp\/v2\/types\/product"}],"wp:featuredmedia":[{"embeddable":true,"href":"https:\/\/geoclimate.ge\/az\/wp-json\/wp\/v2\/media\/30429"}],"wp:attachment":[{"href":"https:\/\/geoclimate.ge\/az\/wp-json\/wp\/v2\/media?parent=31896"}],"wp:term":[{"taxonomy":"product_brand","embeddable":true,"href":"https:\/\/geoclimate.ge\/az\/wp-json\/wp\/v2\/product_brand?post=31896"},{"taxonomy":"product_cat","embeddable":true,"href":"https:\/\/geoclimate.ge\/az\/wp-json\/wp\/v2\/product_cat?post=31896"},{"taxonomy":"product_tag","embeddable":true,"href":"https:\/\/geoclimate.ge\/az\/wp-json\/wp\/v2\/product_tag?post=31896"}],"curies":[{"name":"wp","href":"https:\/\/api.w.org\/{rel}","templated":true}]}}