{"id":32082,"date":"2025-05-20T19:34:28","date_gmt":"2025-05-20T15:34:28","guid":{"rendered":"https:\/\/airsystems.ge\/shop\/product\/bat-detector-sm4bat\/"},"modified":"2025-05-20T19:37:59","modified_gmt":"2025-05-20T15:37:59","slug":"bat-detector-sm4bat","status":"publish","type":"product","link":"https:\/\/geoclimate.ge\/az\/product\/bat-detector-sm4bat\/","title":{"rendered":"Batareya Detektoru SM4BAT"},"content":{"rendered":"<p>Yarasalar\u0131n d\u00f6vri, m\u00f6vs\u00fcmi v\u0259 ya uzunm\u00fcdd\u0259tli akustik monitorinqi<\/p>\n<p>Y\u00fcng\u00fcl, portativ v\u0259 tamamil\u0259 hava \u015f\u0259raitin\u0259 davaml\u0131d\u0131r<br \/>\nRahat Quick Start il\u0259 qura\u015fd\u0131rmaq v\u0259 istifad\u0259 etm\u0259k asand\u0131r<br \/>\nAmmonit Meteo-40 datalogger vasit\u0259sil\u0259 SCADA sisteml\u0259rin\u0259 asan inteqrasiya<\/p>\n<p>SM4BAT, dem\u0259k olar ki, h\u0259r hans\u0131 bir ekoloji \u015f\u0259raitd\u0259 v\u0259h\u015fi t\u0259bi\u0259t bioakustikas\u0131n\u0131n d\u00f6vri, m\u00f6vs\u00fcmi v\u0259 uzunm\u00fcdd\u0259tli monitorinqi \u00fc\u00e7\u00fcn n\u0259z\u0259rd\u0259 tutulmu\u015f hava \u015f\u0259raitin\u0259 davaml\u0131, proqramla\u015fd\u0131r\u0131la bil\u0259n audio yaz\u0131c\u0131d\u0131r. Siz m\u00fcxt\u0259lif ehtiyaclar\u0131 \u00f6d\u0259m\u0259k \u00fc\u00e7\u00fcn g\u00fcnd\u0259lik qeydl\u0259ri planla\u015fd\u0131ra bil\u0259rsiniz, o c\u00fcml\u0259d\u0259n g\u00fcn\u0259\u015fin \u00e7\u0131xmas\u0131 v\u0259 q\u00fcrubuna nisb\u0259t\u0259n vaxtlar, yand\u0131rma\/s\u00f6nd\u00fcrm\u0259 rejiml\u0259ri il\u0259 x\u00fcsusi i\u015f d\u00f6vrl\u0259ri v\u0259 b\u00fct\u00fcn g\u00fcn v\u0259 b\u00fct\u00fcn gec\u0259 davaml\u0131 monitorinq.<\/p>\n<p>SM4BAT uzun m\u00fcdd\u0259t qeyd etm\u0259k \u00fc\u00e7\u00fcn batareyan\u0131n \u00f6mr\u00fcn\u00fc v\u0259 yadda\u015f tutumunu optimalla\u015fd\u0131r\u0131r. H\u0259m yadda\u015f yuvalar\u0131ndan, h\u0259m d\u0259 yeni q\u0259l\u0259vi batareyalardan istifad\u0259 ed\u0259r\u0259k, tipik bir yerl\u0259\u015fdirm\u0259 bir ne\u00e7\u0259 ay \u0259rzind\u0259 650 saata q\u0259d\u0259r yaza bil\u0259r.<br \/>\nM\u00f6hk\u0259m polikarbonatdan haz\u0131rlanm\u0131\u015f SM4BAT SM3BAT-\u0131n \u00e7\u0259kisi v\u0259 \u00f6l\u00e7\u00fcs\u00fcn\u00fcn yar\u0131s\u0131ndan azd\u0131r. \u0130nteqrasiya edilmi\u015f montaj m\u00f6t\u0259riz\u0259si v\u0259 hava \u015f\u0259raitin\u0259 davaml\u0131 t\u0259hl\u00fck\u0259sizlik \u00f6rt\u00fcy\u00fc qur\u011funu \u0259n a\u011f\u0131r \u015f\u0259raitd\u0259 t\u0259hl\u00fck\u0259siz v\u0259 quru saxlay\u0131r.<\/p>\n<p>Tez ba\u015flama\u011f\u0131n\u0131z \u00fc\u00e7\u00fcn SM4BAT tamamil\u0259 yeni, istifad\u0259si asan, Tez Ba\u015flan\u011f\u0131c menyusu v\u0259 Planla\u015fd\u0131r\u0131c\u0131ya malikdir. Daxili c\u0259dv\u0259ll\u0259rd\u0259n istifad\u0259 edin v\u0259 ya onlar\u0131 x\u00fcsusi qeyd ehtiyaclar\u0131n\u0131z \u00fc\u00e7\u00fcn f\u0259rdil\u0259\u015fdirin.<\/p>\n<table border=\"1\" width=\"594\" cellspacing=\"1\" cellpadding=\"1\">\n<thead>\n<tr>\n<th scope=\"col\"><span style=\"font-weight: 400;\">Characteristic<\/span><\/th>\n<th scope=\"col\"><span style=\"font-weight: 400;\">Description<\/span><\/th>\n<\/tr>\n<\/thead>\n<tbody>\n<tr>\n<td>Recording Channels<\/td>\n<td>2<\/td>\n<\/tr>\n<tr>\n<td>Recording Technologies<\/td>\n<td>16-bit PCM .wav<\/td>\n<\/tr>\n<tr>\n<td colspan=\"2\">Audio<\/td>\n<\/tr>\n<tr>\n<td>Amplifier Gain<\/td>\n<td>Preamp: 0 dB or 26 dB, Amplifier: 0 dB \u2026 59.5 dB in 0.5 dB steps<\/td>\n<\/tr>\n<tr>\n<td>Noise Floor<\/td>\n<td>-93 dBV, A-Weighted (@0 dB gain, HPF disabled)<\/td>\n<\/tr>\n<tr>\n<td>High Pass Filter<\/td>\n<td>220 Hz or 1 kHz<\/td>\n<\/tr>\n<tr>\n<td>Sample Rates [kHz]<\/td>\n<td>8, 12, 16, 22, 05, 24, 32, 44.1, 48, 96<\/td>\n<\/tr>\n<tr>\n<td>Microphone, internal<\/td>\n<td>Sensitivity: -35 \u00b14 dB (0 dB=1V\/pa@1kHz)<\/td>\n<\/tr>\n<tr>\n<td>Microphone, external (SMM-A2)<\/td>\n<td>Sensitivity: -9 \u00b14 dB (0 dB=1V\/pa@1kHz)<\/td>\n<\/tr>\n<tr>\n<td colspan=\"2\">Accessories<\/td>\n<\/tr>\n<tr>\n<td>Memory<\/td>\n<td>Class 4 or faster SDHC and SDXC (no reformat required),<br \/>\nup to 32 GB SDHC or up to 512 GB SDXC per slot<\/td>\n<\/tr>\n<tr>\n<td>Adapter<\/td>\n<td>Adapter RS-232 to RS-485 (optional:M88010)<\/td>\n<\/tr>\n<tr>\n<td>Optional<\/td>\n<td>Y-cable for external supply and RS-232<\/td>\n<\/tr>\n<tr>\n<td>Integrated<\/td>\n<td>RS-232 UART<\/td>\n<\/tr>\n<tr>\n<td>Bandrate<\/td>\n<td>19 200 or 38 400 automatically<br \/>\n8N1<\/td>\n<\/tr>\n<tr>\n<td colspan=\"2\">Supply<\/td>\n<\/tr>\n<tr>\n<td>Power Supply<\/td>\n<td>External: 5 \u2013 17 VDC<br \/>\nInternal: 4 standard D size disposable alkaline batteries<br \/>\nClock Backup Bat.: 3.0 VDC lithium CR2032<\/td>\n<\/tr>\n<tr>\n<td>Power Consumption<\/td>\n<td>Recording: 100 \u2013 180 mW, Sleeping: 1.8 mW<\/td>\n<\/tr>\n<tr>\n<td>Operating Temperature<\/td>\n<td>-20 \u00b0C to 85 \u00b0C<\/td>\n<\/tr>\n<tr>\n<td>Dimension<\/td>\n<td>218 mm x 152 mm x 78 mm (L x W x H)<\/td>\n<\/tr>\n<tr>\n<td>Weight with 4 D batteries<\/td>\n<td>1.3 kg<\/td>\n<\/tr>\n<tr>\n<td>Manufacturer<\/td>\n<td>Wildlife Acoustics, Inc.<\/td>\n<\/tr>\n<\/tbody>\n<\/table>\n","protected":false},"excerpt":{"rendered":"<h3>Sifari\u015f n\u00f6mr\u0259si<\/h3>\n<p>SB1110<\/p>\n","protected":false},"featured_media":32071,"template":"","meta":[],"product_brand":[],"product_cat":[1583,1336,1543],"product_tag":[],"class_list":{"0":"post-32082","1":"product","2":"type-product","3":"status-publish","4":"has-post-thumbnail","6":"product_cat-batareyanin-askarlanmasi","7":"product_cat-brpa-olunan-enerji-kulk-v-guns-enerjisi-olcusu-az","8":"product_cat-data-logger-aksesuarlari","10":"first","11":"instock","12":"shipping-taxable","13":"product-type-simple"},"yoast_head":"<!-- This site is optimized with the Yoast SEO plugin v27.1.1 - https:\/\/yoast.com\/product\/yoast-seo-wordpress\/ -->\n<title>Batareya Detektoru SM4BAT - GeoClimate.ge<\/title>\n<meta name=\"robots\" content=\"index, follow, max-snippet:-1, max-image-preview:large, max-video-preview:-1\" \/>\n<link rel=\"canonical\" href=\"https:\/\/geoclimate.ge\/az\/product\/bat-detector-sm4bat\/\" \/>\n<meta property=\"og:locale\" content=\"az_AZ\" \/>\n<meta property=\"og:type\" content=\"article\" \/>\n<meta property=\"og:title\" content=\"Batareya Detektoru SM4BAT - GeoClimate.ge\" \/>\n<meta property=\"og:description\" content=\"Sifari\u015f n\u00f6mr\u0259si SB1110\" \/>\n<meta property=\"og:url\" content=\"https:\/\/geoclimate.ge\/az\/product\/bat-detector-sm4bat\/\" \/>\n<meta property=\"og:site_name\" content=\"GeoClimate.ge\" \/>\n<meta property=\"article:modified_time\" content=\"2025-05-20T15:37:59+00:00\" \/>\n<meta property=\"og:image\" content=\"https:\/\/geoclimate.ge\/wp-content\/uploads\/2025\/05\/sm4-bat-fs-photo.png__490x490_q85_crop_subsampling-2_upscale.png\" \/>\n\t<meta property=\"og:image:width\" content=\"490\" \/>\n\t<meta property=\"og:image:height\" content=\"490\" \/>\n\t<meta property=\"og:image:type\" content=\"image\/png\" \/>\n<meta name=\"twitter:card\" content=\"summary_large_image\" \/>\n<meta name=\"twitter:label1\" content=\"Est. reading time\" \/>\n\t<meta name=\"twitter:data1\" content=\"2 minutes\" \/>\n<script type=\"application\/ld+json\" class=\"yoast-schema-graph\">{\"@context\":\"https:\/\/schema.org\",\"@graph\":[{\"@type\":\"WebPage\",\"@id\":\"https:\/\/geoclimate.ge\/az\/product\/bat-detector-sm4bat\/\",\"url\":\"https:\/\/geoclimate.ge\/az\/product\/bat-detector-sm4bat\/\",\"name\":\"Batareya Detektoru SM4BAT - GeoClimate.ge\",\"isPartOf\":{\"@id\":\"https:\/\/geoclimate.ge\/#website\"},\"primaryImageOfPage\":{\"@id\":\"https:\/\/geoclimate.ge\/az\/product\/bat-detector-sm4bat\/#primaryimage\"},\"image\":{\"@id\":\"https:\/\/geoclimate.ge\/az\/product\/bat-detector-sm4bat\/#primaryimage\"},\"thumbnailUrl\":\"https:\/\/geoclimate.ge\/wp-content\/uploads\/2025\/05\/sm4-bat-fs-photo.png__490x490_q85_crop_subsampling-2_upscale.png\",\"datePublished\":\"2025-05-20T15:34:28+00:00\",\"dateModified\":\"2025-05-20T15:37:59+00:00\",\"breadcrumb\":{\"@id\":\"https:\/\/geoclimate.ge\/az\/product\/bat-detector-sm4bat\/#breadcrumb\"},\"inLanguage\":\"az\",\"potentialAction\":[{\"@type\":\"ReadAction\",\"target\":[\"https:\/\/geoclimate.ge\/az\/product\/bat-detector-sm4bat\/\"]}]},{\"@type\":\"ImageObject\",\"inLanguage\":\"az\",\"@id\":\"https:\/\/geoclimate.ge\/az\/product\/bat-detector-sm4bat\/#primaryimage\",\"url\":\"https:\/\/geoclimate.ge\/wp-content\/uploads\/2025\/05\/sm4-bat-fs-photo.png__490x490_q85_crop_subsampling-2_upscale.png\",\"contentUrl\":\"https:\/\/geoclimate.ge\/wp-content\/uploads\/2025\/05\/sm4-bat-fs-photo.png__490x490_q85_crop_subsampling-2_upscale.png\",\"width\":490,\"height\":490},{\"@type\":\"BreadcrumbList\",\"@id\":\"https:\/\/geoclimate.ge\/az\/product\/bat-detector-sm4bat\/#breadcrumb\",\"itemListElement\":[{\"@type\":\"ListItem\",\"position\":1,\"name\":\"Home\",\"item\":\"https:\/\/geoclimate.ge\/az\/\"},{\"@type\":\"ListItem\",\"position\":2,\"name\":\"M\u0259hsullar\",\"item\":\"https:\/\/geoclimate.ge\/az\/products\/\"},{\"@type\":\"ListItem\",\"position\":3,\"name\":\"Batareya Detektoru SM4BAT\"}]},{\"@type\":\"WebSite\",\"@id\":\"https:\/\/geoclimate.ge\/#website\",\"url\":\"https:\/\/geoclimate.ge\/\",\"name\":\"GeoClimate\",\"description\":\"\",\"publisher\":{\"@id\":\"https:\/\/geoclimate.ge\/#organization\"},\"potentialAction\":[{\"@type\":\"SearchAction\",\"target\":{\"@type\":\"EntryPoint\",\"urlTemplate\":\"https:\/\/geoclimate.ge\/?s={search_term_string}\"},\"query-input\":{\"@type\":\"PropertyValueSpecification\",\"valueRequired\":true,\"valueName\":\"search_term_string\"}}],\"inLanguage\":\"az\"},{\"@type\":\"Organization\",\"@id\":\"https:\/\/geoclimate.ge\/#organization\",\"name\":\"GeoClimate\",\"url\":\"https:\/\/geoclimate.ge\/\",\"logo\":{\"@type\":\"ImageObject\",\"inLanguage\":\"az\",\"@id\":\"https:\/\/geoclimate.ge\/#\/schema\/logo\/image\/\",\"url\":\"https:\/\/geoclimate.ge\/wp-content\/uploads\/2026\/03\/geoclimate-SEO.png\",\"contentUrl\":\"https:\/\/geoclimate.ge\/wp-content\/uploads\/2026\/03\/geoclimate-SEO.png\",\"width\":1536,\"height\":1024,\"caption\":\"GeoClimate\"},\"image\":{\"@id\":\"https:\/\/geoclimate.ge\/#\/schema\/logo\/image\/\"}}]}<\/script>\n<!-- \/ Yoast SEO plugin. -->","yoast_head_json":{"title":"Batareya Detektoru SM4BAT - GeoClimate.ge","robots":{"index":"index","follow":"follow","max-snippet":"max-snippet:-1","max-image-preview":"max-image-preview:large","max-video-preview":"max-video-preview:-1"},"canonical":"https:\/\/geoclimate.ge\/az\/product\/bat-detector-sm4bat\/","og_locale":"az_AZ","og_type":"article","og_title":"Batareya Detektoru SM4BAT - GeoClimate.ge","og_description":"Sifari\u015f n\u00f6mr\u0259si SB1110","og_url":"https:\/\/geoclimate.ge\/az\/product\/bat-detector-sm4bat\/","og_site_name":"GeoClimate.ge","article_modified_time":"2025-05-20T15:37:59+00:00","og_image":[{"width":490,"height":490,"url":"https:\/\/geoclimate.ge\/wp-content\/uploads\/2025\/05\/sm4-bat-fs-photo.png__490x490_q85_crop_subsampling-2_upscale.png","type":"image\/png"}],"twitter_card":"summary_large_image","twitter_misc":{"Est. reading time":"2 minutes"},"schema":{"@context":"https:\/\/schema.org","@graph":[{"@type":"WebPage","@id":"https:\/\/geoclimate.ge\/az\/product\/bat-detector-sm4bat\/","url":"https:\/\/geoclimate.ge\/az\/product\/bat-detector-sm4bat\/","name":"Batareya Detektoru SM4BAT - GeoClimate.ge","isPartOf":{"@id":"https:\/\/geoclimate.ge\/#website"},"primaryImageOfPage":{"@id":"https:\/\/geoclimate.ge\/az\/product\/bat-detector-sm4bat\/#primaryimage"},"image":{"@id":"https:\/\/geoclimate.ge\/az\/product\/bat-detector-sm4bat\/#primaryimage"},"thumbnailUrl":"https:\/\/geoclimate.ge\/wp-content\/uploads\/2025\/05\/sm4-bat-fs-photo.png__490x490_q85_crop_subsampling-2_upscale.png","datePublished":"2025-05-20T15:34:28+00:00","dateModified":"2025-05-20T15:37:59+00:00","breadcrumb":{"@id":"https:\/\/geoclimate.ge\/az\/product\/bat-detector-sm4bat\/#breadcrumb"},"inLanguage":"az","potentialAction":[{"@type":"ReadAction","target":["https:\/\/geoclimate.ge\/az\/product\/bat-detector-sm4bat\/"]}]},{"@type":"ImageObject","inLanguage":"az","@id":"https:\/\/geoclimate.ge\/az\/product\/bat-detector-sm4bat\/#primaryimage","url":"https:\/\/geoclimate.ge\/wp-content\/uploads\/2025\/05\/sm4-bat-fs-photo.png__490x490_q85_crop_subsampling-2_upscale.png","contentUrl":"https:\/\/geoclimate.ge\/wp-content\/uploads\/2025\/05\/sm4-bat-fs-photo.png__490x490_q85_crop_subsampling-2_upscale.png","width":490,"height":490},{"@type":"BreadcrumbList","@id":"https:\/\/geoclimate.ge\/az\/product\/bat-detector-sm4bat\/#breadcrumb","itemListElement":[{"@type":"ListItem","position":1,"name":"Home","item":"https:\/\/geoclimate.ge\/az\/"},{"@type":"ListItem","position":2,"name":"M\u0259hsullar","item":"https:\/\/geoclimate.ge\/az\/products\/"},{"@type":"ListItem","position":3,"name":"Batareya Detektoru SM4BAT"}]},{"@type":"WebSite","@id":"https:\/\/geoclimate.ge\/#website","url":"https:\/\/geoclimate.ge\/","name":"GeoClimate","description":"","publisher":{"@id":"https:\/\/geoclimate.ge\/#organization"},"potentialAction":[{"@type":"SearchAction","target":{"@type":"EntryPoint","urlTemplate":"https:\/\/geoclimate.ge\/?s={search_term_string}"},"query-input":{"@type":"PropertyValueSpecification","valueRequired":true,"valueName":"search_term_string"}}],"inLanguage":"az"},{"@type":"Organization","@id":"https:\/\/geoclimate.ge\/#organization","name":"GeoClimate","url":"https:\/\/geoclimate.ge\/","logo":{"@type":"ImageObject","inLanguage":"az","@id":"https:\/\/geoclimate.ge\/#\/schema\/logo\/image\/","url":"https:\/\/geoclimate.ge\/wp-content\/uploads\/2026\/03\/geoclimate-SEO.png","contentUrl":"https:\/\/geoclimate.ge\/wp-content\/uploads\/2026\/03\/geoclimate-SEO.png","width":1536,"height":1024,"caption":"GeoClimate"},"image":{"@id":"https:\/\/geoclimate.ge\/#\/schema\/logo\/image\/"}}]}},"_links":{"self":[{"href":"https:\/\/geoclimate.ge\/az\/wp-json\/wp\/v2\/product\/32082","targetHints":{"allow":["GET"]}}],"collection":[{"href":"https:\/\/geoclimate.ge\/az\/wp-json\/wp\/v2\/product"}],"about":[{"href":"https:\/\/geoclimate.ge\/az\/wp-json\/wp\/v2\/types\/product"}],"wp:featuredmedia":[{"embeddable":true,"href":"https:\/\/geoclimate.ge\/az\/wp-json\/wp\/v2\/media\/32071"}],"wp:attachment":[{"href":"https:\/\/geoclimate.ge\/az\/wp-json\/wp\/v2\/media?parent=32082"}],"wp:term":[{"taxonomy":"product_brand","embeddable":true,"href":"https:\/\/geoclimate.ge\/az\/wp-json\/wp\/v2\/product_brand?post=32082"},{"taxonomy":"product_cat","embeddable":true,"href":"https:\/\/geoclimate.ge\/az\/wp-json\/wp\/v2\/product_cat?post=32082"},{"taxonomy":"product_tag","embeddable":true,"href":"https:\/\/geoclimate.ge\/az\/wp-json\/wp\/v2\/product_tag?post=32082"}],"curies":[{"name":"wp","href":"https:\/\/api.w.org\/{rel}","templated":true}]}}