{"id":32098,"date":"2025-05-20T19:45:21","date_gmt":"2025-05-20T15:45:21","guid":{"rendered":"https:\/\/airsystems.ge\/shop\/product\/outdoor-network-camera-set-mobotix-m25\/"},"modified":"2025-05-20T19:49:19","modified_gmt":"2025-05-20T15:49:19","slug":"outdoor-network-camera-set-mobotix-m25","status":"publish","type":"product","link":"https:\/\/geoclimate.ge\/az\/product\/outdoor-network-camera-set-mobotix-m25\/","title":{"rendered":"Xarici \u015e\u0259b\u0259k\u0259 Kamera D\u0259sti Mobotix M25"},"content":{"rendered":"<p>MX-M25-D036 \u0259la t\u0259svir keyfiyy\u0259ti \u00fc\u00e7\u00fcn 6 meqapiksellik sensor texnologiyas\u0131 il\u0259 y\u0131\u011fcam, q\u0259na\u0259tcil v\u0259 olduqca g\u00fccl\u00fc h\u0259rt\u0259r\u0259fli kamerad\u0131r. O, tam olaraq IP66 sertifikatl\u0131 korpus v\u0259 MicroSD kart\u0131nda uzunm\u00fcdd\u0259tli daxili yadda\u015fla t\u0259chiz olunub.<\/p>\n<p>Xarici kamera \u00e7atd\u0131r\u0131lan montaj d\u0259stind\u0259n istifad\u0259 etm\u0259kl\u0259 dir\u0259kl\u0259r\u0259 s\u00fcr\u0259tli v\u0259 sad\u0259 \u015f\u0259kild\u0259 qura\u015fd\u0131r\u0131la bil\u0259r. Onun m\u00f6hk\u0259m, az qulluq t\u0259l\u0259b ed\u0259n v\u0259 hava \u015f\u0259raitin\u0259 davaml\u0131 dizayn\u0131 a\u00e7\u0131q hava kameras\u0131n\u0131 -30 il\u0259 +50\u00b0C aras\u0131nda olan iqlim \u015f\u0259raitind\u0259 istifad\u0259 etm\u0259y\u0259 imkan verir (IP66).<\/p>\n<p>&nbsp;<\/p>\n<table border=\"1\" width=\"594\" cellspacing=\"1\" cellpadding=\"1\">\n<thead>\n<tr>\n<th colspan=\"2\" scope=\"col\">\n<h3><span style=\"color: #333333;\"><span style=\"font-size: 16px; font-weight: 400;\">Visual performance<\/span><\/span><\/h3>\n<\/th>\n<\/tr>\n<\/thead>\n<tbody>\n<tr>\n<td>Lenses<\/td>\n<td>B036 super wide-angle with 103\u00b0 angle of view (horizontally)<\/td>\n<\/tr>\n<tr>\n<td>Max. image resolution<\/td>\n<td>Color and B\/W: 6-megapixel (3072 x 2048)<\/td>\n<\/tr>\n<tr>\n<td>Sensitivity<\/td>\n<td>Color: 0.1 lux @ 1\/60 s, 0.005 lux @ 1 s<br \/>\nB\/W: 0.02 lux @ 1\/60 s, 0.001 lux @ 1\/1 s<\/td>\n<\/tr>\n<tr>\n<td>Max. frame rate M-JPEG<br \/>\n(live\/recording)<\/td>\n<td>HD: 15 fps, MEGA: 12 fps, QXGA: 6 B\/s, 5MP: 4 B\/s, 6MP: 4 B\/s<\/td>\n<\/tr>\n<tr>\n<td colspan=\"2\">\n<h3><span style=\"color: #333333;\"><span style=\"font-size: 16px; font-weight: 400;\">Power<\/span><\/span><\/h3>\n<\/td>\n<\/tr>\n<tr>\n<td>Power supply<\/td>\n<td>Power over Ethernet (PoE) in accordance with IEEE 802.3af:<br \/>\nPoE class variable (2\/3) depending on operating mode<\/td>\n<\/tr>\n<tr>\n<td>Power consumption (typ.)<\/td>\n<td>&lt; 4.5 W<\/td>\n<\/tr>\n<tr>\n<td colspan=\"2\">\n<h3><span style=\"color: #333333;\"><span style=\"font-size: 16px; font-weight: 400;\">Camera operated with Meteo-40<\/span><\/span><\/h3>\n<\/td>\n<\/tr>\n<tr>\n<td>Accessories<\/td>\n<td>Power-over-Ethernet-Injector (IN: 9&#8230;36 VDC, OUT: 48V), overvoltage protection<\/td>\n<\/tr>\n<tr>\n<td colspan=\"2\">Stand-alone operation with battery<\/td>\n<\/tr>\n<tr>\n<td>Accessories<\/td>\n<td>Power-over-Ethernet-Injector (IN: 9&#8230;36 VDC, OUT: 48V), overvoltage protection, battery 12V\/24V, fuse<\/td>\n<\/tr>\n<tr>\n<td colspan=\"2\">\n<h3><span style=\"color: #333333;\"><span style=\"font-size: 16px; font-weight: 400;\">General<\/span><\/span><\/h3>\n<\/td>\n<\/tr>\n<tr>\n<td>Internal DVR<\/td>\n<td>MicroSD (4 GB card pre-installed)<\/td>\n<\/tr>\n<tr>\n<td>Interfaces<\/td>\n<td>10\/100 Ethernet, IPv4\/IPv6, MiniUSB, MxBus<\/td>\n<\/tr>\n<tr>\n<td>Security features<\/td>\n<td>User\/group management, HTTPS\/SSL, IP address filter, IEEE 802.1x, intrusion detection, digital image signature<\/td>\n<\/tr>\n<tr>\n<td>Operating temperature<\/td>\n<td>-30 &#8230; +50\u00b0C (integrated temperature sensor)<\/td>\n<\/tr>\n<tr>\n<td>Protection<\/td>\n<td>IP66 (DIN EN 60529)<\/td>\n<\/tr>\n<tr>\n<td>Certification<\/td>\n<td>EMC (EN 55022, CISPR 22, EN 55024, EN 61000-6-1\/2, FCC part15B, CFR 47, AS\/NZS 3548)<\/td>\n<\/tr>\n<tr>\n<td>Dimensions \/ Weight<\/td>\n<td>140 x 230 x 190 mm (width x depth x height) \/ approx. 750 g<\/td>\n<\/tr>\n<tr>\n<td>Manufacturer<\/td>\n<td>Mobotix<\/td>\n<\/tr>\n<\/tbody>\n<\/table>\n","protected":false},"excerpt":{"rendered":"<h3>Sifari\u015f n\u00f6mr\u0259si<\/h3>\n<p>MC1601<\/p>\n","protected":false},"featured_media":32090,"template":"","meta":[],"product_brand":[],"product_cat":[1336,1543,1590],"product_tag":[],"class_list":{"0":"post-32098","1":"product","2":"type-product","3":"status-publish","4":"has-post-thumbnail","6":"product_cat-brpa-olunan-enerji-kulk-v-guns-enerjisi-olcusu-az","7":"product_cat-data-logger-aksesuarlari","8":"product_cat-kamera","10":"first","11":"instock","12":"shipping-taxable","13":"product-type-simple"},"yoast_head":"<!-- This site is optimized with the Yoast SEO plugin v27.1.1 - https:\/\/yoast.com\/product\/yoast-seo-wordpress\/ -->\n<title>Xarici \u015e\u0259b\u0259k\u0259 Kamera D\u0259sti Mobotix M25 - GeoClimate.ge<\/title>\n<meta name=\"robots\" content=\"index, follow, max-snippet:-1, max-image-preview:large, max-video-preview:-1\" \/>\n<link rel=\"canonical\" href=\"https:\/\/geoclimate.ge\/az\/product\/outdoor-network-camera-set-mobotix-m25\/\" \/>\n<meta property=\"og:locale\" content=\"az_AZ\" \/>\n<meta property=\"og:type\" content=\"article\" \/>\n<meta property=\"og:title\" content=\"Xarici \u015e\u0259b\u0259k\u0259 Kamera D\u0259sti Mobotix M25 - GeoClimate.ge\" \/>\n<meta property=\"og:description\" content=\"Sifari\u015f n\u00f6mr\u0259si MC1601\" \/>\n<meta property=\"og:url\" content=\"https:\/\/geoclimate.ge\/az\/product\/outdoor-network-camera-set-mobotix-m25\/\" \/>\n<meta property=\"og:site_name\" content=\"GeoClimate.ge\" \/>\n<meta property=\"article:modified_time\" content=\"2025-05-20T15:49:19+00:00\" \/>\n<meta property=\"og:image\" content=\"https:\/\/geoclimate.ge\/wp-content\/uploads\/2025\/05\/outdoor_camera-mobotix-m25.jpg__490x490_q85_crop_subsampling-2_upscale.jpg\" \/>\n\t<meta property=\"og:image:width\" content=\"490\" \/>\n\t<meta property=\"og:image:height\" content=\"490\" \/>\n\t<meta property=\"og:image:type\" content=\"image\/jpeg\" \/>\n<meta name=\"twitter:card\" content=\"summary_large_image\" \/>\n<meta name=\"twitter:label1\" content=\"Est. reading time\" \/>\n\t<meta name=\"twitter:data1\" content=\"1 minute\" \/>\n<script type=\"application\/ld+json\" class=\"yoast-schema-graph\">{\"@context\":\"https:\/\/schema.org\",\"@graph\":[{\"@type\":\"WebPage\",\"@id\":\"https:\/\/geoclimate.ge\/az\/product\/outdoor-network-camera-set-mobotix-m25\/\",\"url\":\"https:\/\/geoclimate.ge\/az\/product\/outdoor-network-camera-set-mobotix-m25\/\",\"name\":\"Xarici \u015e\u0259b\u0259k\u0259 Kamera D\u0259sti Mobotix M25 - GeoClimate.ge\",\"isPartOf\":{\"@id\":\"https:\/\/geoclimate.ge\/#website\"},\"primaryImageOfPage\":{\"@id\":\"https:\/\/geoclimate.ge\/az\/product\/outdoor-network-camera-set-mobotix-m25\/#primaryimage\"},\"image\":{\"@id\":\"https:\/\/geoclimate.ge\/az\/product\/outdoor-network-camera-set-mobotix-m25\/#primaryimage\"},\"thumbnailUrl\":\"https:\/\/geoclimate.ge\/wp-content\/uploads\/2025\/05\/outdoor_camera-mobotix-m25.jpg__490x490_q85_crop_subsampling-2_upscale.jpg\",\"datePublished\":\"2025-05-20T15:45:21+00:00\",\"dateModified\":\"2025-05-20T15:49:19+00:00\",\"breadcrumb\":{\"@id\":\"https:\/\/geoclimate.ge\/az\/product\/outdoor-network-camera-set-mobotix-m25\/#breadcrumb\"},\"inLanguage\":\"az\",\"potentialAction\":[{\"@type\":\"ReadAction\",\"target\":[\"https:\/\/geoclimate.ge\/az\/product\/outdoor-network-camera-set-mobotix-m25\/\"]}]},{\"@type\":\"ImageObject\",\"inLanguage\":\"az\",\"@id\":\"https:\/\/geoclimate.ge\/az\/product\/outdoor-network-camera-set-mobotix-m25\/#primaryimage\",\"url\":\"https:\/\/geoclimate.ge\/wp-content\/uploads\/2025\/05\/outdoor_camera-mobotix-m25.jpg__490x490_q85_crop_subsampling-2_upscale.jpg\",\"contentUrl\":\"https:\/\/geoclimate.ge\/wp-content\/uploads\/2025\/05\/outdoor_camera-mobotix-m25.jpg__490x490_q85_crop_subsampling-2_upscale.jpg\",\"width\":490,\"height\":490},{\"@type\":\"BreadcrumbList\",\"@id\":\"https:\/\/geoclimate.ge\/az\/product\/outdoor-network-camera-set-mobotix-m25\/#breadcrumb\",\"itemListElement\":[{\"@type\":\"ListItem\",\"position\":1,\"name\":\"Home\",\"item\":\"https:\/\/geoclimate.ge\/az\/\"},{\"@type\":\"ListItem\",\"position\":2,\"name\":\"M\u0259hsullar\",\"item\":\"https:\/\/geoclimate.ge\/az\/products\/\"},{\"@type\":\"ListItem\",\"position\":3,\"name\":\"Xarici \u015e\u0259b\u0259k\u0259 Kamera D\u0259sti Mobotix M25\"}]},{\"@type\":\"WebSite\",\"@id\":\"https:\/\/geoclimate.ge\/#website\",\"url\":\"https:\/\/geoclimate.ge\/\",\"name\":\"GeoClimate\",\"description\":\"\",\"publisher\":{\"@id\":\"https:\/\/geoclimate.ge\/#organization\"},\"potentialAction\":[{\"@type\":\"SearchAction\",\"target\":{\"@type\":\"EntryPoint\",\"urlTemplate\":\"https:\/\/geoclimate.ge\/?s={search_term_string}\"},\"query-input\":{\"@type\":\"PropertyValueSpecification\",\"valueRequired\":true,\"valueName\":\"search_term_string\"}}],\"inLanguage\":\"az\"},{\"@type\":\"Organization\",\"@id\":\"https:\/\/geoclimate.ge\/#organization\",\"name\":\"GeoClimate\",\"url\":\"https:\/\/geoclimate.ge\/\",\"logo\":{\"@type\":\"ImageObject\",\"inLanguage\":\"az\",\"@id\":\"https:\/\/geoclimate.ge\/#\/schema\/logo\/image\/\",\"url\":\"https:\/\/geoclimate.ge\/wp-content\/uploads\/2026\/03\/geoclimate-SEO.png\",\"contentUrl\":\"https:\/\/geoclimate.ge\/wp-content\/uploads\/2026\/03\/geoclimate-SEO.png\",\"width\":1536,\"height\":1024,\"caption\":\"GeoClimate\"},\"image\":{\"@id\":\"https:\/\/geoclimate.ge\/#\/schema\/logo\/image\/\"}}]}<\/script>\n<!-- \/ Yoast SEO plugin. -->","yoast_head_json":{"title":"Xarici \u015e\u0259b\u0259k\u0259 Kamera D\u0259sti Mobotix M25 - GeoClimate.ge","robots":{"index":"index","follow":"follow","max-snippet":"max-snippet:-1","max-image-preview":"max-image-preview:large","max-video-preview":"max-video-preview:-1"},"canonical":"https:\/\/geoclimate.ge\/az\/product\/outdoor-network-camera-set-mobotix-m25\/","og_locale":"az_AZ","og_type":"article","og_title":"Xarici \u015e\u0259b\u0259k\u0259 Kamera D\u0259sti Mobotix M25 - GeoClimate.ge","og_description":"Sifari\u015f n\u00f6mr\u0259si MC1601","og_url":"https:\/\/geoclimate.ge\/az\/product\/outdoor-network-camera-set-mobotix-m25\/","og_site_name":"GeoClimate.ge","article_modified_time":"2025-05-20T15:49:19+00:00","og_image":[{"width":490,"height":490,"url":"https:\/\/geoclimate.ge\/wp-content\/uploads\/2025\/05\/outdoor_camera-mobotix-m25.jpg__490x490_q85_crop_subsampling-2_upscale.jpg","type":"image\/jpeg"}],"twitter_card":"summary_large_image","twitter_misc":{"Est. reading time":"1 minute"},"schema":{"@context":"https:\/\/schema.org","@graph":[{"@type":"WebPage","@id":"https:\/\/geoclimate.ge\/az\/product\/outdoor-network-camera-set-mobotix-m25\/","url":"https:\/\/geoclimate.ge\/az\/product\/outdoor-network-camera-set-mobotix-m25\/","name":"Xarici \u015e\u0259b\u0259k\u0259 Kamera D\u0259sti Mobotix M25 - GeoClimate.ge","isPartOf":{"@id":"https:\/\/geoclimate.ge\/#website"},"primaryImageOfPage":{"@id":"https:\/\/geoclimate.ge\/az\/product\/outdoor-network-camera-set-mobotix-m25\/#primaryimage"},"image":{"@id":"https:\/\/geoclimate.ge\/az\/product\/outdoor-network-camera-set-mobotix-m25\/#primaryimage"},"thumbnailUrl":"https:\/\/geoclimate.ge\/wp-content\/uploads\/2025\/05\/outdoor_camera-mobotix-m25.jpg__490x490_q85_crop_subsampling-2_upscale.jpg","datePublished":"2025-05-20T15:45:21+00:00","dateModified":"2025-05-20T15:49:19+00:00","breadcrumb":{"@id":"https:\/\/geoclimate.ge\/az\/product\/outdoor-network-camera-set-mobotix-m25\/#breadcrumb"},"inLanguage":"az","potentialAction":[{"@type":"ReadAction","target":["https:\/\/geoclimate.ge\/az\/product\/outdoor-network-camera-set-mobotix-m25\/"]}]},{"@type":"ImageObject","inLanguage":"az","@id":"https:\/\/geoclimate.ge\/az\/product\/outdoor-network-camera-set-mobotix-m25\/#primaryimage","url":"https:\/\/geoclimate.ge\/wp-content\/uploads\/2025\/05\/outdoor_camera-mobotix-m25.jpg__490x490_q85_crop_subsampling-2_upscale.jpg","contentUrl":"https:\/\/geoclimate.ge\/wp-content\/uploads\/2025\/05\/outdoor_camera-mobotix-m25.jpg__490x490_q85_crop_subsampling-2_upscale.jpg","width":490,"height":490},{"@type":"BreadcrumbList","@id":"https:\/\/geoclimate.ge\/az\/product\/outdoor-network-camera-set-mobotix-m25\/#breadcrumb","itemListElement":[{"@type":"ListItem","position":1,"name":"Home","item":"https:\/\/geoclimate.ge\/az\/"},{"@type":"ListItem","position":2,"name":"M\u0259hsullar","item":"https:\/\/geoclimate.ge\/az\/products\/"},{"@type":"ListItem","position":3,"name":"Xarici \u015e\u0259b\u0259k\u0259 Kamera D\u0259sti Mobotix M25"}]},{"@type":"WebSite","@id":"https:\/\/geoclimate.ge\/#website","url":"https:\/\/geoclimate.ge\/","name":"GeoClimate","description":"","publisher":{"@id":"https:\/\/geoclimate.ge\/#organization"},"potentialAction":[{"@type":"SearchAction","target":{"@type":"EntryPoint","urlTemplate":"https:\/\/geoclimate.ge\/?s={search_term_string}"},"query-input":{"@type":"PropertyValueSpecification","valueRequired":true,"valueName":"search_term_string"}}],"inLanguage":"az"},{"@type":"Organization","@id":"https:\/\/geoclimate.ge\/#organization","name":"GeoClimate","url":"https:\/\/geoclimate.ge\/","logo":{"@type":"ImageObject","inLanguage":"az","@id":"https:\/\/geoclimate.ge\/#\/schema\/logo\/image\/","url":"https:\/\/geoclimate.ge\/wp-content\/uploads\/2026\/03\/geoclimate-SEO.png","contentUrl":"https:\/\/geoclimate.ge\/wp-content\/uploads\/2026\/03\/geoclimate-SEO.png","width":1536,"height":1024,"caption":"GeoClimate"},"image":{"@id":"https:\/\/geoclimate.ge\/#\/schema\/logo\/image\/"}}]}},"_links":{"self":[{"href":"https:\/\/geoclimate.ge\/az\/wp-json\/wp\/v2\/product\/32098","targetHints":{"allow":["GET"]}}],"collection":[{"href":"https:\/\/geoclimate.ge\/az\/wp-json\/wp\/v2\/product"}],"about":[{"href":"https:\/\/geoclimate.ge\/az\/wp-json\/wp\/v2\/types\/product"}],"wp:featuredmedia":[{"embeddable":true,"href":"https:\/\/geoclimate.ge\/az\/wp-json\/wp\/v2\/media\/32090"}],"wp:attachment":[{"href":"https:\/\/geoclimate.ge\/az\/wp-json\/wp\/v2\/media?parent=32098"}],"wp:term":[{"taxonomy":"product_brand","embeddable":true,"href":"https:\/\/geoclimate.ge\/az\/wp-json\/wp\/v2\/product_brand?post=32098"},{"taxonomy":"product_cat","embeddable":true,"href":"https:\/\/geoclimate.ge\/az\/wp-json\/wp\/v2\/product_cat?post=32098"},{"taxonomy":"product_tag","embeddable":true,"href":"https:\/\/geoclimate.ge\/az\/wp-json\/wp\/v2\/product_tag?post=32098"}],"curies":[{"name":"wp","href":"https:\/\/api.w.org\/{rel}","templated":true}]}}