{"id":32192,"date":"2025-05-21T10:54:39","date_gmt":"2025-05-21T06:54:39","guid":{"rendered":"https:\/\/airsystems.ge\/shop\/product\/overvoltage-protection-citel-dla-24d2\/"},"modified":"2025-05-21T10:58:35","modified_gmt":"2025-05-21T06:58:35","slug":"overvoltage-protection-citel-dla-24d2","status":"publish","type":"product","link":"https:\/\/geoclimate.ge\/az\/product\/overvoltage-protection-citel-dla-24d2\/","title":{"rendered":"H\u0259ddind\u0259n art\u0131q g\u0259rginlikd\u0259n qorunma Citel DLA-24D2"},"content":{"rendered":"<p>1 c\u00fct DIN relsli plug-in Data art\u0131m qoruyucusu<br \/>\nStandartlara uy\u011funluq: IEC 61643-21 \/ EN 61643-21<br \/>\nTexnologiya: GDT + s\u0131xma diodu<br \/>\nSPD konfiqurasiyas\u0131: 1 c\u00fct<br \/>\n\u015e\u0259b\u0259k\u0259: 4 &#8230; 20 mA<br \/>\nMaks. DC i\u015f g\u0259rginliyi: 32 VDC<br \/>\nMaks. bo\u015falma c\u0259r\u0259yan\u0131 : 20 kA<\/p>\n<p>DLA informasiya v\u0259 kommunikasiya texnologiyalar\u0131n\u0131, telekommunikasiya avadanl\u0131qlar\u0131n\u0131 v\u0259 m\u0259lumat texnologiyalar\u0131 sisteml\u0259rini ild\u0131r\u0131m t\u0259sirl\u0259rind\u0259n v\u0259 dal\u011falanmalardan qoruyur.<\/p>\n<p>DLA-n\u0131n elektrik d\u00f6vr\u0259si y\u00fcks\u0259k bo\u015falma qabiliyy\u0259ti v\u0259 s\u00fcr\u0259tli cavab davran\u0131\u015f\u0131 \u00fc\u00e7\u00fcn y\u00fcks\u0259k performansl\u0131 qaz bo\u015faltma borular\u0131 v\u0259 s\u00fcr\u0259tli ke\u00e7id diodlar\u0131n\u0131n birl\u0259\u015fm\u0259sind\u0259n ibar\u0259tdir.<\/p>\n<p>Qalxan ba\u011flant\u0131s\u0131 \u0259lav\u0259 olaraq qaz bo\u015faltma borusu vasit\u0259sil\u0259 torpaqlan\u0131r. Torpaq ba\u011flant\u0131s\u0131 rahat \u015f\u0259kild\u0259 \u00fcst \u015flyapa relsl\u0259ri vasit\u0259sil\u0259 h\u0259yata ke\u00e7irilir. Qo\u015fulma modulu elektrik \u015f\u0259b\u0259k\u0259sind\u0259n \u00e7\u0131xar\u0131ld\u0131qda \u00f6t\u00fcrm\u0259 siqnal\u0131 k\u0259silmir.<\/p>\n<p>&nbsp;<\/p>\n<table border=\"1\" cellspacing=\"1\" cellpadding=\"1\">\n<thead>\n<tr>\n<th scope=\"col\"><span style=\"font-weight: 400;\">Characteristic<\/span><\/th>\n<th colspan=\"2\" rowspan=\"1\" scope=\"col\"><span style=\"font-weight: 400;\">Description \/ Value<\/span><\/th>\n<\/tr>\n<\/thead>\n<tbody>\n<tr>\n<td>Nominal line voltage<\/td>\n<td>Un<\/td>\n<td>24 V<\/td>\n<\/tr>\n<tr>\n<td>Max. DC operating voltage<\/td>\n<td>Uc<\/td>\n<td>32 V DC<\/td>\n<\/tr>\n<tr>\n<td>Max. discharge current<br \/>\nmax. withstand @ 8\/20 \u03bcs by pole<\/td>\n<td>Imax<\/td>\n<td>20 kA<\/td>\n<\/tr>\n<tr>\n<td>Protection level<br \/>\nFollowing the test category C3 (IEC61643-21) &#8211; Line\/Line<\/td>\n<td>Up<\/td>\n<td>60 V<\/td>\n<\/tr>\n<tr>\n<td>Protection level<br \/>\nFollowing the test category C3 (IEC61643-21) &#8211; Line\/PE<\/td>\n<td>Up<\/td>\n<td>650 V<\/td>\n<\/tr>\n<tr>\n<td>Nominal discharge current<br \/>\nC2 Category<\/td>\n<td>In<\/td>\n<td>10 kA<\/td>\n<\/tr>\n<tr>\n<td>Operating and storage temperature<\/td>\n<td colspan=\"2\" rowspan=\"1\">-40 &#8230; +85 \u00b0C<\/td>\n<\/tr>\n<tr>\n<td>Protection rating<\/td>\n<td colspan=\"2\" rowspan=\"1\">IP 20<\/td>\n<\/tr>\n<tr>\n<td>Manufacturer<\/td>\n<td colspan=\"2\" rowspan=\"1\">Citel<\/td>\n<\/tr>\n<\/tbody>\n<\/table>\n","protected":false},"excerpt":{"rendered":"<h3>Sifari\u015f n\u00f6mr\u0259si<\/h3>\n<p>M81110.7 \/ M50005M<\/p>\n","protected":false},"featured_media":32169,"template":"","meta":[],"product_brand":[],"product_cat":[1336,1543,1595],"product_tag":[],"class_list":{"0":"post-32192","1":"product","2":"type-product","3":"status-publish","4":"has-post-thumbnail","6":"product_cat-brpa-olunan-enerji-kulk-v-guns-enerjisi-olcusu-az","7":"product_cat-data-logger-aksesuarlari","8":"product_cat-hddindn-artiq-grginlikdn-qorunma-modullari","10":"first","11":"instock","12":"shipping-taxable","13":"product-type-simple"},"yoast_head":"<!-- This site is optimized with the Yoast SEO plugin v27.1.1 - https:\/\/yoast.com\/product\/yoast-seo-wordpress\/ -->\n<title>H\u0259ddind\u0259n art\u0131q g\u0259rginlikd\u0259n qorunma Citel DLA-24D2 - GeoClimate.ge<\/title>\n<meta name=\"robots\" content=\"index, follow, max-snippet:-1, max-image-preview:large, max-video-preview:-1\" \/>\n<link rel=\"canonical\" href=\"https:\/\/geoclimate.ge\/az\/product\/overvoltage-protection-citel-dla-24d2\/\" \/>\n<meta property=\"og:locale\" content=\"az_AZ\" \/>\n<meta property=\"og:type\" content=\"article\" \/>\n<meta property=\"og:title\" content=\"H\u0259ddind\u0259n art\u0131q g\u0259rginlikd\u0259n qorunma Citel DLA-24D2 - GeoClimate.ge\" \/>\n<meta property=\"og:description\" content=\"Sifari\u015f n\u00f6mr\u0259si M81110.7 \/ M50005M\" \/>\n<meta property=\"og:url\" content=\"https:\/\/geoclimate.ge\/az\/product\/overvoltage-protection-citel-dla-24d2\/\" \/>\n<meta property=\"og:site_name\" content=\"GeoClimate.ge\" \/>\n<meta property=\"article:modified_time\" content=\"2025-05-21T06:58:35+00:00\" \/>\n<meta property=\"og:image\" content=\"https:\/\/geoclimate.ge\/wp-content\/uploads\/2025\/05\/dla-24d2.png__490x490_q85_crop_subsampling-2_upscale.png\" \/>\n\t<meta property=\"og:image:width\" content=\"490\" \/>\n\t<meta property=\"og:image:height\" content=\"490\" \/>\n\t<meta property=\"og:image:type\" content=\"image\/png\" \/>\n<meta name=\"twitter:card\" content=\"summary_large_image\" \/>\n<meta name=\"twitter:label1\" content=\"Est. reading time\" \/>\n\t<meta name=\"twitter:data1\" content=\"1 minute\" \/>\n<script type=\"application\/ld+json\" class=\"yoast-schema-graph\">{\"@context\":\"https:\/\/schema.org\",\"@graph\":[{\"@type\":\"WebPage\",\"@id\":\"https:\/\/geoclimate.ge\/az\/product\/overvoltage-protection-citel-dla-24d2\/\",\"url\":\"https:\/\/geoclimate.ge\/az\/product\/overvoltage-protection-citel-dla-24d2\/\",\"name\":\"H\u0259ddind\u0259n art\u0131q g\u0259rginlikd\u0259n qorunma Citel DLA-24D2 - GeoClimate.ge\",\"isPartOf\":{\"@id\":\"https:\/\/geoclimate.ge\/#website\"},\"primaryImageOfPage\":{\"@id\":\"https:\/\/geoclimate.ge\/az\/product\/overvoltage-protection-citel-dla-24d2\/#primaryimage\"},\"image\":{\"@id\":\"https:\/\/geoclimate.ge\/az\/product\/overvoltage-protection-citel-dla-24d2\/#primaryimage\"},\"thumbnailUrl\":\"https:\/\/geoclimate.ge\/wp-content\/uploads\/2025\/05\/dla-24d2.png__490x490_q85_crop_subsampling-2_upscale.png\",\"datePublished\":\"2025-05-21T06:54:39+00:00\",\"dateModified\":\"2025-05-21T06:58:35+00:00\",\"breadcrumb\":{\"@id\":\"https:\/\/geoclimate.ge\/az\/product\/overvoltage-protection-citel-dla-24d2\/#breadcrumb\"},\"inLanguage\":\"az\",\"potentialAction\":[{\"@type\":\"ReadAction\",\"target\":[\"https:\/\/geoclimate.ge\/az\/product\/overvoltage-protection-citel-dla-24d2\/\"]}]},{\"@type\":\"ImageObject\",\"inLanguage\":\"az\",\"@id\":\"https:\/\/geoclimate.ge\/az\/product\/overvoltage-protection-citel-dla-24d2\/#primaryimage\",\"url\":\"https:\/\/geoclimate.ge\/wp-content\/uploads\/2025\/05\/dla-24d2.png__490x490_q85_crop_subsampling-2_upscale.png\",\"contentUrl\":\"https:\/\/geoclimate.ge\/wp-content\/uploads\/2025\/05\/dla-24d2.png__490x490_q85_crop_subsampling-2_upscale.png\",\"width\":490,\"height\":490},{\"@type\":\"BreadcrumbList\",\"@id\":\"https:\/\/geoclimate.ge\/az\/product\/overvoltage-protection-citel-dla-24d2\/#breadcrumb\",\"itemListElement\":[{\"@type\":\"ListItem\",\"position\":1,\"name\":\"Home\",\"item\":\"https:\/\/geoclimate.ge\/az\/\"},{\"@type\":\"ListItem\",\"position\":2,\"name\":\"M\u0259hsullar\",\"item\":\"https:\/\/geoclimate.ge\/az\/products\/\"},{\"@type\":\"ListItem\",\"position\":3,\"name\":\"H\u0259ddind\u0259n art\u0131q g\u0259rginlikd\u0259n qorunma Citel DLA-24D2\"}]},{\"@type\":\"WebSite\",\"@id\":\"https:\/\/geoclimate.ge\/#website\",\"url\":\"https:\/\/geoclimate.ge\/\",\"name\":\"GeoClimate\",\"description\":\"\",\"publisher\":{\"@id\":\"https:\/\/geoclimate.ge\/#organization\"},\"potentialAction\":[{\"@type\":\"SearchAction\",\"target\":{\"@type\":\"EntryPoint\",\"urlTemplate\":\"https:\/\/geoclimate.ge\/?s={search_term_string}\"},\"query-input\":{\"@type\":\"PropertyValueSpecification\",\"valueRequired\":true,\"valueName\":\"search_term_string\"}}],\"inLanguage\":\"az\"},{\"@type\":\"Organization\",\"@id\":\"https:\/\/geoclimate.ge\/#organization\",\"name\":\"GeoClimate\",\"url\":\"https:\/\/geoclimate.ge\/\",\"logo\":{\"@type\":\"ImageObject\",\"inLanguage\":\"az\",\"@id\":\"https:\/\/geoclimate.ge\/#\/schema\/logo\/image\/\",\"url\":\"https:\/\/geoclimate.ge\/wp-content\/uploads\/2026\/03\/geoclimate-SEO.png\",\"contentUrl\":\"https:\/\/geoclimate.ge\/wp-content\/uploads\/2026\/03\/geoclimate-SEO.png\",\"width\":1536,\"height\":1024,\"caption\":\"GeoClimate\"},\"image\":{\"@id\":\"https:\/\/geoclimate.ge\/#\/schema\/logo\/image\/\"}}]}<\/script>\n<!-- \/ Yoast SEO plugin. -->","yoast_head_json":{"title":"H\u0259ddind\u0259n art\u0131q g\u0259rginlikd\u0259n qorunma Citel DLA-24D2 - GeoClimate.ge","robots":{"index":"index","follow":"follow","max-snippet":"max-snippet:-1","max-image-preview":"max-image-preview:large","max-video-preview":"max-video-preview:-1"},"canonical":"https:\/\/geoclimate.ge\/az\/product\/overvoltage-protection-citel-dla-24d2\/","og_locale":"az_AZ","og_type":"article","og_title":"H\u0259ddind\u0259n art\u0131q g\u0259rginlikd\u0259n qorunma Citel DLA-24D2 - GeoClimate.ge","og_description":"Sifari\u015f n\u00f6mr\u0259si M81110.7 \/ M50005M","og_url":"https:\/\/geoclimate.ge\/az\/product\/overvoltage-protection-citel-dla-24d2\/","og_site_name":"GeoClimate.ge","article_modified_time":"2025-05-21T06:58:35+00:00","og_image":[{"width":490,"height":490,"url":"https:\/\/geoclimate.ge\/wp-content\/uploads\/2025\/05\/dla-24d2.png__490x490_q85_crop_subsampling-2_upscale.png","type":"image\/png"}],"twitter_card":"summary_large_image","twitter_misc":{"Est. reading time":"1 minute"},"schema":{"@context":"https:\/\/schema.org","@graph":[{"@type":"WebPage","@id":"https:\/\/geoclimate.ge\/az\/product\/overvoltage-protection-citel-dla-24d2\/","url":"https:\/\/geoclimate.ge\/az\/product\/overvoltage-protection-citel-dla-24d2\/","name":"H\u0259ddind\u0259n art\u0131q g\u0259rginlikd\u0259n qorunma Citel DLA-24D2 - GeoClimate.ge","isPartOf":{"@id":"https:\/\/geoclimate.ge\/#website"},"primaryImageOfPage":{"@id":"https:\/\/geoclimate.ge\/az\/product\/overvoltage-protection-citel-dla-24d2\/#primaryimage"},"image":{"@id":"https:\/\/geoclimate.ge\/az\/product\/overvoltage-protection-citel-dla-24d2\/#primaryimage"},"thumbnailUrl":"https:\/\/geoclimate.ge\/wp-content\/uploads\/2025\/05\/dla-24d2.png__490x490_q85_crop_subsampling-2_upscale.png","datePublished":"2025-05-21T06:54:39+00:00","dateModified":"2025-05-21T06:58:35+00:00","breadcrumb":{"@id":"https:\/\/geoclimate.ge\/az\/product\/overvoltage-protection-citel-dla-24d2\/#breadcrumb"},"inLanguage":"az","potentialAction":[{"@type":"ReadAction","target":["https:\/\/geoclimate.ge\/az\/product\/overvoltage-protection-citel-dla-24d2\/"]}]},{"@type":"ImageObject","inLanguage":"az","@id":"https:\/\/geoclimate.ge\/az\/product\/overvoltage-protection-citel-dla-24d2\/#primaryimage","url":"https:\/\/geoclimate.ge\/wp-content\/uploads\/2025\/05\/dla-24d2.png__490x490_q85_crop_subsampling-2_upscale.png","contentUrl":"https:\/\/geoclimate.ge\/wp-content\/uploads\/2025\/05\/dla-24d2.png__490x490_q85_crop_subsampling-2_upscale.png","width":490,"height":490},{"@type":"BreadcrumbList","@id":"https:\/\/geoclimate.ge\/az\/product\/overvoltage-protection-citel-dla-24d2\/#breadcrumb","itemListElement":[{"@type":"ListItem","position":1,"name":"Home","item":"https:\/\/geoclimate.ge\/az\/"},{"@type":"ListItem","position":2,"name":"M\u0259hsullar","item":"https:\/\/geoclimate.ge\/az\/products\/"},{"@type":"ListItem","position":3,"name":"H\u0259ddind\u0259n art\u0131q g\u0259rginlikd\u0259n qorunma Citel DLA-24D2"}]},{"@type":"WebSite","@id":"https:\/\/geoclimate.ge\/#website","url":"https:\/\/geoclimate.ge\/","name":"GeoClimate","description":"","publisher":{"@id":"https:\/\/geoclimate.ge\/#organization"},"potentialAction":[{"@type":"SearchAction","target":{"@type":"EntryPoint","urlTemplate":"https:\/\/geoclimate.ge\/?s={search_term_string}"},"query-input":{"@type":"PropertyValueSpecification","valueRequired":true,"valueName":"search_term_string"}}],"inLanguage":"az"},{"@type":"Organization","@id":"https:\/\/geoclimate.ge\/#organization","name":"GeoClimate","url":"https:\/\/geoclimate.ge\/","logo":{"@type":"ImageObject","inLanguage":"az","@id":"https:\/\/geoclimate.ge\/#\/schema\/logo\/image\/","url":"https:\/\/geoclimate.ge\/wp-content\/uploads\/2026\/03\/geoclimate-SEO.png","contentUrl":"https:\/\/geoclimate.ge\/wp-content\/uploads\/2026\/03\/geoclimate-SEO.png","width":1536,"height":1024,"caption":"GeoClimate"},"image":{"@id":"https:\/\/geoclimate.ge\/#\/schema\/logo\/image\/"}}]}},"_links":{"self":[{"href":"https:\/\/geoclimate.ge\/az\/wp-json\/wp\/v2\/product\/32192","targetHints":{"allow":["GET"]}}],"collection":[{"href":"https:\/\/geoclimate.ge\/az\/wp-json\/wp\/v2\/product"}],"about":[{"href":"https:\/\/geoclimate.ge\/az\/wp-json\/wp\/v2\/types\/product"}],"wp:featuredmedia":[{"embeddable":true,"href":"https:\/\/geoclimate.ge\/az\/wp-json\/wp\/v2\/media\/32169"}],"wp:attachment":[{"href":"https:\/\/geoclimate.ge\/az\/wp-json\/wp\/v2\/media?parent=32192"}],"wp:term":[{"taxonomy":"product_brand","embeddable":true,"href":"https:\/\/geoclimate.ge\/az\/wp-json\/wp\/v2\/product_brand?post=32192"},{"taxonomy":"product_cat","embeddable":true,"href":"https:\/\/geoclimate.ge\/az\/wp-json\/wp\/v2\/product_cat?post=32192"},{"taxonomy":"product_tag","embeddable":true,"href":"https:\/\/geoclimate.ge\/az\/wp-json\/wp\/v2\/product_tag?post=32192"}],"curies":[{"name":"wp","href":"https:\/\/api.w.org\/{rel}","templated":true}]}}