{"id":32394,"date":"2025-05-23T19:51:57","date_gmt":"2025-05-23T15:51:57","guid":{"rendered":"https:\/\/airsystems.ge\/shop\/product\/radial-dry-coolers-drc\/"},"modified":"2025-05-23T19:54:52","modified_gmt":"2025-05-23T15:54:52","slug":"radial-dry-coolers-drc","status":"publish","type":"product","link":"https:\/\/geoclimate.ge\/az\/product\/radial-dry-coolers-drc\/","title":{"rendered":"Radial Quru Soyuducular (DRC) Radial Dry Coolers (DRC)"},"content":{"rendered":"<p><a class=\"elementor-button elementor-button-link elementor-size-sm\" href=\"https:\/\/www.enextechnologies.com\/wp-content\/uploads\/2024\/08\/Radial-Dry-cooler-DRC_ENG.pdf\" target=\"_blank\" rel=\"noopener\"><span class=\"elementor-button-content-wrapper\"><span class=\"elementor-button-text\">BROCHURE<\/span><\/span><\/a><\/p>\n","protected":false},"excerpt":{"rendered":"<div class=\"elementor-element elementor-element-6799186e elementor-widget elementor-widget-heading\" data-id=\"6799186e\" data-element_type=\"widget\" data-widget_type=\"heading.default\">\n<div class=\"elementor-widget-container\">\n<div class=\"elementor-heading-title elementor-size-default\">\n<p>DRC<br \/>\nKobol quru soyuducular\u0131 qlikol, su v\u0259 dig\u0259r soyuducularla istifad\u0259 \u00fc\u00e7\u00fcn n\u0259z\u0259rd\u0259 tutulmu\u015fdur v\u0259 h\u0259m\u00e7inin soyuducularla birlikd\u0259 istifad\u0259 edil\u0259 bil\u0259r. Quru soyuducular, kondisioner sisteml\u0259rinin i\u00e7\u0259risind\u0259 Legionella s\u0259b\u0259b oldu\u011fu havada v\u0259 ya suda bakterial \u00e7irkl\u0259nm\u0259 riskini aradan qald\u0131raraq, \u00e7ox az texniki xidm\u0259t t\u0259l\u0259b ed\u0259n soyutma q\u00fcll\u0259l\u0259rini \u0259v\u0259z edir. Geni\u015f \u00e7e\u015fidli quru soyuducu kondensatorlar\u0131m\u0131z 10 kVt-dan 875 kVt-a q\u0259d\u0259r soyutma qabiliyy\u0259tini t\u0259min ed\u0259n 433 model\u0259 malikdir.<\/p>\n<p>Yeni Radial Quru Soyuducular \u00e7e\u015fidimiz 47 Kw-dan 265 KV-a q\u0259d\u0259r g\u00fcc\u0259 malik kommersiya soyutma t\u0259tbiql\u0259ri \u00fc\u00e7\u00fcn n\u0259z\u0259rd\u0259 tutulmu\u015f 27 modeld\u0259n ibar\u0259tdir. H\u0259r bir model h\u0259r qura\u015fd\u0131rman\u0131n soyutma t\u0259l\u0259bl\u0259rin\u0259 uy\u011funla\u015fd\u0131r\u0131la bil\u0259r. Modell\u0259r fabrikd\u0259 EC fanatlar\u0131 il\u0259 t\u0259chiz edilmi\u015fdir.<\/p>\n<\/div>\n<\/div>\n<\/div>\n","protected":false},"featured_media":32376,"template":"","meta":[],"product_brand":[],"product_cat":[1613,875],"product_tag":[],"class_list":{"0":"post-32394","1":"product","2":"type-product","3":"status-publish","4":"has-post-thumbnail","6":"product_cat-dry-soyuducu","7":"product_cat-snaye-az-kondisionerlr","9":"first","10":"instock","11":"shipping-taxable","12":"product-type-simple"},"yoast_head":"<!-- This site is optimized with the Yoast SEO plugin v27.1.1 - https:\/\/yoast.com\/product\/yoast-seo-wordpress\/ -->\n<title>Radial Quru Soyuducular (DRC) Radial Dry Coolers (DRC) - GeoClimate.ge<\/title>\n<meta name=\"robots\" content=\"index, follow, max-snippet:-1, max-image-preview:large, max-video-preview:-1\" \/>\n<link rel=\"canonical\" href=\"https:\/\/geoclimate.ge\/az\/product\/radial-dry-coolers-drc\/\" \/>\n<meta property=\"og:locale\" content=\"az_AZ\" \/>\n<meta property=\"og:type\" content=\"article\" \/>\n<meta property=\"og:title\" content=\"Radial Quru Soyuducular (DRC) Radial Dry Coolers (DRC) - GeoClimate.ge\" \/>\n<meta property=\"og:description\" content=\"DRC Kobol quru soyuducular\u0131 qlikol, su v\u0259 dig\u0259r soyuducularla istifad\u0259 \u00fc\u00e7\u00fcn n\u0259z\u0259rd\u0259 tutulmu\u015fdur v\u0259 h\u0259m\u00e7inin soyuducularla birlikd\u0259 istifad\u0259 edil\u0259 bil\u0259r. Quru soyuducular, kondisioner sisteml\u0259rinin i\u00e7\u0259risind\u0259 Legionella s\u0259b\u0259b oldu\u011fu havada v\u0259 ya suda bakterial \u00e7irkl\u0259nm\u0259 riskini aradan qald\u0131raraq, \u00e7ox az texniki xidm\u0259t t\u0259l\u0259b ed\u0259n soyutma q\u00fcll\u0259l\u0259rini \u0259v\u0259z edir. Geni\u015f \u00e7e\u015fidli quru soyuducu kondensatorlar\u0131m\u0131z 10 kVt-dan 875 kVt-a q\u0259d\u0259r soyutma qabiliyy\u0259tini t\u0259min ed\u0259n 433 model\u0259 malikdir.  Yeni Radial Quru Soyuducular \u00e7e\u015fidimiz 47 Kw-dan 265 KV-a q\u0259d\u0259r g\u00fcc\u0259 malik kommersiya soyutma t\u0259tbiql\u0259ri \u00fc\u00e7\u00fcn n\u0259z\u0259rd\u0259 tutulmu\u015f 27 modeld\u0259n ibar\u0259tdir. H\u0259r bir model h\u0259r qura\u015fd\u0131rman\u0131n soyutma t\u0259l\u0259bl\u0259rin\u0259 uy\u011funla\u015fd\u0131r\u0131la bil\u0259r. Modell\u0259r fabrikd\u0259 EC fanatlar\u0131 il\u0259 t\u0259chiz edilmi\u015fdir.\" \/>\n<meta property=\"og:url\" content=\"https:\/\/geoclimate.ge\/az\/product\/radial-dry-coolers-drc\/\" \/>\n<meta property=\"og:site_name\" content=\"GeoClimate.ge\" \/>\n<meta property=\"article:modified_time\" content=\"2025-05-23T15:54:52+00:00\" \/>\n<meta property=\"og:image\" content=\"https:\/\/geoclimate.ge\/wp-content\/uploads\/2025\/05\/drycooler_radial_main.png\" \/>\n\t<meta property=\"og:image:width\" content=\"829\" \/>\n\t<meta property=\"og:image:height\" content=\"609\" \/>\n\t<meta property=\"og:image:type\" content=\"image\/png\" \/>\n<meta name=\"twitter:card\" content=\"summary_large_image\" \/>\n<script type=\"application\/ld+json\" class=\"yoast-schema-graph\">{\"@context\":\"https:\/\/schema.org\",\"@graph\":[{\"@type\":\"WebPage\",\"@id\":\"https:\/\/geoclimate.ge\/az\/product\/radial-dry-coolers-drc\/\",\"url\":\"https:\/\/geoclimate.ge\/az\/product\/radial-dry-coolers-drc\/\",\"name\":\"Radial Quru Soyuducular (DRC) Radial Dry Coolers (DRC) - GeoClimate.ge\",\"isPartOf\":{\"@id\":\"https:\/\/geoclimate.ge\/#website\"},\"primaryImageOfPage\":{\"@id\":\"https:\/\/geoclimate.ge\/az\/product\/radial-dry-coolers-drc\/#primaryimage\"},\"image\":{\"@id\":\"https:\/\/geoclimate.ge\/az\/product\/radial-dry-coolers-drc\/#primaryimage\"},\"thumbnailUrl\":\"https:\/\/geoclimate.ge\/wp-content\/uploads\/2025\/05\/drycooler_radial_main.png\",\"datePublished\":\"2025-05-23T15:51:57+00:00\",\"dateModified\":\"2025-05-23T15:54:52+00:00\",\"breadcrumb\":{\"@id\":\"https:\/\/geoclimate.ge\/az\/product\/radial-dry-coolers-drc\/#breadcrumb\"},\"inLanguage\":\"az\",\"potentialAction\":[{\"@type\":\"ReadAction\",\"target\":[\"https:\/\/geoclimate.ge\/az\/product\/radial-dry-coolers-drc\/\"]}]},{\"@type\":\"ImageObject\",\"inLanguage\":\"az\",\"@id\":\"https:\/\/geoclimate.ge\/az\/product\/radial-dry-coolers-drc\/#primaryimage\",\"url\":\"https:\/\/geoclimate.ge\/wp-content\/uploads\/2025\/05\/drycooler_radial_main.png\",\"contentUrl\":\"https:\/\/geoclimate.ge\/wp-content\/uploads\/2025\/05\/drycooler_radial_main.png\",\"width\":829,\"height\":609},{\"@type\":\"BreadcrumbList\",\"@id\":\"https:\/\/geoclimate.ge\/az\/product\/radial-dry-coolers-drc\/#breadcrumb\",\"itemListElement\":[{\"@type\":\"ListItem\",\"position\":1,\"name\":\"Home\",\"item\":\"https:\/\/geoclimate.ge\/az\/\"},{\"@type\":\"ListItem\",\"position\":2,\"name\":\"M\u0259hsullar\",\"item\":\"https:\/\/geoclimate.ge\/az\/products\/\"},{\"@type\":\"ListItem\",\"position\":3,\"name\":\"Radial Quru Soyuducular (DRC) Radial Dry Coolers (DRC)\"}]},{\"@type\":\"WebSite\",\"@id\":\"https:\/\/geoclimate.ge\/#website\",\"url\":\"https:\/\/geoclimate.ge\/\",\"name\":\"GeoClimate\",\"description\":\"\",\"publisher\":{\"@id\":\"https:\/\/geoclimate.ge\/#organization\"},\"potentialAction\":[{\"@type\":\"SearchAction\",\"target\":{\"@type\":\"EntryPoint\",\"urlTemplate\":\"https:\/\/geoclimate.ge\/?s={search_term_string}\"},\"query-input\":{\"@type\":\"PropertyValueSpecification\",\"valueRequired\":true,\"valueName\":\"search_term_string\"}}],\"inLanguage\":\"az\"},{\"@type\":\"Organization\",\"@id\":\"https:\/\/geoclimate.ge\/#organization\",\"name\":\"GeoClimate\",\"url\":\"https:\/\/geoclimate.ge\/\",\"logo\":{\"@type\":\"ImageObject\",\"inLanguage\":\"az\",\"@id\":\"https:\/\/geoclimate.ge\/#\/schema\/logo\/image\/\",\"url\":\"https:\/\/geoclimate.ge\/wp-content\/uploads\/2026\/03\/geoclimate-SEO.png\",\"contentUrl\":\"https:\/\/geoclimate.ge\/wp-content\/uploads\/2026\/03\/geoclimate-SEO.png\",\"width\":1536,\"height\":1024,\"caption\":\"GeoClimate\"},\"image\":{\"@id\":\"https:\/\/geoclimate.ge\/#\/schema\/logo\/image\/\"}}]}<\/script>\n<!-- \/ Yoast SEO plugin. -->","yoast_head_json":{"title":"Radial Quru Soyuducular (DRC) Radial Dry Coolers (DRC) - GeoClimate.ge","robots":{"index":"index","follow":"follow","max-snippet":"max-snippet:-1","max-image-preview":"max-image-preview:large","max-video-preview":"max-video-preview:-1"},"canonical":"https:\/\/geoclimate.ge\/az\/product\/radial-dry-coolers-drc\/","og_locale":"az_AZ","og_type":"article","og_title":"Radial Quru Soyuducular (DRC) Radial Dry Coolers (DRC) - GeoClimate.ge","og_description":"DRC Kobol quru soyuducular\u0131 qlikol, su v\u0259 dig\u0259r soyuducularla istifad\u0259 \u00fc\u00e7\u00fcn n\u0259z\u0259rd\u0259 tutulmu\u015fdur v\u0259 h\u0259m\u00e7inin soyuducularla birlikd\u0259 istifad\u0259 edil\u0259 bil\u0259r. Quru soyuducular, kondisioner sisteml\u0259rinin i\u00e7\u0259risind\u0259 Legionella s\u0259b\u0259b oldu\u011fu havada v\u0259 ya suda bakterial \u00e7irkl\u0259nm\u0259 riskini aradan qald\u0131raraq, \u00e7ox az texniki xidm\u0259t t\u0259l\u0259b ed\u0259n soyutma q\u00fcll\u0259l\u0259rini \u0259v\u0259z edir. Geni\u015f \u00e7e\u015fidli quru soyuducu kondensatorlar\u0131m\u0131z 10 kVt-dan 875 kVt-a q\u0259d\u0259r soyutma qabiliyy\u0259tini t\u0259min ed\u0259n 433 model\u0259 malikdir.  Yeni Radial Quru Soyuducular \u00e7e\u015fidimiz 47 Kw-dan 265 KV-a q\u0259d\u0259r g\u00fcc\u0259 malik kommersiya soyutma t\u0259tbiql\u0259ri \u00fc\u00e7\u00fcn n\u0259z\u0259rd\u0259 tutulmu\u015f 27 modeld\u0259n ibar\u0259tdir. H\u0259r bir model h\u0259r qura\u015fd\u0131rman\u0131n soyutma t\u0259l\u0259bl\u0259rin\u0259 uy\u011funla\u015fd\u0131r\u0131la bil\u0259r. Modell\u0259r fabrikd\u0259 EC fanatlar\u0131 il\u0259 t\u0259chiz edilmi\u015fdir.","og_url":"https:\/\/geoclimate.ge\/az\/product\/radial-dry-coolers-drc\/","og_site_name":"GeoClimate.ge","article_modified_time":"2025-05-23T15:54:52+00:00","og_image":[{"width":829,"height":609,"url":"https:\/\/geoclimate.ge\/wp-content\/uploads\/2025\/05\/drycooler_radial_main.png","type":"image\/png"}],"twitter_card":"summary_large_image","schema":{"@context":"https:\/\/schema.org","@graph":[{"@type":"WebPage","@id":"https:\/\/geoclimate.ge\/az\/product\/radial-dry-coolers-drc\/","url":"https:\/\/geoclimate.ge\/az\/product\/radial-dry-coolers-drc\/","name":"Radial Quru Soyuducular (DRC) Radial Dry Coolers (DRC) - GeoClimate.ge","isPartOf":{"@id":"https:\/\/geoclimate.ge\/#website"},"primaryImageOfPage":{"@id":"https:\/\/geoclimate.ge\/az\/product\/radial-dry-coolers-drc\/#primaryimage"},"image":{"@id":"https:\/\/geoclimate.ge\/az\/product\/radial-dry-coolers-drc\/#primaryimage"},"thumbnailUrl":"https:\/\/geoclimate.ge\/wp-content\/uploads\/2025\/05\/drycooler_radial_main.png","datePublished":"2025-05-23T15:51:57+00:00","dateModified":"2025-05-23T15:54:52+00:00","breadcrumb":{"@id":"https:\/\/geoclimate.ge\/az\/product\/radial-dry-coolers-drc\/#breadcrumb"},"inLanguage":"az","potentialAction":[{"@type":"ReadAction","target":["https:\/\/geoclimate.ge\/az\/product\/radial-dry-coolers-drc\/"]}]},{"@type":"ImageObject","inLanguage":"az","@id":"https:\/\/geoclimate.ge\/az\/product\/radial-dry-coolers-drc\/#primaryimage","url":"https:\/\/geoclimate.ge\/wp-content\/uploads\/2025\/05\/drycooler_radial_main.png","contentUrl":"https:\/\/geoclimate.ge\/wp-content\/uploads\/2025\/05\/drycooler_radial_main.png","width":829,"height":609},{"@type":"BreadcrumbList","@id":"https:\/\/geoclimate.ge\/az\/product\/radial-dry-coolers-drc\/#breadcrumb","itemListElement":[{"@type":"ListItem","position":1,"name":"Home","item":"https:\/\/geoclimate.ge\/az\/"},{"@type":"ListItem","position":2,"name":"M\u0259hsullar","item":"https:\/\/geoclimate.ge\/az\/products\/"},{"@type":"ListItem","position":3,"name":"Radial Quru Soyuducular (DRC) Radial Dry Coolers (DRC)"}]},{"@type":"WebSite","@id":"https:\/\/geoclimate.ge\/#website","url":"https:\/\/geoclimate.ge\/","name":"GeoClimate","description":"","publisher":{"@id":"https:\/\/geoclimate.ge\/#organization"},"potentialAction":[{"@type":"SearchAction","target":{"@type":"EntryPoint","urlTemplate":"https:\/\/geoclimate.ge\/?s={search_term_string}"},"query-input":{"@type":"PropertyValueSpecification","valueRequired":true,"valueName":"search_term_string"}}],"inLanguage":"az"},{"@type":"Organization","@id":"https:\/\/geoclimate.ge\/#organization","name":"GeoClimate","url":"https:\/\/geoclimate.ge\/","logo":{"@type":"ImageObject","inLanguage":"az","@id":"https:\/\/geoclimate.ge\/#\/schema\/logo\/image\/","url":"https:\/\/geoclimate.ge\/wp-content\/uploads\/2026\/03\/geoclimate-SEO.png","contentUrl":"https:\/\/geoclimate.ge\/wp-content\/uploads\/2026\/03\/geoclimate-SEO.png","width":1536,"height":1024,"caption":"GeoClimate"},"image":{"@id":"https:\/\/geoclimate.ge\/#\/schema\/logo\/image\/"}}]}},"_links":{"self":[{"href":"https:\/\/geoclimate.ge\/az\/wp-json\/wp\/v2\/product\/32394","targetHints":{"allow":["GET"]}}],"collection":[{"href":"https:\/\/geoclimate.ge\/az\/wp-json\/wp\/v2\/product"}],"about":[{"href":"https:\/\/geoclimate.ge\/az\/wp-json\/wp\/v2\/types\/product"}],"wp:featuredmedia":[{"embeddable":true,"href":"https:\/\/geoclimate.ge\/az\/wp-json\/wp\/v2\/media\/32376"}],"wp:attachment":[{"href":"https:\/\/geoclimate.ge\/az\/wp-json\/wp\/v2\/media?parent=32394"}],"wp:term":[{"taxonomy":"product_brand","embeddable":true,"href":"https:\/\/geoclimate.ge\/az\/wp-json\/wp\/v2\/product_brand?post=32394"},{"taxonomy":"product_cat","embeddable":true,"href":"https:\/\/geoclimate.ge\/az\/wp-json\/wp\/v2\/product_cat?post=32394"},{"taxonomy":"product_tag","embeddable":true,"href":"https:\/\/geoclimate.ge\/az\/wp-json\/wp\/v2\/product_tag?post=32394"}],"curies":[{"name":"wp","href":"https:\/\/api.w.org\/{rel}","templated":true}]}}