{"id":32519,"date":"2025-05-23T21:02:27","date_gmt":"2025-05-23T17:02:27","guid":{"rendered":"https:\/\/airsystems.ge\/shop\/product\/outdoor-packaged-low-power-rr-series-rf-series-outdoor-packaged-air-conditioning-units-air-cooled-type-20c-to-45c\/"},"modified":"2025-05-23T21:06:32","modified_gmt":"2025-05-23T17:06:32","slug":"outdoor-packaged-low-power-rr-series-rf-series-outdoor-packaged-air-conditioning-units-air-cooled-type-20c-to-45c","status":"publish","type":"product","link":"https:\/\/geoclimate.ge\/az\/product\/outdoor-packaged-low-power-rr-series-rf-series-outdoor-packaged-air-conditioning-units-air-cooled-type-20c-to-45c\/","title":{"rendered":"Xarici qabla\u015fd\u0131r\u0131lan a\u015fa\u011f\u0131 g\u00fcc \u2013 RR Series \/ RF Series A\u00e7\u0131q havada qabla\u015fd\u0131r\u0131lm\u0131\u015f kondisionerl\u0259r -20\u00b0C-d\u0259n +45\u00b0C-d\u0259k hava il\u0259 soyudulur"},"content":{"rendered":"<p><a class=\"elementor-button elementor-button-link elementor-size-sm\" href=\"https:\/\/www.enextechnologies.com\/wp-content\/uploads\/2024\/08\/RR-RF-SERIE_ENG.pdf\" target=\"_blank\" rel=\"noopener\"><span class=\"elementor-button-content-wrapper\"><span class=\"elementor-button-text\">BROCHURE<\/span><\/span><\/a><\/p>\n","protected":false},"excerpt":{"rendered":"<p>Soyutma g\u00fcc\u00fc 1,7 kVt-dan 4,3 kVt-a q\u0259d\u0259r<\/p>\n<p>Qabla\u015fd\u0131r\u0131lm\u0131\u015f kondisionerl\u0259r hava il\u0259 soyudulmu\u015f tipdir, otaqda qura\u015fd\u0131rma \u00fc\u00e7\u00fcn uy\u011fundur, radio baza stansiyas\u0131 \u00fc\u00e7\u00fcn s\u0131\u011f\u0131nacaq v\u0259 m\u0259lumatlar\u0131n emal\u0131 m\u0259rk\u0259zi. Soyuducu hava yuxar\u0131dan \u00e7\u0131xar\u0131l\u0131r v\u0259 a\u015fa\u011f\u0131ya g\u00f6nd\u0259rilir.<\/p>\n<p>\u018fsas X\u00fcsusiyy\u0259tl\u0259r<\/p>\n<p>Sinkl\u0259nmi\u015f poladdan haz\u0131rlanm\u0131\u015f \u0259sas \u00e7\u0259r\u00e7iv\u0259 v\u0259 panell\u0259r<br \/>\nAC tipli buxarlanan ventilyatorlar, 230Vac<br \/>\nEC tipli kondensasiya b\u00f6lm\u0259si ventilyatorlar\u0131, 230Vac<br \/>\nAC, 230Vac v\u0259 ya EC, 48Vdc tipli Pulsuz Soyutma b\u00f6lm\u0259si fanatlar\u0131 (yaln\u0131z Mod.RF)<br \/>\n\u0130st\u0259k \u00fczr\u0259: Ethernet l\u00f6vh\u0259si, Serial RS232\/485, SNMP&amp;Web<\/p>\n","protected":false},"featured_media":32501,"template":"","meta":[],"product_brand":[],"product_cat":[1619,875],"product_tag":[],"class_list":{"0":"post-32519","1":"product","2":"type-product","3":"status-publish","4":"has-post-thumbnail","6":"product_cat-snaye-kondisioneri-qablasdirilib","7":"product_cat-snaye-az-kondisionerlr","9":"first","10":"instock","11":"shipping-taxable","12":"product-type-simple"},"yoast_head":"<!-- This site is optimized with the Yoast SEO plugin v27.1.1 - https:\/\/yoast.com\/product\/yoast-seo-wordpress\/ -->\n<title>Xarici qabla\u015fd\u0131r\u0131lan a\u015fa\u011f\u0131 g\u00fcc \u2013 RR Series \/ RF Series A\u00e7\u0131q havada qabla\u015fd\u0131r\u0131lm\u0131\u015f kondisionerl\u0259r -20\u00b0C-d\u0259n +45\u00b0C-d\u0259k hava il\u0259 soyudulur - GeoClimate.ge<\/title>\n<meta name=\"robots\" content=\"index, follow, max-snippet:-1, max-image-preview:large, max-video-preview:-1\" \/>\n<link rel=\"canonical\" href=\"https:\/\/geoclimate.ge\/az\/product\/outdoor-packaged-low-power-rr-series-rf-series-outdoor-packaged-air-conditioning-units-air-cooled-type-20c-to-45c\/\" \/>\n<meta property=\"og:locale\" content=\"az_AZ\" \/>\n<meta property=\"og:type\" content=\"article\" \/>\n<meta property=\"og:title\" content=\"Xarici qabla\u015fd\u0131r\u0131lan a\u015fa\u011f\u0131 g\u00fcc \u2013 RR Series \/ RF Series A\u00e7\u0131q havada qabla\u015fd\u0131r\u0131lm\u0131\u015f kondisionerl\u0259r -20\u00b0C-d\u0259n +45\u00b0C-d\u0259k hava il\u0259 soyudulur - GeoClimate.ge\" \/>\n<meta property=\"og:description\" content=\"Soyutma g\u00fcc\u00fc 1,7 kVt-dan 4,3 kVt-a q\u0259d\u0259r  Qabla\u015fd\u0131r\u0131lm\u0131\u015f kondisionerl\u0259r hava il\u0259 soyudulmu\u015f tipdir, otaqda qura\u015fd\u0131rma \u00fc\u00e7\u00fcn uy\u011fundur, radio baza stansiyas\u0131 \u00fc\u00e7\u00fcn s\u0131\u011f\u0131nacaq v\u0259 m\u0259lumatlar\u0131n emal\u0131 m\u0259rk\u0259zi. Soyuducu hava yuxar\u0131dan \u00e7\u0131xar\u0131l\u0131r v\u0259 a\u015fa\u011f\u0131ya g\u00f6nd\u0259rilir.  \u018fsas X\u00fcsusiyy\u0259tl\u0259r  Sinkl\u0259nmi\u015f poladdan haz\u0131rlanm\u0131\u015f \u0259sas \u00e7\u0259r\u00e7iv\u0259 v\u0259 panell\u0259r AC tipli buxarlanan ventilyatorlar, 230Vac EC tipli kondensasiya b\u00f6lm\u0259si ventilyatorlar\u0131, 230Vac AC, 230Vac v\u0259 ya EC, 48Vdc tipli Pulsuz Soyutma b\u00f6lm\u0259si fanatlar\u0131 (yaln\u0131z Mod.RF) \u0130st\u0259k \u00fczr\u0259: Ethernet l\u00f6vh\u0259si, Serial RS232\/485, SNMP&amp;Web\" \/>\n<meta property=\"og:url\" content=\"https:\/\/geoclimate.ge\/az\/product\/outdoor-packaged-low-power-rr-series-rf-series-outdoor-packaged-air-conditioning-units-air-cooled-type-20c-to-45c\/\" \/>\n<meta property=\"og:site_name\" content=\"GeoClimate.ge\" \/>\n<meta property=\"article:modified_time\" content=\"2025-05-23T17:06:32+00:00\" \/>\n<meta property=\"og:image\" content=\"https:\/\/geoclimate.ge\/wp-content\/uploads\/2025\/05\/monoblocco-da-esterno-bassa-potenza-serie-RR-RF-1536x1152-1.png\" \/>\n\t<meta property=\"og:image:width\" content=\"1536\" \/>\n\t<meta property=\"og:image:height\" content=\"1152\" \/>\n\t<meta property=\"og:image:type\" content=\"image\/png\" \/>\n<meta name=\"twitter:card\" content=\"summary_large_image\" \/>\n<script type=\"application\/ld+json\" class=\"yoast-schema-graph\">{\"@context\":\"https:\/\/schema.org\",\"@graph\":[{\"@type\":\"WebPage\",\"@id\":\"https:\/\/geoclimate.ge\/az\/product\/outdoor-packaged-low-power-rr-series-rf-series-outdoor-packaged-air-conditioning-units-air-cooled-type-20c-to-45c\/\",\"url\":\"https:\/\/geoclimate.ge\/az\/product\/outdoor-packaged-low-power-rr-series-rf-series-outdoor-packaged-air-conditioning-units-air-cooled-type-20c-to-45c\/\",\"name\":\"Xarici qabla\u015fd\u0131r\u0131lan a\u015fa\u011f\u0131 g\u00fcc \u2013 RR Series \/ RF Series A\u00e7\u0131q havada qabla\u015fd\u0131r\u0131lm\u0131\u015f kondisionerl\u0259r -20\u00b0C-d\u0259n +45\u00b0C-d\u0259k hava il\u0259 soyudulur - GeoClimate.ge\",\"isPartOf\":{\"@id\":\"https:\/\/geoclimate.ge\/#website\"},\"primaryImageOfPage\":{\"@id\":\"https:\/\/geoclimate.ge\/az\/product\/outdoor-packaged-low-power-rr-series-rf-series-outdoor-packaged-air-conditioning-units-air-cooled-type-20c-to-45c\/#primaryimage\"},\"image\":{\"@id\":\"https:\/\/geoclimate.ge\/az\/product\/outdoor-packaged-low-power-rr-series-rf-series-outdoor-packaged-air-conditioning-units-air-cooled-type-20c-to-45c\/#primaryimage\"},\"thumbnailUrl\":\"https:\/\/geoclimate.ge\/wp-content\/uploads\/2025\/05\/monoblocco-da-esterno-bassa-potenza-serie-RR-RF-1536x1152-1.png\",\"datePublished\":\"2025-05-23T17:02:27+00:00\",\"dateModified\":\"2025-05-23T17:06:32+00:00\",\"breadcrumb\":{\"@id\":\"https:\/\/geoclimate.ge\/az\/product\/outdoor-packaged-low-power-rr-series-rf-series-outdoor-packaged-air-conditioning-units-air-cooled-type-20c-to-45c\/#breadcrumb\"},\"inLanguage\":\"az\",\"potentialAction\":[{\"@type\":\"ReadAction\",\"target\":[\"https:\/\/geoclimate.ge\/az\/product\/outdoor-packaged-low-power-rr-series-rf-series-outdoor-packaged-air-conditioning-units-air-cooled-type-20c-to-45c\/\"]}]},{\"@type\":\"ImageObject\",\"inLanguage\":\"az\",\"@id\":\"https:\/\/geoclimate.ge\/az\/product\/outdoor-packaged-low-power-rr-series-rf-series-outdoor-packaged-air-conditioning-units-air-cooled-type-20c-to-45c\/#primaryimage\",\"url\":\"https:\/\/geoclimate.ge\/wp-content\/uploads\/2025\/05\/monoblocco-da-esterno-bassa-potenza-serie-RR-RF-1536x1152-1.png\",\"contentUrl\":\"https:\/\/geoclimate.ge\/wp-content\/uploads\/2025\/05\/monoblocco-da-esterno-bassa-potenza-serie-RR-RF-1536x1152-1.png\",\"width\":1536,\"height\":1152},{\"@type\":\"BreadcrumbList\",\"@id\":\"https:\/\/geoclimate.ge\/az\/product\/outdoor-packaged-low-power-rr-series-rf-series-outdoor-packaged-air-conditioning-units-air-cooled-type-20c-to-45c\/#breadcrumb\",\"itemListElement\":[{\"@type\":\"ListItem\",\"position\":1,\"name\":\"Home\",\"item\":\"https:\/\/geoclimate.ge\/az\/\"},{\"@type\":\"ListItem\",\"position\":2,\"name\":\"M\u0259hsullar\",\"item\":\"https:\/\/geoclimate.ge\/az\/products\/\"},{\"@type\":\"ListItem\",\"position\":3,\"name\":\"Xarici qabla\u015fd\u0131r\u0131lan a\u015fa\u011f\u0131 g\u00fcc \u2013 RR Series \/ RF Series A\u00e7\u0131q havada qabla\u015fd\u0131r\u0131lm\u0131\u015f kondisionerl\u0259r -20\u00b0C-d\u0259n +45\u00b0C-d\u0259k hava il\u0259 soyudulur\"}]},{\"@type\":\"WebSite\",\"@id\":\"https:\/\/geoclimate.ge\/#website\",\"url\":\"https:\/\/geoclimate.ge\/\",\"name\":\"GeoClimate\",\"description\":\"\",\"publisher\":{\"@id\":\"https:\/\/geoclimate.ge\/#organization\"},\"potentialAction\":[{\"@type\":\"SearchAction\",\"target\":{\"@type\":\"EntryPoint\",\"urlTemplate\":\"https:\/\/geoclimate.ge\/?s={search_term_string}\"},\"query-input\":{\"@type\":\"PropertyValueSpecification\",\"valueRequired\":true,\"valueName\":\"search_term_string\"}}],\"inLanguage\":\"az\"},{\"@type\":\"Organization\",\"@id\":\"https:\/\/geoclimate.ge\/#organization\",\"name\":\"GeoClimate\",\"url\":\"https:\/\/geoclimate.ge\/\",\"logo\":{\"@type\":\"ImageObject\",\"inLanguage\":\"az\",\"@id\":\"https:\/\/geoclimate.ge\/#\/schema\/logo\/image\/\",\"url\":\"https:\/\/geoclimate.ge\/wp-content\/uploads\/2026\/03\/geoclimate-SEO.png\",\"contentUrl\":\"https:\/\/geoclimate.ge\/wp-content\/uploads\/2026\/03\/geoclimate-SEO.png\",\"width\":1536,\"height\":1024,\"caption\":\"GeoClimate\"},\"image\":{\"@id\":\"https:\/\/geoclimate.ge\/#\/schema\/logo\/image\/\"}}]}<\/script>\n<!-- \/ Yoast SEO plugin. -->","yoast_head_json":{"title":"Xarici qabla\u015fd\u0131r\u0131lan a\u015fa\u011f\u0131 g\u00fcc \u2013 RR Series \/ RF Series A\u00e7\u0131q havada qabla\u015fd\u0131r\u0131lm\u0131\u015f kondisionerl\u0259r -20\u00b0C-d\u0259n +45\u00b0C-d\u0259k hava il\u0259 soyudulur - GeoClimate.ge","robots":{"index":"index","follow":"follow","max-snippet":"max-snippet:-1","max-image-preview":"max-image-preview:large","max-video-preview":"max-video-preview:-1"},"canonical":"https:\/\/geoclimate.ge\/az\/product\/outdoor-packaged-low-power-rr-series-rf-series-outdoor-packaged-air-conditioning-units-air-cooled-type-20c-to-45c\/","og_locale":"az_AZ","og_type":"article","og_title":"Xarici qabla\u015fd\u0131r\u0131lan a\u015fa\u011f\u0131 g\u00fcc \u2013 RR Series \/ RF Series A\u00e7\u0131q havada qabla\u015fd\u0131r\u0131lm\u0131\u015f kondisionerl\u0259r -20\u00b0C-d\u0259n +45\u00b0C-d\u0259k hava il\u0259 soyudulur - GeoClimate.ge","og_description":"Soyutma g\u00fcc\u00fc 1,7 kVt-dan 4,3 kVt-a q\u0259d\u0259r  Qabla\u015fd\u0131r\u0131lm\u0131\u015f kondisionerl\u0259r hava il\u0259 soyudulmu\u015f tipdir, otaqda qura\u015fd\u0131rma \u00fc\u00e7\u00fcn uy\u011fundur, radio baza stansiyas\u0131 \u00fc\u00e7\u00fcn s\u0131\u011f\u0131nacaq v\u0259 m\u0259lumatlar\u0131n emal\u0131 m\u0259rk\u0259zi. Soyuducu hava yuxar\u0131dan \u00e7\u0131xar\u0131l\u0131r v\u0259 a\u015fa\u011f\u0131ya g\u00f6nd\u0259rilir.  \u018fsas X\u00fcsusiyy\u0259tl\u0259r  Sinkl\u0259nmi\u015f poladdan haz\u0131rlanm\u0131\u015f \u0259sas \u00e7\u0259r\u00e7iv\u0259 v\u0259 panell\u0259r AC tipli buxarlanan ventilyatorlar, 230Vac EC tipli kondensasiya b\u00f6lm\u0259si ventilyatorlar\u0131, 230Vac AC, 230Vac v\u0259 ya EC, 48Vdc tipli Pulsuz Soyutma b\u00f6lm\u0259si fanatlar\u0131 (yaln\u0131z Mod.RF) \u0130st\u0259k \u00fczr\u0259: Ethernet l\u00f6vh\u0259si, Serial RS232\/485, SNMP&amp;Web","og_url":"https:\/\/geoclimate.ge\/az\/product\/outdoor-packaged-low-power-rr-series-rf-series-outdoor-packaged-air-conditioning-units-air-cooled-type-20c-to-45c\/","og_site_name":"GeoClimate.ge","article_modified_time":"2025-05-23T17:06:32+00:00","og_image":[{"width":1536,"height":1152,"url":"https:\/\/geoclimate.ge\/wp-content\/uploads\/2025\/05\/monoblocco-da-esterno-bassa-potenza-serie-RR-RF-1536x1152-1.png","type":"image\/png"}],"twitter_card":"summary_large_image","schema":{"@context":"https:\/\/schema.org","@graph":[{"@type":"WebPage","@id":"https:\/\/geoclimate.ge\/az\/product\/outdoor-packaged-low-power-rr-series-rf-series-outdoor-packaged-air-conditioning-units-air-cooled-type-20c-to-45c\/","url":"https:\/\/geoclimate.ge\/az\/product\/outdoor-packaged-low-power-rr-series-rf-series-outdoor-packaged-air-conditioning-units-air-cooled-type-20c-to-45c\/","name":"Xarici qabla\u015fd\u0131r\u0131lan a\u015fa\u011f\u0131 g\u00fcc \u2013 RR Series \/ RF Series A\u00e7\u0131q havada qabla\u015fd\u0131r\u0131lm\u0131\u015f kondisionerl\u0259r -20\u00b0C-d\u0259n +45\u00b0C-d\u0259k hava il\u0259 soyudulur - GeoClimate.ge","isPartOf":{"@id":"https:\/\/geoclimate.ge\/#website"},"primaryImageOfPage":{"@id":"https:\/\/geoclimate.ge\/az\/product\/outdoor-packaged-low-power-rr-series-rf-series-outdoor-packaged-air-conditioning-units-air-cooled-type-20c-to-45c\/#primaryimage"},"image":{"@id":"https:\/\/geoclimate.ge\/az\/product\/outdoor-packaged-low-power-rr-series-rf-series-outdoor-packaged-air-conditioning-units-air-cooled-type-20c-to-45c\/#primaryimage"},"thumbnailUrl":"https:\/\/geoclimate.ge\/wp-content\/uploads\/2025\/05\/monoblocco-da-esterno-bassa-potenza-serie-RR-RF-1536x1152-1.png","datePublished":"2025-05-23T17:02:27+00:00","dateModified":"2025-05-23T17:06:32+00:00","breadcrumb":{"@id":"https:\/\/geoclimate.ge\/az\/product\/outdoor-packaged-low-power-rr-series-rf-series-outdoor-packaged-air-conditioning-units-air-cooled-type-20c-to-45c\/#breadcrumb"},"inLanguage":"az","potentialAction":[{"@type":"ReadAction","target":["https:\/\/geoclimate.ge\/az\/product\/outdoor-packaged-low-power-rr-series-rf-series-outdoor-packaged-air-conditioning-units-air-cooled-type-20c-to-45c\/"]}]},{"@type":"ImageObject","inLanguage":"az","@id":"https:\/\/geoclimate.ge\/az\/product\/outdoor-packaged-low-power-rr-series-rf-series-outdoor-packaged-air-conditioning-units-air-cooled-type-20c-to-45c\/#primaryimage","url":"https:\/\/geoclimate.ge\/wp-content\/uploads\/2025\/05\/monoblocco-da-esterno-bassa-potenza-serie-RR-RF-1536x1152-1.png","contentUrl":"https:\/\/geoclimate.ge\/wp-content\/uploads\/2025\/05\/monoblocco-da-esterno-bassa-potenza-serie-RR-RF-1536x1152-1.png","width":1536,"height":1152},{"@type":"BreadcrumbList","@id":"https:\/\/geoclimate.ge\/az\/product\/outdoor-packaged-low-power-rr-series-rf-series-outdoor-packaged-air-conditioning-units-air-cooled-type-20c-to-45c\/#breadcrumb","itemListElement":[{"@type":"ListItem","position":1,"name":"Home","item":"https:\/\/geoclimate.ge\/az\/"},{"@type":"ListItem","position":2,"name":"M\u0259hsullar","item":"https:\/\/geoclimate.ge\/az\/products\/"},{"@type":"ListItem","position":3,"name":"Xarici qabla\u015fd\u0131r\u0131lan a\u015fa\u011f\u0131 g\u00fcc \u2013 RR Series \/ RF Series A\u00e7\u0131q havada qabla\u015fd\u0131r\u0131lm\u0131\u015f kondisionerl\u0259r -20\u00b0C-d\u0259n +45\u00b0C-d\u0259k hava il\u0259 soyudulur"}]},{"@type":"WebSite","@id":"https:\/\/geoclimate.ge\/#website","url":"https:\/\/geoclimate.ge\/","name":"GeoClimate","description":"","publisher":{"@id":"https:\/\/geoclimate.ge\/#organization"},"potentialAction":[{"@type":"SearchAction","target":{"@type":"EntryPoint","urlTemplate":"https:\/\/geoclimate.ge\/?s={search_term_string}"},"query-input":{"@type":"PropertyValueSpecification","valueRequired":true,"valueName":"search_term_string"}}],"inLanguage":"az"},{"@type":"Organization","@id":"https:\/\/geoclimate.ge\/#organization","name":"GeoClimate","url":"https:\/\/geoclimate.ge\/","logo":{"@type":"ImageObject","inLanguage":"az","@id":"https:\/\/geoclimate.ge\/#\/schema\/logo\/image\/","url":"https:\/\/geoclimate.ge\/wp-content\/uploads\/2026\/03\/geoclimate-SEO.png","contentUrl":"https:\/\/geoclimate.ge\/wp-content\/uploads\/2026\/03\/geoclimate-SEO.png","width":1536,"height":1024,"caption":"GeoClimate"},"image":{"@id":"https:\/\/geoclimate.ge\/#\/schema\/logo\/image\/"}}]}},"_links":{"self":[{"href":"https:\/\/geoclimate.ge\/az\/wp-json\/wp\/v2\/product\/32519","targetHints":{"allow":["GET"]}}],"collection":[{"href":"https:\/\/geoclimate.ge\/az\/wp-json\/wp\/v2\/product"}],"about":[{"href":"https:\/\/geoclimate.ge\/az\/wp-json\/wp\/v2\/types\/product"}],"wp:featuredmedia":[{"embeddable":true,"href":"https:\/\/geoclimate.ge\/az\/wp-json\/wp\/v2\/media\/32501"}],"wp:attachment":[{"href":"https:\/\/geoclimate.ge\/az\/wp-json\/wp\/v2\/media?parent=32519"}],"wp:term":[{"taxonomy":"product_brand","embeddable":true,"href":"https:\/\/geoclimate.ge\/az\/wp-json\/wp\/v2\/product_brand?post=32519"},{"taxonomy":"product_cat","embeddable":true,"href":"https:\/\/geoclimate.ge\/az\/wp-json\/wp\/v2\/product_cat?post=32519"},{"taxonomy":"product_tag","embeddable":true,"href":"https:\/\/geoclimate.ge\/az\/wp-json\/wp\/v2\/product_tag?post=32519"}],"curies":[{"name":"wp","href":"https:\/\/api.w.org\/{rel}","templated":true}]}}