{"id":32559,"date":"2025-05-23T21:27:43","date_gmt":"2025-05-23T17:27:43","guid":{"rendered":"https:\/\/airsystems.ge\/shop\/product\/industrial-air-conditioner-packaged-series-industrial-packaged-acus-packaged-self-cooling-air-conditioners-for-containers-or-electrical-cabins-40c-to-85c\/"},"modified":"2025-05-23T21:30:23","modified_gmt":"2025-05-23T17:30:23","slug":"industrial-air-conditioner-packaged-series-industrial-packaged-acus-packaged-self-cooling-air-conditioners-for-containers-or-electrical-cabins-40c-to-85c","status":"publish","type":"product","link":"https:\/\/geoclimate.ge\/az\/product\/industrial-air-conditioner-packaged-series-industrial-packaged-acus-packaged-self-cooling-air-conditioners-for-containers-or-electrical-cabins-40c-to-85c\/","title":{"rendered":"S\u0259naye kondisioneri qabla\u015fd\u0131r\u0131l\u0131b  S\u0259naye qabla\u015fd\u0131r\u0131lm\u0131\u015f ACUS seriyas\u0131 Konteynerl\u0259r v\u0259 ya elektrik kabinl\u0259ri \u00fc\u00e7\u00fcn qabla\u015fd\u0131r\u0131lm\u0131\u015f \u00f6z\u00fcn\u00fc soyutan kondisionerl\u0259r -40\u00b0C-d\u0259n +85\u00b0C-d\u0259k"},"content":{"rendered":"<p><a class=\"elementor-button elementor-button-link elementor-size-sm\" href=\"https:\/\/www.enextechnologies.com\/wp-content\/uploads\/2024\/08\/ACUS-SERIE_ENG.pdf\" target=\"_blank\" rel=\"noopener\"><span class=\"elementor-button-content-wrapper\"><span class=\"elementor-button-text\">BROCHURE<\/span><\/span><\/a><\/p>\n","protected":false},"excerpt":{"rendered":"<p>Soyutma g\u00fcc\u00fc 9,0 kVt<\/p>\n<p>Toz v\u0259 vibrasiya v\u0259 y\u00fcks\u0259k temperaturun m\u00f6vcud oldu\u011fu ekstremal \u015f\u0259raitd\u0259 i\u015fl\u0259m\u0259k \u00fc\u00e7\u00fcn x\u00fcsusi olaraq dizayn edilmi\u015f v\u0259 istehsal edilmi\u015f daxili istifad\u0259 \u00fc\u00e7\u00fcn qabla\u015fd\u0131r\u0131lm\u0131\u015f \u00f6z\u00fcn\u00fc soyutan kondisionerl\u0259r. Konteynerl\u0259ri v\u0259 elektrik kabin\u0259l\u0259rini kanal vasit\u0259sil\u0259 soyutmaq \u00fc\u00e7\u00fcn ideald\u0131r.<\/p>\n<p>\u018fsas X\u00fcsusiyy\u0259tl\u0259r<\/p>\n<p>Sinkl\u0259nmi\u015f poladdan haz\u0131rlanm\u0131\u015f \u0259sas \u00e7\u0259r\u00e7iv\u0259 v\u0259 panell\u0259r<br \/>\nY\u00fcks\u0259k korroziyaya davaml\u0131d\u0131r<br \/>\nToz v\u0259 vibrasiyaya qar\u015f\u0131 m\u00fcqavim\u0259t<br \/>\nBortda elektrik qutusu<br \/>\nKondensator b\u00f6lm\u0259sinin fan\u0131 t\u0259zyiq a\u00e7ar\u0131 idar\u0259si il\u0259 t\u0259nziml\u0259nir<br \/>\nUzaqdan istifad\u0259\u00e7i interfeysi paneli<br \/>\nT\u0259nziml\u0259n\u0259n egzoz\/i\u015fl\u0259nmi\u015f hava ax\u0131n\u0131<\/p>\n","protected":false},"featured_media":32554,"template":"","meta":[],"product_brand":[],"product_cat":[1619,875],"product_tag":[],"class_list":{"0":"post-32559","1":"product","2":"type-product","3":"status-publish","4":"has-post-thumbnail","6":"product_cat-snaye-kondisioneri-qablasdirilib","7":"product_cat-snaye-az-kondisionerlr","9":"first","10":"instock","11":"shipping-taxable","12":"product-type-simple"},"yoast_head":"<!-- This site is optimized with the Yoast SEO plugin v27.1.1 - https:\/\/yoast.com\/product\/yoast-seo-wordpress\/ -->\n<title>S\u0259naye kondisioneri qabla\u015fd\u0131r\u0131l\u0131b S\u0259naye qabla\u015fd\u0131r\u0131lm\u0131\u015f ACUS seriyas\u0131 Konteynerl\u0259r v\u0259 ya elektrik kabinl\u0259ri \u00fc\u00e7\u00fcn qabla\u015fd\u0131r\u0131lm\u0131\u015f \u00f6z\u00fcn\u00fc soyutan kondisionerl\u0259r -40\u00b0C-d\u0259n +85\u00b0C-d\u0259k - GeoClimate.ge<\/title>\n<meta name=\"robots\" content=\"index, follow, max-snippet:-1, max-image-preview:large, max-video-preview:-1\" \/>\n<link rel=\"canonical\" href=\"https:\/\/geoclimate.ge\/az\/product\/industrial-air-conditioner-packaged-series-industrial-packaged-acus-packaged-self-cooling-air-conditioners-for-containers-or-electrical-cabins-40c-to-85c\/\" \/>\n<meta property=\"og:locale\" content=\"az_AZ\" \/>\n<meta property=\"og:type\" content=\"article\" \/>\n<meta property=\"og:title\" content=\"S\u0259naye kondisioneri qabla\u015fd\u0131r\u0131l\u0131b S\u0259naye qabla\u015fd\u0131r\u0131lm\u0131\u015f ACUS seriyas\u0131 Konteynerl\u0259r v\u0259 ya elektrik kabinl\u0259ri \u00fc\u00e7\u00fcn qabla\u015fd\u0131r\u0131lm\u0131\u015f \u00f6z\u00fcn\u00fc soyutan kondisionerl\u0259r -40\u00b0C-d\u0259n +85\u00b0C-d\u0259k - GeoClimate.ge\" \/>\n<meta property=\"og:description\" content=\"Soyutma g\u00fcc\u00fc 9,0 kVt  Toz v\u0259 vibrasiya v\u0259 y\u00fcks\u0259k temperaturun m\u00f6vcud oldu\u011fu ekstremal \u015f\u0259raitd\u0259 i\u015fl\u0259m\u0259k \u00fc\u00e7\u00fcn x\u00fcsusi olaraq dizayn edilmi\u015f v\u0259 istehsal edilmi\u015f daxili istifad\u0259 \u00fc\u00e7\u00fcn qabla\u015fd\u0131r\u0131lm\u0131\u015f \u00f6z\u00fcn\u00fc soyutan kondisionerl\u0259r. Konteynerl\u0259ri v\u0259 elektrik kabin\u0259l\u0259rini kanal vasit\u0259sil\u0259 soyutmaq \u00fc\u00e7\u00fcn ideald\u0131r.  \u018fsas X\u00fcsusiyy\u0259tl\u0259r  Sinkl\u0259nmi\u015f poladdan haz\u0131rlanm\u0131\u015f \u0259sas \u00e7\u0259r\u00e7iv\u0259 v\u0259 panell\u0259r Y\u00fcks\u0259k korroziyaya davaml\u0131d\u0131r Toz v\u0259 vibrasiyaya qar\u015f\u0131 m\u00fcqavim\u0259t Bortda elektrik qutusu Kondensator b\u00f6lm\u0259sinin fan\u0131 t\u0259zyiq a\u00e7ar\u0131 idar\u0259si il\u0259 t\u0259nziml\u0259nir Uzaqdan istifad\u0259\u00e7i interfeysi paneli T\u0259nziml\u0259n\u0259n egzoz\/i\u015fl\u0259nmi\u015f hava ax\u0131n\u0131\" \/>\n<meta property=\"og:url\" content=\"https:\/\/geoclimate.ge\/az\/product\/industrial-air-conditioner-packaged-series-industrial-packaged-acus-packaged-self-cooling-air-conditioners-for-containers-or-electrical-cabins-40c-to-85c\/\" \/>\n<meta property=\"og:site_name\" content=\"GeoClimate.ge\" \/>\n<meta property=\"article:modified_time\" content=\"2025-05-23T17:30:23+00:00\" \/>\n<meta property=\"og:image\" content=\"https:\/\/geoclimate.ge\/wp-content\/uploads\/2025\/05\/monoblocco-industriale-serie-ACUS.png\" \/>\n\t<meta property=\"og:image:width\" content=\"2560\" \/>\n\t<meta property=\"og:image:height\" content=\"1920\" \/>\n\t<meta property=\"og:image:type\" content=\"image\/png\" \/>\n<meta name=\"twitter:card\" content=\"summary_large_image\" \/>\n<script type=\"application\/ld+json\" class=\"yoast-schema-graph\">{\"@context\":\"https:\/\/schema.org\",\"@graph\":[{\"@type\":\"WebPage\",\"@id\":\"https:\/\/geoclimate.ge\/az\/product\/industrial-air-conditioner-packaged-series-industrial-packaged-acus-packaged-self-cooling-air-conditioners-for-containers-or-electrical-cabins-40c-to-85c\/\",\"url\":\"https:\/\/geoclimate.ge\/az\/product\/industrial-air-conditioner-packaged-series-industrial-packaged-acus-packaged-self-cooling-air-conditioners-for-containers-or-electrical-cabins-40c-to-85c\/\",\"name\":\"S\u0259naye kondisioneri qabla\u015fd\u0131r\u0131l\u0131b S\u0259naye qabla\u015fd\u0131r\u0131lm\u0131\u015f ACUS seriyas\u0131 Konteynerl\u0259r v\u0259 ya elektrik kabinl\u0259ri \u00fc\u00e7\u00fcn qabla\u015fd\u0131r\u0131lm\u0131\u015f \u00f6z\u00fcn\u00fc soyutan kondisionerl\u0259r -40\u00b0C-d\u0259n +85\u00b0C-d\u0259k - GeoClimate.ge\",\"isPartOf\":{\"@id\":\"https:\/\/geoclimate.ge\/#website\"},\"primaryImageOfPage\":{\"@id\":\"https:\/\/geoclimate.ge\/az\/product\/industrial-air-conditioner-packaged-series-industrial-packaged-acus-packaged-self-cooling-air-conditioners-for-containers-or-electrical-cabins-40c-to-85c\/#primaryimage\"},\"image\":{\"@id\":\"https:\/\/geoclimate.ge\/az\/product\/industrial-air-conditioner-packaged-series-industrial-packaged-acus-packaged-self-cooling-air-conditioners-for-containers-or-electrical-cabins-40c-to-85c\/#primaryimage\"},\"thumbnailUrl\":\"https:\/\/geoclimate.ge\/wp-content\/uploads\/2025\/05\/monoblocco-industriale-serie-ACUS.png\",\"datePublished\":\"2025-05-23T17:27:43+00:00\",\"dateModified\":\"2025-05-23T17:30:23+00:00\",\"breadcrumb\":{\"@id\":\"https:\/\/geoclimate.ge\/az\/product\/industrial-air-conditioner-packaged-series-industrial-packaged-acus-packaged-self-cooling-air-conditioners-for-containers-or-electrical-cabins-40c-to-85c\/#breadcrumb\"},\"inLanguage\":\"az\",\"potentialAction\":[{\"@type\":\"ReadAction\",\"target\":[\"https:\/\/geoclimate.ge\/az\/product\/industrial-air-conditioner-packaged-series-industrial-packaged-acus-packaged-self-cooling-air-conditioners-for-containers-or-electrical-cabins-40c-to-85c\/\"]}]},{\"@type\":\"ImageObject\",\"inLanguage\":\"az\",\"@id\":\"https:\/\/geoclimate.ge\/az\/product\/industrial-air-conditioner-packaged-series-industrial-packaged-acus-packaged-self-cooling-air-conditioners-for-containers-or-electrical-cabins-40c-to-85c\/#primaryimage\",\"url\":\"https:\/\/geoclimate.ge\/wp-content\/uploads\/2025\/05\/monoblocco-industriale-serie-ACUS.png\",\"contentUrl\":\"https:\/\/geoclimate.ge\/wp-content\/uploads\/2025\/05\/monoblocco-industriale-serie-ACUS.png\",\"width\":2560,\"height\":1920},{\"@type\":\"BreadcrumbList\",\"@id\":\"https:\/\/geoclimate.ge\/az\/product\/industrial-air-conditioner-packaged-series-industrial-packaged-acus-packaged-self-cooling-air-conditioners-for-containers-or-electrical-cabins-40c-to-85c\/#breadcrumb\",\"itemListElement\":[{\"@type\":\"ListItem\",\"position\":1,\"name\":\"Home\",\"item\":\"https:\/\/geoclimate.ge\/az\/\"},{\"@type\":\"ListItem\",\"position\":2,\"name\":\"M\u0259hsullar\",\"item\":\"https:\/\/geoclimate.ge\/az\/products\/\"},{\"@type\":\"ListItem\",\"position\":3,\"name\":\"S\u0259naye kondisioneri qabla\u015fd\u0131r\u0131l\u0131b S\u0259naye qabla\u015fd\u0131r\u0131lm\u0131\u015f ACUS seriyas\u0131 Konteynerl\u0259r v\u0259 ya elektrik kabinl\u0259ri \u00fc\u00e7\u00fcn qabla\u015fd\u0131r\u0131lm\u0131\u015f \u00f6z\u00fcn\u00fc soyutan kondisionerl\u0259r -40\u00b0C-d\u0259n +85\u00b0C-d\u0259k\"}]},{\"@type\":\"WebSite\",\"@id\":\"https:\/\/geoclimate.ge\/#website\",\"url\":\"https:\/\/geoclimate.ge\/\",\"name\":\"GeoClimate\",\"description\":\"\",\"publisher\":{\"@id\":\"https:\/\/geoclimate.ge\/#organization\"},\"potentialAction\":[{\"@type\":\"SearchAction\",\"target\":{\"@type\":\"EntryPoint\",\"urlTemplate\":\"https:\/\/geoclimate.ge\/?s={search_term_string}\"},\"query-input\":{\"@type\":\"PropertyValueSpecification\",\"valueRequired\":true,\"valueName\":\"search_term_string\"}}],\"inLanguage\":\"az\"},{\"@type\":\"Organization\",\"@id\":\"https:\/\/geoclimate.ge\/#organization\",\"name\":\"GeoClimate\",\"url\":\"https:\/\/geoclimate.ge\/\",\"logo\":{\"@type\":\"ImageObject\",\"inLanguage\":\"az\",\"@id\":\"https:\/\/geoclimate.ge\/#\/schema\/logo\/image\/\",\"url\":\"https:\/\/geoclimate.ge\/wp-content\/uploads\/2026\/03\/geoclimate-SEO.png\",\"contentUrl\":\"https:\/\/geoclimate.ge\/wp-content\/uploads\/2026\/03\/geoclimate-SEO.png\",\"width\":1536,\"height\":1024,\"caption\":\"GeoClimate\"},\"image\":{\"@id\":\"https:\/\/geoclimate.ge\/#\/schema\/logo\/image\/\"}}]}<\/script>\n<!-- \/ Yoast SEO plugin. -->","yoast_head_json":{"title":"S\u0259naye kondisioneri qabla\u015fd\u0131r\u0131l\u0131b S\u0259naye qabla\u015fd\u0131r\u0131lm\u0131\u015f ACUS seriyas\u0131 Konteynerl\u0259r v\u0259 ya elektrik kabinl\u0259ri \u00fc\u00e7\u00fcn qabla\u015fd\u0131r\u0131lm\u0131\u015f \u00f6z\u00fcn\u00fc soyutan kondisionerl\u0259r -40\u00b0C-d\u0259n +85\u00b0C-d\u0259k - GeoClimate.ge","robots":{"index":"index","follow":"follow","max-snippet":"max-snippet:-1","max-image-preview":"max-image-preview:large","max-video-preview":"max-video-preview:-1"},"canonical":"https:\/\/geoclimate.ge\/az\/product\/industrial-air-conditioner-packaged-series-industrial-packaged-acus-packaged-self-cooling-air-conditioners-for-containers-or-electrical-cabins-40c-to-85c\/","og_locale":"az_AZ","og_type":"article","og_title":"S\u0259naye kondisioneri qabla\u015fd\u0131r\u0131l\u0131b S\u0259naye qabla\u015fd\u0131r\u0131lm\u0131\u015f ACUS seriyas\u0131 Konteynerl\u0259r v\u0259 ya elektrik kabinl\u0259ri \u00fc\u00e7\u00fcn qabla\u015fd\u0131r\u0131lm\u0131\u015f \u00f6z\u00fcn\u00fc soyutan kondisionerl\u0259r -40\u00b0C-d\u0259n +85\u00b0C-d\u0259k - GeoClimate.ge","og_description":"Soyutma g\u00fcc\u00fc 9,0 kVt  Toz v\u0259 vibrasiya v\u0259 y\u00fcks\u0259k temperaturun m\u00f6vcud oldu\u011fu ekstremal \u015f\u0259raitd\u0259 i\u015fl\u0259m\u0259k \u00fc\u00e7\u00fcn x\u00fcsusi olaraq dizayn edilmi\u015f v\u0259 istehsal edilmi\u015f daxili istifad\u0259 \u00fc\u00e7\u00fcn qabla\u015fd\u0131r\u0131lm\u0131\u015f \u00f6z\u00fcn\u00fc soyutan kondisionerl\u0259r. Konteynerl\u0259ri v\u0259 elektrik kabin\u0259l\u0259rini kanal vasit\u0259sil\u0259 soyutmaq \u00fc\u00e7\u00fcn ideald\u0131r.  \u018fsas X\u00fcsusiyy\u0259tl\u0259r  Sinkl\u0259nmi\u015f poladdan haz\u0131rlanm\u0131\u015f \u0259sas \u00e7\u0259r\u00e7iv\u0259 v\u0259 panell\u0259r Y\u00fcks\u0259k korroziyaya davaml\u0131d\u0131r Toz v\u0259 vibrasiyaya qar\u015f\u0131 m\u00fcqavim\u0259t Bortda elektrik qutusu Kondensator b\u00f6lm\u0259sinin fan\u0131 t\u0259zyiq a\u00e7ar\u0131 idar\u0259si il\u0259 t\u0259nziml\u0259nir Uzaqdan istifad\u0259\u00e7i interfeysi paneli T\u0259nziml\u0259n\u0259n egzoz\/i\u015fl\u0259nmi\u015f hava ax\u0131n\u0131","og_url":"https:\/\/geoclimate.ge\/az\/product\/industrial-air-conditioner-packaged-series-industrial-packaged-acus-packaged-self-cooling-air-conditioners-for-containers-or-electrical-cabins-40c-to-85c\/","og_site_name":"GeoClimate.ge","article_modified_time":"2025-05-23T17:30:23+00:00","og_image":[{"width":2560,"height":1920,"url":"https:\/\/geoclimate.ge\/wp-content\/uploads\/2025\/05\/monoblocco-industriale-serie-ACUS.png","type":"image\/png"}],"twitter_card":"summary_large_image","schema":{"@context":"https:\/\/schema.org","@graph":[{"@type":"WebPage","@id":"https:\/\/geoclimate.ge\/az\/product\/industrial-air-conditioner-packaged-series-industrial-packaged-acus-packaged-self-cooling-air-conditioners-for-containers-or-electrical-cabins-40c-to-85c\/","url":"https:\/\/geoclimate.ge\/az\/product\/industrial-air-conditioner-packaged-series-industrial-packaged-acus-packaged-self-cooling-air-conditioners-for-containers-or-electrical-cabins-40c-to-85c\/","name":"S\u0259naye kondisioneri qabla\u015fd\u0131r\u0131l\u0131b S\u0259naye qabla\u015fd\u0131r\u0131lm\u0131\u015f ACUS seriyas\u0131 Konteynerl\u0259r v\u0259 ya elektrik kabinl\u0259ri \u00fc\u00e7\u00fcn qabla\u015fd\u0131r\u0131lm\u0131\u015f \u00f6z\u00fcn\u00fc soyutan kondisionerl\u0259r -40\u00b0C-d\u0259n +85\u00b0C-d\u0259k - GeoClimate.ge","isPartOf":{"@id":"https:\/\/geoclimate.ge\/#website"},"primaryImageOfPage":{"@id":"https:\/\/geoclimate.ge\/az\/product\/industrial-air-conditioner-packaged-series-industrial-packaged-acus-packaged-self-cooling-air-conditioners-for-containers-or-electrical-cabins-40c-to-85c\/#primaryimage"},"image":{"@id":"https:\/\/geoclimate.ge\/az\/product\/industrial-air-conditioner-packaged-series-industrial-packaged-acus-packaged-self-cooling-air-conditioners-for-containers-or-electrical-cabins-40c-to-85c\/#primaryimage"},"thumbnailUrl":"https:\/\/geoclimate.ge\/wp-content\/uploads\/2025\/05\/monoblocco-industriale-serie-ACUS.png","datePublished":"2025-05-23T17:27:43+00:00","dateModified":"2025-05-23T17:30:23+00:00","breadcrumb":{"@id":"https:\/\/geoclimate.ge\/az\/product\/industrial-air-conditioner-packaged-series-industrial-packaged-acus-packaged-self-cooling-air-conditioners-for-containers-or-electrical-cabins-40c-to-85c\/#breadcrumb"},"inLanguage":"az","potentialAction":[{"@type":"ReadAction","target":["https:\/\/geoclimate.ge\/az\/product\/industrial-air-conditioner-packaged-series-industrial-packaged-acus-packaged-self-cooling-air-conditioners-for-containers-or-electrical-cabins-40c-to-85c\/"]}]},{"@type":"ImageObject","inLanguage":"az","@id":"https:\/\/geoclimate.ge\/az\/product\/industrial-air-conditioner-packaged-series-industrial-packaged-acus-packaged-self-cooling-air-conditioners-for-containers-or-electrical-cabins-40c-to-85c\/#primaryimage","url":"https:\/\/geoclimate.ge\/wp-content\/uploads\/2025\/05\/monoblocco-industriale-serie-ACUS.png","contentUrl":"https:\/\/geoclimate.ge\/wp-content\/uploads\/2025\/05\/monoblocco-industriale-serie-ACUS.png","width":2560,"height":1920},{"@type":"BreadcrumbList","@id":"https:\/\/geoclimate.ge\/az\/product\/industrial-air-conditioner-packaged-series-industrial-packaged-acus-packaged-self-cooling-air-conditioners-for-containers-or-electrical-cabins-40c-to-85c\/#breadcrumb","itemListElement":[{"@type":"ListItem","position":1,"name":"Home","item":"https:\/\/geoclimate.ge\/az\/"},{"@type":"ListItem","position":2,"name":"M\u0259hsullar","item":"https:\/\/geoclimate.ge\/az\/products\/"},{"@type":"ListItem","position":3,"name":"S\u0259naye kondisioneri qabla\u015fd\u0131r\u0131l\u0131b S\u0259naye qabla\u015fd\u0131r\u0131lm\u0131\u015f ACUS seriyas\u0131 Konteynerl\u0259r v\u0259 ya elektrik kabinl\u0259ri \u00fc\u00e7\u00fcn qabla\u015fd\u0131r\u0131lm\u0131\u015f \u00f6z\u00fcn\u00fc soyutan kondisionerl\u0259r -40\u00b0C-d\u0259n +85\u00b0C-d\u0259k"}]},{"@type":"WebSite","@id":"https:\/\/geoclimate.ge\/#website","url":"https:\/\/geoclimate.ge\/","name":"GeoClimate","description":"","publisher":{"@id":"https:\/\/geoclimate.ge\/#organization"},"potentialAction":[{"@type":"SearchAction","target":{"@type":"EntryPoint","urlTemplate":"https:\/\/geoclimate.ge\/?s={search_term_string}"},"query-input":{"@type":"PropertyValueSpecification","valueRequired":true,"valueName":"search_term_string"}}],"inLanguage":"az"},{"@type":"Organization","@id":"https:\/\/geoclimate.ge\/#organization","name":"GeoClimate","url":"https:\/\/geoclimate.ge\/","logo":{"@type":"ImageObject","inLanguage":"az","@id":"https:\/\/geoclimate.ge\/#\/schema\/logo\/image\/","url":"https:\/\/geoclimate.ge\/wp-content\/uploads\/2026\/03\/geoclimate-SEO.png","contentUrl":"https:\/\/geoclimate.ge\/wp-content\/uploads\/2026\/03\/geoclimate-SEO.png","width":1536,"height":1024,"caption":"GeoClimate"},"image":{"@id":"https:\/\/geoclimate.ge\/#\/schema\/logo\/image\/"}}]}},"_links":{"self":[{"href":"https:\/\/geoclimate.ge\/az\/wp-json\/wp\/v2\/product\/32559","targetHints":{"allow":["GET"]}}],"collection":[{"href":"https:\/\/geoclimate.ge\/az\/wp-json\/wp\/v2\/product"}],"about":[{"href":"https:\/\/geoclimate.ge\/az\/wp-json\/wp\/v2\/types\/product"}],"wp:featuredmedia":[{"embeddable":true,"href":"https:\/\/geoclimate.ge\/az\/wp-json\/wp\/v2\/media\/32554"}],"wp:attachment":[{"href":"https:\/\/geoclimate.ge\/az\/wp-json\/wp\/v2\/media?parent=32559"}],"wp:term":[{"taxonomy":"product_brand","embeddable":true,"href":"https:\/\/geoclimate.ge\/az\/wp-json\/wp\/v2\/product_brand?post=32559"},{"taxonomy":"product_cat","embeddable":true,"href":"https:\/\/geoclimate.ge\/az\/wp-json\/wp\/v2\/product_cat?post=32559"},{"taxonomy":"product_tag","embeddable":true,"href":"https:\/\/geoclimate.ge\/az\/wp-json\/wp\/v2\/product_tag?post=32559"}],"curies":[{"name":"wp","href":"https:\/\/api.w.org\/{rel}","templated":true}]}}