{"id":32573,"date":"2025-05-23T21:33:24","date_gmt":"2025-05-23T17:33:24","guid":{"rendered":"https:\/\/airsystems.ge\/shop\/product\/indoor-air-conditioning-cu-alx-series-indoor-packaged-air-conditioners-20c-to-55c\/"},"modified":"2025-05-23T21:36:18","modified_gmt":"2025-05-23T17:36:18","slug":"indoor-air-conditioning-cu-alx-series-indoor-packaged-air-conditioners-20c-to-55c","status":"publish","type":"product","link":"https:\/\/geoclimate.ge\/az\/product\/indoor-air-conditioning-cu-alx-series-indoor-packaged-air-conditioners-20c-to-55c\/","title":{"rendered":"Daxili kondisioner CU ALX Series Qapal\u0131 kondisionerl\u0259r -20\u00b0C-d\u0259n +55\u00b0C-d\u0259k"},"content":{"rendered":"","protected":false},"excerpt":{"rendered":"<p>Soyutma g\u00fcc\u00fc 0,6 kVt-dan 2,5 kVt-a q\u0259d\u0259r<\/p>\n<p>CU_ALX seriyal\u0131 kondisionerl\u0259r monoblok daxili bloklard\u0131r, elektrik l\u00f6vh\u0259l\u0259rini soyutmaq \u00fc\u00e7\u00fcn ideald\u0131r v\u0259 buna b\u0259nz\u0259r, xarici divarlara qura\u015fd\u0131rmaq \u00fc\u00e7\u00fcn n\u0259z\u0259rd\u0259 tutulmu\u015fdur (k\u00fcr\u0259k \u00e7antas\u0131n\u0131n yerl\u0259\u015fdirilm\u0259si).<\/p>\n<p>\u018fsas X\u00fcsusiyy\u0259tl\u0259r<\/p>\n<p>Sinkl\u0259nmi\u015f poladdan haz\u0131rlanm\u0131\u015f \u0259sas \u00e7\u0259r\u00e7iv\u0259 v\u0259 panell\u0259r<br \/>\nAl\u00fcminium-al\u00fcminium mikrokanall\u0131 kondensator batareyas\u0131<br \/>\n230Vac radial fanatlar<br \/>\nAvtomatik kondensat\u0131n buxarlanmas\u0131 (mod.250 xaric)<br \/>\nAnaloji (mod.ALX) v\u0259 ya r\u0259q\u0259msal (mod.ALXC) temperatur n\u0259zar\u0259ti<br \/>\nXarici divarlara qura\u015fd\u0131rma, bel \u00e7antas\u0131n\u0131n yerl\u0259\u015fdirilm\u0259si<\/p>\n","protected":false},"featured_media":32568,"template":"","meta":[],"product_brand":[],"product_cat":[1619,875],"product_tag":[],"class_list":{"0":"post-32573","1":"product","2":"type-product","3":"status-publish","4":"has-post-thumbnail","6":"product_cat-snaye-kondisioneri-qablasdirilib","7":"product_cat-snaye-az-kondisionerlr","9":"first","10":"instock","11":"shipping-taxable","12":"product-type-simple"},"yoast_head":"<!-- This site is optimized with the Yoast SEO plugin v27.1.1 - https:\/\/yoast.com\/product\/yoast-seo-wordpress\/ -->\n<title>Daxili kondisioner CU ALX Series Qapal\u0131 kondisionerl\u0259r -20\u00b0C-d\u0259n +55\u00b0C-d\u0259k - GeoClimate.ge<\/title>\n<meta name=\"robots\" content=\"index, follow, max-snippet:-1, max-image-preview:large, max-video-preview:-1\" \/>\n<link rel=\"canonical\" href=\"https:\/\/geoclimate.ge\/az\/product\/indoor-air-conditioning-cu-alx-series-indoor-packaged-air-conditioners-20c-to-55c\/\" \/>\n<meta property=\"og:locale\" content=\"az_AZ\" \/>\n<meta property=\"og:type\" content=\"article\" \/>\n<meta property=\"og:title\" content=\"Daxili kondisioner CU ALX Series Qapal\u0131 kondisionerl\u0259r -20\u00b0C-d\u0259n +55\u00b0C-d\u0259k - GeoClimate.ge\" \/>\n<meta property=\"og:description\" content=\"Soyutma g\u00fcc\u00fc 0,6 kVt-dan 2,5 kVt-a q\u0259d\u0259r  CU_ALX seriyal\u0131 kondisionerl\u0259r monoblok daxili bloklard\u0131r, elektrik l\u00f6vh\u0259l\u0259rini soyutmaq \u00fc\u00e7\u00fcn ideald\u0131r v\u0259 buna b\u0259nz\u0259r, xarici divarlara qura\u015fd\u0131rmaq \u00fc\u00e7\u00fcn n\u0259z\u0259rd\u0259 tutulmu\u015fdur (k\u00fcr\u0259k \u00e7antas\u0131n\u0131n yerl\u0259\u015fdirilm\u0259si).  \u018fsas X\u00fcsusiyy\u0259tl\u0259r  Sinkl\u0259nmi\u015f poladdan haz\u0131rlanm\u0131\u015f \u0259sas \u00e7\u0259r\u00e7iv\u0259 v\u0259 panell\u0259r Al\u00fcminium-al\u00fcminium mikrokanall\u0131 kondensator batareyas\u0131 230Vac radial fanatlar Avtomatik kondensat\u0131n buxarlanmas\u0131 (mod.250 xaric) Analoji (mod.ALX) v\u0259 ya r\u0259q\u0259msal (mod.ALXC) temperatur n\u0259zar\u0259ti Xarici divarlara qura\u015fd\u0131rma, bel \u00e7antas\u0131n\u0131n yerl\u0259\u015fdirilm\u0259si\" \/>\n<meta property=\"og:url\" content=\"https:\/\/geoclimate.ge\/az\/product\/indoor-air-conditioning-cu-alx-series-indoor-packaged-air-conditioners-20c-to-55c\/\" \/>\n<meta property=\"og:site_name\" content=\"GeoClimate.ge\" \/>\n<meta property=\"article:modified_time\" content=\"2025-05-23T17:36:18+00:00\" \/>\n<meta property=\"og:image\" content=\"https:\/\/geoclimate.ge\/wp-content\/uploads\/2025\/05\/condizionatori-da-interno-sere-CU-ALX.png\" \/>\n\t<meta property=\"og:image:width\" content=\"2560\" \/>\n\t<meta property=\"og:image:height\" content=\"1920\" \/>\n\t<meta property=\"og:image:type\" content=\"image\/png\" \/>\n<meta name=\"twitter:card\" content=\"summary_large_image\" \/>\n<script type=\"application\/ld+json\" class=\"yoast-schema-graph\">{\"@context\":\"https:\/\/schema.org\",\"@graph\":[{\"@type\":\"WebPage\",\"@id\":\"https:\/\/geoclimate.ge\/az\/product\/indoor-air-conditioning-cu-alx-series-indoor-packaged-air-conditioners-20c-to-55c\/\",\"url\":\"https:\/\/geoclimate.ge\/az\/product\/indoor-air-conditioning-cu-alx-series-indoor-packaged-air-conditioners-20c-to-55c\/\",\"name\":\"Daxili kondisioner CU ALX Series Qapal\u0131 kondisionerl\u0259r -20\u00b0C-d\u0259n +55\u00b0C-d\u0259k - GeoClimate.ge\",\"isPartOf\":{\"@id\":\"https:\/\/geoclimate.ge\/#website\"},\"primaryImageOfPage\":{\"@id\":\"https:\/\/geoclimate.ge\/az\/product\/indoor-air-conditioning-cu-alx-series-indoor-packaged-air-conditioners-20c-to-55c\/#primaryimage\"},\"image\":{\"@id\":\"https:\/\/geoclimate.ge\/az\/product\/indoor-air-conditioning-cu-alx-series-indoor-packaged-air-conditioners-20c-to-55c\/#primaryimage\"},\"thumbnailUrl\":\"https:\/\/geoclimate.ge\/wp-content\/uploads\/2025\/05\/condizionatori-da-interno-sere-CU-ALX.png\",\"datePublished\":\"2025-05-23T17:33:24+00:00\",\"dateModified\":\"2025-05-23T17:36:18+00:00\",\"breadcrumb\":{\"@id\":\"https:\/\/geoclimate.ge\/az\/product\/indoor-air-conditioning-cu-alx-series-indoor-packaged-air-conditioners-20c-to-55c\/#breadcrumb\"},\"inLanguage\":\"az\",\"potentialAction\":[{\"@type\":\"ReadAction\",\"target\":[\"https:\/\/geoclimate.ge\/az\/product\/indoor-air-conditioning-cu-alx-series-indoor-packaged-air-conditioners-20c-to-55c\/\"]}]},{\"@type\":\"ImageObject\",\"inLanguage\":\"az\",\"@id\":\"https:\/\/geoclimate.ge\/az\/product\/indoor-air-conditioning-cu-alx-series-indoor-packaged-air-conditioners-20c-to-55c\/#primaryimage\",\"url\":\"https:\/\/geoclimate.ge\/wp-content\/uploads\/2025\/05\/condizionatori-da-interno-sere-CU-ALX.png\",\"contentUrl\":\"https:\/\/geoclimate.ge\/wp-content\/uploads\/2025\/05\/condizionatori-da-interno-sere-CU-ALX.png\",\"width\":2560,\"height\":1920},{\"@type\":\"BreadcrumbList\",\"@id\":\"https:\/\/geoclimate.ge\/az\/product\/indoor-air-conditioning-cu-alx-series-indoor-packaged-air-conditioners-20c-to-55c\/#breadcrumb\",\"itemListElement\":[{\"@type\":\"ListItem\",\"position\":1,\"name\":\"Home\",\"item\":\"https:\/\/geoclimate.ge\/az\/\"},{\"@type\":\"ListItem\",\"position\":2,\"name\":\"M\u0259hsullar\",\"item\":\"https:\/\/geoclimate.ge\/az\/products\/\"},{\"@type\":\"ListItem\",\"position\":3,\"name\":\"Daxili kondisioner CU ALX Series Qapal\u0131 kondisionerl\u0259r -20\u00b0C-d\u0259n +55\u00b0C-d\u0259k\"}]},{\"@type\":\"WebSite\",\"@id\":\"https:\/\/geoclimate.ge\/#website\",\"url\":\"https:\/\/geoclimate.ge\/\",\"name\":\"GeoClimate\",\"description\":\"\",\"publisher\":{\"@id\":\"https:\/\/geoclimate.ge\/#organization\"},\"potentialAction\":[{\"@type\":\"SearchAction\",\"target\":{\"@type\":\"EntryPoint\",\"urlTemplate\":\"https:\/\/geoclimate.ge\/?s={search_term_string}\"},\"query-input\":{\"@type\":\"PropertyValueSpecification\",\"valueRequired\":true,\"valueName\":\"search_term_string\"}}],\"inLanguage\":\"az\"},{\"@type\":\"Organization\",\"@id\":\"https:\/\/geoclimate.ge\/#organization\",\"name\":\"GeoClimate\",\"url\":\"https:\/\/geoclimate.ge\/\",\"logo\":{\"@type\":\"ImageObject\",\"inLanguage\":\"az\",\"@id\":\"https:\/\/geoclimate.ge\/#\/schema\/logo\/image\/\",\"url\":\"https:\/\/geoclimate.ge\/wp-content\/uploads\/2026\/03\/geoclimate-SEO.png\",\"contentUrl\":\"https:\/\/geoclimate.ge\/wp-content\/uploads\/2026\/03\/geoclimate-SEO.png\",\"width\":1536,\"height\":1024,\"caption\":\"GeoClimate\"},\"image\":{\"@id\":\"https:\/\/geoclimate.ge\/#\/schema\/logo\/image\/\"}}]}<\/script>\n<!-- \/ Yoast SEO plugin. -->","yoast_head_json":{"title":"Daxili kondisioner CU ALX Series Qapal\u0131 kondisionerl\u0259r -20\u00b0C-d\u0259n +55\u00b0C-d\u0259k - GeoClimate.ge","robots":{"index":"index","follow":"follow","max-snippet":"max-snippet:-1","max-image-preview":"max-image-preview:large","max-video-preview":"max-video-preview:-1"},"canonical":"https:\/\/geoclimate.ge\/az\/product\/indoor-air-conditioning-cu-alx-series-indoor-packaged-air-conditioners-20c-to-55c\/","og_locale":"az_AZ","og_type":"article","og_title":"Daxili kondisioner CU ALX Series Qapal\u0131 kondisionerl\u0259r -20\u00b0C-d\u0259n +55\u00b0C-d\u0259k - GeoClimate.ge","og_description":"Soyutma g\u00fcc\u00fc 0,6 kVt-dan 2,5 kVt-a q\u0259d\u0259r  CU_ALX seriyal\u0131 kondisionerl\u0259r monoblok daxili bloklard\u0131r, elektrik l\u00f6vh\u0259l\u0259rini soyutmaq \u00fc\u00e7\u00fcn ideald\u0131r v\u0259 buna b\u0259nz\u0259r, xarici divarlara qura\u015fd\u0131rmaq \u00fc\u00e7\u00fcn n\u0259z\u0259rd\u0259 tutulmu\u015fdur (k\u00fcr\u0259k \u00e7antas\u0131n\u0131n yerl\u0259\u015fdirilm\u0259si).  \u018fsas X\u00fcsusiyy\u0259tl\u0259r  Sinkl\u0259nmi\u015f poladdan haz\u0131rlanm\u0131\u015f \u0259sas \u00e7\u0259r\u00e7iv\u0259 v\u0259 panell\u0259r Al\u00fcminium-al\u00fcminium mikrokanall\u0131 kondensator batareyas\u0131 230Vac radial fanatlar Avtomatik kondensat\u0131n buxarlanmas\u0131 (mod.250 xaric) Analoji (mod.ALX) v\u0259 ya r\u0259q\u0259msal (mod.ALXC) temperatur n\u0259zar\u0259ti Xarici divarlara qura\u015fd\u0131rma, bel \u00e7antas\u0131n\u0131n yerl\u0259\u015fdirilm\u0259si","og_url":"https:\/\/geoclimate.ge\/az\/product\/indoor-air-conditioning-cu-alx-series-indoor-packaged-air-conditioners-20c-to-55c\/","og_site_name":"GeoClimate.ge","article_modified_time":"2025-05-23T17:36:18+00:00","og_image":[{"width":2560,"height":1920,"url":"https:\/\/geoclimate.ge\/wp-content\/uploads\/2025\/05\/condizionatori-da-interno-sere-CU-ALX.png","type":"image\/png"}],"twitter_card":"summary_large_image","schema":{"@context":"https:\/\/schema.org","@graph":[{"@type":"WebPage","@id":"https:\/\/geoclimate.ge\/az\/product\/indoor-air-conditioning-cu-alx-series-indoor-packaged-air-conditioners-20c-to-55c\/","url":"https:\/\/geoclimate.ge\/az\/product\/indoor-air-conditioning-cu-alx-series-indoor-packaged-air-conditioners-20c-to-55c\/","name":"Daxili kondisioner CU ALX Series Qapal\u0131 kondisionerl\u0259r -20\u00b0C-d\u0259n +55\u00b0C-d\u0259k - GeoClimate.ge","isPartOf":{"@id":"https:\/\/geoclimate.ge\/#website"},"primaryImageOfPage":{"@id":"https:\/\/geoclimate.ge\/az\/product\/indoor-air-conditioning-cu-alx-series-indoor-packaged-air-conditioners-20c-to-55c\/#primaryimage"},"image":{"@id":"https:\/\/geoclimate.ge\/az\/product\/indoor-air-conditioning-cu-alx-series-indoor-packaged-air-conditioners-20c-to-55c\/#primaryimage"},"thumbnailUrl":"https:\/\/geoclimate.ge\/wp-content\/uploads\/2025\/05\/condizionatori-da-interno-sere-CU-ALX.png","datePublished":"2025-05-23T17:33:24+00:00","dateModified":"2025-05-23T17:36:18+00:00","breadcrumb":{"@id":"https:\/\/geoclimate.ge\/az\/product\/indoor-air-conditioning-cu-alx-series-indoor-packaged-air-conditioners-20c-to-55c\/#breadcrumb"},"inLanguage":"az","potentialAction":[{"@type":"ReadAction","target":["https:\/\/geoclimate.ge\/az\/product\/indoor-air-conditioning-cu-alx-series-indoor-packaged-air-conditioners-20c-to-55c\/"]}]},{"@type":"ImageObject","inLanguage":"az","@id":"https:\/\/geoclimate.ge\/az\/product\/indoor-air-conditioning-cu-alx-series-indoor-packaged-air-conditioners-20c-to-55c\/#primaryimage","url":"https:\/\/geoclimate.ge\/wp-content\/uploads\/2025\/05\/condizionatori-da-interno-sere-CU-ALX.png","contentUrl":"https:\/\/geoclimate.ge\/wp-content\/uploads\/2025\/05\/condizionatori-da-interno-sere-CU-ALX.png","width":2560,"height":1920},{"@type":"BreadcrumbList","@id":"https:\/\/geoclimate.ge\/az\/product\/indoor-air-conditioning-cu-alx-series-indoor-packaged-air-conditioners-20c-to-55c\/#breadcrumb","itemListElement":[{"@type":"ListItem","position":1,"name":"Home","item":"https:\/\/geoclimate.ge\/az\/"},{"@type":"ListItem","position":2,"name":"M\u0259hsullar","item":"https:\/\/geoclimate.ge\/az\/products\/"},{"@type":"ListItem","position":3,"name":"Daxili kondisioner CU ALX Series Qapal\u0131 kondisionerl\u0259r -20\u00b0C-d\u0259n +55\u00b0C-d\u0259k"}]},{"@type":"WebSite","@id":"https:\/\/geoclimate.ge\/#website","url":"https:\/\/geoclimate.ge\/","name":"GeoClimate","description":"","publisher":{"@id":"https:\/\/geoclimate.ge\/#organization"},"potentialAction":[{"@type":"SearchAction","target":{"@type":"EntryPoint","urlTemplate":"https:\/\/geoclimate.ge\/?s={search_term_string}"},"query-input":{"@type":"PropertyValueSpecification","valueRequired":true,"valueName":"search_term_string"}}],"inLanguage":"az"},{"@type":"Organization","@id":"https:\/\/geoclimate.ge\/#organization","name":"GeoClimate","url":"https:\/\/geoclimate.ge\/","logo":{"@type":"ImageObject","inLanguage":"az","@id":"https:\/\/geoclimate.ge\/#\/schema\/logo\/image\/","url":"https:\/\/geoclimate.ge\/wp-content\/uploads\/2026\/03\/geoclimate-SEO.png","contentUrl":"https:\/\/geoclimate.ge\/wp-content\/uploads\/2026\/03\/geoclimate-SEO.png","width":1536,"height":1024,"caption":"GeoClimate"},"image":{"@id":"https:\/\/geoclimate.ge\/#\/schema\/logo\/image\/"}}]}},"_links":{"self":[{"href":"https:\/\/geoclimate.ge\/az\/wp-json\/wp\/v2\/product\/32573","targetHints":{"allow":["GET"]}}],"collection":[{"href":"https:\/\/geoclimate.ge\/az\/wp-json\/wp\/v2\/product"}],"about":[{"href":"https:\/\/geoclimate.ge\/az\/wp-json\/wp\/v2\/types\/product"}],"wp:featuredmedia":[{"embeddable":true,"href":"https:\/\/geoclimate.ge\/az\/wp-json\/wp\/v2\/media\/32568"}],"wp:attachment":[{"href":"https:\/\/geoclimate.ge\/az\/wp-json\/wp\/v2\/media?parent=32573"}],"wp:term":[{"taxonomy":"product_brand","embeddable":true,"href":"https:\/\/geoclimate.ge\/az\/wp-json\/wp\/v2\/product_brand?post=32573"},{"taxonomy":"product_cat","embeddable":true,"href":"https:\/\/geoclimate.ge\/az\/wp-json\/wp\/v2\/product_cat?post=32573"},{"taxonomy":"product_tag","embeddable":true,"href":"https:\/\/geoclimate.ge\/az\/wp-json\/wp\/v2\/product_tag?post=32573"}],"curies":[{"name":"wp","href":"https:\/\/api.w.org\/{rel}","templated":true}]}}