{"id":32672,"date":"2025-05-24T15:47:38","date_gmt":"2025-05-24T11:47:38","guid":{"rendered":"https:\/\/airsystems.ge\/shop\/product\/flat-gas-cooler\/"},"modified":"2025-05-24T15:52:17","modified_gmt":"2025-05-24T11:52:17","slug":"flat-gas-cooler","status":"publish","type":"product","link":"https:\/\/geoclimate.ge\/az\/product\/flat-gas-cooler\/","title":{"rendered":"D\u00fcz qaz soyuducu"},"content":{"rendered":"<p>X\u00dcSUS\u0130YY\u018fTL\u018fR\u0130<\/p>\n<p>\u2022 Qapaql\u0131 rulon: 7 mm mis borular v\u0259 l\u00fcl\u0259li al\u00fcminium qanadlarla tikilmi\u015fdir. S\u0131zmalar\u0131n qar\u015f\u0131s\u0131n\u0131 almaq \u00fc\u00e7\u00fcn bobinin qalxmas\u0131na imkan ver\u0259n &#8220;\u00dcz\u0259n paket sistemi&#8221; il\u0259 dizayn edilmi\u015fdir<br \/>\n\u2022 Ba\u015fl\u0131qlar: Paslanmayan polad + K65<br \/>\n\u2022 Fanatlar: Standart olaraq EC fan m\u00fch\u0259rrikl\u0259ri il\u0259 t\u0259chiz edilmi\u015fdir. Xarici rotorlu eksenel fanatlar (380-480V III 50\/60Hz) ErP Direktivin\u0259 uy\u011fun \u2013 \u00d8 450, 630, 800, 910 mm<br \/>\n\u2022 Korpus: \u018fvv\u0259lc\u0259d\u0259n r\u0259ngl\u0259nmi\u015f al\u00fcminium<br \/>\n\u2022 S\u0259s-k\u00fcy s\u0259viyy\u0259sinin geni\u015f se\u00e7imi<br \/>\n\u2022 Layih\u0259 t\u0259zyiqi: PS=140bar PT=200bar<\/p>\n<p>OPS\u0130YONLAR<\/p>\n<p>F\u0130N MATER\u0130AL<br \/>\n\u2022 Mis \u00fczg\u0259cl\u0259r<br \/>\n\u2022 \u00d6rt\u00fcl\u00fc \u00fczg\u0259cl\u0259r<br \/>\n\u2022 Standart olmayan dig\u0259r fin material\u0131<\/p>\n<p>G\u00d6R\u00dc\u015e<br \/>\n\u2022 Paslanmayan polad AISI304<br \/>\n\u2022 Anti damperl\u0259r<\/p>\n<p>ELEKTR\u0130K VAR\u0130ANTLARI<br \/>\n\u2022 AC fanatlar<br \/>\n\u2022 \u0130\u015fl\u0259nmi\u015f m\u0259ftill\u0259r<br \/>\n\u2022 Xidm\u0259t a\u00e7ar\u0131 (h\u0259r ventilyator 80V)<br \/>\n\u2022 S\u00fcr\u0259t t\u0259nziml\u0259yicisi<br \/>\n\u2022 Fan diffuzoru<br \/>\n\u2022 M\u0259rk\u0259zl\u0259\u015fdirilmi\u015f qutuya naqill\u0259r + maqnitotermik a\u00e7arlar (EC fanatlar\u0131na daxildir)<\/p>\n<p>D\u0130G\u018fR<br \/>\n\u2022 AquaAero m\u00fcalic\u0259si<br \/>\n\u2022 Blygold m\u00fcalic\u0259si<br \/>\n\u2022 Adiabatik sistemi p\u00fcsk\u00fcrt\u00fcn<\/p>\n<p>&nbsp;<\/p>\n<div class=\"elementor-element elementor-element-6e19ed90 hidebutton mc-bl elementor-align-left elementor-widget elementor-widget-button\" data-id=\"6e19ed90\" data-element_type=\"widget\" data-widget_type=\"button.default\">\n<div class=\"elementor-widget-container\">\n<div class=\"elementor-button-wrapper\"><a class=\"elementor-button elementor-button-link elementor-size-sm\" href=\"https:\/\/www.enextechnologies.com\/wp-content\/uploads\/2024\/10\/OP_Flat-Gas-cooler_ENG.pdf\" target=\"_blank\" rel=\"noopener\"><span class=\"elementor-button-content-wrapper\"><span class=\"elementor-button-text\">ONE PAGER<\/span><\/span><\/a><\/div>\n<\/div>\n<\/div>\n<div class=\"elementor-element elementor-element-13f5f820 hidebutton mc-bl elementor-align-left elementor-widget elementor-widget-button\" data-id=\"13f5f820\" data-element_type=\"widget\" data-widget_type=\"button.default\">\n<div class=\"elementor-widget-container\">\n<div class=\"elementor-button-wrapper\"><a class=\"elementor-button elementor-button-link elementor-size-sm\" href=\"https:\/\/www.enextechnologies.com\/wp-content\/uploads\/2024\/10\/Brochure_FLAT_EN_EX_rev1-1223.pdf\" target=\"_blank\" rel=\"noopener\"><span class=\"elementor-button-content-wrapper\"><span class=\"elementor-button-text\">BROCHURE<\/span><\/span><\/a><\/div>\n<\/div>\n<\/div>\n","protected":false},"excerpt":{"rendered":"<div class=\"elementor-element elementor-element-70da8153 elementor-widget elementor-widget-theme-page-title elementor-page-title elementor-widget-heading\" data-id=\"70da8153\" data-element_type=\"widget\" data-widget_type=\"theme-page-title.default\">\n<div class=\"elementor-widget-container\">\n<p>D\u00fcz qaz soyuducu<\/p>\n<p>GM\/GN\/GO\/GP: Xarici istifad\u0259 \u00fc\u00e7\u00fcn eksenel ventilyatorlar\u0131 olan d\u00fcz qaz soyuducular\u0131<br \/>\n15 kVt-dan 900 kVt-a q\u0259d\u0259r soyutma g\u00fcc\u00fc<\/p>\n<p>ENEX-in a\u00e7\u0131q havada istifad\u0259 \u00fc\u00e7\u00fcn eksenel ventilyatorlar\u0131 olan d\u00fcz qaz soyuducular\u0131 y\u00fcks\u0259k dayan\u0131ql\u0131 R744 transkritik sisteml\u0259rind\u0259 t\u0259tbiq \u00fc\u00e7\u00fcn uy\u011fundur. Sistem t\u0259l\u0259bl\u0259rin\u0259 tam uy\u011funla\u015fmaq \u00fc\u00e7\u00fcn a\u015fa\u011f\u0131 s\u0259s s\u0259viyy\u0259l\u0259ri v\u0259 geni\u015f imkanlar t\u0259klif edir. Y\u00fcks\u0259k t\u0259zyiql\u0259rd\u0259 i\u015fl\u0259m\u0259y\u0259 imkan verm\u0259k v\u0259 d\u00f6vr\u0259 performans\u0131n\u0131 art\u0131rmaq \u00fc\u00e7\u00fcn 140 bar t\u0259zyiq d\u0259r\u0259c\u0259si.<\/p>\n<\/div>\n<\/div>\n","protected":false},"featured_media":32667,"template":"","meta":[],"product_brand":[],"product_cat":[1622,875],"product_tag":[],"class_list":{"0":"post-32672","1":"product","2":"type-product","3":"status-publish","4":"has-post-thumbnail","6":"product_cat-co2-qaz-soyuducu","7":"product_cat-snaye-az-kondisionerlr","9":"first","10":"instock","11":"shipping-taxable","12":"product-type-simple"},"yoast_head":"<!-- This site is optimized with the Yoast SEO plugin v27.1.1 - https:\/\/yoast.com\/product\/yoast-seo-wordpress\/ -->\n<title>D\u00fcz qaz soyuducu - GeoClimate.ge<\/title>\n<meta name=\"robots\" content=\"index, follow, max-snippet:-1, max-image-preview:large, max-video-preview:-1\" \/>\n<link rel=\"canonical\" href=\"https:\/\/geoclimate.ge\/az\/product\/flat-gas-cooler\/\" \/>\n<meta property=\"og:locale\" content=\"az_AZ\" \/>\n<meta property=\"og:type\" content=\"article\" \/>\n<meta property=\"og:title\" content=\"D\u00fcz qaz soyuducu - GeoClimate.ge\" \/>\n<meta property=\"og:description\" content=\"D\u00fcz qaz soyuducu  GM\/GN\/GO\/GP: Xarici istifad\u0259 \u00fc\u00e7\u00fcn eksenel ventilyatorlar\u0131 olan d\u00fcz qaz soyuducular\u0131 15 kVt-dan 900 kVt-a q\u0259d\u0259r soyutma g\u00fcc\u00fc  ENEX-in a\u00e7\u0131q havada istifad\u0259 \u00fc\u00e7\u00fcn eksenel ventilyatorlar\u0131 olan d\u00fcz qaz soyuducular\u0131 y\u00fcks\u0259k dayan\u0131ql\u0131 R744 transkritik sisteml\u0259rind\u0259 t\u0259tbiq \u00fc\u00e7\u00fcn uy\u011fundur. Sistem t\u0259l\u0259bl\u0259rin\u0259 tam uy\u011funla\u015fmaq \u00fc\u00e7\u00fcn a\u015fa\u011f\u0131 s\u0259s s\u0259viyy\u0259l\u0259ri v\u0259 geni\u015f imkanlar t\u0259klif edir. Y\u00fcks\u0259k t\u0259zyiql\u0259rd\u0259 i\u015fl\u0259m\u0259y\u0259 imkan verm\u0259k v\u0259 d\u00f6vr\u0259 performans\u0131n\u0131 art\u0131rmaq \u00fc\u00e7\u00fcn 140 bar t\u0259zyiq d\u0259r\u0259c\u0259si.\" \/>\n<meta property=\"og:url\" content=\"https:\/\/geoclimate.ge\/az\/product\/flat-gas-cooler\/\" \/>\n<meta property=\"og:site_name\" content=\"GeoClimate.ge\" \/>\n<meta property=\"article:modified_time\" content=\"2025-05-24T11:52:17+00:00\" \/>\n<meta property=\"og:image\" content=\"https:\/\/geoclimate.ge\/wp-content\/uploads\/2025\/05\/FLAT-gas-cooler.png\" \/>\n\t<meta property=\"og:image:width\" content=\"1000\" \/>\n\t<meta property=\"og:image:height\" content=\"656\" \/>\n\t<meta property=\"og:image:type\" content=\"image\/png\" \/>\n<meta name=\"twitter:card\" content=\"summary_large_image\" \/>\n<meta name=\"twitter:label1\" content=\"Est. reading time\" \/>\n\t<meta name=\"twitter:data1\" content=\"1 minute\" \/>\n<script type=\"application\/ld+json\" class=\"yoast-schema-graph\">{\"@context\":\"https:\/\/schema.org\",\"@graph\":[{\"@type\":\"WebPage\",\"@id\":\"https:\/\/geoclimate.ge\/az\/product\/flat-gas-cooler\/\",\"url\":\"https:\/\/geoclimate.ge\/az\/product\/flat-gas-cooler\/\",\"name\":\"D\u00fcz qaz soyuducu - GeoClimate.ge\",\"isPartOf\":{\"@id\":\"https:\/\/geoclimate.ge\/#website\"},\"primaryImageOfPage\":{\"@id\":\"https:\/\/geoclimate.ge\/az\/product\/flat-gas-cooler\/#primaryimage\"},\"image\":{\"@id\":\"https:\/\/geoclimate.ge\/az\/product\/flat-gas-cooler\/#primaryimage\"},\"thumbnailUrl\":\"https:\/\/geoclimate.ge\/wp-content\/uploads\/2025\/05\/FLAT-gas-cooler.png\",\"datePublished\":\"2025-05-24T11:47:38+00:00\",\"dateModified\":\"2025-05-24T11:52:17+00:00\",\"breadcrumb\":{\"@id\":\"https:\/\/geoclimate.ge\/az\/product\/flat-gas-cooler\/#breadcrumb\"},\"inLanguage\":\"az\",\"potentialAction\":[{\"@type\":\"ReadAction\",\"target\":[\"https:\/\/geoclimate.ge\/az\/product\/flat-gas-cooler\/\"]}]},{\"@type\":\"ImageObject\",\"inLanguage\":\"az\",\"@id\":\"https:\/\/geoclimate.ge\/az\/product\/flat-gas-cooler\/#primaryimage\",\"url\":\"https:\/\/geoclimate.ge\/wp-content\/uploads\/2025\/05\/FLAT-gas-cooler.png\",\"contentUrl\":\"https:\/\/geoclimate.ge\/wp-content\/uploads\/2025\/05\/FLAT-gas-cooler.png\",\"width\":1000,\"height\":656},{\"@type\":\"BreadcrumbList\",\"@id\":\"https:\/\/geoclimate.ge\/az\/product\/flat-gas-cooler\/#breadcrumb\",\"itemListElement\":[{\"@type\":\"ListItem\",\"position\":1,\"name\":\"Home\",\"item\":\"https:\/\/geoclimate.ge\/az\/\"},{\"@type\":\"ListItem\",\"position\":2,\"name\":\"M\u0259hsullar\",\"item\":\"https:\/\/geoclimate.ge\/az\/products\/\"},{\"@type\":\"ListItem\",\"position\":3,\"name\":\"D\u00fcz qaz soyuducu\"}]},{\"@type\":\"WebSite\",\"@id\":\"https:\/\/geoclimate.ge\/#website\",\"url\":\"https:\/\/geoclimate.ge\/\",\"name\":\"GeoClimate\",\"description\":\"\",\"publisher\":{\"@id\":\"https:\/\/geoclimate.ge\/#organization\"},\"potentialAction\":[{\"@type\":\"SearchAction\",\"target\":{\"@type\":\"EntryPoint\",\"urlTemplate\":\"https:\/\/geoclimate.ge\/?s={search_term_string}\"},\"query-input\":{\"@type\":\"PropertyValueSpecification\",\"valueRequired\":true,\"valueName\":\"search_term_string\"}}],\"inLanguage\":\"az\"},{\"@type\":\"Organization\",\"@id\":\"https:\/\/geoclimate.ge\/#organization\",\"name\":\"GeoClimate\",\"url\":\"https:\/\/geoclimate.ge\/\",\"logo\":{\"@type\":\"ImageObject\",\"inLanguage\":\"az\",\"@id\":\"https:\/\/geoclimate.ge\/#\/schema\/logo\/image\/\",\"url\":\"https:\/\/geoclimate.ge\/wp-content\/uploads\/2026\/03\/geoclimate-SEO.png\",\"contentUrl\":\"https:\/\/geoclimate.ge\/wp-content\/uploads\/2026\/03\/geoclimate-SEO.png\",\"width\":1536,\"height\":1024,\"caption\":\"GeoClimate\"},\"image\":{\"@id\":\"https:\/\/geoclimate.ge\/#\/schema\/logo\/image\/\"}}]}<\/script>\n<!-- \/ Yoast SEO plugin. -->","yoast_head_json":{"title":"D\u00fcz qaz soyuducu - GeoClimate.ge","robots":{"index":"index","follow":"follow","max-snippet":"max-snippet:-1","max-image-preview":"max-image-preview:large","max-video-preview":"max-video-preview:-1"},"canonical":"https:\/\/geoclimate.ge\/az\/product\/flat-gas-cooler\/","og_locale":"az_AZ","og_type":"article","og_title":"D\u00fcz qaz soyuducu - GeoClimate.ge","og_description":"D\u00fcz qaz soyuducu  GM\/GN\/GO\/GP: Xarici istifad\u0259 \u00fc\u00e7\u00fcn eksenel ventilyatorlar\u0131 olan d\u00fcz qaz soyuducular\u0131 15 kVt-dan 900 kVt-a q\u0259d\u0259r soyutma g\u00fcc\u00fc  ENEX-in a\u00e7\u0131q havada istifad\u0259 \u00fc\u00e7\u00fcn eksenel ventilyatorlar\u0131 olan d\u00fcz qaz soyuducular\u0131 y\u00fcks\u0259k dayan\u0131ql\u0131 R744 transkritik sisteml\u0259rind\u0259 t\u0259tbiq \u00fc\u00e7\u00fcn uy\u011fundur. Sistem t\u0259l\u0259bl\u0259rin\u0259 tam uy\u011funla\u015fmaq \u00fc\u00e7\u00fcn a\u015fa\u011f\u0131 s\u0259s s\u0259viyy\u0259l\u0259ri v\u0259 geni\u015f imkanlar t\u0259klif edir. Y\u00fcks\u0259k t\u0259zyiql\u0259rd\u0259 i\u015fl\u0259m\u0259y\u0259 imkan verm\u0259k v\u0259 d\u00f6vr\u0259 performans\u0131n\u0131 art\u0131rmaq \u00fc\u00e7\u00fcn 140 bar t\u0259zyiq d\u0259r\u0259c\u0259si.","og_url":"https:\/\/geoclimate.ge\/az\/product\/flat-gas-cooler\/","og_site_name":"GeoClimate.ge","article_modified_time":"2025-05-24T11:52:17+00:00","og_image":[{"width":1000,"height":656,"url":"https:\/\/geoclimate.ge\/wp-content\/uploads\/2025\/05\/FLAT-gas-cooler.png","type":"image\/png"}],"twitter_card":"summary_large_image","twitter_misc":{"Est. reading time":"1 minute"},"schema":{"@context":"https:\/\/schema.org","@graph":[{"@type":"WebPage","@id":"https:\/\/geoclimate.ge\/az\/product\/flat-gas-cooler\/","url":"https:\/\/geoclimate.ge\/az\/product\/flat-gas-cooler\/","name":"D\u00fcz qaz soyuducu - GeoClimate.ge","isPartOf":{"@id":"https:\/\/geoclimate.ge\/#website"},"primaryImageOfPage":{"@id":"https:\/\/geoclimate.ge\/az\/product\/flat-gas-cooler\/#primaryimage"},"image":{"@id":"https:\/\/geoclimate.ge\/az\/product\/flat-gas-cooler\/#primaryimage"},"thumbnailUrl":"https:\/\/geoclimate.ge\/wp-content\/uploads\/2025\/05\/FLAT-gas-cooler.png","datePublished":"2025-05-24T11:47:38+00:00","dateModified":"2025-05-24T11:52:17+00:00","breadcrumb":{"@id":"https:\/\/geoclimate.ge\/az\/product\/flat-gas-cooler\/#breadcrumb"},"inLanguage":"az","potentialAction":[{"@type":"ReadAction","target":["https:\/\/geoclimate.ge\/az\/product\/flat-gas-cooler\/"]}]},{"@type":"ImageObject","inLanguage":"az","@id":"https:\/\/geoclimate.ge\/az\/product\/flat-gas-cooler\/#primaryimage","url":"https:\/\/geoclimate.ge\/wp-content\/uploads\/2025\/05\/FLAT-gas-cooler.png","contentUrl":"https:\/\/geoclimate.ge\/wp-content\/uploads\/2025\/05\/FLAT-gas-cooler.png","width":1000,"height":656},{"@type":"BreadcrumbList","@id":"https:\/\/geoclimate.ge\/az\/product\/flat-gas-cooler\/#breadcrumb","itemListElement":[{"@type":"ListItem","position":1,"name":"Home","item":"https:\/\/geoclimate.ge\/az\/"},{"@type":"ListItem","position":2,"name":"M\u0259hsullar","item":"https:\/\/geoclimate.ge\/az\/products\/"},{"@type":"ListItem","position":3,"name":"D\u00fcz qaz soyuducu"}]},{"@type":"WebSite","@id":"https:\/\/geoclimate.ge\/#website","url":"https:\/\/geoclimate.ge\/","name":"GeoClimate","description":"","publisher":{"@id":"https:\/\/geoclimate.ge\/#organization"},"potentialAction":[{"@type":"SearchAction","target":{"@type":"EntryPoint","urlTemplate":"https:\/\/geoclimate.ge\/?s={search_term_string}"},"query-input":{"@type":"PropertyValueSpecification","valueRequired":true,"valueName":"search_term_string"}}],"inLanguage":"az"},{"@type":"Organization","@id":"https:\/\/geoclimate.ge\/#organization","name":"GeoClimate","url":"https:\/\/geoclimate.ge\/","logo":{"@type":"ImageObject","inLanguage":"az","@id":"https:\/\/geoclimate.ge\/#\/schema\/logo\/image\/","url":"https:\/\/geoclimate.ge\/wp-content\/uploads\/2026\/03\/geoclimate-SEO.png","contentUrl":"https:\/\/geoclimate.ge\/wp-content\/uploads\/2026\/03\/geoclimate-SEO.png","width":1536,"height":1024,"caption":"GeoClimate"},"image":{"@id":"https:\/\/geoclimate.ge\/#\/schema\/logo\/image\/"}}]}},"_links":{"self":[{"href":"https:\/\/geoclimate.ge\/az\/wp-json\/wp\/v2\/product\/32672","targetHints":{"allow":["GET"]}}],"collection":[{"href":"https:\/\/geoclimate.ge\/az\/wp-json\/wp\/v2\/product"}],"about":[{"href":"https:\/\/geoclimate.ge\/az\/wp-json\/wp\/v2\/types\/product"}],"wp:featuredmedia":[{"embeddable":true,"href":"https:\/\/geoclimate.ge\/az\/wp-json\/wp\/v2\/media\/32667"}],"wp:attachment":[{"href":"https:\/\/geoclimate.ge\/az\/wp-json\/wp\/v2\/media?parent=32672"}],"wp:term":[{"taxonomy":"product_brand","embeddable":true,"href":"https:\/\/geoclimate.ge\/az\/wp-json\/wp\/v2\/product_brand?post=32672"},{"taxonomy":"product_cat","embeddable":true,"href":"https:\/\/geoclimate.ge\/az\/wp-json\/wp\/v2\/product_cat?post=32672"},{"taxonomy":"product_tag","embeddable":true,"href":"https:\/\/geoclimate.ge\/az\/wp-json\/wp\/v2\/product_tag?post=32672"}],"curies":[{"name":"wp","href":"https:\/\/api.w.org\/{rel}","templated":true}]}}