{"id":32858,"date":"2025-05-24T17:02:27","date_gmt":"2025-05-24T13:02:27","guid":{"rendered":"https:\/\/airsystems.ge\/shop\/product\/axial-condensers-chn-cah\/"},"modified":"2025-05-24T17:05:21","modified_gmt":"2025-05-24T13:05:21","slug":"axial-condensers-chn-cah","status":"publish","type":"product","link":"https:\/\/geoclimate.ge\/az\/product\/axial-condensers-chn-cah\/","title":{"rendered":"Eksenel Kondensatorlar (CHN-CAH)"},"content":{"rendered":"<p><a class=\"elementor-button elementor-button-link elementor-size-sm\" href=\"https:\/\/www.enextechnologies.com\/wp-content\/uploads\/2024\/07\/CHN-CAH.pdf\" target=\"_blank\" rel=\"noopener\"><span class=\"elementor-button-content-wrapper\"><span class=\"elementor-button-text\">DOWNLOAD<\/span><\/span><\/a><\/p>\n","protected":false},"excerpt":{"rendered":"<div class=\"elementor-element elementor-element-6799186e elementor-widget elementor-widget-heading\" data-id=\"6799186e\" data-element_type=\"widget\" data-widget_type=\"heading.default\">\n<div class=\"elementor-widget-container\">\n<div class=\"elementor-heading-title elementor-size-default\">\n<p>CHN\/CAH<br \/>\nKobol kondensatorlar\u0131 \u00fcst\u00fcn performans\u0131 v\u0259 davaml\u0131l\u0131\u011f\u0131 il\u0259 \u015f\u00f6hr\u0259t qazanm\u0131\u015fd\u0131r. H\u0259r hans\u0131 bir spesifikasiyaya cavab verm\u0259k \u00fc\u00e7\u00fcn geni\u015f \u00e7e\u015fidd\u0259 konfiqurasiyalar v\u0259 aksessuarlar m\u00f6vcuddur, m\u0259s\u0259l\u0259n, \u00f6rt\u00fclm\u00fc\u015f qanadlar, EC fan m\u00fch\u0259rrikl\u0259ri, a\u00e7arlar, s\u0259s izolyasiyal\u0131 korpuslar v\u0259 \u00e7oxlu d\u00f6vr\u0259l\u0259r. Biz 2,8 kVt v\u0259 1100 kVt-dan m\u0259rk\u0259zd\u0259nqa\u00e7ma, radial, eksenel v\u0259 V formal\u0131 kondensatorlar daxil olmaqla 550 model t\u0259klif edirik. Bu geni\u015f \u00e7e\u015fidli vahidl\u0259r v\u0259 aksessuarlar soyutma s\u0259nayesinin \u0259ks\u0259r ehtiyaclar\u0131na cavab ver\u0259n tam portfel t\u0259qdim edir.<\/p>\n<p>Kobolun eksenel kondensatorlar\u0131 a\u015fa\u011f\u0131 s\u0259s-k\u00fcy s\u0259viyy\u0259l\u0259ri v\u0259 y\u00fcks\u0259k enerji s\u0259m\u0259r\u0259liliyi t\u0259klif edir. Enerji q\u0259na\u0259tini art\u0131rmaq v\u0259 laz\u0131m olduqda kondensasiya tutumunu t\u0259nziml\u0259m\u0259k \u00fc\u00e7\u00fcn fan s\u00fcr\u0259tl\u0259ri elektron \u015f\u0259kild\u0259 idar\u0259 oluna bil\u0259r. Bu \u00e7e\u015fid m\u00fcxt\u0259lif soyutma t\u0259tbiql\u0259ri \u00fc\u00e7\u00fcn 316 modeld\u0259n ibar\u0259tdir.<\/p>\n<\/div>\n<\/div>\n<\/div>\n","protected":false},"featured_media":32810,"template":"","meta":[],"product_brand":[],"product_cat":[1631,875],"product_tag":[],"class_list":{"0":"post-32858","1":"product","2":"type-product","3":"status-publish","4":"has-post-thumbnail","6":"product_cat-kondensator","7":"product_cat-snaye-az-kondisionerlr","9":"first","10":"instock","11":"shipping-taxable","12":"product-type-simple"},"yoast_head":"<!-- This site is optimized with the Yoast SEO plugin v27.1.1 - https:\/\/yoast.com\/product\/yoast-seo-wordpress\/ -->\n<title>Eksenel Kondensatorlar (CHN-CAH) - GeoClimate.ge<\/title>\n<meta name=\"robots\" content=\"index, follow, max-snippet:-1, max-image-preview:large, max-video-preview:-1\" \/>\n<link rel=\"canonical\" href=\"https:\/\/geoclimate.ge\/az\/product\/axial-condensers-chn-cah\/\" \/>\n<meta property=\"og:locale\" content=\"az_AZ\" \/>\n<meta property=\"og:type\" content=\"article\" \/>\n<meta property=\"og:title\" content=\"Eksenel Kondensatorlar (CHN-CAH) - GeoClimate.ge\" \/>\n<meta property=\"og:description\" content=\"CHN\/CAH Kobol kondensatorlar\u0131 \u00fcst\u00fcn performans\u0131 v\u0259 davaml\u0131l\u0131\u011f\u0131 il\u0259 \u015f\u00f6hr\u0259t qazanm\u0131\u015fd\u0131r. H\u0259r hans\u0131 bir spesifikasiyaya cavab verm\u0259k \u00fc\u00e7\u00fcn geni\u015f \u00e7e\u015fidd\u0259 konfiqurasiyalar v\u0259 aksessuarlar m\u00f6vcuddur, m\u0259s\u0259l\u0259n, \u00f6rt\u00fclm\u00fc\u015f qanadlar, EC fan m\u00fch\u0259rrikl\u0259ri, a\u00e7arlar, s\u0259s izolyasiyal\u0131 korpuslar v\u0259 \u00e7oxlu d\u00f6vr\u0259l\u0259r. Biz 2,8 kVt v\u0259 1100 kVt-dan m\u0259rk\u0259zd\u0259nqa\u00e7ma, radial, eksenel v\u0259 V formal\u0131 kondensatorlar daxil olmaqla 550 model t\u0259klif edirik. Bu geni\u015f \u00e7e\u015fidli vahidl\u0259r v\u0259 aksessuarlar soyutma s\u0259nayesinin \u0259ks\u0259r ehtiyaclar\u0131na cavab ver\u0259n tam portfel t\u0259qdim edir.  Kobolun eksenel kondensatorlar\u0131 a\u015fa\u011f\u0131 s\u0259s-k\u00fcy s\u0259viyy\u0259l\u0259ri v\u0259 y\u00fcks\u0259k enerji s\u0259m\u0259r\u0259liliyi t\u0259klif edir. Enerji q\u0259na\u0259tini art\u0131rmaq v\u0259 laz\u0131m olduqda kondensasiya tutumunu t\u0259nziml\u0259m\u0259k \u00fc\u00e7\u00fcn fan s\u00fcr\u0259tl\u0259ri elektron \u015f\u0259kild\u0259 idar\u0259 oluna bil\u0259r. Bu \u00e7e\u015fid m\u00fcxt\u0259lif soyutma t\u0259tbiql\u0259ri \u00fc\u00e7\u00fcn 316 modeld\u0259n ibar\u0259tdir.\" \/>\n<meta property=\"og:url\" content=\"https:\/\/geoclimate.ge\/az\/product\/axial-condensers-chn-cah\/\" \/>\n<meta property=\"og:site_name\" content=\"GeoClimate.ge\" \/>\n<meta property=\"article:modified_time\" content=\"2025-05-24T13:05:21+00:00\" \/>\n<meta property=\"og:image\" content=\"https:\/\/geoclimate.ge\/wp-content\/uploads\/2025\/05\/axial_cah_main-1.png\" \/>\n\t<meta property=\"og:image:width\" content=\"1280\" \/>\n\t<meta property=\"og:image:height\" content=\"608\" \/>\n\t<meta property=\"og:image:type\" content=\"image\/png\" \/>\n<meta name=\"twitter:card\" content=\"summary_large_image\" \/>\n<script type=\"application\/ld+json\" class=\"yoast-schema-graph\">{\"@context\":\"https:\/\/schema.org\",\"@graph\":[{\"@type\":\"WebPage\",\"@id\":\"https:\/\/geoclimate.ge\/az\/product\/axial-condensers-chn-cah\/\",\"url\":\"https:\/\/geoclimate.ge\/az\/product\/axial-condensers-chn-cah\/\",\"name\":\"Eksenel Kondensatorlar (CHN-CAH) - GeoClimate.ge\",\"isPartOf\":{\"@id\":\"https:\/\/geoclimate.ge\/#website\"},\"primaryImageOfPage\":{\"@id\":\"https:\/\/geoclimate.ge\/az\/product\/axial-condensers-chn-cah\/#primaryimage\"},\"image\":{\"@id\":\"https:\/\/geoclimate.ge\/az\/product\/axial-condensers-chn-cah\/#primaryimage\"},\"thumbnailUrl\":\"https:\/\/geoclimate.ge\/wp-content\/uploads\/2025\/05\/axial_cah_main-1.png\",\"datePublished\":\"2025-05-24T13:02:27+00:00\",\"dateModified\":\"2025-05-24T13:05:21+00:00\",\"breadcrumb\":{\"@id\":\"https:\/\/geoclimate.ge\/az\/product\/axial-condensers-chn-cah\/#breadcrumb\"},\"inLanguage\":\"az\",\"potentialAction\":[{\"@type\":\"ReadAction\",\"target\":[\"https:\/\/geoclimate.ge\/az\/product\/axial-condensers-chn-cah\/\"]}]},{\"@type\":\"ImageObject\",\"inLanguage\":\"az\",\"@id\":\"https:\/\/geoclimate.ge\/az\/product\/axial-condensers-chn-cah\/#primaryimage\",\"url\":\"https:\/\/geoclimate.ge\/wp-content\/uploads\/2025\/05\/axial_cah_main-1.png\",\"contentUrl\":\"https:\/\/geoclimate.ge\/wp-content\/uploads\/2025\/05\/axial_cah_main-1.png\",\"width\":1280,\"height\":608},{\"@type\":\"BreadcrumbList\",\"@id\":\"https:\/\/geoclimate.ge\/az\/product\/axial-condensers-chn-cah\/#breadcrumb\",\"itemListElement\":[{\"@type\":\"ListItem\",\"position\":1,\"name\":\"Home\",\"item\":\"https:\/\/geoclimate.ge\/az\/\"},{\"@type\":\"ListItem\",\"position\":2,\"name\":\"M\u0259hsullar\",\"item\":\"https:\/\/geoclimate.ge\/az\/products\/\"},{\"@type\":\"ListItem\",\"position\":3,\"name\":\"Eksenel Kondensatorlar (CHN-CAH)\"}]},{\"@type\":\"WebSite\",\"@id\":\"https:\/\/geoclimate.ge\/#website\",\"url\":\"https:\/\/geoclimate.ge\/\",\"name\":\"GeoClimate\",\"description\":\"\",\"publisher\":{\"@id\":\"https:\/\/geoclimate.ge\/#organization\"},\"potentialAction\":[{\"@type\":\"SearchAction\",\"target\":{\"@type\":\"EntryPoint\",\"urlTemplate\":\"https:\/\/geoclimate.ge\/?s={search_term_string}\"},\"query-input\":{\"@type\":\"PropertyValueSpecification\",\"valueRequired\":true,\"valueName\":\"search_term_string\"}}],\"inLanguage\":\"az\"},{\"@type\":\"Organization\",\"@id\":\"https:\/\/geoclimate.ge\/#organization\",\"name\":\"GeoClimate\",\"url\":\"https:\/\/geoclimate.ge\/\",\"logo\":{\"@type\":\"ImageObject\",\"inLanguage\":\"az\",\"@id\":\"https:\/\/geoclimate.ge\/#\/schema\/logo\/image\/\",\"url\":\"https:\/\/geoclimate.ge\/wp-content\/uploads\/2026\/03\/geoclimate-SEO.png\",\"contentUrl\":\"https:\/\/geoclimate.ge\/wp-content\/uploads\/2026\/03\/geoclimate-SEO.png\",\"width\":1536,\"height\":1024,\"caption\":\"GeoClimate\"},\"image\":{\"@id\":\"https:\/\/geoclimate.ge\/#\/schema\/logo\/image\/\"}}]}<\/script>\n<!-- \/ Yoast SEO plugin. -->","yoast_head_json":{"title":"Eksenel Kondensatorlar (CHN-CAH) - GeoClimate.ge","robots":{"index":"index","follow":"follow","max-snippet":"max-snippet:-1","max-image-preview":"max-image-preview:large","max-video-preview":"max-video-preview:-1"},"canonical":"https:\/\/geoclimate.ge\/az\/product\/axial-condensers-chn-cah\/","og_locale":"az_AZ","og_type":"article","og_title":"Eksenel Kondensatorlar (CHN-CAH) - GeoClimate.ge","og_description":"CHN\/CAH Kobol kondensatorlar\u0131 \u00fcst\u00fcn performans\u0131 v\u0259 davaml\u0131l\u0131\u011f\u0131 il\u0259 \u015f\u00f6hr\u0259t qazanm\u0131\u015fd\u0131r. H\u0259r hans\u0131 bir spesifikasiyaya cavab verm\u0259k \u00fc\u00e7\u00fcn geni\u015f \u00e7e\u015fidd\u0259 konfiqurasiyalar v\u0259 aksessuarlar m\u00f6vcuddur, m\u0259s\u0259l\u0259n, \u00f6rt\u00fclm\u00fc\u015f qanadlar, EC fan m\u00fch\u0259rrikl\u0259ri, a\u00e7arlar, s\u0259s izolyasiyal\u0131 korpuslar v\u0259 \u00e7oxlu d\u00f6vr\u0259l\u0259r. Biz 2,8 kVt v\u0259 1100 kVt-dan m\u0259rk\u0259zd\u0259nqa\u00e7ma, radial, eksenel v\u0259 V formal\u0131 kondensatorlar daxil olmaqla 550 model t\u0259klif edirik. Bu geni\u015f \u00e7e\u015fidli vahidl\u0259r v\u0259 aksessuarlar soyutma s\u0259nayesinin \u0259ks\u0259r ehtiyaclar\u0131na cavab ver\u0259n tam portfel t\u0259qdim edir.  Kobolun eksenel kondensatorlar\u0131 a\u015fa\u011f\u0131 s\u0259s-k\u00fcy s\u0259viyy\u0259l\u0259ri v\u0259 y\u00fcks\u0259k enerji s\u0259m\u0259r\u0259liliyi t\u0259klif edir. Enerji q\u0259na\u0259tini art\u0131rmaq v\u0259 laz\u0131m olduqda kondensasiya tutumunu t\u0259nziml\u0259m\u0259k \u00fc\u00e7\u00fcn fan s\u00fcr\u0259tl\u0259ri elektron \u015f\u0259kild\u0259 idar\u0259 oluna bil\u0259r. Bu \u00e7e\u015fid m\u00fcxt\u0259lif soyutma t\u0259tbiql\u0259ri \u00fc\u00e7\u00fcn 316 modeld\u0259n ibar\u0259tdir.","og_url":"https:\/\/geoclimate.ge\/az\/product\/axial-condensers-chn-cah\/","og_site_name":"GeoClimate.ge","article_modified_time":"2025-05-24T13:05:21+00:00","og_image":[{"width":1280,"height":608,"url":"https:\/\/geoclimate.ge\/wp-content\/uploads\/2025\/05\/axial_cah_main-1.png","type":"image\/png"}],"twitter_card":"summary_large_image","schema":{"@context":"https:\/\/schema.org","@graph":[{"@type":"WebPage","@id":"https:\/\/geoclimate.ge\/az\/product\/axial-condensers-chn-cah\/","url":"https:\/\/geoclimate.ge\/az\/product\/axial-condensers-chn-cah\/","name":"Eksenel Kondensatorlar (CHN-CAH) - GeoClimate.ge","isPartOf":{"@id":"https:\/\/geoclimate.ge\/#website"},"primaryImageOfPage":{"@id":"https:\/\/geoclimate.ge\/az\/product\/axial-condensers-chn-cah\/#primaryimage"},"image":{"@id":"https:\/\/geoclimate.ge\/az\/product\/axial-condensers-chn-cah\/#primaryimage"},"thumbnailUrl":"https:\/\/geoclimate.ge\/wp-content\/uploads\/2025\/05\/axial_cah_main-1.png","datePublished":"2025-05-24T13:02:27+00:00","dateModified":"2025-05-24T13:05:21+00:00","breadcrumb":{"@id":"https:\/\/geoclimate.ge\/az\/product\/axial-condensers-chn-cah\/#breadcrumb"},"inLanguage":"az","potentialAction":[{"@type":"ReadAction","target":["https:\/\/geoclimate.ge\/az\/product\/axial-condensers-chn-cah\/"]}]},{"@type":"ImageObject","inLanguage":"az","@id":"https:\/\/geoclimate.ge\/az\/product\/axial-condensers-chn-cah\/#primaryimage","url":"https:\/\/geoclimate.ge\/wp-content\/uploads\/2025\/05\/axial_cah_main-1.png","contentUrl":"https:\/\/geoclimate.ge\/wp-content\/uploads\/2025\/05\/axial_cah_main-1.png","width":1280,"height":608},{"@type":"BreadcrumbList","@id":"https:\/\/geoclimate.ge\/az\/product\/axial-condensers-chn-cah\/#breadcrumb","itemListElement":[{"@type":"ListItem","position":1,"name":"Home","item":"https:\/\/geoclimate.ge\/az\/"},{"@type":"ListItem","position":2,"name":"M\u0259hsullar","item":"https:\/\/geoclimate.ge\/az\/products\/"},{"@type":"ListItem","position":3,"name":"Eksenel Kondensatorlar (CHN-CAH)"}]},{"@type":"WebSite","@id":"https:\/\/geoclimate.ge\/#website","url":"https:\/\/geoclimate.ge\/","name":"GeoClimate","description":"","publisher":{"@id":"https:\/\/geoclimate.ge\/#organization"},"potentialAction":[{"@type":"SearchAction","target":{"@type":"EntryPoint","urlTemplate":"https:\/\/geoclimate.ge\/?s={search_term_string}"},"query-input":{"@type":"PropertyValueSpecification","valueRequired":true,"valueName":"search_term_string"}}],"inLanguage":"az"},{"@type":"Organization","@id":"https:\/\/geoclimate.ge\/#organization","name":"GeoClimate","url":"https:\/\/geoclimate.ge\/","logo":{"@type":"ImageObject","inLanguage":"az","@id":"https:\/\/geoclimate.ge\/#\/schema\/logo\/image\/","url":"https:\/\/geoclimate.ge\/wp-content\/uploads\/2026\/03\/geoclimate-SEO.png","contentUrl":"https:\/\/geoclimate.ge\/wp-content\/uploads\/2026\/03\/geoclimate-SEO.png","width":1536,"height":1024,"caption":"GeoClimate"},"image":{"@id":"https:\/\/geoclimate.ge\/#\/schema\/logo\/image\/"}}]}},"_links":{"self":[{"href":"https:\/\/geoclimate.ge\/az\/wp-json\/wp\/v2\/product\/32858","targetHints":{"allow":["GET"]}}],"collection":[{"href":"https:\/\/geoclimate.ge\/az\/wp-json\/wp\/v2\/product"}],"about":[{"href":"https:\/\/geoclimate.ge\/az\/wp-json\/wp\/v2\/types\/product"}],"wp:featuredmedia":[{"embeddable":true,"href":"https:\/\/geoclimate.ge\/az\/wp-json\/wp\/v2\/media\/32810"}],"wp:attachment":[{"href":"https:\/\/geoclimate.ge\/az\/wp-json\/wp\/v2\/media?parent=32858"}],"wp:term":[{"taxonomy":"product_brand","embeddable":true,"href":"https:\/\/geoclimate.ge\/az\/wp-json\/wp\/v2\/product_brand?post=32858"},{"taxonomy":"product_cat","embeddable":true,"href":"https:\/\/geoclimate.ge\/az\/wp-json\/wp\/v2\/product_cat?post=32858"},{"taxonomy":"product_tag","embeddable":true,"href":"https:\/\/geoclimate.ge\/az\/wp-json\/wp\/v2\/product_tag?post=32858"}],"curies":[{"name":"wp","href":"https:\/\/api.w.org\/{rel}","templated":true}]}}