{"id":32886,"date":"2025-05-24T17:14:32","date_gmt":"2025-05-24T13:14:32","guid":{"rendered":"https:\/\/airsystems.ge\/shop\/product\/nh3-evaporative-condenser\/"},"modified":"2025-05-24T17:24:40","modified_gmt":"2025-05-24T13:24:40","slug":"nh3-evaporative-condenser","status":"publish","type":"product","link":"https:\/\/geoclimate.ge\/az\/product\/nh3-evaporative-condenser\/","title":{"rendered":"NH3 buxarland\u0131r\u0131c\u0131 kondensator"},"content":{"rendered":"<p><strong>X\u00fcsusiyy\u0259tl\u0259r<\/strong><\/p>\n<p>Maksimum enerji q\u0259na\u0259ti v\u0259 a\u015fa\u011f\u0131 qura\u015fd\u0131rma d\u0259y\u0259ri<br \/>\nStandart olaraq kommutasiya edilmi\u015f elektronika il\u0259 EC m\u00fch\u0259rrikl\u0259ri olan eksenel fanatlar<br \/>\nGRP (fiberglasla g\u00fccl\u0259ndirilmi\u015f polyester) korpus<br \/>\nPaslanmayan polad vintl\u0259r<br \/>\nStandart olaraq paslanmayan poladdan anti-kavitasiya filtri<br \/>\nB\u00fct\u00fcn xidm\u0259t edil\u0259 bil\u0259n hiss\u0259l\u0259r\u0259 \u00e7ox asan giri\u015f<\/p>\n<p><strong>Aksesuarlar<\/strong><\/p>\n<p>\u0130stilik m\u00fcbadil\u0259si bobinind\u0259 \u00e7oxlu m\u00fcst\u0259qil d\u00f6vr\u0259l\u0259r<br \/>\nM\u00fcbadil\u0259 bobini tamamil\u0259 paslanmayan poladdan, h\u0259m AISI 304L, h\u0259m d\u0259 AISI 316L keyfiyy\u0259tind\u0259dir<br \/>\nQaynar su h\u00f6vz\u0259sind\u0259 qura\u015fd\u0131r\u0131lm\u0131\u015f q\u0131zd\u0131r\u0131c\u0131 element<br \/>\nMexanik \u015famand\u0131ra klapan\u0131 \u0259v\u0259z etm\u0259k \u00fc\u00e7\u00fcn elektron s\u0259viyy\u0259y\u0259 n\u0259zar\u0259t<br \/>\nE-CARE suyun keyfiyy\u0259tin\u0259 n\u0259zar\u0259t sistemi<br \/>\nEhtiyat nasos \u00e7ek valve il\u0259 qura\u015fd\u0131r\u0131lm\u0131\u015fd\u0131r<br \/>\nF\u0259rdil\u0259\u015fdiril\u0259 bil\u0259n r\u0259ng<br \/>\nSiqnal i\u015f\u0131qlar\u0131<br \/>\nBax\u0131m n\u0259rdivan\u0131 v\u0259 perimetri piyada yollar\u0131 yaln\u0131z GRP-d\u0259n haz\u0131rlanm\u0131\u015fd\u0131r<br \/>\n24 saat sat\u0131\u015f sonras\u0131 xidm\u0259t il\u0259 5 illik uzad\u0131lm\u0131\u015f Premium z\u0259man\u0259t<\/p>\n<p><iframe loading=\"lazy\" title=\"EOS condensers BON AREA\" src=\"https:\/\/player.vimeo.com\/video\/715567743?dnt=1&amp;app_id=122963\" width=\"500\" height=\"281\" frameborder=\"0\" allow=\"autoplay; fullscreen; picture-in-picture; clipboard-write; encrypted-media\"><\/iframe><\/p>\n<p><a class=\"elementor-button elementor-button-link elementor-size-sm\" href=\"https:\/\/www.enextechnologies.com\/wp-content\/uploads\/2024\/09\/One-Pager-NH3-EVAPORATIVE-CONDENSER-ENG.pdf\" target=\"_blank\" rel=\"noopener\"><span class=\"elementor-button-content-wrapper\"><span class=\"elementor-button-text\">ONE PAGER<\/span><\/span><\/a><\/p>\n<p>&nbsp;<\/p>\n","protected":false},"excerpt":{"rendered":"<div class=\"elementor-element elementor-element-f80f489 elementor-widget elementor-widget-heading\" data-id=\"f80f489\" data-element_type=\"widget\" data-widget_type=\"heading.default\">\n<div class=\"elementor-widget-container\">\n<div class=\"elementor-heading-title elementor-size-default\">\n<p>NCX: NH3 buxarland\u0131r\u0131c\u0131 kondensator<br \/>\nYenilik\u00e7i buxarland\u0131r\u0131c\u0131 kondensatorlar.<br \/>\nGRP korpusu il\u0259 m\u0259cburi qaralama \u0259ks ax\u0131n\u0131 icras\u0131.<br \/>\nStandart olaraq EC eksenel fanatlar.<br \/>\nMinimum soyuducu y\u00fck\u00fc olan ultra kompakt rulon.<\/p>\n<p>NCX kondensatorlar\u0131 haz\u0131rda ErP 2023 standart\u0131n\u0131 \u00fcst\u0259l\u0259y\u0259n, bazarda m\u00f6vcud olan \u0259n y\u00fcks\u0259k enerji s\u0259m\u0259r\u0259liliyin\u0259 malik avadanl\u0131qd\u0131r.<\/p>\n<p>NCX seriyal\u0131 kondensatorlar vaxt\u0131ndan qabaq buxarlanan kondensatorlard\u0131r. Bunlar, korroziyaya qar\u015f\u0131 b\u00f6y\u00fck m\u00fcqavim\u0259ti v\u0259 \u0259n y\u00fcks\u0259k performans\u0131 t\u0259min ed\u0259n x\u00fcsusiyy\u0259tl\u0259r\u0259 malik, \u015f\u00fc\u015f\u0259 lifl\u0259 g\u00fccl\u0259ndirilmi\u015f polyester (GRP) korpuslu m\u0259cburi \u00e7\u0259kili \u0259ks c\u0259r\u0259yan kondensatorlar\u0131d\u0131r.<\/p>\n<p>NCX buxarland\u0131r\u0131c\u0131 kondensatorlar son d\u0259r\u0259c\u0259 sakit i\u015fl\u0259m\u0259 il\u0259 n\u0259tic\u0259l\u0259n\u0259n \u00e7ox a\u015fa\u011f\u0131 s\u0259s t\u0259zyiqi s\u0259viyy\u0259si \u00fc\u00e7\u00fcn yenilik\u00e7i EC texnologiyal\u0131 elektrik m\u00fch\u0259rrikl\u0259rini (inteqrasiya edilmi\u015f n\u0259zar\u0259t\u00e7il\u0259r) birl\u0259\u015fdirir.<\/p>\n<p>EC m\u00fch\u0259rrikl\u0259rinin \u00fcst\u00fcn s\u0259m\u0259r\u0259liliyi IE4 t\u0259l\u0259bl\u0259rini \u00fcst\u0259l\u0259yir. EC m\u00fch\u0259rrikl\u0259rinin inteqrasiya olunmu\u015f elektronikas\u0131 VFD il\u0259 AC m\u00fch\u0259rrikl\u0259ri il\u0259 m\u00fcqayis\u0259d\u0259 azald\u0131lm\u0131\u015f enerji istehlak\u0131 il\u0259 qura\u015fd\u0131rmada maksimum enerji q\u0259na\u0259ti \u00fc\u00e7\u00fcn ventilyatorun d\u0259yi\u015f\u0259n s\u00fcr\u0259tin\u0259 n\u0259zar\u0259t etm\u0259y\u0259 imkan verir.<\/p>\n<p>NCX buxarland\u0131r\u0131c\u0131 kondensator rulonlar\u0131 UNE.EN ISO 1461:2010 standart\u0131na uy\u011fun olaraq fasil\u0259siz prosesd\u0259 isti dald\u0131rma sinkl\u0259nmi\u015fdir. Bobin dizayn\u0131 son d\u0259r\u0259c\u0259 y\u0131\u011fcam v\u0259 innovativdir, daxili soyuducu h\u0259cmi haz\u0131rda m\u00f6vcud olan r\u0259qab\u0259tqabiliyy\u0259tli h\u0259ll\u0259rd\u0259n 33%-\u0259 q\u0259d\u0259r azd\u0131r.<\/p>\n<p>Hava giri\u015fi yaln\u0131z bir t\u0259r\u0259fd\u0259ndir ki, bu da onun modul \u015f\u0259kild\u0259 h\u0259yata ke\u00e7irilm\u0259sin\u0259 imkan verir, zavodda t\u0259l\u0259b olunan m\u0259kan\u0131 optimalla\u015fd\u0131r\u0131r. Bundan \u0259lav\u0259, birt\u0259r\u0259fli hava giri\u015fi sakit t\u0259r\u0259fi s\u0259s-k\u00fcy\u0259 h\u0259ssas \u0259razil\u0259r\u0259 do\u011fru yerl\u0259\u015fdirm\u0259y\u0259 imkan verir. Fanlar quru hava udma b\u00f6lm\u0259sind\u0259 qura\u015fd\u0131r\u0131l\u0131r ki, bu da kondensasiyan\u0131n qar\u015f\u0131s\u0131n\u0131 al\u0131r, korroziya v\u0259 vaxt\u0131ndan \u0259vv\u0259l mexaniki nasazl\u0131q probleml\u0259rini aradan qald\u0131r\u0131r.<\/p>\n<p>Damla\u00e7\u0131xar\u0131c\u0131lar\u0131n unikal \u0259yri h\u0259nd\u0259s\u0259si \u00fc\u00e7 t\u0259sir zonas\u0131 il\u0259 hava ax\u0131n\u0131 istiqam\u0259tind\u0259 d\u00f6rd d\u0259yi\u015fiklik v\u0259 hava ax\u0131n\u0131nda m\u00f6vcud olan su damc\u0131lar\u0131n\u0131 saxlayan \u00fcst-\u00fcst\u0259 d\u00fc\u015f\u0259n t\u0259b\u0259q\u0259l\u0259r\u0259 malik h\u00fcceyr\u0259 qurulu\u015fu il\u0259 t\u0259min edir, bu da s\u00fcrt\u00fcnm\u0259ni 0,001%-d\u0259n az azald\u0131r. Bo\u015faltma ba\u011flant\u0131s\u0131na do\u011fru iki ox \u00fcz\u0259rind\u0259 iki yamacl\u0131, \u00f6z\u00fc-bo\u015faltma dizaynl\u0131 EOS PLUS su h\u00f6vz\u0259si tam bo\u015falma\u011fa imkan verir. H\u00f6vz\u0259 tamamil\u0259 diafand\u0131r, \u0259l\u00e7atmaz sah\u0259l\u0259r v\u0259 yoxlama v\u0259 t\u0259mizl\u0259m\u0259 \u00fc\u00e7\u00fcn asan v\u0259 rahat giri\u015f imkan\u0131 ver\u0259n geni\u015f daxili sah\u0259 yoxdur. NCX \u00e7e\u015fidi h\u0259tta C5 kateqoriyal\u0131 (ISO 9223:1992 standart\u0131na uy\u011fun olaraq maksimum korroziya d\u0259r\u0259c\u0259si, d\u0259niz v\u0259 ya a\u011f\u0131r s\u0259naye m\u00fchiti) olan m\u00fchitl\u0259rd\u0259 d\u00fczg\u00fcn qura\u015fd\u0131rma v\u0259 istismar \u00fc\u00e7\u00fcn n\u0259z\u0259rd\u0259 tutulmu\u015fdur.<\/p>\n<\/div>\n<\/div>\n<\/div>\n","protected":false},"featured_media":32881,"template":"","meta":[],"product_brand":[],"product_cat":[1631,875],"product_tag":[],"class_list":{"0":"post-32886","1":"product","2":"type-product","3":"status-publish","4":"has-post-thumbnail","6":"product_cat-kondensator","7":"product_cat-snaye-az-kondisionerlr","9":"first","10":"instock","11":"shipping-taxable","12":"product-type-simple"},"yoast_head":"<!-- This site is optimized with the Yoast SEO plugin v27.1.1 - https:\/\/yoast.com\/product\/yoast-seo-wordpress\/ -->\n<title>NH3 buxarland\u0131r\u0131c\u0131 kondensator - GeoClimate.ge<\/title>\n<meta name=\"robots\" content=\"index, follow, max-snippet:-1, max-image-preview:large, max-video-preview:-1\" \/>\n<link rel=\"canonical\" href=\"https:\/\/geoclimate.ge\/az\/product\/nh3-evaporative-condenser\/\" \/>\n<meta property=\"og:locale\" content=\"az_AZ\" \/>\n<meta property=\"og:type\" content=\"article\" \/>\n<meta property=\"og:title\" content=\"NH3 buxarland\u0131r\u0131c\u0131 kondensator - GeoClimate.ge\" \/>\n<meta property=\"og:description\" content=\"NCX: NH3 buxarland\u0131r\u0131c\u0131 kondensator Yenilik\u00e7i buxarland\u0131r\u0131c\u0131 kondensatorlar. GRP korpusu il\u0259 m\u0259cburi qaralama \u0259ks ax\u0131n\u0131 icras\u0131. Standart olaraq EC eksenel fanatlar. Minimum soyuducu y\u00fck\u00fc olan ultra kompakt rulon.  NCX kondensatorlar\u0131 haz\u0131rda ErP 2023 standart\u0131n\u0131 \u00fcst\u0259l\u0259y\u0259n, bazarda m\u00f6vcud olan \u0259n y\u00fcks\u0259k enerji s\u0259m\u0259r\u0259liliyin\u0259 malik avadanl\u0131qd\u0131r.  NCX seriyal\u0131 kondensatorlar vaxt\u0131ndan qabaq buxarlanan kondensatorlard\u0131r. Bunlar, korroziyaya qar\u015f\u0131 b\u00f6y\u00fck m\u00fcqavim\u0259ti v\u0259 \u0259n y\u00fcks\u0259k performans\u0131 t\u0259min ed\u0259n x\u00fcsusiyy\u0259tl\u0259r\u0259 malik, \u015f\u00fc\u015f\u0259 lifl\u0259 g\u00fccl\u0259ndirilmi\u015f polyester (GRP) korpuslu m\u0259cburi \u00e7\u0259kili \u0259ks c\u0259r\u0259yan kondensatorlar\u0131d\u0131r.  NCX buxarland\u0131r\u0131c\u0131 kondensatorlar son d\u0259r\u0259c\u0259 sakit i\u015fl\u0259m\u0259 il\u0259 n\u0259tic\u0259l\u0259n\u0259n \u00e7ox a\u015fa\u011f\u0131 s\u0259s t\u0259zyiqi s\u0259viyy\u0259si \u00fc\u00e7\u00fcn yenilik\u00e7i EC texnologiyal\u0131 elektrik m\u00fch\u0259rrikl\u0259rini (inteqrasiya edilmi\u015f n\u0259zar\u0259t\u00e7il\u0259r) birl\u0259\u015fdirir.  EC m\u00fch\u0259rrikl\u0259rinin \u00fcst\u00fcn s\u0259m\u0259r\u0259liliyi IE4 t\u0259l\u0259bl\u0259rini \u00fcst\u0259l\u0259yir. EC m\u00fch\u0259rrikl\u0259rinin inteqrasiya olunmu\u015f elektronikas\u0131 VFD il\u0259 AC m\u00fch\u0259rrikl\u0259ri il\u0259 m\u00fcqayis\u0259d\u0259 azald\u0131lm\u0131\u015f enerji istehlak\u0131 il\u0259 qura\u015fd\u0131rmada maksimum enerji q\u0259na\u0259ti \u00fc\u00e7\u00fcn ventilyatorun d\u0259yi\u015f\u0259n s\u00fcr\u0259tin\u0259 n\u0259zar\u0259t etm\u0259y\u0259 imkan verir.  NCX buxarland\u0131r\u0131c\u0131 kondensator rulonlar\u0131 UNE.EN ISO 1461:2010 standart\u0131na uy\u011fun olaraq fasil\u0259siz prosesd\u0259 isti dald\u0131rma sinkl\u0259nmi\u015fdir. Bobin dizayn\u0131 son d\u0259r\u0259c\u0259 y\u0131\u011fcam v\u0259 innovativdir, daxili soyuducu h\u0259cmi haz\u0131rda m\u00f6vcud olan r\u0259qab\u0259tqabiliyy\u0259tli h\u0259ll\u0259rd\u0259n 33%-\u0259 q\u0259d\u0259r azd\u0131r.  Hava giri\u015fi yaln\u0131z bir t\u0259r\u0259fd\u0259ndir ki, bu da onun modul \u015f\u0259kild\u0259 h\u0259yata ke\u00e7irilm\u0259sin\u0259 imkan verir, zavodda t\u0259l\u0259b olunan m\u0259kan\u0131 optimalla\u015fd\u0131r\u0131r. Bundan \u0259lav\u0259, birt\u0259r\u0259fli hava giri\u015fi sakit t\u0259r\u0259fi s\u0259s-k\u00fcy\u0259 h\u0259ssas \u0259razil\u0259r\u0259 do\u011fru yerl\u0259\u015fdirm\u0259y\u0259 imkan verir. Fanlar quru hava udma b\u00f6lm\u0259sind\u0259 qura\u015fd\u0131r\u0131l\u0131r ki, bu da kondensasiyan\u0131n qar\u015f\u0131s\u0131n\u0131 al\u0131r, korroziya v\u0259 vaxt\u0131ndan \u0259vv\u0259l mexaniki nasazl\u0131q probleml\u0259rini aradan qald\u0131r\u0131r.  Damla\u00e7\u0131xar\u0131c\u0131lar\u0131n unikal \u0259yri h\u0259nd\u0259s\u0259si \u00fc\u00e7 t\u0259sir zonas\u0131 il\u0259 hava ax\u0131n\u0131 istiqam\u0259tind\u0259 d\u00f6rd d\u0259yi\u015fiklik v\u0259 hava ax\u0131n\u0131nda m\u00f6vcud olan su damc\u0131lar\u0131n\u0131 saxlayan \u00fcst-\u00fcst\u0259 d\u00fc\u015f\u0259n t\u0259b\u0259q\u0259l\u0259r\u0259 malik h\u00fcceyr\u0259 qurulu\u015fu il\u0259 t\u0259min edir, bu da s\u00fcrt\u00fcnm\u0259ni 0,001%-d\u0259n az azald\u0131r. Bo\u015faltma ba\u011flant\u0131s\u0131na do\u011fru iki ox \u00fcz\u0259rind\u0259 iki yamacl\u0131, \u00f6z\u00fc-bo\u015faltma dizaynl\u0131 EOS PLUS su h\u00f6vz\u0259si tam bo\u015falma\u011fa imkan verir. H\u00f6vz\u0259 tamamil\u0259 diafand\u0131r, \u0259l\u00e7atmaz sah\u0259l\u0259r v\u0259 yoxlama v\u0259 t\u0259mizl\u0259m\u0259 \u00fc\u00e7\u00fcn asan v\u0259 rahat giri\u015f imkan\u0131 ver\u0259n geni\u015f daxili sah\u0259 yoxdur. NCX \u00e7e\u015fidi h\u0259tta C5 kateqoriyal\u0131 (ISO 9223:1992 standart\u0131na uy\u011fun olaraq maksimum korroziya d\u0259r\u0259c\u0259si, d\u0259niz v\u0259 ya a\u011f\u0131r s\u0259naye m\u00fchiti) olan m\u00fchitl\u0259rd\u0259 d\u00fczg\u00fcn qura\u015fd\u0131rma v\u0259 istismar \u00fc\u00e7\u00fcn n\u0259z\u0259rd\u0259 tutulmu\u015fdur.\" \/>\n<meta property=\"og:url\" content=\"https:\/\/geoclimate.ge\/az\/product\/nh3-evaporative-condenser\/\" \/>\n<meta property=\"og:site_name\" content=\"GeoClimate.ge\" \/>\n<meta property=\"article:modified_time\" content=\"2025-05-24T13:24:40+00:00\" \/>\n<meta property=\"og:image\" content=\"https:\/\/geoclimate.ge\/wp-content\/uploads\/2025\/05\/Evaporative-Condensers-qdd9gfts5x5b5xqbhn4oon6onv2db182egfmdn3epg-1.png\" \/>\n\t<meta property=\"og:image:width\" content=\"600\" \/>\n\t<meta property=\"og:image:height\" content=\"466\" \/>\n\t<meta property=\"og:image:type\" content=\"image\/png\" \/>\n<meta name=\"twitter:card\" content=\"summary_large_image\" \/>\n<meta name=\"twitter:label1\" content=\"Est. reading time\" \/>\n\t<meta name=\"twitter:data1\" content=\"1 minute\" \/>\n<script type=\"application\/ld+json\" class=\"yoast-schema-graph\">{\"@context\":\"https:\/\/schema.org\",\"@graph\":[{\"@type\":\"WebPage\",\"@id\":\"https:\/\/geoclimate.ge\/az\/product\/nh3-evaporative-condenser\/\",\"url\":\"https:\/\/geoclimate.ge\/az\/product\/nh3-evaporative-condenser\/\",\"name\":\"NH3 buxarland\u0131r\u0131c\u0131 kondensator - GeoClimate.ge\",\"isPartOf\":{\"@id\":\"https:\/\/geoclimate.ge\/#website\"},\"primaryImageOfPage\":{\"@id\":\"https:\/\/geoclimate.ge\/az\/product\/nh3-evaporative-condenser\/#primaryimage\"},\"image\":{\"@id\":\"https:\/\/geoclimate.ge\/az\/product\/nh3-evaporative-condenser\/#primaryimage\"},\"thumbnailUrl\":\"https:\/\/geoclimate.ge\/wp-content\/uploads\/2025\/05\/Evaporative-Condensers-qdd9gfts5x5b5xqbhn4oon6onv2db182egfmdn3epg-1.png\",\"datePublished\":\"2025-05-24T13:14:32+00:00\",\"dateModified\":\"2025-05-24T13:24:40+00:00\",\"breadcrumb\":{\"@id\":\"https:\/\/geoclimate.ge\/az\/product\/nh3-evaporative-condenser\/#breadcrumb\"},\"inLanguage\":\"az\",\"potentialAction\":[{\"@type\":\"ReadAction\",\"target\":[\"https:\/\/geoclimate.ge\/az\/product\/nh3-evaporative-condenser\/\"]}]},{\"@type\":\"ImageObject\",\"inLanguage\":\"az\",\"@id\":\"https:\/\/geoclimate.ge\/az\/product\/nh3-evaporative-condenser\/#primaryimage\",\"url\":\"https:\/\/geoclimate.ge\/wp-content\/uploads\/2025\/05\/Evaporative-Condensers-qdd9gfts5x5b5xqbhn4oon6onv2db182egfmdn3epg-1.png\",\"contentUrl\":\"https:\/\/geoclimate.ge\/wp-content\/uploads\/2025\/05\/Evaporative-Condensers-qdd9gfts5x5b5xqbhn4oon6onv2db182egfmdn3epg-1.png\",\"width\":600,\"height\":466},{\"@type\":\"BreadcrumbList\",\"@id\":\"https:\/\/geoclimate.ge\/az\/product\/nh3-evaporative-condenser\/#breadcrumb\",\"itemListElement\":[{\"@type\":\"ListItem\",\"position\":1,\"name\":\"Home\",\"item\":\"https:\/\/geoclimate.ge\/az\/\"},{\"@type\":\"ListItem\",\"position\":2,\"name\":\"M\u0259hsullar\",\"item\":\"https:\/\/geoclimate.ge\/az\/products\/\"},{\"@type\":\"ListItem\",\"position\":3,\"name\":\"NH3 buxarland\u0131r\u0131c\u0131 kondensator\"}]},{\"@type\":\"WebSite\",\"@id\":\"https:\/\/geoclimate.ge\/#website\",\"url\":\"https:\/\/geoclimate.ge\/\",\"name\":\"GeoClimate\",\"description\":\"\",\"publisher\":{\"@id\":\"https:\/\/geoclimate.ge\/#organization\"},\"potentialAction\":[{\"@type\":\"SearchAction\",\"target\":{\"@type\":\"EntryPoint\",\"urlTemplate\":\"https:\/\/geoclimate.ge\/?s={search_term_string}\"},\"query-input\":{\"@type\":\"PropertyValueSpecification\",\"valueRequired\":true,\"valueName\":\"search_term_string\"}}],\"inLanguage\":\"az\"},{\"@type\":\"Organization\",\"@id\":\"https:\/\/geoclimate.ge\/#organization\",\"name\":\"GeoClimate\",\"url\":\"https:\/\/geoclimate.ge\/\",\"logo\":{\"@type\":\"ImageObject\",\"inLanguage\":\"az\",\"@id\":\"https:\/\/geoclimate.ge\/#\/schema\/logo\/image\/\",\"url\":\"https:\/\/geoclimate.ge\/wp-content\/uploads\/2026\/03\/geoclimate-SEO.png\",\"contentUrl\":\"https:\/\/geoclimate.ge\/wp-content\/uploads\/2026\/03\/geoclimate-SEO.png\",\"width\":1536,\"height\":1024,\"caption\":\"GeoClimate\"},\"image\":{\"@id\":\"https:\/\/geoclimate.ge\/#\/schema\/logo\/image\/\"}}]}<\/script>\n<!-- \/ Yoast SEO plugin. -->","yoast_head_json":{"title":"NH3 buxarland\u0131r\u0131c\u0131 kondensator - GeoClimate.ge","robots":{"index":"index","follow":"follow","max-snippet":"max-snippet:-1","max-image-preview":"max-image-preview:large","max-video-preview":"max-video-preview:-1"},"canonical":"https:\/\/geoclimate.ge\/az\/product\/nh3-evaporative-condenser\/","og_locale":"az_AZ","og_type":"article","og_title":"NH3 buxarland\u0131r\u0131c\u0131 kondensator - GeoClimate.ge","og_description":"NCX: NH3 buxarland\u0131r\u0131c\u0131 kondensator Yenilik\u00e7i buxarland\u0131r\u0131c\u0131 kondensatorlar. GRP korpusu il\u0259 m\u0259cburi qaralama \u0259ks ax\u0131n\u0131 icras\u0131. Standart olaraq EC eksenel fanatlar. Minimum soyuducu y\u00fck\u00fc olan ultra kompakt rulon.  NCX kondensatorlar\u0131 haz\u0131rda ErP 2023 standart\u0131n\u0131 \u00fcst\u0259l\u0259y\u0259n, bazarda m\u00f6vcud olan \u0259n y\u00fcks\u0259k enerji s\u0259m\u0259r\u0259liliyin\u0259 malik avadanl\u0131qd\u0131r.  NCX seriyal\u0131 kondensatorlar vaxt\u0131ndan qabaq buxarlanan kondensatorlard\u0131r. Bunlar, korroziyaya qar\u015f\u0131 b\u00f6y\u00fck m\u00fcqavim\u0259ti v\u0259 \u0259n y\u00fcks\u0259k performans\u0131 t\u0259min ed\u0259n x\u00fcsusiyy\u0259tl\u0259r\u0259 malik, \u015f\u00fc\u015f\u0259 lifl\u0259 g\u00fccl\u0259ndirilmi\u015f polyester (GRP) korpuslu m\u0259cburi \u00e7\u0259kili \u0259ks c\u0259r\u0259yan kondensatorlar\u0131d\u0131r.  NCX buxarland\u0131r\u0131c\u0131 kondensatorlar son d\u0259r\u0259c\u0259 sakit i\u015fl\u0259m\u0259 il\u0259 n\u0259tic\u0259l\u0259n\u0259n \u00e7ox a\u015fa\u011f\u0131 s\u0259s t\u0259zyiqi s\u0259viyy\u0259si \u00fc\u00e7\u00fcn yenilik\u00e7i EC texnologiyal\u0131 elektrik m\u00fch\u0259rrikl\u0259rini (inteqrasiya edilmi\u015f n\u0259zar\u0259t\u00e7il\u0259r) birl\u0259\u015fdirir.  EC m\u00fch\u0259rrikl\u0259rinin \u00fcst\u00fcn s\u0259m\u0259r\u0259liliyi IE4 t\u0259l\u0259bl\u0259rini \u00fcst\u0259l\u0259yir. EC m\u00fch\u0259rrikl\u0259rinin inteqrasiya olunmu\u015f elektronikas\u0131 VFD il\u0259 AC m\u00fch\u0259rrikl\u0259ri il\u0259 m\u00fcqayis\u0259d\u0259 azald\u0131lm\u0131\u015f enerji istehlak\u0131 il\u0259 qura\u015fd\u0131rmada maksimum enerji q\u0259na\u0259ti \u00fc\u00e7\u00fcn ventilyatorun d\u0259yi\u015f\u0259n s\u00fcr\u0259tin\u0259 n\u0259zar\u0259t etm\u0259y\u0259 imkan verir.  NCX buxarland\u0131r\u0131c\u0131 kondensator rulonlar\u0131 UNE.EN ISO 1461:2010 standart\u0131na uy\u011fun olaraq fasil\u0259siz prosesd\u0259 isti dald\u0131rma sinkl\u0259nmi\u015fdir. Bobin dizayn\u0131 son d\u0259r\u0259c\u0259 y\u0131\u011fcam v\u0259 innovativdir, daxili soyuducu h\u0259cmi haz\u0131rda m\u00f6vcud olan r\u0259qab\u0259tqabiliyy\u0259tli h\u0259ll\u0259rd\u0259n 33%-\u0259 q\u0259d\u0259r azd\u0131r.  Hava giri\u015fi yaln\u0131z bir t\u0259r\u0259fd\u0259ndir ki, bu da onun modul \u015f\u0259kild\u0259 h\u0259yata ke\u00e7irilm\u0259sin\u0259 imkan verir, zavodda t\u0259l\u0259b olunan m\u0259kan\u0131 optimalla\u015fd\u0131r\u0131r. Bundan \u0259lav\u0259, birt\u0259r\u0259fli hava giri\u015fi sakit t\u0259r\u0259fi s\u0259s-k\u00fcy\u0259 h\u0259ssas \u0259razil\u0259r\u0259 do\u011fru yerl\u0259\u015fdirm\u0259y\u0259 imkan verir. Fanlar quru hava udma b\u00f6lm\u0259sind\u0259 qura\u015fd\u0131r\u0131l\u0131r ki, bu da kondensasiyan\u0131n qar\u015f\u0131s\u0131n\u0131 al\u0131r, korroziya v\u0259 vaxt\u0131ndan \u0259vv\u0259l mexaniki nasazl\u0131q probleml\u0259rini aradan qald\u0131r\u0131r.  Damla\u00e7\u0131xar\u0131c\u0131lar\u0131n unikal \u0259yri h\u0259nd\u0259s\u0259si \u00fc\u00e7 t\u0259sir zonas\u0131 il\u0259 hava ax\u0131n\u0131 istiqam\u0259tind\u0259 d\u00f6rd d\u0259yi\u015fiklik v\u0259 hava ax\u0131n\u0131nda m\u00f6vcud olan su damc\u0131lar\u0131n\u0131 saxlayan \u00fcst-\u00fcst\u0259 d\u00fc\u015f\u0259n t\u0259b\u0259q\u0259l\u0259r\u0259 malik h\u00fcceyr\u0259 qurulu\u015fu il\u0259 t\u0259min edir, bu da s\u00fcrt\u00fcnm\u0259ni 0,001%-d\u0259n az azald\u0131r. Bo\u015faltma ba\u011flant\u0131s\u0131na do\u011fru iki ox \u00fcz\u0259rind\u0259 iki yamacl\u0131, \u00f6z\u00fc-bo\u015faltma dizaynl\u0131 EOS PLUS su h\u00f6vz\u0259si tam bo\u015falma\u011fa imkan verir. H\u00f6vz\u0259 tamamil\u0259 diafand\u0131r, \u0259l\u00e7atmaz sah\u0259l\u0259r v\u0259 yoxlama v\u0259 t\u0259mizl\u0259m\u0259 \u00fc\u00e7\u00fcn asan v\u0259 rahat giri\u015f imkan\u0131 ver\u0259n geni\u015f daxili sah\u0259 yoxdur. NCX \u00e7e\u015fidi h\u0259tta C5 kateqoriyal\u0131 (ISO 9223:1992 standart\u0131na uy\u011fun olaraq maksimum korroziya d\u0259r\u0259c\u0259si, d\u0259niz v\u0259 ya a\u011f\u0131r s\u0259naye m\u00fchiti) olan m\u00fchitl\u0259rd\u0259 d\u00fczg\u00fcn qura\u015fd\u0131rma v\u0259 istismar \u00fc\u00e7\u00fcn n\u0259z\u0259rd\u0259 tutulmu\u015fdur.","og_url":"https:\/\/geoclimate.ge\/az\/product\/nh3-evaporative-condenser\/","og_site_name":"GeoClimate.ge","article_modified_time":"2025-05-24T13:24:40+00:00","og_image":[{"width":600,"height":466,"url":"https:\/\/geoclimate.ge\/wp-content\/uploads\/2025\/05\/Evaporative-Condensers-qdd9gfts5x5b5xqbhn4oon6onv2db182egfmdn3epg-1.png","type":"image\/png"}],"twitter_card":"summary_large_image","twitter_misc":{"Est. reading time":"1 minute"},"schema":{"@context":"https:\/\/schema.org","@graph":[{"@type":"WebPage","@id":"https:\/\/geoclimate.ge\/az\/product\/nh3-evaporative-condenser\/","url":"https:\/\/geoclimate.ge\/az\/product\/nh3-evaporative-condenser\/","name":"NH3 buxarland\u0131r\u0131c\u0131 kondensator - GeoClimate.ge","isPartOf":{"@id":"https:\/\/geoclimate.ge\/#website"},"primaryImageOfPage":{"@id":"https:\/\/geoclimate.ge\/az\/product\/nh3-evaporative-condenser\/#primaryimage"},"image":{"@id":"https:\/\/geoclimate.ge\/az\/product\/nh3-evaporative-condenser\/#primaryimage"},"thumbnailUrl":"https:\/\/geoclimate.ge\/wp-content\/uploads\/2025\/05\/Evaporative-Condensers-qdd9gfts5x5b5xqbhn4oon6onv2db182egfmdn3epg-1.png","datePublished":"2025-05-24T13:14:32+00:00","dateModified":"2025-05-24T13:24:40+00:00","breadcrumb":{"@id":"https:\/\/geoclimate.ge\/az\/product\/nh3-evaporative-condenser\/#breadcrumb"},"inLanguage":"az","potentialAction":[{"@type":"ReadAction","target":["https:\/\/geoclimate.ge\/az\/product\/nh3-evaporative-condenser\/"]}]},{"@type":"ImageObject","inLanguage":"az","@id":"https:\/\/geoclimate.ge\/az\/product\/nh3-evaporative-condenser\/#primaryimage","url":"https:\/\/geoclimate.ge\/wp-content\/uploads\/2025\/05\/Evaporative-Condensers-qdd9gfts5x5b5xqbhn4oon6onv2db182egfmdn3epg-1.png","contentUrl":"https:\/\/geoclimate.ge\/wp-content\/uploads\/2025\/05\/Evaporative-Condensers-qdd9gfts5x5b5xqbhn4oon6onv2db182egfmdn3epg-1.png","width":600,"height":466},{"@type":"BreadcrumbList","@id":"https:\/\/geoclimate.ge\/az\/product\/nh3-evaporative-condenser\/#breadcrumb","itemListElement":[{"@type":"ListItem","position":1,"name":"Home","item":"https:\/\/geoclimate.ge\/az\/"},{"@type":"ListItem","position":2,"name":"M\u0259hsullar","item":"https:\/\/geoclimate.ge\/az\/products\/"},{"@type":"ListItem","position":3,"name":"NH3 buxarland\u0131r\u0131c\u0131 kondensator"}]},{"@type":"WebSite","@id":"https:\/\/geoclimate.ge\/#website","url":"https:\/\/geoclimate.ge\/","name":"GeoClimate","description":"","publisher":{"@id":"https:\/\/geoclimate.ge\/#organization"},"potentialAction":[{"@type":"SearchAction","target":{"@type":"EntryPoint","urlTemplate":"https:\/\/geoclimate.ge\/?s={search_term_string}"},"query-input":{"@type":"PropertyValueSpecification","valueRequired":true,"valueName":"search_term_string"}}],"inLanguage":"az"},{"@type":"Organization","@id":"https:\/\/geoclimate.ge\/#organization","name":"GeoClimate","url":"https:\/\/geoclimate.ge\/","logo":{"@type":"ImageObject","inLanguage":"az","@id":"https:\/\/geoclimate.ge\/#\/schema\/logo\/image\/","url":"https:\/\/geoclimate.ge\/wp-content\/uploads\/2026\/03\/geoclimate-SEO.png","contentUrl":"https:\/\/geoclimate.ge\/wp-content\/uploads\/2026\/03\/geoclimate-SEO.png","width":1536,"height":1024,"caption":"GeoClimate"},"image":{"@id":"https:\/\/geoclimate.ge\/#\/schema\/logo\/image\/"}}]}},"_links":{"self":[{"href":"https:\/\/geoclimate.ge\/az\/wp-json\/wp\/v2\/product\/32886","targetHints":{"allow":["GET"]}}],"collection":[{"href":"https:\/\/geoclimate.ge\/az\/wp-json\/wp\/v2\/product"}],"about":[{"href":"https:\/\/geoclimate.ge\/az\/wp-json\/wp\/v2\/types\/product"}],"wp:featuredmedia":[{"embeddable":true,"href":"https:\/\/geoclimate.ge\/az\/wp-json\/wp\/v2\/media\/32881"}],"wp:attachment":[{"href":"https:\/\/geoclimate.ge\/az\/wp-json\/wp\/v2\/media?parent=32886"}],"wp:term":[{"taxonomy":"product_brand","embeddable":true,"href":"https:\/\/geoclimate.ge\/az\/wp-json\/wp\/v2\/product_brand?post=32886"},{"taxonomy":"product_cat","embeddable":true,"href":"https:\/\/geoclimate.ge\/az\/wp-json\/wp\/v2\/product_cat?post=32886"},{"taxonomy":"product_tag","embeddable":true,"href":"https:\/\/geoclimate.ge\/az\/wp-json\/wp\/v2\/product_tag?post=32886"}],"curies":[{"name":"wp","href":"https:\/\/api.w.org\/{rel}","templated":true}]}}