{"id":32929,"date":"2025-05-24T17:47:23","date_gmt":"2025-05-24T13:47:23","guid":{"rendered":"https:\/\/airsystems.ge\/shop\/product\/mce-air-cooled-condensing-units-with-scroll-multiscroll-compressors-and-axial-fans\/"},"modified":"2025-05-24T17:49:47","modified_gmt":"2025-05-24T13:49:47","slug":"mce-air-cooled-condensing-units-with-scroll-multiscroll-compressors-and-axial-fans","status":"publish","type":"product","link":"https:\/\/geoclimate.ge\/az\/product\/mce-air-cooled-condensing-units-with-scroll-multiscroll-compressors-and-axial-fans\/","title":{"rendered":"MCE Hava il\u0259 soyudulmu\u015f kondensasiya qur\u011fular\u0131 s\u00fcr\u00fc\u015fm\u0259\/\u00e7ox f\u0131rlanan kompressorlar v\u0259 eksenel fanatlar"},"content":{"rendered":"","protected":false},"excerpt":{"rendered":"<p>Soyutma g\u00fcc\u00fc 6 kVt-dan 600 KV-a q\u0259d\u0259r<\/p>\n<p>Uzaqdan birba\u015fa geni\u015fl\u0259ndirici buxarland\u0131r\u0131c\u0131 il\u0259 uy\u011funla\u015fd\u0131r\u0131lmaq \u00fc\u00e7\u00fcn n\u0259z\u0259rd\u0259 tutulmu\u015f xarici qura\u015fd\u0131rma \u00fc\u00e7\u00fcn uy\u011fun kondensasiya qur\u011fular\u0131. MULTISCROLL texnologiyas\u0131 (opsiya kimi \u0130NVERTER t\u0259nziml\u0259m\u0259si il\u0259) bir ne\u00e7\u0259 pill\u0259li tutum t\u0259min edir v\u0259 n\u0259tic\u0259d\u0259 qism\u0259n y\u00fckl\u0259nm\u0259nin s\u0259m\u0259r\u0259liliyi yax\u015f\u0131la\u015f\u0131r. Bu, h\u0259m\u00e7inin y\u00fcks\u0259k d\u0259yi\u015fk\u0259n y\u00fck t\u0259tbiql\u0259ri il\u0259 istifad\u0259 edildikd\u0259 performans\u0131 yax\u015f\u0131la\u015fd\u0131r\u0131r. R410a soyuducu standartd\u0131r. Onlar h\u0259m\u00e7inin geri \u00e7evril\u0259n istilik nasosu konfiqurasiyas\u0131nda (PCE) m\u00f6vcuddur.<\/p>\n","protected":false},"featured_media":32924,"template":"","meta":[],"product_brand":[],"product_cat":[1631,875],"product_tag":[],"class_list":{"0":"post-32929","1":"product","2":"type-product","3":"status-publish","4":"has-post-thumbnail","6":"product_cat-kondensator","7":"product_cat-snaye-az-kondisionerlr","9":"first","10":"instock","11":"shipping-taxable","12":"product-type-simple"},"yoast_head":"<!-- This site is optimized with the Yoast SEO plugin v27.1.1 - https:\/\/yoast.com\/product\/yoast-seo-wordpress\/ -->\n<title>MCE Hava il\u0259 soyudulmu\u015f kondensasiya qur\u011fular\u0131 s\u00fcr\u00fc\u015fm\u0259\/\u00e7ox f\u0131rlanan kompressorlar v\u0259 eksenel fanatlar - GeoClimate.ge<\/title>\n<meta name=\"robots\" content=\"index, follow, max-snippet:-1, max-image-preview:large, max-video-preview:-1\" \/>\n<link rel=\"canonical\" href=\"https:\/\/geoclimate.ge\/az\/product\/mce-air-cooled-condensing-units-with-scroll-multiscroll-compressors-and-axial-fans\/\" \/>\n<meta property=\"og:locale\" content=\"az_AZ\" \/>\n<meta property=\"og:type\" content=\"article\" \/>\n<meta property=\"og:title\" content=\"MCE Hava il\u0259 soyudulmu\u015f kondensasiya qur\u011fular\u0131 s\u00fcr\u00fc\u015fm\u0259\/\u00e7ox f\u0131rlanan kompressorlar v\u0259 eksenel fanatlar - GeoClimate.ge\" \/>\n<meta property=\"og:description\" content=\"Soyutma g\u00fcc\u00fc 6 kVt-dan 600 KV-a q\u0259d\u0259r  Uzaqdan birba\u015fa geni\u015fl\u0259ndirici buxarland\u0131r\u0131c\u0131 il\u0259 uy\u011funla\u015fd\u0131r\u0131lmaq \u00fc\u00e7\u00fcn n\u0259z\u0259rd\u0259 tutulmu\u015f xarici qura\u015fd\u0131rma \u00fc\u00e7\u00fcn uy\u011fun kondensasiya qur\u011fular\u0131. MULTISCROLL texnologiyas\u0131 (opsiya kimi \u0130NVERTER t\u0259nziml\u0259m\u0259si il\u0259) bir ne\u00e7\u0259 pill\u0259li tutum t\u0259min edir v\u0259 n\u0259tic\u0259d\u0259 qism\u0259n y\u00fckl\u0259nm\u0259nin s\u0259m\u0259r\u0259liliyi yax\u015f\u0131la\u015f\u0131r. Bu, h\u0259m\u00e7inin y\u00fcks\u0259k d\u0259yi\u015fk\u0259n y\u00fck t\u0259tbiql\u0259ri il\u0259 istifad\u0259 edildikd\u0259 performans\u0131 yax\u015f\u0131la\u015fd\u0131r\u0131r. R410a soyuducu standartd\u0131r. Onlar h\u0259m\u00e7inin geri \u00e7evril\u0259n istilik nasosu konfiqurasiyas\u0131nda (PCE) m\u00f6vcuddur.\" \/>\n<meta property=\"og:url\" content=\"https:\/\/geoclimate.ge\/az\/product\/mce-air-cooled-condensing-units-with-scroll-multiscroll-compressors-and-axial-fans\/\" \/>\n<meta property=\"og:site_name\" content=\"GeoClimate.ge\" \/>\n<meta property=\"article:modified_time\" content=\"2025-05-24T13:49:47+00:00\" \/>\n<meta property=\"og:image\" content=\"https:\/\/geoclimate.ge\/wp-content\/uploads\/2025\/05\/MCE-qh2yu77ucppevbvl1idva0cm.png\" \/>\n\t<meta property=\"og:image:width\" content=\"511\" \/>\n\t<meta property=\"og:image:height\" content=\"539\" \/>\n\t<meta property=\"og:image:type\" content=\"image\/png\" \/>\n<meta name=\"twitter:card\" content=\"summary_large_image\" \/>\n<script type=\"application\/ld+json\" class=\"yoast-schema-graph\">{\"@context\":\"https:\/\/schema.org\",\"@graph\":[{\"@type\":\"WebPage\",\"@id\":\"https:\/\/geoclimate.ge\/az\/product\/mce-air-cooled-condensing-units-with-scroll-multiscroll-compressors-and-axial-fans\/\",\"url\":\"https:\/\/geoclimate.ge\/az\/product\/mce-air-cooled-condensing-units-with-scroll-multiscroll-compressors-and-axial-fans\/\",\"name\":\"MCE Hava il\u0259 soyudulmu\u015f kondensasiya qur\u011fular\u0131 s\u00fcr\u00fc\u015fm\u0259\/\u00e7ox f\u0131rlanan kompressorlar v\u0259 eksenel fanatlar - GeoClimate.ge\",\"isPartOf\":{\"@id\":\"https:\/\/geoclimate.ge\/#website\"},\"primaryImageOfPage\":{\"@id\":\"https:\/\/geoclimate.ge\/az\/product\/mce-air-cooled-condensing-units-with-scroll-multiscroll-compressors-and-axial-fans\/#primaryimage\"},\"image\":{\"@id\":\"https:\/\/geoclimate.ge\/az\/product\/mce-air-cooled-condensing-units-with-scroll-multiscroll-compressors-and-axial-fans\/#primaryimage\"},\"thumbnailUrl\":\"https:\/\/geoclimate.ge\/wp-content\/uploads\/2025\/05\/MCE-qh2yu77ucppevbvl1idva0cm.png\",\"datePublished\":\"2025-05-24T13:47:23+00:00\",\"dateModified\":\"2025-05-24T13:49:47+00:00\",\"breadcrumb\":{\"@id\":\"https:\/\/geoclimate.ge\/az\/product\/mce-air-cooled-condensing-units-with-scroll-multiscroll-compressors-and-axial-fans\/#breadcrumb\"},\"inLanguage\":\"az\",\"potentialAction\":[{\"@type\":\"ReadAction\",\"target\":[\"https:\/\/geoclimate.ge\/az\/product\/mce-air-cooled-condensing-units-with-scroll-multiscroll-compressors-and-axial-fans\/\"]}]},{\"@type\":\"ImageObject\",\"inLanguage\":\"az\",\"@id\":\"https:\/\/geoclimate.ge\/az\/product\/mce-air-cooled-condensing-units-with-scroll-multiscroll-compressors-and-axial-fans\/#primaryimage\",\"url\":\"https:\/\/geoclimate.ge\/wp-content\/uploads\/2025\/05\/MCE-qh2yu77ucppevbvl1idva0cm.png\",\"contentUrl\":\"https:\/\/geoclimate.ge\/wp-content\/uploads\/2025\/05\/MCE-qh2yu77ucppevbvl1idva0cm.png\",\"width\":511,\"height\":539},{\"@type\":\"BreadcrumbList\",\"@id\":\"https:\/\/geoclimate.ge\/az\/product\/mce-air-cooled-condensing-units-with-scroll-multiscroll-compressors-and-axial-fans\/#breadcrumb\",\"itemListElement\":[{\"@type\":\"ListItem\",\"position\":1,\"name\":\"Home\",\"item\":\"https:\/\/geoclimate.ge\/az\/\"},{\"@type\":\"ListItem\",\"position\":2,\"name\":\"M\u0259hsullar\",\"item\":\"https:\/\/geoclimate.ge\/az\/products\/\"},{\"@type\":\"ListItem\",\"position\":3,\"name\":\"MCE Hava il\u0259 soyudulmu\u015f kondensasiya qur\u011fular\u0131 s\u00fcr\u00fc\u015fm\u0259\/\u00e7ox f\u0131rlanan kompressorlar v\u0259 eksenel fanatlar\"}]},{\"@type\":\"WebSite\",\"@id\":\"https:\/\/geoclimate.ge\/#website\",\"url\":\"https:\/\/geoclimate.ge\/\",\"name\":\"GeoClimate\",\"description\":\"\",\"publisher\":{\"@id\":\"https:\/\/geoclimate.ge\/#organization\"},\"potentialAction\":[{\"@type\":\"SearchAction\",\"target\":{\"@type\":\"EntryPoint\",\"urlTemplate\":\"https:\/\/geoclimate.ge\/?s={search_term_string}\"},\"query-input\":{\"@type\":\"PropertyValueSpecification\",\"valueRequired\":true,\"valueName\":\"search_term_string\"}}],\"inLanguage\":\"az\"},{\"@type\":\"Organization\",\"@id\":\"https:\/\/geoclimate.ge\/#organization\",\"name\":\"GeoClimate\",\"url\":\"https:\/\/geoclimate.ge\/\",\"logo\":{\"@type\":\"ImageObject\",\"inLanguage\":\"az\",\"@id\":\"https:\/\/geoclimate.ge\/#\/schema\/logo\/image\/\",\"url\":\"https:\/\/geoclimate.ge\/wp-content\/uploads\/2026\/03\/geoclimate-SEO.png\",\"contentUrl\":\"https:\/\/geoclimate.ge\/wp-content\/uploads\/2026\/03\/geoclimate-SEO.png\",\"width\":1536,\"height\":1024,\"caption\":\"GeoClimate\"},\"image\":{\"@id\":\"https:\/\/geoclimate.ge\/#\/schema\/logo\/image\/\"}}]}<\/script>\n<!-- \/ Yoast SEO plugin. -->","yoast_head_json":{"title":"MCE Hava il\u0259 soyudulmu\u015f kondensasiya qur\u011fular\u0131 s\u00fcr\u00fc\u015fm\u0259\/\u00e7ox f\u0131rlanan kompressorlar v\u0259 eksenel fanatlar - GeoClimate.ge","robots":{"index":"index","follow":"follow","max-snippet":"max-snippet:-1","max-image-preview":"max-image-preview:large","max-video-preview":"max-video-preview:-1"},"canonical":"https:\/\/geoclimate.ge\/az\/product\/mce-air-cooled-condensing-units-with-scroll-multiscroll-compressors-and-axial-fans\/","og_locale":"az_AZ","og_type":"article","og_title":"MCE Hava il\u0259 soyudulmu\u015f kondensasiya qur\u011fular\u0131 s\u00fcr\u00fc\u015fm\u0259\/\u00e7ox f\u0131rlanan kompressorlar v\u0259 eksenel fanatlar - GeoClimate.ge","og_description":"Soyutma g\u00fcc\u00fc 6 kVt-dan 600 KV-a q\u0259d\u0259r  Uzaqdan birba\u015fa geni\u015fl\u0259ndirici buxarland\u0131r\u0131c\u0131 il\u0259 uy\u011funla\u015fd\u0131r\u0131lmaq \u00fc\u00e7\u00fcn n\u0259z\u0259rd\u0259 tutulmu\u015f xarici qura\u015fd\u0131rma \u00fc\u00e7\u00fcn uy\u011fun kondensasiya qur\u011fular\u0131. MULTISCROLL texnologiyas\u0131 (opsiya kimi \u0130NVERTER t\u0259nziml\u0259m\u0259si il\u0259) bir ne\u00e7\u0259 pill\u0259li tutum t\u0259min edir v\u0259 n\u0259tic\u0259d\u0259 qism\u0259n y\u00fckl\u0259nm\u0259nin s\u0259m\u0259r\u0259liliyi yax\u015f\u0131la\u015f\u0131r. Bu, h\u0259m\u00e7inin y\u00fcks\u0259k d\u0259yi\u015fk\u0259n y\u00fck t\u0259tbiql\u0259ri il\u0259 istifad\u0259 edildikd\u0259 performans\u0131 yax\u015f\u0131la\u015fd\u0131r\u0131r. R410a soyuducu standartd\u0131r. Onlar h\u0259m\u00e7inin geri \u00e7evril\u0259n istilik nasosu konfiqurasiyas\u0131nda (PCE) m\u00f6vcuddur.","og_url":"https:\/\/geoclimate.ge\/az\/product\/mce-air-cooled-condensing-units-with-scroll-multiscroll-compressors-and-axial-fans\/","og_site_name":"GeoClimate.ge","article_modified_time":"2025-05-24T13:49:47+00:00","og_image":[{"width":511,"height":539,"url":"https:\/\/geoclimate.ge\/wp-content\/uploads\/2025\/05\/MCE-qh2yu77ucppevbvl1idva0cm.png","type":"image\/png"}],"twitter_card":"summary_large_image","schema":{"@context":"https:\/\/schema.org","@graph":[{"@type":"WebPage","@id":"https:\/\/geoclimate.ge\/az\/product\/mce-air-cooled-condensing-units-with-scroll-multiscroll-compressors-and-axial-fans\/","url":"https:\/\/geoclimate.ge\/az\/product\/mce-air-cooled-condensing-units-with-scroll-multiscroll-compressors-and-axial-fans\/","name":"MCE Hava il\u0259 soyudulmu\u015f kondensasiya qur\u011fular\u0131 s\u00fcr\u00fc\u015fm\u0259\/\u00e7ox f\u0131rlanan kompressorlar v\u0259 eksenel fanatlar - GeoClimate.ge","isPartOf":{"@id":"https:\/\/geoclimate.ge\/#website"},"primaryImageOfPage":{"@id":"https:\/\/geoclimate.ge\/az\/product\/mce-air-cooled-condensing-units-with-scroll-multiscroll-compressors-and-axial-fans\/#primaryimage"},"image":{"@id":"https:\/\/geoclimate.ge\/az\/product\/mce-air-cooled-condensing-units-with-scroll-multiscroll-compressors-and-axial-fans\/#primaryimage"},"thumbnailUrl":"https:\/\/geoclimate.ge\/wp-content\/uploads\/2025\/05\/MCE-qh2yu77ucppevbvl1idva0cm.png","datePublished":"2025-05-24T13:47:23+00:00","dateModified":"2025-05-24T13:49:47+00:00","breadcrumb":{"@id":"https:\/\/geoclimate.ge\/az\/product\/mce-air-cooled-condensing-units-with-scroll-multiscroll-compressors-and-axial-fans\/#breadcrumb"},"inLanguage":"az","potentialAction":[{"@type":"ReadAction","target":["https:\/\/geoclimate.ge\/az\/product\/mce-air-cooled-condensing-units-with-scroll-multiscroll-compressors-and-axial-fans\/"]}]},{"@type":"ImageObject","inLanguage":"az","@id":"https:\/\/geoclimate.ge\/az\/product\/mce-air-cooled-condensing-units-with-scroll-multiscroll-compressors-and-axial-fans\/#primaryimage","url":"https:\/\/geoclimate.ge\/wp-content\/uploads\/2025\/05\/MCE-qh2yu77ucppevbvl1idva0cm.png","contentUrl":"https:\/\/geoclimate.ge\/wp-content\/uploads\/2025\/05\/MCE-qh2yu77ucppevbvl1idva0cm.png","width":511,"height":539},{"@type":"BreadcrumbList","@id":"https:\/\/geoclimate.ge\/az\/product\/mce-air-cooled-condensing-units-with-scroll-multiscroll-compressors-and-axial-fans\/#breadcrumb","itemListElement":[{"@type":"ListItem","position":1,"name":"Home","item":"https:\/\/geoclimate.ge\/az\/"},{"@type":"ListItem","position":2,"name":"M\u0259hsullar","item":"https:\/\/geoclimate.ge\/az\/products\/"},{"@type":"ListItem","position":3,"name":"MCE Hava il\u0259 soyudulmu\u015f kondensasiya qur\u011fular\u0131 s\u00fcr\u00fc\u015fm\u0259\/\u00e7ox f\u0131rlanan kompressorlar v\u0259 eksenel fanatlar"}]},{"@type":"WebSite","@id":"https:\/\/geoclimate.ge\/#website","url":"https:\/\/geoclimate.ge\/","name":"GeoClimate","description":"","publisher":{"@id":"https:\/\/geoclimate.ge\/#organization"},"potentialAction":[{"@type":"SearchAction","target":{"@type":"EntryPoint","urlTemplate":"https:\/\/geoclimate.ge\/?s={search_term_string}"},"query-input":{"@type":"PropertyValueSpecification","valueRequired":true,"valueName":"search_term_string"}}],"inLanguage":"az"},{"@type":"Organization","@id":"https:\/\/geoclimate.ge\/#organization","name":"GeoClimate","url":"https:\/\/geoclimate.ge\/","logo":{"@type":"ImageObject","inLanguage":"az","@id":"https:\/\/geoclimate.ge\/#\/schema\/logo\/image\/","url":"https:\/\/geoclimate.ge\/wp-content\/uploads\/2026\/03\/geoclimate-SEO.png","contentUrl":"https:\/\/geoclimate.ge\/wp-content\/uploads\/2026\/03\/geoclimate-SEO.png","width":1536,"height":1024,"caption":"GeoClimate"},"image":{"@id":"https:\/\/geoclimate.ge\/#\/schema\/logo\/image\/"}}]}},"_links":{"self":[{"href":"https:\/\/geoclimate.ge\/az\/wp-json\/wp\/v2\/product\/32929","targetHints":{"allow":["GET"]}}],"collection":[{"href":"https:\/\/geoclimate.ge\/az\/wp-json\/wp\/v2\/product"}],"about":[{"href":"https:\/\/geoclimate.ge\/az\/wp-json\/wp\/v2\/types\/product"}],"wp:featuredmedia":[{"embeddable":true,"href":"https:\/\/geoclimate.ge\/az\/wp-json\/wp\/v2\/media\/32924"}],"wp:attachment":[{"href":"https:\/\/geoclimate.ge\/az\/wp-json\/wp\/v2\/media?parent=32929"}],"wp:term":[{"taxonomy":"product_brand","embeddable":true,"href":"https:\/\/geoclimate.ge\/az\/wp-json\/wp\/v2\/product_brand?post=32929"},{"taxonomy":"product_cat","embeddable":true,"href":"https:\/\/geoclimate.ge\/az\/wp-json\/wp\/v2\/product_cat?post=32929"},{"taxonomy":"product_tag","embeddable":true,"href":"https:\/\/geoclimate.ge\/az\/wp-json\/wp\/v2\/product_tag?post=32929"}],"curies":[{"name":"wp","href":"https:\/\/api.w.org\/{rel}","templated":true}]}}