{"id":33118,"date":"2025-05-25T15:11:41","date_gmt":"2025-05-25T11:11:41","guid":{"rendered":"https:\/\/airsystems.ge\/shop\/product\/cubic-evaporators-for-static-icq-tunnels\/"},"modified":"2025-05-25T15:16:18","modified_gmt":"2025-05-25T11:16:18","slug":"cubic-evaporators-for-static-icq-tunnels","status":"publish","type":"product","link":"https:\/\/geoclimate.ge\/az\/product\/cubic-evaporators-for-static-icq-tunnels\/","title":{"rendered":"Statik v\u0259 ICQ tunell\u0259ri \u00fc\u00e7\u00fcn kubik buxarland\u0131r\u0131c\u0131lar"},"content":{"rendered":"<div class=\"elementor-element elementor-element-6799186e elementor-widget elementor-widget-heading\" data-id=\"6799186e\" data-element_type=\"widget\" data-widget_type=\"heading.default\">\n<div class=\"elementor-widget-container\">\n<p><strong>X\u00fcsusiyy\u0259tl\u0259r<\/strong><\/p>\n<p>Boru h\u0259nd\u0259s\u0259si. 7\/8\u2033 65,43 x 56,66 pill\u0259li 7\/8\u2033 boru<br \/>\nBoru material\u0131. Paslanmayan polad AISI 304 (v\u0259 ya AISI 316 t\u0259l\u0259b \u00fczr\u0259)<br \/>\nBobind\u0259n ke\u00e7\u0259n havan\u0131 turbulentl\u0259\u015fdirm\u0259k v\u0259 istilik \u00f6t\u00fcr\u00fclm\u0259sini art\u0131rmaq \u00fc\u00e7\u00fcn b\u00fczm\u0259li al\u00fcminium qanadlar (0,25 mm qal\u0131nl\u0131\u011f\u0131nda)<br \/>\nPaslanmayan polad vintl\u0259r<br \/>\nA\u011f termo-lakl\u0131 al\u00fcminium korpus<br \/>\n\u00c7\u0131xar\u0131lan yan \u00f6rt\u00fckl\u0259r. So\u011futucu birl\u0259\u015fm\u0259l\u0259r\u0259 asan giri\u015f<br \/>\nKondensasiyan\u0131n qar\u015f\u0131s\u0131n\u0131 almaq \u00fc\u00e7\u00fcn standart olaraq poliuretanla izolyasiya edilmi\u015fdir. Tamamil\u0259 GRP-d\u0259n (fiberglasla g\u00fccl\u0259ndirilmi\u015f polyester) haz\u0131rlanm\u0131\u015f qab, y\u00fcng\u00fcl v\u0259 davaml\u0131 material, s\u0259rt, korroziyaya davaml\u0131 v\u0259 yax\u015f\u0131 istilik, akustik v\u0259 elektrik izolyatorudur.<br \/>\nIP55 m\u00fch\u0259rrikli ErP Ready eksenel fanatlar<br \/>\nAvadanl\u0131q t\u0259zyiqli v\u0259 Schrader + klapanlar\u0131 il\u0259 \u00e7atd\u0131r\u0131l\u0131r<\/p>\n<p><strong>Aksesuarlar<\/strong><\/p>\n<p>\u00c7ekm\u0259 klapan qura\u015fd\u0131r\u0131lm\u0131\u015f qabda isti qaz\u0131n \u0259rim\u0259si (iste\u011fe ba\u011fl\u0131)<br \/>\nSuyun \u0259rim\u0259si<br \/>\nBobin v\u0259\/v\u0259 ya nim\u00e7\u0259d\u0259 elektrik \u0259rim\u0259si<br \/>\nQar\u0131\u015f\u0131q defrost<br \/>\nFanlar \u00fcz\u0259rind\u0259 q\u0131zd\u0131r\u0131c\u0131 \u00fcz\u00fckl\u0259r<br \/>\n200 Pa-dan \u00e7ox ESP \u00fc\u00e7\u00fcn i\u015fl\u0259y\u0259n m\u00fch\u0259rrikl\u0259ri olan fanatlar<br \/>\nX\u00fcsusi m\u00fch\u0259rrikl\u0259r<br \/>\nQar\u0131\u015f\u0131q qanadl\u0131 add\u0131mlar<br \/>\nEpoksi il\u0259 qorunan t\u0259b\u0259q\u0259l\u0259r<br \/>\n100% geri \u00e7evril\u0259 bil\u0259n fanatlar<br \/>\nPaslanmayan polad korpus<br \/>\nT\u0259nziml\u0259n\u0259n dayaq ayaqlar\u0131 (avadanl\u0131\u011f\u0131n d\u00f6\u015f\u0259m\u0259y\u0259 qura\u015fd\u0131r\u0131lmas\u0131 \u00fc\u00e7\u00fcn)<\/p>\n<\/div>\n<\/div>\n","protected":false},"excerpt":{"rendered":"<div class=\"elementor-element elementor-element-6799186e elementor-widget elementor-widget-heading\" data-id=\"6799186e\" data-element_type=\"widget\" data-widget_type=\"heading.default\">\n<div class=\"elementor-widget-container\">\n<div class=\"elementor-heading-title elementor-size-default\">ETC<br \/>\nECT kubik buxarland\u0131r\u0131c\u0131lar y\u00fcks\u0259k performansl\u0131 ventilyatorlar\u0131 olan y\u00fcks\u0259k s\u0259m\u0259r\u0259lilikli qur\u011fulard\u0131r. Y\u00fcks\u0259k \u00e7evik, m\u00f6hk\u0259m v\u0259 korroziyaya davaml\u0131d\u0131r, onlar geni\u015f s\u0259naye t\u0259tbiql\u0259ri \u00fc\u00e7\u00fcn ideald\u0131r. Onlar h\u0259m statik, h\u0259m d\u0259 ICQ tunell\u0259ri \u00fc\u00e7\u00fcn x\u00fcsusil\u0259 uy\u011fundur.<\/div>\n<\/div>\n<\/div>\n","protected":false},"featured_media":33113,"template":"","meta":[],"product_brand":[],"product_cat":[1643,875],"product_tag":[],"class_list":{"0":"post-33118","1":"product","2":"type-product","3":"status-publish","4":"has-post-thumbnail","6":"product_cat-buxarlandirici","7":"product_cat-snaye-az-kondisionerlr","9":"first","10":"instock","11":"shipping-taxable","12":"product-type-simple"},"yoast_head":"<!-- This site is optimized with the Yoast SEO plugin v27.1.1 - https:\/\/yoast.com\/product\/yoast-seo-wordpress\/ -->\n<title>Statik v\u0259 ICQ tunell\u0259ri \u00fc\u00e7\u00fcn kubik buxarland\u0131r\u0131c\u0131lar - GeoClimate.ge<\/title>\n<meta name=\"robots\" content=\"index, follow, max-snippet:-1, max-image-preview:large, max-video-preview:-1\" \/>\n<link rel=\"canonical\" href=\"https:\/\/geoclimate.ge\/az\/product\/cubic-evaporators-for-static-icq-tunnels\/\" \/>\n<meta property=\"og:locale\" content=\"az_AZ\" \/>\n<meta property=\"og:type\" content=\"article\" \/>\n<meta property=\"og:title\" content=\"Statik v\u0259 ICQ tunell\u0259ri \u00fc\u00e7\u00fcn kubik buxarland\u0131r\u0131c\u0131lar - GeoClimate.ge\" \/>\n<meta property=\"og:description\" content=\"ETC ECT kubik buxarland\u0131r\u0131c\u0131lar y\u00fcks\u0259k performansl\u0131 ventilyatorlar\u0131 olan y\u00fcks\u0259k s\u0259m\u0259r\u0259lilikli qur\u011fulard\u0131r. Y\u00fcks\u0259k \u00e7evik, m\u00f6hk\u0259m v\u0259 korroziyaya davaml\u0131d\u0131r, onlar geni\u015f s\u0259naye t\u0259tbiql\u0259ri \u00fc\u00e7\u00fcn ideald\u0131r. Onlar h\u0259m statik, h\u0259m d\u0259 ICQ tunell\u0259ri \u00fc\u00e7\u00fcn x\u00fcsusil\u0259 uy\u011fundur.\" \/>\n<meta property=\"og:url\" content=\"https:\/\/geoclimate.ge\/az\/product\/cubic-evaporators-for-static-icq-tunnels\/\" \/>\n<meta property=\"og:site_name\" content=\"GeoClimate.ge\" \/>\n<meta property=\"article:modified_time\" content=\"2025-05-25T11:16:18+00:00\" \/>\n<meta property=\"og:image\" content=\"https:\/\/geoclimate.ge\/wp-content\/uploads\/2025\/05\/Cubic-Evaporators-For-Static-_-ICQ-Tunnels-qdd9g0secfcl5l5m0atd5pznt6vx9qswap36tnnygk.png\" \/>\n\t<meta property=\"og:image:width\" content=\"700\" \/>\n\t<meta property=\"og:image:height\" content=\"466\" \/>\n\t<meta property=\"og:image:type\" content=\"image\/png\" \/>\n<meta name=\"twitter:card\" content=\"summary_large_image\" \/>\n<meta name=\"twitter:label1\" content=\"Est. reading time\" \/>\n\t<meta name=\"twitter:data1\" content=\"1 minute\" \/>\n<script type=\"application\/ld+json\" class=\"yoast-schema-graph\">{\"@context\":\"https:\/\/schema.org\",\"@graph\":[{\"@type\":\"WebPage\",\"@id\":\"https:\/\/geoclimate.ge\/az\/product\/cubic-evaporators-for-static-icq-tunnels\/\",\"url\":\"https:\/\/geoclimate.ge\/az\/product\/cubic-evaporators-for-static-icq-tunnels\/\",\"name\":\"Statik v\u0259 ICQ tunell\u0259ri \u00fc\u00e7\u00fcn kubik buxarland\u0131r\u0131c\u0131lar - GeoClimate.ge\",\"isPartOf\":{\"@id\":\"https:\/\/geoclimate.ge\/#website\"},\"primaryImageOfPage\":{\"@id\":\"https:\/\/geoclimate.ge\/az\/product\/cubic-evaporators-for-static-icq-tunnels\/#primaryimage\"},\"image\":{\"@id\":\"https:\/\/geoclimate.ge\/az\/product\/cubic-evaporators-for-static-icq-tunnels\/#primaryimage\"},\"thumbnailUrl\":\"https:\/\/geoclimate.ge\/wp-content\/uploads\/2025\/05\/Cubic-Evaporators-For-Static-_-ICQ-Tunnels-qdd9g0secfcl5l5m0atd5pznt6vx9qswap36tnnygk.png\",\"datePublished\":\"2025-05-25T11:11:41+00:00\",\"dateModified\":\"2025-05-25T11:16:18+00:00\",\"breadcrumb\":{\"@id\":\"https:\/\/geoclimate.ge\/az\/product\/cubic-evaporators-for-static-icq-tunnels\/#breadcrumb\"},\"inLanguage\":\"az\",\"potentialAction\":[{\"@type\":\"ReadAction\",\"target\":[\"https:\/\/geoclimate.ge\/az\/product\/cubic-evaporators-for-static-icq-tunnels\/\"]}]},{\"@type\":\"ImageObject\",\"inLanguage\":\"az\",\"@id\":\"https:\/\/geoclimate.ge\/az\/product\/cubic-evaporators-for-static-icq-tunnels\/#primaryimage\",\"url\":\"https:\/\/geoclimate.ge\/wp-content\/uploads\/2025\/05\/Cubic-Evaporators-For-Static-_-ICQ-Tunnels-qdd9g0secfcl5l5m0atd5pznt6vx9qswap36tnnygk.png\",\"contentUrl\":\"https:\/\/geoclimate.ge\/wp-content\/uploads\/2025\/05\/Cubic-Evaporators-For-Static-_-ICQ-Tunnels-qdd9g0secfcl5l5m0atd5pznt6vx9qswap36tnnygk.png\",\"width\":700,\"height\":466},{\"@type\":\"BreadcrumbList\",\"@id\":\"https:\/\/geoclimate.ge\/az\/product\/cubic-evaporators-for-static-icq-tunnels\/#breadcrumb\",\"itemListElement\":[{\"@type\":\"ListItem\",\"position\":1,\"name\":\"Home\",\"item\":\"https:\/\/geoclimate.ge\/az\/\"},{\"@type\":\"ListItem\",\"position\":2,\"name\":\"M\u0259hsullar\",\"item\":\"https:\/\/geoclimate.ge\/az\/products\/\"},{\"@type\":\"ListItem\",\"position\":3,\"name\":\"Statik v\u0259 ICQ tunell\u0259ri \u00fc\u00e7\u00fcn kubik buxarland\u0131r\u0131c\u0131lar\"}]},{\"@type\":\"WebSite\",\"@id\":\"https:\/\/geoclimate.ge\/#website\",\"url\":\"https:\/\/geoclimate.ge\/\",\"name\":\"GeoClimate\",\"description\":\"\",\"publisher\":{\"@id\":\"https:\/\/geoclimate.ge\/#organization\"},\"potentialAction\":[{\"@type\":\"SearchAction\",\"target\":{\"@type\":\"EntryPoint\",\"urlTemplate\":\"https:\/\/geoclimate.ge\/?s={search_term_string}\"},\"query-input\":{\"@type\":\"PropertyValueSpecification\",\"valueRequired\":true,\"valueName\":\"search_term_string\"}}],\"inLanguage\":\"az\"},{\"@type\":\"Organization\",\"@id\":\"https:\/\/geoclimate.ge\/#organization\",\"name\":\"GeoClimate\",\"url\":\"https:\/\/geoclimate.ge\/\",\"logo\":{\"@type\":\"ImageObject\",\"inLanguage\":\"az\",\"@id\":\"https:\/\/geoclimate.ge\/#\/schema\/logo\/image\/\",\"url\":\"https:\/\/geoclimate.ge\/wp-content\/uploads\/2026\/03\/geoclimate-SEO.png\",\"contentUrl\":\"https:\/\/geoclimate.ge\/wp-content\/uploads\/2026\/03\/geoclimate-SEO.png\",\"width\":1536,\"height\":1024,\"caption\":\"GeoClimate\"},\"image\":{\"@id\":\"https:\/\/geoclimate.ge\/#\/schema\/logo\/image\/\"}}]}<\/script>\n<!-- \/ Yoast SEO plugin. -->","yoast_head_json":{"title":"Statik v\u0259 ICQ tunell\u0259ri \u00fc\u00e7\u00fcn kubik buxarland\u0131r\u0131c\u0131lar - GeoClimate.ge","robots":{"index":"index","follow":"follow","max-snippet":"max-snippet:-1","max-image-preview":"max-image-preview:large","max-video-preview":"max-video-preview:-1"},"canonical":"https:\/\/geoclimate.ge\/az\/product\/cubic-evaporators-for-static-icq-tunnels\/","og_locale":"az_AZ","og_type":"article","og_title":"Statik v\u0259 ICQ tunell\u0259ri \u00fc\u00e7\u00fcn kubik buxarland\u0131r\u0131c\u0131lar - GeoClimate.ge","og_description":"ETC ECT kubik buxarland\u0131r\u0131c\u0131lar y\u00fcks\u0259k performansl\u0131 ventilyatorlar\u0131 olan y\u00fcks\u0259k s\u0259m\u0259r\u0259lilikli qur\u011fulard\u0131r. Y\u00fcks\u0259k \u00e7evik, m\u00f6hk\u0259m v\u0259 korroziyaya davaml\u0131d\u0131r, onlar geni\u015f s\u0259naye t\u0259tbiql\u0259ri \u00fc\u00e7\u00fcn ideald\u0131r. Onlar h\u0259m statik, h\u0259m d\u0259 ICQ tunell\u0259ri \u00fc\u00e7\u00fcn x\u00fcsusil\u0259 uy\u011fundur.","og_url":"https:\/\/geoclimate.ge\/az\/product\/cubic-evaporators-for-static-icq-tunnels\/","og_site_name":"GeoClimate.ge","article_modified_time":"2025-05-25T11:16:18+00:00","og_image":[{"width":700,"height":466,"url":"https:\/\/geoclimate.ge\/wp-content\/uploads\/2025\/05\/Cubic-Evaporators-For-Static-_-ICQ-Tunnels-qdd9g0secfcl5l5m0atd5pznt6vx9qswap36tnnygk.png","type":"image\/png"}],"twitter_card":"summary_large_image","twitter_misc":{"Est. reading time":"1 minute"},"schema":{"@context":"https:\/\/schema.org","@graph":[{"@type":"WebPage","@id":"https:\/\/geoclimate.ge\/az\/product\/cubic-evaporators-for-static-icq-tunnels\/","url":"https:\/\/geoclimate.ge\/az\/product\/cubic-evaporators-for-static-icq-tunnels\/","name":"Statik v\u0259 ICQ tunell\u0259ri \u00fc\u00e7\u00fcn kubik buxarland\u0131r\u0131c\u0131lar - GeoClimate.ge","isPartOf":{"@id":"https:\/\/geoclimate.ge\/#website"},"primaryImageOfPage":{"@id":"https:\/\/geoclimate.ge\/az\/product\/cubic-evaporators-for-static-icq-tunnels\/#primaryimage"},"image":{"@id":"https:\/\/geoclimate.ge\/az\/product\/cubic-evaporators-for-static-icq-tunnels\/#primaryimage"},"thumbnailUrl":"https:\/\/geoclimate.ge\/wp-content\/uploads\/2025\/05\/Cubic-Evaporators-For-Static-_-ICQ-Tunnels-qdd9g0secfcl5l5m0atd5pznt6vx9qswap36tnnygk.png","datePublished":"2025-05-25T11:11:41+00:00","dateModified":"2025-05-25T11:16:18+00:00","breadcrumb":{"@id":"https:\/\/geoclimate.ge\/az\/product\/cubic-evaporators-for-static-icq-tunnels\/#breadcrumb"},"inLanguage":"az","potentialAction":[{"@type":"ReadAction","target":["https:\/\/geoclimate.ge\/az\/product\/cubic-evaporators-for-static-icq-tunnels\/"]}]},{"@type":"ImageObject","inLanguage":"az","@id":"https:\/\/geoclimate.ge\/az\/product\/cubic-evaporators-for-static-icq-tunnels\/#primaryimage","url":"https:\/\/geoclimate.ge\/wp-content\/uploads\/2025\/05\/Cubic-Evaporators-For-Static-_-ICQ-Tunnels-qdd9g0secfcl5l5m0atd5pznt6vx9qswap36tnnygk.png","contentUrl":"https:\/\/geoclimate.ge\/wp-content\/uploads\/2025\/05\/Cubic-Evaporators-For-Static-_-ICQ-Tunnels-qdd9g0secfcl5l5m0atd5pznt6vx9qswap36tnnygk.png","width":700,"height":466},{"@type":"BreadcrumbList","@id":"https:\/\/geoclimate.ge\/az\/product\/cubic-evaporators-for-static-icq-tunnels\/#breadcrumb","itemListElement":[{"@type":"ListItem","position":1,"name":"Home","item":"https:\/\/geoclimate.ge\/az\/"},{"@type":"ListItem","position":2,"name":"M\u0259hsullar","item":"https:\/\/geoclimate.ge\/az\/products\/"},{"@type":"ListItem","position":3,"name":"Statik v\u0259 ICQ tunell\u0259ri \u00fc\u00e7\u00fcn kubik buxarland\u0131r\u0131c\u0131lar"}]},{"@type":"WebSite","@id":"https:\/\/geoclimate.ge\/#website","url":"https:\/\/geoclimate.ge\/","name":"GeoClimate","description":"","publisher":{"@id":"https:\/\/geoclimate.ge\/#organization"},"potentialAction":[{"@type":"SearchAction","target":{"@type":"EntryPoint","urlTemplate":"https:\/\/geoclimate.ge\/?s={search_term_string}"},"query-input":{"@type":"PropertyValueSpecification","valueRequired":true,"valueName":"search_term_string"}}],"inLanguage":"az"},{"@type":"Organization","@id":"https:\/\/geoclimate.ge\/#organization","name":"GeoClimate","url":"https:\/\/geoclimate.ge\/","logo":{"@type":"ImageObject","inLanguage":"az","@id":"https:\/\/geoclimate.ge\/#\/schema\/logo\/image\/","url":"https:\/\/geoclimate.ge\/wp-content\/uploads\/2026\/03\/geoclimate-SEO.png","contentUrl":"https:\/\/geoclimate.ge\/wp-content\/uploads\/2026\/03\/geoclimate-SEO.png","width":1536,"height":1024,"caption":"GeoClimate"},"image":{"@id":"https:\/\/geoclimate.ge\/#\/schema\/logo\/image\/"}}]}},"_links":{"self":[{"href":"https:\/\/geoclimate.ge\/az\/wp-json\/wp\/v2\/product\/33118","targetHints":{"allow":["GET"]}}],"collection":[{"href":"https:\/\/geoclimate.ge\/az\/wp-json\/wp\/v2\/product"}],"about":[{"href":"https:\/\/geoclimate.ge\/az\/wp-json\/wp\/v2\/types\/product"}],"wp:featuredmedia":[{"embeddable":true,"href":"https:\/\/geoclimate.ge\/az\/wp-json\/wp\/v2\/media\/33113"}],"wp:attachment":[{"href":"https:\/\/geoclimate.ge\/az\/wp-json\/wp\/v2\/media?parent=33118"}],"wp:term":[{"taxonomy":"product_brand","embeddable":true,"href":"https:\/\/geoclimate.ge\/az\/wp-json\/wp\/v2\/product_brand?post=33118"},{"taxonomy":"product_cat","embeddable":true,"href":"https:\/\/geoclimate.ge\/az\/wp-json\/wp\/v2\/product_cat?post=33118"},{"taxonomy":"product_tag","embeddable":true,"href":"https:\/\/geoclimate.ge\/az\/wp-json\/wp\/v2\/product_tag?post=33118"}],"curies":[{"name":"wp","href":"https:\/\/api.w.org\/{rel}","templated":true}]}}