{"id":33260,"date":"2025-05-25T15:51:26","date_gmt":"2025-05-25T11:51:26","guid":{"rendered":"https:\/\/airsystems.ge\/shop\/product\/industrial-dual-discharge\/"},"modified":"2025-05-25T15:54:04","modified_gmt":"2025-05-25T11:54:04","slug":"industrial-dual-discharge","status":"publish","type":"product","link":"https:\/\/geoclimate.ge\/az\/product\/industrial-dual-discharge\/","title":{"rendered":"S\u0259naye \u0130kili Bo\u015faltma"},"content":{"rendered":"<p><a class=\"elementor-button elementor-button-link elementor-size-sm\" href=\"https:\/\/www.enextechnologies.com\/wp-content\/uploads\/2024\/08\/EXA-EXR-EXC.pdf\" target=\"_blank\" rel=\"noopener\"><span class=\"elementor-button-content-wrapper\"><span class=\"elementor-button-text\">DOWNLOAD<\/span><\/span><\/a><\/p>\n","protected":false},"excerpt":{"rendered":"<div class=\"elementor-element elementor-element-f80f489 elementor-widget elementor-widget-heading\" data-id=\"f80f489\" data-element_type=\"widget\" data-widget_type=\"heading.default\">\n<div class=\"elementor-widget-container\">\n<div class=\"elementor-heading-title elementor-size-default\">\n<p>EXA &#8211; EXR &#8211; EXC &#8211; S\u0259naye ikili atq\u0131l\u0131 buxarland\u0131r\u0131c\u0131<br \/>\nEXA &#8211; EXR &#8211; EXC<br \/>\nKobol buxarland\u0131r\u0131c\u0131lar\u0131 0,7 kVt-dan 168,5 kVt-a q\u0259d\u0259r soyutma qabiliyy\u0259tin\u0259 z\u0259man\u0259t ver\u0259n h\u0259m ki\u00e7ik, h\u0259m d\u0259 s\u0259naye \u00f6l\u00e7\u00fcl\u00fc qur\u011fulara xidm\u0259t etm\u0259k \u00fc\u00e7\u00fcn haz\u0131rlanm\u0131\u015fd\u0131r. M\u00fc\u015ft\u0259ril\u0259r\u0259 h\u0259r bir soyutma seqmenti v\u0259 t\u0259tbiqi \u00fc\u00e7\u00fcn \u0259n yax\u015f\u0131 se\u00e7imi se\u00e7m\u0259kd\u0259 k\u00f6m\u0259k etm\u0259k \u00fc\u00e7\u00fcn 200-d\u0259n \u00e7ox model t\u0259klif edirik. B\u00fct\u00fcn buxarland\u0131r\u0131c\u0131lar\u0131m\u0131z ist\u0259nil\u0259n \u015f\u0259raitd\u0259 uzun i\u015fl\u0259m\u0259 m\u00fcdd\u0259tini v\u0259 y\u00fcks\u0259k performans\u0131 t\u0259min ed\u0259n y\u00fcks\u0259k keyfiyy\u0259tli komponentl\u0259rd\u0259n istifad\u0259 edir. B\u00f6lm\u0259l\u0259r korroziyaya qar\u015f\u0131 qorunur v\u0259 m\u00fcxt\u0259lif biti\u015fl\u0259rd\u0259 m\u00f6vcuddur. v\u0259 qlikollu su il\u0259 duzlu su soyuducular\u0131 v\u0259 CO\u2082 buxarland\u0131r\u0131c\u0131lar\u0131 \u00fc\u00e7\u00fcn i\u015fl\u0259m\u0259k \u00fc\u00e7\u00fcn dizayn edil\u0259 bil\u0259r.<\/p>\n<p>Bu m\u0259hsul \u00e7e\u015fidi y\u00fcks\u0259k, orta v\u0259 a\u015fa\u011f\u0131 temperatur t\u0259tbiql\u0259ri \u00fc\u00e7\u00fcn 36 modeld\u0259n ibar\u0259t s\u0259naye t\u0259tbiql\u0259ri \u00fc\u00e7\u00fcn n\u0259z\u0259rd\u0259 tutulmu\u015fdur.<\/p>\n<\/div>\n<\/div>\n<\/div>\n","protected":false},"featured_media":33243,"template":"","meta":[],"product_brand":[],"product_cat":[1643,875],"product_tag":[],"class_list":{"0":"post-33260","1":"product","2":"type-product","3":"status-publish","4":"has-post-thumbnail","6":"product_cat-buxarlandirici","7":"product_cat-snaye-az-kondisionerlr","9":"first","10":"instock","11":"shipping-taxable","12":"product-type-simple"},"yoast_head":"<!-- This site is optimized with the Yoast SEO plugin v27.1.1 - https:\/\/yoast.com\/product\/yoast-seo-wordpress\/ -->\n<title>S\u0259naye \u0130kili Bo\u015faltma - GeoClimate.ge<\/title>\n<meta name=\"robots\" content=\"index, follow, max-snippet:-1, max-image-preview:large, max-video-preview:-1\" \/>\n<link rel=\"canonical\" href=\"https:\/\/geoclimate.ge\/az\/product\/industrial-dual-discharge\/\" \/>\n<meta property=\"og:locale\" content=\"az_AZ\" \/>\n<meta property=\"og:type\" content=\"article\" \/>\n<meta property=\"og:title\" content=\"S\u0259naye \u0130kili Bo\u015faltma - GeoClimate.ge\" \/>\n<meta property=\"og:description\" content=\"EXA - EXR - EXC - S\u0259naye ikili atq\u0131l\u0131 buxarland\u0131r\u0131c\u0131 EXA - EXR - EXC Kobol buxarland\u0131r\u0131c\u0131lar\u0131 0,7 kVt-dan 168,5 kVt-a q\u0259d\u0259r soyutma qabiliyy\u0259tin\u0259 z\u0259man\u0259t ver\u0259n h\u0259m ki\u00e7ik, h\u0259m d\u0259 s\u0259naye \u00f6l\u00e7\u00fcl\u00fc qur\u011fulara xidm\u0259t etm\u0259k \u00fc\u00e7\u00fcn haz\u0131rlanm\u0131\u015fd\u0131r. M\u00fc\u015ft\u0259ril\u0259r\u0259 h\u0259r bir soyutma seqmenti v\u0259 t\u0259tbiqi \u00fc\u00e7\u00fcn \u0259n yax\u015f\u0131 se\u00e7imi se\u00e7m\u0259kd\u0259 k\u00f6m\u0259k etm\u0259k \u00fc\u00e7\u00fcn 200-d\u0259n \u00e7ox model t\u0259klif edirik. B\u00fct\u00fcn buxarland\u0131r\u0131c\u0131lar\u0131m\u0131z ist\u0259nil\u0259n \u015f\u0259raitd\u0259 uzun i\u015fl\u0259m\u0259 m\u00fcdd\u0259tini v\u0259 y\u00fcks\u0259k performans\u0131 t\u0259min ed\u0259n y\u00fcks\u0259k keyfiyy\u0259tli komponentl\u0259rd\u0259n istifad\u0259 edir. B\u00f6lm\u0259l\u0259r korroziyaya qar\u015f\u0131 qorunur v\u0259 m\u00fcxt\u0259lif biti\u015fl\u0259rd\u0259 m\u00f6vcuddur. v\u0259 qlikollu su il\u0259 duzlu su soyuducular\u0131 v\u0259 CO\u2082 buxarland\u0131r\u0131c\u0131lar\u0131 \u00fc\u00e7\u00fcn i\u015fl\u0259m\u0259k \u00fc\u00e7\u00fcn dizayn edil\u0259 bil\u0259r.  Bu m\u0259hsul \u00e7e\u015fidi y\u00fcks\u0259k, orta v\u0259 a\u015fa\u011f\u0131 temperatur t\u0259tbiql\u0259ri \u00fc\u00e7\u00fcn 36 modeld\u0259n ibar\u0259t s\u0259naye t\u0259tbiql\u0259ri \u00fc\u00e7\u00fcn n\u0259z\u0259rd\u0259 tutulmu\u015fdur.\" \/>\n<meta property=\"og:url\" content=\"https:\/\/geoclimate.ge\/az\/product\/industrial-dual-discharge\/\" \/>\n<meta property=\"og:site_name\" content=\"GeoClimate.ge\" \/>\n<meta property=\"article:modified_time\" content=\"2025-05-25T11:54:04+00:00\" \/>\n<meta property=\"og:image\" content=\"https:\/\/geoclimate.ge\/wp-content\/uploads\/2025\/05\/dobe_flujo_industrial_main.png\" \/>\n\t<meta property=\"og:image:width\" content=\"1280\" \/>\n\t<meta property=\"og:image:height\" content=\"511\" \/>\n\t<meta property=\"og:image:type\" content=\"image\/png\" \/>\n<meta name=\"twitter:card\" content=\"summary_large_image\" \/>\n<script type=\"application\/ld+json\" class=\"yoast-schema-graph\">{\"@context\":\"https:\/\/schema.org\",\"@graph\":[{\"@type\":\"WebPage\",\"@id\":\"https:\/\/geoclimate.ge\/az\/product\/industrial-dual-discharge\/\",\"url\":\"https:\/\/geoclimate.ge\/az\/product\/industrial-dual-discharge\/\",\"name\":\"S\u0259naye \u0130kili Bo\u015faltma - GeoClimate.ge\",\"isPartOf\":{\"@id\":\"https:\/\/geoclimate.ge\/#website\"},\"primaryImageOfPage\":{\"@id\":\"https:\/\/geoclimate.ge\/az\/product\/industrial-dual-discharge\/#primaryimage\"},\"image\":{\"@id\":\"https:\/\/geoclimate.ge\/az\/product\/industrial-dual-discharge\/#primaryimage\"},\"thumbnailUrl\":\"https:\/\/geoclimate.ge\/wp-content\/uploads\/2025\/05\/dobe_flujo_industrial_main.png\",\"datePublished\":\"2025-05-25T11:51:26+00:00\",\"dateModified\":\"2025-05-25T11:54:04+00:00\",\"breadcrumb\":{\"@id\":\"https:\/\/geoclimate.ge\/az\/product\/industrial-dual-discharge\/#breadcrumb\"},\"inLanguage\":\"az\",\"potentialAction\":[{\"@type\":\"ReadAction\",\"target\":[\"https:\/\/geoclimate.ge\/az\/product\/industrial-dual-discharge\/\"]}]},{\"@type\":\"ImageObject\",\"inLanguage\":\"az\",\"@id\":\"https:\/\/geoclimate.ge\/az\/product\/industrial-dual-discharge\/#primaryimage\",\"url\":\"https:\/\/geoclimate.ge\/wp-content\/uploads\/2025\/05\/dobe_flujo_industrial_main.png\",\"contentUrl\":\"https:\/\/geoclimate.ge\/wp-content\/uploads\/2025\/05\/dobe_flujo_industrial_main.png\",\"width\":1280,\"height\":511},{\"@type\":\"BreadcrumbList\",\"@id\":\"https:\/\/geoclimate.ge\/az\/product\/industrial-dual-discharge\/#breadcrumb\",\"itemListElement\":[{\"@type\":\"ListItem\",\"position\":1,\"name\":\"Home\",\"item\":\"https:\/\/geoclimate.ge\/az\/\"},{\"@type\":\"ListItem\",\"position\":2,\"name\":\"M\u0259hsullar\",\"item\":\"https:\/\/geoclimate.ge\/az\/products\/\"},{\"@type\":\"ListItem\",\"position\":3,\"name\":\"S\u0259naye \u0130kili Bo\u015faltma\"}]},{\"@type\":\"WebSite\",\"@id\":\"https:\/\/geoclimate.ge\/#website\",\"url\":\"https:\/\/geoclimate.ge\/\",\"name\":\"GeoClimate\",\"description\":\"\",\"publisher\":{\"@id\":\"https:\/\/geoclimate.ge\/#organization\"},\"potentialAction\":[{\"@type\":\"SearchAction\",\"target\":{\"@type\":\"EntryPoint\",\"urlTemplate\":\"https:\/\/geoclimate.ge\/?s={search_term_string}\"},\"query-input\":{\"@type\":\"PropertyValueSpecification\",\"valueRequired\":true,\"valueName\":\"search_term_string\"}}],\"inLanguage\":\"az\"},{\"@type\":\"Organization\",\"@id\":\"https:\/\/geoclimate.ge\/#organization\",\"name\":\"GeoClimate\",\"url\":\"https:\/\/geoclimate.ge\/\",\"logo\":{\"@type\":\"ImageObject\",\"inLanguage\":\"az\",\"@id\":\"https:\/\/geoclimate.ge\/#\/schema\/logo\/image\/\",\"url\":\"https:\/\/geoclimate.ge\/wp-content\/uploads\/2026\/03\/geoclimate-SEO.png\",\"contentUrl\":\"https:\/\/geoclimate.ge\/wp-content\/uploads\/2026\/03\/geoclimate-SEO.png\",\"width\":1536,\"height\":1024,\"caption\":\"GeoClimate\"},\"image\":{\"@id\":\"https:\/\/geoclimate.ge\/#\/schema\/logo\/image\/\"}}]}<\/script>\n<!-- \/ Yoast SEO plugin. -->","yoast_head_json":{"title":"S\u0259naye \u0130kili Bo\u015faltma - GeoClimate.ge","robots":{"index":"index","follow":"follow","max-snippet":"max-snippet:-1","max-image-preview":"max-image-preview:large","max-video-preview":"max-video-preview:-1"},"canonical":"https:\/\/geoclimate.ge\/az\/product\/industrial-dual-discharge\/","og_locale":"az_AZ","og_type":"article","og_title":"S\u0259naye \u0130kili Bo\u015faltma - GeoClimate.ge","og_description":"EXA - EXR - EXC - S\u0259naye ikili atq\u0131l\u0131 buxarland\u0131r\u0131c\u0131 EXA - EXR - EXC Kobol buxarland\u0131r\u0131c\u0131lar\u0131 0,7 kVt-dan 168,5 kVt-a q\u0259d\u0259r soyutma qabiliyy\u0259tin\u0259 z\u0259man\u0259t ver\u0259n h\u0259m ki\u00e7ik, h\u0259m d\u0259 s\u0259naye \u00f6l\u00e7\u00fcl\u00fc qur\u011fulara xidm\u0259t etm\u0259k \u00fc\u00e7\u00fcn haz\u0131rlanm\u0131\u015fd\u0131r. M\u00fc\u015ft\u0259ril\u0259r\u0259 h\u0259r bir soyutma seqmenti v\u0259 t\u0259tbiqi \u00fc\u00e7\u00fcn \u0259n yax\u015f\u0131 se\u00e7imi se\u00e7m\u0259kd\u0259 k\u00f6m\u0259k etm\u0259k \u00fc\u00e7\u00fcn 200-d\u0259n \u00e7ox model t\u0259klif edirik. B\u00fct\u00fcn buxarland\u0131r\u0131c\u0131lar\u0131m\u0131z ist\u0259nil\u0259n \u015f\u0259raitd\u0259 uzun i\u015fl\u0259m\u0259 m\u00fcdd\u0259tini v\u0259 y\u00fcks\u0259k performans\u0131 t\u0259min ed\u0259n y\u00fcks\u0259k keyfiyy\u0259tli komponentl\u0259rd\u0259n istifad\u0259 edir. B\u00f6lm\u0259l\u0259r korroziyaya qar\u015f\u0131 qorunur v\u0259 m\u00fcxt\u0259lif biti\u015fl\u0259rd\u0259 m\u00f6vcuddur. v\u0259 qlikollu su il\u0259 duzlu su soyuducular\u0131 v\u0259 CO\u2082 buxarland\u0131r\u0131c\u0131lar\u0131 \u00fc\u00e7\u00fcn i\u015fl\u0259m\u0259k \u00fc\u00e7\u00fcn dizayn edil\u0259 bil\u0259r.  Bu m\u0259hsul \u00e7e\u015fidi y\u00fcks\u0259k, orta v\u0259 a\u015fa\u011f\u0131 temperatur t\u0259tbiql\u0259ri \u00fc\u00e7\u00fcn 36 modeld\u0259n ibar\u0259t s\u0259naye t\u0259tbiql\u0259ri \u00fc\u00e7\u00fcn n\u0259z\u0259rd\u0259 tutulmu\u015fdur.","og_url":"https:\/\/geoclimate.ge\/az\/product\/industrial-dual-discharge\/","og_site_name":"GeoClimate.ge","article_modified_time":"2025-05-25T11:54:04+00:00","og_image":[{"width":1280,"height":511,"url":"https:\/\/geoclimate.ge\/wp-content\/uploads\/2025\/05\/dobe_flujo_industrial_main.png","type":"image\/png"}],"twitter_card":"summary_large_image","schema":{"@context":"https:\/\/schema.org","@graph":[{"@type":"WebPage","@id":"https:\/\/geoclimate.ge\/az\/product\/industrial-dual-discharge\/","url":"https:\/\/geoclimate.ge\/az\/product\/industrial-dual-discharge\/","name":"S\u0259naye \u0130kili Bo\u015faltma - GeoClimate.ge","isPartOf":{"@id":"https:\/\/geoclimate.ge\/#website"},"primaryImageOfPage":{"@id":"https:\/\/geoclimate.ge\/az\/product\/industrial-dual-discharge\/#primaryimage"},"image":{"@id":"https:\/\/geoclimate.ge\/az\/product\/industrial-dual-discharge\/#primaryimage"},"thumbnailUrl":"https:\/\/geoclimate.ge\/wp-content\/uploads\/2025\/05\/dobe_flujo_industrial_main.png","datePublished":"2025-05-25T11:51:26+00:00","dateModified":"2025-05-25T11:54:04+00:00","breadcrumb":{"@id":"https:\/\/geoclimate.ge\/az\/product\/industrial-dual-discharge\/#breadcrumb"},"inLanguage":"az","potentialAction":[{"@type":"ReadAction","target":["https:\/\/geoclimate.ge\/az\/product\/industrial-dual-discharge\/"]}]},{"@type":"ImageObject","inLanguage":"az","@id":"https:\/\/geoclimate.ge\/az\/product\/industrial-dual-discharge\/#primaryimage","url":"https:\/\/geoclimate.ge\/wp-content\/uploads\/2025\/05\/dobe_flujo_industrial_main.png","contentUrl":"https:\/\/geoclimate.ge\/wp-content\/uploads\/2025\/05\/dobe_flujo_industrial_main.png","width":1280,"height":511},{"@type":"BreadcrumbList","@id":"https:\/\/geoclimate.ge\/az\/product\/industrial-dual-discharge\/#breadcrumb","itemListElement":[{"@type":"ListItem","position":1,"name":"Home","item":"https:\/\/geoclimate.ge\/az\/"},{"@type":"ListItem","position":2,"name":"M\u0259hsullar","item":"https:\/\/geoclimate.ge\/az\/products\/"},{"@type":"ListItem","position":3,"name":"S\u0259naye \u0130kili Bo\u015faltma"}]},{"@type":"WebSite","@id":"https:\/\/geoclimate.ge\/#website","url":"https:\/\/geoclimate.ge\/","name":"GeoClimate","description":"","publisher":{"@id":"https:\/\/geoclimate.ge\/#organization"},"potentialAction":[{"@type":"SearchAction","target":{"@type":"EntryPoint","urlTemplate":"https:\/\/geoclimate.ge\/?s={search_term_string}"},"query-input":{"@type":"PropertyValueSpecification","valueRequired":true,"valueName":"search_term_string"}}],"inLanguage":"az"},{"@type":"Organization","@id":"https:\/\/geoclimate.ge\/#organization","name":"GeoClimate","url":"https:\/\/geoclimate.ge\/","logo":{"@type":"ImageObject","inLanguage":"az","@id":"https:\/\/geoclimate.ge\/#\/schema\/logo\/image\/","url":"https:\/\/geoclimate.ge\/wp-content\/uploads\/2026\/03\/geoclimate-SEO.png","contentUrl":"https:\/\/geoclimate.ge\/wp-content\/uploads\/2026\/03\/geoclimate-SEO.png","width":1536,"height":1024,"caption":"GeoClimate"},"image":{"@id":"https:\/\/geoclimate.ge\/#\/schema\/logo\/image\/"}}]}},"_links":{"self":[{"href":"https:\/\/geoclimate.ge\/az\/wp-json\/wp\/v2\/product\/33260","targetHints":{"allow":["GET"]}}],"collection":[{"href":"https:\/\/geoclimate.ge\/az\/wp-json\/wp\/v2\/product"}],"about":[{"href":"https:\/\/geoclimate.ge\/az\/wp-json\/wp\/v2\/types\/product"}],"wp:featuredmedia":[{"embeddable":true,"href":"https:\/\/geoclimate.ge\/az\/wp-json\/wp\/v2\/media\/33243"}],"wp:attachment":[{"href":"https:\/\/geoclimate.ge\/az\/wp-json\/wp\/v2\/media?parent=33260"}],"wp:term":[{"taxonomy":"product_brand","embeddable":true,"href":"https:\/\/geoclimate.ge\/az\/wp-json\/wp\/v2\/product_brand?post=33260"},{"taxonomy":"product_cat","embeddable":true,"href":"https:\/\/geoclimate.ge\/az\/wp-json\/wp\/v2\/product_cat?post=33260"},{"taxonomy":"product_tag","embeddable":true,"href":"https:\/\/geoclimate.ge\/az\/wp-json\/wp\/v2\/product_tag?post=33260"}],"curies":[{"name":"wp","href":"https:\/\/api.w.org\/{rel}","templated":true}]}}