{"id":33272,"date":"2025-05-25T15:56:18","date_gmt":"2025-05-25T11:56:18","guid":{"rendered":"https:\/\/airsystems.ge\/shop\/product\/co2-blast-freezer\/"},"modified":"2025-05-25T16:00:44","modified_gmt":"2025-05-25T12:00:44","slug":"co2-blast-freezer","status":"publish","type":"product","link":"https:\/\/geoclimate.ge\/az\/product\/co2-blast-freezer\/","title":{"rendered":"CO2 partlay\u0131c\u0131 dondurucu"},"content":{"rendered":"<p>X\u00fcsusiyy\u0259tl\u0259r<\/p>\n<p>Kanatl\u0131 rulon: CUPROCLIMA\u00ae spesifikasiyas\u0131na uy\u011fun olaraq haz\u0131rlanm\u0131\u015f 5\/8\u201d \u00d8 yivli mis borular v\u0259 b\u00fczm\u0259li al\u00fcminium qanadlarla tikilmi\u015fdir.<br \/>\nFanlar: Standart olaraq AC fan m\u00fch\u0259rrikl\u0259ri il\u0259 t\u0259chiz edilmi\u015fdir.<br \/>\nEksenel m\u00fch\u0259rrikl\u0259r (380-480V III 50Hz)<br \/>\nErP Direktivin\u0259 uy\u011fundur. \u00d8 500, 630 mm<br \/>\nKorpus: Epoksi-polyesterl\u0259 boyanm\u0131\u015f, sonra 180\u00baC-d\u0259 bi\u015fmi\u015f v\u0259 b\u0259rkimi\u015f sinkl\u0259nmi\u015f polad ekstremal ekoloji \u015f\u0259raitd\u0259 bel\u0259 korroziyaya qar\u015f\u0131 y\u00fcks\u0259k qorunma yarad\u0131r. Bundan \u0259lav\u0259, bu korpus \u0259n s\u0259rt qida gigiyena standartlar\u0131na uy\u011fundur<br \/>\nDizayn t\u0259zyiqi: PS=60bar PT=86bar<\/p>\n<p>&nbsp;<\/p>\n<p><a class=\"elementor-button elementor-button-link elementor-size-sm\" href=\"https:\/\/www.enextechnologies.com\/wp-content\/uploads\/2024\/08\/One-Pager-C02-BLAST-FREEZER-KEB-KEV-ENG.pdf\" target=\"_blank\" rel=\"noopener\"><span class=\"elementor-button-content-wrapper\"><span class=\"elementor-button-text\">ONE PAGER<\/span><\/span><\/a><\/p>\n","protected":false},"excerpt":{"rendered":"<div class=\"elementor-element elementor-element-70da8153 elementor-widget elementor-widget-theme-page-title elementor-page-title elementor-widget-heading\" data-id=\"70da8153\" data-element_type=\"widget\" data-widget_type=\"theme-page-title.default\">\n<div class=\"elementor-widget-container\">\n<p>KEB\/KEV: CO2 v\u0259 duzlu dondurucular<br \/>\n15 kVt-dan 95 kVt-a q\u0259d\u0259r soyutma g\u00fcc\u00fc<\/p>\n<p>ENEX-in CO2 v\u0259 duzlu sulu dondurucu qur\u011fular\u0131 soyuq otaqda vahid hava paylanmas\u0131 t\u0259l\u0259b ed\u0259n v\u0259 y\u00fcks\u0259k dayan\u0131ql\u0131 R744 soyuducu il\u0259 uy\u011fun g\u0259l\u0259n s\u00fcr\u0259tli soyutma v\u0259 dondurma t\u0259tbiql\u0259ri \u00fc\u00e7\u00fcn n\u0259z\u0259rd\u0259 tutulub. Qida h\u00fcceyr\u0259l\u0259rin\u0259 orqanolektik x\u00fcsusiyy\u0259tl\u0259rini saxlama\u011fa imkan ver\u0259n ki\u00e7ik buz kristallar\u0131n\u0131n \u0259m\u0259l\u0259 g\u0259lm\u0259sin\u0259 s\u0259b\u0259b olan s\u00fcr\u0259tli v\u0259 homojen bir proses \u00fc\u00e7\u00fcn haz\u0131rlanm\u0131\u015fd\u0131r.<\/p>\n<\/div>\n<\/div>\n","protected":false},"featured_media":33267,"template":"","meta":[],"product_brand":[],"product_cat":[1643,875],"product_tag":[],"class_list":{"0":"post-33272","1":"product","2":"type-product","3":"status-publish","4":"has-post-thumbnail","6":"product_cat-buxarlandirici","7":"product_cat-snaye-az-kondisionerlr","9":"first","10":"instock","11":"shipping-taxable","12":"product-type-simple"},"yoast_head":"<!-- This site is optimized with the Yoast SEO plugin v27.1.1 - https:\/\/yoast.com\/product\/yoast-seo-wordpress\/ -->\n<title>CO2 partlay\u0131c\u0131 dondurucu - GeoClimate.ge<\/title>\n<meta name=\"robots\" content=\"index, follow, max-snippet:-1, max-image-preview:large, max-video-preview:-1\" \/>\n<link rel=\"canonical\" href=\"https:\/\/geoclimate.ge\/az\/product\/co2-blast-freezer\/\" \/>\n<meta property=\"og:locale\" content=\"az_AZ\" \/>\n<meta property=\"og:type\" content=\"article\" \/>\n<meta property=\"og:title\" content=\"CO2 partlay\u0131c\u0131 dondurucu - GeoClimate.ge\" \/>\n<meta property=\"og:description\" content=\"KEB\/KEV: CO2 v\u0259 duzlu dondurucular 15 kVt-dan 95 kVt-a q\u0259d\u0259r soyutma g\u00fcc\u00fc  ENEX-in CO2 v\u0259 duzlu sulu dondurucu qur\u011fular\u0131 soyuq otaqda vahid hava paylanmas\u0131 t\u0259l\u0259b ed\u0259n v\u0259 y\u00fcks\u0259k dayan\u0131ql\u0131 R744 soyuducu il\u0259 uy\u011fun g\u0259l\u0259n s\u00fcr\u0259tli soyutma v\u0259 dondurma t\u0259tbiql\u0259ri \u00fc\u00e7\u00fcn n\u0259z\u0259rd\u0259 tutulub. Qida h\u00fcceyr\u0259l\u0259rin\u0259 orqanolektik x\u00fcsusiyy\u0259tl\u0259rini saxlama\u011fa imkan ver\u0259n ki\u00e7ik buz kristallar\u0131n\u0131n \u0259m\u0259l\u0259 g\u0259lm\u0259sin\u0259 s\u0259b\u0259b olan s\u00fcr\u0259tli v\u0259 homojen bir proses \u00fc\u00e7\u00fcn haz\u0131rlanm\u0131\u015fd\u0131r.\" \/>\n<meta property=\"og:url\" content=\"https:\/\/geoclimate.ge\/az\/product\/co2-blast-freezer\/\" \/>\n<meta property=\"og:site_name\" content=\"GeoClimate.ge\" \/>\n<meta property=\"article:modified_time\" content=\"2025-05-25T12:00:44+00:00\" \/>\n<meta property=\"og:image\" content=\"https:\/\/geoclimate.ge\/wp-content\/uploads\/2025\/05\/CO2-BLAST-FREEZER.jpg\" \/>\n\t<meta property=\"og:image:width\" content=\"903\" \/>\n\t<meta property=\"og:image:height\" content=\"747\" \/>\n\t<meta property=\"og:image:type\" content=\"image\/jpeg\" \/>\n<meta name=\"twitter:card\" content=\"summary_large_image\" \/>\n<meta name=\"twitter:label1\" content=\"Est. reading time\" \/>\n\t<meta name=\"twitter:data1\" content=\"1 minute\" \/>\n<script type=\"application\/ld+json\" class=\"yoast-schema-graph\">{\"@context\":\"https:\/\/schema.org\",\"@graph\":[{\"@type\":\"WebPage\",\"@id\":\"https:\/\/geoclimate.ge\/az\/product\/co2-blast-freezer\/\",\"url\":\"https:\/\/geoclimate.ge\/az\/product\/co2-blast-freezer\/\",\"name\":\"CO2 partlay\u0131c\u0131 dondurucu - GeoClimate.ge\",\"isPartOf\":{\"@id\":\"https:\/\/geoclimate.ge\/#website\"},\"primaryImageOfPage\":{\"@id\":\"https:\/\/geoclimate.ge\/az\/product\/co2-blast-freezer\/#primaryimage\"},\"image\":{\"@id\":\"https:\/\/geoclimate.ge\/az\/product\/co2-blast-freezer\/#primaryimage\"},\"thumbnailUrl\":\"https:\/\/geoclimate.ge\/wp-content\/uploads\/2025\/05\/CO2-BLAST-FREEZER.jpg\",\"datePublished\":\"2025-05-25T11:56:18+00:00\",\"dateModified\":\"2025-05-25T12:00:44+00:00\",\"breadcrumb\":{\"@id\":\"https:\/\/geoclimate.ge\/az\/product\/co2-blast-freezer\/#breadcrumb\"},\"inLanguage\":\"az\",\"potentialAction\":[{\"@type\":\"ReadAction\",\"target\":[\"https:\/\/geoclimate.ge\/az\/product\/co2-blast-freezer\/\"]}]},{\"@type\":\"ImageObject\",\"inLanguage\":\"az\",\"@id\":\"https:\/\/geoclimate.ge\/az\/product\/co2-blast-freezer\/#primaryimage\",\"url\":\"https:\/\/geoclimate.ge\/wp-content\/uploads\/2025\/05\/CO2-BLAST-FREEZER.jpg\",\"contentUrl\":\"https:\/\/geoclimate.ge\/wp-content\/uploads\/2025\/05\/CO2-BLAST-FREEZER.jpg\",\"width\":903,\"height\":747},{\"@type\":\"BreadcrumbList\",\"@id\":\"https:\/\/geoclimate.ge\/az\/product\/co2-blast-freezer\/#breadcrumb\",\"itemListElement\":[{\"@type\":\"ListItem\",\"position\":1,\"name\":\"Home\",\"item\":\"https:\/\/geoclimate.ge\/az\/\"},{\"@type\":\"ListItem\",\"position\":2,\"name\":\"M\u0259hsullar\",\"item\":\"https:\/\/geoclimate.ge\/az\/products\/\"},{\"@type\":\"ListItem\",\"position\":3,\"name\":\"CO2 partlay\u0131c\u0131 dondurucu\"}]},{\"@type\":\"WebSite\",\"@id\":\"https:\/\/geoclimate.ge\/#website\",\"url\":\"https:\/\/geoclimate.ge\/\",\"name\":\"GeoClimate\",\"description\":\"\",\"publisher\":{\"@id\":\"https:\/\/geoclimate.ge\/#organization\"},\"potentialAction\":[{\"@type\":\"SearchAction\",\"target\":{\"@type\":\"EntryPoint\",\"urlTemplate\":\"https:\/\/geoclimate.ge\/?s={search_term_string}\"},\"query-input\":{\"@type\":\"PropertyValueSpecification\",\"valueRequired\":true,\"valueName\":\"search_term_string\"}}],\"inLanguage\":\"az\"},{\"@type\":\"Organization\",\"@id\":\"https:\/\/geoclimate.ge\/#organization\",\"name\":\"GeoClimate\",\"url\":\"https:\/\/geoclimate.ge\/\",\"logo\":{\"@type\":\"ImageObject\",\"inLanguage\":\"az\",\"@id\":\"https:\/\/geoclimate.ge\/#\/schema\/logo\/image\/\",\"url\":\"https:\/\/geoclimate.ge\/wp-content\/uploads\/2026\/03\/geoclimate-SEO.png\",\"contentUrl\":\"https:\/\/geoclimate.ge\/wp-content\/uploads\/2026\/03\/geoclimate-SEO.png\",\"width\":1536,\"height\":1024,\"caption\":\"GeoClimate\"},\"image\":{\"@id\":\"https:\/\/geoclimate.ge\/#\/schema\/logo\/image\/\"}}]}<\/script>\n<!-- \/ Yoast SEO plugin. -->","yoast_head_json":{"title":"CO2 partlay\u0131c\u0131 dondurucu - GeoClimate.ge","robots":{"index":"index","follow":"follow","max-snippet":"max-snippet:-1","max-image-preview":"max-image-preview:large","max-video-preview":"max-video-preview:-1"},"canonical":"https:\/\/geoclimate.ge\/az\/product\/co2-blast-freezer\/","og_locale":"az_AZ","og_type":"article","og_title":"CO2 partlay\u0131c\u0131 dondurucu - GeoClimate.ge","og_description":"KEB\/KEV: CO2 v\u0259 duzlu dondurucular 15 kVt-dan 95 kVt-a q\u0259d\u0259r soyutma g\u00fcc\u00fc  ENEX-in CO2 v\u0259 duzlu sulu dondurucu qur\u011fular\u0131 soyuq otaqda vahid hava paylanmas\u0131 t\u0259l\u0259b ed\u0259n v\u0259 y\u00fcks\u0259k dayan\u0131ql\u0131 R744 soyuducu il\u0259 uy\u011fun g\u0259l\u0259n s\u00fcr\u0259tli soyutma v\u0259 dondurma t\u0259tbiql\u0259ri \u00fc\u00e7\u00fcn n\u0259z\u0259rd\u0259 tutulub. Qida h\u00fcceyr\u0259l\u0259rin\u0259 orqanolektik x\u00fcsusiyy\u0259tl\u0259rini saxlama\u011fa imkan ver\u0259n ki\u00e7ik buz kristallar\u0131n\u0131n \u0259m\u0259l\u0259 g\u0259lm\u0259sin\u0259 s\u0259b\u0259b olan s\u00fcr\u0259tli v\u0259 homojen bir proses \u00fc\u00e7\u00fcn haz\u0131rlanm\u0131\u015fd\u0131r.","og_url":"https:\/\/geoclimate.ge\/az\/product\/co2-blast-freezer\/","og_site_name":"GeoClimate.ge","article_modified_time":"2025-05-25T12:00:44+00:00","og_image":[{"width":903,"height":747,"url":"https:\/\/geoclimate.ge\/wp-content\/uploads\/2025\/05\/CO2-BLAST-FREEZER.jpg","type":"image\/jpeg"}],"twitter_card":"summary_large_image","twitter_misc":{"Est. reading time":"1 minute"},"schema":{"@context":"https:\/\/schema.org","@graph":[{"@type":"WebPage","@id":"https:\/\/geoclimate.ge\/az\/product\/co2-blast-freezer\/","url":"https:\/\/geoclimate.ge\/az\/product\/co2-blast-freezer\/","name":"CO2 partlay\u0131c\u0131 dondurucu - GeoClimate.ge","isPartOf":{"@id":"https:\/\/geoclimate.ge\/#website"},"primaryImageOfPage":{"@id":"https:\/\/geoclimate.ge\/az\/product\/co2-blast-freezer\/#primaryimage"},"image":{"@id":"https:\/\/geoclimate.ge\/az\/product\/co2-blast-freezer\/#primaryimage"},"thumbnailUrl":"https:\/\/geoclimate.ge\/wp-content\/uploads\/2025\/05\/CO2-BLAST-FREEZER.jpg","datePublished":"2025-05-25T11:56:18+00:00","dateModified":"2025-05-25T12:00:44+00:00","breadcrumb":{"@id":"https:\/\/geoclimate.ge\/az\/product\/co2-blast-freezer\/#breadcrumb"},"inLanguage":"az","potentialAction":[{"@type":"ReadAction","target":["https:\/\/geoclimate.ge\/az\/product\/co2-blast-freezer\/"]}]},{"@type":"ImageObject","inLanguage":"az","@id":"https:\/\/geoclimate.ge\/az\/product\/co2-blast-freezer\/#primaryimage","url":"https:\/\/geoclimate.ge\/wp-content\/uploads\/2025\/05\/CO2-BLAST-FREEZER.jpg","contentUrl":"https:\/\/geoclimate.ge\/wp-content\/uploads\/2025\/05\/CO2-BLAST-FREEZER.jpg","width":903,"height":747},{"@type":"BreadcrumbList","@id":"https:\/\/geoclimate.ge\/az\/product\/co2-blast-freezer\/#breadcrumb","itemListElement":[{"@type":"ListItem","position":1,"name":"Home","item":"https:\/\/geoclimate.ge\/az\/"},{"@type":"ListItem","position":2,"name":"M\u0259hsullar","item":"https:\/\/geoclimate.ge\/az\/products\/"},{"@type":"ListItem","position":3,"name":"CO2 partlay\u0131c\u0131 dondurucu"}]},{"@type":"WebSite","@id":"https:\/\/geoclimate.ge\/#website","url":"https:\/\/geoclimate.ge\/","name":"GeoClimate","description":"","publisher":{"@id":"https:\/\/geoclimate.ge\/#organization"},"potentialAction":[{"@type":"SearchAction","target":{"@type":"EntryPoint","urlTemplate":"https:\/\/geoclimate.ge\/?s={search_term_string}"},"query-input":{"@type":"PropertyValueSpecification","valueRequired":true,"valueName":"search_term_string"}}],"inLanguage":"az"},{"@type":"Organization","@id":"https:\/\/geoclimate.ge\/#organization","name":"GeoClimate","url":"https:\/\/geoclimate.ge\/","logo":{"@type":"ImageObject","inLanguage":"az","@id":"https:\/\/geoclimate.ge\/#\/schema\/logo\/image\/","url":"https:\/\/geoclimate.ge\/wp-content\/uploads\/2026\/03\/geoclimate-SEO.png","contentUrl":"https:\/\/geoclimate.ge\/wp-content\/uploads\/2026\/03\/geoclimate-SEO.png","width":1536,"height":1024,"caption":"GeoClimate"},"image":{"@id":"https:\/\/geoclimate.ge\/#\/schema\/logo\/image\/"}}]}},"_links":{"self":[{"href":"https:\/\/geoclimate.ge\/az\/wp-json\/wp\/v2\/product\/33272","targetHints":{"allow":["GET"]}}],"collection":[{"href":"https:\/\/geoclimate.ge\/az\/wp-json\/wp\/v2\/product"}],"about":[{"href":"https:\/\/geoclimate.ge\/az\/wp-json\/wp\/v2\/types\/product"}],"wp:featuredmedia":[{"embeddable":true,"href":"https:\/\/geoclimate.ge\/az\/wp-json\/wp\/v2\/media\/33267"}],"wp:attachment":[{"href":"https:\/\/geoclimate.ge\/az\/wp-json\/wp\/v2\/media?parent=33272"}],"wp:term":[{"taxonomy":"product_brand","embeddable":true,"href":"https:\/\/geoclimate.ge\/az\/wp-json\/wp\/v2\/product_brand?post=33272"},{"taxonomy":"product_cat","embeddable":true,"href":"https:\/\/geoclimate.ge\/az\/wp-json\/wp\/v2\/product_cat?post=33272"},{"taxonomy":"product_tag","embeddable":true,"href":"https:\/\/geoclimate.ge\/az\/wp-json\/wp\/v2\/product_tag?post=33272"}],"curies":[{"name":"wp","href":"https:\/\/api.w.org\/{rel}","templated":true}]}}