{"id":33312,"date":"2025-05-25T16:14:38","date_gmt":"2025-05-25T12:14:38","guid":{"rendered":"https:\/\/airsystems.ge\/shop\/product\/dx-unit-coolers\/"},"modified":"2025-05-25T16:17:03","modified_gmt":"2025-05-25T12:17:03","slug":"dx-unit-coolers","status":"publish","type":"product","link":"https:\/\/geoclimate.ge\/az\/product\/dx-unit-coolers\/","title":{"rendered":"DX Soyuducular\u0131"},"content":{"rendered":"","protected":false},"excerpt":{"rendered":"<p>Morgana-n\u0131n soyuducular\u0131 soyuq otaqlarda, texnoloji otaqlarda, soyuducu \u015fkaflarda v\u0259 temperaturun azald\u0131lmas\u0131 otaqlar\u0131nda qura\u015fd\u0131r\u0131l\u0131r. \u00c7oxsayl\u0131 konfiqurasiyalar m\u00fcxt\u0259lif t\u0259tbiql\u0259r\u0259, m\u00f6vcud bo\u015fluqlara v\u0259 planlara uy\u011funla\u015fma\u011fa imkan verir. M\u00fc\u015ft\u0259ril\u0259rimizin b\u00fct\u00fcn zavod m\u00fch\u0259ndisliyi se\u00e7iml\u0259rini t\u0259min etm\u0259k \u00fc\u00e7\u00fcn A2L daxil olmaqla, b\u00fct\u00fcn sintetik soyuducularla uy\u011funluq.<\/p>\n<p>\u018fsas x\u00fcsusiyy\u0259tl\u0259r:<\/p>\n<p>0,5 kVt \u2013 400 kVt<br \/>\nM\u00f6vcud modell\u0259r: Ki\u00e7ik vahidl\u0259r, kommersiya kubikl\u0259ri, s\u0259naye kubikl\u0259ri, ikiqat ax\u0131n, partlay\u0131\u015f dondurucular\u0131<br \/>\n\u00c7ox geni\u015f diapazon, 200 mm-lik 1 ventilyatordan 910 mm-lik 5 fanata q\u0259d\u0259r<br \/>\nEC v\u0259 AC Erp2015 eksenel fanatlar\u0131n m\u00f6vcudlu\u011fu<br \/>\n\u018fvv\u0259lc\u0259d\u0259n a\u011f r\u0259ngl\u0259nmi\u015f al\u00fcminiumdan haz\u0131rlanm\u0131\u015f xarici korpus<br \/>\nX\u00fcsusi versiyalar\u0131n m\u00fcmk\u00fcnl\u00fcy\u00fc (elektrikli post-istilik, qlikoldan sonrak\u0131 q\u0131zd\u0131rma, bir-birin\u0259 qar\u0131\u015fm\u0131\u015f qlikol defrost sxemi)<br \/>\nTermal izolyasiya edilmi\u015f \u00e7\u0259n, su defrost, artan elektrik defrost kimi se\u00e7im etm\u0259k \u00fc\u00e7\u00fcn bir \u00e7ox se\u00e7im<br \/>\nAqressiv m\u00fchitl\u0259rd\u0259 m\u0259hsulun \u00f6mr\u00fcn\u00fc art\u0131rmaq \u00fc\u00e7\u00fcn 10 s\u0259th m\u00fcalic\u0259si m\u00f6vcuddur<\/p>\n","protected":false},"featured_media":33307,"template":"","meta":[],"product_brand":[],"product_cat":[1643,875],"product_tag":[],"class_list":{"0":"post-33312","1":"product","2":"type-product","3":"status-publish","4":"has-post-thumbnail","6":"product_cat-buxarlandirici","7":"product_cat-snaye-az-kondisionerlr","9":"first","10":"instock","11":"shipping-taxable","12":"product-type-simple"},"yoast_head":"<!-- This site is optimized with the Yoast SEO plugin v27.1.1 - https:\/\/yoast.com\/product\/yoast-seo-wordpress\/ -->\n<title>DX Soyuducular\u0131 - GeoClimate.ge<\/title>\n<meta name=\"robots\" content=\"index, follow, max-snippet:-1, max-image-preview:large, max-video-preview:-1\" \/>\n<link rel=\"canonical\" href=\"https:\/\/geoclimate.ge\/az\/product\/dx-unit-coolers\/\" \/>\n<meta property=\"og:locale\" content=\"az_AZ\" \/>\n<meta property=\"og:type\" content=\"article\" \/>\n<meta property=\"og:title\" content=\"DX Soyuducular\u0131 - GeoClimate.ge\" \/>\n<meta property=\"og:description\" content=\"Morgana-n\u0131n soyuducular\u0131 soyuq otaqlarda, texnoloji otaqlarda, soyuducu \u015fkaflarda v\u0259 temperaturun azald\u0131lmas\u0131 otaqlar\u0131nda qura\u015fd\u0131r\u0131l\u0131r. \u00c7oxsayl\u0131 konfiqurasiyalar m\u00fcxt\u0259lif t\u0259tbiql\u0259r\u0259, m\u00f6vcud bo\u015fluqlara v\u0259 planlara uy\u011funla\u015fma\u011fa imkan verir. M\u00fc\u015ft\u0259ril\u0259rimizin b\u00fct\u00fcn zavod m\u00fch\u0259ndisliyi se\u00e7iml\u0259rini t\u0259min etm\u0259k \u00fc\u00e7\u00fcn A2L daxil olmaqla, b\u00fct\u00fcn sintetik soyuducularla uy\u011funluq.  \u018fsas x\u00fcsusiyy\u0259tl\u0259r:  0,5 kVt \u2013 400 kVt M\u00f6vcud modell\u0259r: Ki\u00e7ik vahidl\u0259r, kommersiya kubikl\u0259ri, s\u0259naye kubikl\u0259ri, ikiqat ax\u0131n, partlay\u0131\u015f dondurucular\u0131 \u00c7ox geni\u015f diapazon, 200 mm-lik 1 ventilyatordan 910 mm-lik 5 fanata q\u0259d\u0259r EC v\u0259 AC Erp2015 eksenel fanatlar\u0131n m\u00f6vcudlu\u011fu \u018fvv\u0259lc\u0259d\u0259n a\u011f r\u0259ngl\u0259nmi\u015f al\u00fcminiumdan haz\u0131rlanm\u0131\u015f xarici korpus X\u00fcsusi versiyalar\u0131n m\u00fcmk\u00fcnl\u00fcy\u00fc (elektrikli post-istilik, qlikoldan sonrak\u0131 q\u0131zd\u0131rma, bir-birin\u0259 qar\u0131\u015fm\u0131\u015f qlikol defrost sxemi) Termal izolyasiya edilmi\u015f \u00e7\u0259n, su defrost, artan elektrik defrost kimi se\u00e7im etm\u0259k \u00fc\u00e7\u00fcn bir \u00e7ox se\u00e7im Aqressiv m\u00fchitl\u0259rd\u0259 m\u0259hsulun \u00f6mr\u00fcn\u00fc art\u0131rmaq \u00fc\u00e7\u00fcn 10 s\u0259th m\u00fcalic\u0259si m\u00f6vcuddur\" \/>\n<meta property=\"og:url\" content=\"https:\/\/geoclimate.ge\/az\/product\/dx-unit-coolers\/\" \/>\n<meta property=\"og:site_name\" content=\"GeoClimate.ge\" \/>\n<meta property=\"article:modified_time\" content=\"2025-05-25T12:17:03+00:00\" \/>\n<meta property=\"og:image\" content=\"https:\/\/geoclimate.ge\/wp-content\/uploads\/2025\/05\/dx_unit_coolers-q9sjd2v8poalkwym0rcqfz39k44k3kxjtdptfzqccu.png\" \/>\n\t<meta property=\"og:image:width\" content=\"500\" \/>\n\t<meta property=\"og:image:height\" content=\"283\" \/>\n\t<meta property=\"og:image:type\" content=\"image\/png\" \/>\n<meta name=\"twitter:card\" content=\"summary_large_image\" \/>\n<script type=\"application\/ld+json\" class=\"yoast-schema-graph\">{\"@context\":\"https:\/\/schema.org\",\"@graph\":[{\"@type\":\"WebPage\",\"@id\":\"https:\/\/geoclimate.ge\/az\/product\/dx-unit-coolers\/\",\"url\":\"https:\/\/geoclimate.ge\/az\/product\/dx-unit-coolers\/\",\"name\":\"DX Soyuducular\u0131 - GeoClimate.ge\",\"isPartOf\":{\"@id\":\"https:\/\/geoclimate.ge\/#website\"},\"primaryImageOfPage\":{\"@id\":\"https:\/\/geoclimate.ge\/az\/product\/dx-unit-coolers\/#primaryimage\"},\"image\":{\"@id\":\"https:\/\/geoclimate.ge\/az\/product\/dx-unit-coolers\/#primaryimage\"},\"thumbnailUrl\":\"https:\/\/geoclimate.ge\/wp-content\/uploads\/2025\/05\/dx_unit_coolers-q9sjd2v8poalkwym0rcqfz39k44k3kxjtdptfzqccu.png\",\"datePublished\":\"2025-05-25T12:14:38+00:00\",\"dateModified\":\"2025-05-25T12:17:03+00:00\",\"breadcrumb\":{\"@id\":\"https:\/\/geoclimate.ge\/az\/product\/dx-unit-coolers\/#breadcrumb\"},\"inLanguage\":\"az\",\"potentialAction\":[{\"@type\":\"ReadAction\",\"target\":[\"https:\/\/geoclimate.ge\/az\/product\/dx-unit-coolers\/\"]}]},{\"@type\":\"ImageObject\",\"inLanguage\":\"az\",\"@id\":\"https:\/\/geoclimate.ge\/az\/product\/dx-unit-coolers\/#primaryimage\",\"url\":\"https:\/\/geoclimate.ge\/wp-content\/uploads\/2025\/05\/dx_unit_coolers-q9sjd2v8poalkwym0rcqfz39k44k3kxjtdptfzqccu.png\",\"contentUrl\":\"https:\/\/geoclimate.ge\/wp-content\/uploads\/2025\/05\/dx_unit_coolers-q9sjd2v8poalkwym0rcqfz39k44k3kxjtdptfzqccu.png\",\"width\":500,\"height\":283},{\"@type\":\"BreadcrumbList\",\"@id\":\"https:\/\/geoclimate.ge\/az\/product\/dx-unit-coolers\/#breadcrumb\",\"itemListElement\":[{\"@type\":\"ListItem\",\"position\":1,\"name\":\"Home\",\"item\":\"https:\/\/geoclimate.ge\/az\/\"},{\"@type\":\"ListItem\",\"position\":2,\"name\":\"M\u0259hsullar\",\"item\":\"https:\/\/geoclimate.ge\/az\/products\/\"},{\"@type\":\"ListItem\",\"position\":3,\"name\":\"DX Soyuducular\u0131\"}]},{\"@type\":\"WebSite\",\"@id\":\"https:\/\/geoclimate.ge\/#website\",\"url\":\"https:\/\/geoclimate.ge\/\",\"name\":\"GeoClimate\",\"description\":\"\",\"publisher\":{\"@id\":\"https:\/\/geoclimate.ge\/#organization\"},\"potentialAction\":[{\"@type\":\"SearchAction\",\"target\":{\"@type\":\"EntryPoint\",\"urlTemplate\":\"https:\/\/geoclimate.ge\/?s={search_term_string}\"},\"query-input\":{\"@type\":\"PropertyValueSpecification\",\"valueRequired\":true,\"valueName\":\"search_term_string\"}}],\"inLanguage\":\"az\"},{\"@type\":\"Organization\",\"@id\":\"https:\/\/geoclimate.ge\/#organization\",\"name\":\"GeoClimate\",\"url\":\"https:\/\/geoclimate.ge\/\",\"logo\":{\"@type\":\"ImageObject\",\"inLanguage\":\"az\",\"@id\":\"https:\/\/geoclimate.ge\/#\/schema\/logo\/image\/\",\"url\":\"https:\/\/geoclimate.ge\/wp-content\/uploads\/2026\/03\/geoclimate-SEO.png\",\"contentUrl\":\"https:\/\/geoclimate.ge\/wp-content\/uploads\/2026\/03\/geoclimate-SEO.png\",\"width\":1536,\"height\":1024,\"caption\":\"GeoClimate\"},\"image\":{\"@id\":\"https:\/\/geoclimate.ge\/#\/schema\/logo\/image\/\"}}]}<\/script>\n<!-- \/ Yoast SEO plugin. -->","yoast_head_json":{"title":"DX Soyuducular\u0131 - GeoClimate.ge","robots":{"index":"index","follow":"follow","max-snippet":"max-snippet:-1","max-image-preview":"max-image-preview:large","max-video-preview":"max-video-preview:-1"},"canonical":"https:\/\/geoclimate.ge\/az\/product\/dx-unit-coolers\/","og_locale":"az_AZ","og_type":"article","og_title":"DX Soyuducular\u0131 - GeoClimate.ge","og_description":"Morgana-n\u0131n soyuducular\u0131 soyuq otaqlarda, texnoloji otaqlarda, soyuducu \u015fkaflarda v\u0259 temperaturun azald\u0131lmas\u0131 otaqlar\u0131nda qura\u015fd\u0131r\u0131l\u0131r. \u00c7oxsayl\u0131 konfiqurasiyalar m\u00fcxt\u0259lif t\u0259tbiql\u0259r\u0259, m\u00f6vcud bo\u015fluqlara v\u0259 planlara uy\u011funla\u015fma\u011fa imkan verir. M\u00fc\u015ft\u0259ril\u0259rimizin b\u00fct\u00fcn zavod m\u00fch\u0259ndisliyi se\u00e7iml\u0259rini t\u0259min etm\u0259k \u00fc\u00e7\u00fcn A2L daxil olmaqla, b\u00fct\u00fcn sintetik soyuducularla uy\u011funluq.  \u018fsas x\u00fcsusiyy\u0259tl\u0259r:  0,5 kVt \u2013 400 kVt M\u00f6vcud modell\u0259r: Ki\u00e7ik vahidl\u0259r, kommersiya kubikl\u0259ri, s\u0259naye kubikl\u0259ri, ikiqat ax\u0131n, partlay\u0131\u015f dondurucular\u0131 \u00c7ox geni\u015f diapazon, 200 mm-lik 1 ventilyatordan 910 mm-lik 5 fanata q\u0259d\u0259r EC v\u0259 AC Erp2015 eksenel fanatlar\u0131n m\u00f6vcudlu\u011fu \u018fvv\u0259lc\u0259d\u0259n a\u011f r\u0259ngl\u0259nmi\u015f al\u00fcminiumdan haz\u0131rlanm\u0131\u015f xarici korpus X\u00fcsusi versiyalar\u0131n m\u00fcmk\u00fcnl\u00fcy\u00fc (elektrikli post-istilik, qlikoldan sonrak\u0131 q\u0131zd\u0131rma, bir-birin\u0259 qar\u0131\u015fm\u0131\u015f qlikol defrost sxemi) Termal izolyasiya edilmi\u015f \u00e7\u0259n, su defrost, artan elektrik defrost kimi se\u00e7im etm\u0259k \u00fc\u00e7\u00fcn bir \u00e7ox se\u00e7im Aqressiv m\u00fchitl\u0259rd\u0259 m\u0259hsulun \u00f6mr\u00fcn\u00fc art\u0131rmaq \u00fc\u00e7\u00fcn 10 s\u0259th m\u00fcalic\u0259si m\u00f6vcuddur","og_url":"https:\/\/geoclimate.ge\/az\/product\/dx-unit-coolers\/","og_site_name":"GeoClimate.ge","article_modified_time":"2025-05-25T12:17:03+00:00","og_image":[{"width":500,"height":283,"url":"https:\/\/geoclimate.ge\/wp-content\/uploads\/2025\/05\/dx_unit_coolers-q9sjd2v8poalkwym0rcqfz39k44k3kxjtdptfzqccu.png","type":"image\/png"}],"twitter_card":"summary_large_image","schema":{"@context":"https:\/\/schema.org","@graph":[{"@type":"WebPage","@id":"https:\/\/geoclimate.ge\/az\/product\/dx-unit-coolers\/","url":"https:\/\/geoclimate.ge\/az\/product\/dx-unit-coolers\/","name":"DX Soyuducular\u0131 - GeoClimate.ge","isPartOf":{"@id":"https:\/\/geoclimate.ge\/#website"},"primaryImageOfPage":{"@id":"https:\/\/geoclimate.ge\/az\/product\/dx-unit-coolers\/#primaryimage"},"image":{"@id":"https:\/\/geoclimate.ge\/az\/product\/dx-unit-coolers\/#primaryimage"},"thumbnailUrl":"https:\/\/geoclimate.ge\/wp-content\/uploads\/2025\/05\/dx_unit_coolers-q9sjd2v8poalkwym0rcqfz39k44k3kxjtdptfzqccu.png","datePublished":"2025-05-25T12:14:38+00:00","dateModified":"2025-05-25T12:17:03+00:00","breadcrumb":{"@id":"https:\/\/geoclimate.ge\/az\/product\/dx-unit-coolers\/#breadcrumb"},"inLanguage":"az","potentialAction":[{"@type":"ReadAction","target":["https:\/\/geoclimate.ge\/az\/product\/dx-unit-coolers\/"]}]},{"@type":"ImageObject","inLanguage":"az","@id":"https:\/\/geoclimate.ge\/az\/product\/dx-unit-coolers\/#primaryimage","url":"https:\/\/geoclimate.ge\/wp-content\/uploads\/2025\/05\/dx_unit_coolers-q9sjd2v8poalkwym0rcqfz39k44k3kxjtdptfzqccu.png","contentUrl":"https:\/\/geoclimate.ge\/wp-content\/uploads\/2025\/05\/dx_unit_coolers-q9sjd2v8poalkwym0rcqfz39k44k3kxjtdptfzqccu.png","width":500,"height":283},{"@type":"BreadcrumbList","@id":"https:\/\/geoclimate.ge\/az\/product\/dx-unit-coolers\/#breadcrumb","itemListElement":[{"@type":"ListItem","position":1,"name":"Home","item":"https:\/\/geoclimate.ge\/az\/"},{"@type":"ListItem","position":2,"name":"M\u0259hsullar","item":"https:\/\/geoclimate.ge\/az\/products\/"},{"@type":"ListItem","position":3,"name":"DX Soyuducular\u0131"}]},{"@type":"WebSite","@id":"https:\/\/geoclimate.ge\/#website","url":"https:\/\/geoclimate.ge\/","name":"GeoClimate","description":"","publisher":{"@id":"https:\/\/geoclimate.ge\/#organization"},"potentialAction":[{"@type":"SearchAction","target":{"@type":"EntryPoint","urlTemplate":"https:\/\/geoclimate.ge\/?s={search_term_string}"},"query-input":{"@type":"PropertyValueSpecification","valueRequired":true,"valueName":"search_term_string"}}],"inLanguage":"az"},{"@type":"Organization","@id":"https:\/\/geoclimate.ge\/#organization","name":"GeoClimate","url":"https:\/\/geoclimate.ge\/","logo":{"@type":"ImageObject","inLanguage":"az","@id":"https:\/\/geoclimate.ge\/#\/schema\/logo\/image\/","url":"https:\/\/geoclimate.ge\/wp-content\/uploads\/2026\/03\/geoclimate-SEO.png","contentUrl":"https:\/\/geoclimate.ge\/wp-content\/uploads\/2026\/03\/geoclimate-SEO.png","width":1536,"height":1024,"caption":"GeoClimate"},"image":{"@id":"https:\/\/geoclimate.ge\/#\/schema\/logo\/image\/"}}]}},"_links":{"self":[{"href":"https:\/\/geoclimate.ge\/az\/wp-json\/wp\/v2\/product\/33312","targetHints":{"allow":["GET"]}}],"collection":[{"href":"https:\/\/geoclimate.ge\/az\/wp-json\/wp\/v2\/product"}],"about":[{"href":"https:\/\/geoclimate.ge\/az\/wp-json\/wp\/v2\/types\/product"}],"wp:featuredmedia":[{"embeddable":true,"href":"https:\/\/geoclimate.ge\/az\/wp-json\/wp\/v2\/media\/33307"}],"wp:attachment":[{"href":"https:\/\/geoclimate.ge\/az\/wp-json\/wp\/v2\/media?parent=33312"}],"wp:term":[{"taxonomy":"product_brand","embeddable":true,"href":"https:\/\/geoclimate.ge\/az\/wp-json\/wp\/v2\/product_brand?post=33312"},{"taxonomy":"product_cat","embeddable":true,"href":"https:\/\/geoclimate.ge\/az\/wp-json\/wp\/v2\/product_cat?post=33312"},{"taxonomy":"product_tag","embeddable":true,"href":"https:\/\/geoclimate.ge\/az\/wp-json\/wp\/v2\/product_tag?post=33312"}],"curies":[{"name":"wp","href":"https:\/\/api.w.org\/{rel}","templated":true}]}}