{"id":33379,"date":"2025-05-25T16:42:50","date_gmt":"2025-05-25T12:42:50","guid":{"rendered":"https:\/\/airsystems.ge\/shop\/product\/nh3-cubic-unit-cooler\/"},"modified":"2025-05-25T16:46:39","modified_gmt":"2025-05-25T12:46:39","slug":"nh3-cubic-unit-cooler","status":"publish","type":"product","link":"https:\/\/geoclimate.ge\/az\/product\/nh3-cubic-unit-cooler\/","title":{"rendered":"NH3 kub vahid soyuducu"},"content":{"rendered":"<div class=\"elementor-element elementor-element-391e72ec elementor-widget elementor-widget-theme-post-content\" data-id=\"391e72ec\" data-element_type=\"widget\" data-widget_type=\"theme-post-content.default\">\n<div class=\"elementor-widget-container\">\n<p>X\u00fcsusiyy\u0259tl\u0259r<\/p>\n<p>Qapaql\u0131 rulon: 5\/8\u201d \u00d8 kvadrat h\u0259nd\u0259s\u0259 v\u0259 7\/8\u201d \u00d8 pill\u0259li h\u0259nd\u0259s\u0259 v\u0259 al\u00fcminium qanadl\u0131 AISI 304 paslanmayan polad borularla tikilmi\u015fdir.<br \/>\nFanlar: Standart olaraq AC fan m\u00fch\u0259rrikl\u0259ri il\u0259 t\u0259chiz edilmi\u015fdir. Eksenel \u00fc\u00e7 fazal\u0131 m\u00fch\u0259rrikl\u0259r (380-480V III 50Hz) ErP Direktivin\u0259 uy\u011fundur. \u00d8 350, 450, 500, 560, 630, 800, 910 mm<br \/>\nKorpus: Sinkl\u0259nmi\u015f boyal\u0131 al\u00fcminium, ekstremal ekoloji \u015f\u0259raitd\u0259 bel\u0259 korroziyaya qar\u015f\u0131 y\u00fcks\u0259k qorunma yarad\u0131r; Bundan \u0259lav\u0259, bu korpus \u0259n s\u0259rt qida gigiyena standartlar\u0131na uy\u011fundur<br \/>\n\u0130zolyasiya edilmi\u015f qab: kondensasiyan\u0131n qar\u015f\u0131s\u0131n\u0131 almaq \u00fc\u00e7\u00fcn standart olaraq poliuretanla. Tamamil\u0259 GRP-d\u0259n (fiberglasla g\u00fccl\u0259ndirilmi\u015f polyester) haz\u0131rlanm\u0131\u015f qab, y\u00fcng\u00fcl v\u0259 davaml\u0131 material, s\u0259rt, korroziyaya davaml\u0131 v\u0259 yax\u015f\u0131 istilik, akustik v\u0259 elektrik izolyatorudur.<br \/>\nDizayn t\u0259zyiqi: PS=30bar PT=43bar<\/p>\n<\/div>\n<\/div>\n<div class=\"elementor-element elementor-element-427e8a79 e-flex e-con-boxed e-con e-child\" data-id=\"427e8a79\" data-element_type=\"container\">\n<div class=\"e-con-inner\">\n<div class=\"elementor-element elementor-element-6e19ed90 hidebutton mc-bl elementor-align-left elementor-widget elementor-widget-button\" data-id=\"6e19ed90\" data-element_type=\"widget\" data-widget_type=\"button.default\">\n<div class=\"elementor-widget-container\">\n<div class=\"elementor-button-wrapper\"><a class=\"elementor-button elementor-button-link elementor-size-sm\" href=\"https:\/\/www.enextechnologies.com\/wp-content\/uploads\/2024\/09\/One-Pager-NH3-CUBIC-UNIT-COOLER-EC-ENG.pdf\" target=\"_blank\" rel=\"noopener\"><span class=\"elementor-button-content-wrapper\"><span class=\"elementor-button-text\">ONE PAGER<\/span><\/span><\/a><\/div>\n<\/div>\n<\/div>\n<\/div>\n<\/div>\n","protected":false},"excerpt":{"rendered":"<div class=\"elementor-element elementor-element-f80f489 elementor-widget elementor-widget-heading\" data-id=\"f80f489\" data-element_type=\"widget\" data-widget_type=\"heading.default\">\n<div class=\"elementor-widget-container\">\n<div class=\"elementor-heading-title elementor-size-default\">\n<p>EC: Kub NH3 v\u0259 duzlu su vahidi soyuducular\u0131<br \/>\nSoyutma g\u00fcc\u00fc 3 kVt-dan 550 kVt-a q\u0259d\u0259r<\/p>\n<p>ENEX INDUSTRIAL-\u0131n ki\u00e7ik v\u0259 b\u00f6y\u00fck soyuq otaqlar \u00fc\u00e7\u00fcn EC kub soyuducular\u0131 soyutma v\u0259 dondurma t\u0259tbiql\u0259ri \u00fc\u00e7\u00fcn ideald\u0131r. X\u00fcsusil\u0259 y\u00fcks\u0259k dayan\u0131ql\u0131 R717 soyuducudan istifad\u0259 ed\u0259n pompalanan v\u0259 qravitasiya il\u0259 qidalanan su basm\u0131\u015f sisteml\u0259r \u00fc\u00e7\u00fcn n\u0259z\u0259rd\u0259 tutulmu\u015fdur. Paslanmayan polad borular aqressiv m\u00fchitl\u0259rd\u0259 NH3 uy\u011funlu\u011fu v\u0259 maksimum qoruma t\u0259klif edir.<\/p>\n<\/div>\n<\/div>\n<\/div>\n","protected":false},"featured_media":33374,"template":"","meta":[],"product_brand":[],"product_cat":[1643,875],"product_tag":[],"class_list":{"0":"post-33379","1":"product","2":"type-product","3":"status-publish","4":"has-post-thumbnail","6":"product_cat-buxarlandirici","7":"product_cat-snaye-az-kondisionerlr","9":"first","10":"instock","11":"shipping-taxable","12":"product-type-simple"},"yoast_head":"<!-- This site is optimized with the Yoast SEO plugin v27.1.1 - https:\/\/yoast.com\/product\/yoast-seo-wordpress\/ -->\n<title>NH3 kub vahid soyuducu - GeoClimate.ge<\/title>\n<meta name=\"robots\" content=\"index, follow, max-snippet:-1, max-image-preview:large, max-video-preview:-1\" \/>\n<link rel=\"canonical\" href=\"https:\/\/geoclimate.ge\/az\/product\/nh3-cubic-unit-cooler\/\" \/>\n<meta property=\"og:locale\" content=\"az_AZ\" \/>\n<meta property=\"og:type\" content=\"article\" \/>\n<meta property=\"og:title\" content=\"NH3 kub vahid soyuducu - GeoClimate.ge\" \/>\n<meta property=\"og:description\" content=\"EC: Kub NH3 v\u0259 duzlu su vahidi soyuducular\u0131 Soyutma g\u00fcc\u00fc 3 kVt-dan 550 kVt-a q\u0259d\u0259r  ENEX INDUSTRIAL-\u0131n ki\u00e7ik v\u0259 b\u00f6y\u00fck soyuq otaqlar \u00fc\u00e7\u00fcn EC kub soyuducular\u0131 soyutma v\u0259 dondurma t\u0259tbiql\u0259ri \u00fc\u00e7\u00fcn ideald\u0131r. X\u00fcsusil\u0259 y\u00fcks\u0259k dayan\u0131ql\u0131 R717 soyuducudan istifad\u0259 ed\u0259n pompalanan v\u0259 qravitasiya il\u0259 qidalanan su basm\u0131\u015f sisteml\u0259r \u00fc\u00e7\u00fcn n\u0259z\u0259rd\u0259 tutulmu\u015fdur. Paslanmayan polad borular aqressiv m\u00fchitl\u0259rd\u0259 NH3 uy\u011funlu\u011fu v\u0259 maksimum qoruma t\u0259klif edir.\" \/>\n<meta property=\"og:url\" content=\"https:\/\/geoclimate.ge\/az\/product\/nh3-cubic-unit-cooler\/\" \/>\n<meta property=\"og:site_name\" content=\"GeoClimate.ge\" \/>\n<meta property=\"article:modified_time\" content=\"2025-05-25T12:46:39+00:00\" \/>\n<meta property=\"og:image\" content=\"https:\/\/geoclimate.ge\/wp-content\/uploads\/2025\/05\/Cubic-Evaporators-For-Static-_-ICQ-Tunnels-qdd9g0secfcl5l5m0atd5pznt6vx9qswap36tnnygk-1.png\" \/>\n\t<meta property=\"og:image:width\" content=\"700\" \/>\n\t<meta property=\"og:image:height\" content=\"466\" \/>\n\t<meta property=\"og:image:type\" content=\"image\/png\" \/>\n<meta name=\"twitter:card\" content=\"summary_large_image\" \/>\n<meta name=\"twitter:label1\" content=\"Est. reading time\" \/>\n\t<meta name=\"twitter:data1\" content=\"1 minute\" \/>\n<script type=\"application\/ld+json\" class=\"yoast-schema-graph\">{\"@context\":\"https:\/\/schema.org\",\"@graph\":[{\"@type\":\"WebPage\",\"@id\":\"https:\/\/geoclimate.ge\/az\/product\/nh3-cubic-unit-cooler\/\",\"url\":\"https:\/\/geoclimate.ge\/az\/product\/nh3-cubic-unit-cooler\/\",\"name\":\"NH3 kub vahid soyuducu - GeoClimate.ge\",\"isPartOf\":{\"@id\":\"https:\/\/geoclimate.ge\/#website\"},\"primaryImageOfPage\":{\"@id\":\"https:\/\/geoclimate.ge\/az\/product\/nh3-cubic-unit-cooler\/#primaryimage\"},\"image\":{\"@id\":\"https:\/\/geoclimate.ge\/az\/product\/nh3-cubic-unit-cooler\/#primaryimage\"},\"thumbnailUrl\":\"https:\/\/geoclimate.ge\/wp-content\/uploads\/2025\/05\/Cubic-Evaporators-For-Static-_-ICQ-Tunnels-qdd9g0secfcl5l5m0atd5pznt6vx9qswap36tnnygk-1.png\",\"datePublished\":\"2025-05-25T12:42:50+00:00\",\"dateModified\":\"2025-05-25T12:46:39+00:00\",\"breadcrumb\":{\"@id\":\"https:\/\/geoclimate.ge\/az\/product\/nh3-cubic-unit-cooler\/#breadcrumb\"},\"inLanguage\":\"az\",\"potentialAction\":[{\"@type\":\"ReadAction\",\"target\":[\"https:\/\/geoclimate.ge\/az\/product\/nh3-cubic-unit-cooler\/\"]}]},{\"@type\":\"ImageObject\",\"inLanguage\":\"az\",\"@id\":\"https:\/\/geoclimate.ge\/az\/product\/nh3-cubic-unit-cooler\/#primaryimage\",\"url\":\"https:\/\/geoclimate.ge\/wp-content\/uploads\/2025\/05\/Cubic-Evaporators-For-Static-_-ICQ-Tunnels-qdd9g0secfcl5l5m0atd5pznt6vx9qswap36tnnygk-1.png\",\"contentUrl\":\"https:\/\/geoclimate.ge\/wp-content\/uploads\/2025\/05\/Cubic-Evaporators-For-Static-_-ICQ-Tunnels-qdd9g0secfcl5l5m0atd5pznt6vx9qswap36tnnygk-1.png\",\"width\":700,\"height\":466},{\"@type\":\"BreadcrumbList\",\"@id\":\"https:\/\/geoclimate.ge\/az\/product\/nh3-cubic-unit-cooler\/#breadcrumb\",\"itemListElement\":[{\"@type\":\"ListItem\",\"position\":1,\"name\":\"Home\",\"item\":\"https:\/\/geoclimate.ge\/az\/\"},{\"@type\":\"ListItem\",\"position\":2,\"name\":\"M\u0259hsullar\",\"item\":\"https:\/\/geoclimate.ge\/az\/products\/\"},{\"@type\":\"ListItem\",\"position\":3,\"name\":\"NH3 kub vahid soyuducu\"}]},{\"@type\":\"WebSite\",\"@id\":\"https:\/\/geoclimate.ge\/#website\",\"url\":\"https:\/\/geoclimate.ge\/\",\"name\":\"GeoClimate\",\"description\":\"\",\"publisher\":{\"@id\":\"https:\/\/geoclimate.ge\/#organization\"},\"potentialAction\":[{\"@type\":\"SearchAction\",\"target\":{\"@type\":\"EntryPoint\",\"urlTemplate\":\"https:\/\/geoclimate.ge\/?s={search_term_string}\"},\"query-input\":{\"@type\":\"PropertyValueSpecification\",\"valueRequired\":true,\"valueName\":\"search_term_string\"}}],\"inLanguage\":\"az\"},{\"@type\":\"Organization\",\"@id\":\"https:\/\/geoclimate.ge\/#organization\",\"name\":\"GeoClimate\",\"url\":\"https:\/\/geoclimate.ge\/\",\"logo\":{\"@type\":\"ImageObject\",\"inLanguage\":\"az\",\"@id\":\"https:\/\/geoclimate.ge\/#\/schema\/logo\/image\/\",\"url\":\"https:\/\/geoclimate.ge\/wp-content\/uploads\/2026\/03\/geoclimate-SEO.png\",\"contentUrl\":\"https:\/\/geoclimate.ge\/wp-content\/uploads\/2026\/03\/geoclimate-SEO.png\",\"width\":1536,\"height\":1024,\"caption\":\"GeoClimate\"},\"image\":{\"@id\":\"https:\/\/geoclimate.ge\/#\/schema\/logo\/image\/\"}}]}<\/script>\n<!-- \/ Yoast SEO plugin. -->","yoast_head_json":{"title":"NH3 kub vahid soyuducu - GeoClimate.ge","robots":{"index":"index","follow":"follow","max-snippet":"max-snippet:-1","max-image-preview":"max-image-preview:large","max-video-preview":"max-video-preview:-1"},"canonical":"https:\/\/geoclimate.ge\/az\/product\/nh3-cubic-unit-cooler\/","og_locale":"az_AZ","og_type":"article","og_title":"NH3 kub vahid soyuducu - GeoClimate.ge","og_description":"EC: Kub NH3 v\u0259 duzlu su vahidi soyuducular\u0131 Soyutma g\u00fcc\u00fc 3 kVt-dan 550 kVt-a q\u0259d\u0259r  ENEX INDUSTRIAL-\u0131n ki\u00e7ik v\u0259 b\u00f6y\u00fck soyuq otaqlar \u00fc\u00e7\u00fcn EC kub soyuducular\u0131 soyutma v\u0259 dondurma t\u0259tbiql\u0259ri \u00fc\u00e7\u00fcn ideald\u0131r. X\u00fcsusil\u0259 y\u00fcks\u0259k dayan\u0131ql\u0131 R717 soyuducudan istifad\u0259 ed\u0259n pompalanan v\u0259 qravitasiya il\u0259 qidalanan su basm\u0131\u015f sisteml\u0259r \u00fc\u00e7\u00fcn n\u0259z\u0259rd\u0259 tutulmu\u015fdur. Paslanmayan polad borular aqressiv m\u00fchitl\u0259rd\u0259 NH3 uy\u011funlu\u011fu v\u0259 maksimum qoruma t\u0259klif edir.","og_url":"https:\/\/geoclimate.ge\/az\/product\/nh3-cubic-unit-cooler\/","og_site_name":"GeoClimate.ge","article_modified_time":"2025-05-25T12:46:39+00:00","og_image":[{"width":700,"height":466,"url":"https:\/\/geoclimate.ge\/wp-content\/uploads\/2025\/05\/Cubic-Evaporators-For-Static-_-ICQ-Tunnels-qdd9g0secfcl5l5m0atd5pznt6vx9qswap36tnnygk-1.png","type":"image\/png"}],"twitter_card":"summary_large_image","twitter_misc":{"Est. reading time":"1 minute"},"schema":{"@context":"https:\/\/schema.org","@graph":[{"@type":"WebPage","@id":"https:\/\/geoclimate.ge\/az\/product\/nh3-cubic-unit-cooler\/","url":"https:\/\/geoclimate.ge\/az\/product\/nh3-cubic-unit-cooler\/","name":"NH3 kub vahid soyuducu - GeoClimate.ge","isPartOf":{"@id":"https:\/\/geoclimate.ge\/#website"},"primaryImageOfPage":{"@id":"https:\/\/geoclimate.ge\/az\/product\/nh3-cubic-unit-cooler\/#primaryimage"},"image":{"@id":"https:\/\/geoclimate.ge\/az\/product\/nh3-cubic-unit-cooler\/#primaryimage"},"thumbnailUrl":"https:\/\/geoclimate.ge\/wp-content\/uploads\/2025\/05\/Cubic-Evaporators-For-Static-_-ICQ-Tunnels-qdd9g0secfcl5l5m0atd5pznt6vx9qswap36tnnygk-1.png","datePublished":"2025-05-25T12:42:50+00:00","dateModified":"2025-05-25T12:46:39+00:00","breadcrumb":{"@id":"https:\/\/geoclimate.ge\/az\/product\/nh3-cubic-unit-cooler\/#breadcrumb"},"inLanguage":"az","potentialAction":[{"@type":"ReadAction","target":["https:\/\/geoclimate.ge\/az\/product\/nh3-cubic-unit-cooler\/"]}]},{"@type":"ImageObject","inLanguage":"az","@id":"https:\/\/geoclimate.ge\/az\/product\/nh3-cubic-unit-cooler\/#primaryimage","url":"https:\/\/geoclimate.ge\/wp-content\/uploads\/2025\/05\/Cubic-Evaporators-For-Static-_-ICQ-Tunnels-qdd9g0secfcl5l5m0atd5pznt6vx9qswap36tnnygk-1.png","contentUrl":"https:\/\/geoclimate.ge\/wp-content\/uploads\/2025\/05\/Cubic-Evaporators-For-Static-_-ICQ-Tunnels-qdd9g0secfcl5l5m0atd5pznt6vx9qswap36tnnygk-1.png","width":700,"height":466},{"@type":"BreadcrumbList","@id":"https:\/\/geoclimate.ge\/az\/product\/nh3-cubic-unit-cooler\/#breadcrumb","itemListElement":[{"@type":"ListItem","position":1,"name":"Home","item":"https:\/\/geoclimate.ge\/az\/"},{"@type":"ListItem","position":2,"name":"M\u0259hsullar","item":"https:\/\/geoclimate.ge\/az\/products\/"},{"@type":"ListItem","position":3,"name":"NH3 kub vahid soyuducu"}]},{"@type":"WebSite","@id":"https:\/\/geoclimate.ge\/#website","url":"https:\/\/geoclimate.ge\/","name":"GeoClimate","description":"","publisher":{"@id":"https:\/\/geoclimate.ge\/#organization"},"potentialAction":[{"@type":"SearchAction","target":{"@type":"EntryPoint","urlTemplate":"https:\/\/geoclimate.ge\/?s={search_term_string}"},"query-input":{"@type":"PropertyValueSpecification","valueRequired":true,"valueName":"search_term_string"}}],"inLanguage":"az"},{"@type":"Organization","@id":"https:\/\/geoclimate.ge\/#organization","name":"GeoClimate","url":"https:\/\/geoclimate.ge\/","logo":{"@type":"ImageObject","inLanguage":"az","@id":"https:\/\/geoclimate.ge\/#\/schema\/logo\/image\/","url":"https:\/\/geoclimate.ge\/wp-content\/uploads\/2026\/03\/geoclimate-SEO.png","contentUrl":"https:\/\/geoclimate.ge\/wp-content\/uploads\/2026\/03\/geoclimate-SEO.png","width":1536,"height":1024,"caption":"GeoClimate"},"image":{"@id":"https:\/\/geoclimate.ge\/#\/schema\/logo\/image\/"}}]}},"_links":{"self":[{"href":"https:\/\/geoclimate.ge\/az\/wp-json\/wp\/v2\/product\/33379","targetHints":{"allow":["GET"]}}],"collection":[{"href":"https:\/\/geoclimate.ge\/az\/wp-json\/wp\/v2\/product"}],"about":[{"href":"https:\/\/geoclimate.ge\/az\/wp-json\/wp\/v2\/types\/product"}],"wp:featuredmedia":[{"embeddable":true,"href":"https:\/\/geoclimate.ge\/az\/wp-json\/wp\/v2\/media\/33374"}],"wp:attachment":[{"href":"https:\/\/geoclimate.ge\/az\/wp-json\/wp\/v2\/media?parent=33379"}],"wp:term":[{"taxonomy":"product_brand","embeddable":true,"href":"https:\/\/geoclimate.ge\/az\/wp-json\/wp\/v2\/product_brand?post=33379"},{"taxonomy":"product_cat","embeddable":true,"href":"https:\/\/geoclimate.ge\/az\/wp-json\/wp\/v2\/product_cat?post=33379"},{"taxonomy":"product_tag","embeddable":true,"href":"https:\/\/geoclimate.ge\/az\/wp-json\/wp\/v2\/product_tag?post=33379"}],"curies":[{"name":"wp","href":"https:\/\/api.w.org\/{rel}","templated":true}]}}