{"id":33444,"date":"2025-05-25T17:08:58","date_gmt":"2025-05-25T13:08:58","guid":{"rendered":"https:\/\/airsystems.ge\/shop\/product\/dual-discharge-industrial-unit-cooler-od-bd-dual-discharge-co2-and-brine-unit-coolers\/"},"modified":"2025-05-25T17:11:34","modified_gmt":"2025-05-25T13:11:34","slug":"dual-discharge-industrial-unit-cooler-od-bd-dual-discharge-co2-and-brine-unit-coolers","status":"publish","type":"product","link":"https:\/\/geoclimate.ge\/az\/product\/dual-discharge-industrial-unit-cooler-od-bd-dual-discharge-co2-and-brine-unit-coolers\/","title":{"rendered":"\u0130kili bo\u015falma s\u0259naye blokunun soyuducusu OD\/BD: \u0130kili atq\u0131l\u0131 CO2 v\u0259 duzlu su qur\u011fusu soyuducular\u0131"},"content":{"rendered":"","protected":false},"excerpt":{"rendered":"<p>2 kVt-dan 160 kVt-a q\u0259d\u0259r soyutma g\u00fcc\u00fc<\/p>\n<p>ENEX-in OD\/BD ikili bo\u015falma qur\u011fular\u0131 soyutma v\u0259 ya dondurma t\u0259tbiql\u0259rini t\u0259l\u0259b ed\u0259n orta v\u0259 b\u00f6y\u00fck soyuq otaqlar \u00fc\u00e7\u00fcn ideald\u0131r. X\u00fcsusil\u0259 dolay\u0131 hava ax\u0131n\u0131na \u00fcst\u00fcnl\u00fck veril\u0259n i\u015f yerl\u0259ri (yem\u0259k haz\u0131rlama otaqlar\u0131, d\u0259hlizl\u0259r) v\u0259 temperatura h\u0259ssas m\u0259hsullar (\u0259t, bal\u0131q, meyv\u0259 v\u0259 s.) \u00fc\u00e7\u00fcn n\u0259z\u0259rd\u0259 tutulmu\u015fdur. Onlar y\u00fcks\u0259k dayan\u0131ql\u0131 R744 birba\u015fa geni\u015fl\u0259ndirm\u0259 sistemi v\u0259 ya duzlu su d\u00f6ng\u0259si il\u0259 istifad\u0259 edil\u0259 bil\u0259r.<\/p>\n<p>X\u00fcsusiyy\u0259tl\u0259r<\/p>\n<p>Qapaql\u0131 rulon: Yivli mis borular (3\/8&#8243; \u00d8) v\u0259 CUPROCLIMA\u00ae spesifikasiyas\u0131na uy\u011fun olaraq haz\u0131rlanm\u0131\u015f b\u00fczm\u0259li al\u00fcminium qanadlarla tikilmi\u015fdir.<br \/>\nFanlar: Standart olaraq AC fan m\u00fch\u0259rrikl\u0259ri il\u0259 t\u0259chiz edilmi\u015fdir.<br \/>\nEksenel t\u0259k fazal\u0131 m\u00fch\u0259rrikl\u0259r (230V I 50\/60Hz)<br \/>\nErP Direktivin\u0259 uy\u011fundur \u00d8 500, 630 mm<br \/>\nKorpus: Ekstremal ekoloji \u015f\u0259raitd\u0259 bel\u0259 korroziyaya qar\u015f\u0131 y\u00fcks\u0259k qorunma \u00fc\u00e7\u00fcn \u0259vv\u0259lc\u0259d\u0259n r\u0259ngl\u0259nmi\u015f al\u00fcminium. Korpus \u0259n s\u0259rt qida gigiyena standartlar\u0131na uy\u011fundur<br \/>\nDizayn t\u0259zyiqi: PS=60-80bar PT=86-115bar<\/p>\n","protected":false},"featured_media":33438,"template":"","meta":[],"product_brand":[],"product_cat":[1643,875],"product_tag":[],"class_list":{"0":"post-33444","1":"product","2":"type-product","3":"status-publish","4":"has-post-thumbnail","6":"product_cat-buxarlandirici","7":"product_cat-snaye-az-kondisionerlr","9":"first","10":"instock","11":"shipping-taxable","12":"product-type-simple"},"yoast_head":"<!-- This site is optimized with the Yoast SEO plugin v27.1.1 - https:\/\/yoast.com\/product\/yoast-seo-wordpress\/ -->\n<title>\u0130kili bo\u015falma s\u0259naye blokunun soyuducusu OD\/BD: \u0130kili atq\u0131l\u0131 CO2 v\u0259 duzlu su qur\u011fusu soyuducular\u0131 - GeoClimate.ge<\/title>\n<meta name=\"robots\" content=\"index, follow, max-snippet:-1, max-image-preview:large, max-video-preview:-1\" \/>\n<link rel=\"canonical\" href=\"https:\/\/geoclimate.ge\/az\/product\/dual-discharge-industrial-unit-cooler-od-bd-dual-discharge-co2-and-brine-unit-coolers\/\" \/>\n<meta property=\"og:locale\" content=\"az_AZ\" \/>\n<meta property=\"og:type\" content=\"article\" \/>\n<meta property=\"og:title\" content=\"\u0130kili bo\u015falma s\u0259naye blokunun soyuducusu OD\/BD: \u0130kili atq\u0131l\u0131 CO2 v\u0259 duzlu su qur\u011fusu soyuducular\u0131 - GeoClimate.ge\" \/>\n<meta property=\"og:description\" content=\"2 kVt-dan 160 kVt-a q\u0259d\u0259r soyutma g\u00fcc\u00fc  ENEX-in OD\/BD ikili bo\u015falma qur\u011fular\u0131 soyutma v\u0259 ya dondurma t\u0259tbiql\u0259rini t\u0259l\u0259b ed\u0259n orta v\u0259 b\u00f6y\u00fck soyuq otaqlar \u00fc\u00e7\u00fcn ideald\u0131r. X\u00fcsusil\u0259 dolay\u0131 hava ax\u0131n\u0131na \u00fcst\u00fcnl\u00fck veril\u0259n i\u015f yerl\u0259ri (yem\u0259k haz\u0131rlama otaqlar\u0131, d\u0259hlizl\u0259r) v\u0259 temperatura h\u0259ssas m\u0259hsullar (\u0259t, bal\u0131q, meyv\u0259 v\u0259 s.) \u00fc\u00e7\u00fcn n\u0259z\u0259rd\u0259 tutulmu\u015fdur. Onlar y\u00fcks\u0259k dayan\u0131ql\u0131 R744 birba\u015fa geni\u015fl\u0259ndirm\u0259 sistemi v\u0259 ya duzlu su d\u00f6ng\u0259si il\u0259 istifad\u0259 edil\u0259 bil\u0259r.  X\u00fcsusiyy\u0259tl\u0259r  Qapaql\u0131 rulon: Yivli mis borular (3\/8&quot; \u00d8) v\u0259 CUPROCLIMA\u00ae spesifikasiyas\u0131na uy\u011fun olaraq haz\u0131rlanm\u0131\u015f b\u00fczm\u0259li al\u00fcminium qanadlarla tikilmi\u015fdir. Fanlar: Standart olaraq AC fan m\u00fch\u0259rrikl\u0259ri il\u0259 t\u0259chiz edilmi\u015fdir. Eksenel t\u0259k fazal\u0131 m\u00fch\u0259rrikl\u0259r (230V I 50\/60Hz) ErP Direktivin\u0259 uy\u011fundur \u00d8 500, 630 mm Korpus: Ekstremal ekoloji \u015f\u0259raitd\u0259 bel\u0259 korroziyaya qar\u015f\u0131 y\u00fcks\u0259k qorunma \u00fc\u00e7\u00fcn \u0259vv\u0259lc\u0259d\u0259n r\u0259ngl\u0259nmi\u015f al\u00fcminium. Korpus \u0259n s\u0259rt qida gigiyena standartlar\u0131na uy\u011fundur Dizayn t\u0259zyiqi: PS=60-80bar PT=86-115bar\" \/>\n<meta property=\"og:url\" content=\"https:\/\/geoclimate.ge\/az\/product\/dual-discharge-industrial-unit-cooler-od-bd-dual-discharge-co2-and-brine-unit-coolers\/\" \/>\n<meta property=\"og:site_name\" content=\"GeoClimate.ge\" \/>\n<meta property=\"article:modified_time\" content=\"2025-05-25T13:11:34+00:00\" \/>\n<meta property=\"og:image\" content=\"https:\/\/geoclimate.ge\/wp-content\/uploads\/2025\/05\/DUAL-DISCHARGE-INDUSTRIAL-UNIT-COOLER-scaled.png\" \/>\n\t<meta property=\"og:image:width\" content=\"2560\" \/>\n\t<meta property=\"og:image:height\" content=\"1706\" \/>\n\t<meta property=\"og:image:type\" content=\"image\/png\" \/>\n<meta name=\"twitter:card\" content=\"summary_large_image\" \/>\n<script type=\"application\/ld+json\" class=\"yoast-schema-graph\">{\"@context\":\"https:\/\/schema.org\",\"@graph\":[{\"@type\":\"WebPage\",\"@id\":\"https:\/\/geoclimate.ge\/az\/product\/dual-discharge-industrial-unit-cooler-od-bd-dual-discharge-co2-and-brine-unit-coolers\/\",\"url\":\"https:\/\/geoclimate.ge\/az\/product\/dual-discharge-industrial-unit-cooler-od-bd-dual-discharge-co2-and-brine-unit-coolers\/\",\"name\":\"\u0130kili bo\u015falma s\u0259naye blokunun soyuducusu OD\/BD: \u0130kili atq\u0131l\u0131 CO2 v\u0259 duzlu su qur\u011fusu soyuducular\u0131 - GeoClimate.ge\",\"isPartOf\":{\"@id\":\"https:\/\/geoclimate.ge\/#website\"},\"primaryImageOfPage\":{\"@id\":\"https:\/\/geoclimate.ge\/az\/product\/dual-discharge-industrial-unit-cooler-od-bd-dual-discharge-co2-and-brine-unit-coolers\/#primaryimage\"},\"image\":{\"@id\":\"https:\/\/geoclimate.ge\/az\/product\/dual-discharge-industrial-unit-cooler-od-bd-dual-discharge-co2-and-brine-unit-coolers\/#primaryimage\"},\"thumbnailUrl\":\"https:\/\/geoclimate.ge\/wp-content\/uploads\/2025\/05\/DUAL-DISCHARGE-INDUSTRIAL-UNIT-COOLER-scaled.png\",\"datePublished\":\"2025-05-25T13:08:58+00:00\",\"dateModified\":\"2025-05-25T13:11:34+00:00\",\"breadcrumb\":{\"@id\":\"https:\/\/geoclimate.ge\/az\/product\/dual-discharge-industrial-unit-cooler-od-bd-dual-discharge-co2-and-brine-unit-coolers\/#breadcrumb\"},\"inLanguage\":\"az\",\"potentialAction\":[{\"@type\":\"ReadAction\",\"target\":[\"https:\/\/geoclimate.ge\/az\/product\/dual-discharge-industrial-unit-cooler-od-bd-dual-discharge-co2-and-brine-unit-coolers\/\"]}]},{\"@type\":\"ImageObject\",\"inLanguage\":\"az\",\"@id\":\"https:\/\/geoclimate.ge\/az\/product\/dual-discharge-industrial-unit-cooler-od-bd-dual-discharge-co2-and-brine-unit-coolers\/#primaryimage\",\"url\":\"https:\/\/geoclimate.ge\/wp-content\/uploads\/2025\/05\/DUAL-DISCHARGE-INDUSTRIAL-UNIT-COOLER-scaled.png\",\"contentUrl\":\"https:\/\/geoclimate.ge\/wp-content\/uploads\/2025\/05\/DUAL-DISCHARGE-INDUSTRIAL-UNIT-COOLER-scaled.png\",\"width\":2560,\"height\":1706},{\"@type\":\"BreadcrumbList\",\"@id\":\"https:\/\/geoclimate.ge\/az\/product\/dual-discharge-industrial-unit-cooler-od-bd-dual-discharge-co2-and-brine-unit-coolers\/#breadcrumb\",\"itemListElement\":[{\"@type\":\"ListItem\",\"position\":1,\"name\":\"Home\",\"item\":\"https:\/\/geoclimate.ge\/az\/\"},{\"@type\":\"ListItem\",\"position\":2,\"name\":\"M\u0259hsullar\",\"item\":\"https:\/\/geoclimate.ge\/az\/products\/\"},{\"@type\":\"ListItem\",\"position\":3,\"name\":\"\u0130kili bo\u015falma s\u0259naye blokunun soyuducusu OD\/BD: \u0130kili atq\u0131l\u0131 CO2 v\u0259 duzlu su qur\u011fusu soyuducular\u0131\"}]},{\"@type\":\"WebSite\",\"@id\":\"https:\/\/geoclimate.ge\/#website\",\"url\":\"https:\/\/geoclimate.ge\/\",\"name\":\"GeoClimate\",\"description\":\"\",\"publisher\":{\"@id\":\"https:\/\/geoclimate.ge\/#organization\"},\"potentialAction\":[{\"@type\":\"SearchAction\",\"target\":{\"@type\":\"EntryPoint\",\"urlTemplate\":\"https:\/\/geoclimate.ge\/?s={search_term_string}\"},\"query-input\":{\"@type\":\"PropertyValueSpecification\",\"valueRequired\":true,\"valueName\":\"search_term_string\"}}],\"inLanguage\":\"az\"},{\"@type\":\"Organization\",\"@id\":\"https:\/\/geoclimate.ge\/#organization\",\"name\":\"GeoClimate\",\"url\":\"https:\/\/geoclimate.ge\/\",\"logo\":{\"@type\":\"ImageObject\",\"inLanguage\":\"az\",\"@id\":\"https:\/\/geoclimate.ge\/#\/schema\/logo\/image\/\",\"url\":\"https:\/\/geoclimate.ge\/wp-content\/uploads\/2026\/03\/geoclimate-SEO.png\",\"contentUrl\":\"https:\/\/geoclimate.ge\/wp-content\/uploads\/2026\/03\/geoclimate-SEO.png\",\"width\":1536,\"height\":1024,\"caption\":\"GeoClimate\"},\"image\":{\"@id\":\"https:\/\/geoclimate.ge\/#\/schema\/logo\/image\/\"}}]}<\/script>\n<!-- \/ Yoast SEO plugin. -->","yoast_head_json":{"title":"\u0130kili bo\u015falma s\u0259naye blokunun soyuducusu OD\/BD: \u0130kili atq\u0131l\u0131 CO2 v\u0259 duzlu su qur\u011fusu soyuducular\u0131 - GeoClimate.ge","robots":{"index":"index","follow":"follow","max-snippet":"max-snippet:-1","max-image-preview":"max-image-preview:large","max-video-preview":"max-video-preview:-1"},"canonical":"https:\/\/geoclimate.ge\/az\/product\/dual-discharge-industrial-unit-cooler-od-bd-dual-discharge-co2-and-brine-unit-coolers\/","og_locale":"az_AZ","og_type":"article","og_title":"\u0130kili bo\u015falma s\u0259naye blokunun soyuducusu OD\/BD: \u0130kili atq\u0131l\u0131 CO2 v\u0259 duzlu su qur\u011fusu soyuducular\u0131 - GeoClimate.ge","og_description":"2 kVt-dan 160 kVt-a q\u0259d\u0259r soyutma g\u00fcc\u00fc  ENEX-in OD\/BD ikili bo\u015falma qur\u011fular\u0131 soyutma v\u0259 ya dondurma t\u0259tbiql\u0259rini t\u0259l\u0259b ed\u0259n orta v\u0259 b\u00f6y\u00fck soyuq otaqlar \u00fc\u00e7\u00fcn ideald\u0131r. X\u00fcsusil\u0259 dolay\u0131 hava ax\u0131n\u0131na \u00fcst\u00fcnl\u00fck veril\u0259n i\u015f yerl\u0259ri (yem\u0259k haz\u0131rlama otaqlar\u0131, d\u0259hlizl\u0259r) v\u0259 temperatura h\u0259ssas m\u0259hsullar (\u0259t, bal\u0131q, meyv\u0259 v\u0259 s.) \u00fc\u00e7\u00fcn n\u0259z\u0259rd\u0259 tutulmu\u015fdur. Onlar y\u00fcks\u0259k dayan\u0131ql\u0131 R744 birba\u015fa geni\u015fl\u0259ndirm\u0259 sistemi v\u0259 ya duzlu su d\u00f6ng\u0259si il\u0259 istifad\u0259 edil\u0259 bil\u0259r.  X\u00fcsusiyy\u0259tl\u0259r  Qapaql\u0131 rulon: Yivli mis borular (3\/8\" \u00d8) v\u0259 CUPROCLIMA\u00ae spesifikasiyas\u0131na uy\u011fun olaraq haz\u0131rlanm\u0131\u015f b\u00fczm\u0259li al\u00fcminium qanadlarla tikilmi\u015fdir. Fanlar: Standart olaraq AC fan m\u00fch\u0259rrikl\u0259ri il\u0259 t\u0259chiz edilmi\u015fdir. Eksenel t\u0259k fazal\u0131 m\u00fch\u0259rrikl\u0259r (230V I 50\/60Hz) ErP Direktivin\u0259 uy\u011fundur \u00d8 500, 630 mm Korpus: Ekstremal ekoloji \u015f\u0259raitd\u0259 bel\u0259 korroziyaya qar\u015f\u0131 y\u00fcks\u0259k qorunma \u00fc\u00e7\u00fcn \u0259vv\u0259lc\u0259d\u0259n r\u0259ngl\u0259nmi\u015f al\u00fcminium. Korpus \u0259n s\u0259rt qida gigiyena standartlar\u0131na uy\u011fundur Dizayn t\u0259zyiqi: PS=60-80bar PT=86-115bar","og_url":"https:\/\/geoclimate.ge\/az\/product\/dual-discharge-industrial-unit-cooler-od-bd-dual-discharge-co2-and-brine-unit-coolers\/","og_site_name":"GeoClimate.ge","article_modified_time":"2025-05-25T13:11:34+00:00","og_image":[{"width":2560,"height":1706,"url":"https:\/\/geoclimate.ge\/wp-content\/uploads\/2025\/05\/DUAL-DISCHARGE-INDUSTRIAL-UNIT-COOLER-scaled.png","type":"image\/png"}],"twitter_card":"summary_large_image","schema":{"@context":"https:\/\/schema.org","@graph":[{"@type":"WebPage","@id":"https:\/\/geoclimate.ge\/az\/product\/dual-discharge-industrial-unit-cooler-od-bd-dual-discharge-co2-and-brine-unit-coolers\/","url":"https:\/\/geoclimate.ge\/az\/product\/dual-discharge-industrial-unit-cooler-od-bd-dual-discharge-co2-and-brine-unit-coolers\/","name":"\u0130kili bo\u015falma s\u0259naye blokunun soyuducusu OD\/BD: \u0130kili atq\u0131l\u0131 CO2 v\u0259 duzlu su qur\u011fusu soyuducular\u0131 - GeoClimate.ge","isPartOf":{"@id":"https:\/\/geoclimate.ge\/#website"},"primaryImageOfPage":{"@id":"https:\/\/geoclimate.ge\/az\/product\/dual-discharge-industrial-unit-cooler-od-bd-dual-discharge-co2-and-brine-unit-coolers\/#primaryimage"},"image":{"@id":"https:\/\/geoclimate.ge\/az\/product\/dual-discharge-industrial-unit-cooler-od-bd-dual-discharge-co2-and-brine-unit-coolers\/#primaryimage"},"thumbnailUrl":"https:\/\/geoclimate.ge\/wp-content\/uploads\/2025\/05\/DUAL-DISCHARGE-INDUSTRIAL-UNIT-COOLER-scaled.png","datePublished":"2025-05-25T13:08:58+00:00","dateModified":"2025-05-25T13:11:34+00:00","breadcrumb":{"@id":"https:\/\/geoclimate.ge\/az\/product\/dual-discharge-industrial-unit-cooler-od-bd-dual-discharge-co2-and-brine-unit-coolers\/#breadcrumb"},"inLanguage":"az","potentialAction":[{"@type":"ReadAction","target":["https:\/\/geoclimate.ge\/az\/product\/dual-discharge-industrial-unit-cooler-od-bd-dual-discharge-co2-and-brine-unit-coolers\/"]}]},{"@type":"ImageObject","inLanguage":"az","@id":"https:\/\/geoclimate.ge\/az\/product\/dual-discharge-industrial-unit-cooler-od-bd-dual-discharge-co2-and-brine-unit-coolers\/#primaryimage","url":"https:\/\/geoclimate.ge\/wp-content\/uploads\/2025\/05\/DUAL-DISCHARGE-INDUSTRIAL-UNIT-COOLER-scaled.png","contentUrl":"https:\/\/geoclimate.ge\/wp-content\/uploads\/2025\/05\/DUAL-DISCHARGE-INDUSTRIAL-UNIT-COOLER-scaled.png","width":2560,"height":1706},{"@type":"BreadcrumbList","@id":"https:\/\/geoclimate.ge\/az\/product\/dual-discharge-industrial-unit-cooler-od-bd-dual-discharge-co2-and-brine-unit-coolers\/#breadcrumb","itemListElement":[{"@type":"ListItem","position":1,"name":"Home","item":"https:\/\/geoclimate.ge\/az\/"},{"@type":"ListItem","position":2,"name":"M\u0259hsullar","item":"https:\/\/geoclimate.ge\/az\/products\/"},{"@type":"ListItem","position":3,"name":"\u0130kili bo\u015falma s\u0259naye blokunun soyuducusu OD\/BD: \u0130kili atq\u0131l\u0131 CO2 v\u0259 duzlu su qur\u011fusu soyuducular\u0131"}]},{"@type":"WebSite","@id":"https:\/\/geoclimate.ge\/#website","url":"https:\/\/geoclimate.ge\/","name":"GeoClimate","description":"","publisher":{"@id":"https:\/\/geoclimate.ge\/#organization"},"potentialAction":[{"@type":"SearchAction","target":{"@type":"EntryPoint","urlTemplate":"https:\/\/geoclimate.ge\/?s={search_term_string}"},"query-input":{"@type":"PropertyValueSpecification","valueRequired":true,"valueName":"search_term_string"}}],"inLanguage":"az"},{"@type":"Organization","@id":"https:\/\/geoclimate.ge\/#organization","name":"GeoClimate","url":"https:\/\/geoclimate.ge\/","logo":{"@type":"ImageObject","inLanguage":"az","@id":"https:\/\/geoclimate.ge\/#\/schema\/logo\/image\/","url":"https:\/\/geoclimate.ge\/wp-content\/uploads\/2026\/03\/geoclimate-SEO.png","contentUrl":"https:\/\/geoclimate.ge\/wp-content\/uploads\/2026\/03\/geoclimate-SEO.png","width":1536,"height":1024,"caption":"GeoClimate"},"image":{"@id":"https:\/\/geoclimate.ge\/#\/schema\/logo\/image\/"}}]}},"_links":{"self":[{"href":"https:\/\/geoclimate.ge\/az\/wp-json\/wp\/v2\/product\/33444","targetHints":{"allow":["GET"]}}],"collection":[{"href":"https:\/\/geoclimate.ge\/az\/wp-json\/wp\/v2\/product"}],"about":[{"href":"https:\/\/geoclimate.ge\/az\/wp-json\/wp\/v2\/types\/product"}],"wp:featuredmedia":[{"embeddable":true,"href":"https:\/\/geoclimate.ge\/az\/wp-json\/wp\/v2\/media\/33438"}],"wp:attachment":[{"href":"https:\/\/geoclimate.ge\/az\/wp-json\/wp\/v2\/media?parent=33444"}],"wp:term":[{"taxonomy":"product_brand","embeddable":true,"href":"https:\/\/geoclimate.ge\/az\/wp-json\/wp\/v2\/product_brand?post=33444"},{"taxonomy":"product_cat","embeddable":true,"href":"https:\/\/geoclimate.ge\/az\/wp-json\/wp\/v2\/product_cat?post=33444"},{"taxonomy":"product_tag","embeddable":true,"href":"https:\/\/geoclimate.ge\/az\/wp-json\/wp\/v2\/product_tag?post=33444"}],"curies":[{"name":"wp","href":"https:\/\/api.w.org\/{rel}","templated":true}]}}