{"id":33489,"date":"2025-05-25T21:00:59","date_gmt":"2025-05-25T17:00:59","guid":{"rendered":"https:\/\/airsystems.ge\/shop\/product\/yukon-b-split-air-cooled-reciprocating-chiller-with-remote-gas-cooler\/"},"modified":"2025-05-25T21:04:16","modified_gmt":"2025-05-25T17:04:16","slug":"yukon-b-split-air-cooled-reciprocating-chiller-with-remote-gas-cooler","status":"publish","type":"product","link":"https:\/\/geoclimate.ge\/az\/product\/yukon-b-split-air-cooled-reciprocating-chiller-with-remote-gas-cooler\/","title":{"rendered":"Yukon B Uzaqdan qaz soyuducusu olan split hava soyuduculu pistonlu soyuducu"},"content":{"rendered":"<p><a class=\"elementor-button elementor-button-link elementor-size-sm\" href=\"https:\/\/www.enextechnologies.com\/wp-content\/uploads\/2024\/08\/One-Pager-YUKON-B-ENG.pdf\" target=\"_blank\" rel=\"noopener\"><span class=\"elementor-button-content-wrapper\"><span class=\"elementor-button-text\">ONE PAGER<\/span><\/span><\/a><\/p>\n","protected":false},"excerpt":{"rendered":"<p>Yukon B<br \/>\nYukon, Enex-in su v\u0259 duzlu su qar\u0131\u015f\u0131qlar\u0131n\u0131n soyudulmas\u0131 \u00fc\u00e7\u00fcn hava il\u0259 soyudulmu\u015f v\u0259 su il\u0259 soyudulmu\u015f CO\u2082 transkritik soyuducular\u0131n\u0131n innovativ \u00e7e\u015fididir, proses soyutma, soyuq saxlama, HVAC, buz meydan\u00e7alar\u0131, \u015f\u0259rab zavodlar\u0131 v\u0259 sair kimi t\u0259tbiql\u0259r \u00fc\u00e7\u00fcn uy\u011fundur. O, uzaqdan qaz soyuducusu il\u0259 split konfiqurasiya t\u0259klif edir, kompressor b\u00f6lm\u0259sinin s\u0259s-k\u00fcy\u00fcn azald\u0131lmas\u0131 v\u0259 asan t\u0259mir \u00fc\u00e7\u00fcn zavod ota\u011f\u0131nda yerl\u0259\u015fdiyi qur\u011fular \u00fc\u00e7\u00fcn ideald\u0131r. Yukon qur\u011fusunda 80\u00b0C-\u0259 q\u0259d\u0259r isti su istehsal etm\u0259y\u0259 imkan ver\u0259n istilik b\u0259rpas\u0131 \u00fc\u00e7\u00fcn bir se\u00e7im var. Soyudulmu\u015f su v\u0259 duzlu su istehsal etm\u0259k \u00fc\u00e7\u00fcn Yukon qur\u011fusunun \u00e7ox kompressorlu versiyas\u0131 dizayn\u0131n sad\u0259liyini, y\u00fcks\u0259k s\u0259m\u0259r\u0259liliyi, sabit idar\u0259etm\u0259ni v\u0259 h\u0259ddind\u0259n art\u0131q etibarl\u0131l\u0131\u011f\u0131 t\u0259min ed\u0259n cazib\u0259 q\u00fcvv\u0259si il\u0259 su basm\u0131\u015f buxarland\u0131r\u0131c\u0131 sistemin\u0259 malikdir. Bu, x\u00fcsusil\u0259 CO\u2082 soyuducu \u00fc\u00e7\u00fcn uy\u011fun olan unikal dizaynd\u0131r. B\u0259zi rahatl\u0131q v\u0259 duzlu su modell\u0259ri \u00fc\u00e7\u00fcn patentli Enex ejektor variant\u0131 da m\u00f6vcuddur ki, bu da s\u0259m\u0259r\u0259liliyi daha da art\u0131r\u0131r.<\/p>\n<p>&nbsp;<\/p>\n<p>Yukon diapazonu son d\u0259r\u0259c\u0259 \u00e7evikdir, g\u00fcc\u00fc 50 kVt-dan 800 kVt-a q\u0259d\u0259r olan iki versiyadan ibar\u0259tdir:<\/p>\n<p>Rahatl\u0131q: Suyun \u00e7\u0131x\u0131\u015f temperaturu +15\u00b0C-d\u0259n +5\u00b0C-\u0259 q\u0259d\u0259r olan uzaqdan qaz soyuducusu olan split soyuducu, iste\u011fe ba\u011fl\u0131 istilik b\u0259rpas\u0131 il\u0259<br \/>\nDuzlu su: Duzlu suyun \u00e7\u0131x\u0131\u015f temperaturu \u00fc\u00e7\u00fcn +4\u00b0C-d\u0259n -20\u00b0C-y\u0259 q\u0259d\u0259r istilik b\u0259rpas\u0131 il\u0259 uzaqdan qaz soyuduculu split soyuducu<\/p>\n","protected":false},"featured_media":33483,"template":"","meta":[],"product_brand":[],"product_cat":[1656,875],"product_tag":[],"class_list":{"0":"post-33489","1":"product","2":"type-product","3":"status-publish","4":"has-post-thumbnail","6":"product_cat-duzlu-soyuducu-chiller","7":"product_cat-snaye-az-kondisionerlr","9":"first","10":"instock","11":"shipping-taxable","12":"product-type-simple"},"yoast_head":"<!-- This site is optimized with the Yoast SEO plugin v27.1.1 - https:\/\/yoast.com\/product\/yoast-seo-wordpress\/ -->\n<title>Yukon B Uzaqdan qaz soyuducusu olan split hava soyuduculu pistonlu soyuducu - GeoClimate.ge<\/title>\n<meta name=\"robots\" content=\"index, follow, max-snippet:-1, max-image-preview:large, max-video-preview:-1\" \/>\n<link rel=\"canonical\" href=\"https:\/\/geoclimate.ge\/az\/product\/yukon-b-split-air-cooled-reciprocating-chiller-with-remote-gas-cooler\/\" \/>\n<meta property=\"og:locale\" content=\"az_AZ\" \/>\n<meta property=\"og:type\" content=\"article\" \/>\n<meta property=\"og:title\" content=\"Yukon B Uzaqdan qaz soyuducusu olan split hava soyuduculu pistonlu soyuducu - GeoClimate.ge\" \/>\n<meta property=\"og:description\" content=\"Yukon B Yukon, Enex-in su v\u0259 duzlu su qar\u0131\u015f\u0131qlar\u0131n\u0131n soyudulmas\u0131 \u00fc\u00e7\u00fcn hava il\u0259 soyudulmu\u015f v\u0259 su il\u0259 soyudulmu\u015f CO\u2082 transkritik soyuducular\u0131n\u0131n innovativ \u00e7e\u015fididir, proses soyutma, soyuq saxlama, HVAC, buz meydan\u00e7alar\u0131, \u015f\u0259rab zavodlar\u0131 v\u0259 sair kimi t\u0259tbiql\u0259r \u00fc\u00e7\u00fcn uy\u011fundur. O, uzaqdan qaz soyuducusu il\u0259 split konfiqurasiya t\u0259klif edir, kompressor b\u00f6lm\u0259sinin s\u0259s-k\u00fcy\u00fcn azald\u0131lmas\u0131 v\u0259 asan t\u0259mir \u00fc\u00e7\u00fcn zavod ota\u011f\u0131nda yerl\u0259\u015fdiyi qur\u011fular \u00fc\u00e7\u00fcn ideald\u0131r. Yukon qur\u011fusunda 80\u00b0C-\u0259 q\u0259d\u0259r isti su istehsal etm\u0259y\u0259 imkan ver\u0259n istilik b\u0259rpas\u0131 \u00fc\u00e7\u00fcn bir se\u00e7im var. Soyudulmu\u015f su v\u0259 duzlu su istehsal etm\u0259k \u00fc\u00e7\u00fcn Yukon qur\u011fusunun \u00e7ox kompressorlu versiyas\u0131 dizayn\u0131n sad\u0259liyini, y\u00fcks\u0259k s\u0259m\u0259r\u0259liliyi, sabit idar\u0259etm\u0259ni v\u0259 h\u0259ddind\u0259n art\u0131q etibarl\u0131l\u0131\u011f\u0131 t\u0259min ed\u0259n cazib\u0259 q\u00fcvv\u0259si il\u0259 su basm\u0131\u015f buxarland\u0131r\u0131c\u0131 sistemin\u0259 malikdir. Bu, x\u00fcsusil\u0259 CO\u2082 soyuducu \u00fc\u00e7\u00fcn uy\u011fun olan unikal dizaynd\u0131r. B\u0259zi rahatl\u0131q v\u0259 duzlu su modell\u0259ri \u00fc\u00e7\u00fcn patentli Enex ejektor variant\u0131 da m\u00f6vcuddur ki, bu da s\u0259m\u0259r\u0259liliyi daha da art\u0131r\u0131r.  &nbsp;  Yukon diapazonu son d\u0259r\u0259c\u0259 \u00e7evikdir, g\u00fcc\u00fc 50 kVt-dan 800 kVt-a q\u0259d\u0259r olan iki versiyadan ibar\u0259tdir:  Rahatl\u0131q: Suyun \u00e7\u0131x\u0131\u015f temperaturu +15\u00b0C-d\u0259n +5\u00b0C-\u0259 q\u0259d\u0259r olan uzaqdan qaz soyuducusu olan split soyuducu, iste\u011fe ba\u011fl\u0131 istilik b\u0259rpas\u0131 il\u0259 Duzlu su: Duzlu suyun \u00e7\u0131x\u0131\u015f temperaturu \u00fc\u00e7\u00fcn +4\u00b0C-d\u0259n -20\u00b0C-y\u0259 q\u0259d\u0259r istilik b\u0259rpas\u0131 il\u0259 uzaqdan qaz soyuduculu split soyuducu\" \/>\n<meta property=\"og:url\" content=\"https:\/\/geoclimate.ge\/az\/product\/yukon-b-split-air-cooled-reciprocating-chiller-with-remote-gas-cooler\/\" \/>\n<meta property=\"og:site_name\" content=\"GeoClimate.ge\" \/>\n<meta property=\"article:modified_time\" content=\"2025-05-25T17:04:16+00:00\" \/>\n<meta property=\"og:image\" content=\"https:\/\/geoclimate.ge\/wp-content\/uploads\/2025\/05\/yukon-1-qr5i4a0uv3wfgzuejcmctlnnnu1okoxdnel46b3490-1.png\" \/>\n\t<meta property=\"og:image:width\" content=\"500\" \/>\n\t<meta property=\"og:image:height\" content=\"570\" \/>\n\t<meta property=\"og:image:type\" content=\"image\/png\" \/>\n<meta name=\"twitter:card\" content=\"summary_large_image\" \/>\n<script type=\"application\/ld+json\" class=\"yoast-schema-graph\">{\"@context\":\"https:\/\/schema.org\",\"@graph\":[{\"@type\":\"WebPage\",\"@id\":\"https:\/\/geoclimate.ge\/az\/product\/yukon-b-split-air-cooled-reciprocating-chiller-with-remote-gas-cooler\/\",\"url\":\"https:\/\/geoclimate.ge\/az\/product\/yukon-b-split-air-cooled-reciprocating-chiller-with-remote-gas-cooler\/\",\"name\":\"Yukon B Uzaqdan qaz soyuducusu olan split hava soyuduculu pistonlu soyuducu - GeoClimate.ge\",\"isPartOf\":{\"@id\":\"https:\/\/geoclimate.ge\/#website\"},\"primaryImageOfPage\":{\"@id\":\"https:\/\/geoclimate.ge\/az\/product\/yukon-b-split-air-cooled-reciprocating-chiller-with-remote-gas-cooler\/#primaryimage\"},\"image\":{\"@id\":\"https:\/\/geoclimate.ge\/az\/product\/yukon-b-split-air-cooled-reciprocating-chiller-with-remote-gas-cooler\/#primaryimage\"},\"thumbnailUrl\":\"https:\/\/geoclimate.ge\/wp-content\/uploads\/2025\/05\/yukon-1-qr5i4a0uv3wfgzuejcmctlnnnu1okoxdnel46b3490-1.png\",\"datePublished\":\"2025-05-25T17:00:59+00:00\",\"dateModified\":\"2025-05-25T17:04:16+00:00\",\"breadcrumb\":{\"@id\":\"https:\/\/geoclimate.ge\/az\/product\/yukon-b-split-air-cooled-reciprocating-chiller-with-remote-gas-cooler\/#breadcrumb\"},\"inLanguage\":\"az\",\"potentialAction\":[{\"@type\":\"ReadAction\",\"target\":[\"https:\/\/geoclimate.ge\/az\/product\/yukon-b-split-air-cooled-reciprocating-chiller-with-remote-gas-cooler\/\"]}]},{\"@type\":\"ImageObject\",\"inLanguage\":\"az\",\"@id\":\"https:\/\/geoclimate.ge\/az\/product\/yukon-b-split-air-cooled-reciprocating-chiller-with-remote-gas-cooler\/#primaryimage\",\"url\":\"https:\/\/geoclimate.ge\/wp-content\/uploads\/2025\/05\/yukon-1-qr5i4a0uv3wfgzuejcmctlnnnu1okoxdnel46b3490-1.png\",\"contentUrl\":\"https:\/\/geoclimate.ge\/wp-content\/uploads\/2025\/05\/yukon-1-qr5i4a0uv3wfgzuejcmctlnnnu1okoxdnel46b3490-1.png\",\"width\":500,\"height\":570},{\"@type\":\"BreadcrumbList\",\"@id\":\"https:\/\/geoclimate.ge\/az\/product\/yukon-b-split-air-cooled-reciprocating-chiller-with-remote-gas-cooler\/#breadcrumb\",\"itemListElement\":[{\"@type\":\"ListItem\",\"position\":1,\"name\":\"Home\",\"item\":\"https:\/\/geoclimate.ge\/az\/\"},{\"@type\":\"ListItem\",\"position\":2,\"name\":\"M\u0259hsullar\",\"item\":\"https:\/\/geoclimate.ge\/az\/products\/\"},{\"@type\":\"ListItem\",\"position\":3,\"name\":\"Yukon B Uzaqdan qaz soyuducusu olan split hava soyuduculu pistonlu soyuducu\"}]},{\"@type\":\"WebSite\",\"@id\":\"https:\/\/geoclimate.ge\/#website\",\"url\":\"https:\/\/geoclimate.ge\/\",\"name\":\"GeoClimate\",\"description\":\"\",\"publisher\":{\"@id\":\"https:\/\/geoclimate.ge\/#organization\"},\"potentialAction\":[{\"@type\":\"SearchAction\",\"target\":{\"@type\":\"EntryPoint\",\"urlTemplate\":\"https:\/\/geoclimate.ge\/?s={search_term_string}\"},\"query-input\":{\"@type\":\"PropertyValueSpecification\",\"valueRequired\":true,\"valueName\":\"search_term_string\"}}],\"inLanguage\":\"az\"},{\"@type\":\"Organization\",\"@id\":\"https:\/\/geoclimate.ge\/#organization\",\"name\":\"GeoClimate\",\"url\":\"https:\/\/geoclimate.ge\/\",\"logo\":{\"@type\":\"ImageObject\",\"inLanguage\":\"az\",\"@id\":\"https:\/\/geoclimate.ge\/#\/schema\/logo\/image\/\",\"url\":\"https:\/\/geoclimate.ge\/wp-content\/uploads\/2026\/03\/geoclimate-SEO.png\",\"contentUrl\":\"https:\/\/geoclimate.ge\/wp-content\/uploads\/2026\/03\/geoclimate-SEO.png\",\"width\":1536,\"height\":1024,\"caption\":\"GeoClimate\"},\"image\":{\"@id\":\"https:\/\/geoclimate.ge\/#\/schema\/logo\/image\/\"}}]}<\/script>\n<!-- \/ Yoast SEO plugin. -->","yoast_head_json":{"title":"Yukon B Uzaqdan qaz soyuducusu olan split hava soyuduculu pistonlu soyuducu - GeoClimate.ge","robots":{"index":"index","follow":"follow","max-snippet":"max-snippet:-1","max-image-preview":"max-image-preview:large","max-video-preview":"max-video-preview:-1"},"canonical":"https:\/\/geoclimate.ge\/az\/product\/yukon-b-split-air-cooled-reciprocating-chiller-with-remote-gas-cooler\/","og_locale":"az_AZ","og_type":"article","og_title":"Yukon B Uzaqdan qaz soyuducusu olan split hava soyuduculu pistonlu soyuducu - GeoClimate.ge","og_description":"Yukon B Yukon, Enex-in su v\u0259 duzlu su qar\u0131\u015f\u0131qlar\u0131n\u0131n soyudulmas\u0131 \u00fc\u00e7\u00fcn hava il\u0259 soyudulmu\u015f v\u0259 su il\u0259 soyudulmu\u015f CO\u2082 transkritik soyuducular\u0131n\u0131n innovativ \u00e7e\u015fididir, proses soyutma, soyuq saxlama, HVAC, buz meydan\u00e7alar\u0131, \u015f\u0259rab zavodlar\u0131 v\u0259 sair kimi t\u0259tbiql\u0259r \u00fc\u00e7\u00fcn uy\u011fundur. O, uzaqdan qaz soyuducusu il\u0259 split konfiqurasiya t\u0259klif edir, kompressor b\u00f6lm\u0259sinin s\u0259s-k\u00fcy\u00fcn azald\u0131lmas\u0131 v\u0259 asan t\u0259mir \u00fc\u00e7\u00fcn zavod ota\u011f\u0131nda yerl\u0259\u015fdiyi qur\u011fular \u00fc\u00e7\u00fcn ideald\u0131r. Yukon qur\u011fusunda 80\u00b0C-\u0259 q\u0259d\u0259r isti su istehsal etm\u0259y\u0259 imkan ver\u0259n istilik b\u0259rpas\u0131 \u00fc\u00e7\u00fcn bir se\u00e7im var. Soyudulmu\u015f su v\u0259 duzlu su istehsal etm\u0259k \u00fc\u00e7\u00fcn Yukon qur\u011fusunun \u00e7ox kompressorlu versiyas\u0131 dizayn\u0131n sad\u0259liyini, y\u00fcks\u0259k s\u0259m\u0259r\u0259liliyi, sabit idar\u0259etm\u0259ni v\u0259 h\u0259ddind\u0259n art\u0131q etibarl\u0131l\u0131\u011f\u0131 t\u0259min ed\u0259n cazib\u0259 q\u00fcvv\u0259si il\u0259 su basm\u0131\u015f buxarland\u0131r\u0131c\u0131 sistemin\u0259 malikdir. Bu, x\u00fcsusil\u0259 CO\u2082 soyuducu \u00fc\u00e7\u00fcn uy\u011fun olan unikal dizaynd\u0131r. B\u0259zi rahatl\u0131q v\u0259 duzlu su modell\u0259ri \u00fc\u00e7\u00fcn patentli Enex ejektor variant\u0131 da m\u00f6vcuddur ki, bu da s\u0259m\u0259r\u0259liliyi daha da art\u0131r\u0131r.  &nbsp;  Yukon diapazonu son d\u0259r\u0259c\u0259 \u00e7evikdir, g\u00fcc\u00fc 50 kVt-dan 800 kVt-a q\u0259d\u0259r olan iki versiyadan ibar\u0259tdir:  Rahatl\u0131q: Suyun \u00e7\u0131x\u0131\u015f temperaturu +15\u00b0C-d\u0259n +5\u00b0C-\u0259 q\u0259d\u0259r olan uzaqdan qaz soyuducusu olan split soyuducu, iste\u011fe ba\u011fl\u0131 istilik b\u0259rpas\u0131 il\u0259 Duzlu su: Duzlu suyun \u00e7\u0131x\u0131\u015f temperaturu \u00fc\u00e7\u00fcn +4\u00b0C-d\u0259n -20\u00b0C-y\u0259 q\u0259d\u0259r istilik b\u0259rpas\u0131 il\u0259 uzaqdan qaz soyuduculu split soyuducu","og_url":"https:\/\/geoclimate.ge\/az\/product\/yukon-b-split-air-cooled-reciprocating-chiller-with-remote-gas-cooler\/","og_site_name":"GeoClimate.ge","article_modified_time":"2025-05-25T17:04:16+00:00","og_image":[{"width":500,"height":570,"url":"https:\/\/geoclimate.ge\/wp-content\/uploads\/2025\/05\/yukon-1-qr5i4a0uv3wfgzuejcmctlnnnu1okoxdnel46b3490-1.png","type":"image\/png"}],"twitter_card":"summary_large_image","schema":{"@context":"https:\/\/schema.org","@graph":[{"@type":"WebPage","@id":"https:\/\/geoclimate.ge\/az\/product\/yukon-b-split-air-cooled-reciprocating-chiller-with-remote-gas-cooler\/","url":"https:\/\/geoclimate.ge\/az\/product\/yukon-b-split-air-cooled-reciprocating-chiller-with-remote-gas-cooler\/","name":"Yukon B Uzaqdan qaz soyuducusu olan split hava soyuduculu pistonlu soyuducu - GeoClimate.ge","isPartOf":{"@id":"https:\/\/geoclimate.ge\/#website"},"primaryImageOfPage":{"@id":"https:\/\/geoclimate.ge\/az\/product\/yukon-b-split-air-cooled-reciprocating-chiller-with-remote-gas-cooler\/#primaryimage"},"image":{"@id":"https:\/\/geoclimate.ge\/az\/product\/yukon-b-split-air-cooled-reciprocating-chiller-with-remote-gas-cooler\/#primaryimage"},"thumbnailUrl":"https:\/\/geoclimate.ge\/wp-content\/uploads\/2025\/05\/yukon-1-qr5i4a0uv3wfgzuejcmctlnnnu1okoxdnel46b3490-1.png","datePublished":"2025-05-25T17:00:59+00:00","dateModified":"2025-05-25T17:04:16+00:00","breadcrumb":{"@id":"https:\/\/geoclimate.ge\/az\/product\/yukon-b-split-air-cooled-reciprocating-chiller-with-remote-gas-cooler\/#breadcrumb"},"inLanguage":"az","potentialAction":[{"@type":"ReadAction","target":["https:\/\/geoclimate.ge\/az\/product\/yukon-b-split-air-cooled-reciprocating-chiller-with-remote-gas-cooler\/"]}]},{"@type":"ImageObject","inLanguage":"az","@id":"https:\/\/geoclimate.ge\/az\/product\/yukon-b-split-air-cooled-reciprocating-chiller-with-remote-gas-cooler\/#primaryimage","url":"https:\/\/geoclimate.ge\/wp-content\/uploads\/2025\/05\/yukon-1-qr5i4a0uv3wfgzuejcmctlnnnu1okoxdnel46b3490-1.png","contentUrl":"https:\/\/geoclimate.ge\/wp-content\/uploads\/2025\/05\/yukon-1-qr5i4a0uv3wfgzuejcmctlnnnu1okoxdnel46b3490-1.png","width":500,"height":570},{"@type":"BreadcrumbList","@id":"https:\/\/geoclimate.ge\/az\/product\/yukon-b-split-air-cooled-reciprocating-chiller-with-remote-gas-cooler\/#breadcrumb","itemListElement":[{"@type":"ListItem","position":1,"name":"Home","item":"https:\/\/geoclimate.ge\/az\/"},{"@type":"ListItem","position":2,"name":"M\u0259hsullar","item":"https:\/\/geoclimate.ge\/az\/products\/"},{"@type":"ListItem","position":3,"name":"Yukon B Uzaqdan qaz soyuducusu olan split hava soyuduculu pistonlu soyuducu"}]},{"@type":"WebSite","@id":"https:\/\/geoclimate.ge\/#website","url":"https:\/\/geoclimate.ge\/","name":"GeoClimate","description":"","publisher":{"@id":"https:\/\/geoclimate.ge\/#organization"},"potentialAction":[{"@type":"SearchAction","target":{"@type":"EntryPoint","urlTemplate":"https:\/\/geoclimate.ge\/?s={search_term_string}"},"query-input":{"@type":"PropertyValueSpecification","valueRequired":true,"valueName":"search_term_string"}}],"inLanguage":"az"},{"@type":"Organization","@id":"https:\/\/geoclimate.ge\/#organization","name":"GeoClimate","url":"https:\/\/geoclimate.ge\/","logo":{"@type":"ImageObject","inLanguage":"az","@id":"https:\/\/geoclimate.ge\/#\/schema\/logo\/image\/","url":"https:\/\/geoclimate.ge\/wp-content\/uploads\/2026\/03\/geoclimate-SEO.png","contentUrl":"https:\/\/geoclimate.ge\/wp-content\/uploads\/2026\/03\/geoclimate-SEO.png","width":1536,"height":1024,"caption":"GeoClimate"},"image":{"@id":"https:\/\/geoclimate.ge\/#\/schema\/logo\/image\/"}}]}},"_links":{"self":[{"href":"https:\/\/geoclimate.ge\/az\/wp-json\/wp\/v2\/product\/33489","targetHints":{"allow":["GET"]}}],"collection":[{"href":"https:\/\/geoclimate.ge\/az\/wp-json\/wp\/v2\/product"}],"about":[{"href":"https:\/\/geoclimate.ge\/az\/wp-json\/wp\/v2\/types\/product"}],"wp:featuredmedia":[{"embeddable":true,"href":"https:\/\/geoclimate.ge\/az\/wp-json\/wp\/v2\/media\/33483"}],"wp:attachment":[{"href":"https:\/\/geoclimate.ge\/az\/wp-json\/wp\/v2\/media?parent=33489"}],"wp:term":[{"taxonomy":"product_brand","embeddable":true,"href":"https:\/\/geoclimate.ge\/az\/wp-json\/wp\/v2\/product_brand?post=33489"},{"taxonomy":"product_cat","embeddable":true,"href":"https:\/\/geoclimate.ge\/az\/wp-json\/wp\/v2\/product_cat?post=33489"},{"taxonomy":"product_tag","embeddable":true,"href":"https:\/\/geoclimate.ge\/az\/wp-json\/wp\/v2\/product_tag?post=33489"}],"curies":[{"name":"wp","href":"https:\/\/api.w.org\/{rel}","templated":true}]}}