{"id":33596,"date":"2025-05-25T22:05:31","date_gmt":"2025-05-25T18:05:31","guid":{"rendered":"https:\/\/airsystems.ge\/shop\/product\/nh3-industrial-heat-pump-wh-custom-heat-pump-for-indoor-use\/"},"modified":"2025-05-25T22:08:29","modified_gmt":"2025-05-25T18:08:29","slug":"nh3-industrial-heat-pump-wh-custom-heat-pump-for-indoor-use","status":"publish","type":"product","link":"https:\/\/geoclimate.ge\/az\/product\/nh3-industrial-heat-pump-wh-custom-heat-pump-for-indoor-use\/","title":{"rendered":"NH3 S\u0259naye istilik nasosu WH: Daxili istifad\u0259 \u00fc\u00e7\u00fcn x\u00fcsusi istilik nasosu"},"content":{"rendered":"<div class=\"elementor-element elementor-element-70da8153 elementor-widget elementor-widget-theme-page-title elementor-page-title elementor-widget-heading\" data-id=\"70da8153\" data-element_type=\"widget\" data-widget_type=\"theme-page-title.default\">\n<div class=\"elementor-widget-container\">\n<p>Ehtiyaclara uy\u011funla\u015fd\u0131r\u0131lm\u0131\u015f soyutma qabiliyy\u0259ti<\/p>\n<p>ENEX INDUSTRIAL-\u0131n WH x\u00fcsusi istilik nasosu uzaqdan buxarland\u0131r\u0131c\u0131 v\u0259 ya su \/ duzlu su m\u0259nb\u0259yi vasit\u0259sil\u0259 hava m\u0259nb\u0259yi il\u0259 daxili istifad\u0259 \u00fc\u00e7\u00fcn y\u00fcks\u0259k davaml\u0131 R717 soyuducudan istifad\u0259 edir. Bu, \u00e7ox b\u00f6y\u00fck m\u0259rk\u0259zi istilik t\u0259tbiql\u0259rind\u0259 v\u0259 a\u015fa\u011f\u0131 d\u0259r\u0259c\u0259li tullant\u0131 istiliyinin y\u00fcks\u0259k temperatura y\u00fcks\u0259ldilm\u0259si \u00fc\u00e7\u00fcn ideal se\u00e7imdir. Soyuducu s\u00fcr\u0259tl\u0259ndirici versiyas\u0131 y\u00fcks\u0259k s\u0259viyy\u0259 \u00fc\u00e7\u00fcn buxarland\u0131r\u0131c\u0131 kimi a\u015fa\u011f\u0131 pill\u0259nin kondensasiyas\u0131ndan istifad\u0259 edir, y\u00fcks\u0259k temperaturda y\u00fcks\u0259k effektivlikl\u0259 su hasil edir v\u0259 o, \u00e7ox isti suyun da t\u0259l\u0259b olundu\u011fu b\u00f6y\u00fck s\u0259naye soyuducu sisteml\u0259rind\u0259 t\u0259tbiq olunur.<\/p>\n<p>X\u00dcSUS\u0130YY\u018fTL\u018fR\u0130<\/p>\n<p>\u2022 Paralel olaraq 1-d\u0259n 4-\u0259 q\u0259d\u0259r kompressor<br \/>\n\u2022 Buxarlanma v\u0259 kondensasiya temperaturunun geni\u015f diapazonu<br \/>\n\u2022 Boyal\u0131 polad damlama qab\u0131<br \/>\n\u2022 Su\/duzlu su d\u00f6vr\u0259si \u00fc\u00e7\u00fcn paslanmayan polad 304L boru k\u0259m\u0259rl\u0259ri<\/p>\n<\/div>\n<\/div>\n","protected":false},"excerpt":{"rendered":"<p>Ehtiyaclara uy\u011funla\u015fd\u0131r\u0131lm\u0131\u015f soyutma qabiliyy\u0259ti ENEX INDUSTRIAL-\u0131n WH x\u00fcsusi istilik nasosu uzaqdan buxarland\u0131r\u0131c\u0131 v\u0259 ya su \/ duzlu su m\u0259nb\u0259yi vasit\u0259sil\u0259<\/p>\n","protected":false},"featured_media":33591,"template":"","meta":[],"product_brand":[],"product_cat":[1668,875],"product_tag":[],"class_list":{"0":"post-33596","1":"product","2":"type-product","3":"status-publish","4":"has-post-thumbnail","6":"product_cat-istilik-nasosu","7":"product_cat-snaye-az-kondisionerlr","9":"first","10":"instock","11":"shipping-taxable","12":"product-type-simple"},"yoast_head":"<!-- This site is optimized with the Yoast SEO plugin v27.1.1 - https:\/\/yoast.com\/product\/yoast-seo-wordpress\/ -->\n<title>NH3 S\u0259naye istilik nasosu WH: Daxili istifad\u0259 \u00fc\u00e7\u00fcn x\u00fcsusi istilik nasosu - GeoClimate.ge<\/title>\n<meta name=\"robots\" content=\"index, follow, max-snippet:-1, max-image-preview:large, max-video-preview:-1\" \/>\n<link rel=\"canonical\" href=\"https:\/\/geoclimate.ge\/az\/product\/nh3-industrial-heat-pump-wh-custom-heat-pump-for-indoor-use\/\" \/>\n<meta property=\"og:locale\" content=\"az_AZ\" \/>\n<meta property=\"og:type\" content=\"article\" \/>\n<meta property=\"og:title\" content=\"NH3 S\u0259naye istilik nasosu WH: Daxili istifad\u0259 \u00fc\u00e7\u00fcn x\u00fcsusi istilik nasosu - GeoClimate.ge\" \/>\n<meta property=\"og:description\" content=\"Ehtiyaclara uy\u011funla\u015fd\u0131r\u0131lm\u0131\u015f soyutma qabiliyy\u0259ti ENEX INDUSTRIAL-\u0131n WH x\u00fcsusi istilik nasosu uzaqdan buxarland\u0131r\u0131c\u0131 v\u0259 ya su \/ duzlu su m\u0259nb\u0259yi vasit\u0259sil\u0259\" \/>\n<meta property=\"og:url\" content=\"https:\/\/geoclimate.ge\/az\/product\/nh3-industrial-heat-pump-wh-custom-heat-pump-for-indoor-use\/\" \/>\n<meta property=\"og:site_name\" content=\"GeoClimate.ge\" \/>\n<meta property=\"article:modified_time\" content=\"2025-05-25T18:08:29+00:00\" \/>\n<meta property=\"og:image\" content=\"https:\/\/geoclimate.ge\/wp-content\/uploads\/2025\/05\/WH.jpg\" \/>\n\t<meta property=\"og:image:width\" content=\"714\" \/>\n\t<meta property=\"og:image:height\" content=\"575\" \/>\n\t<meta property=\"og:image:type\" content=\"image\/jpeg\" \/>\n<meta name=\"twitter:card\" content=\"summary_large_image\" \/>\n<meta name=\"twitter:label1\" content=\"Est. reading time\" \/>\n\t<meta name=\"twitter:data1\" content=\"1 minute\" \/>\n<script type=\"application\/ld+json\" class=\"yoast-schema-graph\">{\"@context\":\"https:\/\/schema.org\",\"@graph\":[{\"@type\":\"WebPage\",\"@id\":\"https:\/\/geoclimate.ge\/az\/product\/nh3-industrial-heat-pump-wh-custom-heat-pump-for-indoor-use\/\",\"url\":\"https:\/\/geoclimate.ge\/az\/product\/nh3-industrial-heat-pump-wh-custom-heat-pump-for-indoor-use\/\",\"name\":\"NH3 S\u0259naye istilik nasosu WH: Daxili istifad\u0259 \u00fc\u00e7\u00fcn x\u00fcsusi istilik nasosu - GeoClimate.ge\",\"isPartOf\":{\"@id\":\"https:\/\/geoclimate.ge\/#website\"},\"primaryImageOfPage\":{\"@id\":\"https:\/\/geoclimate.ge\/az\/product\/nh3-industrial-heat-pump-wh-custom-heat-pump-for-indoor-use\/#primaryimage\"},\"image\":{\"@id\":\"https:\/\/geoclimate.ge\/az\/product\/nh3-industrial-heat-pump-wh-custom-heat-pump-for-indoor-use\/#primaryimage\"},\"thumbnailUrl\":\"https:\/\/geoclimate.ge\/wp-content\/uploads\/2025\/05\/WH.jpg\",\"datePublished\":\"2025-05-25T18:05:31+00:00\",\"dateModified\":\"2025-05-25T18:08:29+00:00\",\"breadcrumb\":{\"@id\":\"https:\/\/geoclimate.ge\/az\/product\/nh3-industrial-heat-pump-wh-custom-heat-pump-for-indoor-use\/#breadcrumb\"},\"inLanguage\":\"az\",\"potentialAction\":[{\"@type\":\"ReadAction\",\"target\":[\"https:\/\/geoclimate.ge\/az\/product\/nh3-industrial-heat-pump-wh-custom-heat-pump-for-indoor-use\/\"]}]},{\"@type\":\"ImageObject\",\"inLanguage\":\"az\",\"@id\":\"https:\/\/geoclimate.ge\/az\/product\/nh3-industrial-heat-pump-wh-custom-heat-pump-for-indoor-use\/#primaryimage\",\"url\":\"https:\/\/geoclimate.ge\/wp-content\/uploads\/2025\/05\/WH.jpg\",\"contentUrl\":\"https:\/\/geoclimate.ge\/wp-content\/uploads\/2025\/05\/WH.jpg\",\"width\":714,\"height\":575},{\"@type\":\"BreadcrumbList\",\"@id\":\"https:\/\/geoclimate.ge\/az\/product\/nh3-industrial-heat-pump-wh-custom-heat-pump-for-indoor-use\/#breadcrumb\",\"itemListElement\":[{\"@type\":\"ListItem\",\"position\":1,\"name\":\"Home\",\"item\":\"https:\/\/geoclimate.ge\/az\/\"},{\"@type\":\"ListItem\",\"position\":2,\"name\":\"M\u0259hsullar\",\"item\":\"https:\/\/geoclimate.ge\/az\/products\/\"},{\"@type\":\"ListItem\",\"position\":3,\"name\":\"NH3 S\u0259naye istilik nasosu WH: Daxili istifad\u0259 \u00fc\u00e7\u00fcn x\u00fcsusi istilik nasosu\"}]},{\"@type\":\"WebSite\",\"@id\":\"https:\/\/geoclimate.ge\/#website\",\"url\":\"https:\/\/geoclimate.ge\/\",\"name\":\"GeoClimate\",\"description\":\"\",\"publisher\":{\"@id\":\"https:\/\/geoclimate.ge\/#organization\"},\"potentialAction\":[{\"@type\":\"SearchAction\",\"target\":{\"@type\":\"EntryPoint\",\"urlTemplate\":\"https:\/\/geoclimate.ge\/?s={search_term_string}\"},\"query-input\":{\"@type\":\"PropertyValueSpecification\",\"valueRequired\":true,\"valueName\":\"search_term_string\"}}],\"inLanguage\":\"az\"},{\"@type\":\"Organization\",\"@id\":\"https:\/\/geoclimate.ge\/#organization\",\"name\":\"GeoClimate\",\"url\":\"https:\/\/geoclimate.ge\/\",\"logo\":{\"@type\":\"ImageObject\",\"inLanguage\":\"az\",\"@id\":\"https:\/\/geoclimate.ge\/#\/schema\/logo\/image\/\",\"url\":\"https:\/\/geoclimate.ge\/wp-content\/uploads\/2026\/03\/geoclimate-SEO.png\",\"contentUrl\":\"https:\/\/geoclimate.ge\/wp-content\/uploads\/2026\/03\/geoclimate-SEO.png\",\"width\":1536,\"height\":1024,\"caption\":\"GeoClimate\"},\"image\":{\"@id\":\"https:\/\/geoclimate.ge\/#\/schema\/logo\/image\/\"}}]}<\/script>\n<!-- \/ Yoast SEO plugin. -->","yoast_head_json":{"title":"NH3 S\u0259naye istilik nasosu WH: Daxili istifad\u0259 \u00fc\u00e7\u00fcn x\u00fcsusi istilik nasosu - GeoClimate.ge","robots":{"index":"index","follow":"follow","max-snippet":"max-snippet:-1","max-image-preview":"max-image-preview:large","max-video-preview":"max-video-preview:-1"},"canonical":"https:\/\/geoclimate.ge\/az\/product\/nh3-industrial-heat-pump-wh-custom-heat-pump-for-indoor-use\/","og_locale":"az_AZ","og_type":"article","og_title":"NH3 S\u0259naye istilik nasosu WH: Daxili istifad\u0259 \u00fc\u00e7\u00fcn x\u00fcsusi istilik nasosu - GeoClimate.ge","og_description":"Ehtiyaclara uy\u011funla\u015fd\u0131r\u0131lm\u0131\u015f soyutma qabiliyy\u0259ti ENEX INDUSTRIAL-\u0131n WH x\u00fcsusi istilik nasosu uzaqdan buxarland\u0131r\u0131c\u0131 v\u0259 ya su \/ duzlu su m\u0259nb\u0259yi vasit\u0259sil\u0259","og_url":"https:\/\/geoclimate.ge\/az\/product\/nh3-industrial-heat-pump-wh-custom-heat-pump-for-indoor-use\/","og_site_name":"GeoClimate.ge","article_modified_time":"2025-05-25T18:08:29+00:00","og_image":[{"width":714,"height":575,"url":"https:\/\/geoclimate.ge\/wp-content\/uploads\/2025\/05\/WH.jpg","type":"image\/jpeg"}],"twitter_card":"summary_large_image","twitter_misc":{"Est. reading time":"1 minute"},"schema":{"@context":"https:\/\/schema.org","@graph":[{"@type":"WebPage","@id":"https:\/\/geoclimate.ge\/az\/product\/nh3-industrial-heat-pump-wh-custom-heat-pump-for-indoor-use\/","url":"https:\/\/geoclimate.ge\/az\/product\/nh3-industrial-heat-pump-wh-custom-heat-pump-for-indoor-use\/","name":"NH3 S\u0259naye istilik nasosu WH: Daxili istifad\u0259 \u00fc\u00e7\u00fcn x\u00fcsusi istilik nasosu - GeoClimate.ge","isPartOf":{"@id":"https:\/\/geoclimate.ge\/#website"},"primaryImageOfPage":{"@id":"https:\/\/geoclimate.ge\/az\/product\/nh3-industrial-heat-pump-wh-custom-heat-pump-for-indoor-use\/#primaryimage"},"image":{"@id":"https:\/\/geoclimate.ge\/az\/product\/nh3-industrial-heat-pump-wh-custom-heat-pump-for-indoor-use\/#primaryimage"},"thumbnailUrl":"https:\/\/geoclimate.ge\/wp-content\/uploads\/2025\/05\/WH.jpg","datePublished":"2025-05-25T18:05:31+00:00","dateModified":"2025-05-25T18:08:29+00:00","breadcrumb":{"@id":"https:\/\/geoclimate.ge\/az\/product\/nh3-industrial-heat-pump-wh-custom-heat-pump-for-indoor-use\/#breadcrumb"},"inLanguage":"az","potentialAction":[{"@type":"ReadAction","target":["https:\/\/geoclimate.ge\/az\/product\/nh3-industrial-heat-pump-wh-custom-heat-pump-for-indoor-use\/"]}]},{"@type":"ImageObject","inLanguage":"az","@id":"https:\/\/geoclimate.ge\/az\/product\/nh3-industrial-heat-pump-wh-custom-heat-pump-for-indoor-use\/#primaryimage","url":"https:\/\/geoclimate.ge\/wp-content\/uploads\/2025\/05\/WH.jpg","contentUrl":"https:\/\/geoclimate.ge\/wp-content\/uploads\/2025\/05\/WH.jpg","width":714,"height":575},{"@type":"BreadcrumbList","@id":"https:\/\/geoclimate.ge\/az\/product\/nh3-industrial-heat-pump-wh-custom-heat-pump-for-indoor-use\/#breadcrumb","itemListElement":[{"@type":"ListItem","position":1,"name":"Home","item":"https:\/\/geoclimate.ge\/az\/"},{"@type":"ListItem","position":2,"name":"M\u0259hsullar","item":"https:\/\/geoclimate.ge\/az\/products\/"},{"@type":"ListItem","position":3,"name":"NH3 S\u0259naye istilik nasosu WH: Daxili istifad\u0259 \u00fc\u00e7\u00fcn x\u00fcsusi istilik nasosu"}]},{"@type":"WebSite","@id":"https:\/\/geoclimate.ge\/#website","url":"https:\/\/geoclimate.ge\/","name":"GeoClimate","description":"","publisher":{"@id":"https:\/\/geoclimate.ge\/#organization"},"potentialAction":[{"@type":"SearchAction","target":{"@type":"EntryPoint","urlTemplate":"https:\/\/geoclimate.ge\/?s={search_term_string}"},"query-input":{"@type":"PropertyValueSpecification","valueRequired":true,"valueName":"search_term_string"}}],"inLanguage":"az"},{"@type":"Organization","@id":"https:\/\/geoclimate.ge\/#organization","name":"GeoClimate","url":"https:\/\/geoclimate.ge\/","logo":{"@type":"ImageObject","inLanguage":"az","@id":"https:\/\/geoclimate.ge\/#\/schema\/logo\/image\/","url":"https:\/\/geoclimate.ge\/wp-content\/uploads\/2026\/03\/geoclimate-SEO.png","contentUrl":"https:\/\/geoclimate.ge\/wp-content\/uploads\/2026\/03\/geoclimate-SEO.png","width":1536,"height":1024,"caption":"GeoClimate"},"image":{"@id":"https:\/\/geoclimate.ge\/#\/schema\/logo\/image\/"}}]}},"_links":{"self":[{"href":"https:\/\/geoclimate.ge\/az\/wp-json\/wp\/v2\/product\/33596","targetHints":{"allow":["GET"]}}],"collection":[{"href":"https:\/\/geoclimate.ge\/az\/wp-json\/wp\/v2\/product"}],"about":[{"href":"https:\/\/geoclimate.ge\/az\/wp-json\/wp\/v2\/types\/product"}],"wp:featuredmedia":[{"embeddable":true,"href":"https:\/\/geoclimate.ge\/az\/wp-json\/wp\/v2\/media\/33591"}],"wp:attachment":[{"href":"https:\/\/geoclimate.ge\/az\/wp-json\/wp\/v2\/media?parent=33596"}],"wp:term":[{"taxonomy":"product_brand","embeddable":true,"href":"https:\/\/geoclimate.ge\/az\/wp-json\/wp\/v2\/product_brand?post=33596"},{"taxonomy":"product_cat","embeddable":true,"href":"https:\/\/geoclimate.ge\/az\/wp-json\/wp\/v2\/product_cat?post=33596"},{"taxonomy":"product_tag","embeddable":true,"href":"https:\/\/geoclimate.ge\/az\/wp-json\/wp\/v2\/product_tag?post=33596"}],"curies":[{"name":"wp","href":"https:\/\/api.w.org\/{rel}","templated":true}]}}