{"id":34728,"date":"2025-06-07T21:09:32","date_gmt":"2025-06-07T17:09:32","guid":{"rendered":"https:\/\/airsystems.ge\/shop\/product\/wha-ground-source-water-to-water-heat-pumps-equipped-with-scroll-compressor\/"},"modified":"2025-06-07T21:14:41","modified_gmt":"2025-06-07T17:14:41","slug":"wha-ground-source-water-to-water-heat-pumps-equipped-with-scroll-compressor","status":"publish","type":"product","link":"https:\/\/geoclimate.ge\/az\/product\/wha-ground-source-water-to-water-heat-pumps-equipped-with-scroll-compressor\/","title":{"rendered":"WHA Torpaq m\u0259nb\u0259yi, sudan suya istilik nasoslar\u0131 s\u00fcr\u00fc\u015fm\u0259 kompressoru il\u0259 t\u0259chiz edilmi\u015fdir"},"content":{"rendered":"<div class=\"elementor-element elementor-element-391e72ec elementor-widget elementor-widget-theme-post-content\" data-id=\"391e72ec\" data-element_type=\"widget\" data-widget_type=\"theme-post-content.default\">\n<div class=\"elementor-widget-container\">\n<p>WHA istilik nasoslar\u0131 x\u00fcsusil\u0259 yer m\u0259nb\u0259yi zondlar\u0131ndan istifad\u0259 ed\u0259n proqramlar \u00fc\u00e7\u00fcn uy\u011fundur. Bu qur\u011fular radiasiyal\u0131 d\u00f6\u015f\u0259m\u0259 isitm\u0259 sisteml\u0259ri v\u0259 ya isitm\u0259 zaman\u0131 maksimum s\u0259m\u0259r\u0259liliyin z\u0259ruri oldu\u011fu t\u0259tbiql\u0259r \u00fc\u00e7\u00fcn n\u0259z\u0259rd\u0259 tutulmu\u015fdur. Onlar istilik rejimind\u0259 optimalla\u015fd\u0131r\u0131lm\u0131\u015fd\u0131r v\u0259 60\u00b0C-\u0259 q\u0259d\u0259r su istehsal ed\u0259 bilirl\u0259r. WHA istilik nasoslar\u0131 bir ne\u00e7\u0259 versiyada m\u00f6vcuddur. \u018fn sad\u0259si yaln\u0131z istilik t\u0259min ed\u0259 bil\u0259n 2 borulu bir qur\u011fudur. Xarici 3 portlu klapan qura\u015fd\u0131rmaqla qur\u011fu ya istilik v\u0259 ya m\u0259i\u015f\u0259t isti suyu t\u0259min ed\u0259 bil\u0259r. Ayr\u0131 bir hidravlik d\u00f6vr\u0259d\u0259 m\u0259i\u015f\u0259t isti suyu istehsal ed\u0259n v\u0259 qur\u011funun istilik v\u0259 ya soyutma rejimind\u0259 olmas\u0131ndan as\u0131l\u0131 olmayaraq bunu yarada bil\u0259n 4 borulu qur\u011fu da var. B\u00fct\u00fcn WHA aqreqatlar\u0131 h\u0259m d\u0259 yer m\u0259nb\u0259yi zondlar\u0131ndan v\u0259 ya quyu suyundan \u0259ld\u0259 edil\u0259n s\u0259rin sudan istifad\u0259 etm\u0259kl\u0259 a\u015fa\u011f\u0131 enerjili soyutma t\u0259min ed\u0259n Pulsuz Soyutma (FC) versiyalar\u0131nda da m\u00f6vcuddur. F\u0259rqli versiyalar v\u0259 geni\u015f \u00e7e\u015fidli aksessuarlar optimal h\u0259lli se\u00e7m\u0259k imkan\u0131 verir.<\/p>\n<\/div>\n<\/div>\n<div class=\"elementor-element elementor-element-427e8a79 e-flex e-con-boxed e-con e-child\" data-id=\"427e8a79\" data-element_type=\"container\">\n<div class=\"e-con-inner\">\n<div class=\"elementor-element elementor-element-6e19ed90 hidebutton mc-bl elementor-align-left elementor-widget elementor-widget-button\" data-id=\"6e19ed90\" data-element_type=\"widget\" data-widget_type=\"button.default\">\n<div class=\"elementor-widget-container\">\n<div class=\"elementor-button-wrapper\"><a class=\"elementor-button elementor-button-link elementor-size-sm\" href=\"https:\/\/www.enextechnologies.com\/wp-content\/uploads\/2024\/09\/WHA_ENG.pdf\" target=\"_blank\" rel=\"noopener\"><span class=\"elementor-button-content-wrapper\"><span class=\"elementor-button-text\">BROCHURE<\/span><\/span><\/a><\/div>\n<\/div>\n<\/div>\n<\/div>\n<\/div>\n","protected":false},"excerpt":{"rendered":"<p>\u0130stilik g\u00fcc\u00fc 52 kVt-dan 440 kVt-a q\u0259d\u0259r<\/p>\n","protected":false},"featured_media":34722,"template":"","meta":[],"product_brand":[],"product_cat":[1668,875],"product_tag":[],"class_list":{"0":"post-34728","1":"product","2":"type-product","3":"status-publish","4":"has-post-thumbnail","6":"product_cat-istilik-nasosu","7":"product_cat-snaye-az-kondisionerlr","9":"first","10":"instock","11":"shipping-taxable","12":"product-type-simple"},"yoast_head":"<!-- This site is optimized with the Yoast SEO plugin v27.1.1 - https:\/\/yoast.com\/product\/yoast-seo-wordpress\/ -->\n<title>WHA Torpaq m\u0259nb\u0259yi, sudan suya istilik nasoslar\u0131 s\u00fcr\u00fc\u015fm\u0259 kompressoru il\u0259 t\u0259chiz edilmi\u015fdir - GeoClimate.ge<\/title>\n<meta name=\"robots\" content=\"index, follow, max-snippet:-1, max-image-preview:large, max-video-preview:-1\" \/>\n<link rel=\"canonical\" href=\"https:\/\/geoclimate.ge\/az\/product\/wha-ground-source-water-to-water-heat-pumps-equipped-with-scroll-compressor\/\" \/>\n<meta property=\"og:locale\" content=\"az_AZ\" \/>\n<meta property=\"og:type\" content=\"article\" \/>\n<meta property=\"og:title\" content=\"WHA Torpaq m\u0259nb\u0259yi, sudan suya istilik nasoslar\u0131 s\u00fcr\u00fc\u015fm\u0259 kompressoru il\u0259 t\u0259chiz edilmi\u015fdir - GeoClimate.ge\" \/>\n<meta property=\"og:description\" content=\"\u0130stilik g\u00fcc\u00fc 52 kVt-dan 440 kVt-a q\u0259d\u0259r\" \/>\n<meta property=\"og:url\" content=\"https:\/\/geoclimate.ge\/az\/product\/wha-ground-source-water-to-water-heat-pumps-equipped-with-scroll-compressor\/\" \/>\n<meta property=\"og:site_name\" content=\"GeoClimate.ge\" \/>\n<meta property=\"article:modified_time\" content=\"2025-06-07T17:14:41+00:00\" \/>\n<meta property=\"og:image\" content=\"https:\/\/geoclimate.ge\/wp-content\/uploads\/2025\/06\/WHA.jpg\" \/>\n\t<meta property=\"og:image:width\" content=\"1027\" \/>\n\t<meta property=\"og:image:height\" content=\"750\" \/>\n\t<meta property=\"og:image:type\" content=\"image\/jpeg\" \/>\n<meta name=\"twitter:card\" content=\"summary_large_image\" \/>\n<meta name=\"twitter:label1\" content=\"Est. reading time\" \/>\n\t<meta name=\"twitter:data1\" content=\"1 minute\" \/>\n<script type=\"application\/ld+json\" class=\"yoast-schema-graph\">{\"@context\":\"https:\/\/schema.org\",\"@graph\":[{\"@type\":\"WebPage\",\"@id\":\"https:\/\/geoclimate.ge\/az\/product\/wha-ground-source-water-to-water-heat-pumps-equipped-with-scroll-compressor\/\",\"url\":\"https:\/\/geoclimate.ge\/az\/product\/wha-ground-source-water-to-water-heat-pumps-equipped-with-scroll-compressor\/\",\"name\":\"WHA Torpaq m\u0259nb\u0259yi, sudan suya istilik nasoslar\u0131 s\u00fcr\u00fc\u015fm\u0259 kompressoru il\u0259 t\u0259chiz edilmi\u015fdir - GeoClimate.ge\",\"isPartOf\":{\"@id\":\"https:\/\/geoclimate.ge\/#website\"},\"primaryImageOfPage\":{\"@id\":\"https:\/\/geoclimate.ge\/az\/product\/wha-ground-source-water-to-water-heat-pumps-equipped-with-scroll-compressor\/#primaryimage\"},\"image\":{\"@id\":\"https:\/\/geoclimate.ge\/az\/product\/wha-ground-source-water-to-water-heat-pumps-equipped-with-scroll-compressor\/#primaryimage\"},\"thumbnailUrl\":\"https:\/\/geoclimate.ge\/wp-content\/uploads\/2025\/06\/WHA.jpg\",\"datePublished\":\"2025-06-07T17:09:32+00:00\",\"dateModified\":\"2025-06-07T17:14:41+00:00\",\"breadcrumb\":{\"@id\":\"https:\/\/geoclimate.ge\/az\/product\/wha-ground-source-water-to-water-heat-pumps-equipped-with-scroll-compressor\/#breadcrumb\"},\"inLanguage\":\"az\",\"potentialAction\":[{\"@type\":\"ReadAction\",\"target\":[\"https:\/\/geoclimate.ge\/az\/product\/wha-ground-source-water-to-water-heat-pumps-equipped-with-scroll-compressor\/\"]}]},{\"@type\":\"ImageObject\",\"inLanguage\":\"az\",\"@id\":\"https:\/\/geoclimate.ge\/az\/product\/wha-ground-source-water-to-water-heat-pumps-equipped-with-scroll-compressor\/#primaryimage\",\"url\":\"https:\/\/geoclimate.ge\/wp-content\/uploads\/2025\/06\/WHA.jpg\",\"contentUrl\":\"https:\/\/geoclimate.ge\/wp-content\/uploads\/2025\/06\/WHA.jpg\",\"width\":1027,\"height\":750},{\"@type\":\"BreadcrumbList\",\"@id\":\"https:\/\/geoclimate.ge\/az\/product\/wha-ground-source-water-to-water-heat-pumps-equipped-with-scroll-compressor\/#breadcrumb\",\"itemListElement\":[{\"@type\":\"ListItem\",\"position\":1,\"name\":\"Home\",\"item\":\"https:\/\/geoclimate.ge\/az\/\"},{\"@type\":\"ListItem\",\"position\":2,\"name\":\"M\u0259hsullar\",\"item\":\"https:\/\/geoclimate.ge\/az\/products\/\"},{\"@type\":\"ListItem\",\"position\":3,\"name\":\"WHA Torpaq m\u0259nb\u0259yi, sudan suya istilik nasoslar\u0131 s\u00fcr\u00fc\u015fm\u0259 kompressoru il\u0259 t\u0259chiz edilmi\u015fdir\"}]},{\"@type\":\"WebSite\",\"@id\":\"https:\/\/geoclimate.ge\/#website\",\"url\":\"https:\/\/geoclimate.ge\/\",\"name\":\"GeoClimate\",\"description\":\"\",\"publisher\":{\"@id\":\"https:\/\/geoclimate.ge\/#organization\"},\"potentialAction\":[{\"@type\":\"SearchAction\",\"target\":{\"@type\":\"EntryPoint\",\"urlTemplate\":\"https:\/\/geoclimate.ge\/?s={search_term_string}\"},\"query-input\":{\"@type\":\"PropertyValueSpecification\",\"valueRequired\":true,\"valueName\":\"search_term_string\"}}],\"inLanguage\":\"az\"},{\"@type\":\"Organization\",\"@id\":\"https:\/\/geoclimate.ge\/#organization\",\"name\":\"GeoClimate\",\"url\":\"https:\/\/geoclimate.ge\/\",\"logo\":{\"@type\":\"ImageObject\",\"inLanguage\":\"az\",\"@id\":\"https:\/\/geoclimate.ge\/#\/schema\/logo\/image\/\",\"url\":\"https:\/\/geoclimate.ge\/wp-content\/uploads\/2026\/03\/geoclimate-SEO.png\",\"contentUrl\":\"https:\/\/geoclimate.ge\/wp-content\/uploads\/2026\/03\/geoclimate-SEO.png\",\"width\":1536,\"height\":1024,\"caption\":\"GeoClimate\"},\"image\":{\"@id\":\"https:\/\/geoclimate.ge\/#\/schema\/logo\/image\/\"}}]}<\/script>\n<!-- \/ Yoast SEO plugin. -->","yoast_head_json":{"title":"WHA Torpaq m\u0259nb\u0259yi, sudan suya istilik nasoslar\u0131 s\u00fcr\u00fc\u015fm\u0259 kompressoru il\u0259 t\u0259chiz edilmi\u015fdir - GeoClimate.ge","robots":{"index":"index","follow":"follow","max-snippet":"max-snippet:-1","max-image-preview":"max-image-preview:large","max-video-preview":"max-video-preview:-1"},"canonical":"https:\/\/geoclimate.ge\/az\/product\/wha-ground-source-water-to-water-heat-pumps-equipped-with-scroll-compressor\/","og_locale":"az_AZ","og_type":"article","og_title":"WHA Torpaq m\u0259nb\u0259yi, sudan suya istilik nasoslar\u0131 s\u00fcr\u00fc\u015fm\u0259 kompressoru il\u0259 t\u0259chiz edilmi\u015fdir - GeoClimate.ge","og_description":"\u0130stilik g\u00fcc\u00fc 52 kVt-dan 440 kVt-a q\u0259d\u0259r","og_url":"https:\/\/geoclimate.ge\/az\/product\/wha-ground-source-water-to-water-heat-pumps-equipped-with-scroll-compressor\/","og_site_name":"GeoClimate.ge","article_modified_time":"2025-06-07T17:14:41+00:00","og_image":[{"width":1027,"height":750,"url":"https:\/\/geoclimate.ge\/wp-content\/uploads\/2025\/06\/WHA.jpg","type":"image\/jpeg"}],"twitter_card":"summary_large_image","twitter_misc":{"Est. reading time":"1 minute"},"schema":{"@context":"https:\/\/schema.org","@graph":[{"@type":"WebPage","@id":"https:\/\/geoclimate.ge\/az\/product\/wha-ground-source-water-to-water-heat-pumps-equipped-with-scroll-compressor\/","url":"https:\/\/geoclimate.ge\/az\/product\/wha-ground-source-water-to-water-heat-pumps-equipped-with-scroll-compressor\/","name":"WHA Torpaq m\u0259nb\u0259yi, sudan suya istilik nasoslar\u0131 s\u00fcr\u00fc\u015fm\u0259 kompressoru il\u0259 t\u0259chiz edilmi\u015fdir - GeoClimate.ge","isPartOf":{"@id":"https:\/\/geoclimate.ge\/#website"},"primaryImageOfPage":{"@id":"https:\/\/geoclimate.ge\/az\/product\/wha-ground-source-water-to-water-heat-pumps-equipped-with-scroll-compressor\/#primaryimage"},"image":{"@id":"https:\/\/geoclimate.ge\/az\/product\/wha-ground-source-water-to-water-heat-pumps-equipped-with-scroll-compressor\/#primaryimage"},"thumbnailUrl":"https:\/\/geoclimate.ge\/wp-content\/uploads\/2025\/06\/WHA.jpg","datePublished":"2025-06-07T17:09:32+00:00","dateModified":"2025-06-07T17:14:41+00:00","breadcrumb":{"@id":"https:\/\/geoclimate.ge\/az\/product\/wha-ground-source-water-to-water-heat-pumps-equipped-with-scroll-compressor\/#breadcrumb"},"inLanguage":"az","potentialAction":[{"@type":"ReadAction","target":["https:\/\/geoclimate.ge\/az\/product\/wha-ground-source-water-to-water-heat-pumps-equipped-with-scroll-compressor\/"]}]},{"@type":"ImageObject","inLanguage":"az","@id":"https:\/\/geoclimate.ge\/az\/product\/wha-ground-source-water-to-water-heat-pumps-equipped-with-scroll-compressor\/#primaryimage","url":"https:\/\/geoclimate.ge\/wp-content\/uploads\/2025\/06\/WHA.jpg","contentUrl":"https:\/\/geoclimate.ge\/wp-content\/uploads\/2025\/06\/WHA.jpg","width":1027,"height":750},{"@type":"BreadcrumbList","@id":"https:\/\/geoclimate.ge\/az\/product\/wha-ground-source-water-to-water-heat-pumps-equipped-with-scroll-compressor\/#breadcrumb","itemListElement":[{"@type":"ListItem","position":1,"name":"Home","item":"https:\/\/geoclimate.ge\/az\/"},{"@type":"ListItem","position":2,"name":"M\u0259hsullar","item":"https:\/\/geoclimate.ge\/az\/products\/"},{"@type":"ListItem","position":3,"name":"WHA Torpaq m\u0259nb\u0259yi, sudan suya istilik nasoslar\u0131 s\u00fcr\u00fc\u015fm\u0259 kompressoru il\u0259 t\u0259chiz edilmi\u015fdir"}]},{"@type":"WebSite","@id":"https:\/\/geoclimate.ge\/#website","url":"https:\/\/geoclimate.ge\/","name":"GeoClimate","description":"","publisher":{"@id":"https:\/\/geoclimate.ge\/#organization"},"potentialAction":[{"@type":"SearchAction","target":{"@type":"EntryPoint","urlTemplate":"https:\/\/geoclimate.ge\/?s={search_term_string}"},"query-input":{"@type":"PropertyValueSpecification","valueRequired":true,"valueName":"search_term_string"}}],"inLanguage":"az"},{"@type":"Organization","@id":"https:\/\/geoclimate.ge\/#organization","name":"GeoClimate","url":"https:\/\/geoclimate.ge\/","logo":{"@type":"ImageObject","inLanguage":"az","@id":"https:\/\/geoclimate.ge\/#\/schema\/logo\/image\/","url":"https:\/\/geoclimate.ge\/wp-content\/uploads\/2026\/03\/geoclimate-SEO.png","contentUrl":"https:\/\/geoclimate.ge\/wp-content\/uploads\/2026\/03\/geoclimate-SEO.png","width":1536,"height":1024,"caption":"GeoClimate"},"image":{"@id":"https:\/\/geoclimate.ge\/#\/schema\/logo\/image\/"}}]}},"_links":{"self":[{"href":"https:\/\/geoclimate.ge\/az\/wp-json\/wp\/v2\/product\/34728","targetHints":{"allow":["GET"]}}],"collection":[{"href":"https:\/\/geoclimate.ge\/az\/wp-json\/wp\/v2\/product"}],"about":[{"href":"https:\/\/geoclimate.ge\/az\/wp-json\/wp\/v2\/types\/product"}],"wp:featuredmedia":[{"embeddable":true,"href":"https:\/\/geoclimate.ge\/az\/wp-json\/wp\/v2\/media\/34722"}],"wp:attachment":[{"href":"https:\/\/geoclimate.ge\/az\/wp-json\/wp\/v2\/media?parent=34728"}],"wp:term":[{"taxonomy":"product_brand","embeddable":true,"href":"https:\/\/geoclimate.ge\/az\/wp-json\/wp\/v2\/product_brand?post=34728"},{"taxonomy":"product_cat","embeddable":true,"href":"https:\/\/geoclimate.ge\/az\/wp-json\/wp\/v2\/product_cat?post=34728"},{"taxonomy":"product_tag","embeddable":true,"href":"https:\/\/geoclimate.ge\/az\/wp-json\/wp\/v2\/product_tag?post=34728"}],"curies":[{"name":"wp","href":"https:\/\/api.w.org\/{rel}","templated":true}]}}