{"id":34789,"date":"2025-06-09T15:47:00","date_gmt":"2025-06-09T11:47:00","guid":{"rendered":"https:\/\/airsystems.ge\/shop\/product\/wzt-p4-high-efficiency-air-to-water-split-system-heat-pumps-equipped-with-e-v-i-compressors-in-two-sections\/"},"modified":"2025-06-09T16:05:12","modified_gmt":"2025-06-09T12:05:12","slug":"wzt-p4-high-efficiency-air-to-water-split-system-heat-pumps-equipped-with-e-v-i-compressors-in-two-sections","status":"publish","type":"product","link":"https:\/\/geoclimate.ge\/az\/product\/wzt-p4-high-efficiency-air-to-water-split-system-heat-pumps-equipped-with-e-v-i-compressors-in-two-sections\/","title":{"rendered":"WZT P4 e.v.i il\u0259 t\u0259chiz olunmu\u015f y\u00fcks\u0259k s\u0259m\u0259r\u0259li havadan suya split sistemli istilik nasoslar\u0131. iki hiss\u0259li kompressorlar"},"content":{"rendered":"<div class=\"elementor-element elementor-element-391e72ec elementor-widget elementor-widget-theme-post-content\" data-id=\"391e72ec\" data-element_type=\"widget\" data-widget_type=\"theme-post-content.default\">\n<div class=\"elementor-widget-container\">\n<p>NN konfiqurasiyas\u0131nda olan WZT seriyal\u0131 hava m\u0259nb\u0259yi y\u00fcks\u0259k s\u0259m\u0259r\u0259li istilik nasoslar\u0131, istilik rejimind\u0259 maksimum s\u0259m\u0259r\u0259liliyin v\u0259 son d\u0259r\u0259c\u0259 a\u015fa\u011f\u0131 s\u0259s-k\u00fcy s\u0259viyy\u0259sinin t\u0259l\u0259b olundu\u011fu t\u0259tbiql\u0259r \u00fc\u00e7\u00fcn x\u00fcsusil\u0259 uy\u011fundur v\u0259 bu m\u0259qs\u0259dl\u0259 soyuducu x\u0259tl\u0259rl\u0259 bir-birin\u0259 ba\u011flanm\u0131\u015f, kompressoru daxili hiss\u0259y\u0259 qura\u015fd\u0131raraq iki hiss\u0259d\u0259n ibar\u0259tdir. B\u00f6lm\u0259l\u0259r m\u00fcmk\u00fcn olan \u0259n yax\u015f\u0131 s\u0259m\u0259r\u0259liliy\u0259 malik olmaq \u00fc\u00e7\u00fcn x\u00fcsusi olaraq dizayn edilmi\u015fdir, onlar -20\u00b0C-\u0259 q\u0259d\u0259r \u0259traf m\u00fchit temperaturunda i\u015fl\u0259y\u0259 v\u0259 65\u00b0C-y\u0259 q\u0259d\u0259r isti su istehsal ed\u0259 bil\u0259r. Vahidl\u0259r 2 borulu (P2S, P2U), versiya 2 + 2 borulu (P4S) v\u0259 4 borulu (P4U) versiyada m\u00f6vcuddur. P2U aqreqatlar\u0131 sanitar isti su istehsal ed\u0259 bilmir, P2S versiyalar\u0131 xarici 3 yollu klapan\u0131n i\u015f\u0259 sal\u0131nmas\u0131 (t\u0259chiz olunmur), P4S versiyalar\u0131 v\u0259 P4U is\u0259 x\u00fcsusi soyuducu d\u00f6vr\u0259ni i\u015f\u0259 salmaqla rejimd\u0259n as\u0131l\u0131 olmayaraq isti su istehsal ed\u0259 bilir. B\u00fct\u00fcn modell\u0259r q\u0131\u015f defrost rejimi \u00fc\u00e7\u00fcn t\u0259rs d\u00f6vr\u0259 klapan\u0131 il\u0259 t\u0259chiz olunub, RV versiyalar\u0131 da yayda soyuq su istehsal ed\u0259 bilir (HH versiyas\u0131 \u00fc\u00e7\u00fcn m\u00f6vcud deyil). S\u0259s-k\u00fcy s\u0259viyy\u0259si son d\u0259r\u0259c\u0259 a\u015fa\u011f\u0131 kompressorlar\u0131n v\u0259 fanatlar\u0131n x\u00fcsusi n\u00f6vb\u0259 say\u0131 il\u0259 birlikd\u0259 (t\u0259xmin\u0259n 450 rpm) s\u0259s-k\u00fcy\u00fc t\u0259xmin\u0259n 6-8 db (A) azaltma\u011fa imkan ver\u0259n x\u00fcsusi \u00fcz\u0259n vibrasiya s\u00f6n\u00fcml\u0259m\u0259 sisteminin istifad\u0259si say\u0259sind\u0259 son d\u0259r\u0259c\u0259 saxlan\u0131l\u0131r.<\/p>\n<\/div>\n<\/div>\n<div class=\"elementor-element elementor-element-427e8a79 e-flex e-con-boxed e-con e-child\" data-id=\"427e8a79\" data-element_type=\"container\">\n<div class=\"e-con-inner\">\n<div class=\"elementor-element elementor-element-6e19ed90 hidebutton mc-bl elementor-align-left elementor-widget elementor-widget-button\" data-id=\"6e19ed90\" data-element_type=\"widget\" data-widget_type=\"button.default\">\n<div class=\"elementor-widget-container\">\n<div class=\"elementor-button-wrapper\"><a class=\"elementor-button elementor-button-link elementor-size-sm\" href=\"https:\/\/www.enextechnologies.com\/wp-content\/uploads\/2024\/09\/WZT_ENG.pdf\" target=\"_blank\" rel=\"noopener\"><span class=\"elementor-button-content-wrapper\"><span class=\"elementor-button-text\">BROCHURE<\/span><\/span><\/a><\/div>\n<\/div>\n<\/div>\n<\/div>\n<\/div>\n","protected":false},"excerpt":{"rendered":"<p>24 kVt-dan 102 kVt-a q\u0259d\u0259r istilik g\u00fcc\u00fc<\/p>\n","protected":false},"featured_media":34783,"template":"","meta":[],"product_brand":[],"product_cat":[1668,875],"product_tag":[],"class_list":{"0":"post-34789","1":"product","2":"type-product","3":"status-publish","4":"has-post-thumbnail","6":"product_cat-istilik-nasosu","7":"product_cat-snaye-az-kondisionerlr","9":"first","10":"instock","11":"shipping-taxable","12":"product-type-simple"},"yoast_head":"<!-- This site is optimized with the Yoast SEO plugin v27.1.1 - https:\/\/yoast.com\/product\/yoast-seo-wordpress\/ -->\n<title>WZT P4 e.v.i il\u0259 t\u0259chiz olunmu\u015f y\u00fcks\u0259k s\u0259m\u0259r\u0259li havadan suya split sistemli istilik nasoslar\u0131. iki hiss\u0259li kompressorlar - GeoClimate.ge<\/title>\n<meta name=\"robots\" content=\"index, follow, max-snippet:-1, max-image-preview:large, max-video-preview:-1\" \/>\n<link rel=\"canonical\" href=\"https:\/\/geoclimate.ge\/az\/product\/wzt-p4-high-efficiency-air-to-water-split-system-heat-pumps-equipped-with-e-v-i-compressors-in-two-sections\/\" \/>\n<meta property=\"og:locale\" content=\"az_AZ\" \/>\n<meta property=\"og:type\" content=\"article\" \/>\n<meta property=\"og:title\" content=\"WZT P4 e.v.i il\u0259 t\u0259chiz olunmu\u015f y\u00fcks\u0259k s\u0259m\u0259r\u0259li havadan suya split sistemli istilik nasoslar\u0131. iki hiss\u0259li kompressorlar - GeoClimate.ge\" \/>\n<meta property=\"og:description\" content=\"24 kVt-dan 102 kVt-a q\u0259d\u0259r istilik g\u00fcc\u00fc\" \/>\n<meta property=\"og:url\" content=\"https:\/\/geoclimate.ge\/az\/product\/wzt-p4-high-efficiency-air-to-water-split-system-heat-pumps-equipped-with-e-v-i-compressors-in-two-sections\/\" \/>\n<meta property=\"og:site_name\" content=\"GeoClimate.ge\" \/>\n<meta property=\"article:modified_time\" content=\"2025-06-09T12:05:12+00:00\" \/>\n<meta property=\"og:image\" content=\"https:\/\/geoclimate.ge\/wp-content\/uploads\/2025\/06\/WZT-1.jpg\" \/>\n\t<meta property=\"og:image:width\" content=\"1863\" \/>\n\t<meta property=\"og:image:height\" content=\"1084\" \/>\n\t<meta property=\"og:image:type\" content=\"image\/jpeg\" \/>\n<meta name=\"twitter:card\" content=\"summary_large_image\" \/>\n<meta name=\"twitter:label1\" content=\"Est. reading time\" \/>\n\t<meta name=\"twitter:data1\" content=\"1 minute\" \/>\n<script type=\"application\/ld+json\" class=\"yoast-schema-graph\">{\"@context\":\"https:\/\/schema.org\",\"@graph\":[{\"@type\":\"WebPage\",\"@id\":\"https:\/\/geoclimate.ge\/az\/product\/wzt-p4-high-efficiency-air-to-water-split-system-heat-pumps-equipped-with-e-v-i-compressors-in-two-sections\/\",\"url\":\"https:\/\/geoclimate.ge\/az\/product\/wzt-p4-high-efficiency-air-to-water-split-system-heat-pumps-equipped-with-e-v-i-compressors-in-two-sections\/\",\"name\":\"WZT P4 e.v.i il\u0259 t\u0259chiz olunmu\u015f y\u00fcks\u0259k s\u0259m\u0259r\u0259li havadan suya split sistemli istilik nasoslar\u0131. iki hiss\u0259li kompressorlar - GeoClimate.ge\",\"isPartOf\":{\"@id\":\"https:\/\/geoclimate.ge\/#website\"},\"primaryImageOfPage\":{\"@id\":\"https:\/\/geoclimate.ge\/az\/product\/wzt-p4-high-efficiency-air-to-water-split-system-heat-pumps-equipped-with-e-v-i-compressors-in-two-sections\/#primaryimage\"},\"image\":{\"@id\":\"https:\/\/geoclimate.ge\/az\/product\/wzt-p4-high-efficiency-air-to-water-split-system-heat-pumps-equipped-with-e-v-i-compressors-in-two-sections\/#primaryimage\"},\"thumbnailUrl\":\"https:\/\/geoclimate.ge\/wp-content\/uploads\/2025\/06\/WZT-1.jpg\",\"datePublished\":\"2025-06-09T11:47:00+00:00\",\"dateModified\":\"2025-06-09T12:05:12+00:00\",\"breadcrumb\":{\"@id\":\"https:\/\/geoclimate.ge\/az\/product\/wzt-p4-high-efficiency-air-to-water-split-system-heat-pumps-equipped-with-e-v-i-compressors-in-two-sections\/#breadcrumb\"},\"inLanguage\":\"az\",\"potentialAction\":[{\"@type\":\"ReadAction\",\"target\":[\"https:\/\/geoclimate.ge\/az\/product\/wzt-p4-high-efficiency-air-to-water-split-system-heat-pumps-equipped-with-e-v-i-compressors-in-two-sections\/\"]}]},{\"@type\":\"ImageObject\",\"inLanguage\":\"az\",\"@id\":\"https:\/\/geoclimate.ge\/az\/product\/wzt-p4-high-efficiency-air-to-water-split-system-heat-pumps-equipped-with-e-v-i-compressors-in-two-sections\/#primaryimage\",\"url\":\"https:\/\/geoclimate.ge\/wp-content\/uploads\/2025\/06\/WZT-1.jpg\",\"contentUrl\":\"https:\/\/geoclimate.ge\/wp-content\/uploads\/2025\/06\/WZT-1.jpg\",\"width\":1863,\"height\":1084},{\"@type\":\"BreadcrumbList\",\"@id\":\"https:\/\/geoclimate.ge\/az\/product\/wzt-p4-high-efficiency-air-to-water-split-system-heat-pumps-equipped-with-e-v-i-compressors-in-two-sections\/#breadcrumb\",\"itemListElement\":[{\"@type\":\"ListItem\",\"position\":1,\"name\":\"Home\",\"item\":\"https:\/\/geoclimate.ge\/az\/\"},{\"@type\":\"ListItem\",\"position\":2,\"name\":\"M\u0259hsullar\",\"item\":\"https:\/\/geoclimate.ge\/az\/products\/\"},{\"@type\":\"ListItem\",\"position\":3,\"name\":\"WZT P4 e.v.i il\u0259 t\u0259chiz olunmu\u015f y\u00fcks\u0259k s\u0259m\u0259r\u0259li havadan suya split sistemli istilik nasoslar\u0131. iki hiss\u0259li kompressorlar\"}]},{\"@type\":\"WebSite\",\"@id\":\"https:\/\/geoclimate.ge\/#website\",\"url\":\"https:\/\/geoclimate.ge\/\",\"name\":\"GeoClimate\",\"description\":\"\",\"publisher\":{\"@id\":\"https:\/\/geoclimate.ge\/#organization\"},\"potentialAction\":[{\"@type\":\"SearchAction\",\"target\":{\"@type\":\"EntryPoint\",\"urlTemplate\":\"https:\/\/geoclimate.ge\/?s={search_term_string}\"},\"query-input\":{\"@type\":\"PropertyValueSpecification\",\"valueRequired\":true,\"valueName\":\"search_term_string\"}}],\"inLanguage\":\"az\"},{\"@type\":\"Organization\",\"@id\":\"https:\/\/geoclimate.ge\/#organization\",\"name\":\"GeoClimate\",\"url\":\"https:\/\/geoclimate.ge\/\",\"logo\":{\"@type\":\"ImageObject\",\"inLanguage\":\"az\",\"@id\":\"https:\/\/geoclimate.ge\/#\/schema\/logo\/image\/\",\"url\":\"https:\/\/geoclimate.ge\/wp-content\/uploads\/2026\/03\/geoclimate-SEO.png\",\"contentUrl\":\"https:\/\/geoclimate.ge\/wp-content\/uploads\/2026\/03\/geoclimate-SEO.png\",\"width\":1536,\"height\":1024,\"caption\":\"GeoClimate\"},\"image\":{\"@id\":\"https:\/\/geoclimate.ge\/#\/schema\/logo\/image\/\"}}]}<\/script>\n<!-- \/ Yoast SEO plugin. -->","yoast_head_json":{"title":"WZT P4 e.v.i il\u0259 t\u0259chiz olunmu\u015f y\u00fcks\u0259k s\u0259m\u0259r\u0259li havadan suya split sistemli istilik nasoslar\u0131. iki hiss\u0259li kompressorlar - GeoClimate.ge","robots":{"index":"index","follow":"follow","max-snippet":"max-snippet:-1","max-image-preview":"max-image-preview:large","max-video-preview":"max-video-preview:-1"},"canonical":"https:\/\/geoclimate.ge\/az\/product\/wzt-p4-high-efficiency-air-to-water-split-system-heat-pumps-equipped-with-e-v-i-compressors-in-two-sections\/","og_locale":"az_AZ","og_type":"article","og_title":"WZT P4 e.v.i il\u0259 t\u0259chiz olunmu\u015f y\u00fcks\u0259k s\u0259m\u0259r\u0259li havadan suya split sistemli istilik nasoslar\u0131. iki hiss\u0259li kompressorlar - GeoClimate.ge","og_description":"24 kVt-dan 102 kVt-a q\u0259d\u0259r istilik g\u00fcc\u00fc","og_url":"https:\/\/geoclimate.ge\/az\/product\/wzt-p4-high-efficiency-air-to-water-split-system-heat-pumps-equipped-with-e-v-i-compressors-in-two-sections\/","og_site_name":"GeoClimate.ge","article_modified_time":"2025-06-09T12:05:12+00:00","og_image":[{"width":1863,"height":1084,"url":"https:\/\/geoclimate.ge\/wp-content\/uploads\/2025\/06\/WZT-1.jpg","type":"image\/jpeg"}],"twitter_card":"summary_large_image","twitter_misc":{"Est. reading time":"1 minute"},"schema":{"@context":"https:\/\/schema.org","@graph":[{"@type":"WebPage","@id":"https:\/\/geoclimate.ge\/az\/product\/wzt-p4-high-efficiency-air-to-water-split-system-heat-pumps-equipped-with-e-v-i-compressors-in-two-sections\/","url":"https:\/\/geoclimate.ge\/az\/product\/wzt-p4-high-efficiency-air-to-water-split-system-heat-pumps-equipped-with-e-v-i-compressors-in-two-sections\/","name":"WZT P4 e.v.i il\u0259 t\u0259chiz olunmu\u015f y\u00fcks\u0259k s\u0259m\u0259r\u0259li havadan suya split sistemli istilik nasoslar\u0131. iki hiss\u0259li kompressorlar - GeoClimate.ge","isPartOf":{"@id":"https:\/\/geoclimate.ge\/#website"},"primaryImageOfPage":{"@id":"https:\/\/geoclimate.ge\/az\/product\/wzt-p4-high-efficiency-air-to-water-split-system-heat-pumps-equipped-with-e-v-i-compressors-in-two-sections\/#primaryimage"},"image":{"@id":"https:\/\/geoclimate.ge\/az\/product\/wzt-p4-high-efficiency-air-to-water-split-system-heat-pumps-equipped-with-e-v-i-compressors-in-two-sections\/#primaryimage"},"thumbnailUrl":"https:\/\/geoclimate.ge\/wp-content\/uploads\/2025\/06\/WZT-1.jpg","datePublished":"2025-06-09T11:47:00+00:00","dateModified":"2025-06-09T12:05:12+00:00","breadcrumb":{"@id":"https:\/\/geoclimate.ge\/az\/product\/wzt-p4-high-efficiency-air-to-water-split-system-heat-pumps-equipped-with-e-v-i-compressors-in-two-sections\/#breadcrumb"},"inLanguage":"az","potentialAction":[{"@type":"ReadAction","target":["https:\/\/geoclimate.ge\/az\/product\/wzt-p4-high-efficiency-air-to-water-split-system-heat-pumps-equipped-with-e-v-i-compressors-in-two-sections\/"]}]},{"@type":"ImageObject","inLanguage":"az","@id":"https:\/\/geoclimate.ge\/az\/product\/wzt-p4-high-efficiency-air-to-water-split-system-heat-pumps-equipped-with-e-v-i-compressors-in-two-sections\/#primaryimage","url":"https:\/\/geoclimate.ge\/wp-content\/uploads\/2025\/06\/WZT-1.jpg","contentUrl":"https:\/\/geoclimate.ge\/wp-content\/uploads\/2025\/06\/WZT-1.jpg","width":1863,"height":1084},{"@type":"BreadcrumbList","@id":"https:\/\/geoclimate.ge\/az\/product\/wzt-p4-high-efficiency-air-to-water-split-system-heat-pumps-equipped-with-e-v-i-compressors-in-two-sections\/#breadcrumb","itemListElement":[{"@type":"ListItem","position":1,"name":"Home","item":"https:\/\/geoclimate.ge\/az\/"},{"@type":"ListItem","position":2,"name":"M\u0259hsullar","item":"https:\/\/geoclimate.ge\/az\/products\/"},{"@type":"ListItem","position":3,"name":"WZT P4 e.v.i il\u0259 t\u0259chiz olunmu\u015f y\u00fcks\u0259k s\u0259m\u0259r\u0259li havadan suya split sistemli istilik nasoslar\u0131. iki hiss\u0259li kompressorlar"}]},{"@type":"WebSite","@id":"https:\/\/geoclimate.ge\/#website","url":"https:\/\/geoclimate.ge\/","name":"GeoClimate","description":"","publisher":{"@id":"https:\/\/geoclimate.ge\/#organization"},"potentialAction":[{"@type":"SearchAction","target":{"@type":"EntryPoint","urlTemplate":"https:\/\/geoclimate.ge\/?s={search_term_string}"},"query-input":{"@type":"PropertyValueSpecification","valueRequired":true,"valueName":"search_term_string"}}],"inLanguage":"az"},{"@type":"Organization","@id":"https:\/\/geoclimate.ge\/#organization","name":"GeoClimate","url":"https:\/\/geoclimate.ge\/","logo":{"@type":"ImageObject","inLanguage":"az","@id":"https:\/\/geoclimate.ge\/#\/schema\/logo\/image\/","url":"https:\/\/geoclimate.ge\/wp-content\/uploads\/2026\/03\/geoclimate-SEO.png","contentUrl":"https:\/\/geoclimate.ge\/wp-content\/uploads\/2026\/03\/geoclimate-SEO.png","width":1536,"height":1024,"caption":"GeoClimate"},"image":{"@id":"https:\/\/geoclimate.ge\/#\/schema\/logo\/image\/"}}]}},"_links":{"self":[{"href":"https:\/\/geoclimate.ge\/az\/wp-json\/wp\/v2\/product\/34789","targetHints":{"allow":["GET"]}}],"collection":[{"href":"https:\/\/geoclimate.ge\/az\/wp-json\/wp\/v2\/product"}],"about":[{"href":"https:\/\/geoclimate.ge\/az\/wp-json\/wp\/v2\/types\/product"}],"wp:featuredmedia":[{"embeddable":true,"href":"https:\/\/geoclimate.ge\/az\/wp-json\/wp\/v2\/media\/34783"}],"wp:attachment":[{"href":"https:\/\/geoclimate.ge\/az\/wp-json\/wp\/v2\/media?parent=34789"}],"wp:term":[{"taxonomy":"product_brand","embeddable":true,"href":"https:\/\/geoclimate.ge\/az\/wp-json\/wp\/v2\/product_brand?post=34789"},{"taxonomy":"product_cat","embeddable":true,"href":"https:\/\/geoclimate.ge\/az\/wp-json\/wp\/v2\/product_cat?post=34789"},{"taxonomy":"product_tag","embeddable":true,"href":"https:\/\/geoclimate.ge\/az\/wp-json\/wp\/v2\/product_tag?post=34789"}],"curies":[{"name":"wp","href":"https:\/\/api.w.org\/{rel}","templated":true}]}}