{"id":34965,"date":"2025-06-09T19:04:20","date_gmt":"2025-06-09T15:04:20","guid":{"rendered":"https:\/\/airsystems.ge\/shop\/product\/sound-attenuators-alphafon-sa\/"},"modified":"2025-06-09T19:06:55","modified_gmt":"2025-06-09T15:06:55","slug":"sound-attenuators-alphafon-sa","status":"publish","type":"product","link":"https:\/\/geoclimate.ge\/az\/product\/sound-attenuators-alphafon-sa\/","title":{"rendered":"S\u0259s z\u0259ifl\u0259dicil\u0259ri ALPHAfon \u2013 SA"},"content":{"rendered":"<p>ALPHAfon-SA s\u0259s azald\u0131c\u0131lar\u0131 s\u0259s-k\u00fcy\u00fcn azald\u0131lmas\u0131 v\u0259 a\u015fa\u011f\u0131 t\u0259zyiqin azalmas\u0131 t\u0259l\u0259b ed\u0259n hava kanallar\u0131 qur\u011fular\u0131nda t\u0259tbiql\u0259rd\u0259 istifad\u0259 olunur. Tipik t\u0259tbiql\u0259r kondisioner kanallar\u0131, soyutma q\u00fcll\u0259l\u0259ri, havaland\u0131rma sisteml\u0259ridir. ALPHAfon-SA i\u015f yerl\u0259rind\u0259 (ofisl\u0259rd\u0259, s\u0259nayed\u0259) ev t\u0259s\u0259rr\u00fcfatlar\u0131nda, dig\u0259r binalarda (otell\u0259r, x\u0259st\u0259xanalar, teatrlar v\u0259 s.) s\u0259s-k\u00fcy\u00fc azald\u0131r v\u0259 h\u0259m\u00e7inin \u0259traf m\u00fchit\u0259 at\u0131lan s\u0259s-k\u00fcy\u00fc azald\u0131r.<\/p>\n<p>S\u0259s uducu materiallar\u0131n xarici s\u0259thi istifad\u0259 v\u0259 hava s\u00fcr\u0259tind\u0259n as\u0131l\u0131 olaraq fiberglas v\u0259 ya perforasiya edilmi\u015f metal t\u0259b\u0259q\u0259 il\u0259 qorunur.<\/p>\n<p>ALPHAfon-SA s\u0259s z\u0259ifl\u0259dicil\u0259rinin layih\u0259l\u0259ndirilm\u0259si v\u0259 istehsal\u0131 1979-cu ild\u0259n b\u0259ri s\u0259s z\u0259ifl\u0259dicil\u0259rinin istehsal\u0131 \u00fczr\u0259 t\u0259cr\u00fcb\u0259mizd\u0259n istifad\u0259 etm\u0259kl\u0259 h\u0259yata ke\u00e7irilir. Qabaqc\u0131l akustik proqram t\u0259minat\u0131ndan istifad\u0259 etm\u0259kl\u0259 biz x\u00fcsusi n\u0259tic\u0259l\u0259r \u0259ld\u0259 etm\u0259k \u00fc\u00e7\u00fcn s\u0259s z\u0259ifl\u0259dicil\u0259rinin t\u0259l\u0259b olunan x\u00fcsusiyy\u0259tl\u0259rini hesablaya bil\u0259rik. \u018flav\u0259 olaraq, kanal\u0131n i\u00e7\u0259risind\u0259ki hava s\u00fcr\u0259tind\u0259n yaranan s\u0259s-k\u00fcy d\u0259 hesablana bil\u0259r.<\/p>\n<p>Attenuator n\u00f6vl\u0259ri:<\/p>\n<p>Paralel (P)<br \/>\nX\u00fcsusi qabaqc\u0131l t\u0259mizl\u0259m\u0259 t\u0259l\u0259bl\u0259ri (M)<br \/>\nSilindrik (C)<br \/>\nPaslanmayan polad (I)<br \/>\nBucaq (B)<br \/>\nAerodinamik dizayn (A)<br \/>\nTipik kod n\u00fcmun\u0259si<\/p>\n<p>ALPHAfon-SA\/(P + M)\/75\/ 1200-600-850<br \/>\n(Baffles aras\u0131nda m\u0259saf\u0259\/Uzunluq-eni- H\u00fcnd\u00fcrl\u00fck mm il\u0259)<\/p>\n<p>M\u00fcvafiq s\u0259s z\u0259ifl\u0259d\u0259n ALPHAfon-SA se\u00e7imi \u00fc\u00e7\u00fcn dB-d\u0259 daxiletm\u0259 itkisi, h\u0259cm ax\u0131n\u0131 s\u00fcr\u0259ti (m3\/saat) v\u0259 maksimum icaz\u0259 veril\u0259n \u00fcmumi t\u0259zyiq d\u00fc\u015fm\u0259si m\u00fc\u0259yy\u0259n edilm\u0259lidir.<\/p>\n","protected":false},"excerpt":{"rendered":"<div class=\"woocommerce-product-details__short-description\">\n<p>S\u0259s-k\u00fcy\u00fcn azald\u0131lmas\u0131 v\u0259 a\u015fa\u011f\u0131 t\u0259zyiq d\u00fc\u015fm\u0259si t\u0259l\u0259b ed\u0259n hava kanallar\u0131n\u0131n qura\u015fd\u0131r\u0131lmas\u0131 \u00fc\u00e7\u00fcn<\/p>\n<\/div>\n","protected":false},"featured_media":34936,"template":"","meta":[],"product_brand":[],"product_cat":[804,1715],"product_tag":[],"class_list":{"0":"post-34965","1":"product","2":"type-product","3":"status-publish","4":"has-post-thumbnail","6":"product_cat-akustika-ss-kuy-v-vibrasiyaya-nzart","7":"product_cat-mechanical-noise-control-az","9":"first","10":"instock","11":"shipping-taxable","12":"product-type-simple"},"yoast_head":"<!-- This site is optimized with the Yoast SEO plugin v27.1.1 - https:\/\/yoast.com\/product\/yoast-seo-wordpress\/ -->\n<title>S\u0259s z\u0259ifl\u0259dicil\u0259ri ALPHAfon \u2013 SA - GeoClimate.ge<\/title>\n<meta name=\"robots\" content=\"index, follow, max-snippet:-1, max-image-preview:large, max-video-preview:-1\" \/>\n<link rel=\"canonical\" href=\"https:\/\/geoclimate.ge\/az\/product\/sound-attenuators-alphafon-sa\/\" \/>\n<meta property=\"og:locale\" content=\"az_AZ\" \/>\n<meta property=\"og:type\" content=\"article\" \/>\n<meta property=\"og:title\" content=\"S\u0259s z\u0259ifl\u0259dicil\u0259ri ALPHAfon \u2013 SA - GeoClimate.ge\" \/>\n<meta property=\"og:description\" content=\"S\u0259s-k\u00fcy\u00fcn azald\u0131lmas\u0131 v\u0259 a\u015fa\u011f\u0131 t\u0259zyiq d\u00fc\u015fm\u0259si t\u0259l\u0259b ed\u0259n hava kanallar\u0131n\u0131n qura\u015fd\u0131r\u0131lmas\u0131 \u00fc\u00e7\u00fcn\" \/>\n<meta property=\"og:url\" content=\"https:\/\/geoclimate.ge\/az\/product\/sound-attenuators-alphafon-sa\/\" \/>\n<meta property=\"og:site_name\" content=\"GeoClimate.ge\" \/>\n<meta property=\"article:modified_time\" content=\"2025-06-09T15:06:55+00:00\" \/>\n<meta property=\"og:image\" content=\"https:\/\/geoclimate.ge\/wp-content\/uploads\/2025\/06\/aplhafon-sa.jpg\" \/>\n\t<meta property=\"og:image:width\" content=\"527\" \/>\n\t<meta property=\"og:image:height\" content=\"377\" \/>\n\t<meta property=\"og:image:type\" content=\"image\/jpeg\" \/>\n<meta name=\"twitter:card\" content=\"summary_large_image\" \/>\n<meta name=\"twitter:label1\" content=\"Est. reading time\" \/>\n\t<meta name=\"twitter:data1\" content=\"2 minutes\" \/>\n<script type=\"application\/ld+json\" class=\"yoast-schema-graph\">{\"@context\":\"https:\/\/schema.org\",\"@graph\":[{\"@type\":\"WebPage\",\"@id\":\"https:\/\/geoclimate.ge\/az\/product\/sound-attenuators-alphafon-sa\/\",\"url\":\"https:\/\/geoclimate.ge\/az\/product\/sound-attenuators-alphafon-sa\/\",\"name\":\"S\u0259s z\u0259ifl\u0259dicil\u0259ri ALPHAfon \u2013 SA - GeoClimate.ge\",\"isPartOf\":{\"@id\":\"https:\/\/geoclimate.ge\/#website\"},\"primaryImageOfPage\":{\"@id\":\"https:\/\/geoclimate.ge\/az\/product\/sound-attenuators-alphafon-sa\/#primaryimage\"},\"image\":{\"@id\":\"https:\/\/geoclimate.ge\/az\/product\/sound-attenuators-alphafon-sa\/#primaryimage\"},\"thumbnailUrl\":\"https:\/\/geoclimate.ge\/wp-content\/uploads\/2025\/06\/aplhafon-sa.jpg\",\"datePublished\":\"2025-06-09T15:04:20+00:00\",\"dateModified\":\"2025-06-09T15:06:55+00:00\",\"breadcrumb\":{\"@id\":\"https:\/\/geoclimate.ge\/az\/product\/sound-attenuators-alphafon-sa\/#breadcrumb\"},\"inLanguage\":\"az\",\"potentialAction\":[{\"@type\":\"ReadAction\",\"target\":[\"https:\/\/geoclimate.ge\/az\/product\/sound-attenuators-alphafon-sa\/\"]}]},{\"@type\":\"ImageObject\",\"inLanguage\":\"az\",\"@id\":\"https:\/\/geoclimate.ge\/az\/product\/sound-attenuators-alphafon-sa\/#primaryimage\",\"url\":\"https:\/\/geoclimate.ge\/wp-content\/uploads\/2025\/06\/aplhafon-sa.jpg\",\"contentUrl\":\"https:\/\/geoclimate.ge\/wp-content\/uploads\/2025\/06\/aplhafon-sa.jpg\",\"width\":527,\"height\":377},{\"@type\":\"BreadcrumbList\",\"@id\":\"https:\/\/geoclimate.ge\/az\/product\/sound-attenuators-alphafon-sa\/#breadcrumb\",\"itemListElement\":[{\"@type\":\"ListItem\",\"position\":1,\"name\":\"Home\",\"item\":\"https:\/\/geoclimate.ge\/az\/\"},{\"@type\":\"ListItem\",\"position\":2,\"name\":\"M\u0259hsullar\",\"item\":\"https:\/\/geoclimate.ge\/az\/products\/\"},{\"@type\":\"ListItem\",\"position\":3,\"name\":\"S\u0259s z\u0259ifl\u0259dicil\u0259ri ALPHAfon \u2013 SA\"}]},{\"@type\":\"WebSite\",\"@id\":\"https:\/\/geoclimate.ge\/#website\",\"url\":\"https:\/\/geoclimate.ge\/\",\"name\":\"GeoClimate\",\"description\":\"\",\"publisher\":{\"@id\":\"https:\/\/geoclimate.ge\/#organization\"},\"potentialAction\":[{\"@type\":\"SearchAction\",\"target\":{\"@type\":\"EntryPoint\",\"urlTemplate\":\"https:\/\/geoclimate.ge\/?s={search_term_string}\"},\"query-input\":{\"@type\":\"PropertyValueSpecification\",\"valueRequired\":true,\"valueName\":\"search_term_string\"}}],\"inLanguage\":\"az\"},{\"@type\":\"Organization\",\"@id\":\"https:\/\/geoclimate.ge\/#organization\",\"name\":\"GeoClimate\",\"url\":\"https:\/\/geoclimate.ge\/\",\"logo\":{\"@type\":\"ImageObject\",\"inLanguage\":\"az\",\"@id\":\"https:\/\/geoclimate.ge\/#\/schema\/logo\/image\/\",\"url\":\"https:\/\/geoclimate.ge\/wp-content\/uploads\/2026\/03\/geoclimate-SEO.png\",\"contentUrl\":\"https:\/\/geoclimate.ge\/wp-content\/uploads\/2026\/03\/geoclimate-SEO.png\",\"width\":1536,\"height\":1024,\"caption\":\"GeoClimate\"},\"image\":{\"@id\":\"https:\/\/geoclimate.ge\/#\/schema\/logo\/image\/\"}}]}<\/script>\n<!-- \/ Yoast SEO plugin. -->","yoast_head_json":{"title":"S\u0259s z\u0259ifl\u0259dicil\u0259ri ALPHAfon \u2013 SA - GeoClimate.ge","robots":{"index":"index","follow":"follow","max-snippet":"max-snippet:-1","max-image-preview":"max-image-preview:large","max-video-preview":"max-video-preview:-1"},"canonical":"https:\/\/geoclimate.ge\/az\/product\/sound-attenuators-alphafon-sa\/","og_locale":"az_AZ","og_type":"article","og_title":"S\u0259s z\u0259ifl\u0259dicil\u0259ri ALPHAfon \u2013 SA - GeoClimate.ge","og_description":"S\u0259s-k\u00fcy\u00fcn azald\u0131lmas\u0131 v\u0259 a\u015fa\u011f\u0131 t\u0259zyiq d\u00fc\u015fm\u0259si t\u0259l\u0259b ed\u0259n hava kanallar\u0131n\u0131n qura\u015fd\u0131r\u0131lmas\u0131 \u00fc\u00e7\u00fcn","og_url":"https:\/\/geoclimate.ge\/az\/product\/sound-attenuators-alphafon-sa\/","og_site_name":"GeoClimate.ge","article_modified_time":"2025-06-09T15:06:55+00:00","og_image":[{"width":527,"height":377,"url":"https:\/\/geoclimate.ge\/wp-content\/uploads\/2025\/06\/aplhafon-sa.jpg","type":"image\/jpeg"}],"twitter_card":"summary_large_image","twitter_misc":{"Est. reading time":"2 minutes"},"schema":{"@context":"https:\/\/schema.org","@graph":[{"@type":"WebPage","@id":"https:\/\/geoclimate.ge\/az\/product\/sound-attenuators-alphafon-sa\/","url":"https:\/\/geoclimate.ge\/az\/product\/sound-attenuators-alphafon-sa\/","name":"S\u0259s z\u0259ifl\u0259dicil\u0259ri ALPHAfon \u2013 SA - GeoClimate.ge","isPartOf":{"@id":"https:\/\/geoclimate.ge\/#website"},"primaryImageOfPage":{"@id":"https:\/\/geoclimate.ge\/az\/product\/sound-attenuators-alphafon-sa\/#primaryimage"},"image":{"@id":"https:\/\/geoclimate.ge\/az\/product\/sound-attenuators-alphafon-sa\/#primaryimage"},"thumbnailUrl":"https:\/\/geoclimate.ge\/wp-content\/uploads\/2025\/06\/aplhafon-sa.jpg","datePublished":"2025-06-09T15:04:20+00:00","dateModified":"2025-06-09T15:06:55+00:00","breadcrumb":{"@id":"https:\/\/geoclimate.ge\/az\/product\/sound-attenuators-alphafon-sa\/#breadcrumb"},"inLanguage":"az","potentialAction":[{"@type":"ReadAction","target":["https:\/\/geoclimate.ge\/az\/product\/sound-attenuators-alphafon-sa\/"]}]},{"@type":"ImageObject","inLanguage":"az","@id":"https:\/\/geoclimate.ge\/az\/product\/sound-attenuators-alphafon-sa\/#primaryimage","url":"https:\/\/geoclimate.ge\/wp-content\/uploads\/2025\/06\/aplhafon-sa.jpg","contentUrl":"https:\/\/geoclimate.ge\/wp-content\/uploads\/2025\/06\/aplhafon-sa.jpg","width":527,"height":377},{"@type":"BreadcrumbList","@id":"https:\/\/geoclimate.ge\/az\/product\/sound-attenuators-alphafon-sa\/#breadcrumb","itemListElement":[{"@type":"ListItem","position":1,"name":"Home","item":"https:\/\/geoclimate.ge\/az\/"},{"@type":"ListItem","position":2,"name":"M\u0259hsullar","item":"https:\/\/geoclimate.ge\/az\/products\/"},{"@type":"ListItem","position":3,"name":"S\u0259s z\u0259ifl\u0259dicil\u0259ri ALPHAfon \u2013 SA"}]},{"@type":"WebSite","@id":"https:\/\/geoclimate.ge\/#website","url":"https:\/\/geoclimate.ge\/","name":"GeoClimate","description":"","publisher":{"@id":"https:\/\/geoclimate.ge\/#organization"},"potentialAction":[{"@type":"SearchAction","target":{"@type":"EntryPoint","urlTemplate":"https:\/\/geoclimate.ge\/?s={search_term_string}"},"query-input":{"@type":"PropertyValueSpecification","valueRequired":true,"valueName":"search_term_string"}}],"inLanguage":"az"},{"@type":"Organization","@id":"https:\/\/geoclimate.ge\/#organization","name":"GeoClimate","url":"https:\/\/geoclimate.ge\/","logo":{"@type":"ImageObject","inLanguage":"az","@id":"https:\/\/geoclimate.ge\/#\/schema\/logo\/image\/","url":"https:\/\/geoclimate.ge\/wp-content\/uploads\/2026\/03\/geoclimate-SEO.png","contentUrl":"https:\/\/geoclimate.ge\/wp-content\/uploads\/2026\/03\/geoclimate-SEO.png","width":1536,"height":1024,"caption":"GeoClimate"},"image":{"@id":"https:\/\/geoclimate.ge\/#\/schema\/logo\/image\/"}}]}},"_links":{"self":[{"href":"https:\/\/geoclimate.ge\/az\/wp-json\/wp\/v2\/product\/34965","targetHints":{"allow":["GET"]}}],"collection":[{"href":"https:\/\/geoclimate.ge\/az\/wp-json\/wp\/v2\/product"}],"about":[{"href":"https:\/\/geoclimate.ge\/az\/wp-json\/wp\/v2\/types\/product"}],"wp:featuredmedia":[{"embeddable":true,"href":"https:\/\/geoclimate.ge\/az\/wp-json\/wp\/v2\/media\/34936"}],"wp:attachment":[{"href":"https:\/\/geoclimate.ge\/az\/wp-json\/wp\/v2\/media?parent=34965"}],"wp:term":[{"taxonomy":"product_brand","embeddable":true,"href":"https:\/\/geoclimate.ge\/az\/wp-json\/wp\/v2\/product_brand?post=34965"},{"taxonomy":"product_cat","embeddable":true,"href":"https:\/\/geoclimate.ge\/az\/wp-json\/wp\/v2\/product_cat?post=34965"},{"taxonomy":"product_tag","embeddable":true,"href":"https:\/\/geoclimate.ge\/az\/wp-json\/wp\/v2\/product_tag?post=34965"}],"curies":[{"name":"wp","href":"https:\/\/api.w.org\/{rel}","templated":true}]}}