{"id":35096,"date":"2025-06-09T19:25:31","date_gmt":"2025-06-09T15:25:31","guid":{"rendered":"https:\/\/airsystems.ge\/shop\/product\/transparent-noise-barrier-alphafon-tb\/"},"modified":"2025-06-09T19:27:42","modified_gmt":"2025-06-09T15:27:42","slug":"transparent-noise-barrier-alphafon-tb","status":"publish","type":"product","link":"https:\/\/geoclimate.ge\/az\/product\/transparent-noise-barrier-alphafon-tb\/","title":{"rendered":"\u015e\u0259ffaf S\u0259s Bariyeri ALPHAfon \u2013 TB"},"content":{"rendered":"<p>\u015e\u0259ffaf s\u0259s-k\u00fcy mane\u0259l\u0259ri ALPHAfon-TB s\u0259s-k\u00fcy izolyasiyas\u0131 v\u0259 vizual \u0259laq\u0259 eyni vaxtda t\u0259l\u0259b olunduqda istifad\u0259 olunur. Onlardan avtomobil yollar\u0131nda, d\u0259mir yollar\u0131nda, m\u0259kt\u0259bl\u0259rd\u0259 v\u0259 tikinti sah\u0259l\u0259rind\u0259 istifad\u0259 oluna bil\u0259r.<\/p>\n<p>Onlar y\u00fcks\u0259k i\u015f\u0131q ke\u00e7irm\u0259 qabiliyy\u0259ti, q\u0259zaya davaml\u0131l\u0131q 10 kj\/m2 (ISO 179\/1D), s\u0259rtlik Rockwell 90 (ASTM D785), minimal su udma 0,30 % (ISO R 62) t\u0259klif edir. ALPHAfon-TB material\u0131n eni il\u0259 m\u00fct\u0259nasib olaraq \u00e7ox yax\u015f\u0131 s\u0259s-k\u00fcy izolyasiyas\u0131 t\u0259klif edir. (S\u0259s izolyasiya sertifikatlar\u0131n\u0131 t\u0259l\u0259b etm\u0259kd\u0259n \u00e7\u0259kinm\u0259yin)<\/p>\n<p>\u015e\u0259ffaf s\u0259s-k\u00fcy baryerl\u0259ri ALPHAfon-TB tez-tez y\u00fcks\u0259k memarl\u0131q estetikas\u0131 t\u0259l\u0259b ed\u0259n layih\u0259l\u0259rd\u0259 istifad\u0259 olunur.<\/p>\n","protected":false},"excerpt":{"rendered":"<div class=\"woocommerce-product-details__short-description\">\n<p>S\u0259s izolyasiyas\u0131 v\u0259 vizual \u0259laq\u0259 eyni vaxtda t\u0259l\u0259b olunduqda istifad\u0259 olunur<\/p>\n<\/div>\n","protected":false},"featured_media":35072,"template":"","meta":[],"product_brand":[],"product_cat":[804,1715],"product_tag":[],"class_list":{"0":"post-35096","1":"product","2":"type-product","3":"status-publish","4":"has-post-thumbnail","6":"product_cat-akustika-ss-kuy-v-vibrasiyaya-nzart","7":"product_cat-mechanical-noise-control-az","9":"first","10":"instock","11":"shipping-taxable","12":"product-type-simple"},"yoast_head":"<!-- This site is optimized with the Yoast SEO plugin v27.1.1 - https:\/\/yoast.com\/product\/yoast-seo-wordpress\/ -->\n<title>\u015e\u0259ffaf S\u0259s Bariyeri ALPHAfon \u2013 TB - GeoClimate.ge<\/title>\n<meta name=\"robots\" content=\"index, follow, max-snippet:-1, max-image-preview:large, max-video-preview:-1\" \/>\n<link rel=\"canonical\" href=\"https:\/\/geoclimate.ge\/az\/product\/transparent-noise-barrier-alphafon-tb\/\" \/>\n<meta property=\"og:locale\" content=\"az_AZ\" \/>\n<meta property=\"og:type\" content=\"article\" \/>\n<meta property=\"og:title\" content=\"\u015e\u0259ffaf S\u0259s Bariyeri ALPHAfon \u2013 TB - GeoClimate.ge\" \/>\n<meta property=\"og:description\" content=\"S\u0259s izolyasiyas\u0131 v\u0259 vizual \u0259laq\u0259 eyni vaxtda t\u0259l\u0259b olunduqda istifad\u0259 olunur\" \/>\n<meta property=\"og:url\" content=\"https:\/\/geoclimate.ge\/az\/product\/transparent-noise-barrier-alphafon-tb\/\" \/>\n<meta property=\"og:site_name\" content=\"GeoClimate.ge\" \/>\n<meta property=\"article:modified_time\" content=\"2025-06-09T15:27:42+00:00\" \/>\n<meta property=\"og:image\" content=\"https:\/\/geoclimate.ge\/wp-content\/uploads\/2025\/06\/alphafon-tb.jpg\" \/>\n\t<meta property=\"og:image:width\" content=\"527\" \/>\n\t<meta property=\"og:image:height\" content=\"377\" \/>\n\t<meta property=\"og:image:type\" content=\"image\/jpeg\" \/>\n<meta name=\"twitter:card\" content=\"summary_large_image\" \/>\n<meta name=\"twitter:label1\" content=\"Est. reading time\" \/>\n\t<meta name=\"twitter:data1\" content=\"1 minute\" \/>\n<script type=\"application\/ld+json\" class=\"yoast-schema-graph\">{\"@context\":\"https:\/\/schema.org\",\"@graph\":[{\"@type\":\"WebPage\",\"@id\":\"https:\/\/geoclimate.ge\/az\/product\/transparent-noise-barrier-alphafon-tb\/\",\"url\":\"https:\/\/geoclimate.ge\/az\/product\/transparent-noise-barrier-alphafon-tb\/\",\"name\":\"\u015e\u0259ffaf S\u0259s Bariyeri ALPHAfon \u2013 TB - GeoClimate.ge\",\"isPartOf\":{\"@id\":\"https:\/\/geoclimate.ge\/#website\"},\"primaryImageOfPage\":{\"@id\":\"https:\/\/geoclimate.ge\/az\/product\/transparent-noise-barrier-alphafon-tb\/#primaryimage\"},\"image\":{\"@id\":\"https:\/\/geoclimate.ge\/az\/product\/transparent-noise-barrier-alphafon-tb\/#primaryimage\"},\"thumbnailUrl\":\"https:\/\/geoclimate.ge\/wp-content\/uploads\/2025\/06\/alphafon-tb.jpg\",\"datePublished\":\"2025-06-09T15:25:31+00:00\",\"dateModified\":\"2025-06-09T15:27:42+00:00\",\"breadcrumb\":{\"@id\":\"https:\/\/geoclimate.ge\/az\/product\/transparent-noise-barrier-alphafon-tb\/#breadcrumb\"},\"inLanguage\":\"az\",\"potentialAction\":[{\"@type\":\"ReadAction\",\"target\":[\"https:\/\/geoclimate.ge\/az\/product\/transparent-noise-barrier-alphafon-tb\/\"]}]},{\"@type\":\"ImageObject\",\"inLanguage\":\"az\",\"@id\":\"https:\/\/geoclimate.ge\/az\/product\/transparent-noise-barrier-alphafon-tb\/#primaryimage\",\"url\":\"https:\/\/geoclimate.ge\/wp-content\/uploads\/2025\/06\/alphafon-tb.jpg\",\"contentUrl\":\"https:\/\/geoclimate.ge\/wp-content\/uploads\/2025\/06\/alphafon-tb.jpg\",\"width\":527,\"height\":377},{\"@type\":\"BreadcrumbList\",\"@id\":\"https:\/\/geoclimate.ge\/az\/product\/transparent-noise-barrier-alphafon-tb\/#breadcrumb\",\"itemListElement\":[{\"@type\":\"ListItem\",\"position\":1,\"name\":\"Home\",\"item\":\"https:\/\/geoclimate.ge\/az\/\"},{\"@type\":\"ListItem\",\"position\":2,\"name\":\"M\u0259hsullar\",\"item\":\"https:\/\/geoclimate.ge\/az\/products\/\"},{\"@type\":\"ListItem\",\"position\":3,\"name\":\"\u015e\u0259ffaf S\u0259s Bariyeri ALPHAfon \u2013 TB\"}]},{\"@type\":\"WebSite\",\"@id\":\"https:\/\/geoclimate.ge\/#website\",\"url\":\"https:\/\/geoclimate.ge\/\",\"name\":\"GeoClimate\",\"description\":\"\",\"publisher\":{\"@id\":\"https:\/\/geoclimate.ge\/#organization\"},\"potentialAction\":[{\"@type\":\"SearchAction\",\"target\":{\"@type\":\"EntryPoint\",\"urlTemplate\":\"https:\/\/geoclimate.ge\/?s={search_term_string}\"},\"query-input\":{\"@type\":\"PropertyValueSpecification\",\"valueRequired\":true,\"valueName\":\"search_term_string\"}}],\"inLanguage\":\"az\"},{\"@type\":\"Organization\",\"@id\":\"https:\/\/geoclimate.ge\/#organization\",\"name\":\"GeoClimate\",\"url\":\"https:\/\/geoclimate.ge\/\",\"logo\":{\"@type\":\"ImageObject\",\"inLanguage\":\"az\",\"@id\":\"https:\/\/geoclimate.ge\/#\/schema\/logo\/image\/\",\"url\":\"https:\/\/geoclimate.ge\/wp-content\/uploads\/2026\/03\/geoclimate-SEO.png\",\"contentUrl\":\"https:\/\/geoclimate.ge\/wp-content\/uploads\/2026\/03\/geoclimate-SEO.png\",\"width\":1536,\"height\":1024,\"caption\":\"GeoClimate\"},\"image\":{\"@id\":\"https:\/\/geoclimate.ge\/#\/schema\/logo\/image\/\"}}]}<\/script>\n<!-- \/ Yoast SEO plugin. -->","yoast_head_json":{"title":"\u015e\u0259ffaf S\u0259s Bariyeri ALPHAfon \u2013 TB - GeoClimate.ge","robots":{"index":"index","follow":"follow","max-snippet":"max-snippet:-1","max-image-preview":"max-image-preview:large","max-video-preview":"max-video-preview:-1"},"canonical":"https:\/\/geoclimate.ge\/az\/product\/transparent-noise-barrier-alphafon-tb\/","og_locale":"az_AZ","og_type":"article","og_title":"\u015e\u0259ffaf S\u0259s Bariyeri ALPHAfon \u2013 TB - GeoClimate.ge","og_description":"S\u0259s izolyasiyas\u0131 v\u0259 vizual \u0259laq\u0259 eyni vaxtda t\u0259l\u0259b olunduqda istifad\u0259 olunur","og_url":"https:\/\/geoclimate.ge\/az\/product\/transparent-noise-barrier-alphafon-tb\/","og_site_name":"GeoClimate.ge","article_modified_time":"2025-06-09T15:27:42+00:00","og_image":[{"width":527,"height":377,"url":"https:\/\/geoclimate.ge\/wp-content\/uploads\/2025\/06\/alphafon-tb.jpg","type":"image\/jpeg"}],"twitter_card":"summary_large_image","twitter_misc":{"Est. reading time":"1 minute"},"schema":{"@context":"https:\/\/schema.org","@graph":[{"@type":"WebPage","@id":"https:\/\/geoclimate.ge\/az\/product\/transparent-noise-barrier-alphafon-tb\/","url":"https:\/\/geoclimate.ge\/az\/product\/transparent-noise-barrier-alphafon-tb\/","name":"\u015e\u0259ffaf S\u0259s Bariyeri ALPHAfon \u2013 TB - GeoClimate.ge","isPartOf":{"@id":"https:\/\/geoclimate.ge\/#website"},"primaryImageOfPage":{"@id":"https:\/\/geoclimate.ge\/az\/product\/transparent-noise-barrier-alphafon-tb\/#primaryimage"},"image":{"@id":"https:\/\/geoclimate.ge\/az\/product\/transparent-noise-barrier-alphafon-tb\/#primaryimage"},"thumbnailUrl":"https:\/\/geoclimate.ge\/wp-content\/uploads\/2025\/06\/alphafon-tb.jpg","datePublished":"2025-06-09T15:25:31+00:00","dateModified":"2025-06-09T15:27:42+00:00","breadcrumb":{"@id":"https:\/\/geoclimate.ge\/az\/product\/transparent-noise-barrier-alphafon-tb\/#breadcrumb"},"inLanguage":"az","potentialAction":[{"@type":"ReadAction","target":["https:\/\/geoclimate.ge\/az\/product\/transparent-noise-barrier-alphafon-tb\/"]}]},{"@type":"ImageObject","inLanguage":"az","@id":"https:\/\/geoclimate.ge\/az\/product\/transparent-noise-barrier-alphafon-tb\/#primaryimage","url":"https:\/\/geoclimate.ge\/wp-content\/uploads\/2025\/06\/alphafon-tb.jpg","contentUrl":"https:\/\/geoclimate.ge\/wp-content\/uploads\/2025\/06\/alphafon-tb.jpg","width":527,"height":377},{"@type":"BreadcrumbList","@id":"https:\/\/geoclimate.ge\/az\/product\/transparent-noise-barrier-alphafon-tb\/#breadcrumb","itemListElement":[{"@type":"ListItem","position":1,"name":"Home","item":"https:\/\/geoclimate.ge\/az\/"},{"@type":"ListItem","position":2,"name":"M\u0259hsullar","item":"https:\/\/geoclimate.ge\/az\/products\/"},{"@type":"ListItem","position":3,"name":"\u015e\u0259ffaf S\u0259s Bariyeri ALPHAfon \u2013 TB"}]},{"@type":"WebSite","@id":"https:\/\/geoclimate.ge\/#website","url":"https:\/\/geoclimate.ge\/","name":"GeoClimate","description":"","publisher":{"@id":"https:\/\/geoclimate.ge\/#organization"},"potentialAction":[{"@type":"SearchAction","target":{"@type":"EntryPoint","urlTemplate":"https:\/\/geoclimate.ge\/?s={search_term_string}"},"query-input":{"@type":"PropertyValueSpecification","valueRequired":true,"valueName":"search_term_string"}}],"inLanguage":"az"},{"@type":"Organization","@id":"https:\/\/geoclimate.ge\/#organization","name":"GeoClimate","url":"https:\/\/geoclimate.ge\/","logo":{"@type":"ImageObject","inLanguage":"az","@id":"https:\/\/geoclimate.ge\/#\/schema\/logo\/image\/","url":"https:\/\/geoclimate.ge\/wp-content\/uploads\/2026\/03\/geoclimate-SEO.png","contentUrl":"https:\/\/geoclimate.ge\/wp-content\/uploads\/2026\/03\/geoclimate-SEO.png","width":1536,"height":1024,"caption":"GeoClimate"},"image":{"@id":"https:\/\/geoclimate.ge\/#\/schema\/logo\/image\/"}}]}},"_links":{"self":[{"href":"https:\/\/geoclimate.ge\/az\/wp-json\/wp\/v2\/product\/35096","targetHints":{"allow":["GET"]}}],"collection":[{"href":"https:\/\/geoclimate.ge\/az\/wp-json\/wp\/v2\/product"}],"about":[{"href":"https:\/\/geoclimate.ge\/az\/wp-json\/wp\/v2\/types\/product"}],"wp:featuredmedia":[{"embeddable":true,"href":"https:\/\/geoclimate.ge\/az\/wp-json\/wp\/v2\/media\/35072"}],"wp:attachment":[{"href":"https:\/\/geoclimate.ge\/az\/wp-json\/wp\/v2\/media?parent=35096"}],"wp:term":[{"taxonomy":"product_brand","embeddable":true,"href":"https:\/\/geoclimate.ge\/az\/wp-json\/wp\/v2\/product_brand?post=35096"},{"taxonomy":"product_cat","embeddable":true,"href":"https:\/\/geoclimate.ge\/az\/wp-json\/wp\/v2\/product_cat?post=35096"},{"taxonomy":"product_tag","embeddable":true,"href":"https:\/\/geoclimate.ge\/az\/wp-json\/wp\/v2\/product_tag?post=35096"}],"curies":[{"name":"wp","href":"https:\/\/api.w.org\/{rel}","templated":true}]}}