{"id":35134,"date":"2025-06-09T19:31:31","date_gmt":"2025-06-09T15:31:31","guid":{"rendered":"https:\/\/airsystems.ge\/shop\/product\/highway-noise-barrier-alphafon-hb\/"},"modified":"2025-06-09T19:34:48","modified_gmt":"2025-06-09T15:34:48","slug":"highway-noise-barrier-alphafon-hb","status":"publish","type":"product","link":"https:\/\/geoclimate.ge\/az\/product\/highway-noise-barrier-alphafon-hb\/","title":{"rendered":"Magistral S\u0259s Bariyeri ALPHAfon \u2013 HB"},"content":{"rendered":"<p>ALPHAfon-HB magistral s\u0259s-k\u00fcy metal baryeri avtomobil yollar\u0131nda v\u0259 ya dig\u0259r yollarda, d\u0259mir yollar\u0131nda v\u0259 dig\u0259r mexaniki s\u0259s-k\u00fcy m\u0259nb\u0259l\u0259rind\u0259 s\u0259s-k\u00fcy\u00fcn idar\u0259 edilm\u0259si \u00fc\u00e7\u00fcn y\u00fcks\u0259k effektiv Akustik Yans\u0131ma (Havadan s\u0259s-k\u00fcy izolyasiya ed\u0259n) v\u0259 s\u0259s uducu h\u0259lldir.<\/p>\n<p>ALPHAfon HB.S \u2013 X\u00fcsusi m\u00fcr\u0259kk\u0259b metal t\u0259b\u0259q\u0259d\u0259n haz\u0131rlanm\u0131\u015f qab\u0131qlar (COR-TEN)<\/p>\n<p>ALPHAfon HB.A \u2013 Al\u00fcminiumdan haz\u0131rlanm\u0131\u015f qab\u0131qlar<\/p>\n<p>Magistral yolda s\u0259s-k\u00fcy metal baryeriALPHAfon-HB xarici t\u0259r\u0259fd\u0259n al\u00fcminium t\u0259b\u0259q\u0259d\u0259n v\u0259 ya x\u00fcsusi m\u00fcr\u0259kk\u0259b metal t\u0259b\u0259q\u0259d\u0259n (COR-TEN) v\u0259 s\u0259s-k\u00fcy m\u0259nb\u0259yi t\u0259r\u0259find\u0259 perforasiya edilmi\u015f al\u00fcminium t\u0259b\u0259q\u0259d\u0259n v\u0259 ya perforasiya edilmi\u015f x\u00fcsusi m\u00fcr\u0259kk\u0259b metal t\u0259b\u0259q\u0259d\u0259n (COR-TEN) haz\u0131rlan\u0131r.<br \/>\nM\u00fck\u0259mm\u0259l s\u0259s s\u0131zd\u0131rmazl\u0131\u011f\u0131na nail olmaq, h\u0259m d\u0259 onun \u0259yilm\u0259 g\u00fcc\u00fcn\u00fc art\u0131rmaq \u00fc\u00e7\u00fcn baryerin yuxar\u0131 v\u0259 a\u015fa\u011f\u0131 t\u0259r\u0259fl\u0259ri d\u00fczg\u00fcn formala\u015fd\u0131r\u0131l\u0131r (proyeksiya \u2013 bo\u015fluq).<br \/>\n\u0130\u00e7\u0259risind\u0259 s\u0259s uducu material, mineral yun, su it\u0259l\u0259yici, uy\u011fun s\u0131xl\u0131qda doldurulur v\u0259 nazik qoruyucu \u015f\u00fc\u015f\u0259 yun par\u00e7a il\u0259 \u00f6rt\u00fcl\u00fcr.<br \/>\nS\u0259s-k\u00fcy metal mane\u0259si zamana v\u0259 ultrab\u0259n\u00f6v\u015f\u0259yi radiasiyaya qar\u015f\u0131 b\u00f6y\u00fck davaml\u0131l\u0131\u011fa malikdir. Su it\u0259l\u0259yicidir, yanmaz materiallardan ibar\u0259tdir v\u0259 laz\u0131m olduqda asanl\u0131qla d\u0259yi\u015fdiril\u0259 bil\u0259r.<br \/>\nH\u0259r iki t\u0259r\u0259fin standart r\u0259ngi Ral 9002-dir, lakin h\u0259r iki t\u0259r\u0259f m\u00fcxt\u0259lif layih\u0259 t\u0259l\u0259bl\u0259rin\u0259 uy\u011fun olaraq ist\u0259nil\u0259n Ral R\u0259ngin\u0259 r\u0259ngl\u0259n\u0259 bil\u0259r.<\/p>\n<p>Magistral yolda s\u0259s-k\u00fcy metal mane\u0259si ALPHAfon-HB s\u0259sin azald\u0131lmas\u0131 v\u0259 s\u0259s udma \u0259msal\u0131 il\u0259 ba\u011fl\u0131 \u0395\u039d 1793-1 \u03ba\u03b1\u03b9 \u0395\u039d 1793-2 Avropa Standartlar\u0131n\u0131n b\u00fct\u00fcn t\u0259l\u0259bl\u0259rin\u0259 cavab verir. (Akustik parametrl\u0259r DLa \u03ba\u03b1\u03b9 DLr)<\/p>\n<p>Qura\u015fd\u0131rma<\/p>\n<p>Magistral s\u0259s-k\u00fcy baryeri ALPHAfon-HB konstruktiv t\u0259dqiqata \u0259sas\u0259n panell\u0259ri HE metal profil s\u00fctununda s\u00fcr\u00fc\u015fd\u00fcrm\u0259kl\u0259 qura\u015fd\u0131r\u0131l\u0131r (x\u00fcsusi haz\u0131rlanm\u0131\u015f plastik yan \u00f6rt\u00fckl\u0259rin istifad\u0259si panelin m\u00fcxt\u0259lif \u00f6l\u00e7\u00fcl\u00fc HE profil dir\u0259kl\u0259rind\u0259 qura\u015fd\u0131r\u0131lmas\u0131na imkan verir).<br \/>\nMetal baryerin yuxar\u0131 v\u0259 a\u015fa\u011f\u0131 t\u0259r\u0259fl\u0259ri m\u00fcvafiq metal profil \u00f6rt\u00fckl\u0259ri il\u0259 qorunmal\u0131d\u0131r.<br \/>\nBaryerin dibind\u0259 m\u00fcvafiq beton bazan\u0131n qurulmas\u0131 \u00e7ox t\u00f6vsiy\u0259 olunur.<\/p>\n<table>\n<thead>\n<tr>\n<th><span style=\"font-weight: 400;\">Characteristics<\/span><\/th>\n<th><span style=\"font-weight: 400;\">Measurement Method<\/span><\/th>\n<th><span style=\"font-weight: 400;\">Results<\/span><\/th>\n<\/tr>\n<\/thead>\n<tbody>\n<tr>\n<td>Acoustic Reflection (Airborn Sound\u00a0\u00a0\u00a0Insulation)<\/td>\n<td>Assessment Index (EN 1793-2)<\/td>\n<td>DLR=25dB Cat.B3<\/td>\n<\/tr>\n<tr>\n<td>Acoustic Absorption (Sound Absorption)<\/td>\n<td>Assessment Index (EN 1793-1)<\/td>\n<td>DL\u03b1=20dB Cat.A4<\/td>\n<\/tr>\n<tr>\n<td>Self Weight<\/td>\n<td>Weight(kN\/element) (EN 1794-1 appendix B)<\/td>\n<td>dry= 0,202 \/ wet= 0,785 \/ reduced wet= 0,222<\/td>\n<\/tr>\n<tr>\n<td>Maximum Vertical Load<\/td>\n<td>(EN 1794-1 appendix B.3.2)<\/td>\n<td>Horizontal deformation: 10,0mm load of \u00a0\u00a0\u00a0the structural element 4,45kN\/m<br \/>\nVertical deformation : 5,49mm<\/td>\n<\/tr>\n<tr>\n<td>Maximum Normal Load<\/td>\n<td>(EN 1794-1 appendix A)<\/td>\n<td>Positive result \u2013 project load equal to 1,5 kN\/m2<\/td>\n<\/tr>\n<tr>\n<td>Hazard of Falling Debris<\/td>\n<td>(EN 1794-2 appendix B)<\/td>\n<td>CLASS 3<\/td>\n<\/tr>\n<tr>\n<td>Light Reflection<\/td>\n<td>Average GU measure \u00a0\u00a0\u00a0with angle 20\/60\/85o<br \/>\n(EN 1794-2 appendix E)<\/td>\n<td>Drilled side 83,2 \/ 148,5 \/ 42,2<br \/>\nUndrilled side 285,0 \/ 476,1 \/ 11,4<\/td>\n<\/tr>\n<\/tbody>\n<\/table>\n","protected":false},"excerpt":{"rendered":"<p>Magistral yollarda v\u0259 ya dig\u0259r yollarda, d\u0259mir yollar\u0131nda v\u0259 dig\u0259r mexaniki s\u0259s-k\u00fcy m\u0259nb\u0259l\u0259rind\u0259 s\u0259s-k\u00fcy\u0259 n\u0259zar\u0259t \u00fc\u00e7\u00fcn y\u00fcks\u0259k effektiv s\u0259s-k\u00fcy izolyasiya ed\u0259n v\u0259 s\u0259s uducu h\u0259ll.<\/p>\n","protected":false},"featured_media":35104,"template":"","meta":[],"product_brand":[],"product_cat":[804,1715],"product_tag":[],"class_list":{"0":"post-35134","1":"product","2":"type-product","3":"status-publish","4":"has-post-thumbnail","6":"product_cat-akustika-ss-kuy-v-vibrasiyaya-nzart","7":"product_cat-mechanical-noise-control-az","9":"first","10":"instock","11":"shipping-taxable","12":"product-type-simple"},"yoast_head":"<!-- This site is optimized with the Yoast SEO plugin v27.1.1 - https:\/\/yoast.com\/product\/yoast-seo-wordpress\/ -->\n<title>Magistral S\u0259s Bariyeri ALPHAfon \u2013 HB - GeoClimate.ge<\/title>\n<meta name=\"robots\" content=\"index, follow, max-snippet:-1, max-image-preview:large, max-video-preview:-1\" \/>\n<link rel=\"canonical\" href=\"https:\/\/geoclimate.ge\/az\/product\/highway-noise-barrier-alphafon-hb\/\" \/>\n<meta property=\"og:locale\" content=\"az_AZ\" \/>\n<meta property=\"og:type\" content=\"article\" \/>\n<meta property=\"og:title\" content=\"Magistral S\u0259s Bariyeri ALPHAfon \u2013 HB - GeoClimate.ge\" \/>\n<meta property=\"og:description\" content=\"Magistral yollarda v\u0259 ya dig\u0259r yollarda, d\u0259mir yollar\u0131nda v\u0259 dig\u0259r mexaniki s\u0259s-k\u00fcy m\u0259nb\u0259l\u0259rind\u0259 s\u0259s-k\u00fcy\u0259 n\u0259zar\u0259t \u00fc\u00e7\u00fcn y\u00fcks\u0259k effektiv s\u0259s-k\u00fcy izolyasiya ed\u0259n v\u0259 s\u0259s uducu h\u0259ll.\" \/>\n<meta property=\"og:url\" content=\"https:\/\/geoclimate.ge\/az\/product\/highway-noise-barrier-alphafon-hb\/\" \/>\n<meta property=\"og:site_name\" content=\"GeoClimate.ge\" \/>\n<meta property=\"article:modified_time\" content=\"2025-06-09T15:34:48+00:00\" \/>\n<meta property=\"og:image\" content=\"https:\/\/geoclimate.ge\/wp-content\/uploads\/2025\/06\/alphafon-hb.jpg\" \/>\n\t<meta property=\"og:image:width\" content=\"527\" \/>\n\t<meta property=\"og:image:height\" content=\"377\" \/>\n\t<meta property=\"og:image:type\" content=\"image\/jpeg\" \/>\n<meta name=\"twitter:card\" content=\"summary_large_image\" \/>\n<meta name=\"twitter:label1\" content=\"Est. reading time\" \/>\n\t<meta name=\"twitter:data1\" content=\"3 minutes\" \/>\n<script type=\"application\/ld+json\" class=\"yoast-schema-graph\">{\"@context\":\"https:\/\/schema.org\",\"@graph\":[{\"@type\":\"WebPage\",\"@id\":\"https:\/\/geoclimate.ge\/az\/product\/highway-noise-barrier-alphafon-hb\/\",\"url\":\"https:\/\/geoclimate.ge\/az\/product\/highway-noise-barrier-alphafon-hb\/\",\"name\":\"Magistral S\u0259s Bariyeri ALPHAfon \u2013 HB - GeoClimate.ge\",\"isPartOf\":{\"@id\":\"https:\/\/geoclimate.ge\/#website\"},\"primaryImageOfPage\":{\"@id\":\"https:\/\/geoclimate.ge\/az\/product\/highway-noise-barrier-alphafon-hb\/#primaryimage\"},\"image\":{\"@id\":\"https:\/\/geoclimate.ge\/az\/product\/highway-noise-barrier-alphafon-hb\/#primaryimage\"},\"thumbnailUrl\":\"https:\/\/geoclimate.ge\/wp-content\/uploads\/2025\/06\/alphafon-hb.jpg\",\"datePublished\":\"2025-06-09T15:31:31+00:00\",\"dateModified\":\"2025-06-09T15:34:48+00:00\",\"breadcrumb\":{\"@id\":\"https:\/\/geoclimate.ge\/az\/product\/highway-noise-barrier-alphafon-hb\/#breadcrumb\"},\"inLanguage\":\"az\",\"potentialAction\":[{\"@type\":\"ReadAction\",\"target\":[\"https:\/\/geoclimate.ge\/az\/product\/highway-noise-barrier-alphafon-hb\/\"]}]},{\"@type\":\"ImageObject\",\"inLanguage\":\"az\",\"@id\":\"https:\/\/geoclimate.ge\/az\/product\/highway-noise-barrier-alphafon-hb\/#primaryimage\",\"url\":\"https:\/\/geoclimate.ge\/wp-content\/uploads\/2025\/06\/alphafon-hb.jpg\",\"contentUrl\":\"https:\/\/geoclimate.ge\/wp-content\/uploads\/2025\/06\/alphafon-hb.jpg\",\"width\":527,\"height\":377},{\"@type\":\"BreadcrumbList\",\"@id\":\"https:\/\/geoclimate.ge\/az\/product\/highway-noise-barrier-alphafon-hb\/#breadcrumb\",\"itemListElement\":[{\"@type\":\"ListItem\",\"position\":1,\"name\":\"Home\",\"item\":\"https:\/\/geoclimate.ge\/az\/\"},{\"@type\":\"ListItem\",\"position\":2,\"name\":\"M\u0259hsullar\",\"item\":\"https:\/\/geoclimate.ge\/az\/products\/\"},{\"@type\":\"ListItem\",\"position\":3,\"name\":\"Magistral S\u0259s Bariyeri ALPHAfon \u2013 HB\"}]},{\"@type\":\"WebSite\",\"@id\":\"https:\/\/geoclimate.ge\/#website\",\"url\":\"https:\/\/geoclimate.ge\/\",\"name\":\"GeoClimate\",\"description\":\"\",\"publisher\":{\"@id\":\"https:\/\/geoclimate.ge\/#organization\"},\"potentialAction\":[{\"@type\":\"SearchAction\",\"target\":{\"@type\":\"EntryPoint\",\"urlTemplate\":\"https:\/\/geoclimate.ge\/?s={search_term_string}\"},\"query-input\":{\"@type\":\"PropertyValueSpecification\",\"valueRequired\":true,\"valueName\":\"search_term_string\"}}],\"inLanguage\":\"az\"},{\"@type\":\"Organization\",\"@id\":\"https:\/\/geoclimate.ge\/#organization\",\"name\":\"GeoClimate\",\"url\":\"https:\/\/geoclimate.ge\/\",\"logo\":{\"@type\":\"ImageObject\",\"inLanguage\":\"az\",\"@id\":\"https:\/\/geoclimate.ge\/#\/schema\/logo\/image\/\",\"url\":\"https:\/\/geoclimate.ge\/wp-content\/uploads\/2026\/03\/geoclimate-SEO.png\",\"contentUrl\":\"https:\/\/geoclimate.ge\/wp-content\/uploads\/2026\/03\/geoclimate-SEO.png\",\"width\":1536,\"height\":1024,\"caption\":\"GeoClimate\"},\"image\":{\"@id\":\"https:\/\/geoclimate.ge\/#\/schema\/logo\/image\/\"}}]}<\/script>\n<!-- \/ Yoast SEO plugin. -->","yoast_head_json":{"title":"Magistral S\u0259s Bariyeri ALPHAfon \u2013 HB - GeoClimate.ge","robots":{"index":"index","follow":"follow","max-snippet":"max-snippet:-1","max-image-preview":"max-image-preview:large","max-video-preview":"max-video-preview:-1"},"canonical":"https:\/\/geoclimate.ge\/az\/product\/highway-noise-barrier-alphafon-hb\/","og_locale":"az_AZ","og_type":"article","og_title":"Magistral S\u0259s Bariyeri ALPHAfon \u2013 HB - GeoClimate.ge","og_description":"Magistral yollarda v\u0259 ya dig\u0259r yollarda, d\u0259mir yollar\u0131nda v\u0259 dig\u0259r mexaniki s\u0259s-k\u00fcy m\u0259nb\u0259l\u0259rind\u0259 s\u0259s-k\u00fcy\u0259 n\u0259zar\u0259t \u00fc\u00e7\u00fcn y\u00fcks\u0259k effektiv s\u0259s-k\u00fcy izolyasiya ed\u0259n v\u0259 s\u0259s uducu h\u0259ll.","og_url":"https:\/\/geoclimate.ge\/az\/product\/highway-noise-barrier-alphafon-hb\/","og_site_name":"GeoClimate.ge","article_modified_time":"2025-06-09T15:34:48+00:00","og_image":[{"width":527,"height":377,"url":"https:\/\/geoclimate.ge\/wp-content\/uploads\/2025\/06\/alphafon-hb.jpg","type":"image\/jpeg"}],"twitter_card":"summary_large_image","twitter_misc":{"Est. reading time":"3 minutes"},"schema":{"@context":"https:\/\/schema.org","@graph":[{"@type":"WebPage","@id":"https:\/\/geoclimate.ge\/az\/product\/highway-noise-barrier-alphafon-hb\/","url":"https:\/\/geoclimate.ge\/az\/product\/highway-noise-barrier-alphafon-hb\/","name":"Magistral S\u0259s Bariyeri ALPHAfon \u2013 HB - GeoClimate.ge","isPartOf":{"@id":"https:\/\/geoclimate.ge\/#website"},"primaryImageOfPage":{"@id":"https:\/\/geoclimate.ge\/az\/product\/highway-noise-barrier-alphafon-hb\/#primaryimage"},"image":{"@id":"https:\/\/geoclimate.ge\/az\/product\/highway-noise-barrier-alphafon-hb\/#primaryimage"},"thumbnailUrl":"https:\/\/geoclimate.ge\/wp-content\/uploads\/2025\/06\/alphafon-hb.jpg","datePublished":"2025-06-09T15:31:31+00:00","dateModified":"2025-06-09T15:34:48+00:00","breadcrumb":{"@id":"https:\/\/geoclimate.ge\/az\/product\/highway-noise-barrier-alphafon-hb\/#breadcrumb"},"inLanguage":"az","potentialAction":[{"@type":"ReadAction","target":["https:\/\/geoclimate.ge\/az\/product\/highway-noise-barrier-alphafon-hb\/"]}]},{"@type":"ImageObject","inLanguage":"az","@id":"https:\/\/geoclimate.ge\/az\/product\/highway-noise-barrier-alphafon-hb\/#primaryimage","url":"https:\/\/geoclimate.ge\/wp-content\/uploads\/2025\/06\/alphafon-hb.jpg","contentUrl":"https:\/\/geoclimate.ge\/wp-content\/uploads\/2025\/06\/alphafon-hb.jpg","width":527,"height":377},{"@type":"BreadcrumbList","@id":"https:\/\/geoclimate.ge\/az\/product\/highway-noise-barrier-alphafon-hb\/#breadcrumb","itemListElement":[{"@type":"ListItem","position":1,"name":"Home","item":"https:\/\/geoclimate.ge\/az\/"},{"@type":"ListItem","position":2,"name":"M\u0259hsullar","item":"https:\/\/geoclimate.ge\/az\/products\/"},{"@type":"ListItem","position":3,"name":"Magistral S\u0259s Bariyeri ALPHAfon \u2013 HB"}]},{"@type":"WebSite","@id":"https:\/\/geoclimate.ge\/#website","url":"https:\/\/geoclimate.ge\/","name":"GeoClimate","description":"","publisher":{"@id":"https:\/\/geoclimate.ge\/#organization"},"potentialAction":[{"@type":"SearchAction","target":{"@type":"EntryPoint","urlTemplate":"https:\/\/geoclimate.ge\/?s={search_term_string}"},"query-input":{"@type":"PropertyValueSpecification","valueRequired":true,"valueName":"search_term_string"}}],"inLanguage":"az"},{"@type":"Organization","@id":"https:\/\/geoclimate.ge\/#organization","name":"GeoClimate","url":"https:\/\/geoclimate.ge\/","logo":{"@type":"ImageObject","inLanguage":"az","@id":"https:\/\/geoclimate.ge\/#\/schema\/logo\/image\/","url":"https:\/\/geoclimate.ge\/wp-content\/uploads\/2026\/03\/geoclimate-SEO.png","contentUrl":"https:\/\/geoclimate.ge\/wp-content\/uploads\/2026\/03\/geoclimate-SEO.png","width":1536,"height":1024,"caption":"GeoClimate"},"image":{"@id":"https:\/\/geoclimate.ge\/#\/schema\/logo\/image\/"}}]}},"_links":{"self":[{"href":"https:\/\/geoclimate.ge\/az\/wp-json\/wp\/v2\/product\/35134","targetHints":{"allow":["GET"]}}],"collection":[{"href":"https:\/\/geoclimate.ge\/az\/wp-json\/wp\/v2\/product"}],"about":[{"href":"https:\/\/geoclimate.ge\/az\/wp-json\/wp\/v2\/types\/product"}],"wp:featuredmedia":[{"embeddable":true,"href":"https:\/\/geoclimate.ge\/az\/wp-json\/wp\/v2\/media\/35104"}],"wp:attachment":[{"href":"https:\/\/geoclimate.ge\/az\/wp-json\/wp\/v2\/media?parent=35134"}],"wp:term":[{"taxonomy":"product_brand","embeddable":true,"href":"https:\/\/geoclimate.ge\/az\/wp-json\/wp\/v2\/product_brand?post=35134"},{"taxonomy":"product_cat","embeddable":true,"href":"https:\/\/geoclimate.ge\/az\/wp-json\/wp\/v2\/product_cat?post=35134"},{"taxonomy":"product_tag","embeddable":true,"href":"https:\/\/geoclimate.ge\/az\/wp-json\/wp\/v2\/product_tag?post=35134"}],"curies":[{"name":"wp","href":"https:\/\/api.w.org\/{rel}","templated":true}]}}