{"id":35326,"date":"2025-06-10T12:03:30","date_gmt":"2025-06-10T08:03:30","guid":{"rendered":"https:\/\/airsystems.ge\/shop\/product\/sba-ht-swimming-pool-dehumidifiers-for-high-ambient-temperature\/"},"modified":"2025-06-10T12:07:07","modified_gmt":"2025-06-10T08:07:07","slug":"sba-ht-swimming-pool-dehumidifiers-for-high-ambient-temperature","status":"publish","type":"product","link":"https:\/\/geoclimate.ge\/az\/product\/sba-ht-swimming-pool-dehumidifiers-for-high-ambient-temperature\/","title":{"rendered":"SBA HT Y\u00fcks\u0259k \u0259traf temperaturu \u00fc\u00e7\u00fcn hovuz n\u0259ml\u0259ndiricil\u0259ri"},"content":{"rendered":"<div class=\"elementor-element elementor-element-391e72ec elementor-widget elementor-widget-theme-post-content\" data-id=\"391e72ec\" data-element_type=\"widget\" data-widget_type=\"theme-post-content.default\">\n<div class=\"elementor-widget-container\">\n<p>SBA HT seriyas\u0131n\u0131n n\u0259ml\u0259ndiricil\u0259ri kondensasiyan\u0131n qar\u015f\u0131s\u0131n\u0131 almaq v\u0259 m\u00fck\u0259mm\u0259l ekoloji rahatl\u0131\u011f\u0131 t\u0259min etm\u0259k \u00fc\u00e7\u00fcn r\u00fctub\u0259t d\u0259r\u0259c\u0259sin\u0259 n\u0259zar\u0259t etm\u0259k laz\u0131m olan hovuzlarda istifad\u0259 \u00fc\u00e7\u00fcn x\u00fcsusi olaraq haz\u0131rlanm\u0131\u015f y\u00fcks\u0259k m\u0259hsuldar cihazlard\u0131r.<br \/>\nOnlar 42\u00b0C-\u0259 q\u0259d\u0259r y\u00fcks\u0259k \u0259traf m\u00fchit temperaturunun saxlan\u0131ld\u0131\u011f\u0131 ki\u00e7ik hovuzlar v\u0259 ya jakuzi hamamlar\u0131 \u00fc\u00e7\u00fcn uy\u011fundur. Bu qur\u011fular b\u00f6y\u00fck \u00f6l\u00e7\u00fcl\u00fc d\u0259yi\u015fdiricil\u0259r v\u0259 uy\u011fun komponentl\u0259r say\u0259sind\u0259 geni\u015fl\u0259ndirilmi\u015f i\u015fl\u0259m\u0259 diapazonuna malikdir. D\u0259zgah\u0131n inki\u015faf\u0131 \u00fcmumi \u00f6l\u00e7\u00fcl\u0259ri azald\u0131r v\u0259 h\u0259tta dar m\u0259kanlarda da daxil etm\u0259y\u0259 imkan verir.<br \/>\nSeriya 5 modeld\u0259n ibar\u0259tdir v\u0259 30-dan 140 l\/24 saata q\u0259d\u0259r m\u0259hsuldarl\u0131\u011f\u0131 \u0259hat\u0259 edir.<br \/>\nTemperatur v\u0259 r\u00fctub\u0259t problar\u0131 ist\u0259k \u0259sas\u0131nda t\u0259min edil\u0259n aksesuarlard\u0131r.<\/p>\n<\/div>\n<\/div>\n<div class=\"elementor-element elementor-element-427e8a79 e-flex e-con-boxed e-con e-child\" data-id=\"427e8a79\" data-element_type=\"container\">\n<div class=\"e-con-inner\">\n<div class=\"elementor-element elementor-element-6e19ed90 hidebutton mc-bl elementor-align-left elementor-widget elementor-widget-button\" data-id=\"6e19ed90\" data-element_type=\"widget\" data-widget_type=\"button.default\">\n<div class=\"elementor-widget-container\">\n<div class=\"elementor-button-wrapper\"><a class=\"elementor-button elementor-button-link elementor-size-sm\" href=\"https:\/\/www.enextechnologies.com\/wp-content\/uploads\/2024\/09\/SBA-HT_ENG.pdf\" target=\"_blank\" rel=\"noopener\"><span class=\"elementor-button-content-wrapper\"><span class=\"elementor-button-text\">BROCHURE<\/span><\/span><\/a><\/div>\n<\/div>\n<\/div>\n<\/div>\n<\/div>\n","protected":false},"excerpt":{"rendered":"<p>20 l\/24 saatdan 187 l\/24 saata q\u0259d\u0259r n\u0259m \u00e7\u0131xarma qabiliyy\u0259ti<br \/>\n500 m3\/saatdan 1500 m3\/saata q\u0259d\u0259r hava ax\u0131n\u0131<\/p>\n","protected":false},"featured_media":35321,"template":"","meta":[],"product_brand":[],"product_cat":[1724,875],"product_tag":[],"class_list":{"0":"post-35326","1":"product","2":"type-product","3":"status-publish","4":"has-post-thumbnail","6":"product_cat-hava-nmlndiricisi","7":"product_cat-snaye-az-kondisionerlr","9":"first","10":"instock","11":"shipping-taxable","12":"product-type-simple"},"yoast_head":"<!-- This site is optimized with the Yoast SEO plugin v27.1.1 - https:\/\/yoast.com\/product\/yoast-seo-wordpress\/ -->\n<title>SBA HT Y\u00fcks\u0259k \u0259traf temperaturu \u00fc\u00e7\u00fcn hovuz n\u0259ml\u0259ndiricil\u0259ri - GeoClimate.ge<\/title>\n<meta name=\"robots\" content=\"index, follow, max-snippet:-1, max-image-preview:large, max-video-preview:-1\" \/>\n<link rel=\"canonical\" href=\"https:\/\/geoclimate.ge\/az\/product\/sba-ht-swimming-pool-dehumidifiers-for-high-ambient-temperature\/\" \/>\n<meta property=\"og:locale\" content=\"az_AZ\" \/>\n<meta property=\"og:type\" content=\"article\" \/>\n<meta property=\"og:title\" content=\"SBA HT Y\u00fcks\u0259k \u0259traf temperaturu \u00fc\u00e7\u00fcn hovuz n\u0259ml\u0259ndiricil\u0259ri - GeoClimate.ge\" \/>\n<meta property=\"og:description\" content=\"20 l\/24 saatdan 187 l\/24 saata q\u0259d\u0259r n\u0259m \u00e7\u0131xarma qabiliyy\u0259ti 500 m3\/saatdan 1500 m3\/saata q\u0259d\u0259r hava ax\u0131n\u0131\" \/>\n<meta property=\"og:url\" content=\"https:\/\/geoclimate.ge\/az\/product\/sba-ht-swimming-pool-dehumidifiers-for-high-ambient-temperature\/\" \/>\n<meta property=\"og:site_name\" content=\"GeoClimate.ge\" \/>\n<meta property=\"article:modified_time\" content=\"2025-06-10T08:07:07+00:00\" \/>\n<meta property=\"og:image\" content=\"https:\/\/geoclimate.ge\/wp-content\/uploads\/2025\/06\/SBA.png\" \/>\n\t<meta property=\"og:image:width\" content=\"1880\" \/>\n\t<meta property=\"og:image:height\" content=\"1812\" \/>\n\t<meta property=\"og:image:type\" content=\"image\/png\" \/>\n<meta name=\"twitter:card\" content=\"summary_large_image\" \/>\n<meta name=\"twitter:label1\" content=\"Est. reading time\" \/>\n\t<meta name=\"twitter:data1\" content=\"1 minute\" \/>\n<script type=\"application\/ld+json\" class=\"yoast-schema-graph\">{\"@context\":\"https:\/\/schema.org\",\"@graph\":[{\"@type\":\"WebPage\",\"@id\":\"https:\/\/geoclimate.ge\/az\/product\/sba-ht-swimming-pool-dehumidifiers-for-high-ambient-temperature\/\",\"url\":\"https:\/\/geoclimate.ge\/az\/product\/sba-ht-swimming-pool-dehumidifiers-for-high-ambient-temperature\/\",\"name\":\"SBA HT Y\u00fcks\u0259k \u0259traf temperaturu \u00fc\u00e7\u00fcn hovuz n\u0259ml\u0259ndiricil\u0259ri - GeoClimate.ge\",\"isPartOf\":{\"@id\":\"https:\/\/geoclimate.ge\/#website\"},\"primaryImageOfPage\":{\"@id\":\"https:\/\/geoclimate.ge\/az\/product\/sba-ht-swimming-pool-dehumidifiers-for-high-ambient-temperature\/#primaryimage\"},\"image\":{\"@id\":\"https:\/\/geoclimate.ge\/az\/product\/sba-ht-swimming-pool-dehumidifiers-for-high-ambient-temperature\/#primaryimage\"},\"thumbnailUrl\":\"https:\/\/geoclimate.ge\/wp-content\/uploads\/2025\/06\/SBA.png\",\"datePublished\":\"2025-06-10T08:03:30+00:00\",\"dateModified\":\"2025-06-10T08:07:07+00:00\",\"breadcrumb\":{\"@id\":\"https:\/\/geoclimate.ge\/az\/product\/sba-ht-swimming-pool-dehumidifiers-for-high-ambient-temperature\/#breadcrumb\"},\"inLanguage\":\"az\",\"potentialAction\":[{\"@type\":\"ReadAction\",\"target\":[\"https:\/\/geoclimate.ge\/az\/product\/sba-ht-swimming-pool-dehumidifiers-for-high-ambient-temperature\/\"]}]},{\"@type\":\"ImageObject\",\"inLanguage\":\"az\",\"@id\":\"https:\/\/geoclimate.ge\/az\/product\/sba-ht-swimming-pool-dehumidifiers-for-high-ambient-temperature\/#primaryimage\",\"url\":\"https:\/\/geoclimate.ge\/wp-content\/uploads\/2025\/06\/SBA.png\",\"contentUrl\":\"https:\/\/geoclimate.ge\/wp-content\/uploads\/2025\/06\/SBA.png\",\"width\":1880,\"height\":1812},{\"@type\":\"BreadcrumbList\",\"@id\":\"https:\/\/geoclimate.ge\/az\/product\/sba-ht-swimming-pool-dehumidifiers-for-high-ambient-temperature\/#breadcrumb\",\"itemListElement\":[{\"@type\":\"ListItem\",\"position\":1,\"name\":\"Home\",\"item\":\"https:\/\/geoclimate.ge\/az\/\"},{\"@type\":\"ListItem\",\"position\":2,\"name\":\"M\u0259hsullar\",\"item\":\"https:\/\/geoclimate.ge\/az\/products\/\"},{\"@type\":\"ListItem\",\"position\":3,\"name\":\"SBA HT Y\u00fcks\u0259k \u0259traf temperaturu \u00fc\u00e7\u00fcn hovuz n\u0259ml\u0259ndiricil\u0259ri\"}]},{\"@type\":\"WebSite\",\"@id\":\"https:\/\/geoclimate.ge\/#website\",\"url\":\"https:\/\/geoclimate.ge\/\",\"name\":\"GeoClimate\",\"description\":\"\",\"publisher\":{\"@id\":\"https:\/\/geoclimate.ge\/#organization\"},\"potentialAction\":[{\"@type\":\"SearchAction\",\"target\":{\"@type\":\"EntryPoint\",\"urlTemplate\":\"https:\/\/geoclimate.ge\/?s={search_term_string}\"},\"query-input\":{\"@type\":\"PropertyValueSpecification\",\"valueRequired\":true,\"valueName\":\"search_term_string\"}}],\"inLanguage\":\"az\"},{\"@type\":\"Organization\",\"@id\":\"https:\/\/geoclimate.ge\/#organization\",\"name\":\"GeoClimate\",\"url\":\"https:\/\/geoclimate.ge\/\",\"logo\":{\"@type\":\"ImageObject\",\"inLanguage\":\"az\",\"@id\":\"https:\/\/geoclimate.ge\/#\/schema\/logo\/image\/\",\"url\":\"https:\/\/geoclimate.ge\/wp-content\/uploads\/2026\/03\/geoclimate-SEO.png\",\"contentUrl\":\"https:\/\/geoclimate.ge\/wp-content\/uploads\/2026\/03\/geoclimate-SEO.png\",\"width\":1536,\"height\":1024,\"caption\":\"GeoClimate\"},\"image\":{\"@id\":\"https:\/\/geoclimate.ge\/#\/schema\/logo\/image\/\"}}]}<\/script>\n<!-- \/ Yoast SEO plugin. -->","yoast_head_json":{"title":"SBA HT Y\u00fcks\u0259k \u0259traf temperaturu \u00fc\u00e7\u00fcn hovuz n\u0259ml\u0259ndiricil\u0259ri - GeoClimate.ge","robots":{"index":"index","follow":"follow","max-snippet":"max-snippet:-1","max-image-preview":"max-image-preview:large","max-video-preview":"max-video-preview:-1"},"canonical":"https:\/\/geoclimate.ge\/az\/product\/sba-ht-swimming-pool-dehumidifiers-for-high-ambient-temperature\/","og_locale":"az_AZ","og_type":"article","og_title":"SBA HT Y\u00fcks\u0259k \u0259traf temperaturu \u00fc\u00e7\u00fcn hovuz n\u0259ml\u0259ndiricil\u0259ri - GeoClimate.ge","og_description":"20 l\/24 saatdan 187 l\/24 saata q\u0259d\u0259r n\u0259m \u00e7\u0131xarma qabiliyy\u0259ti 500 m3\/saatdan 1500 m3\/saata q\u0259d\u0259r hava ax\u0131n\u0131","og_url":"https:\/\/geoclimate.ge\/az\/product\/sba-ht-swimming-pool-dehumidifiers-for-high-ambient-temperature\/","og_site_name":"GeoClimate.ge","article_modified_time":"2025-06-10T08:07:07+00:00","og_image":[{"width":1880,"height":1812,"url":"https:\/\/geoclimate.ge\/wp-content\/uploads\/2025\/06\/SBA.png","type":"image\/png"}],"twitter_card":"summary_large_image","twitter_misc":{"Est. reading time":"1 minute"},"schema":{"@context":"https:\/\/schema.org","@graph":[{"@type":"WebPage","@id":"https:\/\/geoclimate.ge\/az\/product\/sba-ht-swimming-pool-dehumidifiers-for-high-ambient-temperature\/","url":"https:\/\/geoclimate.ge\/az\/product\/sba-ht-swimming-pool-dehumidifiers-for-high-ambient-temperature\/","name":"SBA HT Y\u00fcks\u0259k \u0259traf temperaturu \u00fc\u00e7\u00fcn hovuz n\u0259ml\u0259ndiricil\u0259ri - GeoClimate.ge","isPartOf":{"@id":"https:\/\/geoclimate.ge\/#website"},"primaryImageOfPage":{"@id":"https:\/\/geoclimate.ge\/az\/product\/sba-ht-swimming-pool-dehumidifiers-for-high-ambient-temperature\/#primaryimage"},"image":{"@id":"https:\/\/geoclimate.ge\/az\/product\/sba-ht-swimming-pool-dehumidifiers-for-high-ambient-temperature\/#primaryimage"},"thumbnailUrl":"https:\/\/geoclimate.ge\/wp-content\/uploads\/2025\/06\/SBA.png","datePublished":"2025-06-10T08:03:30+00:00","dateModified":"2025-06-10T08:07:07+00:00","breadcrumb":{"@id":"https:\/\/geoclimate.ge\/az\/product\/sba-ht-swimming-pool-dehumidifiers-for-high-ambient-temperature\/#breadcrumb"},"inLanguage":"az","potentialAction":[{"@type":"ReadAction","target":["https:\/\/geoclimate.ge\/az\/product\/sba-ht-swimming-pool-dehumidifiers-for-high-ambient-temperature\/"]}]},{"@type":"ImageObject","inLanguage":"az","@id":"https:\/\/geoclimate.ge\/az\/product\/sba-ht-swimming-pool-dehumidifiers-for-high-ambient-temperature\/#primaryimage","url":"https:\/\/geoclimate.ge\/wp-content\/uploads\/2025\/06\/SBA.png","contentUrl":"https:\/\/geoclimate.ge\/wp-content\/uploads\/2025\/06\/SBA.png","width":1880,"height":1812},{"@type":"BreadcrumbList","@id":"https:\/\/geoclimate.ge\/az\/product\/sba-ht-swimming-pool-dehumidifiers-for-high-ambient-temperature\/#breadcrumb","itemListElement":[{"@type":"ListItem","position":1,"name":"Home","item":"https:\/\/geoclimate.ge\/az\/"},{"@type":"ListItem","position":2,"name":"M\u0259hsullar","item":"https:\/\/geoclimate.ge\/az\/products\/"},{"@type":"ListItem","position":3,"name":"SBA HT Y\u00fcks\u0259k \u0259traf temperaturu \u00fc\u00e7\u00fcn hovuz n\u0259ml\u0259ndiricil\u0259ri"}]},{"@type":"WebSite","@id":"https:\/\/geoclimate.ge\/#website","url":"https:\/\/geoclimate.ge\/","name":"GeoClimate","description":"","publisher":{"@id":"https:\/\/geoclimate.ge\/#organization"},"potentialAction":[{"@type":"SearchAction","target":{"@type":"EntryPoint","urlTemplate":"https:\/\/geoclimate.ge\/?s={search_term_string}"},"query-input":{"@type":"PropertyValueSpecification","valueRequired":true,"valueName":"search_term_string"}}],"inLanguage":"az"},{"@type":"Organization","@id":"https:\/\/geoclimate.ge\/#organization","name":"GeoClimate","url":"https:\/\/geoclimate.ge\/","logo":{"@type":"ImageObject","inLanguage":"az","@id":"https:\/\/geoclimate.ge\/#\/schema\/logo\/image\/","url":"https:\/\/geoclimate.ge\/wp-content\/uploads\/2026\/03\/geoclimate-SEO.png","contentUrl":"https:\/\/geoclimate.ge\/wp-content\/uploads\/2026\/03\/geoclimate-SEO.png","width":1536,"height":1024,"caption":"GeoClimate"},"image":{"@id":"https:\/\/geoclimate.ge\/#\/schema\/logo\/image\/"}}]}},"_links":{"self":[{"href":"https:\/\/geoclimate.ge\/az\/wp-json\/wp\/v2\/product\/35326","targetHints":{"allow":["GET"]}}],"collection":[{"href":"https:\/\/geoclimate.ge\/az\/wp-json\/wp\/v2\/product"}],"about":[{"href":"https:\/\/geoclimate.ge\/az\/wp-json\/wp\/v2\/types\/product"}],"wp:featuredmedia":[{"embeddable":true,"href":"https:\/\/geoclimate.ge\/az\/wp-json\/wp\/v2\/media\/35321"}],"wp:attachment":[{"href":"https:\/\/geoclimate.ge\/az\/wp-json\/wp\/v2\/media?parent=35326"}],"wp:term":[{"taxonomy":"product_brand","embeddable":true,"href":"https:\/\/geoclimate.ge\/az\/wp-json\/wp\/v2\/product_brand?post=35326"},{"taxonomy":"product_cat","embeddable":true,"href":"https:\/\/geoclimate.ge\/az\/wp-json\/wp\/v2\/product_cat?post=35326"},{"taxonomy":"product_tag","embeddable":true,"href":"https:\/\/geoclimate.ge\/az\/wp-json\/wp\/v2\/product_tag?post=35326"}],"curies":[{"name":"wp","href":"https:\/\/api.w.org\/{rel}","templated":true}]}}