{"id":35418,"date":"2025-06-10T12:49:34","date_gmt":"2025-06-10T08:49:34","guid":{"rendered":"https:\/\/airsystems.ge\/shop\/product\/uta-uta-z-energy-recovery-high-efficiency-dehumidifiers\/"},"modified":"2025-06-10T12:54:20","modified_gmt":"2025-06-10T08:54:20","slug":"uta-uta-z-energy-recovery-high-efficiency-dehumidifiers","status":"publish","type":"product","link":"https:\/\/geoclimate.ge\/az\/product\/uta-uta-z-energy-recovery-high-efficiency-dehumidifiers\/","title":{"rendered":"UTA &#8211; UTA Z Enerji b\u0259rpa ed\u0259n y\u00fcks\u0259k s\u0259m\u0259r\u0259li n\u0259ml\u0259ndiricil\u0259r"},"content":{"rendered":"<div class=\"elementor-element elementor-element-70da8153 elementor-widget elementor-widget-theme-page-title elementor-page-title elementor-widget-heading\" data-id=\"70da8153\" data-element_type=\"widget\" data-widget_type=\"theme-page-title.default\">\n<div class=\"elementor-widget-container\">\n<p>Enerji b\u0259rpa ed\u0259n y\u00fcks\u0259k s\u0259m\u0259r\u0259li n\u0259ml\u0259ndiricil\u0259r UTA \u00e7e\u015fidi qapal\u0131 \u00fczg\u00fc\u00e7\u00fcl\u00fck hovuzlar\u0131nda v\u0259 ya \u00e7ox y\u00fcks\u0259k daxili y\u00fckl\u0259rin oldu\u011fu dig\u0259r t\u0259tbiql\u0259rd\u0259 temperatur, r\u00fctub\u0259t, enerjinin b\u0259rpas\u0131 v\u0259 t\u0259miz havan\u0131n t\u0259mizl\u0259nm\u0259sin\u0259 tam n\u0259zar\u0259t etm\u0259k \u00fc\u00e7\u00fcn n\u0259z\u0259rd\u0259 tutulmu\u015fdur. UTA qur\u011fular\u0131 36\u00b0C-y\u0259 q\u0259d\u0259r olan m\u00fchitl\u0259rd\u0259 i\u015fl\u0259y\u0259 bil\u0259r v\u0259 t\u0259miz havan\u0131n 40%-\u0259 q\u0259d\u0259rini idar\u0259 ed\u0259 bilir.<br \/>\nAral\u0131\u011fa 1500-d\u0259n 6000 m3\/saata q\u0259d\u0259r olan hava ax\u0131n\u0131n\u0131 \u0259hat\u0259 ed\u0259n 7 model daxildir.<br \/>\n\u0130ki ke\u00e7idli \u00e7arpaz ax\u0131n enerjisinin b\u0259rpas\u0131ndan istifad\u0259 \u0259n\u0259n\u0259vi n\u0259ml\u0259ndiricil\u0259rl\u0259 m\u00fcqayis\u0259d\u0259 n\u0259m \u00e7\u0131xarma qabiliyy\u0259tini 30%-\u0259 q\u0259d\u0259r art\u0131rma\u011fa imkan verir.<br \/>\nEnerjinin b\u0259rpas\u0131nda ikiqat ke\u00e7idin istifad\u0259si, \u0259slind\u0259, doyma n\u00f6qt\u0259sin\u0259 yax\u0131n havan\u0131n s\u0259rb\u0259st h\u0259ssas \u0259vv\u0259lc\u0259d\u0259n soyumas\u0131na imkan verir v\u0259 bu, qur\u011funun, \u0259sas\u0259n, gizli y\u00fckd\u0259 i\u015fl\u0259m\u0259sin\u0259 imkan verir.<\/p>\n<\/div>\n<\/div>\n<div class=\"elementor-element elementor-element-427e8a79 e-flex e-con-boxed e-con e-child\" data-id=\"427e8a79\" data-element_type=\"container\">\n<div class=\"e-con-inner\">\n<div class=\"elementor-element elementor-element-6e19ed90 hidebutton mc-bl elementor-align-left elementor-widget elementor-widget-button\" data-id=\"6e19ed90\" data-element_type=\"widget\" data-widget_type=\"button.default\">\n<div class=\"elementor-widget-container\">\n<div class=\"elementor-button-wrapper\"><a class=\"elementor-button elementor-button-link elementor-size-sm\" href=\"https:\/\/www.enextechnologies.com\/wp-content\/uploads\/2025\/03\/UTA-UTAZ_ENG.pdf\" target=\"_blank\" rel=\"noopener\"><span class=\"elementor-button-content-wrapper\"><span class=\"elementor-button-text\">BROCHURE<\/span><\/span><\/a><\/div>\n<\/div>\n<\/div>\n<\/div>\n<\/div>\n","protected":false},"excerpt":{"rendered":"<div class=\"elementor-element elementor-element-f80f489 elementor-widget elementor-widget-heading\" data-id=\"f80f489\" data-element_type=\"widget\" data-widget_type=\"heading.default\">\n<div class=\"elementor-widget-container\">\n<div class=\"elementor-heading-title elementor-size-default\">N\u0259ml\u0259ndirm\u0259 qabiliyy\u0259ti 132 l\/24 saatdan 910 l\/24 saata q\u0259d\u0259r<br \/>\n1500 m3\/saatdan 6000 m3\/saata q\u0259d\u0259r hava ax\u0131n\u0131<\/div>\n<\/div>\n<\/div>\n","protected":false},"featured_media":35413,"template":"","meta":[],"product_brand":[],"product_cat":[1724,875],"product_tag":[],"class_list":{"0":"post-35418","1":"product","2":"type-product","3":"status-publish","4":"has-post-thumbnail","6":"product_cat-hava-nmlndiricisi","7":"product_cat-snaye-az-kondisionerlr","9":"first","10":"instock","11":"shipping-taxable","12":"product-type-simple"},"yoast_head":"<!-- This site is optimized with the Yoast SEO plugin v27.1.1 - https:\/\/yoast.com\/product\/yoast-seo-wordpress\/ -->\n<title>UTA - UTA Z Enerji b\u0259rpa ed\u0259n y\u00fcks\u0259k s\u0259m\u0259r\u0259li n\u0259ml\u0259ndiricil\u0259r - GeoClimate.ge<\/title>\n<meta name=\"robots\" content=\"index, follow, max-snippet:-1, max-image-preview:large, max-video-preview:-1\" \/>\n<link rel=\"canonical\" href=\"https:\/\/geoclimate.ge\/az\/product\/uta-uta-z-energy-recovery-high-efficiency-dehumidifiers\/\" \/>\n<meta property=\"og:locale\" content=\"az_AZ\" \/>\n<meta property=\"og:type\" content=\"article\" \/>\n<meta property=\"og:title\" content=\"UTA - UTA Z Enerji b\u0259rpa ed\u0259n y\u00fcks\u0259k s\u0259m\u0259r\u0259li n\u0259ml\u0259ndiricil\u0259r - GeoClimate.ge\" \/>\n<meta property=\"og:description\" content=\"N\u0259ml\u0259ndirm\u0259 qabiliyy\u0259ti 132 l\/24 saatdan 910 l\/24 saata q\u0259d\u0259r 1500 m3\/saatdan 6000 m3\/saata q\u0259d\u0259r hava ax\u0131n\u0131\" \/>\n<meta property=\"og:url\" content=\"https:\/\/geoclimate.ge\/az\/product\/uta-uta-z-energy-recovery-high-efficiency-dehumidifiers\/\" \/>\n<meta property=\"og:site_name\" content=\"GeoClimate.ge\" \/>\n<meta property=\"article:modified_time\" content=\"2025-06-10T08:54:20+00:00\" \/>\n<meta property=\"og:image\" content=\"https:\/\/geoclimate.ge\/wp-content\/uploads\/2025\/06\/UTA.jpg\" \/>\n\t<meta property=\"og:image:width\" content=\"1886\" \/>\n\t<meta property=\"og:image:height\" content=\"1855\" \/>\n\t<meta property=\"og:image:type\" content=\"image\/jpeg\" \/>\n<meta name=\"twitter:card\" content=\"summary_large_image\" \/>\n<meta name=\"twitter:label1\" content=\"Est. reading time\" \/>\n\t<meta name=\"twitter:data1\" content=\"1 minute\" \/>\n<script type=\"application\/ld+json\" class=\"yoast-schema-graph\">{\"@context\":\"https:\/\/schema.org\",\"@graph\":[{\"@type\":\"WebPage\",\"@id\":\"https:\/\/geoclimate.ge\/az\/product\/uta-uta-z-energy-recovery-high-efficiency-dehumidifiers\/\",\"url\":\"https:\/\/geoclimate.ge\/az\/product\/uta-uta-z-energy-recovery-high-efficiency-dehumidifiers\/\",\"name\":\"UTA - UTA Z Enerji b\u0259rpa ed\u0259n y\u00fcks\u0259k s\u0259m\u0259r\u0259li n\u0259ml\u0259ndiricil\u0259r - GeoClimate.ge\",\"isPartOf\":{\"@id\":\"https:\/\/geoclimate.ge\/#website\"},\"primaryImageOfPage\":{\"@id\":\"https:\/\/geoclimate.ge\/az\/product\/uta-uta-z-energy-recovery-high-efficiency-dehumidifiers\/#primaryimage\"},\"image\":{\"@id\":\"https:\/\/geoclimate.ge\/az\/product\/uta-uta-z-energy-recovery-high-efficiency-dehumidifiers\/#primaryimage\"},\"thumbnailUrl\":\"https:\/\/geoclimate.ge\/wp-content\/uploads\/2025\/06\/UTA.jpg\",\"datePublished\":\"2025-06-10T08:49:34+00:00\",\"dateModified\":\"2025-06-10T08:54:20+00:00\",\"breadcrumb\":{\"@id\":\"https:\/\/geoclimate.ge\/az\/product\/uta-uta-z-energy-recovery-high-efficiency-dehumidifiers\/#breadcrumb\"},\"inLanguage\":\"az\",\"potentialAction\":[{\"@type\":\"ReadAction\",\"target\":[\"https:\/\/geoclimate.ge\/az\/product\/uta-uta-z-energy-recovery-high-efficiency-dehumidifiers\/\"]}]},{\"@type\":\"ImageObject\",\"inLanguage\":\"az\",\"@id\":\"https:\/\/geoclimate.ge\/az\/product\/uta-uta-z-energy-recovery-high-efficiency-dehumidifiers\/#primaryimage\",\"url\":\"https:\/\/geoclimate.ge\/wp-content\/uploads\/2025\/06\/UTA.jpg\",\"contentUrl\":\"https:\/\/geoclimate.ge\/wp-content\/uploads\/2025\/06\/UTA.jpg\",\"width\":1886,\"height\":1855},{\"@type\":\"BreadcrumbList\",\"@id\":\"https:\/\/geoclimate.ge\/az\/product\/uta-uta-z-energy-recovery-high-efficiency-dehumidifiers\/#breadcrumb\",\"itemListElement\":[{\"@type\":\"ListItem\",\"position\":1,\"name\":\"Home\",\"item\":\"https:\/\/geoclimate.ge\/az\/\"},{\"@type\":\"ListItem\",\"position\":2,\"name\":\"M\u0259hsullar\",\"item\":\"https:\/\/geoclimate.ge\/az\/products\/\"},{\"@type\":\"ListItem\",\"position\":3,\"name\":\"UTA &#8211; UTA Z Enerji b\u0259rpa ed\u0259n y\u00fcks\u0259k s\u0259m\u0259r\u0259li n\u0259ml\u0259ndiricil\u0259r\"}]},{\"@type\":\"WebSite\",\"@id\":\"https:\/\/geoclimate.ge\/#website\",\"url\":\"https:\/\/geoclimate.ge\/\",\"name\":\"GeoClimate\",\"description\":\"\",\"publisher\":{\"@id\":\"https:\/\/geoclimate.ge\/#organization\"},\"potentialAction\":[{\"@type\":\"SearchAction\",\"target\":{\"@type\":\"EntryPoint\",\"urlTemplate\":\"https:\/\/geoclimate.ge\/?s={search_term_string}\"},\"query-input\":{\"@type\":\"PropertyValueSpecification\",\"valueRequired\":true,\"valueName\":\"search_term_string\"}}],\"inLanguage\":\"az\"},{\"@type\":\"Organization\",\"@id\":\"https:\/\/geoclimate.ge\/#organization\",\"name\":\"GeoClimate\",\"url\":\"https:\/\/geoclimate.ge\/\",\"logo\":{\"@type\":\"ImageObject\",\"inLanguage\":\"az\",\"@id\":\"https:\/\/geoclimate.ge\/#\/schema\/logo\/image\/\",\"url\":\"https:\/\/geoclimate.ge\/wp-content\/uploads\/2026\/03\/geoclimate-SEO.png\",\"contentUrl\":\"https:\/\/geoclimate.ge\/wp-content\/uploads\/2026\/03\/geoclimate-SEO.png\",\"width\":1536,\"height\":1024,\"caption\":\"GeoClimate\"},\"image\":{\"@id\":\"https:\/\/geoclimate.ge\/#\/schema\/logo\/image\/\"}}]}<\/script>\n<!-- \/ Yoast SEO plugin. -->","yoast_head_json":{"title":"UTA - UTA Z Enerji b\u0259rpa ed\u0259n y\u00fcks\u0259k s\u0259m\u0259r\u0259li n\u0259ml\u0259ndiricil\u0259r - GeoClimate.ge","robots":{"index":"index","follow":"follow","max-snippet":"max-snippet:-1","max-image-preview":"max-image-preview:large","max-video-preview":"max-video-preview:-1"},"canonical":"https:\/\/geoclimate.ge\/az\/product\/uta-uta-z-energy-recovery-high-efficiency-dehumidifiers\/","og_locale":"az_AZ","og_type":"article","og_title":"UTA - UTA Z Enerji b\u0259rpa ed\u0259n y\u00fcks\u0259k s\u0259m\u0259r\u0259li n\u0259ml\u0259ndiricil\u0259r - GeoClimate.ge","og_description":"N\u0259ml\u0259ndirm\u0259 qabiliyy\u0259ti 132 l\/24 saatdan 910 l\/24 saata q\u0259d\u0259r 1500 m3\/saatdan 6000 m3\/saata q\u0259d\u0259r hava ax\u0131n\u0131","og_url":"https:\/\/geoclimate.ge\/az\/product\/uta-uta-z-energy-recovery-high-efficiency-dehumidifiers\/","og_site_name":"GeoClimate.ge","article_modified_time":"2025-06-10T08:54:20+00:00","og_image":[{"width":1886,"height":1855,"url":"https:\/\/geoclimate.ge\/wp-content\/uploads\/2025\/06\/UTA.jpg","type":"image\/jpeg"}],"twitter_card":"summary_large_image","twitter_misc":{"Est. reading time":"1 minute"},"schema":{"@context":"https:\/\/schema.org","@graph":[{"@type":"WebPage","@id":"https:\/\/geoclimate.ge\/az\/product\/uta-uta-z-energy-recovery-high-efficiency-dehumidifiers\/","url":"https:\/\/geoclimate.ge\/az\/product\/uta-uta-z-energy-recovery-high-efficiency-dehumidifiers\/","name":"UTA - UTA Z Enerji b\u0259rpa ed\u0259n y\u00fcks\u0259k s\u0259m\u0259r\u0259li n\u0259ml\u0259ndiricil\u0259r - GeoClimate.ge","isPartOf":{"@id":"https:\/\/geoclimate.ge\/#website"},"primaryImageOfPage":{"@id":"https:\/\/geoclimate.ge\/az\/product\/uta-uta-z-energy-recovery-high-efficiency-dehumidifiers\/#primaryimage"},"image":{"@id":"https:\/\/geoclimate.ge\/az\/product\/uta-uta-z-energy-recovery-high-efficiency-dehumidifiers\/#primaryimage"},"thumbnailUrl":"https:\/\/geoclimate.ge\/wp-content\/uploads\/2025\/06\/UTA.jpg","datePublished":"2025-06-10T08:49:34+00:00","dateModified":"2025-06-10T08:54:20+00:00","breadcrumb":{"@id":"https:\/\/geoclimate.ge\/az\/product\/uta-uta-z-energy-recovery-high-efficiency-dehumidifiers\/#breadcrumb"},"inLanguage":"az","potentialAction":[{"@type":"ReadAction","target":["https:\/\/geoclimate.ge\/az\/product\/uta-uta-z-energy-recovery-high-efficiency-dehumidifiers\/"]}]},{"@type":"ImageObject","inLanguage":"az","@id":"https:\/\/geoclimate.ge\/az\/product\/uta-uta-z-energy-recovery-high-efficiency-dehumidifiers\/#primaryimage","url":"https:\/\/geoclimate.ge\/wp-content\/uploads\/2025\/06\/UTA.jpg","contentUrl":"https:\/\/geoclimate.ge\/wp-content\/uploads\/2025\/06\/UTA.jpg","width":1886,"height":1855},{"@type":"BreadcrumbList","@id":"https:\/\/geoclimate.ge\/az\/product\/uta-uta-z-energy-recovery-high-efficiency-dehumidifiers\/#breadcrumb","itemListElement":[{"@type":"ListItem","position":1,"name":"Home","item":"https:\/\/geoclimate.ge\/az\/"},{"@type":"ListItem","position":2,"name":"M\u0259hsullar","item":"https:\/\/geoclimate.ge\/az\/products\/"},{"@type":"ListItem","position":3,"name":"UTA &#8211; UTA Z Enerji b\u0259rpa ed\u0259n y\u00fcks\u0259k s\u0259m\u0259r\u0259li n\u0259ml\u0259ndiricil\u0259r"}]},{"@type":"WebSite","@id":"https:\/\/geoclimate.ge\/#website","url":"https:\/\/geoclimate.ge\/","name":"GeoClimate","description":"","publisher":{"@id":"https:\/\/geoclimate.ge\/#organization"},"potentialAction":[{"@type":"SearchAction","target":{"@type":"EntryPoint","urlTemplate":"https:\/\/geoclimate.ge\/?s={search_term_string}"},"query-input":{"@type":"PropertyValueSpecification","valueRequired":true,"valueName":"search_term_string"}}],"inLanguage":"az"},{"@type":"Organization","@id":"https:\/\/geoclimate.ge\/#organization","name":"GeoClimate","url":"https:\/\/geoclimate.ge\/","logo":{"@type":"ImageObject","inLanguage":"az","@id":"https:\/\/geoclimate.ge\/#\/schema\/logo\/image\/","url":"https:\/\/geoclimate.ge\/wp-content\/uploads\/2026\/03\/geoclimate-SEO.png","contentUrl":"https:\/\/geoclimate.ge\/wp-content\/uploads\/2026\/03\/geoclimate-SEO.png","width":1536,"height":1024,"caption":"GeoClimate"},"image":{"@id":"https:\/\/geoclimate.ge\/#\/schema\/logo\/image\/"}}]}},"_links":{"self":[{"href":"https:\/\/geoclimate.ge\/az\/wp-json\/wp\/v2\/product\/35418","targetHints":{"allow":["GET"]}}],"collection":[{"href":"https:\/\/geoclimate.ge\/az\/wp-json\/wp\/v2\/product"}],"about":[{"href":"https:\/\/geoclimate.ge\/az\/wp-json\/wp\/v2\/types\/product"}],"wp:featuredmedia":[{"embeddable":true,"href":"https:\/\/geoclimate.ge\/az\/wp-json\/wp\/v2\/media\/35413"}],"wp:attachment":[{"href":"https:\/\/geoclimate.ge\/az\/wp-json\/wp\/v2\/media?parent=35418"}],"wp:term":[{"taxonomy":"product_brand","embeddable":true,"href":"https:\/\/geoclimate.ge\/az\/wp-json\/wp\/v2\/product_brand?post=35418"},{"taxonomy":"product_cat","embeddable":true,"href":"https:\/\/geoclimate.ge\/az\/wp-json\/wp\/v2\/product_cat?post=35418"},{"taxonomy":"product_tag","embeddable":true,"href":"https:\/\/geoclimate.ge\/az\/wp-json\/wp\/v2\/product_tag?post=35418"}],"curies":[{"name":"wp","href":"https:\/\/api.w.org\/{rel}","templated":true}]}}