{"id":35469,"date":"2025-06-10T13:13:55","date_gmt":"2025-06-10T09:13:55","guid":{"rendered":"https:\/\/airsystems.ge\/shop\/product\/fh-gh-dehumidifiers-for-radiant-cooling-systems\/"},"modified":"2025-06-10T13:28:14","modified_gmt":"2025-06-10T09:28:14","slug":"fh-gh-dehumidifiers-for-radiant-cooling-systems","status":"publish","type":"product","link":"https:\/\/geoclimate.ge\/az\/product\/fh-gh-dehumidifiers-for-radiant-cooling-systems\/","title":{"rendered":"FH &#8211; GH Radiant soyutma sisteml\u0259ri \u00fc\u00e7\u00fcn n\u0259ml\u0259ndiricil\u0259r"},"content":{"rendered":"<div class=\"elementor-element elementor-element-70da8153 elementor-widget elementor-widget-theme-page-title elementor-page-title elementor-widget-heading\" data-id=\"70da8153\" data-element_type=\"widget\" data-widget_type=\"theme-page-title.default\">\n<div class=\"elementor-widget-container\">\n<p>FH v\u0259 GH seriyal\u0131 n\u0259ml\u0259ndiricil\u0259r y\u00fcks\u0259k performansl\u0131 qur\u011fulard\u0131r, m\u00f6hk\u0259m sinkl\u0259nmi\u015f polad \u00e7\u0259r\u00e7iv\u0259 il\u0259 t\u0259chiz edilmi\u015f, parlaq soyutma sisteml\u0259ri il\u0259 birlikd\u0259 i\u015fl\u0259m\u0259k \u00fc\u00e7\u00fcn laz\u0131mi \u015f\u0259kild\u0259 haz\u0131rlanm\u0131\u015fd\u0131r. FH qur\u011fular\u0131 divar montaj\u0131 \u00fc\u00e7\u00fcn n\u0259z\u0259rd\u0259 tutulmu\u015fdur, GH seriyas\u0131 is\u0259 asma tavan v\u0259 kanall\u0131 t\u0259tbiql\u0259r \u00fc\u00e7\u00fcn uy\u011fundur. B\u00fct\u00fcn qur\u011fular hava filtri, paslanmayan polad damc\u0131 qab\u0131 v\u0259 qura\u015fd\u0131r\u0131lm\u0131\u015f mikroprosessor idar\u0259etm\u0259si il\u0259 t\u0259chiz edilmi\u015fdir. B\u00f6lm\u0259l\u0259r h\u0259m\u00e7inin performanslar\u0131 art\u0131rmaq v\u0259 havan\u0131n t\u0259dar\u00fck\u00fc temperaturuna n\u0259zar\u0259t etm\u0259k \u00fc\u00e7\u00fcn standart olaraq, \u0259vv\u0259lc\u0259d\u0259n v\u0259 sonra soyutma sar\u011f\u0131s\u0131 il\u0259 t\u0259chiz edilmi\u015fdir. FH v\u0259 GH qur\u011fular\u0131, h\u0259r halda, h\u0259tta \u0259vv\u0259lc\u0259d\u0259n v\u0259 sonrak\u0131 soyutma rulonlar\u0131 olmadan da i\u015fl\u0259y\u0259 bil\u0259r, bu se\u00e7im qurutma laz\u0131m olduqda, lakin kondisioner sistemi i\u015fl\u0259k olmad\u0131\u011f\u0131 orta m\u00f6vs\u00fcml\u0259rd\u0259 \u00e7ox faydal\u0131 ola bil\u0259r. B\u00fct\u00fcn aqreqatlar fabrikd\u0259 tam y\u0131\u011f\u0131l\u0131r v\u0259 naqil \u00e7\u0259kilir, diqq\u0259tl\u0259 bo\u015fald\u0131l\u0131r v\u0259 t\u0259zyiq alt\u0131nda s\u0131zma s\u0131naqlar\u0131ndan sonra qurudulur v\u0259 \u0259traf m\u00fchit\u0259 uy\u011fun soyuducu qazlarla doldurulur. Onlar g\u00f6nd\u0259rilm\u0259zd\u0259n \u0259vv\u0259l tam s\u0131naqdan ke\u00e7irilir; vahidl\u0259r Avropa Direktivl\u0259rin\u0259 uy\u011fundur v\u0259 f\u0259rdi olaraq CE etiketi v\u0259 Uy\u011funluq B\u0259yannam\u0259si il\u0259 qeyd olunur.<\/p>\n<\/div>\n<\/div>\n<div class=\"elementor-element elementor-element-427e8a79 e-flex e-con-boxed e-con e-child\" data-id=\"427e8a79\" data-element_type=\"container\">\n<div class=\"e-con-inner\">\n<div class=\"elementor-element elementor-element-6e19ed90 hidebutton mc-bl elementor-align-left elementor-widget elementor-widget-button\" data-id=\"6e19ed90\" data-element_type=\"widget\" data-widget_type=\"button.default\">\n<div class=\"elementor-widget-container\">\n<div class=\"elementor-button-wrapper\"><a class=\"elementor-button elementor-button-link elementor-size-sm\" href=\"https:\/\/www.enextechnologies.com\/wp-content\/uploads\/2024\/09\/FH-GH_ENG.pdf\" target=\"_blank\" rel=\"noopener\"><span class=\"elementor-button-content-wrapper\"><span class=\"elementor-button-text\">BROCHURE<\/span><\/span><\/a><\/div>\n<\/div>\n<\/div>\n<\/div>\n<\/div>\n","protected":false},"excerpt":{"rendered":"<div class=\"elementor-element elementor-element-f80f489 elementor-widget elementor-widget-heading\" data-id=\"f80f489\" data-element_type=\"widget\" data-widget_type=\"heading.default\">\n<div class=\"elementor-widget-container\">\n<div class=\"elementor-heading-title elementor-size-default\">20 l\/24 saatdan 164 l\/24 saata q\u0259d\u0259r n\u0259m \u00e7\u0131xarma qabiliyy\u0259ti<br \/>\n250 m3\/saatdan 1850 m3\/saata q\u0259d\u0259r hava ax\u0131n\u0131<\/div>\n<\/div>\n<\/div>\n","protected":false},"featured_media":35463,"template":"","meta":[],"product_brand":[],"product_cat":[1724,875],"product_tag":[],"class_list":{"0":"post-35469","1":"product","2":"type-product","3":"status-publish","4":"has-post-thumbnail","6":"product_cat-hava-nmlndiricisi","7":"product_cat-snaye-az-kondisionerlr","9":"first","10":"instock","11":"shipping-taxable","12":"product-type-simple"},"yoast_head":"<!-- This site is optimized with the Yoast SEO plugin v27.1.1 - https:\/\/yoast.com\/product\/yoast-seo-wordpress\/ -->\n<title>FH - GH Radiant soyutma sisteml\u0259ri \u00fc\u00e7\u00fcn n\u0259ml\u0259ndiricil\u0259r - GeoClimate.ge<\/title>\n<meta name=\"robots\" content=\"index, follow, max-snippet:-1, max-image-preview:large, max-video-preview:-1\" \/>\n<link rel=\"canonical\" href=\"https:\/\/geoclimate.ge\/az\/product\/fh-gh-dehumidifiers-for-radiant-cooling-systems\/\" \/>\n<meta property=\"og:locale\" content=\"az_AZ\" \/>\n<meta property=\"og:type\" content=\"article\" \/>\n<meta property=\"og:title\" content=\"FH - GH Radiant soyutma sisteml\u0259ri \u00fc\u00e7\u00fcn n\u0259ml\u0259ndiricil\u0259r - GeoClimate.ge\" \/>\n<meta property=\"og:description\" content=\"20 l\/24 saatdan 164 l\/24 saata q\u0259d\u0259r n\u0259m \u00e7\u0131xarma qabiliyy\u0259ti 250 m3\/saatdan 1850 m3\/saata q\u0259d\u0259r hava ax\u0131n\u0131\" \/>\n<meta property=\"og:url\" content=\"https:\/\/geoclimate.ge\/az\/product\/fh-gh-dehumidifiers-for-radiant-cooling-systems\/\" \/>\n<meta property=\"og:site_name\" content=\"GeoClimate.ge\" \/>\n<meta property=\"article:modified_time\" content=\"2025-06-10T09:28:14+00:00\" \/>\n<meta property=\"og:image\" content=\"https:\/\/geoclimate.ge\/wp-content\/uploads\/2025\/06\/FH-GH-scaled-1.jpg\" \/>\n\t<meta property=\"og:image:width\" content=\"2560\" \/>\n\t<meta property=\"og:image:height\" content=\"1399\" \/>\n\t<meta property=\"og:image:type\" content=\"image\/jpeg\" \/>\n<meta name=\"twitter:card\" content=\"summary_large_image\" \/>\n<meta name=\"twitter:label1\" content=\"Est. reading time\" \/>\n\t<meta name=\"twitter:data1\" content=\"1 minute\" \/>\n<script type=\"application\/ld+json\" class=\"yoast-schema-graph\">{\"@context\":\"https:\/\/schema.org\",\"@graph\":[{\"@type\":\"WebPage\",\"@id\":\"https:\/\/geoclimate.ge\/az\/product\/fh-gh-dehumidifiers-for-radiant-cooling-systems\/\",\"url\":\"https:\/\/geoclimate.ge\/az\/product\/fh-gh-dehumidifiers-for-radiant-cooling-systems\/\",\"name\":\"FH - GH Radiant soyutma sisteml\u0259ri \u00fc\u00e7\u00fcn n\u0259ml\u0259ndiricil\u0259r - GeoClimate.ge\",\"isPartOf\":{\"@id\":\"https:\/\/geoclimate.ge\/#website\"},\"primaryImageOfPage\":{\"@id\":\"https:\/\/geoclimate.ge\/az\/product\/fh-gh-dehumidifiers-for-radiant-cooling-systems\/#primaryimage\"},\"image\":{\"@id\":\"https:\/\/geoclimate.ge\/az\/product\/fh-gh-dehumidifiers-for-radiant-cooling-systems\/#primaryimage\"},\"thumbnailUrl\":\"https:\/\/geoclimate.ge\/wp-content\/uploads\/2025\/06\/FH-GH-scaled-1.jpg\",\"datePublished\":\"2025-06-10T09:13:55+00:00\",\"dateModified\":\"2025-06-10T09:28:14+00:00\",\"breadcrumb\":{\"@id\":\"https:\/\/geoclimate.ge\/az\/product\/fh-gh-dehumidifiers-for-radiant-cooling-systems\/#breadcrumb\"},\"inLanguage\":\"az\",\"potentialAction\":[{\"@type\":\"ReadAction\",\"target\":[\"https:\/\/geoclimate.ge\/az\/product\/fh-gh-dehumidifiers-for-radiant-cooling-systems\/\"]}]},{\"@type\":\"ImageObject\",\"inLanguage\":\"az\",\"@id\":\"https:\/\/geoclimate.ge\/az\/product\/fh-gh-dehumidifiers-for-radiant-cooling-systems\/#primaryimage\",\"url\":\"https:\/\/geoclimate.ge\/wp-content\/uploads\/2025\/06\/FH-GH-scaled-1.jpg\",\"contentUrl\":\"https:\/\/geoclimate.ge\/wp-content\/uploads\/2025\/06\/FH-GH-scaled-1.jpg\",\"width\":2560,\"height\":1399},{\"@type\":\"BreadcrumbList\",\"@id\":\"https:\/\/geoclimate.ge\/az\/product\/fh-gh-dehumidifiers-for-radiant-cooling-systems\/#breadcrumb\",\"itemListElement\":[{\"@type\":\"ListItem\",\"position\":1,\"name\":\"Home\",\"item\":\"https:\/\/geoclimate.ge\/az\/\"},{\"@type\":\"ListItem\",\"position\":2,\"name\":\"M\u0259hsullar\",\"item\":\"https:\/\/geoclimate.ge\/az\/products\/\"},{\"@type\":\"ListItem\",\"position\":3,\"name\":\"FH &#8211; GH Radiant soyutma sisteml\u0259ri \u00fc\u00e7\u00fcn n\u0259ml\u0259ndiricil\u0259r\"}]},{\"@type\":\"WebSite\",\"@id\":\"https:\/\/geoclimate.ge\/#website\",\"url\":\"https:\/\/geoclimate.ge\/\",\"name\":\"GeoClimate\",\"description\":\"\",\"publisher\":{\"@id\":\"https:\/\/geoclimate.ge\/#organization\"},\"potentialAction\":[{\"@type\":\"SearchAction\",\"target\":{\"@type\":\"EntryPoint\",\"urlTemplate\":\"https:\/\/geoclimate.ge\/?s={search_term_string}\"},\"query-input\":{\"@type\":\"PropertyValueSpecification\",\"valueRequired\":true,\"valueName\":\"search_term_string\"}}],\"inLanguage\":\"az\"},{\"@type\":\"Organization\",\"@id\":\"https:\/\/geoclimate.ge\/#organization\",\"name\":\"GeoClimate\",\"url\":\"https:\/\/geoclimate.ge\/\",\"logo\":{\"@type\":\"ImageObject\",\"inLanguage\":\"az\",\"@id\":\"https:\/\/geoclimate.ge\/#\/schema\/logo\/image\/\",\"url\":\"https:\/\/geoclimate.ge\/wp-content\/uploads\/2026\/03\/geoclimate-SEO.png\",\"contentUrl\":\"https:\/\/geoclimate.ge\/wp-content\/uploads\/2026\/03\/geoclimate-SEO.png\",\"width\":1536,\"height\":1024,\"caption\":\"GeoClimate\"},\"image\":{\"@id\":\"https:\/\/geoclimate.ge\/#\/schema\/logo\/image\/\"}}]}<\/script>\n<!-- \/ Yoast SEO plugin. -->","yoast_head_json":{"title":"FH - GH Radiant soyutma sisteml\u0259ri \u00fc\u00e7\u00fcn n\u0259ml\u0259ndiricil\u0259r - GeoClimate.ge","robots":{"index":"index","follow":"follow","max-snippet":"max-snippet:-1","max-image-preview":"max-image-preview:large","max-video-preview":"max-video-preview:-1"},"canonical":"https:\/\/geoclimate.ge\/az\/product\/fh-gh-dehumidifiers-for-radiant-cooling-systems\/","og_locale":"az_AZ","og_type":"article","og_title":"FH - GH Radiant soyutma sisteml\u0259ri \u00fc\u00e7\u00fcn n\u0259ml\u0259ndiricil\u0259r - GeoClimate.ge","og_description":"20 l\/24 saatdan 164 l\/24 saata q\u0259d\u0259r n\u0259m \u00e7\u0131xarma qabiliyy\u0259ti 250 m3\/saatdan 1850 m3\/saata q\u0259d\u0259r hava ax\u0131n\u0131","og_url":"https:\/\/geoclimate.ge\/az\/product\/fh-gh-dehumidifiers-for-radiant-cooling-systems\/","og_site_name":"GeoClimate.ge","article_modified_time":"2025-06-10T09:28:14+00:00","og_image":[{"width":2560,"height":1399,"url":"https:\/\/geoclimate.ge\/wp-content\/uploads\/2025\/06\/FH-GH-scaled-1.jpg","type":"image\/jpeg"}],"twitter_card":"summary_large_image","twitter_misc":{"Est. reading time":"1 minute"},"schema":{"@context":"https:\/\/schema.org","@graph":[{"@type":"WebPage","@id":"https:\/\/geoclimate.ge\/az\/product\/fh-gh-dehumidifiers-for-radiant-cooling-systems\/","url":"https:\/\/geoclimate.ge\/az\/product\/fh-gh-dehumidifiers-for-radiant-cooling-systems\/","name":"FH - GH Radiant soyutma sisteml\u0259ri \u00fc\u00e7\u00fcn n\u0259ml\u0259ndiricil\u0259r - GeoClimate.ge","isPartOf":{"@id":"https:\/\/geoclimate.ge\/#website"},"primaryImageOfPage":{"@id":"https:\/\/geoclimate.ge\/az\/product\/fh-gh-dehumidifiers-for-radiant-cooling-systems\/#primaryimage"},"image":{"@id":"https:\/\/geoclimate.ge\/az\/product\/fh-gh-dehumidifiers-for-radiant-cooling-systems\/#primaryimage"},"thumbnailUrl":"https:\/\/geoclimate.ge\/wp-content\/uploads\/2025\/06\/FH-GH-scaled-1.jpg","datePublished":"2025-06-10T09:13:55+00:00","dateModified":"2025-06-10T09:28:14+00:00","breadcrumb":{"@id":"https:\/\/geoclimate.ge\/az\/product\/fh-gh-dehumidifiers-for-radiant-cooling-systems\/#breadcrumb"},"inLanguage":"az","potentialAction":[{"@type":"ReadAction","target":["https:\/\/geoclimate.ge\/az\/product\/fh-gh-dehumidifiers-for-radiant-cooling-systems\/"]}]},{"@type":"ImageObject","inLanguage":"az","@id":"https:\/\/geoclimate.ge\/az\/product\/fh-gh-dehumidifiers-for-radiant-cooling-systems\/#primaryimage","url":"https:\/\/geoclimate.ge\/wp-content\/uploads\/2025\/06\/FH-GH-scaled-1.jpg","contentUrl":"https:\/\/geoclimate.ge\/wp-content\/uploads\/2025\/06\/FH-GH-scaled-1.jpg","width":2560,"height":1399},{"@type":"BreadcrumbList","@id":"https:\/\/geoclimate.ge\/az\/product\/fh-gh-dehumidifiers-for-radiant-cooling-systems\/#breadcrumb","itemListElement":[{"@type":"ListItem","position":1,"name":"Home","item":"https:\/\/geoclimate.ge\/az\/"},{"@type":"ListItem","position":2,"name":"M\u0259hsullar","item":"https:\/\/geoclimate.ge\/az\/products\/"},{"@type":"ListItem","position":3,"name":"FH &#8211; GH Radiant soyutma sisteml\u0259ri \u00fc\u00e7\u00fcn n\u0259ml\u0259ndiricil\u0259r"}]},{"@type":"WebSite","@id":"https:\/\/geoclimate.ge\/#website","url":"https:\/\/geoclimate.ge\/","name":"GeoClimate","description":"","publisher":{"@id":"https:\/\/geoclimate.ge\/#organization"},"potentialAction":[{"@type":"SearchAction","target":{"@type":"EntryPoint","urlTemplate":"https:\/\/geoclimate.ge\/?s={search_term_string}"},"query-input":{"@type":"PropertyValueSpecification","valueRequired":true,"valueName":"search_term_string"}}],"inLanguage":"az"},{"@type":"Organization","@id":"https:\/\/geoclimate.ge\/#organization","name":"GeoClimate","url":"https:\/\/geoclimate.ge\/","logo":{"@type":"ImageObject","inLanguage":"az","@id":"https:\/\/geoclimate.ge\/#\/schema\/logo\/image\/","url":"https:\/\/geoclimate.ge\/wp-content\/uploads\/2026\/03\/geoclimate-SEO.png","contentUrl":"https:\/\/geoclimate.ge\/wp-content\/uploads\/2026\/03\/geoclimate-SEO.png","width":1536,"height":1024,"caption":"GeoClimate"},"image":{"@id":"https:\/\/geoclimate.ge\/#\/schema\/logo\/image\/"}}]}},"_links":{"self":[{"href":"https:\/\/geoclimate.ge\/az\/wp-json\/wp\/v2\/product\/35469","targetHints":{"allow":["GET"]}}],"collection":[{"href":"https:\/\/geoclimate.ge\/az\/wp-json\/wp\/v2\/product"}],"about":[{"href":"https:\/\/geoclimate.ge\/az\/wp-json\/wp\/v2\/types\/product"}],"wp:featuredmedia":[{"embeddable":true,"href":"https:\/\/geoclimate.ge\/az\/wp-json\/wp\/v2\/media\/35463"}],"wp:attachment":[{"href":"https:\/\/geoclimate.ge\/az\/wp-json\/wp\/v2\/media?parent=35469"}],"wp:term":[{"taxonomy":"product_brand","embeddable":true,"href":"https:\/\/geoclimate.ge\/az\/wp-json\/wp\/v2\/product_brand?post=35469"},{"taxonomy":"product_cat","embeddable":true,"href":"https:\/\/geoclimate.ge\/az\/wp-json\/wp\/v2\/product_cat?post=35469"},{"taxonomy":"product_tag","embeddable":true,"href":"https:\/\/geoclimate.ge\/az\/wp-json\/wp\/v2\/product_tag?post=35469"}],"curies":[{"name":"wp","href":"https:\/\/api.w.org\/{rel}","templated":true}]}}