{"id":35655,"date":"2025-06-12T21:30:17","date_gmt":"2025-06-12T17:30:17","guid":{"rendered":"https:\/\/airsystems.ge\/shop\/product\/yuyt-above-ground-fuel-tank\/"},"modified":"2025-06-12T21:35:04","modified_gmt":"2025-06-12T17:35:04","slug":"yuyt-above-ground-fuel-tank","status":"publish","type":"product","link":"https:\/\/geoclimate.ge\/az\/product\/yuyt-above-ground-fuel-tank\/","title":{"rendered":"YUYT &#8211; Yer\u00fcst\u00fc yanacaq \u00e7\u0259ni"},"content":{"rendered":"<p>ST37 Qara V\u0259r\u0259q<br \/>\nTS-EN-12285-2 keyfiyy\u0259t standartlar\u0131na uy\u011fundur<br \/>\nX\u00fcsusi korroziyaya davaml\u0131 \u00f6rt\u00fck v\u0259 qoruyucu t\u0259b\u0259q\u0259<br \/>\nYanacaq \u00e7\u0259nl\u0259ri yer\u00fcst\u00fc \u0259razil\u0259rd\u0259 t\u0259hl\u00fck\u0259siz qura\u015fd\u0131r\u0131lmaq \u00fc\u00e7\u00fcn n\u0259z\u0259rd\u0259 tutulmu\u015fdur.<\/p>\n<p>T\u0259tbiq Sah\u0259l\u0259ri<br \/>\nYer\u00fcst\u00fc yanacaq \u00e7\u0259nl\u0259rimiz m\u00fcxt\u0259lif yanacaq n\u00f6vl\u0259ri \u00fc\u00e7\u00fcn dizayn edil\u0259 bil\u0259r v\u0259 m\u00fcxt\u0259lif sah\u0259l\u0259rd\u0259 istifad\u0259 edil\u0259 bil\u0259r:<\/p>\n<p>Benzin, dizel v\u0259 dig\u0259r dizel n\u00f6vl\u0259ri<br \/>\nGenerator yanaca\u011f\u0131<br \/>\nY\u00fcks\u0259k texnologiyal\u0131 kimy\u0259vi v\u0259 s\u0259naye maye anbar\u0131<br \/>\nT\u0259s\u0259rr\u00fcfat v\u0259 ya k\u0259nd t\u0259s\u0259rr\u00fcfat\u0131 avadanl\u0131\u011f\u0131 \u00fc\u00e7\u00fcn yanacaq anbar\u0131<br \/>\nTikinti v\u0259 tikinti sah\u0259l\u0259ri \u00fc\u00e7\u00fcn s\u0259yyar yanacaq anbar\u0131<br \/>\nYer\u00fcst\u00fc yanacaq \u00e7\u0259nl\u0259rimiz t\u0259hl\u00fck\u0259siz saxlama, istifad\u0259 asanl\u0131\u011f\u0131 v\u0259 uzunm\u00fcdd\u0259tli performans t\u0259min etm\u0259k \u00fc\u00e7\u00fcn n\u0259z\u0259rd\u0259 tutulmu\u015fdur. Onlar b\u00fct\u00fcn n\u00f6v yanacaq saxlama ehtiyaclar\u0131 \u00fc\u00e7\u00fcn f\u0259rdil\u0259\u015fdiril\u0259 bil\u0259n v\u0259 etibarl\u0131 h\u0259ll t\u0259klif edirl\u0259r.<\/p>\n","protected":false},"excerpt":{"rendered":"<p>Epoksi \u00f6rt\u00fckl\u00fc, yer\u00fcst\u00fc yanacaq \u00e7\u0259nl\u0259ri<\/p>\n<p>Yer\u00fcst\u00fc yanacaq \u00e7\u0259nl\u0259ri t\u0259hl\u00fck\u0259siz v\u0259 s\u0259m\u0259r\u0259li yanacaq saxlama h\u0259lli t\u0259klif edir. X\u00fcsusil\u0259 kommersiya v\u0259 s\u0259naye istifad\u0259si \u00fc\u00e7\u00fcn ideal olan bu \u00e7\u0259nl\u0259r y\u00fcks\u0259k keyfiyy\u0259tli materiallarla istehsal olunub v\u0259 m\u00fcxt\u0259lif iqlim \u015f\u0259raitin\u0259 tab g\u0259tirm\u0259k \u00fc\u00e7\u00fcn n\u0259z\u0259rd\u0259 tutulub. Tanklar m\u00f6h\u00fcrl\u0259m\u0259 v\u0259 t\u0259hl\u00fck\u0259sizlik t\u0259dbirl\u0259ri il\u0259 t\u0259chiz olunub v\u0259 istifad\u0259\u00e7inin ehtiyaclar\u0131na uy\u011fun olaraq f\u0259rdil\u0259\u015fdiril\u0259 bil\u0259r.<\/p>\n","protected":false},"featured_media":35600,"template":"","meta":[],"product_brand":[],"product_cat":[1737,1761],"product_tag":[],"class_list":{"0":"post-35655","1":"product","2":"type-product","3":"status-publish","4":"has-post-thumbnail","6":"product_cat-snaye-buxar-qazani-qazanlar","7":"product_cat-yanacaq-cni-tanklar","9":"first","10":"instock","11":"shipping-taxable","12":"product-type-simple"},"yoast_head":"<!-- This site is optimized with the Yoast SEO plugin v27.1.1 - https:\/\/yoast.com\/product\/yoast-seo-wordpress\/ -->\n<title>YUYT - Yer\u00fcst\u00fc yanacaq \u00e7\u0259ni - GeoClimate.ge<\/title>\n<meta name=\"robots\" content=\"index, follow, max-snippet:-1, max-image-preview:large, max-video-preview:-1\" \/>\n<link rel=\"canonical\" href=\"https:\/\/geoclimate.ge\/az\/product\/yuyt-above-ground-fuel-tank\/\" \/>\n<meta property=\"og:locale\" content=\"az_AZ\" \/>\n<meta property=\"og:type\" content=\"article\" \/>\n<meta property=\"og:title\" content=\"YUYT - Yer\u00fcst\u00fc yanacaq \u00e7\u0259ni - GeoClimate.ge\" \/>\n<meta property=\"og:description\" content=\"Epoksi \u00f6rt\u00fckl\u00fc, yer\u00fcst\u00fc yanacaq \u00e7\u0259nl\u0259ri  Yer\u00fcst\u00fc yanacaq \u00e7\u0259nl\u0259ri t\u0259hl\u00fck\u0259siz v\u0259 s\u0259m\u0259r\u0259li yanacaq saxlama h\u0259lli t\u0259klif edir. X\u00fcsusil\u0259 kommersiya v\u0259 s\u0259naye istifad\u0259si \u00fc\u00e7\u00fcn ideal olan bu \u00e7\u0259nl\u0259r y\u00fcks\u0259k keyfiyy\u0259tli materiallarla istehsal olunub v\u0259 m\u00fcxt\u0259lif iqlim \u015f\u0259raitin\u0259 tab g\u0259tirm\u0259k \u00fc\u00e7\u00fcn n\u0259z\u0259rd\u0259 tutulub. Tanklar m\u00f6h\u00fcrl\u0259m\u0259 v\u0259 t\u0259hl\u00fck\u0259sizlik t\u0259dbirl\u0259ri il\u0259 t\u0259chiz olunub v\u0259 istifad\u0259\u00e7inin ehtiyaclar\u0131na uy\u011fun olaraq f\u0259rdil\u0259\u015fdiril\u0259 bil\u0259r.\" \/>\n<meta property=\"og:url\" content=\"https:\/\/geoclimate.ge\/az\/product\/yuyt-above-ground-fuel-tank\/\" \/>\n<meta property=\"og:site_name\" content=\"GeoClimate.ge\" \/>\n<meta property=\"article:modified_time\" content=\"2025-06-12T17:35:04+00:00\" \/>\n<meta property=\"og:image\" content=\"https:\/\/geoclimate.ge\/wp-content\/uploads\/2025\/06\/mg-20557622.jpg\" \/>\n\t<meta property=\"og:image:width\" content=\"800\" \/>\n\t<meta property=\"og:image:height\" content=\"800\" \/>\n\t<meta property=\"og:image:type\" content=\"image\/jpeg\" \/>\n<meta name=\"twitter:card\" content=\"summary_large_image\" \/>\n<meta name=\"twitter:label1\" content=\"Est. reading time\" \/>\n\t<meta name=\"twitter:data1\" content=\"1 minute\" \/>\n<script type=\"application\/ld+json\" class=\"yoast-schema-graph\">{\"@context\":\"https:\/\/schema.org\",\"@graph\":[{\"@type\":\"WebPage\",\"@id\":\"https:\/\/geoclimate.ge\/az\/product\/yuyt-above-ground-fuel-tank\/\",\"url\":\"https:\/\/geoclimate.ge\/az\/product\/yuyt-above-ground-fuel-tank\/\",\"name\":\"YUYT - Yer\u00fcst\u00fc yanacaq \u00e7\u0259ni - GeoClimate.ge\",\"isPartOf\":{\"@id\":\"https:\/\/geoclimate.ge\/#website\"},\"primaryImageOfPage\":{\"@id\":\"https:\/\/geoclimate.ge\/az\/product\/yuyt-above-ground-fuel-tank\/#primaryimage\"},\"image\":{\"@id\":\"https:\/\/geoclimate.ge\/az\/product\/yuyt-above-ground-fuel-tank\/#primaryimage\"},\"thumbnailUrl\":\"https:\/\/geoclimate.ge\/wp-content\/uploads\/2025\/06\/mg-20557622.jpg\",\"datePublished\":\"2025-06-12T17:30:17+00:00\",\"dateModified\":\"2025-06-12T17:35:04+00:00\",\"breadcrumb\":{\"@id\":\"https:\/\/geoclimate.ge\/az\/product\/yuyt-above-ground-fuel-tank\/#breadcrumb\"},\"inLanguage\":\"az\",\"potentialAction\":[{\"@type\":\"ReadAction\",\"target\":[\"https:\/\/geoclimate.ge\/az\/product\/yuyt-above-ground-fuel-tank\/\"]}]},{\"@type\":\"ImageObject\",\"inLanguage\":\"az\",\"@id\":\"https:\/\/geoclimate.ge\/az\/product\/yuyt-above-ground-fuel-tank\/#primaryimage\",\"url\":\"https:\/\/geoclimate.ge\/wp-content\/uploads\/2025\/06\/mg-20557622.jpg\",\"contentUrl\":\"https:\/\/geoclimate.ge\/wp-content\/uploads\/2025\/06\/mg-20557622.jpg\",\"width\":800,\"height\":800},{\"@type\":\"BreadcrumbList\",\"@id\":\"https:\/\/geoclimate.ge\/az\/product\/yuyt-above-ground-fuel-tank\/#breadcrumb\",\"itemListElement\":[{\"@type\":\"ListItem\",\"position\":1,\"name\":\"Home\",\"item\":\"https:\/\/geoclimate.ge\/az\/\"},{\"@type\":\"ListItem\",\"position\":2,\"name\":\"M\u0259hsullar\",\"item\":\"https:\/\/geoclimate.ge\/az\/products\/\"},{\"@type\":\"ListItem\",\"position\":3,\"name\":\"YUYT &#8211; Yer\u00fcst\u00fc yanacaq \u00e7\u0259ni\"}]},{\"@type\":\"WebSite\",\"@id\":\"https:\/\/geoclimate.ge\/#website\",\"url\":\"https:\/\/geoclimate.ge\/\",\"name\":\"GeoClimate\",\"description\":\"\",\"publisher\":{\"@id\":\"https:\/\/geoclimate.ge\/#organization\"},\"potentialAction\":[{\"@type\":\"SearchAction\",\"target\":{\"@type\":\"EntryPoint\",\"urlTemplate\":\"https:\/\/geoclimate.ge\/?s={search_term_string}\"},\"query-input\":{\"@type\":\"PropertyValueSpecification\",\"valueRequired\":true,\"valueName\":\"search_term_string\"}}],\"inLanguage\":\"az\"},{\"@type\":\"Organization\",\"@id\":\"https:\/\/geoclimate.ge\/#organization\",\"name\":\"GeoClimate\",\"url\":\"https:\/\/geoclimate.ge\/\",\"logo\":{\"@type\":\"ImageObject\",\"inLanguage\":\"az\",\"@id\":\"https:\/\/geoclimate.ge\/#\/schema\/logo\/image\/\",\"url\":\"https:\/\/geoclimate.ge\/wp-content\/uploads\/2026\/03\/geoclimate-SEO.png\",\"contentUrl\":\"https:\/\/geoclimate.ge\/wp-content\/uploads\/2026\/03\/geoclimate-SEO.png\",\"width\":1536,\"height\":1024,\"caption\":\"GeoClimate\"},\"image\":{\"@id\":\"https:\/\/geoclimate.ge\/#\/schema\/logo\/image\/\"}}]}<\/script>\n<!-- \/ Yoast SEO plugin. -->","yoast_head_json":{"title":"YUYT - Yer\u00fcst\u00fc yanacaq \u00e7\u0259ni - GeoClimate.ge","robots":{"index":"index","follow":"follow","max-snippet":"max-snippet:-1","max-image-preview":"max-image-preview:large","max-video-preview":"max-video-preview:-1"},"canonical":"https:\/\/geoclimate.ge\/az\/product\/yuyt-above-ground-fuel-tank\/","og_locale":"az_AZ","og_type":"article","og_title":"YUYT - Yer\u00fcst\u00fc yanacaq \u00e7\u0259ni - GeoClimate.ge","og_description":"Epoksi \u00f6rt\u00fckl\u00fc, yer\u00fcst\u00fc yanacaq \u00e7\u0259nl\u0259ri  Yer\u00fcst\u00fc yanacaq \u00e7\u0259nl\u0259ri t\u0259hl\u00fck\u0259siz v\u0259 s\u0259m\u0259r\u0259li yanacaq saxlama h\u0259lli t\u0259klif edir. X\u00fcsusil\u0259 kommersiya v\u0259 s\u0259naye istifad\u0259si \u00fc\u00e7\u00fcn ideal olan bu \u00e7\u0259nl\u0259r y\u00fcks\u0259k keyfiyy\u0259tli materiallarla istehsal olunub v\u0259 m\u00fcxt\u0259lif iqlim \u015f\u0259raitin\u0259 tab g\u0259tirm\u0259k \u00fc\u00e7\u00fcn n\u0259z\u0259rd\u0259 tutulub. Tanklar m\u00f6h\u00fcrl\u0259m\u0259 v\u0259 t\u0259hl\u00fck\u0259sizlik t\u0259dbirl\u0259ri il\u0259 t\u0259chiz olunub v\u0259 istifad\u0259\u00e7inin ehtiyaclar\u0131na uy\u011fun olaraq f\u0259rdil\u0259\u015fdiril\u0259 bil\u0259r.","og_url":"https:\/\/geoclimate.ge\/az\/product\/yuyt-above-ground-fuel-tank\/","og_site_name":"GeoClimate.ge","article_modified_time":"2025-06-12T17:35:04+00:00","og_image":[{"width":800,"height":800,"url":"https:\/\/geoclimate.ge\/wp-content\/uploads\/2025\/06\/mg-20557622.jpg","type":"image\/jpeg"}],"twitter_card":"summary_large_image","twitter_misc":{"Est. reading time":"1 minute"},"schema":{"@context":"https:\/\/schema.org","@graph":[{"@type":"WebPage","@id":"https:\/\/geoclimate.ge\/az\/product\/yuyt-above-ground-fuel-tank\/","url":"https:\/\/geoclimate.ge\/az\/product\/yuyt-above-ground-fuel-tank\/","name":"YUYT - Yer\u00fcst\u00fc yanacaq \u00e7\u0259ni - GeoClimate.ge","isPartOf":{"@id":"https:\/\/geoclimate.ge\/#website"},"primaryImageOfPage":{"@id":"https:\/\/geoclimate.ge\/az\/product\/yuyt-above-ground-fuel-tank\/#primaryimage"},"image":{"@id":"https:\/\/geoclimate.ge\/az\/product\/yuyt-above-ground-fuel-tank\/#primaryimage"},"thumbnailUrl":"https:\/\/geoclimate.ge\/wp-content\/uploads\/2025\/06\/mg-20557622.jpg","datePublished":"2025-06-12T17:30:17+00:00","dateModified":"2025-06-12T17:35:04+00:00","breadcrumb":{"@id":"https:\/\/geoclimate.ge\/az\/product\/yuyt-above-ground-fuel-tank\/#breadcrumb"},"inLanguage":"az","potentialAction":[{"@type":"ReadAction","target":["https:\/\/geoclimate.ge\/az\/product\/yuyt-above-ground-fuel-tank\/"]}]},{"@type":"ImageObject","inLanguage":"az","@id":"https:\/\/geoclimate.ge\/az\/product\/yuyt-above-ground-fuel-tank\/#primaryimage","url":"https:\/\/geoclimate.ge\/wp-content\/uploads\/2025\/06\/mg-20557622.jpg","contentUrl":"https:\/\/geoclimate.ge\/wp-content\/uploads\/2025\/06\/mg-20557622.jpg","width":800,"height":800},{"@type":"BreadcrumbList","@id":"https:\/\/geoclimate.ge\/az\/product\/yuyt-above-ground-fuel-tank\/#breadcrumb","itemListElement":[{"@type":"ListItem","position":1,"name":"Home","item":"https:\/\/geoclimate.ge\/az\/"},{"@type":"ListItem","position":2,"name":"M\u0259hsullar","item":"https:\/\/geoclimate.ge\/az\/products\/"},{"@type":"ListItem","position":3,"name":"YUYT &#8211; Yer\u00fcst\u00fc yanacaq \u00e7\u0259ni"}]},{"@type":"WebSite","@id":"https:\/\/geoclimate.ge\/#website","url":"https:\/\/geoclimate.ge\/","name":"GeoClimate","description":"","publisher":{"@id":"https:\/\/geoclimate.ge\/#organization"},"potentialAction":[{"@type":"SearchAction","target":{"@type":"EntryPoint","urlTemplate":"https:\/\/geoclimate.ge\/?s={search_term_string}"},"query-input":{"@type":"PropertyValueSpecification","valueRequired":true,"valueName":"search_term_string"}}],"inLanguage":"az"},{"@type":"Organization","@id":"https:\/\/geoclimate.ge\/#organization","name":"GeoClimate","url":"https:\/\/geoclimate.ge\/","logo":{"@type":"ImageObject","inLanguage":"az","@id":"https:\/\/geoclimate.ge\/#\/schema\/logo\/image\/","url":"https:\/\/geoclimate.ge\/wp-content\/uploads\/2026\/03\/geoclimate-SEO.png","contentUrl":"https:\/\/geoclimate.ge\/wp-content\/uploads\/2026\/03\/geoclimate-SEO.png","width":1536,"height":1024,"caption":"GeoClimate"},"image":{"@id":"https:\/\/geoclimate.ge\/#\/schema\/logo\/image\/"}}]}},"_links":{"self":[{"href":"https:\/\/geoclimate.ge\/az\/wp-json\/wp\/v2\/product\/35655","targetHints":{"allow":["GET"]}}],"collection":[{"href":"https:\/\/geoclimate.ge\/az\/wp-json\/wp\/v2\/product"}],"about":[{"href":"https:\/\/geoclimate.ge\/az\/wp-json\/wp\/v2\/types\/product"}],"wp:featuredmedia":[{"embeddable":true,"href":"https:\/\/geoclimate.ge\/az\/wp-json\/wp\/v2\/media\/35600"}],"wp:attachment":[{"href":"https:\/\/geoclimate.ge\/az\/wp-json\/wp\/v2\/media?parent=35655"}],"wp:term":[{"taxonomy":"product_brand","embeddable":true,"href":"https:\/\/geoclimate.ge\/az\/wp-json\/wp\/v2\/product_brand?post=35655"},{"taxonomy":"product_cat","embeddable":true,"href":"https:\/\/geoclimate.ge\/az\/wp-json\/wp\/v2\/product_cat?post=35655"},{"taxonomy":"product_tag","embeddable":true,"href":"https:\/\/geoclimate.ge\/az\/wp-json\/wp\/v2\/product_tag?post=35655"}],"curies":[{"name":"wp","href":"https:\/\/api.w.org\/{rel}","templated":true}]}}