{"id":35725,"date":"2025-06-12T21:49:32","date_gmt":"2025-06-12T17:49:32","guid":{"rendered":"https:\/\/airsystems.ge\/shop\/product\/p-yuyt-above-ground-package-fuel-tank\/"},"modified":"2025-06-12T21:53:13","modified_gmt":"2025-06-12T17:53:13","slug":"p-yuyt-above-ground-package-fuel-tank","status":"publish","type":"product","link":"https:\/\/geoclimate.ge\/az\/product\/p-yuyt-above-ground-package-fuel-tank\/","title":{"rendered":"P-YUYT &#8211; Yer\u00fcst\u00fc Paket Yanacaq Anbar\u0131"},"content":{"rendered":"<p>T\u0259hl\u00fck\u0259siz Saxlama, \u00c7evik \u0130stehsal, Uzun\u00f6m\u00fcrl\u00fc H\u0259ll\u0259r<br \/>\nSt37 qara t\u0259b\u0259q\u0259 metal material<br \/>\nTS-EN-12285-2 standart\u0131na uy\u011fundur<br \/>\nAntikorozif \u00f6rt\u00fck v\u0259 son qat boya prosesl\u0259ri t\u0259tbiq olunur.<\/p>\n<p>Sektor \/ Sah\u0259 T\u0259sviri<br \/>\nYanacaqdoldurma m\u0259nt\u0259q\u0259l\u0259ri Dizel, benzin kimi yanacaqlar\u0131n saxlanmas\u0131 v\u0259 paylanmas\u0131.<\/p>\n<p>S\u0259naye Obyektl\u0259ri \u0130stehsal prosesl\u0259rind\u0259 istifad\u0259 olunan dizel, yanacaq-mazut kimi yanacaqlar\u0131n saxlanmas\u0131.<\/p>\n<p>Elektrik Stansiyalar\u0131 Ehtiyat yanacaq sisteml\u0259ri \u00fc\u00e7\u00fcn t\u0259hl\u00fck\u0259siz saxlama h\u0259ll\u0259ri.<br \/>\nK\u0259nd T\u0259s\u0259rr\u00fcfat\u0131 v\u0259 Heyvandarl\u0131q M\u00fc\u0259ssis\u0259l\u0259ri K\u0259nd t\u0259s\u0259rr\u00fcfat\u0131 ma\u015f\u0131nlar\u0131 v\u0259 istilik sisteml\u0259ri \u00fc\u00e7\u00fcn dizel anbar\u0131.<\/p>\n<p>Tikinti sah\u0259l\u0259ri v\u0259 tikinti sah\u0259l\u0259ri Mobil avadanl\u0131qlar \u00fc\u00e7\u00fcn m\u00fcv\u0259qq\u0259ti yanacaq anbar\u0131.<\/p>\n<p>X\u0259st\u0259xanalar v\u0259 Otell\u0259r T\u0259cili generatorlar \u00fc\u00e7\u00fcn davaml\u0131 yanacaq t\u0259chizat\u0131.<\/p>\n<p>N\u0259qliyyat v\u0259 Logistika \u015eirk\u0259tl\u0259ri Avtomobil parklar\u0131 \u00fc\u00e7\u00fcn m\u0259rk\u0259zl\u0259\u015fdirilmi\u015f yanacaq t\u0259chizat\u0131 sisteml\u0259ri.<\/p>\n<p>B\u0259l\u0259diyy\u0259l\u0259r v\u0259 D\u00f6vl\u0259t Qurumlar\u0131 Avtomobil v\u0259 avadanl\u0131qlar\u0131n yanacaq doldurma m\u0259qs\u0259dl\u0259ri \u00fc\u00e7\u00fcn.<br \/>\nT\u0259hl\u00fck\u0259siz, davaml\u0131 v\u0259 f\u0259rdil\u0259\u015fdirilmi\u015f saxlama h\u0259ll\u0259ri \u00fc\u00e7\u00fcn biziml\u0259 \u0259laq\u0259 saxlay\u0131n. H\u0259r bir layih\u0259y\u0259 m\u00fch\u0259ndislik n\u00f6qteyi-n\u0259z\u0259rind\u0259n yana\u015f\u0131r v\u0259 \u0259n uy\u011fun h\u0259lli birlikd\u0259 inki\u015faf etdiririk.<\/p>\n","protected":false},"excerpt":{"rendered":"<p>UV davaml\u0131 poliuretan \u0259sasl\u0131 v\u0259 epoksi \u00f6rt\u00fckl\u00fc, \u00fcf\u00fcqi silindrik yer\u00fcst\u00fc yanacaq \u00e7\u0259nl\u0259ri<\/p>\n<p>\u015eirk\u0259timiz TS EN 12285-2 standart\u0131na uy\u011fun olaraq yer\u00fcst\u00fc yanacaq \u00e7\u0259nl\u0259rinin istehsal\u0131 il\u0259 t\u0259hl\u00fck\u0259siz, davaml\u0131 v\u0259 f\u0259rdi h\u0259ll\u0259r t\u0259klif edir. Tanklar m\u00f6h\u00fcrl\u0259m\u0259 v\u0259 t\u0259hl\u00fck\u0259sizlik t\u0259dbirl\u0259ri il\u0259 t\u0259chiz olunub v\u0259 istifad\u0259\u00e7inin ehtiyaclar\u0131na uy\u011fun olaraq f\u0259rdil\u0259\u015fdiril\u0259 bil\u0259r. \u0130stehsal m\u00fc\u015ft\u0259ril\u0259rin t\u0259l\u0259bl\u0259rin\u0259 uy\u011fun olaraq m\u00fcxt\u0259lif diametr v\u0259 uzunluq \u00f6l\u00e7\u00fcl\u0259rind\u0259 h\u0259yata ke\u00e7iril\u0259 bil\u0259r.<\/p>\n","protected":false},"featured_media":35714,"template":"","meta":[],"product_brand":[],"product_cat":[1737,1761],"product_tag":[],"class_list":{"0":"post-35725","1":"product","2":"type-product","3":"status-publish","4":"has-post-thumbnail","6":"product_cat-snaye-buxar-qazani-qazanlar","7":"product_cat-yanacaq-cni-tanklar","9":"first","10":"instock","11":"shipping-taxable","12":"product-type-simple"},"yoast_head":"<!-- This site is optimized with the Yoast SEO plugin v27.1.1 - https:\/\/yoast.com\/product\/yoast-seo-wordpress\/ -->\n<title>P-YUYT - Yer\u00fcst\u00fc Paket Yanacaq Anbar\u0131 - GeoClimate.ge<\/title>\n<meta name=\"robots\" content=\"index, follow, max-snippet:-1, max-image-preview:large, max-video-preview:-1\" \/>\n<link rel=\"canonical\" href=\"https:\/\/geoclimate.ge\/az\/product\/p-yuyt-above-ground-package-fuel-tank\/\" \/>\n<meta property=\"og:locale\" content=\"az_AZ\" \/>\n<meta property=\"og:type\" content=\"article\" \/>\n<meta property=\"og:title\" content=\"P-YUYT - Yer\u00fcst\u00fc Paket Yanacaq Anbar\u0131 - GeoClimate.ge\" \/>\n<meta property=\"og:description\" content=\"UV davaml\u0131 poliuretan \u0259sasl\u0131 v\u0259 epoksi \u00f6rt\u00fckl\u00fc, \u00fcf\u00fcqi silindrik yer\u00fcst\u00fc yanacaq \u00e7\u0259nl\u0259ri  \u015eirk\u0259timiz TS EN 12285-2 standart\u0131na uy\u011fun olaraq yer\u00fcst\u00fc yanacaq \u00e7\u0259nl\u0259rinin istehsal\u0131 il\u0259 t\u0259hl\u00fck\u0259siz, davaml\u0131 v\u0259 f\u0259rdi h\u0259ll\u0259r t\u0259klif edir. Tanklar m\u00f6h\u00fcrl\u0259m\u0259 v\u0259 t\u0259hl\u00fck\u0259sizlik t\u0259dbirl\u0259ri il\u0259 t\u0259chiz olunub v\u0259 istifad\u0259\u00e7inin ehtiyaclar\u0131na uy\u011fun olaraq f\u0259rdil\u0259\u015fdiril\u0259 bil\u0259r. \u0130stehsal m\u00fc\u015ft\u0259ril\u0259rin t\u0259l\u0259bl\u0259rin\u0259 uy\u011fun olaraq m\u00fcxt\u0259lif diametr v\u0259 uzunluq \u00f6l\u00e7\u00fcl\u0259rind\u0259 h\u0259yata ke\u00e7iril\u0259 bil\u0259r.\" \/>\n<meta property=\"og:url\" content=\"https:\/\/geoclimate.ge\/az\/product\/p-yuyt-above-ground-package-fuel-tank\/\" \/>\n<meta property=\"og:site_name\" content=\"GeoClimate.ge\" \/>\n<meta property=\"article:modified_time\" content=\"2025-06-12T17:53:13+00:00\" \/>\n<meta property=\"og:image\" content=\"https:\/\/geoclimate.ge\/wp-content\/uploads\/2025\/06\/92fc2729-cc00-49fe-90f5-4dec4cd38a258856.jpg\" \/>\n\t<meta property=\"og:image:width\" content=\"800\" \/>\n\t<meta property=\"og:image:height\" content=\"800\" \/>\n\t<meta property=\"og:image:type\" content=\"image\/jpeg\" \/>\n<meta name=\"twitter:card\" content=\"summary_large_image\" \/>\n<meta name=\"twitter:label1\" content=\"Est. reading time\" \/>\n\t<meta name=\"twitter:data1\" content=\"1 minute\" \/>\n<script type=\"application\/ld+json\" class=\"yoast-schema-graph\">{\"@context\":\"https:\/\/schema.org\",\"@graph\":[{\"@type\":\"WebPage\",\"@id\":\"https:\/\/geoclimate.ge\/az\/product\/p-yuyt-above-ground-package-fuel-tank\/\",\"url\":\"https:\/\/geoclimate.ge\/az\/product\/p-yuyt-above-ground-package-fuel-tank\/\",\"name\":\"P-YUYT - Yer\u00fcst\u00fc Paket Yanacaq Anbar\u0131 - GeoClimate.ge\",\"isPartOf\":{\"@id\":\"https:\/\/geoclimate.ge\/#website\"},\"primaryImageOfPage\":{\"@id\":\"https:\/\/geoclimate.ge\/az\/product\/p-yuyt-above-ground-package-fuel-tank\/#primaryimage\"},\"image\":{\"@id\":\"https:\/\/geoclimate.ge\/az\/product\/p-yuyt-above-ground-package-fuel-tank\/#primaryimage\"},\"thumbnailUrl\":\"https:\/\/geoclimate.ge\/wp-content\/uploads\/2025\/06\/92fc2729-cc00-49fe-90f5-4dec4cd38a258856.jpg\",\"datePublished\":\"2025-06-12T17:49:32+00:00\",\"dateModified\":\"2025-06-12T17:53:13+00:00\",\"breadcrumb\":{\"@id\":\"https:\/\/geoclimate.ge\/az\/product\/p-yuyt-above-ground-package-fuel-tank\/#breadcrumb\"},\"inLanguage\":\"az\",\"potentialAction\":[{\"@type\":\"ReadAction\",\"target\":[\"https:\/\/geoclimate.ge\/az\/product\/p-yuyt-above-ground-package-fuel-tank\/\"]}]},{\"@type\":\"ImageObject\",\"inLanguage\":\"az\",\"@id\":\"https:\/\/geoclimate.ge\/az\/product\/p-yuyt-above-ground-package-fuel-tank\/#primaryimage\",\"url\":\"https:\/\/geoclimate.ge\/wp-content\/uploads\/2025\/06\/92fc2729-cc00-49fe-90f5-4dec4cd38a258856.jpg\",\"contentUrl\":\"https:\/\/geoclimate.ge\/wp-content\/uploads\/2025\/06\/92fc2729-cc00-49fe-90f5-4dec4cd38a258856.jpg\",\"width\":800,\"height\":800},{\"@type\":\"BreadcrumbList\",\"@id\":\"https:\/\/geoclimate.ge\/az\/product\/p-yuyt-above-ground-package-fuel-tank\/#breadcrumb\",\"itemListElement\":[{\"@type\":\"ListItem\",\"position\":1,\"name\":\"Home\",\"item\":\"https:\/\/geoclimate.ge\/az\/\"},{\"@type\":\"ListItem\",\"position\":2,\"name\":\"M\u0259hsullar\",\"item\":\"https:\/\/geoclimate.ge\/az\/products\/\"},{\"@type\":\"ListItem\",\"position\":3,\"name\":\"P-YUYT &#8211; Yer\u00fcst\u00fc Paket Yanacaq Anbar\u0131\"}]},{\"@type\":\"WebSite\",\"@id\":\"https:\/\/geoclimate.ge\/#website\",\"url\":\"https:\/\/geoclimate.ge\/\",\"name\":\"GeoClimate\",\"description\":\"\",\"publisher\":{\"@id\":\"https:\/\/geoclimate.ge\/#organization\"},\"potentialAction\":[{\"@type\":\"SearchAction\",\"target\":{\"@type\":\"EntryPoint\",\"urlTemplate\":\"https:\/\/geoclimate.ge\/?s={search_term_string}\"},\"query-input\":{\"@type\":\"PropertyValueSpecification\",\"valueRequired\":true,\"valueName\":\"search_term_string\"}}],\"inLanguage\":\"az\"},{\"@type\":\"Organization\",\"@id\":\"https:\/\/geoclimate.ge\/#organization\",\"name\":\"GeoClimate\",\"url\":\"https:\/\/geoclimate.ge\/\",\"logo\":{\"@type\":\"ImageObject\",\"inLanguage\":\"az\",\"@id\":\"https:\/\/geoclimate.ge\/#\/schema\/logo\/image\/\",\"url\":\"https:\/\/geoclimate.ge\/wp-content\/uploads\/2026\/03\/geoclimate-SEO.png\",\"contentUrl\":\"https:\/\/geoclimate.ge\/wp-content\/uploads\/2026\/03\/geoclimate-SEO.png\",\"width\":1536,\"height\":1024,\"caption\":\"GeoClimate\"},\"image\":{\"@id\":\"https:\/\/geoclimate.ge\/#\/schema\/logo\/image\/\"}}]}<\/script>\n<!-- \/ Yoast SEO plugin. -->","yoast_head_json":{"title":"P-YUYT - Yer\u00fcst\u00fc Paket Yanacaq Anbar\u0131 - GeoClimate.ge","robots":{"index":"index","follow":"follow","max-snippet":"max-snippet:-1","max-image-preview":"max-image-preview:large","max-video-preview":"max-video-preview:-1"},"canonical":"https:\/\/geoclimate.ge\/az\/product\/p-yuyt-above-ground-package-fuel-tank\/","og_locale":"az_AZ","og_type":"article","og_title":"P-YUYT - Yer\u00fcst\u00fc Paket Yanacaq Anbar\u0131 - GeoClimate.ge","og_description":"UV davaml\u0131 poliuretan \u0259sasl\u0131 v\u0259 epoksi \u00f6rt\u00fckl\u00fc, \u00fcf\u00fcqi silindrik yer\u00fcst\u00fc yanacaq \u00e7\u0259nl\u0259ri  \u015eirk\u0259timiz TS EN 12285-2 standart\u0131na uy\u011fun olaraq yer\u00fcst\u00fc yanacaq \u00e7\u0259nl\u0259rinin istehsal\u0131 il\u0259 t\u0259hl\u00fck\u0259siz, davaml\u0131 v\u0259 f\u0259rdi h\u0259ll\u0259r t\u0259klif edir. Tanklar m\u00f6h\u00fcrl\u0259m\u0259 v\u0259 t\u0259hl\u00fck\u0259sizlik t\u0259dbirl\u0259ri il\u0259 t\u0259chiz olunub v\u0259 istifad\u0259\u00e7inin ehtiyaclar\u0131na uy\u011fun olaraq f\u0259rdil\u0259\u015fdiril\u0259 bil\u0259r. \u0130stehsal m\u00fc\u015ft\u0259ril\u0259rin t\u0259l\u0259bl\u0259rin\u0259 uy\u011fun olaraq m\u00fcxt\u0259lif diametr v\u0259 uzunluq \u00f6l\u00e7\u00fcl\u0259rind\u0259 h\u0259yata ke\u00e7iril\u0259 bil\u0259r.","og_url":"https:\/\/geoclimate.ge\/az\/product\/p-yuyt-above-ground-package-fuel-tank\/","og_site_name":"GeoClimate.ge","article_modified_time":"2025-06-12T17:53:13+00:00","og_image":[{"width":800,"height":800,"url":"https:\/\/geoclimate.ge\/wp-content\/uploads\/2025\/06\/92fc2729-cc00-49fe-90f5-4dec4cd38a258856.jpg","type":"image\/jpeg"}],"twitter_card":"summary_large_image","twitter_misc":{"Est. reading time":"1 minute"},"schema":{"@context":"https:\/\/schema.org","@graph":[{"@type":"WebPage","@id":"https:\/\/geoclimate.ge\/az\/product\/p-yuyt-above-ground-package-fuel-tank\/","url":"https:\/\/geoclimate.ge\/az\/product\/p-yuyt-above-ground-package-fuel-tank\/","name":"P-YUYT - Yer\u00fcst\u00fc Paket Yanacaq Anbar\u0131 - GeoClimate.ge","isPartOf":{"@id":"https:\/\/geoclimate.ge\/#website"},"primaryImageOfPage":{"@id":"https:\/\/geoclimate.ge\/az\/product\/p-yuyt-above-ground-package-fuel-tank\/#primaryimage"},"image":{"@id":"https:\/\/geoclimate.ge\/az\/product\/p-yuyt-above-ground-package-fuel-tank\/#primaryimage"},"thumbnailUrl":"https:\/\/geoclimate.ge\/wp-content\/uploads\/2025\/06\/92fc2729-cc00-49fe-90f5-4dec4cd38a258856.jpg","datePublished":"2025-06-12T17:49:32+00:00","dateModified":"2025-06-12T17:53:13+00:00","breadcrumb":{"@id":"https:\/\/geoclimate.ge\/az\/product\/p-yuyt-above-ground-package-fuel-tank\/#breadcrumb"},"inLanguage":"az","potentialAction":[{"@type":"ReadAction","target":["https:\/\/geoclimate.ge\/az\/product\/p-yuyt-above-ground-package-fuel-tank\/"]}]},{"@type":"ImageObject","inLanguage":"az","@id":"https:\/\/geoclimate.ge\/az\/product\/p-yuyt-above-ground-package-fuel-tank\/#primaryimage","url":"https:\/\/geoclimate.ge\/wp-content\/uploads\/2025\/06\/92fc2729-cc00-49fe-90f5-4dec4cd38a258856.jpg","contentUrl":"https:\/\/geoclimate.ge\/wp-content\/uploads\/2025\/06\/92fc2729-cc00-49fe-90f5-4dec4cd38a258856.jpg","width":800,"height":800},{"@type":"BreadcrumbList","@id":"https:\/\/geoclimate.ge\/az\/product\/p-yuyt-above-ground-package-fuel-tank\/#breadcrumb","itemListElement":[{"@type":"ListItem","position":1,"name":"Home","item":"https:\/\/geoclimate.ge\/az\/"},{"@type":"ListItem","position":2,"name":"M\u0259hsullar","item":"https:\/\/geoclimate.ge\/az\/products\/"},{"@type":"ListItem","position":3,"name":"P-YUYT &#8211; Yer\u00fcst\u00fc Paket Yanacaq Anbar\u0131"}]},{"@type":"WebSite","@id":"https:\/\/geoclimate.ge\/#website","url":"https:\/\/geoclimate.ge\/","name":"GeoClimate","description":"","publisher":{"@id":"https:\/\/geoclimate.ge\/#organization"},"potentialAction":[{"@type":"SearchAction","target":{"@type":"EntryPoint","urlTemplate":"https:\/\/geoclimate.ge\/?s={search_term_string}"},"query-input":{"@type":"PropertyValueSpecification","valueRequired":true,"valueName":"search_term_string"}}],"inLanguage":"az"},{"@type":"Organization","@id":"https:\/\/geoclimate.ge\/#organization","name":"GeoClimate","url":"https:\/\/geoclimate.ge\/","logo":{"@type":"ImageObject","inLanguage":"az","@id":"https:\/\/geoclimate.ge\/#\/schema\/logo\/image\/","url":"https:\/\/geoclimate.ge\/wp-content\/uploads\/2026\/03\/geoclimate-SEO.png","contentUrl":"https:\/\/geoclimate.ge\/wp-content\/uploads\/2026\/03\/geoclimate-SEO.png","width":1536,"height":1024,"caption":"GeoClimate"},"image":{"@id":"https:\/\/geoclimate.ge\/#\/schema\/logo\/image\/"}}]}},"_links":{"self":[{"href":"https:\/\/geoclimate.ge\/az\/wp-json\/wp\/v2\/product\/35725","targetHints":{"allow":["GET"]}}],"collection":[{"href":"https:\/\/geoclimate.ge\/az\/wp-json\/wp\/v2\/product"}],"about":[{"href":"https:\/\/geoclimate.ge\/az\/wp-json\/wp\/v2\/types\/product"}],"wp:featuredmedia":[{"embeddable":true,"href":"https:\/\/geoclimate.ge\/az\/wp-json\/wp\/v2\/media\/35714"}],"wp:attachment":[{"href":"https:\/\/geoclimate.ge\/az\/wp-json\/wp\/v2\/media?parent=35725"}],"wp:term":[{"taxonomy":"product_brand","embeddable":true,"href":"https:\/\/geoclimate.ge\/az\/wp-json\/wp\/v2\/product_brand?post=35725"},{"taxonomy":"product_cat","embeddable":true,"href":"https:\/\/geoclimate.ge\/az\/wp-json\/wp\/v2\/product_cat?post=35725"},{"taxonomy":"product_tag","embeddable":true,"href":"https:\/\/geoclimate.ge\/az\/wp-json\/wp\/v2\/product_tag?post=35725"}],"curies":[{"name":"wp","href":"https:\/\/api.w.org\/{rel}","templated":true}]}}