{"id":35803,"date":"2025-06-14T13:29:11","date_gmt":"2025-06-14T09:29:11","guid":{"rendered":"https:\/\/airsystems.ge\/shop\/product\/bsk-three-pass-hot-water-boiler\/"},"modified":"2025-06-14T13:36:30","modified_gmt":"2025-06-14T09:36:30","slug":"bsk-three-pass-hot-water-boiler","status":"publish","type":"product","link":"https:\/\/geoclimate.ge\/az\/product\/bsk-three-pass-hot-water-boiler\/","title":{"rendered":"BSK &#8211; \u00dc\u00e7 ke\u00e7idli isti su qazan\u0131"},"content":{"rendered":"<p>Y\u00fcks\u0259k S\u0259m\u0259r\u0259lilik, Etibarl\u0131 \u0130stilik<\/p>\n<p>\u0130sti su qazanlar\u0131 m\u0259rk\u0259zi istilik v\u0259 s\u0259naye isti su ehtiyaclar\u0131nda y\u00fcks\u0259k m\u0259hsuldarl\u0131qla i\u015fl\u0259y\u0259r\u0259k m\u00fc\u0259ssis\u0259l\u0259r\u0259 yanaca\u011fa q\u0259na\u0259t edir. \u018ftraf m\u00fchit\u0259 uy\u011fun dizayn\u0131 say\u0259sind\u0259 karbon ayaq izinin azald\u0131lmas\u0131na t\u00f6hf\u0259 verir.<\/p>\n","protected":false},"excerpt":{"rendered":"<p>Maye v\u0259 Qaz Yanacaql\u0131, \u00dc\u00e7 Ke\u00e7idli, \u0130sti Su Qazan\u0131<\/p>\n<p>Y\u00fcks\u0259k \u0130stilik Transferi: Geni\u015f s\u0259th sah\u0259si say\u0259sind\u0259 b\u00fct\u00fcn i\u015f \u015f\u0259raitind\u0259 y\u00fcks\u0259k m\u0259hsuldarl\u0131q t\u0259min edir.<br \/>\nS\u0259m\u0259r\u0259lilik d\u0259r\u0259c\u0259si: 90-94% aras\u0131nda y\u00fcks\u0259k s\u0259m\u0259r\u0259lilik t\u0259klif ed\u0259r\u0259k enerjiy\u0259 q\u0259na\u0259ti art\u0131r\u0131r.<br \/>\nNominal g\u00fcc diapazonu: 93 kVt &#8211; 2,326 kVt g\u00fcc diapazonuna malikdir, m\u00fcxt\u0259lif \u00f6l\u00e7\u00fcl\u00fc t\u0259tbiql\u0259r \u00fc\u00e7\u00fcn uy\u011fundur.<br \/>\n\u0130\u015fl\u0259m\u0259 t\u0259zyiqi: 3-10 bar<br \/>\nM\u00fcxt\u0259lif Yanacaq Se\u00e7iml\u0259ri: T\u0259bii qaz, mazut kimi m\u00fcxt\u0259lif qaz v\u0259 ya maye yanacaq n\u00f6vl\u0259ri il\u0259 i\u015fl\u0259m\u0259k imkan\u0131 verir.<br \/>\nA\u015fa\u011f\u0131 Emissiya D\u0259y\u0259rl\u0259ri: \u00dc\u00e7 ke\u00e7idli dizayn\u0131 say\u0259sind\u0259 a\u015fa\u011f\u0131 emissiya d\u0259y\u0259rl\u0259ri t\u0259min edir.<br \/>\nStandartlara uy\u011fun istehsal: Avropa Birliyi v\u0259 milli standartlara (AB 2016\/426\/EU, TS EN 303, TS 497) uy\u011fun olaraq istehsal edilmi\u015fdir.<br \/>\nA\u015fa\u011f\u0131 Bax\u0131m T\u0259l\u0259bl\u0259ri: Dayan\u0131ql\u0131 v\u0259 sad\u0259 dizayn\u0131 say\u0259sind\u0259 texniki xidm\u0259t x\u0259rcl\u0259ri a\u015fa\u011f\u0131d\u0131r.<\/p>\n","protected":false},"featured_media":35780,"template":"","meta":[],"product_brand":[],"product_cat":[1742,1737],"product_tag":[],"class_list":{"0":"post-35803","1":"product","2":"type-product","3":"status-publish","4":"has-post-thumbnail","6":"product_cat-isti-su-qazani-qazanlar","7":"product_cat-snaye-buxar-qazani-qazanlar","9":"first","10":"instock","11":"shipping-taxable","12":"product-type-simple"},"yoast_head":"<!-- This site is optimized with the Yoast SEO plugin v27.1.1 - https:\/\/yoast.com\/product\/yoast-seo-wordpress\/ -->\n<title>BSK - \u00dc\u00e7 ke\u00e7idli isti su qazan\u0131 - GeoClimate.ge<\/title>\n<meta name=\"robots\" content=\"index, follow, max-snippet:-1, max-image-preview:large, max-video-preview:-1\" \/>\n<link rel=\"canonical\" href=\"https:\/\/geoclimate.ge\/az\/product\/bsk-three-pass-hot-water-boiler\/\" \/>\n<meta property=\"og:locale\" content=\"az_AZ\" \/>\n<meta property=\"og:type\" content=\"article\" \/>\n<meta property=\"og:title\" content=\"BSK - \u00dc\u00e7 ke\u00e7idli isti su qazan\u0131 - GeoClimate.ge\" \/>\n<meta property=\"og:description\" content=\"Maye v\u0259 Qaz Yanacaql\u0131, \u00dc\u00e7 Ke\u00e7idli, \u0130sti Su Qazan\u0131  Y\u00fcks\u0259k \u0130stilik Transferi: Geni\u015f s\u0259th sah\u0259si say\u0259sind\u0259 b\u00fct\u00fcn i\u015f \u015f\u0259raitind\u0259 y\u00fcks\u0259k m\u0259hsuldarl\u0131q t\u0259min edir. S\u0259m\u0259r\u0259lilik d\u0259r\u0259c\u0259si: 90-94% aras\u0131nda y\u00fcks\u0259k s\u0259m\u0259r\u0259lilik t\u0259klif ed\u0259r\u0259k enerjiy\u0259 q\u0259na\u0259ti art\u0131r\u0131r. Nominal g\u00fcc diapazonu: 93 kVt - 2,326 kVt g\u00fcc diapazonuna malikdir, m\u00fcxt\u0259lif \u00f6l\u00e7\u00fcl\u00fc t\u0259tbiql\u0259r \u00fc\u00e7\u00fcn uy\u011fundur. \u0130\u015fl\u0259m\u0259 t\u0259zyiqi: 3-10 bar M\u00fcxt\u0259lif Yanacaq Se\u00e7iml\u0259ri: T\u0259bii qaz, mazut kimi m\u00fcxt\u0259lif qaz v\u0259 ya maye yanacaq n\u00f6vl\u0259ri il\u0259 i\u015fl\u0259m\u0259k imkan\u0131 verir. A\u015fa\u011f\u0131 Emissiya D\u0259y\u0259rl\u0259ri: \u00dc\u00e7 ke\u00e7idli dizayn\u0131 say\u0259sind\u0259 a\u015fa\u011f\u0131 emissiya d\u0259y\u0259rl\u0259ri t\u0259min edir. Standartlara uy\u011fun istehsal: Avropa Birliyi v\u0259 milli standartlara (AB 2016\/426\/EU, TS EN 303, TS 497) uy\u011fun olaraq istehsal edilmi\u015fdir. A\u015fa\u011f\u0131 Bax\u0131m T\u0259l\u0259bl\u0259ri: Dayan\u0131ql\u0131 v\u0259 sad\u0259 dizayn\u0131 say\u0259sind\u0259 texniki xidm\u0259t x\u0259rcl\u0259ri a\u015fa\u011f\u0131d\u0131r.\" \/>\n<meta property=\"og:url\" content=\"https:\/\/geoclimate.ge\/az\/product\/bsk-three-pass-hot-water-boiler\/\" \/>\n<meta property=\"og:site_name\" content=\"GeoClimate.ge\" \/>\n<meta property=\"article:modified_time\" content=\"2025-06-14T09:36:30+00:00\" \/>\n<meta property=\"og:image\" content=\"https:\/\/geoclimate.ge\/wp-content\/uploads\/2025\/06\/11untitled-14869.jpg\" \/>\n\t<meta property=\"og:image:width\" content=\"800\" \/>\n\t<meta property=\"og:image:height\" content=\"600\" \/>\n\t<meta property=\"og:image:type\" content=\"image\/jpeg\" \/>\n<meta name=\"twitter:card\" content=\"summary_large_image\" \/>\n<script type=\"application\/ld+json\" class=\"yoast-schema-graph\">{\"@context\":\"https:\/\/schema.org\",\"@graph\":[{\"@type\":\"WebPage\",\"@id\":\"https:\/\/geoclimate.ge\/az\/product\/bsk-three-pass-hot-water-boiler\/\",\"url\":\"https:\/\/geoclimate.ge\/az\/product\/bsk-three-pass-hot-water-boiler\/\",\"name\":\"BSK - \u00dc\u00e7 ke\u00e7idli isti su qazan\u0131 - GeoClimate.ge\",\"isPartOf\":{\"@id\":\"https:\/\/geoclimate.ge\/#website\"},\"primaryImageOfPage\":{\"@id\":\"https:\/\/geoclimate.ge\/az\/product\/bsk-three-pass-hot-water-boiler\/#primaryimage\"},\"image\":{\"@id\":\"https:\/\/geoclimate.ge\/az\/product\/bsk-three-pass-hot-water-boiler\/#primaryimage\"},\"thumbnailUrl\":\"https:\/\/geoclimate.ge\/wp-content\/uploads\/2025\/06\/11untitled-14869.jpg\",\"datePublished\":\"2025-06-14T09:29:11+00:00\",\"dateModified\":\"2025-06-14T09:36:30+00:00\",\"breadcrumb\":{\"@id\":\"https:\/\/geoclimate.ge\/az\/product\/bsk-three-pass-hot-water-boiler\/#breadcrumb\"},\"inLanguage\":\"az\",\"potentialAction\":[{\"@type\":\"ReadAction\",\"target\":[\"https:\/\/geoclimate.ge\/az\/product\/bsk-three-pass-hot-water-boiler\/\"]}]},{\"@type\":\"ImageObject\",\"inLanguage\":\"az\",\"@id\":\"https:\/\/geoclimate.ge\/az\/product\/bsk-three-pass-hot-water-boiler\/#primaryimage\",\"url\":\"https:\/\/geoclimate.ge\/wp-content\/uploads\/2025\/06\/11untitled-14869.jpg\",\"contentUrl\":\"https:\/\/geoclimate.ge\/wp-content\/uploads\/2025\/06\/11untitled-14869.jpg\",\"width\":800,\"height\":600},{\"@type\":\"BreadcrumbList\",\"@id\":\"https:\/\/geoclimate.ge\/az\/product\/bsk-three-pass-hot-water-boiler\/#breadcrumb\",\"itemListElement\":[{\"@type\":\"ListItem\",\"position\":1,\"name\":\"Home\",\"item\":\"https:\/\/geoclimate.ge\/az\/\"},{\"@type\":\"ListItem\",\"position\":2,\"name\":\"M\u0259hsullar\",\"item\":\"https:\/\/geoclimate.ge\/az\/products\/\"},{\"@type\":\"ListItem\",\"position\":3,\"name\":\"BSK &#8211; \u00dc\u00e7 ke\u00e7idli isti su qazan\u0131\"}]},{\"@type\":\"WebSite\",\"@id\":\"https:\/\/geoclimate.ge\/#website\",\"url\":\"https:\/\/geoclimate.ge\/\",\"name\":\"GeoClimate\",\"description\":\"\",\"publisher\":{\"@id\":\"https:\/\/geoclimate.ge\/#organization\"},\"potentialAction\":[{\"@type\":\"SearchAction\",\"target\":{\"@type\":\"EntryPoint\",\"urlTemplate\":\"https:\/\/geoclimate.ge\/?s={search_term_string}\"},\"query-input\":{\"@type\":\"PropertyValueSpecification\",\"valueRequired\":true,\"valueName\":\"search_term_string\"}}],\"inLanguage\":\"az\"},{\"@type\":\"Organization\",\"@id\":\"https:\/\/geoclimate.ge\/#organization\",\"name\":\"GeoClimate\",\"url\":\"https:\/\/geoclimate.ge\/\",\"logo\":{\"@type\":\"ImageObject\",\"inLanguage\":\"az\",\"@id\":\"https:\/\/geoclimate.ge\/#\/schema\/logo\/image\/\",\"url\":\"https:\/\/geoclimate.ge\/wp-content\/uploads\/2026\/03\/geoclimate-SEO.png\",\"contentUrl\":\"https:\/\/geoclimate.ge\/wp-content\/uploads\/2026\/03\/geoclimate-SEO.png\",\"width\":1536,\"height\":1024,\"caption\":\"GeoClimate\"},\"image\":{\"@id\":\"https:\/\/geoclimate.ge\/#\/schema\/logo\/image\/\"}}]}<\/script>\n<!-- \/ Yoast SEO plugin. -->","yoast_head_json":{"title":"BSK - \u00dc\u00e7 ke\u00e7idli isti su qazan\u0131 - GeoClimate.ge","robots":{"index":"index","follow":"follow","max-snippet":"max-snippet:-1","max-image-preview":"max-image-preview:large","max-video-preview":"max-video-preview:-1"},"canonical":"https:\/\/geoclimate.ge\/az\/product\/bsk-three-pass-hot-water-boiler\/","og_locale":"az_AZ","og_type":"article","og_title":"BSK - \u00dc\u00e7 ke\u00e7idli isti su qazan\u0131 - GeoClimate.ge","og_description":"Maye v\u0259 Qaz Yanacaql\u0131, \u00dc\u00e7 Ke\u00e7idli, \u0130sti Su Qazan\u0131  Y\u00fcks\u0259k \u0130stilik Transferi: Geni\u015f s\u0259th sah\u0259si say\u0259sind\u0259 b\u00fct\u00fcn i\u015f \u015f\u0259raitind\u0259 y\u00fcks\u0259k m\u0259hsuldarl\u0131q t\u0259min edir. S\u0259m\u0259r\u0259lilik d\u0259r\u0259c\u0259si: 90-94% aras\u0131nda y\u00fcks\u0259k s\u0259m\u0259r\u0259lilik t\u0259klif ed\u0259r\u0259k enerjiy\u0259 q\u0259na\u0259ti art\u0131r\u0131r. Nominal g\u00fcc diapazonu: 93 kVt - 2,326 kVt g\u00fcc diapazonuna malikdir, m\u00fcxt\u0259lif \u00f6l\u00e7\u00fcl\u00fc t\u0259tbiql\u0259r \u00fc\u00e7\u00fcn uy\u011fundur. \u0130\u015fl\u0259m\u0259 t\u0259zyiqi: 3-10 bar M\u00fcxt\u0259lif Yanacaq Se\u00e7iml\u0259ri: T\u0259bii qaz, mazut kimi m\u00fcxt\u0259lif qaz v\u0259 ya maye yanacaq n\u00f6vl\u0259ri il\u0259 i\u015fl\u0259m\u0259k imkan\u0131 verir. A\u015fa\u011f\u0131 Emissiya D\u0259y\u0259rl\u0259ri: \u00dc\u00e7 ke\u00e7idli dizayn\u0131 say\u0259sind\u0259 a\u015fa\u011f\u0131 emissiya d\u0259y\u0259rl\u0259ri t\u0259min edir. Standartlara uy\u011fun istehsal: Avropa Birliyi v\u0259 milli standartlara (AB 2016\/426\/EU, TS EN 303, TS 497) uy\u011fun olaraq istehsal edilmi\u015fdir. A\u015fa\u011f\u0131 Bax\u0131m T\u0259l\u0259bl\u0259ri: Dayan\u0131ql\u0131 v\u0259 sad\u0259 dizayn\u0131 say\u0259sind\u0259 texniki xidm\u0259t x\u0259rcl\u0259ri a\u015fa\u011f\u0131d\u0131r.","og_url":"https:\/\/geoclimate.ge\/az\/product\/bsk-three-pass-hot-water-boiler\/","og_site_name":"GeoClimate.ge","article_modified_time":"2025-06-14T09:36:30+00:00","og_image":[{"width":800,"height":600,"url":"https:\/\/geoclimate.ge\/wp-content\/uploads\/2025\/06\/11untitled-14869.jpg","type":"image\/jpeg"}],"twitter_card":"summary_large_image","schema":{"@context":"https:\/\/schema.org","@graph":[{"@type":"WebPage","@id":"https:\/\/geoclimate.ge\/az\/product\/bsk-three-pass-hot-water-boiler\/","url":"https:\/\/geoclimate.ge\/az\/product\/bsk-three-pass-hot-water-boiler\/","name":"BSK - \u00dc\u00e7 ke\u00e7idli isti su qazan\u0131 - GeoClimate.ge","isPartOf":{"@id":"https:\/\/geoclimate.ge\/#website"},"primaryImageOfPage":{"@id":"https:\/\/geoclimate.ge\/az\/product\/bsk-three-pass-hot-water-boiler\/#primaryimage"},"image":{"@id":"https:\/\/geoclimate.ge\/az\/product\/bsk-three-pass-hot-water-boiler\/#primaryimage"},"thumbnailUrl":"https:\/\/geoclimate.ge\/wp-content\/uploads\/2025\/06\/11untitled-14869.jpg","datePublished":"2025-06-14T09:29:11+00:00","dateModified":"2025-06-14T09:36:30+00:00","breadcrumb":{"@id":"https:\/\/geoclimate.ge\/az\/product\/bsk-three-pass-hot-water-boiler\/#breadcrumb"},"inLanguage":"az","potentialAction":[{"@type":"ReadAction","target":["https:\/\/geoclimate.ge\/az\/product\/bsk-three-pass-hot-water-boiler\/"]}]},{"@type":"ImageObject","inLanguage":"az","@id":"https:\/\/geoclimate.ge\/az\/product\/bsk-three-pass-hot-water-boiler\/#primaryimage","url":"https:\/\/geoclimate.ge\/wp-content\/uploads\/2025\/06\/11untitled-14869.jpg","contentUrl":"https:\/\/geoclimate.ge\/wp-content\/uploads\/2025\/06\/11untitled-14869.jpg","width":800,"height":600},{"@type":"BreadcrumbList","@id":"https:\/\/geoclimate.ge\/az\/product\/bsk-three-pass-hot-water-boiler\/#breadcrumb","itemListElement":[{"@type":"ListItem","position":1,"name":"Home","item":"https:\/\/geoclimate.ge\/az\/"},{"@type":"ListItem","position":2,"name":"M\u0259hsullar","item":"https:\/\/geoclimate.ge\/az\/products\/"},{"@type":"ListItem","position":3,"name":"BSK &#8211; \u00dc\u00e7 ke\u00e7idli isti su qazan\u0131"}]},{"@type":"WebSite","@id":"https:\/\/geoclimate.ge\/#website","url":"https:\/\/geoclimate.ge\/","name":"GeoClimate","description":"","publisher":{"@id":"https:\/\/geoclimate.ge\/#organization"},"potentialAction":[{"@type":"SearchAction","target":{"@type":"EntryPoint","urlTemplate":"https:\/\/geoclimate.ge\/?s={search_term_string}"},"query-input":{"@type":"PropertyValueSpecification","valueRequired":true,"valueName":"search_term_string"}}],"inLanguage":"az"},{"@type":"Organization","@id":"https:\/\/geoclimate.ge\/#organization","name":"GeoClimate","url":"https:\/\/geoclimate.ge\/","logo":{"@type":"ImageObject","inLanguage":"az","@id":"https:\/\/geoclimate.ge\/#\/schema\/logo\/image\/","url":"https:\/\/geoclimate.ge\/wp-content\/uploads\/2026\/03\/geoclimate-SEO.png","contentUrl":"https:\/\/geoclimate.ge\/wp-content\/uploads\/2026\/03\/geoclimate-SEO.png","width":1536,"height":1024,"caption":"GeoClimate"},"image":{"@id":"https:\/\/geoclimate.ge\/#\/schema\/logo\/image\/"}}]}},"_links":{"self":[{"href":"https:\/\/geoclimate.ge\/az\/wp-json\/wp\/v2\/product\/35803","targetHints":{"allow":["GET"]}}],"collection":[{"href":"https:\/\/geoclimate.ge\/az\/wp-json\/wp\/v2\/product"}],"about":[{"href":"https:\/\/geoclimate.ge\/az\/wp-json\/wp\/v2\/types\/product"}],"wp:featuredmedia":[{"embeddable":true,"href":"https:\/\/geoclimate.ge\/az\/wp-json\/wp\/v2\/media\/35780"}],"wp:attachment":[{"href":"https:\/\/geoclimate.ge\/az\/wp-json\/wp\/v2\/media?parent=35803"}],"wp:term":[{"taxonomy":"product_brand","embeddable":true,"href":"https:\/\/geoclimate.ge\/az\/wp-json\/wp\/v2\/product_brand?post=35803"},{"taxonomy":"product_cat","embeddable":true,"href":"https:\/\/geoclimate.ge\/az\/wp-json\/wp\/v2\/product_cat?post=35803"},{"taxonomy":"product_tag","embeddable":true,"href":"https:\/\/geoclimate.ge\/az\/wp-json\/wp\/v2\/product_tag?post=35803"}],"curies":[{"name":"wp","href":"https:\/\/api.w.org\/{rel}","templated":true}]}}